{"id":27460,"date":"2024-06-10T08:15:49","date_gmt":"2024-06-10T08:15:49","guid":{"rendered":"https:\/\/glowery.me\/versand\/"},"modified":"2025-05-12T15:46:49","modified_gmt":"2025-05-12T15:46:49","slug":"versand","status":"publish","type":"page","link":"https:\/\/glowery.me\/de\/versand\/","title":{"rendered":"Versand"},"content":{"rendered":"\t\t<div data-elementor-type=\"wp-page\" data-elementor-id=\"27460\" class=\"elementor elementor-27460 elementor-189\">\n\t\t\t\t<div class=\"elementor-element elementor-element-31841647 e-flex e-con-boxed ecomus-responsive-column ecomus-tablet-column--default ecomus-responsive-column ecomus-mobile-column--default ecomus-responsive-column ecomus-motion--var(--position) e-con e-parent\" data-id=\"31841647\" data-element_type=\"container\">\n\t\t\t\t\t<div class=\"e-con-inner\">\n\t\t<div class=\"elementor-element elementor-element-18fa894e e-con-full e-flex ecomus-responsive-column ecomus-tablet-column--default ecomus-responsive-column ecomus-mobile-column--default ecomus-responsive-column ecomus-motion--var(--position) e-con e-child\" data-id=\"18fa894e\" data-element_type=\"container\">\n\t\t\t\t<\/div>\n\t\t<div class=\"elementor-element elementor-element-31a854d8 e-con-full e-flex ecomus-responsive-column ecomus-tablet-column--default ecomus-responsive-column ecomus-mobile-column--default ecomus-responsive-column ecomus-motion--var(--position) e-con e-child\" data-id=\"31a854d8\" data-element_type=\"container\">\n\t\t\t\t<div class=\"elementor-element elementor-element-ae4de9d elementor-widget elementor-widget-text-editor\" data-id=\"ae4de9d\" data-element_type=\"widget\" data-widget_type=\"text-editor.default\">\n\t\t\t\t<div class=\"elementor-widget-container\">\n\t\t\t\t\t\t\t\t\t<p>Versandinformationen f\u00fcr Bestellungen innerhalb der EU<\/p><p>Wir versenden nur in Mitgliedsstaaten der Europ\u00e4ischen Union (EU).<\/p><p>Versanddienstleister<\/p><p>Die Lieferung erfolgt durch unseren europ\u00e4ischen Partner, direkt an Ihre Lieferadresse.<\/p><p>Lieferl\u00e4nder<\/p><p>\ud83d\udce6 Wir versenden nur in die EU.<br>\u274c Kein Versand in die Schweiz oder au\u00dferhalb der EU.<\/p><p>Lieferzeiten<\/p><p>Die Lieferzeiten sind in der Regel:<\/p><p>5-10 Arbeitstage ab Auftragsbest\u00e4tigung<\/p><p>Kosten f\u00fcr den Versand<\/p><p>Kostenloser Versand f\u00fcr Bestellungen \u00fcber \u20ac70<\/p><p>Unter \u20ac70: Die Versandkosten werden an der Kasse angezeigt.<\/p><p>Z\u00f6lle und Einfuhrz\u00f6lle<\/p><p>F\u00fcr Lieferungen innerhalb der EU fallen keine zus\u00e4tzlichen Zoll- oder Einfuhrgeb\u00fchren an.<\/p><p>Transportsch\u00e4den<\/p><p>Bitte pr\u00fcfen Sie die Ware bei Erhalt. Im Falle eines offensichtlichen Transportschadens kontaktieren Sie uns bitte sofort unter info@glowery.me mit Fotos der besch\u00e4digten Verpackung oder Ware. <\/p>\t\t\t\t\t\t\t\t<\/div>\n\t\t\t\t<\/div>\n\t\t\t\t<\/div>\n\t\t<div class=\"elementor-element elementor-element-287804ef e-con-full e-flex ecomus-responsive-column ecomus-tablet-column--default ecomus-responsive-column ecomus-mobile-column--default ecomus-responsive-column ecomus-motion--var(--position) e-con e-child\" data-id=\"287804ef\" data-element_type=\"container\">\n\t\t\t\t<\/div>\n\t\t\t\t\t<\/div>\n\t\t\t\t<\/div>\n\t\t\t\t<\/div>\n\t\t","protected":false},"excerpt":{"rendered":"<p>Versandinformationen f\u00fcr Bestellungen innerhalb der EU Wir versenden nur in Mitgliedsstaaten der Europ\u00e4ischen Union (EU). Versanddienstleister Die Lieferung erfolgt durch unseren europ\u00e4ischen Partner, direkt an Ihre Lieferadresse. Lieferl\u00e4nder \ud83d\udce6 Wir versenden nur in die EU.\u274c Kein Versand in die Schweiz oder au\u00dferhalb der EU. Lieferzeiten Die Lieferzeiten sind in der Regel: 5-10 Arbeitstage ab Auftragsbest\u00e4tigung [&hellip;]<\/p>\n","protected":false},"author":1,"featured_media":0,"parent":0,"menu_order":0,"comment_status":"closed","ping_status":"closed","template":"","meta":{"footnotes":""},"class_list":["post-27460","page","type-page","status-publish","hentry"],"yoast_head":"<!-- This site is optimized with the Yoast SEO plugin v25.3 - https:\/\/yoast.com\/wordpress\/plugins\/seo\/ -->\n<title>Versand - Glowery<\/title>\n<meta name=\"robots\" content=\"index, follow, max-snippet:-1, max-image-preview:large, max-video-preview:-1\" \/>\n<link rel=\"canonical\" href=\"https:\/\/glowery.me\/de\/versand\/\" \/>\n<meta property=\"og:locale\" content=\"de_DE\" \/>\n<meta property=\"og:type\" content=\"article\" \/>\n<meta property=\"og:title\" content=\"Versand - Glowery\" \/>\n<meta property=\"og:description\" content=\"Versandinformationen f\u00fcr Bestellungen innerhalb der EU Wir versenden nur in Mitgliedsstaaten der Europ\u00e4ischen Union (EU). Versanddienstleister Die Lieferung erfolgt durch unseren europ\u00e4ischen Partner, direkt an Ihre Lieferadresse. Lieferl\u00e4nder \ud83d\udce6 Wir versenden nur in die EU.\u274c Kein Versand in die Schweiz oder au\u00dferhalb der EU. Lieferzeiten Die Lieferzeiten sind in der Regel: 5-10 Arbeitstage ab Auftragsbest\u00e4tigung [&hellip;]\" \/>\n<meta property=\"og:url\" content=\"https:\/\/glowery.me\/de\/versand\/\" \/>\n<meta property=\"og:site_name\" content=\"Glowery\" \/>\n<meta property=\"article:publisher\" content=\"https:\/\/www.facebook.com\/profile.php?id=61575866108739\" \/>\n<meta property=\"article:modified_time\" content=\"2025-05-12T15:46:49+00:00\" \/>\n<meta property=\"og:image\" content=\"https:\/\/glowery.me\/wp-content\/uploads\/2025\/05\/Glowery-e1746421067847.png\" \/>\n\t<meta property=\"og:image:width\" content=\"494\" \/>\n\t<meta property=\"og:image:height\" content=\"146\" \/>\n\t<meta property=\"og:image:type\" content=\"image\/png\" \/>\n<meta name=\"twitter:card\" content=\"summary_large_image\" \/>\n<meta name=\"twitter:label1\" content=\"Gesch\u00e4tzte Lesezeit\" \/>\n\t<meta name=\"twitter:data1\" content=\"1\u00a0Minute\" \/>\n<script type=\"application\/ld+json\" class=\"yoast-schema-graph\">{\"@context\":\"https:\/\/schema.org\",\"@graph\":[{\"@type\":\"WebPage\",\"@id\":\"https:\/\/glowery.me\/de\/versand\/\",\"url\":\"https:\/\/glowery.me\/de\/versand\/\",\"name\":\"Versand - Glowery\",\"isPartOf\":{\"@id\":\"https:\/\/glowery.me\/#website\"},\"datePublished\":\"2024-06-10T08:15:49+00:00\",\"dateModified\":\"2025-05-12T15:46:49+00:00\",\"breadcrumb\":{\"@id\":\"https:\/\/glowery.me\/de\/versand\/#breadcrumb\"},\"inLanguage\":\"de\",\"potentialAction\":[{\"@type\":\"ReadAction\",\"target\":[\"https:\/\/glowery.me\/de\/versand\/\"]}]},{\"@type\":\"BreadcrumbList\",\"@id\":\"https:\/\/glowery.me\/de\/versand\/#breadcrumb\",\"itemListElement\":[{\"@type\":\"ListItem\",\"position\":1,\"name\":\"Home\",\"item\":\"https:\/\/glowery.me\/de\/startseite\/\"},{\"@type\":\"ListItem\",\"position\":2,\"name\":\"Versand\"}]},{\"@type\":\"WebSite\",\"@id\":\"https:\/\/glowery.me\/#website\",\"url\":\"https:\/\/glowery.me\/\",\"name\":\"Glowery\",\"description\":\"Stilvolle Essentials \u2013 von zeitlosem Schmuck \u00fcber elegante Taschen und Schuhe bis hin zu ausgew\u00e4hlten Kleidern und nat\u00fcrlicher Kosmetik.\",\"publisher\":{\"@id\":\"https:\/\/glowery.me\/#organization\"},\"potentialAction\":[{\"@type\":\"SearchAction\",\"target\":{\"@type\":\"EntryPoint\",\"urlTemplate\":\"https:\/\/glowery.me\/?s={search_term_string}\"},\"query-input\":{\"@type\":\"PropertyValueSpecification\",\"valueRequired\":true,\"valueName\":\"search_term_string\"}}],\"inLanguage\":\"de\"},{\"@type\":\"Organization\",\"@id\":\"https:\/\/glowery.me\/#organization\",\"name\":\"Glowery\",\"url\":\"https:\/\/glowery.me\/\",\"logo\":{\"@type\":\"ImageObject\",\"inLanguage\":\"de\",\"@id\":\"https:\/\/glowery.me\/#\/schema\/logo\/image\/\",\"url\":\"https:\/\/glowery.me\/wp-content\/uploads\/2025\/05\/Glowery-e1746421067847.png\",\"contentUrl\":\"https:\/\/glowery.me\/wp-content\/uploads\/2025\/05\/Glowery-e1746421067847.png\",\"width\":494,\"height\":146,\"caption\":\"Glowery\"},\"image\":{\"@id\":\"https:\/\/glowery.me\/#\/schema\/logo\/image\/\"},\"sameAs\":[\"https:\/\/www.facebook.com\/profile.php?id=61575866108739\",\"https:\/\/www.instagram.com\/glowery.me\",\"https:\/\/www.tiktok.com\/@glowery.me?_t=ZN-8wLhgUVkGCk&_r=1\"]}]}<\/script>\n<!-- \/ Yoast SEO plugin. -->","yoast_head_json":{"title":"Versand - Glowery","robots":{"index":"index","follow":"follow","max-snippet":"max-snippet:-1","max-image-preview":"max-image-preview:large","max-video-preview":"max-video-preview:-1"},"canonical":"https:\/\/glowery.me\/de\/versand\/","og_locale":"de_DE","og_type":"article","og_title":"Versand - Glowery","og_description":"Versandinformationen f\u00fcr Bestellungen innerhalb der EU Wir versenden nur in Mitgliedsstaaten der Europ\u00e4ischen Union (EU). Versanddienstleister Die Lieferung erfolgt durch unseren europ\u00e4ischen Partner, direkt an Ihre Lieferadresse. Lieferl\u00e4nder \ud83d\udce6 Wir versenden nur in die EU.\u274c Kein Versand in die Schweiz oder au\u00dferhalb der EU. Lieferzeiten Die Lieferzeiten sind in der Regel: 5-10 Arbeitstage ab Auftragsbest\u00e4tigung [&hellip;]","og_url":"https:\/\/glowery.me\/de\/versand\/","og_site_name":"Glowery","article_publisher":"https:\/\/www.facebook.com\/profile.php?id=61575866108739","article_modified_time":"2025-05-12T15:46:49+00:00","og_image":[{"width":494,"height":146,"url":"https:\/\/glowery.me\/wp-content\/uploads\/2025\/05\/Glowery-e1746421067847.png","type":"image\/png"}],"twitter_card":"summary_large_image","twitter_misc":{"Gesch\u00e4tzte Lesezeit":"1\u00a0Minute"},"schema":{"@context":"https:\/\/schema.org","@graph":[{"@type":"WebPage","@id":"https:\/\/glowery.me\/de\/versand\/","url":"https:\/\/glowery.me\/de\/versand\/","name":"Versand - Glowery","isPartOf":{"@id":"https:\/\/glowery.me\/#website"},"datePublished":"2024-06-10T08:15:49+00:00","dateModified":"2025-05-12T15:46:49+00:00","breadcrumb":{"@id":"https:\/\/glowery.me\/de\/versand\/#breadcrumb"},"inLanguage":"de","potentialAction":[{"@type":"ReadAction","target":["https:\/\/glowery.me\/de\/versand\/"]}]},{"@type":"BreadcrumbList","@id":"https:\/\/glowery.me\/de\/versand\/#breadcrumb","itemListElement":[{"@type":"ListItem","position":1,"name":"Home","item":"https:\/\/glowery.me\/de\/startseite\/"},{"@type":"ListItem","position":2,"name":"Versand"}]},{"@type":"WebSite","@id":"https:\/\/glowery.me\/#website","url":"https:\/\/glowery.me\/","name":"Glowery","description":"Stilvolle Essentials \u2013 von zeitlosem Schmuck \u00fcber elegante Taschen und Schuhe bis hin zu ausgew\u00e4hlten Kleidern und nat\u00fcrlicher Kosmetik.","publisher":{"@id":"https:\/\/glowery.me\/#organization"},"potentialAction":[{"@type":"SearchAction","target":{"@type":"EntryPoint","urlTemplate":"https:\/\/glowery.me\/?s={search_term_string}"},"query-input":{"@type":"PropertyValueSpecification","valueRequired":true,"valueName":"search_term_string"}}],"inLanguage":"de"},{"@type":"Organization","@id":"https:\/\/glowery.me\/#organization","name":"Glowery","url":"https:\/\/glowery.me\/","logo":{"@type":"ImageObject","inLanguage":"de","@id":"https:\/\/glowery.me\/#\/schema\/logo\/image\/","url":"https:\/\/glowery.me\/wp-content\/uploads\/2025\/05\/Glowery-e1746421067847.png","contentUrl":"https:\/\/glowery.me\/wp-content\/uploads\/2025\/05\/Glowery-e1746421067847.png","width":494,"height":146,"caption":"Glowery"},"image":{"@id":"https:\/\/glowery.me\/#\/schema\/logo\/image\/"},"sameAs":["https:\/\/www.facebook.com\/profile.php?id=61575866108739","https:\/\/www.instagram.com\/glowery.me","https:\/\/www.tiktok.com\/@glowery.me?_t=ZN-8wLhgUVkGCk&_r=1"]}]}},"jetpack_sharing_enabled":true,"_links":{"self":[{"href":"https:\/\/glowery.me\/de\/wp-json\/wp\/v2\/pages\/27460","targetHints":{"allow":["GET"]}}],"collection":[{"href":"https:\/\/glowery.me\/de\/wp-json\/wp\/v2\/pages"}],"about":[{"href":"https:\/\/glowery.me\/de\/wp-json\/wp\/v2\/types\/page"}],"author":[{"embeddable":true,"href":"https:\/\/glowery.me\/de\/wp-json\/wp\/v2\/users\/1"}],"replies":[{"embeddable":true,"href":"https:\/\/glowery.me\/de\/wp-json\/wp\/v2\/comments?post=27460"}],"version-history":[{"count":1,"href":"https:\/\/glowery.me\/de\/wp-json\/wp\/v2\/pages\/27460\/revisions"}],"predecessor-version":[{"id":27462,"href":"https:\/\/glowery.me\/de\/wp-json\/wp\/v2\/pages\/27460\/revisions\/27462"}],"wp:attachment":[{"href":"https:\/\/glowery.me\/de\/wp-json\/wp\/v2\/media?parent=27460"}],"curies":[{"name":"wp","href":"https:\/\/api.w.org\/{rel}","templated":true}]}}