{"id":27465,"date":"2024-06-10T08:15:29","date_gmt":"2024-06-10T08:15:29","guid":{"rendered":"https:\/\/glowery.me\/private-politik\/"},"modified":"2025-05-19T16:19:57","modified_gmt":"2025-05-19T16:19:57","slug":"private-politik","status":"publish","type":"page","link":"https:\/\/glowery.me\/de\/private-politik\/","title":{"rendered":"Datenschutzerkl\u00e4rung"},"content":{"rendered":"\t\t<div data-elementor-type=\"wp-page\" data-elementor-id=\"27465\" class=\"elementor elementor-27465 elementor-185\">\n\t\t\t\t<div class=\"elementor-element elementor-element-f0c432e e-flex e-con-boxed ecomus-responsive-column ecomus-tablet-column--default ecomus-responsive-column ecomus-mobile-column--default ecomus-responsive-column ecomus-motion--var(--position) e-con e-parent\" data-id=\"f0c432e\" data-element_type=\"container\">\n\t\t\t\t\t<div class=\"e-con-inner\">\n\t\t<div class=\"elementor-element elementor-element-6373f55 e-con-full e-flex ecomus-responsive-column ecomus-tablet-column--default ecomus-responsive-column ecomus-mobile-column--default ecomus-responsive-column ecomus-motion--var(--position) e-con e-child\" data-id=\"6373f55\" data-element_type=\"container\">\n\t\t\t\t<\/div>\n\t\t<div class=\"elementor-element elementor-element-20b2d96 e-con-full e-flex ecomus-responsive-column ecomus-tablet-column--default ecomus-responsive-column ecomus-mobile-column--default ecomus-responsive-column ecomus-motion--var(--position) e-con e-child\" data-id=\"20b2d96\" data-element_type=\"container\">\n\t\t\t\t<div class=\"elementor-element elementor-element-22906db elementor-widget elementor-widget-text-editor\" data-id=\"22906db\" data-element_type=\"widget\" data-widget_type=\"text-editor.default\">\n\t\t\t\t<div class=\"elementor-widget-container\">\n\t\t\t\t\t\t\t\t\t<p>Datenschutzpolitik in \u00dcbereinstimmung mit GDPR<\/p><p>Der Schutz Ihrer personenbezogenen Daten ist uns wichtig. Diese Datenschutzerkl\u00e4rung informiert Sie \u00fcber die Art, den Umfang und den Zweck der Verarbeitung personenbezogener Daten durch <\/p><p>Jaffa GmbH<br>M\u00fcllackerstrasse 10<br>8152 Glattbrugg<br>Schweiz<br>Email: info@glowery.me<br>Website: www.glowery.me<\/p><p>als der f\u00fcr die Verarbeitung Verantwortliche im Sinne der Datenschutzgesetze, insbesondere der EU-Datenschutzgrundverordnung (GDPR).<\/p><p>1. Allgemeine Informationen zur Datenverarbeitung<\/p><p>Wir verarbeiten die personenbezogenen Daten unserer Nutzer im Allgemeinen nur in dem Umfang, der f\u00fcr die Bereitstellung einer funktionsf\u00e4higen Website, f\u00fcr die Bearbeitung von Bestellungen und f\u00fcr Marketing- und Analysezwecke erforderlich ist. Diese Verarbeitung erfolgt auf der Grundlage der GDPR. <\/p><p>2. Welche Daten wir sammeln<\/p><p>Wir sammeln die folgenden Arten von Daten:<\/p><p>Bestandsdaten (z.B. Name, Adresse, E-Mail, Telefonnummer)<\/p><p>Vertragsdaten (z.B. bestellte Produkte, Lieferadresse, Zahlungen)<\/p><p>Nutzungsdaten (z.B. besuchte Seiten, Interaktionen)<\/p><p>Tracking-Daten (z.B. \u00fcber Cookies, IP-Adresse, Ger\u00e4tedaten)<\/p><p>3. Verwendungszwecke<\/p><p>Wir verwenden Ihre Daten f\u00fcr die folgenden Zwecke:<\/p><p>Bearbeitung von Bestellungen und Zahlungen<\/p><p>Kundenkommunikation (z.B. als Antwort auf Anfragen)<\/p><p>Versand von Newslettern (mit Zustimmung)<\/p><p>Implementierung von Werbekampagnen (Google Ads, Meta Ads, TikTok Ads)<\/p><p>Analyse des Nutzerverhaltens zur Optimierung unseres Shops (Google Analytics, Microsoft Clarity)<\/p><p>4. Rechtsgrundlage f\u00fcr die Verarbeitung<\/p><p>Art. 6 (1) (b) GDPR: Vertragserf\u00fcllung (z.B. Bestellungen)<\/p><p>Art. 6 (1) (a) GDPR: Einwilligung (z.B. Newsletter, Cookies)<\/p><p>Art. 6 (1) (f) GDPR: Berechtigtes Interesse (z.B. Marketing, Analyse)<\/p><p>5. Nutzung von Drittanbietern<\/p><p>a) Zahlungsabwicklung &#8211; Stripe<br>Wir verwenden Stripe f\u00fcr Kreditkartenzahlungen. Ihre Zahlungsdaten werden direkt an Stripe \u00fcbermittelt.<br>Datenschutz bei Stripe <\/p><p>b) Logistik<br>F\u00fcr den Versand \u00fcbermitteln wir die Bestelldaten an unseren in der EU ans\u00e4ssigen Logistikpartner.<\/p><p>c) Web-Analyse &amp; Verfolgung<\/p><p>Google Analytics (USA): zur Analyse des Nutzerverhaltens<\/p><p>Microsoft Clarity (USA): zur anonymen Aufzeichnung von Klicks und Mausbewegungen<\/p><p>Facebook Pixel \/ Meta Ads, Google Ads, TikTok Pixel: zur Analyse des Erfolgs von Werbekampagnen<\/p><p>Diese Dienste verwenden Cookies und \u00e4hnliche Technologien. Der Datentransfer in Drittl\u00e4nder wie die USA erfolgt auf der Grundlage von Standardvertragsklauseln der EU-Kommission. <\/p><p>d) Newsletter<br>Wenn Sie unseren Newsletter abonnieren, speichern wir Ihre E-Mail-Adresse und verwenden sie ausschlie\u00dflich, um Ihnen Informationen \u00fcber unsere Produkte zu schicken. Sie k\u00f6nnen den Newsletter jederzeit \u00fcber den Link in jeder E-Mail abbestellen. <\/p><p>6. Cookies<\/p><p>Wir verwenden Cookies, um Inhalte zu personalisieren, Funktionen f\u00fcr soziale Medien anzubieten und unsere Besucherzahlen zu analysieren. Wenn Sie unsere Website zum ersten Mal besuchen, werden wir Sie um Ihre Zustimmung bitten. <\/p><p>7. Lagerzeit<\/p><p>Wir speichern personenbezogene Daten nur so lange, wie es f\u00fcr die angegebenen Zwecke erforderlich ist oder wie es die gesetzlichen Aufbewahrungsfristen vorsehen.<\/p><p>8. Ihre Rechte<\/p><p>Sie haben das Recht dazu:<\/p><p>zu Informationen \u00fcber Ihre gespeicherten Daten<\/p><p>zur Berichtigung ungenauer Daten<\/p><p>auf L\u00f6schung (&#8222;Recht auf Vergessenwerden&#8220;)<\/p><p>zur Einschr\u00e4nkung der Verarbeitung<\/p><p>der Verarbeitung zu widersprechen<\/p><p>zur Daten\u00fcbertragbarkeit<\/p><p>zum Widerruf der Zustimmung<\/p><p>Kontaktieren Sie uns unter info@glowery.me<\/p><p>9. Kontaktaufnahme mit der Aufsichtsbeh\u00f6rde<\/p><p>Als Nutzer in der EU haben Sie das Recht, sich bei Ihrer zust\u00e4ndigen Datenschutzaufsichtsbeh\u00f6rde zu beschweren, wenn Sie glauben, dass Ihre Daten unrechtm\u00e4\u00dfig verarbeitet werden.<\/p>\t\t\t\t\t\t\t\t<\/div>\n\t\t\t\t<\/div>\n\t\t\t\t<\/div>\n\t\t<div class=\"elementor-element elementor-element-20dc6ac e-con-full e-flex ecomus-responsive-column ecomus-tablet-column--default ecomus-responsive-column ecomus-mobile-column--default ecomus-responsive-column ecomus-motion--var(--position) e-con e-child\" data-id=\"20dc6ac\" data-element_type=\"container\">\n\t\t\t\t<\/div>\n\t\t\t\t\t<\/div>\n\t\t\t\t<\/div>\n\t\t\t\t<\/div>\n\t\t","protected":false},"excerpt":{"rendered":"<p>Datenschutzpolitik in \u00dcbereinstimmung mit GDPR Der Schutz Ihrer personenbezogenen Daten ist uns wichtig. Diese Datenschutzerkl\u00e4rung informiert Sie \u00fcber die Art, den Umfang und den Zweck der Verarbeitung personenbezogener Daten durch Jaffa GmbHM\u00fcllackerstrasse 108152 GlattbruggSchweizEmail: info@glowery.meWebsite: www.glowery.me als der f\u00fcr die Verarbeitung Verantwortliche im Sinne der Datenschutzgesetze, insbesondere der EU-Datenschutzgrundverordnung (GDPR). 1. Allgemeine Informationen zur Datenverarbeitung [&hellip;]<\/p>\n","protected":false},"author":1,"featured_media":0,"parent":0,"menu_order":0,"comment_status":"closed","ping_status":"closed","template":"","meta":{"footnotes":""},"class_list":["post-27465","page","type-page","status-publish","hentry"],"yoast_head":"<!-- This site is optimized with the Yoast SEO plugin v25.3 - https:\/\/yoast.com\/wordpress\/plugins\/seo\/ -->\n<title>Datenschutzerkl\u00e4rung - Glowery<\/title>\n<meta name=\"robots\" content=\"index, follow, max-snippet:-1, max-image-preview:large, max-video-preview:-1\" \/>\n<link rel=\"canonical\" href=\"https:\/\/glowery.me\/de\/private-politik\/\" \/>\n<meta property=\"og:locale\" content=\"de_DE\" \/>\n<meta property=\"og:type\" content=\"article\" \/>\n<meta property=\"og:title\" content=\"Datenschutzerkl\u00e4rung - Glowery\" \/>\n<meta property=\"og:description\" content=\"Datenschutzpolitik in \u00dcbereinstimmung mit GDPR Der Schutz Ihrer personenbezogenen Daten ist uns wichtig. Diese Datenschutzerkl\u00e4rung informiert Sie \u00fcber die Art, den Umfang und den Zweck der Verarbeitung personenbezogener Daten durch Jaffa GmbHM\u00fcllackerstrasse 108152 GlattbruggSchweizEmail: info@glowery.meWebsite: www.glowery.me als der f\u00fcr die Verarbeitung Verantwortliche im Sinne der Datenschutzgesetze, insbesondere der EU-Datenschutzgrundverordnung (GDPR). 1. Allgemeine Informationen zur Datenverarbeitung [&hellip;]\" \/>\n<meta property=\"og:url\" content=\"https:\/\/glowery.me\/de\/private-politik\/\" \/>\n<meta property=\"og:site_name\" content=\"Glowery\" \/>\n<meta property=\"article:publisher\" content=\"https:\/\/www.facebook.com\/profile.php?id=61575866108739\" \/>\n<meta property=\"article:modified_time\" content=\"2025-05-19T16:19:57+00:00\" \/>\n<meta property=\"og:image\" content=\"https:\/\/glowery.me\/wp-content\/uploads\/2025\/05\/Glowery-e1746421067847.png\" \/>\n\t<meta property=\"og:image:width\" content=\"494\" \/>\n\t<meta property=\"og:image:height\" content=\"146\" \/>\n\t<meta property=\"og:image:type\" content=\"image\/png\" \/>\n<meta name=\"twitter:card\" content=\"summary_large_image\" \/>\n<meta name=\"twitter:label1\" content=\"Gesch\u00e4tzte Lesezeit\" \/>\n\t<meta name=\"twitter:data1\" content=\"2\u00a0Minuten\" \/>\n<script type=\"application\/ld+json\" class=\"yoast-schema-graph\">{\"@context\":\"https:\/\/schema.org\",\"@graph\":[{\"@type\":\"WebPage\",\"@id\":\"https:\/\/glowery.me\/de\/private-politik\/\",\"url\":\"https:\/\/glowery.me\/de\/private-politik\/\",\"name\":\"Datenschutzerkl\u00e4rung - Glowery\",\"isPartOf\":{\"@id\":\"https:\/\/glowery.me\/#website\"},\"datePublished\":\"2024-06-10T08:15:29+00:00\",\"dateModified\":\"2025-05-19T16:19:57+00:00\",\"breadcrumb\":{\"@id\":\"https:\/\/glowery.me\/de\/private-politik\/#breadcrumb\"},\"inLanguage\":\"de\",\"potentialAction\":[{\"@type\":\"ReadAction\",\"target\":[\"https:\/\/glowery.me\/de\/private-politik\/\"]}]},{\"@type\":\"BreadcrumbList\",\"@id\":\"https:\/\/glowery.me\/de\/private-politik\/#breadcrumb\",\"itemListElement\":[{\"@type\":\"ListItem\",\"position\":1,\"name\":\"Home\",\"item\":\"https:\/\/glowery.me\/de\/startseite\/\"},{\"@type\":\"ListItem\",\"position\":2,\"name\":\"Datenschutzerkl\u00e4rung\"}]},{\"@type\":\"WebSite\",\"@id\":\"https:\/\/glowery.me\/#website\",\"url\":\"https:\/\/glowery.me\/\",\"name\":\"Glowery\",\"description\":\"Stilvolle Essentials \u2013 von zeitlosem Schmuck \u00fcber elegante Taschen und Schuhe bis hin zu ausgew\u00e4hlten Kleidern und nat\u00fcrlicher Kosmetik.\",\"publisher\":{\"@id\":\"https:\/\/glowery.me\/#organization\"},\"potentialAction\":[{\"@type\":\"SearchAction\",\"target\":{\"@type\":\"EntryPoint\",\"urlTemplate\":\"https:\/\/glowery.me\/?s={search_term_string}\"},\"query-input\":{\"@type\":\"PropertyValueSpecification\",\"valueRequired\":true,\"valueName\":\"search_term_string\"}}],\"inLanguage\":\"de\"},{\"@type\":\"Organization\",\"@id\":\"https:\/\/glowery.me\/#organization\",\"name\":\"Glowery\",\"url\":\"https:\/\/glowery.me\/\",\"logo\":{\"@type\":\"ImageObject\",\"inLanguage\":\"de\",\"@id\":\"https:\/\/glowery.me\/#\/schema\/logo\/image\/\",\"url\":\"https:\/\/glowery.me\/wp-content\/uploads\/2025\/05\/Glowery-e1746421067847.png\",\"contentUrl\":\"https:\/\/glowery.me\/wp-content\/uploads\/2025\/05\/Glowery-e1746421067847.png\",\"width\":494,\"height\":146,\"caption\":\"Glowery\"},\"image\":{\"@id\":\"https:\/\/glowery.me\/#\/schema\/logo\/image\/\"},\"sameAs\":[\"https:\/\/www.facebook.com\/profile.php?id=61575866108739\",\"https:\/\/www.instagram.com\/glowery.me\",\"https:\/\/www.tiktok.com\/@glowery.me?_t=ZN-8wLhgUVkGCk&_r=1\"]}]}<\/script>\n<!-- \/ Yoast SEO plugin. -->","yoast_head_json":{"title":"Datenschutzerkl\u00e4rung - Glowery","robots":{"index":"index","follow":"follow","max-snippet":"max-snippet:-1","max-image-preview":"max-image-preview:large","max-video-preview":"max-video-preview:-1"},"canonical":"https:\/\/glowery.me\/de\/private-politik\/","og_locale":"de_DE","og_type":"article","og_title":"Datenschutzerkl\u00e4rung - Glowery","og_description":"Datenschutzpolitik in \u00dcbereinstimmung mit GDPR Der Schutz Ihrer personenbezogenen Daten ist uns wichtig. Diese Datenschutzerkl\u00e4rung informiert Sie \u00fcber die Art, den Umfang und den Zweck der Verarbeitung personenbezogener Daten durch Jaffa GmbHM\u00fcllackerstrasse 108152 GlattbruggSchweizEmail: info@glowery.meWebsite: www.glowery.me als der f\u00fcr die Verarbeitung Verantwortliche im Sinne der Datenschutzgesetze, insbesondere der EU-Datenschutzgrundverordnung (GDPR). 1. Allgemeine Informationen zur Datenverarbeitung [&hellip;]","og_url":"https:\/\/glowery.me\/de\/private-politik\/","og_site_name":"Glowery","article_publisher":"https:\/\/www.facebook.com\/profile.php?id=61575866108739","article_modified_time":"2025-05-19T16:19:57+00:00","og_image":[{"width":494,"height":146,"url":"https:\/\/glowery.me\/wp-content\/uploads\/2025\/05\/Glowery-e1746421067847.png","type":"image\/png"}],"twitter_card":"summary_large_image","twitter_misc":{"Gesch\u00e4tzte Lesezeit":"2\u00a0Minuten"},"schema":{"@context":"https:\/\/schema.org","@graph":[{"@type":"WebPage","@id":"https:\/\/glowery.me\/de\/private-politik\/","url":"https:\/\/glowery.me\/de\/private-politik\/","name":"Datenschutzerkl\u00e4rung - Glowery","isPartOf":{"@id":"https:\/\/glowery.me\/#website"},"datePublished":"2024-06-10T08:15:29+00:00","dateModified":"2025-05-19T16:19:57+00:00","breadcrumb":{"@id":"https:\/\/glowery.me\/de\/private-politik\/#breadcrumb"},"inLanguage":"de","potentialAction":[{"@type":"ReadAction","target":["https:\/\/glowery.me\/de\/private-politik\/"]}]},{"@type":"BreadcrumbList","@id":"https:\/\/glowery.me\/de\/private-politik\/#breadcrumb","itemListElement":[{"@type":"ListItem","position":1,"name":"Home","item":"https:\/\/glowery.me\/de\/startseite\/"},{"@type":"ListItem","position":2,"name":"Datenschutzerkl\u00e4rung"}]},{"@type":"WebSite","@id":"https:\/\/glowery.me\/#website","url":"https:\/\/glowery.me\/","name":"Glowery","description":"Stilvolle Essentials \u2013 von zeitlosem Schmuck \u00fcber elegante Taschen und Schuhe bis hin zu ausgew\u00e4hlten Kleidern und nat\u00fcrlicher Kosmetik.","publisher":{"@id":"https:\/\/glowery.me\/#organization"},"potentialAction":[{"@type":"SearchAction","target":{"@type":"EntryPoint","urlTemplate":"https:\/\/glowery.me\/?s={search_term_string}"},"query-input":{"@type":"PropertyValueSpecification","valueRequired":true,"valueName":"search_term_string"}}],"inLanguage":"de"},{"@type":"Organization","@id":"https:\/\/glowery.me\/#organization","name":"Glowery","url":"https:\/\/glowery.me\/","logo":{"@type":"ImageObject","inLanguage":"de","@id":"https:\/\/glowery.me\/#\/schema\/logo\/image\/","url":"https:\/\/glowery.me\/wp-content\/uploads\/2025\/05\/Glowery-e1746421067847.png","contentUrl":"https:\/\/glowery.me\/wp-content\/uploads\/2025\/05\/Glowery-e1746421067847.png","width":494,"height":146,"caption":"Glowery"},"image":{"@id":"https:\/\/glowery.me\/#\/schema\/logo\/image\/"},"sameAs":["https:\/\/www.facebook.com\/profile.php?id=61575866108739","https:\/\/www.instagram.com\/glowery.me","https:\/\/www.tiktok.com\/@glowery.me?_t=ZN-8wLhgUVkGCk&_r=1"]}]}},"jetpack_sharing_enabled":true,"_links":{"self":[{"href":"https:\/\/glowery.me\/de\/wp-json\/wp\/v2\/pages\/27465","targetHints":{"allow":["GET"]}}],"collection":[{"href":"https:\/\/glowery.me\/de\/wp-json\/wp\/v2\/pages"}],"about":[{"href":"https:\/\/glowery.me\/de\/wp-json\/wp\/v2\/types\/page"}],"author":[{"embeddable":true,"href":"https:\/\/glowery.me\/de\/wp-json\/wp\/v2\/users\/1"}],"replies":[{"embeddable":true,"href":"https:\/\/glowery.me\/de\/wp-json\/wp\/v2\/comments?post=27465"}],"version-history":[{"count":3,"href":"https:\/\/glowery.me\/de\/wp-json\/wp\/v2\/pages\/27465\/revisions"}],"predecessor-version":[{"id":27531,"href":"https:\/\/glowery.me\/de\/wp-json\/wp\/v2\/pages\/27465\/revisions\/27531"}],"wp:attachment":[{"href":"https:\/\/glowery.me\/de\/wp-json\/wp\/v2\/media?parent=27465"}],"curies":[{"name":"wp","href":"https:\/\/api.w.org\/{rel}","templated":true}]}}