{"id":27467,"date":"2024-06-10T08:18:19","date_gmt":"2024-06-10T08:18:19","guid":{"rendered":"https:\/\/glowery.me\/ueber-uns\/"},"modified":"2025-05-12T15:47:38","modified_gmt":"2025-05-12T15:47:38","slug":"ueber-uns","status":"publish","type":"page","link":"https:\/\/glowery.me\/de\/ueber-uns\/","title":{"rendered":"\u00dcber uns"},"content":{"rendered":"\t\t<div data-elementor-type=\"wp-page\" data-elementor-id=\"27467\" class=\"elementor elementor-27467 elementor-208\">\n\t\t\t\t<div class=\"elementor-element elementor-element-3cae0f82 e-flex e-con-boxed ecomus-responsive-column ecomus-tablet-column--default ecomus-responsive-column ecomus-mobile-column--default ecomus-responsive-column ecomus-motion--var(--position) e-con e-parent\" data-id=\"3cae0f82\" data-element_type=\"container\">\n\t\t\t\t\t<div class=\"e-con-inner\">\n\t\t\t\t<div class=\"elementor-element elementor-element-7cc5eec9 elementor-widget elementor-widget-ecomus-heading\" data-id=\"7cc5eec9\" data-element_type=\"widget\" data-widget_type=\"ecomus-heading.default\">\n\t\t\t\t<div class=\"elementor-widget-container\">\n\t\t\t\t\t\t\t<div class=\"ecomus-heading-elementor\">\n\t\t\t\t<h4 class=\"ecomus-heading em-flex em-flex-align-center ecomus-heading--default\">\n\t\t\t\t\t\t\t\t\t\tWir sind Glowery\t\t\t\t<\/h4>\n\t\t\t<\/div>\n\t\t\t\t\t\t<\/div>\n\t\t\t\t<\/div>\n\t\t\t\t<div class=\"elementor-element elementor-element-3e0f360a elementor-widget__width-initial elementor-widget elementor-widget-text-editor\" data-id=\"3e0f360a\" data-element_type=\"widget\" data-widget_type=\"text-editor.default\">\n\t\t\t\t<div class=\"elementor-widget-container\">\n\t\t\t\t\t\t\t\t\t<p>Glowery ist Ihr Online-Shop f\u00fcr stilvolle Essentials &#8211; von zeitlosem Schmuck \u00fcber elegante Taschen und Schuhe bis hin zu ausgew\u00e4hlten Kleidern und Naturkosmetik.<\/p><p>Unser Ziel? Hochwertige Produkte anzubieten, die nicht nur gut aussehen, sondern sich auch gut anf\u00fchlen &#8211; ohne Kompromisse bei Qualit\u00e4t, Stil oder Herkunft. <\/p><p>Wir arbeiten mit ausgew\u00e4hlten europ\u00e4ischen Marken und Herstellern zusammen, die Wert auf Handwerkskunst, faire Produktion und durchdachtes Design legen. Viele der Produkte, die Sie hier finden, tragen wir selbst &#8211; und genau das ist unser Anspruch: Nur das Beste kommt in unseren Shop. <\/p><p>Glowery wird von einem kleinen Team in der Schweiz gef\u00fchrt, das Wert auf \u00c4sthetik, Qualit\u00e4t und eine ehrliche Auswahl legt. Wir wachsen schnell &#8211; und sind stolz darauf, unseren Kunden eine stilvolle, kuratierte Alternative zu den Produkten des Massenmarktes zu bieten. <\/p><p>Glowery steht f\u00fcr: Klasse statt Masse. Nat\u00fcrlichkeit statt Plastik. Und Produkte, die Sie wirklich lieben.  <\/p><p>Sch\u00f6n, dass Sie hier sind.<\/p>\t\t\t\t\t\t\t\t<\/div>\n\t\t\t\t<\/div>\n\t\t\t\t\t<\/div>\n\t\t\t\t<\/div>\n\t\t\t\t<\/div>\n\t\t","protected":false},"excerpt":{"rendered":"<p>Wir sind Glowery Glowery ist Ihr Online-Shop f\u00fcr stilvolle Essentials &#8211; von zeitlosem Schmuck \u00fcber elegante Taschen und Schuhe bis hin zu ausgew\u00e4hlten Kleidern und Naturkosmetik. Unser Ziel? Hochwertige Produkte anzubieten, die nicht nur gut aussehen, sondern sich auch gut anf\u00fchlen &#8211; ohne Kompromisse bei Qualit\u00e4t, Stil oder Herkunft. Wir arbeiten mit ausgew\u00e4hlten europ\u00e4ischen Marken [&hellip;]<\/p>\n","protected":false},"author":1,"featured_media":0,"parent":0,"menu_order":0,"comment_status":"closed","ping_status":"closed","template":"","meta":{"footnotes":""},"class_list":["post-27467","page","type-page","status-publish","hentry"],"yoast_head":"<!-- This site is optimized with the Yoast SEO plugin v25.3 - https:\/\/yoast.com\/wordpress\/plugins\/seo\/ -->\n<title>\u00dcber uns - Glowery<\/title>\n<meta name=\"robots\" content=\"index, follow, max-snippet:-1, max-image-preview:large, max-video-preview:-1\" \/>\n<link rel=\"canonical\" href=\"https:\/\/glowery.me\/de\/ueber-uns\/\" \/>\n<meta property=\"og:locale\" content=\"de_DE\" \/>\n<meta property=\"og:type\" content=\"article\" \/>\n<meta property=\"og:title\" content=\"\u00dcber uns - Glowery\" \/>\n<meta property=\"og:description\" content=\"Wir sind Glowery Glowery ist Ihr Online-Shop f\u00fcr stilvolle Essentials &#8211; von zeitlosem Schmuck \u00fcber elegante Taschen und Schuhe bis hin zu ausgew\u00e4hlten Kleidern und Naturkosmetik. Unser Ziel? Hochwertige Produkte anzubieten, die nicht nur gut aussehen, sondern sich auch gut anf\u00fchlen &#8211; ohne Kompromisse bei Qualit\u00e4t, Stil oder Herkunft. Wir arbeiten mit ausgew\u00e4hlten europ\u00e4ischen Marken [&hellip;]\" \/>\n<meta property=\"og:url\" content=\"https:\/\/glowery.me\/de\/ueber-uns\/\" \/>\n<meta property=\"og:site_name\" content=\"Glowery\" \/>\n<meta property=\"article:publisher\" content=\"https:\/\/www.facebook.com\/profile.php?id=61575866108739\" \/>\n<meta property=\"article:modified_time\" content=\"2025-05-12T15:47:38+00:00\" \/>\n<meta property=\"og:image\" content=\"https:\/\/glowery.me\/wp-content\/uploads\/2025\/05\/Glowery-e1746421067847.png\" \/>\n\t<meta property=\"og:image:width\" content=\"494\" \/>\n\t<meta property=\"og:image:height\" content=\"146\" \/>\n\t<meta property=\"og:image:type\" content=\"image\/png\" \/>\n<meta name=\"twitter:card\" content=\"summary_large_image\" \/>\n<meta name=\"twitter:label1\" content=\"Gesch\u00e4tzte Lesezeit\" \/>\n\t<meta name=\"twitter:data1\" content=\"1\u00a0Minute\" \/>\n<script type=\"application\/ld+json\" class=\"yoast-schema-graph\">{\"@context\":\"https:\/\/schema.org\",\"@graph\":[{\"@type\":\"WebPage\",\"@id\":\"https:\/\/glowery.me\/de\/ueber-uns\/\",\"url\":\"https:\/\/glowery.me\/de\/ueber-uns\/\",\"name\":\"\u00dcber uns - Glowery\",\"isPartOf\":{\"@id\":\"https:\/\/glowery.me\/#website\"},\"datePublished\":\"2024-06-10T08:18:19+00:00\",\"dateModified\":\"2025-05-12T15:47:38+00:00\",\"breadcrumb\":{\"@id\":\"https:\/\/glowery.me\/de\/ueber-uns\/#breadcrumb\"},\"inLanguage\":\"de\",\"potentialAction\":[{\"@type\":\"ReadAction\",\"target\":[\"https:\/\/glowery.me\/de\/ueber-uns\/\"]}]},{\"@type\":\"BreadcrumbList\",\"@id\":\"https:\/\/glowery.me\/de\/ueber-uns\/#breadcrumb\",\"itemListElement\":[{\"@type\":\"ListItem\",\"position\":1,\"name\":\"Home\",\"item\":\"https:\/\/glowery.me\/de\/startseite\/\"},{\"@type\":\"ListItem\",\"position\":2,\"name\":\"\u00dcber uns\"}]},{\"@type\":\"WebSite\",\"@id\":\"https:\/\/glowery.me\/#website\",\"url\":\"https:\/\/glowery.me\/\",\"name\":\"Glowery\",\"description\":\"Stilvolle Essentials \u2013 von zeitlosem Schmuck \u00fcber elegante Taschen und Schuhe bis hin zu ausgew\u00e4hlten Kleidern und nat\u00fcrlicher Kosmetik.\",\"publisher\":{\"@id\":\"https:\/\/glowery.me\/#organization\"},\"potentialAction\":[{\"@type\":\"SearchAction\",\"target\":{\"@type\":\"EntryPoint\",\"urlTemplate\":\"https:\/\/glowery.me\/?s={search_term_string}\"},\"query-input\":{\"@type\":\"PropertyValueSpecification\",\"valueRequired\":true,\"valueName\":\"search_term_string\"}}],\"inLanguage\":\"de\"},{\"@type\":\"Organization\",\"@id\":\"https:\/\/glowery.me\/#organization\",\"name\":\"Glowery\",\"url\":\"https:\/\/glowery.me\/\",\"logo\":{\"@type\":\"ImageObject\",\"inLanguage\":\"de\",\"@id\":\"https:\/\/glowery.me\/#\/schema\/logo\/image\/\",\"url\":\"https:\/\/glowery.me\/wp-content\/uploads\/2025\/05\/Glowery-e1746421067847.png\",\"contentUrl\":\"https:\/\/glowery.me\/wp-content\/uploads\/2025\/05\/Glowery-e1746421067847.png\",\"width\":494,\"height\":146,\"caption\":\"Glowery\"},\"image\":{\"@id\":\"https:\/\/glowery.me\/#\/schema\/logo\/image\/\"},\"sameAs\":[\"https:\/\/www.facebook.com\/profile.php?id=61575866108739\",\"https:\/\/www.instagram.com\/glowery.me\",\"https:\/\/www.tiktok.com\/@glowery.me?_t=ZN-8wLhgUVkGCk&_r=1\"]}]}<\/script>\n<!-- \/ Yoast SEO plugin. -->","yoast_head_json":{"title":"\u00dcber uns - Glowery","robots":{"index":"index","follow":"follow","max-snippet":"max-snippet:-1","max-image-preview":"max-image-preview:large","max-video-preview":"max-video-preview:-1"},"canonical":"https:\/\/glowery.me\/de\/ueber-uns\/","og_locale":"de_DE","og_type":"article","og_title":"\u00dcber uns - Glowery","og_description":"Wir sind Glowery Glowery ist Ihr Online-Shop f\u00fcr stilvolle Essentials &#8211; von zeitlosem Schmuck \u00fcber elegante Taschen und Schuhe bis hin zu ausgew\u00e4hlten Kleidern und Naturkosmetik. Unser Ziel? Hochwertige Produkte anzubieten, die nicht nur gut aussehen, sondern sich auch gut anf\u00fchlen &#8211; ohne Kompromisse bei Qualit\u00e4t, Stil oder Herkunft. Wir arbeiten mit ausgew\u00e4hlten europ\u00e4ischen Marken [&hellip;]","og_url":"https:\/\/glowery.me\/de\/ueber-uns\/","og_site_name":"Glowery","article_publisher":"https:\/\/www.facebook.com\/profile.php?id=61575866108739","article_modified_time":"2025-05-12T15:47:38+00:00","og_image":[{"width":494,"height":146,"url":"https:\/\/glowery.me\/wp-content\/uploads\/2025\/05\/Glowery-e1746421067847.png","type":"image\/png"}],"twitter_card":"summary_large_image","twitter_misc":{"Gesch\u00e4tzte Lesezeit":"1\u00a0Minute"},"schema":{"@context":"https:\/\/schema.org","@graph":[{"@type":"WebPage","@id":"https:\/\/glowery.me\/de\/ueber-uns\/","url":"https:\/\/glowery.me\/de\/ueber-uns\/","name":"\u00dcber uns - Glowery","isPartOf":{"@id":"https:\/\/glowery.me\/#website"},"datePublished":"2024-06-10T08:18:19+00:00","dateModified":"2025-05-12T15:47:38+00:00","breadcrumb":{"@id":"https:\/\/glowery.me\/de\/ueber-uns\/#breadcrumb"},"inLanguage":"de","potentialAction":[{"@type":"ReadAction","target":["https:\/\/glowery.me\/de\/ueber-uns\/"]}]},{"@type":"BreadcrumbList","@id":"https:\/\/glowery.me\/de\/ueber-uns\/#breadcrumb","itemListElement":[{"@type":"ListItem","position":1,"name":"Home","item":"https:\/\/glowery.me\/de\/startseite\/"},{"@type":"ListItem","position":2,"name":"\u00dcber uns"}]},{"@type":"WebSite","@id":"https:\/\/glowery.me\/#website","url":"https:\/\/glowery.me\/","name":"Glowery","description":"Stilvolle Essentials \u2013 von zeitlosem Schmuck \u00fcber elegante Taschen und Schuhe bis hin zu ausgew\u00e4hlten Kleidern und nat\u00fcrlicher Kosmetik.","publisher":{"@id":"https:\/\/glowery.me\/#organization"},"potentialAction":[{"@type":"SearchAction","target":{"@type":"EntryPoint","urlTemplate":"https:\/\/glowery.me\/?s={search_term_string}"},"query-input":{"@type":"PropertyValueSpecification","valueRequired":true,"valueName":"search_term_string"}}],"inLanguage":"de"},{"@type":"Organization","@id":"https:\/\/glowery.me\/#organization","name":"Glowery","url":"https:\/\/glowery.me\/","logo":{"@type":"ImageObject","inLanguage":"de","@id":"https:\/\/glowery.me\/#\/schema\/logo\/image\/","url":"https:\/\/glowery.me\/wp-content\/uploads\/2025\/05\/Glowery-e1746421067847.png","contentUrl":"https:\/\/glowery.me\/wp-content\/uploads\/2025\/05\/Glowery-e1746421067847.png","width":494,"height":146,"caption":"Glowery"},"image":{"@id":"https:\/\/glowery.me\/#\/schema\/logo\/image\/"},"sameAs":["https:\/\/www.facebook.com\/profile.php?id=61575866108739","https:\/\/www.instagram.com\/glowery.me","https:\/\/www.tiktok.com\/@glowery.me?_t=ZN-8wLhgUVkGCk&_r=1"]}]}},"jetpack_sharing_enabled":true,"_links":{"self":[{"href":"https:\/\/glowery.me\/de\/wp-json\/wp\/v2\/pages\/27467","targetHints":{"allow":["GET"]}}],"collection":[{"href":"https:\/\/glowery.me\/de\/wp-json\/wp\/v2\/pages"}],"about":[{"href":"https:\/\/glowery.me\/de\/wp-json\/wp\/v2\/types\/page"}],"author":[{"embeddable":true,"href":"https:\/\/glowery.me\/de\/wp-json\/wp\/v2\/users\/1"}],"replies":[{"embeddable":true,"href":"https:\/\/glowery.me\/de\/wp-json\/wp\/v2\/comments?post=27467"}],"version-history":[{"count":1,"href":"https:\/\/glowery.me\/de\/wp-json\/wp\/v2\/pages\/27467\/revisions"}],"predecessor-version":[{"id":27470,"href":"https:\/\/glowery.me\/de\/wp-json\/wp\/v2\/pages\/27467\/revisions\/27470"}],"wp:attachment":[{"href":"https:\/\/glowery.me\/de\/wp-json\/wp\/v2\/media?parent=27467"}],"curies":[{"name":"wp","href":"https:\/\/api.w.org\/{rel}","templated":true}]}}