{"id":22837,"date":"2025-04-28T06:46:45","date_gmt":"2025-04-28T06:46:45","guid":{"rendered":"https:\/\/glowery.me\/produkt\/14k-vergoldete-diffusor-ohrringe-kreis\/"},"modified":"2025-04-28T06:46:45","modified_gmt":"2025-04-28T06:46:45","slug":"14k-vergoldete-diffusor-ohrringe-kreis","status":"publish","type":"product","link":"https:\/\/glowery.me\/de\/produkt\/14k-vergoldete-diffusor-ohrringe-kreis\/","title":{"rendered":"14K vergoldete Diffusor-Ohrringe &#8211; Kreis"},"content":{"rendered":"<p>Diese auf den Kanarischen Inseln handgefertigten, geometrischen Ohrringe sind mit 14 Karat vergoldet und bestehen aus f\u00fcnf 4 mm gro\u00dfen Lavaperlen.<\/p>\n<p>Lavasteine sind von Natur aus por\u00f6s und perfekt f\u00fcr die Diffusion \u00e4therischer \u00d6le. Geben Sie einen Tropfen Ihres Lieblingsduftes hinein und genie\u00dfen Sie den ganzen Tag lang das subtile Aroma. <\/p>\n<p>Aus echtem Vulkangestein hergestellt, ist jede Perle nat\u00fcrlich einzigartig in Form und Textur.<\/p>\n","protected":false},"excerpt":{"rendered":"<p>Diese auf den Kanarischen Inseln handgefertigten, geometrischen Ohrringe sind mit 14 Karat vergoldet und bestehen aus f\u00fcnf 4 mm gro\u00dfen Lavaperlen.<\/p>\n<p>Lavasteine sind von Natur aus por\u00f6s und perfekt f\u00fcr die Diffusion \u00e4therischer \u00d6le geeignet. F\u00fcgen Sie einen Tropfen Ihres Lieblingsduftes hinzu und genie\u00dfen Sie den ganzen Tag \u00fcber das subtile Aroma. <\/p>\n<p>Aus echtem Vulkangestein hergestellt, ist jede Perle nat\u00fcrlich einzigartig in Form und Textur.<\/p>\n","protected":false},"featured_media":17125,"comment_status":"open","ping_status":"closed","template":"","meta":[],"product_brand":[],"product_cat":[128,126],"product_tag":[],"class_list":{"0":"post-22837","1":"product","2":"type-product","3":"status-publish","4":"has-post-thumbnail","6":"product_cat-ohrringe","7":"product_cat-schmuck","9":"first","10":"instock","11":"shipping-taxable","12":"purchasable","13":"product-type-simple"},"yoast_head":"<!-- This site is optimized with the Yoast SEO plugin v25.3 - https:\/\/yoast.com\/wordpress\/plugins\/seo\/ -->\n<title>14K vergoldete Diffusor-Ohrringe - Kreis - Glowery<\/title>\n<meta name=\"robots\" content=\"index, follow, max-snippet:-1, max-image-preview:large, max-video-preview:-1\" \/>\n<link rel=\"canonical\" href=\"https:\/\/glowery.me\/de\/produkt\/14k-vergoldete-diffusor-ohrringe-kreis\/\" \/>\n<meta property=\"og:locale\" content=\"de_DE\" \/>\n<meta property=\"og:type\" content=\"article\" \/>\n<meta property=\"og:title\" content=\"14K vergoldete Diffusor-Ohrringe - Kreis - Glowery\" \/>\n<meta property=\"og:description\" content=\"Diese auf den Kanarischen Inseln handgefertigten, geometrischen Ohrringe sind mit 14 Karat vergoldet und bestehen aus f\u00fcnf 4 mm gro\u00dfen Lavaperlen.Lavasteine sind von Natur aus por\u00f6s und perfekt f\u00fcr die Diffusion \u00e4therischer \u00d6le geeignet. F\u00fcgen Sie einen Tropfen Ihres Lieblingsduftes hinzu und genie\u00dfen Sie den ganzen Tag \u00fcber das subtile Aroma. Aus echtem Vulkangestein hergestellt, ist jede Perle nat\u00fcrlich einzigartig in Form und Textur.\" \/>\n<meta property=\"og:url\" content=\"https:\/\/glowery.me\/de\/produkt\/14k-vergoldete-diffusor-ohrringe-kreis\/\" \/>\n<meta property=\"og:site_name\" content=\"Glowery\" \/>\n<meta property=\"article:publisher\" content=\"https:\/\/www.facebook.com\/profile.php?id=61575866108739\" \/>\n<meta property=\"og:image\" content=\"https:\/\/glowery.me\/wp-content\/uploads\/2025\/04\/14k-gold-plated-diffuser-earrings-circle-406e762e.jpg\" \/>\n\t<meta property=\"og:image:width\" content=\"1500\" \/>\n\t<meta property=\"og:image:height\" content=\"1120\" \/>\n\t<meta property=\"og:image:type\" content=\"image\/jpeg\" \/>\n<meta name=\"twitter:card\" content=\"summary_large_image\" \/>\n<script type=\"application\/ld+json\" class=\"yoast-schema-graph\">{\"@context\":\"https:\/\/schema.org\",\"@graph\":[{\"@type\":\"WebPage\",\"@id\":\"https:\/\/glowery.me\/de\/produkt\/14k-vergoldete-diffusor-ohrringe-kreis\/\",\"url\":\"https:\/\/glowery.me\/de\/produkt\/14k-vergoldete-diffusor-ohrringe-kreis\/\",\"name\":\"14K vergoldete Diffusor-Ohrringe - Kreis - Glowery\",\"isPartOf\":{\"@id\":\"https:\/\/glowery.me\/#website\"},\"primaryImageOfPage\":{\"@id\":\"https:\/\/glowery.me\/de\/produkt\/14k-vergoldete-diffusor-ohrringe-kreis\/#primaryimage\"},\"image\":{\"@id\":\"https:\/\/glowery.me\/de\/produkt\/14k-vergoldete-diffusor-ohrringe-kreis\/#primaryimage\"},\"thumbnailUrl\":\"https:\/\/glowery.me\/wp-content\/uploads\/2025\/04\/14k-gold-plated-diffuser-earrings-circle-406e762e.jpg\",\"datePublished\":\"2025-04-28T06:46:45+00:00\",\"breadcrumb\":{\"@id\":\"https:\/\/glowery.me\/de\/produkt\/14k-vergoldete-diffusor-ohrringe-kreis\/#breadcrumb\"},\"inLanguage\":\"de\",\"potentialAction\":[{\"@type\":\"ReadAction\",\"target\":[\"https:\/\/glowery.me\/de\/produkt\/14k-vergoldete-diffusor-ohrringe-kreis\/\"]}]},{\"@type\":\"ImageObject\",\"inLanguage\":\"de\",\"@id\":\"https:\/\/glowery.me\/de\/produkt\/14k-vergoldete-diffusor-ohrringe-kreis\/#primaryimage\",\"url\":\"https:\/\/glowery.me\/wp-content\/uploads\/2025\/04\/14k-gold-plated-diffuser-earrings-circle-406e762e.jpg\",\"contentUrl\":\"https:\/\/glowery.me\/wp-content\/uploads\/2025\/04\/14k-gold-plated-diffuser-earrings-circle-406e762e.jpg\",\"width\":1500,\"height\":1120},{\"@type\":\"BreadcrumbList\",\"@id\":\"https:\/\/glowery.me\/de\/produkt\/14k-vergoldete-diffusor-ohrringe-kreis\/#breadcrumb\",\"itemListElement\":[{\"@type\":\"ListItem\",\"position\":1,\"name\":\"Home\",\"item\":\"https:\/\/glowery.me\/de\/startseite\/\"},{\"@type\":\"ListItem\",\"position\":2,\"name\":\"Shop\",\"item\":\"https:\/\/glowery.me\/de\/shop\/\"},{\"@type\":\"ListItem\",\"position\":3,\"name\":\"14K vergoldete Diffusor-Ohrringe &#8211; Kreis\"}]},{\"@type\":\"WebSite\",\"@id\":\"https:\/\/glowery.me\/#website\",\"url\":\"https:\/\/glowery.me\/\",\"name\":\"Glowery\",\"description\":\"Stilvolle Essentials \u2013 von zeitlosem Schmuck \u00fcber elegante Taschen und Schuhe bis hin zu ausgew\u00e4hlten Kleidern und nat\u00fcrlicher Kosmetik.\",\"publisher\":{\"@id\":\"https:\/\/glowery.me\/#organization\"},\"potentialAction\":[{\"@type\":\"SearchAction\",\"target\":{\"@type\":\"EntryPoint\",\"urlTemplate\":\"https:\/\/glowery.me\/?s={search_term_string}\"},\"query-input\":{\"@type\":\"PropertyValueSpecification\",\"valueRequired\":true,\"valueName\":\"search_term_string\"}}],\"inLanguage\":\"de\"},{\"@type\":\"Organization\",\"@id\":\"https:\/\/glowery.me\/#organization\",\"name\":\"Glowery\",\"url\":\"https:\/\/glowery.me\/\",\"logo\":{\"@type\":\"ImageObject\",\"inLanguage\":\"de\",\"@id\":\"https:\/\/glowery.me\/#\/schema\/logo\/image\/\",\"url\":\"https:\/\/glowery.me\/wp-content\/uploads\/2025\/05\/Glowery-e1746421067847.png\",\"contentUrl\":\"https:\/\/glowery.me\/wp-content\/uploads\/2025\/05\/Glowery-e1746421067847.png\",\"width\":494,\"height\":146,\"caption\":\"Glowery\"},\"image\":{\"@id\":\"https:\/\/glowery.me\/#\/schema\/logo\/image\/\"},\"sameAs\":[\"https:\/\/www.facebook.com\/profile.php?id=61575866108739\",\"https:\/\/www.instagram.com\/glowery.me\",\"https:\/\/www.tiktok.com\/@glowery.me?_t=ZN-8wLhgUVkGCk&_r=1\"]}]}<\/script>\n<!-- \/ Yoast SEO plugin. -->","yoast_head_json":{"title":"14K vergoldete Diffusor-Ohrringe - Kreis - Glowery","robots":{"index":"index","follow":"follow","max-snippet":"max-snippet:-1","max-image-preview":"max-image-preview:large","max-video-preview":"max-video-preview:-1"},"canonical":"https:\/\/glowery.me\/de\/produkt\/14k-vergoldete-diffusor-ohrringe-kreis\/","og_locale":"de_DE","og_type":"article","og_title":"14K vergoldete Diffusor-Ohrringe - Kreis - Glowery","og_description":"Diese auf den Kanarischen Inseln handgefertigten, geometrischen Ohrringe sind mit 14 Karat vergoldet und bestehen aus f\u00fcnf 4 mm gro\u00dfen Lavaperlen.Lavasteine sind von Natur aus por\u00f6s und perfekt f\u00fcr die Diffusion \u00e4therischer \u00d6le geeignet. F\u00fcgen Sie einen Tropfen Ihres Lieblingsduftes hinzu und genie\u00dfen Sie den ganzen Tag \u00fcber das subtile Aroma. Aus echtem Vulkangestein hergestellt, ist jede Perle nat\u00fcrlich einzigartig in Form und Textur.","og_url":"https:\/\/glowery.me\/de\/produkt\/14k-vergoldete-diffusor-ohrringe-kreis\/","og_site_name":"Glowery","article_publisher":"https:\/\/www.facebook.com\/profile.php?id=61575866108739","og_image":[{"width":1500,"height":1120,"url":"https:\/\/glowery.me\/wp-content\/uploads\/2025\/04\/14k-gold-plated-diffuser-earrings-circle-406e762e.jpg","type":"image\/jpeg"}],"twitter_card":"summary_large_image","schema":{"@context":"https:\/\/schema.org","@graph":[{"@type":"WebPage","@id":"https:\/\/glowery.me\/de\/produkt\/14k-vergoldete-diffusor-ohrringe-kreis\/","url":"https:\/\/glowery.me\/de\/produkt\/14k-vergoldete-diffusor-ohrringe-kreis\/","name":"14K vergoldete Diffusor-Ohrringe - Kreis - Glowery","isPartOf":{"@id":"https:\/\/glowery.me\/#website"},"primaryImageOfPage":{"@id":"https:\/\/glowery.me\/de\/produkt\/14k-vergoldete-diffusor-ohrringe-kreis\/#primaryimage"},"image":{"@id":"https:\/\/glowery.me\/de\/produkt\/14k-vergoldete-diffusor-ohrringe-kreis\/#primaryimage"},"thumbnailUrl":"https:\/\/glowery.me\/wp-content\/uploads\/2025\/04\/14k-gold-plated-diffuser-earrings-circle-406e762e.jpg","datePublished":"2025-04-28T06:46:45+00:00","breadcrumb":{"@id":"https:\/\/glowery.me\/de\/produkt\/14k-vergoldete-diffusor-ohrringe-kreis\/#breadcrumb"},"inLanguage":"de","potentialAction":[{"@type":"ReadAction","target":["https:\/\/glowery.me\/de\/produkt\/14k-vergoldete-diffusor-ohrringe-kreis\/"]}]},{"@type":"ImageObject","inLanguage":"de","@id":"https:\/\/glowery.me\/de\/produkt\/14k-vergoldete-diffusor-ohrringe-kreis\/#primaryimage","url":"https:\/\/glowery.me\/wp-content\/uploads\/2025\/04\/14k-gold-plated-diffuser-earrings-circle-406e762e.jpg","contentUrl":"https:\/\/glowery.me\/wp-content\/uploads\/2025\/04\/14k-gold-plated-diffuser-earrings-circle-406e762e.jpg","width":1500,"height":1120},{"@type":"BreadcrumbList","@id":"https:\/\/glowery.me\/de\/produkt\/14k-vergoldete-diffusor-ohrringe-kreis\/#breadcrumb","itemListElement":[{"@type":"ListItem","position":1,"name":"Home","item":"https:\/\/glowery.me\/de\/startseite\/"},{"@type":"ListItem","position":2,"name":"Shop","item":"https:\/\/glowery.me\/de\/shop\/"},{"@type":"ListItem","position":3,"name":"14K vergoldete Diffusor-Ohrringe &#8211; Kreis"}]},{"@type":"WebSite","@id":"https:\/\/glowery.me\/#website","url":"https:\/\/glowery.me\/","name":"Glowery","description":"Stilvolle Essentials \u2013 von zeitlosem Schmuck \u00fcber elegante Taschen und Schuhe bis hin zu ausgew\u00e4hlten Kleidern und nat\u00fcrlicher Kosmetik.","publisher":{"@id":"https:\/\/glowery.me\/#organization"},"potentialAction":[{"@type":"SearchAction","target":{"@type":"EntryPoint","urlTemplate":"https:\/\/glowery.me\/?s={search_term_string}"},"query-input":{"@type":"PropertyValueSpecification","valueRequired":true,"valueName":"search_term_string"}}],"inLanguage":"de"},{"@type":"Organization","@id":"https:\/\/glowery.me\/#organization","name":"Glowery","url":"https:\/\/glowery.me\/","logo":{"@type":"ImageObject","inLanguage":"de","@id":"https:\/\/glowery.me\/#\/schema\/logo\/image\/","url":"https:\/\/glowery.me\/wp-content\/uploads\/2025\/05\/Glowery-e1746421067847.png","contentUrl":"https:\/\/glowery.me\/wp-content\/uploads\/2025\/05\/Glowery-e1746421067847.png","width":494,"height":146,"caption":"Glowery"},"image":{"@id":"https:\/\/glowery.me\/#\/schema\/logo\/image\/"},"sameAs":["https:\/\/www.facebook.com\/profile.php?id=61575866108739","https:\/\/www.instagram.com\/glowery.me","https:\/\/www.tiktok.com\/@glowery.me?_t=ZN-8wLhgUVkGCk&_r=1"]}]}},"jetpack_sharing_enabled":true,"_links":{"self":[{"href":"https:\/\/glowery.me\/de\/wp-json\/wp\/v2\/product\/22837","targetHints":{"allow":["GET"]}}],"collection":[{"href":"https:\/\/glowery.me\/de\/wp-json\/wp\/v2\/product"}],"about":[{"href":"https:\/\/glowery.me\/de\/wp-json\/wp\/v2\/types\/product"}],"replies":[{"embeddable":true,"href":"https:\/\/glowery.me\/de\/wp-json\/wp\/v2\/comments?post=22837"}],"wp:featuredmedia":[{"embeddable":true,"href":"https:\/\/glowery.me\/de\/wp-json\/wp\/v2\/media\/17125"}],"wp:attachment":[{"href":"https:\/\/glowery.me\/de\/wp-json\/wp\/v2\/media?parent=22837"}],"wp:term":[{"taxonomy":"product_brand","embeddable":true,"href":"https:\/\/glowery.me\/de\/wp-json\/wp\/v2\/product_brand?post=22837"},{"taxonomy":"product_cat","embeddable":true,"href":"https:\/\/glowery.me\/de\/wp-json\/wp\/v2\/product_cat?post=22837"},{"taxonomy":"product_tag","embeddable":true,"href":"https:\/\/glowery.me\/de\/wp-json\/wp\/v2\/product_tag?post=22837"}],"curies":[{"name":"wp","href":"https:\/\/api.w.org\/{rel}","templated":true}]}}