{"id":22969,"date":"2025-04-27T16:24:00","date_gmt":"2025-04-27T16:24:00","guid":{"rendered":"https:\/\/glowery.me\/produkt\/porzellan-tache-ohrstecker-blau-und-orange\/"},"modified":"2025-04-27T16:24:00","modified_gmt":"2025-04-27T16:24:00","slug":"porzellan-tache-ohrstecker-blau-und-orange","status":"publish","type":"product","link":"https:\/\/glowery.me\/de\/produkt\/porzellan-tache-ohrstecker-blau-und-orange\/","title":{"rendered":"Porzellan Tache Ohrstecker &#8211; Blau und Orange"},"content":{"rendered":"<p>Die <strong>Porzellan-Ohrring-Kollektion<\/strong> &#8222;Tache&#8220; ist ein Meisterwerk <strong>, inspiriert vom lebendigen Kunststil des Expressionismus<\/strong>.&nbsp;<\/p>\n<p>Die ausdrucksstarken &#8222;Tache&#8220; Ohrringe zeigen einzigartige Farbkombinationen mit spontanen Farbspritzern und -tropfen, gepaart mit goldenen Details.&nbsp;<br \/>Die Designerin Madara Rozent\u0101le wurde von der franz\u00f6sischen Kunstbewegung Tachisme inspiriert. Der Name kommt von dem franz\u00f6sischen Wort &#8218;tache&#8216;, das einen Fleck oder Spritzer bedeutet. <\/p>\n<ul>\n<li>\n<p>Gr\u00f6\u00dfe: 12 mm (0.47 in)<\/p>\n<\/li>\n<li>\n<p>Leichtgewicht: 2 g<\/p>\n<\/li>\n<li>\n<p>Hochwertiges Porzellan<\/p>\n<\/li>\n<li>\n<p>Handbemalt mit 24k Gold<\/p>\n<\/li>\n<li>\n<p>Ohrstecker aus Sterlingsilber (925) &#8211; hypoallergen<\/p>\n<\/li>\n<\/ul>\n<p>Alle Rozenthal-Schmuckst\u00fccke sind wundersch\u00f6n&nbsp;<strong>verpackt in einer Geschenkbox<\/strong>. Jedes St\u00fcck ist einzigartig. <\/p>\n","protected":false},"excerpt":{"rendered":"<p>Die <strong>Porzellan-Ohrring-Kollektion<\/strong> &#8222;Tache&#8220; ist ein Meisterwerk <strong>, inspiriert vom lebendigen Kunststil des Expressionismus<\/strong>.&nbsp;<\/p>\n<p>Die ausdrucksstarken &#8222;Tache&#8220; Ohrringe zeigen einzigartige Farbkombinationen mit spontanen Farbspritzern und -tropfen, gepaart mit goldenen Details.&nbsp;<br \/>Die Designerin Madara Rozent\u0101le wurde von der franz\u00f6sischen Kunstbewegung Tachisme inspiriert. Der Name stammt von dem franz\u00f6sischen Wort &#8218;tache&#8216;, was so viel wie Fleck oder Spritzer bedeutet. <\/p>\n<ul>\n<li>\n<p>Gr\u00f6\u00dfe: 12 mm (0.47 in)<\/p>\n<\/li>\n<li>\n<p>Leichtgewicht: 2 g<\/p>\n<\/li>\n<li>\n<p>Hochwertiges Porzellan<\/p>\n<\/li>\n<li>\n<p>Handbemalt mit 24k Gold<\/p>\n<\/li>\n<li>\n<p>Ohrstecker aus Sterlingsilber (925) &#8211; hypoallergen<\/p>\n<\/li>\n<\/ul>\n<p>Alle Rozenthal-Schmuckst\u00fccke sind wundersch\u00f6n&nbsp;<strong>verpackt in einer Geschenkbox<\/strong>. Jedes St\u00fcck ist einzigartig. <\/p>\n","protected":false},"featured_media":16762,"comment_status":"open","ping_status":"closed","template":"","meta":[],"product_brand":[],"product_cat":[128,126],"product_tag":[],"class_list":{"0":"post-22969","1":"product","2":"type-product","3":"status-publish","4":"has-post-thumbnail","6":"product_cat-ohrringe","7":"product_cat-schmuck","9":"first","10":"instock","11":"shipping-taxable","12":"purchasable","13":"product-type-simple"},"yoast_head":"<!-- This site is optimized with the Yoast SEO plugin v25.3 - https:\/\/yoast.com\/wordpress\/plugins\/seo\/ -->\n<title>Porzellan Tache Ohrstecker - Blau und Orange - Glowery<\/title>\n<meta name=\"robots\" content=\"index, follow, max-snippet:-1, max-image-preview:large, max-video-preview:-1\" \/>\n<link rel=\"canonical\" href=\"https:\/\/glowery.me\/de\/produkt\/porzellan-tache-ohrstecker-blau-und-orange\/\" \/>\n<meta property=\"og:locale\" content=\"de_DE\" \/>\n<meta property=\"og:type\" content=\"article\" \/>\n<meta property=\"og:title\" content=\"Porzellan Tache Ohrstecker - Blau und Orange - Glowery\" \/>\n<meta property=\"og:description\" content=\"Die Porzellan-Ohrring-Kollektion &quot;Tache&quot; ist ein Meisterwerk , inspiriert vom lebendigen Kunststil des Expressionismus.&nbsp;Die ausdrucksstarken &quot;Tache&quot; Ohrringe zeigen einzigartige Farbkombinationen mit spontanen Farbspritzern und -tropfen, gepaart mit goldenen Details.&nbsp;Die Designerin Madara Rozent\u0101le wurde von der franz\u00f6sischen Kunstbewegung Tachisme inspiriert. Der Name stammt von dem franz\u00f6sischen Wort &#039;tache&#039;, was so viel wie Fleck oder Spritzer bedeutet. Gr\u00f6\u00dfe: 12 mm (0.47 in)Leichtgewicht: 2 gHochwertiges PorzellanHandbemalt mit 24k GoldOhrstecker aus Sterlingsilber (925) - hypoallergenAlle Rozenthal-Schmuckst\u00fccke sind wundersch\u00f6n&nbsp;verpackt in einer Geschenkbox. Jedes St\u00fcck ist einzigartig.\" \/>\n<meta property=\"og:url\" content=\"https:\/\/glowery.me\/de\/produkt\/porzellan-tache-ohrstecker-blau-und-orange\/\" \/>\n<meta property=\"og:site_name\" content=\"Glowery\" \/>\n<meta property=\"article:publisher\" content=\"https:\/\/www.facebook.com\/profile.php?id=61575866108739\" \/>\n<meta property=\"og:image\" content=\"https:\/\/glowery.me\/wp-content\/uploads\/2025\/04\/porcelain-tache-studs-blue-orange-b9670cb2.jpg\" \/>\n\t<meta property=\"og:image:width\" content=\"416\" \/>\n\t<meta property=\"og:image:height\" content=\"624\" \/>\n\t<meta property=\"og:image:type\" content=\"image\/jpeg\" \/>\n<meta name=\"twitter:card\" content=\"summary_large_image\" \/>\n<script type=\"application\/ld+json\" class=\"yoast-schema-graph\">{\"@context\":\"https:\/\/schema.org\",\"@graph\":[{\"@type\":\"WebPage\",\"@id\":\"https:\/\/glowery.me\/de\/produkt\/porzellan-tache-ohrstecker-blau-und-orange\/\",\"url\":\"https:\/\/glowery.me\/de\/produkt\/porzellan-tache-ohrstecker-blau-und-orange\/\",\"name\":\"Porzellan Tache Ohrstecker - Blau und Orange - Glowery\",\"isPartOf\":{\"@id\":\"https:\/\/glowery.me\/#website\"},\"primaryImageOfPage\":{\"@id\":\"https:\/\/glowery.me\/de\/produkt\/porzellan-tache-ohrstecker-blau-und-orange\/#primaryimage\"},\"image\":{\"@id\":\"https:\/\/glowery.me\/de\/produkt\/porzellan-tache-ohrstecker-blau-und-orange\/#primaryimage\"},\"thumbnailUrl\":\"https:\/\/glowery.me\/wp-content\/uploads\/2025\/04\/porcelain-tache-studs-blue-orange-b9670cb2.jpg\",\"datePublished\":\"2025-04-27T16:24:00+00:00\",\"breadcrumb\":{\"@id\":\"https:\/\/glowery.me\/de\/produkt\/porzellan-tache-ohrstecker-blau-und-orange\/#breadcrumb\"},\"inLanguage\":\"de\",\"potentialAction\":[{\"@type\":\"ReadAction\",\"target\":[\"https:\/\/glowery.me\/de\/produkt\/porzellan-tache-ohrstecker-blau-und-orange\/\"]}]},{\"@type\":\"ImageObject\",\"inLanguage\":\"de\",\"@id\":\"https:\/\/glowery.me\/de\/produkt\/porzellan-tache-ohrstecker-blau-und-orange\/#primaryimage\",\"url\":\"https:\/\/glowery.me\/wp-content\/uploads\/2025\/04\/porcelain-tache-studs-blue-orange-b9670cb2.jpg\",\"contentUrl\":\"https:\/\/glowery.me\/wp-content\/uploads\/2025\/04\/porcelain-tache-studs-blue-orange-b9670cb2.jpg\",\"width\":416,\"height\":624},{\"@type\":\"BreadcrumbList\",\"@id\":\"https:\/\/glowery.me\/de\/produkt\/porzellan-tache-ohrstecker-blau-und-orange\/#breadcrumb\",\"itemListElement\":[{\"@type\":\"ListItem\",\"position\":1,\"name\":\"Home\",\"item\":\"https:\/\/glowery.me\/de\/startseite\/\"},{\"@type\":\"ListItem\",\"position\":2,\"name\":\"Shop\",\"item\":\"https:\/\/glowery.me\/de\/shop\/\"},{\"@type\":\"ListItem\",\"position\":3,\"name\":\"Porzellan Tache Ohrstecker &#8211; Blau und Orange\"}]},{\"@type\":\"WebSite\",\"@id\":\"https:\/\/glowery.me\/#website\",\"url\":\"https:\/\/glowery.me\/\",\"name\":\"Glowery\",\"description\":\"Stilvolle Essentials \u2013 von zeitlosem Schmuck \u00fcber elegante Taschen und Schuhe bis hin zu ausgew\u00e4hlten Kleidern und nat\u00fcrlicher Kosmetik.\",\"publisher\":{\"@id\":\"https:\/\/glowery.me\/#organization\"},\"potentialAction\":[{\"@type\":\"SearchAction\",\"target\":{\"@type\":\"EntryPoint\",\"urlTemplate\":\"https:\/\/glowery.me\/?s={search_term_string}\"},\"query-input\":{\"@type\":\"PropertyValueSpecification\",\"valueRequired\":true,\"valueName\":\"search_term_string\"}}],\"inLanguage\":\"de\"},{\"@type\":\"Organization\",\"@id\":\"https:\/\/glowery.me\/#organization\",\"name\":\"Glowery\",\"url\":\"https:\/\/glowery.me\/\",\"logo\":{\"@type\":\"ImageObject\",\"inLanguage\":\"de\",\"@id\":\"https:\/\/glowery.me\/#\/schema\/logo\/image\/\",\"url\":\"https:\/\/glowery.me\/wp-content\/uploads\/2025\/05\/Glowery-e1746421067847.png\",\"contentUrl\":\"https:\/\/glowery.me\/wp-content\/uploads\/2025\/05\/Glowery-e1746421067847.png\",\"width\":494,\"height\":146,\"caption\":\"Glowery\"},\"image\":{\"@id\":\"https:\/\/glowery.me\/#\/schema\/logo\/image\/\"},\"sameAs\":[\"https:\/\/www.facebook.com\/profile.php?id=61575866108739\",\"https:\/\/www.instagram.com\/glowery.me\",\"https:\/\/www.tiktok.com\/@glowery.me?_t=ZN-8wLhgUVkGCk&_r=1\"]}]}<\/script>\n<!-- \/ Yoast SEO plugin. -->","yoast_head_json":{"title":"Porzellan Tache Ohrstecker - Blau und Orange - Glowery","robots":{"index":"index","follow":"follow","max-snippet":"max-snippet:-1","max-image-preview":"max-image-preview:large","max-video-preview":"max-video-preview:-1"},"canonical":"https:\/\/glowery.me\/de\/produkt\/porzellan-tache-ohrstecker-blau-und-orange\/","og_locale":"de_DE","og_type":"article","og_title":"Porzellan Tache Ohrstecker - Blau und Orange - Glowery","og_description":"Die Porzellan-Ohrring-Kollektion \"Tache\" ist ein Meisterwerk , inspiriert vom lebendigen Kunststil des Expressionismus.&nbsp;Die ausdrucksstarken \"Tache\" Ohrringe zeigen einzigartige Farbkombinationen mit spontanen Farbspritzern und -tropfen, gepaart mit goldenen Details.&nbsp;Die Designerin Madara Rozent\u0101le wurde von der franz\u00f6sischen Kunstbewegung Tachisme inspiriert. Der Name stammt von dem franz\u00f6sischen Wort 'tache', was so viel wie Fleck oder Spritzer bedeutet. Gr\u00f6\u00dfe: 12 mm (0.47 in)Leichtgewicht: 2 gHochwertiges PorzellanHandbemalt mit 24k GoldOhrstecker aus Sterlingsilber (925) - hypoallergenAlle Rozenthal-Schmuckst\u00fccke sind wundersch\u00f6n&nbsp;verpackt in einer Geschenkbox. Jedes St\u00fcck ist einzigartig.","og_url":"https:\/\/glowery.me\/de\/produkt\/porzellan-tache-ohrstecker-blau-und-orange\/","og_site_name":"Glowery","article_publisher":"https:\/\/www.facebook.com\/profile.php?id=61575866108739","og_image":[{"width":416,"height":624,"url":"https:\/\/glowery.me\/wp-content\/uploads\/2025\/04\/porcelain-tache-studs-blue-orange-b9670cb2.jpg","type":"image\/jpeg"}],"twitter_card":"summary_large_image","schema":{"@context":"https:\/\/schema.org","@graph":[{"@type":"WebPage","@id":"https:\/\/glowery.me\/de\/produkt\/porzellan-tache-ohrstecker-blau-und-orange\/","url":"https:\/\/glowery.me\/de\/produkt\/porzellan-tache-ohrstecker-blau-und-orange\/","name":"Porzellan Tache Ohrstecker - Blau und Orange - Glowery","isPartOf":{"@id":"https:\/\/glowery.me\/#website"},"primaryImageOfPage":{"@id":"https:\/\/glowery.me\/de\/produkt\/porzellan-tache-ohrstecker-blau-und-orange\/#primaryimage"},"image":{"@id":"https:\/\/glowery.me\/de\/produkt\/porzellan-tache-ohrstecker-blau-und-orange\/#primaryimage"},"thumbnailUrl":"https:\/\/glowery.me\/wp-content\/uploads\/2025\/04\/porcelain-tache-studs-blue-orange-b9670cb2.jpg","datePublished":"2025-04-27T16:24:00+00:00","breadcrumb":{"@id":"https:\/\/glowery.me\/de\/produkt\/porzellan-tache-ohrstecker-blau-und-orange\/#breadcrumb"},"inLanguage":"de","potentialAction":[{"@type":"ReadAction","target":["https:\/\/glowery.me\/de\/produkt\/porzellan-tache-ohrstecker-blau-und-orange\/"]}]},{"@type":"ImageObject","inLanguage":"de","@id":"https:\/\/glowery.me\/de\/produkt\/porzellan-tache-ohrstecker-blau-und-orange\/#primaryimage","url":"https:\/\/glowery.me\/wp-content\/uploads\/2025\/04\/porcelain-tache-studs-blue-orange-b9670cb2.jpg","contentUrl":"https:\/\/glowery.me\/wp-content\/uploads\/2025\/04\/porcelain-tache-studs-blue-orange-b9670cb2.jpg","width":416,"height":624},{"@type":"BreadcrumbList","@id":"https:\/\/glowery.me\/de\/produkt\/porzellan-tache-ohrstecker-blau-und-orange\/#breadcrumb","itemListElement":[{"@type":"ListItem","position":1,"name":"Home","item":"https:\/\/glowery.me\/de\/startseite\/"},{"@type":"ListItem","position":2,"name":"Shop","item":"https:\/\/glowery.me\/de\/shop\/"},{"@type":"ListItem","position":3,"name":"Porzellan Tache Ohrstecker &#8211; Blau und Orange"}]},{"@type":"WebSite","@id":"https:\/\/glowery.me\/#website","url":"https:\/\/glowery.me\/","name":"Glowery","description":"Stilvolle Essentials \u2013 von zeitlosem Schmuck \u00fcber elegante Taschen und Schuhe bis hin zu ausgew\u00e4hlten Kleidern und nat\u00fcrlicher Kosmetik.","publisher":{"@id":"https:\/\/glowery.me\/#organization"},"potentialAction":[{"@type":"SearchAction","target":{"@type":"EntryPoint","urlTemplate":"https:\/\/glowery.me\/?s={search_term_string}"},"query-input":{"@type":"PropertyValueSpecification","valueRequired":true,"valueName":"search_term_string"}}],"inLanguage":"de"},{"@type":"Organization","@id":"https:\/\/glowery.me\/#organization","name":"Glowery","url":"https:\/\/glowery.me\/","logo":{"@type":"ImageObject","inLanguage":"de","@id":"https:\/\/glowery.me\/#\/schema\/logo\/image\/","url":"https:\/\/glowery.me\/wp-content\/uploads\/2025\/05\/Glowery-e1746421067847.png","contentUrl":"https:\/\/glowery.me\/wp-content\/uploads\/2025\/05\/Glowery-e1746421067847.png","width":494,"height":146,"caption":"Glowery"},"image":{"@id":"https:\/\/glowery.me\/#\/schema\/logo\/image\/"},"sameAs":["https:\/\/www.facebook.com\/profile.php?id=61575866108739","https:\/\/www.instagram.com\/glowery.me","https:\/\/www.tiktok.com\/@glowery.me?_t=ZN-8wLhgUVkGCk&_r=1"]}]}},"jetpack_sharing_enabled":true,"_links":{"self":[{"href":"https:\/\/glowery.me\/de\/wp-json\/wp\/v2\/product\/22969","targetHints":{"allow":["GET"]}}],"collection":[{"href":"https:\/\/glowery.me\/de\/wp-json\/wp\/v2\/product"}],"about":[{"href":"https:\/\/glowery.me\/de\/wp-json\/wp\/v2\/types\/product"}],"replies":[{"embeddable":true,"href":"https:\/\/glowery.me\/de\/wp-json\/wp\/v2\/comments?post=22969"}],"wp:featuredmedia":[{"embeddable":true,"href":"https:\/\/glowery.me\/de\/wp-json\/wp\/v2\/media\/16762"}],"wp:attachment":[{"href":"https:\/\/glowery.me\/de\/wp-json\/wp\/v2\/media?parent=22969"}],"wp:term":[{"taxonomy":"product_brand","embeddable":true,"href":"https:\/\/glowery.me\/de\/wp-json\/wp\/v2\/product_brand?post=22969"},{"taxonomy":"product_cat","embeddable":true,"href":"https:\/\/glowery.me\/de\/wp-json\/wp\/v2\/product_cat?post=22969"},{"taxonomy":"product_tag","embeddable":true,"href":"https:\/\/glowery.me\/de\/wp-json\/wp\/v2\/product_tag?post=22969"}],"curies":[{"name":"wp","href":"https:\/\/api.w.org\/{rel}","templated":true}]}}