{"id":22988,"date":"2025-04-27T16:24:00","date_gmt":"2025-04-27T16:24:00","guid":{"rendered":"https:\/\/glowery.me\/produkt\/flache-obere-ohrmanschette-gold\/"},"modified":"2025-04-27T16:24:00","modified_gmt":"2025-04-27T16:24:00","slug":"flache-obere-ohrmanschette-gold","status":"publish","type":"product","link":"https:\/\/glowery.me\/de\/produkt\/flache-obere-ohrmanschette-gold\/","title":{"rendered":"Flache obere Ohrmanschette &#8211; Gold"},"content":{"rendered":"<p>NO MORE cuff studio bringt Ihnen die glatteste Ohrmanschette von allen.  Sie haben genau die richtige Gr\u00f6\u00dfe, um von allen angesehen zu werden, und Sie werden sie nicht einmal sp\u00fcren.<\/p>\n<p><strong>Profi-Tipp:<\/strong><\/p>\n<p>Ziehen Sie den d\u00fcnnsten Teil Ihrer oberen Helix und schieben Sie den runden Teil \u00fcber den Knorpel. Drehen Sie den l\u00e4ngeren Teil hinter Ihr Ohr und schieben Sie ihn auf und ab, bis er fest auf Ihrem Ohr sitzt und Sie ihn nicht mehr sp\u00fcren k\u00f6nnen. <\/p>\n<\/p>\n<p><strong>Details:&nbsp;<\/strong><\/p>\n<ul>\n<li>\n<p>Materialien: Sterling Silber, 24k Gold Vermeil<\/p>\n<\/li>\n<li>\n<p>Breite: 4mm<\/p>\n<\/li>\n<li>\n<p>Dicke: 0,84 mm<\/p>\n<\/li>\n<li>\n<p>Gewicht: 0.85g<\/p>\n<\/li>\n<li>\n<p>Der Schmuck wird in einer nachhaltigen Verpackung geliefert<\/p>\n<\/li>\n<li>\n<p>Nachhaltig handgefertigt in Litauen und den Niederlanden<\/p>\n<\/li>\n<\/ul>\n<p>NO MORE steht hinter der Qualit\u00e4t seines Silberschmucks und bietet eine <strong>zweij\u00e4hrige Garantie<\/strong> auf alle Produkte. Wenn Ihr Silberschmuck mit M\u00e4ngeln oder Sch\u00e4den aufgrund der Herstellung ankommt, werden wir ihn kostenlos reparieren oder ersetzen.  Die Garantie deckt auch das Verblassen von vergoldetem Schmuck ab.<\/p>\n<p>Bitte beachten Sie, dass die Garantie nicht f\u00fcr normale Abnutzungserscheinungen, versehentliche Sch\u00e4den oder Sch\u00e4den, die durch unsachgem\u00e4\u00dfe Pflege oder Verwendung des Schmucks verursacht wurden, gilt.<\/p>\n","protected":false},"excerpt":{"rendered":"<p>NO MORE cuff studio bringt Ihnen die glatteste Ohrmanschette von allen.  Sie haben genau die richtige Gr\u00f6\u00dfe, um von allen angesehen zu werden, und Sie werden sie nicht einmal sp\u00fcren.<\/p>\n<p><strong>Profi-Tipp:<\/strong><\/p>\n<p>Ziehen Sie den d\u00fcnnsten Teil Ihrer oberen Helix und schieben Sie den runden Teil \u00fcber den Knorpel. Drehen Sie den l\u00e4ngeren Teil hinter Ihr Ohr und schieben Sie ihn auf und ab, bis er fest auf Ihrem Ohr sitzt und Sie ihn nicht mehr sp\u00fcren k\u00f6nnen. <\/p>\n<\/p>\n<p><strong>Details:&nbsp;<\/strong><\/p>\n<ul>\n<li>\n<p>Materialien: Sterling Silber, 24k Gold Vermeil<\/p>\n<\/li>\n<li>\n<p>Breite: 4mm<\/p>\n<\/li>\n<li>\n<p>Dicke: 0,84 mm<\/p>\n<\/li>\n<li>\n<p>Gewicht: 0.85g<\/p>\n<\/li>\n<li>\n<p>Der Schmuck wird in einer nachhaltigen Verpackung geliefert<\/p>\n<\/li>\n<li>\n<p>Nachhaltig handgefertigt in Litauen und den Niederlanden<\/p>\n<\/li>\n<\/ul>\n<p>NO MORE steht hinter der Qualit\u00e4t seines Silberschmucks und bietet eine <strong>zweij\u00e4hrige Garantie<\/strong> auf alle Produkte. Wenn Ihr Silberschmuck mit M\u00e4ngeln oder Sch\u00e4den aufgrund der Herstellung ankommt, werden wir ihn kostenlos reparieren oder ersetzen. Die Garantie deckt auch das Verblassen von vergoldetem Schmuck ab.  <\/p>\n<p>Bitte beachten Sie, dass die Garantie nicht f\u00fcr normale Abnutzungserscheinungen, versehentliche Sch\u00e4den oder Sch\u00e4den, die durch unsachgem\u00e4\u00dfe Pflege oder Verwendung des Schmucks verursacht wurden, gilt.<\/p>\n","protected":false},"featured_media":16828,"comment_status":"open","ping_status":"closed","template":"","meta":[],"product_brand":[],"product_cat":[151,126],"product_tag":[],"class_list":{"0":"post-22988","1":"product","2":"type-product","3":"status-publish","4":"has-post-thumbnail","6":"product_cat-ohrklemmen-de","7":"product_cat-schmuck","9":"first","10":"instock","11":"shipping-taxable","12":"purchasable","13":"product-type-simple"},"yoast_head":"<!-- This site is optimized with the Yoast SEO plugin v25.3 - https:\/\/yoast.com\/wordpress\/plugins\/seo\/ -->\n<title>Flache obere Ohrmanschette - Gold - Glowery<\/title>\n<meta name=\"robots\" content=\"index, follow, max-snippet:-1, max-image-preview:large, max-video-preview:-1\" \/>\n<link rel=\"canonical\" href=\"https:\/\/glowery.me\/de\/produkt\/flache-obere-ohrmanschette-gold\/\" \/>\n<meta property=\"og:locale\" content=\"de_DE\" \/>\n<meta property=\"og:type\" content=\"article\" \/>\n<meta property=\"og:title\" content=\"Flache obere Ohrmanschette - Gold - Glowery\" \/>\n<meta property=\"og:description\" content=\"NO MORE cuff studio bringt Ihnen die glatteste Ohrmanschette von allen. Sie haben genau die richtige Gr\u00f6\u00dfe, um von allen angesehen zu werden, und Sie werden sie nicht einmal sp\u00fcren.Profi-Tipp:Ziehen Sie den d\u00fcnnsten Teil Ihrer oberen Helix und schieben Sie den runden Teil \u00fcber den Knorpel. Drehen Sie den l\u00e4ngeren Teil hinter Ihr Ohr und schieben Sie ihn auf und ab, bis er fest auf Ihrem Ohr sitzt und Sie ihn nicht mehr sp\u00fcren k\u00f6nnen. Details:&nbsp;Materialien: Sterling Silber, 24k Gold VermeilBreite: 4mmDicke: 0,84 mmGewicht: 0.85gDer Schmuck wird in einer nachhaltigen Verpackung geliefertNachhaltig handgefertigt in Litauen und den NiederlandenNO MORE steht hinter der Qualit\u00e4t seines Silberschmucks und bietet eine zweij\u00e4hrige Garantie auf alle Produkte. Wenn Ihr Silberschmuck mit M\u00e4ngeln oder Sch\u00e4den aufgrund der Herstellung ankommt, werden wir ihn kostenlos reparieren oder ersetzen. Die Garantie deckt auch das Verblassen von vergoldetem Schmuck ab. Bitte beachten Sie, dass die Garantie nicht f\u00fcr normale Abnutzungserscheinungen, versehentliche Sch\u00e4den oder Sch\u00e4den, die durch unsachgem\u00e4\u00dfe Pflege oder Verwendung des Schmucks verursacht wurden, gilt.\" \/>\n<meta property=\"og:url\" content=\"https:\/\/glowery.me\/de\/produkt\/flache-obere-ohrmanschette-gold\/\" \/>\n<meta property=\"og:site_name\" content=\"Glowery\" \/>\n<meta property=\"article:publisher\" content=\"https:\/\/www.facebook.com\/profile.php?id=61575866108739\" \/>\n<meta property=\"og:image\" content=\"https:\/\/glowery.me\/wp-content\/uploads\/2025\/04\/flat-upper-ear-cuff-gold-0a25766d.jpg\" \/>\n\t<meta property=\"og:image:width\" content=\"1358\" \/>\n\t<meta property=\"og:image:height\" content=\"1920\" \/>\n\t<meta property=\"og:image:type\" content=\"image\/jpeg\" \/>\n<meta name=\"twitter:card\" content=\"summary_large_image\" \/>\n<meta name=\"twitter:label1\" content=\"Gesch\u00e4tzte Lesezeit\" \/>\n\t<meta name=\"twitter:data1\" content=\"1\u00a0Minute\" \/>\n<script type=\"application\/ld+json\" class=\"yoast-schema-graph\">{\"@context\":\"https:\/\/schema.org\",\"@graph\":[{\"@type\":\"WebPage\",\"@id\":\"https:\/\/glowery.me\/de\/produkt\/flache-obere-ohrmanschette-gold\/\",\"url\":\"https:\/\/glowery.me\/de\/produkt\/flache-obere-ohrmanschette-gold\/\",\"name\":\"Flache obere Ohrmanschette - Gold - Glowery\",\"isPartOf\":{\"@id\":\"https:\/\/glowery.me\/#website\"},\"primaryImageOfPage\":{\"@id\":\"https:\/\/glowery.me\/de\/produkt\/flache-obere-ohrmanschette-gold\/#primaryimage\"},\"image\":{\"@id\":\"https:\/\/glowery.me\/de\/produkt\/flache-obere-ohrmanschette-gold\/#primaryimage\"},\"thumbnailUrl\":\"https:\/\/glowery.me\/wp-content\/uploads\/2025\/04\/flat-upper-ear-cuff-gold-0a25766d.jpg\",\"datePublished\":\"2025-04-27T16:24:00+00:00\",\"breadcrumb\":{\"@id\":\"https:\/\/glowery.me\/de\/produkt\/flache-obere-ohrmanschette-gold\/#breadcrumb\"},\"inLanguage\":\"de\",\"potentialAction\":[{\"@type\":\"ReadAction\",\"target\":[\"https:\/\/glowery.me\/de\/produkt\/flache-obere-ohrmanschette-gold\/\"]}]},{\"@type\":\"ImageObject\",\"inLanguage\":\"de\",\"@id\":\"https:\/\/glowery.me\/de\/produkt\/flache-obere-ohrmanschette-gold\/#primaryimage\",\"url\":\"https:\/\/glowery.me\/wp-content\/uploads\/2025\/04\/flat-upper-ear-cuff-gold-0a25766d.jpg\",\"contentUrl\":\"https:\/\/glowery.me\/wp-content\/uploads\/2025\/04\/flat-upper-ear-cuff-gold-0a25766d.jpg\",\"width\":1358,\"height\":1920},{\"@type\":\"BreadcrumbList\",\"@id\":\"https:\/\/glowery.me\/de\/produkt\/flache-obere-ohrmanschette-gold\/#breadcrumb\",\"itemListElement\":[{\"@type\":\"ListItem\",\"position\":1,\"name\":\"Home\",\"item\":\"https:\/\/glowery.me\/de\/startseite\/\"},{\"@type\":\"ListItem\",\"position\":2,\"name\":\"Shop\",\"item\":\"https:\/\/glowery.me\/de\/shop\/\"},{\"@type\":\"ListItem\",\"position\":3,\"name\":\"Flache obere Ohrmanschette &#8211; Gold\"}]},{\"@type\":\"WebSite\",\"@id\":\"https:\/\/glowery.me\/#website\",\"url\":\"https:\/\/glowery.me\/\",\"name\":\"Glowery\",\"description\":\"Stilvolle Essentials \u2013 von zeitlosem Schmuck \u00fcber elegante Taschen und Schuhe bis hin zu ausgew\u00e4hlten Kleidern und nat\u00fcrlicher Kosmetik.\",\"publisher\":{\"@id\":\"https:\/\/glowery.me\/#organization\"},\"potentialAction\":[{\"@type\":\"SearchAction\",\"target\":{\"@type\":\"EntryPoint\",\"urlTemplate\":\"https:\/\/glowery.me\/?s={search_term_string}\"},\"query-input\":{\"@type\":\"PropertyValueSpecification\",\"valueRequired\":true,\"valueName\":\"search_term_string\"}}],\"inLanguage\":\"de\"},{\"@type\":\"Organization\",\"@id\":\"https:\/\/glowery.me\/#organization\",\"name\":\"Glowery\",\"url\":\"https:\/\/glowery.me\/\",\"logo\":{\"@type\":\"ImageObject\",\"inLanguage\":\"de\",\"@id\":\"https:\/\/glowery.me\/#\/schema\/logo\/image\/\",\"url\":\"https:\/\/glowery.me\/wp-content\/uploads\/2025\/05\/Glowery-e1746421067847.png\",\"contentUrl\":\"https:\/\/glowery.me\/wp-content\/uploads\/2025\/05\/Glowery-e1746421067847.png\",\"width\":494,\"height\":146,\"caption\":\"Glowery\"},\"image\":{\"@id\":\"https:\/\/glowery.me\/#\/schema\/logo\/image\/\"},\"sameAs\":[\"https:\/\/www.facebook.com\/profile.php?id=61575866108739\",\"https:\/\/www.instagram.com\/glowery.me\",\"https:\/\/www.tiktok.com\/@glowery.me?_t=ZN-8wLhgUVkGCk&_r=1\"]}]}<\/script>\n<!-- \/ Yoast SEO plugin. -->","yoast_head_json":{"title":"Flache obere Ohrmanschette - Gold - Glowery","robots":{"index":"index","follow":"follow","max-snippet":"max-snippet:-1","max-image-preview":"max-image-preview:large","max-video-preview":"max-video-preview:-1"},"canonical":"https:\/\/glowery.me\/de\/produkt\/flache-obere-ohrmanschette-gold\/","og_locale":"de_DE","og_type":"article","og_title":"Flache obere Ohrmanschette - Gold - Glowery","og_description":"NO MORE cuff studio bringt Ihnen die glatteste Ohrmanschette von allen. Sie haben genau die richtige Gr\u00f6\u00dfe, um von allen angesehen zu werden, und Sie werden sie nicht einmal sp\u00fcren.Profi-Tipp:Ziehen Sie den d\u00fcnnsten Teil Ihrer oberen Helix und schieben Sie den runden Teil \u00fcber den Knorpel. Drehen Sie den l\u00e4ngeren Teil hinter Ihr Ohr und schieben Sie ihn auf und ab, bis er fest auf Ihrem Ohr sitzt und Sie ihn nicht mehr sp\u00fcren k\u00f6nnen. Details:&nbsp;Materialien: Sterling Silber, 24k Gold VermeilBreite: 4mmDicke: 0,84 mmGewicht: 0.85gDer Schmuck wird in einer nachhaltigen Verpackung geliefertNachhaltig handgefertigt in Litauen und den NiederlandenNO MORE steht hinter der Qualit\u00e4t seines Silberschmucks und bietet eine zweij\u00e4hrige Garantie auf alle Produkte. Wenn Ihr Silberschmuck mit M\u00e4ngeln oder Sch\u00e4den aufgrund der Herstellung ankommt, werden wir ihn kostenlos reparieren oder ersetzen. Die Garantie deckt auch das Verblassen von vergoldetem Schmuck ab. Bitte beachten Sie, dass die Garantie nicht f\u00fcr normale Abnutzungserscheinungen, versehentliche Sch\u00e4den oder Sch\u00e4den, die durch unsachgem\u00e4\u00dfe Pflege oder Verwendung des Schmucks verursacht wurden, gilt.","og_url":"https:\/\/glowery.me\/de\/produkt\/flache-obere-ohrmanschette-gold\/","og_site_name":"Glowery","article_publisher":"https:\/\/www.facebook.com\/profile.php?id=61575866108739","og_image":[{"width":1358,"height":1920,"url":"https:\/\/glowery.me\/wp-content\/uploads\/2025\/04\/flat-upper-ear-cuff-gold-0a25766d.jpg","type":"image\/jpeg"}],"twitter_card":"summary_large_image","twitter_misc":{"Gesch\u00e4tzte Lesezeit":"1\u00a0Minute"},"schema":{"@context":"https:\/\/schema.org","@graph":[{"@type":"WebPage","@id":"https:\/\/glowery.me\/de\/produkt\/flache-obere-ohrmanschette-gold\/","url":"https:\/\/glowery.me\/de\/produkt\/flache-obere-ohrmanschette-gold\/","name":"Flache obere Ohrmanschette - Gold - Glowery","isPartOf":{"@id":"https:\/\/glowery.me\/#website"},"primaryImageOfPage":{"@id":"https:\/\/glowery.me\/de\/produkt\/flache-obere-ohrmanschette-gold\/#primaryimage"},"image":{"@id":"https:\/\/glowery.me\/de\/produkt\/flache-obere-ohrmanschette-gold\/#primaryimage"},"thumbnailUrl":"https:\/\/glowery.me\/wp-content\/uploads\/2025\/04\/flat-upper-ear-cuff-gold-0a25766d.jpg","datePublished":"2025-04-27T16:24:00+00:00","breadcrumb":{"@id":"https:\/\/glowery.me\/de\/produkt\/flache-obere-ohrmanschette-gold\/#breadcrumb"},"inLanguage":"de","potentialAction":[{"@type":"ReadAction","target":["https:\/\/glowery.me\/de\/produkt\/flache-obere-ohrmanschette-gold\/"]}]},{"@type":"ImageObject","inLanguage":"de","@id":"https:\/\/glowery.me\/de\/produkt\/flache-obere-ohrmanschette-gold\/#primaryimage","url":"https:\/\/glowery.me\/wp-content\/uploads\/2025\/04\/flat-upper-ear-cuff-gold-0a25766d.jpg","contentUrl":"https:\/\/glowery.me\/wp-content\/uploads\/2025\/04\/flat-upper-ear-cuff-gold-0a25766d.jpg","width":1358,"height":1920},{"@type":"BreadcrumbList","@id":"https:\/\/glowery.me\/de\/produkt\/flache-obere-ohrmanschette-gold\/#breadcrumb","itemListElement":[{"@type":"ListItem","position":1,"name":"Home","item":"https:\/\/glowery.me\/de\/startseite\/"},{"@type":"ListItem","position":2,"name":"Shop","item":"https:\/\/glowery.me\/de\/shop\/"},{"@type":"ListItem","position":3,"name":"Flache obere Ohrmanschette &#8211; Gold"}]},{"@type":"WebSite","@id":"https:\/\/glowery.me\/#website","url":"https:\/\/glowery.me\/","name":"Glowery","description":"Stilvolle Essentials \u2013 von zeitlosem Schmuck \u00fcber elegante Taschen und Schuhe bis hin zu ausgew\u00e4hlten Kleidern und nat\u00fcrlicher Kosmetik.","publisher":{"@id":"https:\/\/glowery.me\/#organization"},"potentialAction":[{"@type":"SearchAction","target":{"@type":"EntryPoint","urlTemplate":"https:\/\/glowery.me\/?s={search_term_string}"},"query-input":{"@type":"PropertyValueSpecification","valueRequired":true,"valueName":"search_term_string"}}],"inLanguage":"de"},{"@type":"Organization","@id":"https:\/\/glowery.me\/#organization","name":"Glowery","url":"https:\/\/glowery.me\/","logo":{"@type":"ImageObject","inLanguage":"de","@id":"https:\/\/glowery.me\/#\/schema\/logo\/image\/","url":"https:\/\/glowery.me\/wp-content\/uploads\/2025\/05\/Glowery-e1746421067847.png","contentUrl":"https:\/\/glowery.me\/wp-content\/uploads\/2025\/05\/Glowery-e1746421067847.png","width":494,"height":146,"caption":"Glowery"},"image":{"@id":"https:\/\/glowery.me\/#\/schema\/logo\/image\/"},"sameAs":["https:\/\/www.facebook.com\/profile.php?id=61575866108739","https:\/\/www.instagram.com\/glowery.me","https:\/\/www.tiktok.com\/@glowery.me?_t=ZN-8wLhgUVkGCk&_r=1"]}]}},"jetpack_sharing_enabled":true,"_links":{"self":[{"href":"https:\/\/glowery.me\/de\/wp-json\/wp\/v2\/product\/22988","targetHints":{"allow":["GET"]}}],"collection":[{"href":"https:\/\/glowery.me\/de\/wp-json\/wp\/v2\/product"}],"about":[{"href":"https:\/\/glowery.me\/de\/wp-json\/wp\/v2\/types\/product"}],"replies":[{"embeddable":true,"href":"https:\/\/glowery.me\/de\/wp-json\/wp\/v2\/comments?post=22988"}],"wp:featuredmedia":[{"embeddable":true,"href":"https:\/\/glowery.me\/de\/wp-json\/wp\/v2\/media\/16828"}],"wp:attachment":[{"href":"https:\/\/glowery.me\/de\/wp-json\/wp\/v2\/media?parent=22988"}],"wp:term":[{"taxonomy":"product_brand","embeddable":true,"href":"https:\/\/glowery.me\/de\/wp-json\/wp\/v2\/product_brand?post=22988"},{"taxonomy":"product_cat","embeddable":true,"href":"https:\/\/glowery.me\/de\/wp-json\/wp\/v2\/product_cat?post=22988"},{"taxonomy":"product_tag","embeddable":true,"href":"https:\/\/glowery.me\/de\/wp-json\/wp\/v2\/product_tag?post=22988"}],"curies":[{"name":"wp","href":"https:\/\/api.w.org\/{rel}","templated":true}]}}