{"id":23003,"date":"2025-04-27T16:24:00","date_gmt":"2025-04-27T16:24:00","guid":{"rendered":"https:\/\/glowery.me\/produkt\/gepunktete-porzellan-herz-ohrstecker-blau\/"},"modified":"2025-04-27T16:24:00","modified_gmt":"2025-04-27T16:24:00","slug":"gepunktete-porzellan-herz-ohrstecker-blau","status":"publish","type":"product","link":"https:\/\/glowery.me\/de\/produkt\/gepunktete-porzellan-herz-ohrstecker-blau\/","title":{"rendered":"Gepunktete Porzellan Herz Ohrstecker &#8211; Blau"},"content":{"rendered":"<p>H\u00fcbsche Herz-Ohrringe verleihen jedem Outfit einen besonderen Charme. Sie symbolisieren Selbstliebe und Liebe f\u00fcr andere. <\/p>\n<ul>\n<li>\n<p><strong>Die Ohrstecker aus Sterlingsilber (925)<\/strong> sind <strong>hypoallergen<\/strong> und sicher f\u00fcr empfindliche Haut.&nbsp;<\/p>\n<\/li>\n<li>\n<p>F\u00fcr einen Hauch von Luxus ist der Schmuck mit <strong>24 Karat Gold<\/strong> handbemalt.<\/p>\n<\/li>\n<li>\n<p>Gr\u00f6\u00dfe: 14 x 14 mm (0,55 x 0,55 Zoll)<\/p>\n<\/li>\n<li>\n<p>Leichtgewicht: 2g<\/p>\n<\/li>\n<li>\n<p>Hochwertiges Porzellan<\/p>\n<\/li>\n<\/ul>\n<p>Die <strong>Herz-Ohrringe <\/strong>werden <strong>in Lettland <\/strong>vom Rozenthal-Team <strong>handgefertigt <\/strong>. Kein Paar ist identisch und das ist das Sch\u00f6ne an handgefertigtem Schmuck! <\/p>\n<p>Alle Rozenthal-Schmuckst\u00fccke sind wundersch\u00f6n <strong>in einer Geschenkbox verpackt<\/strong>.<\/p>\n","protected":false},"excerpt":{"rendered":"<p>H\u00fcbsche Herz-Ohrringe verleihen jedem Outfit einen besonderen Charme. Sie symbolisieren Selbstliebe und Liebe f\u00fcr andere. <\/p>\n<ul>\n<li>\n<p><strong>Die Ohrstecker aus Sterlingsilber (925)<\/strong> sind <strong>hypoallergen<\/strong> und sicher f\u00fcr empfindliche Haut.&nbsp;<\/p>\n<\/li>\n<li>\n<p>F\u00fcr einen Hauch von Luxus ist der Schmuck mit <strong>24 Karat Gold<\/strong> handbemalt.<\/p>\n<\/li>\n<li>\n<p>Gr\u00f6\u00dfe: 14 x 14 mm (0,55 x 0,55 Zoll)<\/p>\n<\/li>\n<li>\n<p>Leichtgewicht: 2g<\/p>\n<\/li>\n<li>\n<p>Hochwertiges Porzellan<\/p>\n<\/li>\n<\/ul>\n<p>Die <strong>Herz-Ohrringe <\/strong>werden <strong>in Lettland <\/strong>vom Rozenthal-Team <strong>handgefertigt <\/strong>. Kein Paar ist identisch und das ist das Sch\u00f6ne an handgefertigtem Schmuck! <\/p>\n<p>Alle Rozenthal-Schmuckst\u00fccke sind wundersch\u00f6n <strong>in einer Geschenkbox verpackt<\/strong>.<\/p>\n","protected":false},"featured_media":16909,"comment_status":"open","ping_status":"closed","template":"","meta":[],"product_brand":[],"product_cat":[128,126],"product_tag":[],"class_list":{"0":"post-23003","1":"product","2":"type-product","3":"status-publish","4":"has-post-thumbnail","6":"product_cat-ohrringe","7":"product_cat-schmuck","9":"first","10":"instock","11":"shipping-taxable","12":"purchasable","13":"product-type-simple"},"yoast_head":"<!-- This site is optimized with the Yoast SEO plugin v25.3 - https:\/\/yoast.com\/wordpress\/plugins\/seo\/ -->\n<title>Gepunktete Porzellan Herz Ohrstecker - Blau - Glowery<\/title>\n<meta name=\"robots\" content=\"index, follow, max-snippet:-1, max-image-preview:large, max-video-preview:-1\" \/>\n<link rel=\"canonical\" href=\"https:\/\/glowery.me\/de\/produkt\/gepunktete-porzellan-herz-ohrstecker-blau\/\" \/>\n<meta property=\"og:locale\" content=\"de_DE\" \/>\n<meta property=\"og:type\" content=\"article\" \/>\n<meta property=\"og:title\" content=\"Gepunktete Porzellan Herz Ohrstecker - Blau - Glowery\" \/>\n<meta property=\"og:description\" content=\"H\u00fcbsche Herz-Ohrringe verleihen jedem Outfit einen besonderen Charme. Sie symbolisieren Selbstliebe und Liebe f\u00fcr andere. Die Ohrstecker aus Sterlingsilber (925) sind hypoallergen und sicher f\u00fcr empfindliche Haut.&nbsp;F\u00fcr einen Hauch von Luxus ist der Schmuck mit 24 Karat Gold handbemalt.Gr\u00f6\u00dfe: 14 x 14 mm (0,55 x 0,55 Zoll)Leichtgewicht: 2gHochwertiges PorzellanDie Herz-Ohrringe werden in Lettland vom Rozenthal-Team handgefertigt . Kein Paar ist identisch und das ist das Sch\u00f6ne an handgefertigtem Schmuck! Alle Rozenthal-Schmuckst\u00fccke sind wundersch\u00f6n in einer Geschenkbox verpackt.\" \/>\n<meta property=\"og:url\" content=\"https:\/\/glowery.me\/de\/produkt\/gepunktete-porzellan-herz-ohrstecker-blau\/\" \/>\n<meta property=\"og:site_name\" content=\"Glowery\" \/>\n<meta property=\"article:publisher\" content=\"https:\/\/www.facebook.com\/profile.php?id=61575866108739\" \/>\n<meta property=\"og:image\" content=\"https:\/\/glowery.me\/wp-content\/uploads\/2025\/04\/porcelain-heart-studs-blue-923e35b8.jpg\" \/>\n\t<meta property=\"og:image:width\" content=\"1707\" \/>\n\t<meta property=\"og:image:height\" content=\"2560\" \/>\n\t<meta property=\"og:image:type\" content=\"image\/jpeg\" \/>\n<meta name=\"twitter:card\" content=\"summary_large_image\" \/>\n<script type=\"application\/ld+json\" class=\"yoast-schema-graph\">{\"@context\":\"https:\/\/schema.org\",\"@graph\":[{\"@type\":\"WebPage\",\"@id\":\"https:\/\/glowery.me\/de\/produkt\/gepunktete-porzellan-herz-ohrstecker-blau\/\",\"url\":\"https:\/\/glowery.me\/de\/produkt\/gepunktete-porzellan-herz-ohrstecker-blau\/\",\"name\":\"Gepunktete Porzellan Herz Ohrstecker - Blau - Glowery\",\"isPartOf\":{\"@id\":\"https:\/\/glowery.me\/#website\"},\"primaryImageOfPage\":{\"@id\":\"https:\/\/glowery.me\/de\/produkt\/gepunktete-porzellan-herz-ohrstecker-blau\/#primaryimage\"},\"image\":{\"@id\":\"https:\/\/glowery.me\/de\/produkt\/gepunktete-porzellan-herz-ohrstecker-blau\/#primaryimage\"},\"thumbnailUrl\":\"https:\/\/glowery.me\/wp-content\/uploads\/2025\/04\/porcelain-heart-studs-blue-923e35b8.jpg\",\"datePublished\":\"2025-04-27T16:24:00+00:00\",\"breadcrumb\":{\"@id\":\"https:\/\/glowery.me\/de\/produkt\/gepunktete-porzellan-herz-ohrstecker-blau\/#breadcrumb\"},\"inLanguage\":\"de\",\"potentialAction\":[{\"@type\":\"ReadAction\",\"target\":[\"https:\/\/glowery.me\/de\/produkt\/gepunktete-porzellan-herz-ohrstecker-blau\/\"]}]},{\"@type\":\"ImageObject\",\"inLanguage\":\"de\",\"@id\":\"https:\/\/glowery.me\/de\/produkt\/gepunktete-porzellan-herz-ohrstecker-blau\/#primaryimage\",\"url\":\"https:\/\/glowery.me\/wp-content\/uploads\/2025\/04\/porcelain-heart-studs-blue-923e35b8.jpg\",\"contentUrl\":\"https:\/\/glowery.me\/wp-content\/uploads\/2025\/04\/porcelain-heart-studs-blue-923e35b8.jpg\",\"width\":1707,\"height\":2560},{\"@type\":\"BreadcrumbList\",\"@id\":\"https:\/\/glowery.me\/de\/produkt\/gepunktete-porzellan-herz-ohrstecker-blau\/#breadcrumb\",\"itemListElement\":[{\"@type\":\"ListItem\",\"position\":1,\"name\":\"Home\",\"item\":\"https:\/\/glowery.me\/de\/startseite\/\"},{\"@type\":\"ListItem\",\"position\":2,\"name\":\"Shop\",\"item\":\"https:\/\/glowery.me\/de\/shop\/\"},{\"@type\":\"ListItem\",\"position\":3,\"name\":\"Gepunktete Porzellan Herz Ohrstecker &#8211; Blau\"}]},{\"@type\":\"WebSite\",\"@id\":\"https:\/\/glowery.me\/#website\",\"url\":\"https:\/\/glowery.me\/\",\"name\":\"Glowery\",\"description\":\"Stilvolle Essentials \u2013 von zeitlosem Schmuck \u00fcber elegante Taschen und Schuhe bis hin zu ausgew\u00e4hlten Kleidern und nat\u00fcrlicher Kosmetik.\",\"publisher\":{\"@id\":\"https:\/\/glowery.me\/#organization\"},\"potentialAction\":[{\"@type\":\"SearchAction\",\"target\":{\"@type\":\"EntryPoint\",\"urlTemplate\":\"https:\/\/glowery.me\/?s={search_term_string}\"},\"query-input\":{\"@type\":\"PropertyValueSpecification\",\"valueRequired\":true,\"valueName\":\"search_term_string\"}}],\"inLanguage\":\"de\"},{\"@type\":\"Organization\",\"@id\":\"https:\/\/glowery.me\/#organization\",\"name\":\"Glowery\",\"url\":\"https:\/\/glowery.me\/\",\"logo\":{\"@type\":\"ImageObject\",\"inLanguage\":\"de\",\"@id\":\"https:\/\/glowery.me\/#\/schema\/logo\/image\/\",\"url\":\"https:\/\/glowery.me\/wp-content\/uploads\/2025\/05\/Glowery-e1746421067847.png\",\"contentUrl\":\"https:\/\/glowery.me\/wp-content\/uploads\/2025\/05\/Glowery-e1746421067847.png\",\"width\":494,\"height\":146,\"caption\":\"Glowery\"},\"image\":{\"@id\":\"https:\/\/glowery.me\/#\/schema\/logo\/image\/\"},\"sameAs\":[\"https:\/\/www.facebook.com\/profile.php?id=61575866108739\",\"https:\/\/www.instagram.com\/glowery.me\",\"https:\/\/www.tiktok.com\/@glowery.me?_t=ZN-8wLhgUVkGCk&_r=1\"]}]}<\/script>\n<!-- \/ Yoast SEO plugin. -->","yoast_head_json":{"title":"Gepunktete Porzellan Herz Ohrstecker - Blau - Glowery","robots":{"index":"index","follow":"follow","max-snippet":"max-snippet:-1","max-image-preview":"max-image-preview:large","max-video-preview":"max-video-preview:-1"},"canonical":"https:\/\/glowery.me\/de\/produkt\/gepunktete-porzellan-herz-ohrstecker-blau\/","og_locale":"de_DE","og_type":"article","og_title":"Gepunktete Porzellan Herz Ohrstecker - Blau - Glowery","og_description":"H\u00fcbsche Herz-Ohrringe verleihen jedem Outfit einen besonderen Charme. Sie symbolisieren Selbstliebe und Liebe f\u00fcr andere. Die Ohrstecker aus Sterlingsilber (925) sind hypoallergen und sicher f\u00fcr empfindliche Haut.&nbsp;F\u00fcr einen Hauch von Luxus ist der Schmuck mit 24 Karat Gold handbemalt.Gr\u00f6\u00dfe: 14 x 14 mm (0,55 x 0,55 Zoll)Leichtgewicht: 2gHochwertiges PorzellanDie Herz-Ohrringe werden in Lettland vom Rozenthal-Team handgefertigt . Kein Paar ist identisch und das ist das Sch\u00f6ne an handgefertigtem Schmuck! Alle Rozenthal-Schmuckst\u00fccke sind wundersch\u00f6n in einer Geschenkbox verpackt.","og_url":"https:\/\/glowery.me\/de\/produkt\/gepunktete-porzellan-herz-ohrstecker-blau\/","og_site_name":"Glowery","article_publisher":"https:\/\/www.facebook.com\/profile.php?id=61575866108739","og_image":[{"width":1707,"height":2560,"url":"https:\/\/glowery.me\/wp-content\/uploads\/2025\/04\/porcelain-heart-studs-blue-923e35b8.jpg","type":"image\/jpeg"}],"twitter_card":"summary_large_image","schema":{"@context":"https:\/\/schema.org","@graph":[{"@type":"WebPage","@id":"https:\/\/glowery.me\/de\/produkt\/gepunktete-porzellan-herz-ohrstecker-blau\/","url":"https:\/\/glowery.me\/de\/produkt\/gepunktete-porzellan-herz-ohrstecker-blau\/","name":"Gepunktete Porzellan Herz Ohrstecker - Blau - Glowery","isPartOf":{"@id":"https:\/\/glowery.me\/#website"},"primaryImageOfPage":{"@id":"https:\/\/glowery.me\/de\/produkt\/gepunktete-porzellan-herz-ohrstecker-blau\/#primaryimage"},"image":{"@id":"https:\/\/glowery.me\/de\/produkt\/gepunktete-porzellan-herz-ohrstecker-blau\/#primaryimage"},"thumbnailUrl":"https:\/\/glowery.me\/wp-content\/uploads\/2025\/04\/porcelain-heart-studs-blue-923e35b8.jpg","datePublished":"2025-04-27T16:24:00+00:00","breadcrumb":{"@id":"https:\/\/glowery.me\/de\/produkt\/gepunktete-porzellan-herz-ohrstecker-blau\/#breadcrumb"},"inLanguage":"de","potentialAction":[{"@type":"ReadAction","target":["https:\/\/glowery.me\/de\/produkt\/gepunktete-porzellan-herz-ohrstecker-blau\/"]}]},{"@type":"ImageObject","inLanguage":"de","@id":"https:\/\/glowery.me\/de\/produkt\/gepunktete-porzellan-herz-ohrstecker-blau\/#primaryimage","url":"https:\/\/glowery.me\/wp-content\/uploads\/2025\/04\/porcelain-heart-studs-blue-923e35b8.jpg","contentUrl":"https:\/\/glowery.me\/wp-content\/uploads\/2025\/04\/porcelain-heart-studs-blue-923e35b8.jpg","width":1707,"height":2560},{"@type":"BreadcrumbList","@id":"https:\/\/glowery.me\/de\/produkt\/gepunktete-porzellan-herz-ohrstecker-blau\/#breadcrumb","itemListElement":[{"@type":"ListItem","position":1,"name":"Home","item":"https:\/\/glowery.me\/de\/startseite\/"},{"@type":"ListItem","position":2,"name":"Shop","item":"https:\/\/glowery.me\/de\/shop\/"},{"@type":"ListItem","position":3,"name":"Gepunktete Porzellan Herz Ohrstecker &#8211; Blau"}]},{"@type":"WebSite","@id":"https:\/\/glowery.me\/#website","url":"https:\/\/glowery.me\/","name":"Glowery","description":"Stilvolle Essentials \u2013 von zeitlosem Schmuck \u00fcber elegante Taschen und Schuhe bis hin zu ausgew\u00e4hlten Kleidern und nat\u00fcrlicher Kosmetik.","publisher":{"@id":"https:\/\/glowery.me\/#organization"},"potentialAction":[{"@type":"SearchAction","target":{"@type":"EntryPoint","urlTemplate":"https:\/\/glowery.me\/?s={search_term_string}"},"query-input":{"@type":"PropertyValueSpecification","valueRequired":true,"valueName":"search_term_string"}}],"inLanguage":"de"},{"@type":"Organization","@id":"https:\/\/glowery.me\/#organization","name":"Glowery","url":"https:\/\/glowery.me\/","logo":{"@type":"ImageObject","inLanguage":"de","@id":"https:\/\/glowery.me\/#\/schema\/logo\/image\/","url":"https:\/\/glowery.me\/wp-content\/uploads\/2025\/05\/Glowery-e1746421067847.png","contentUrl":"https:\/\/glowery.me\/wp-content\/uploads\/2025\/05\/Glowery-e1746421067847.png","width":494,"height":146,"caption":"Glowery"},"image":{"@id":"https:\/\/glowery.me\/#\/schema\/logo\/image\/"},"sameAs":["https:\/\/www.facebook.com\/profile.php?id=61575866108739","https:\/\/www.instagram.com\/glowery.me","https:\/\/www.tiktok.com\/@glowery.me?_t=ZN-8wLhgUVkGCk&_r=1"]}]}},"jetpack_sharing_enabled":true,"_links":{"self":[{"href":"https:\/\/glowery.me\/de\/wp-json\/wp\/v2\/product\/23003","targetHints":{"allow":["GET"]}}],"collection":[{"href":"https:\/\/glowery.me\/de\/wp-json\/wp\/v2\/product"}],"about":[{"href":"https:\/\/glowery.me\/de\/wp-json\/wp\/v2\/types\/product"}],"replies":[{"embeddable":true,"href":"https:\/\/glowery.me\/de\/wp-json\/wp\/v2\/comments?post=23003"}],"wp:featuredmedia":[{"embeddable":true,"href":"https:\/\/glowery.me\/de\/wp-json\/wp\/v2\/media\/16909"}],"wp:attachment":[{"href":"https:\/\/glowery.me\/de\/wp-json\/wp\/v2\/media?parent=23003"}],"wp:term":[{"taxonomy":"product_brand","embeddable":true,"href":"https:\/\/glowery.me\/de\/wp-json\/wp\/v2\/product_brand?post=23003"},{"taxonomy":"product_cat","embeddable":true,"href":"https:\/\/glowery.me\/de\/wp-json\/wp\/v2\/product_cat?post=23003"},{"taxonomy":"product_tag","embeddable":true,"href":"https:\/\/glowery.me\/de\/wp-json\/wp\/v2\/product_tag?post=23003"}],"curies":[{"name":"wp","href":"https:\/\/api.w.org\/{rel}","templated":true}]}}