{"id":23012,"date":"2025-04-27T16:24:00","date_gmt":"2025-04-27T16:24:00","guid":{"rendered":"https:\/\/glowery.me\/produkt\/lavastein-armband-mit-bernstein-und-tuerkis\/"},"modified":"2025-04-27T16:24:00","modified_gmt":"2025-04-27T16:24:00","slug":"lavastein-armband-mit-bernstein-und-tuerkis","status":"publish","type":"product","link":"https:\/\/glowery.me\/de\/produkt\/lavastein-armband-mit-bernstein-und-tuerkis\/","title":{"rendered":"Lavastein-Armband mit Bernstein und T\u00fcrkis"},"content":{"rendered":"<p>Dieses auf den Kanarischen Inseln handgefertigte Armband besteht aus 6 mm gro\u00dfen, polierten Lavasteinen, Turqouise und einer Bernsteinperle sowie einer starken, doppelten Schnur.<\/p>\n<p>Lavasteine sind von Natur aus por\u00f6s und ideal f\u00fcr die Diffusion von \u00e4therischen \u00d6len. Geben Sie einfach einen Tropfen hinein und genie\u00dfen Sie den ganzen Tag lang das subtile Aroma.<\/p>\n<p>Jede vulkanische Perle ist ein Unikat mit nat\u00fcrlichen Variationen in Form und Textur.<\/p>\n<p>Gr\u00f6\u00dfen:<\/p>\n<p>XS: 16 cm (6,3 Zoll)<\/p>\n<p>S: 17 cm (6,7 Zoll)<\/p>\n<p>M: 18 cm (7,1 Zoll)<\/p>\n<p>L: 19 cm (7,5 Zoll)<\/p>\n<p>XL 20 cm (7,8 Zoll)<\/p>\n<p>XXL: 21 cm (8,26 Zoll)<\/p>\n","protected":false},"excerpt":{"rendered":"<p>Dieses auf den Kanarischen Inseln handgefertigte Armband besteht aus 6 mm gro\u00dfen, polierten Lavasteinen, Turqouise und einer Bernsteinperle sowie einer starken, doppelten Schnur.<\/p>\n<p>Lavasteine sind von Natur aus por\u00f6s und ideal f\u00fcr die Diffusion von \u00e4therischen \u00d6len. Geben Sie einfach einen Tropfen hinein und genie\u00dfen Sie den ganzen Tag lang das subtile Aroma.<\/p>\n<p>Jede vulkanische Perle ist ein Unikat mit nat\u00fcrlichen Variationen in Form und Textur.<\/p>\n<p>Gr\u00f6\u00dfen:<\/p>\n<p>XS: 16 cm (6,3 Zoll)<\/p>\n<p>S: 17 cm (6,7 Zoll)<\/p>\n<p>M: 18 cm (7,1 Zoll)<\/p>\n<p>L: 19 cm (7,5 Zoll)<\/p>\n<p>XL 20 cm (7,8 Zoll)<\/p>\n<p>XXL: 21 cm (8,26 Zoll)<\/p>\n","protected":false},"featured_media":17029,"comment_status":"open","ping_status":"closed","template":"","meta":[],"product_brand":[],"product_cat":[154,126],"product_tag":[],"class_list":{"0":"post-23012","1":"product","2":"type-product","3":"status-publish","4":"has-post-thumbnail","6":"product_cat-armbander","7":"product_cat-schmuck","9":"first","10":"instock","11":"shipping-taxable","12":"purchasable","13":"product-type-variable"},"yoast_head":"<!-- This site is optimized with the Yoast SEO plugin v25.3 - https:\/\/yoast.com\/wordpress\/plugins\/seo\/ -->\n<title>Lavastein-Armband mit Bernstein und T\u00fcrkis - Glowery<\/title>\n<meta name=\"robots\" content=\"index, follow, max-snippet:-1, max-image-preview:large, max-video-preview:-1\" \/>\n<link rel=\"canonical\" href=\"https:\/\/glowery.me\/de\/produkt\/lavastein-armband-mit-bernstein-und-tuerkis\/\" \/>\n<meta property=\"og:locale\" content=\"de_DE\" \/>\n<meta property=\"og:type\" content=\"article\" \/>\n<meta property=\"og:title\" content=\"Lavastein-Armband mit Bernstein und T\u00fcrkis - Glowery\" \/>\n<meta property=\"og:description\" content=\"Dieses auf den Kanarischen Inseln handgefertigte Armband besteht aus 6 mm gro\u00dfen, polierten Lavasteinen, Turqouise und einer Bernsteinperle sowie einer starken, doppelten Schnur.Lavasteine sind von Natur aus por\u00f6s und ideal f\u00fcr die Diffusion von \u00e4therischen \u00d6len. Geben Sie einfach einen Tropfen hinein und genie\u00dfen Sie den ganzen Tag lang das subtile Aroma.Jede vulkanische Perle ist ein Unikat mit nat\u00fcrlichen Variationen in Form und Textur.Gr\u00f6\u00dfen:XS: 16 cm (6,3 Zoll)S: 17 cm (6,7 Zoll)M: 18 cm (7,1 Zoll)L: 19 cm (7,5 Zoll)XL 20 cm (7,8 Zoll)XXL: 21 cm (8,26 Zoll)\" \/>\n<meta property=\"og:url\" content=\"https:\/\/glowery.me\/de\/produkt\/lavastein-armband-mit-bernstein-und-tuerkis\/\" \/>\n<meta property=\"og:site_name\" content=\"Glowery\" \/>\n<meta property=\"article:publisher\" content=\"https:\/\/www.facebook.com\/profile.php?id=61575866108739\" \/>\n<meta property=\"og:image\" content=\"https:\/\/glowery.me\/wp-content\/uploads\/2025\/04\/lava-stone-bracelet-with-amber-and-tiger-eye-duplicate-7a59fbc1.jpg\" \/>\n\t<meta property=\"og:image:width\" content=\"1500\" \/>\n\t<meta property=\"og:image:height\" content=\"1120\" \/>\n\t<meta property=\"og:image:type\" content=\"image\/jpeg\" \/>\n<meta name=\"twitter:card\" content=\"summary_large_image\" \/>\n<script type=\"application\/ld+json\" class=\"yoast-schema-graph\">{\"@context\":\"https:\/\/schema.org\",\"@graph\":[{\"@type\":\"WebPage\",\"@id\":\"https:\/\/glowery.me\/de\/produkt\/lavastein-armband-mit-bernstein-und-tuerkis\/\",\"url\":\"https:\/\/glowery.me\/de\/produkt\/lavastein-armband-mit-bernstein-und-tuerkis\/\",\"name\":\"Lavastein-Armband mit Bernstein und T\u00fcrkis - Glowery\",\"isPartOf\":{\"@id\":\"https:\/\/glowery.me\/#website\"},\"primaryImageOfPage\":{\"@id\":\"https:\/\/glowery.me\/de\/produkt\/lavastein-armband-mit-bernstein-und-tuerkis\/#primaryimage\"},\"image\":{\"@id\":\"https:\/\/glowery.me\/de\/produkt\/lavastein-armband-mit-bernstein-und-tuerkis\/#primaryimage\"},\"thumbnailUrl\":\"https:\/\/glowery.me\/wp-content\/uploads\/2025\/04\/lava-stone-bracelet-with-amber-and-tiger-eye-duplicate-7a59fbc1.jpg\",\"datePublished\":\"2025-04-27T16:24:00+00:00\",\"breadcrumb\":{\"@id\":\"https:\/\/glowery.me\/de\/produkt\/lavastein-armband-mit-bernstein-und-tuerkis\/#breadcrumb\"},\"inLanguage\":\"de\",\"potentialAction\":[{\"@type\":\"ReadAction\",\"target\":[\"https:\/\/glowery.me\/de\/produkt\/lavastein-armband-mit-bernstein-und-tuerkis\/\"]}]},{\"@type\":\"ImageObject\",\"inLanguage\":\"de\",\"@id\":\"https:\/\/glowery.me\/de\/produkt\/lavastein-armband-mit-bernstein-und-tuerkis\/#primaryimage\",\"url\":\"https:\/\/glowery.me\/wp-content\/uploads\/2025\/04\/lava-stone-bracelet-with-amber-and-tiger-eye-duplicate-7a59fbc1.jpg\",\"contentUrl\":\"https:\/\/glowery.me\/wp-content\/uploads\/2025\/04\/lava-stone-bracelet-with-amber-and-tiger-eye-duplicate-7a59fbc1.jpg\",\"width\":1500,\"height\":1120},{\"@type\":\"BreadcrumbList\",\"@id\":\"https:\/\/glowery.me\/de\/produkt\/lavastein-armband-mit-bernstein-und-tuerkis\/#breadcrumb\",\"itemListElement\":[{\"@type\":\"ListItem\",\"position\":1,\"name\":\"Home\",\"item\":\"https:\/\/glowery.me\/de\/startseite\/\"},{\"@type\":\"ListItem\",\"position\":2,\"name\":\"Shop\",\"item\":\"https:\/\/glowery.me\/de\/shop\/\"},{\"@type\":\"ListItem\",\"position\":3,\"name\":\"Lavastein-Armband mit Bernstein und T\u00fcrkis\"}]},{\"@type\":\"WebSite\",\"@id\":\"https:\/\/glowery.me\/#website\",\"url\":\"https:\/\/glowery.me\/\",\"name\":\"Glowery\",\"description\":\"Stilvolle Essentials \u2013 von zeitlosem Schmuck \u00fcber elegante Taschen und Schuhe bis hin zu ausgew\u00e4hlten Kleidern und nat\u00fcrlicher Kosmetik.\",\"publisher\":{\"@id\":\"https:\/\/glowery.me\/#organization\"},\"potentialAction\":[{\"@type\":\"SearchAction\",\"target\":{\"@type\":\"EntryPoint\",\"urlTemplate\":\"https:\/\/glowery.me\/?s={search_term_string}\"},\"query-input\":{\"@type\":\"PropertyValueSpecification\",\"valueRequired\":true,\"valueName\":\"search_term_string\"}}],\"inLanguage\":\"de\"},{\"@type\":\"Organization\",\"@id\":\"https:\/\/glowery.me\/#organization\",\"name\":\"Glowery\",\"url\":\"https:\/\/glowery.me\/\",\"logo\":{\"@type\":\"ImageObject\",\"inLanguage\":\"de\",\"@id\":\"https:\/\/glowery.me\/#\/schema\/logo\/image\/\",\"url\":\"https:\/\/glowery.me\/wp-content\/uploads\/2025\/05\/Glowery-e1746421067847.png\",\"contentUrl\":\"https:\/\/glowery.me\/wp-content\/uploads\/2025\/05\/Glowery-e1746421067847.png\",\"width\":494,\"height\":146,\"caption\":\"Glowery\"},\"image\":{\"@id\":\"https:\/\/glowery.me\/#\/schema\/logo\/image\/\"},\"sameAs\":[\"https:\/\/www.facebook.com\/profile.php?id=61575866108739\",\"https:\/\/www.instagram.com\/glowery.me\",\"https:\/\/www.tiktok.com\/@glowery.me?_t=ZN-8wLhgUVkGCk&_r=1\"]}]}<\/script>\n<!-- \/ Yoast SEO plugin. -->","yoast_head_json":{"title":"Lavastein-Armband mit Bernstein und T\u00fcrkis - Glowery","robots":{"index":"index","follow":"follow","max-snippet":"max-snippet:-1","max-image-preview":"max-image-preview:large","max-video-preview":"max-video-preview:-1"},"canonical":"https:\/\/glowery.me\/de\/produkt\/lavastein-armband-mit-bernstein-und-tuerkis\/","og_locale":"de_DE","og_type":"article","og_title":"Lavastein-Armband mit Bernstein und T\u00fcrkis - Glowery","og_description":"Dieses auf den Kanarischen Inseln handgefertigte Armband besteht aus 6 mm gro\u00dfen, polierten Lavasteinen, Turqouise und einer Bernsteinperle sowie einer starken, doppelten Schnur.Lavasteine sind von Natur aus por\u00f6s und ideal f\u00fcr die Diffusion von \u00e4therischen \u00d6len. Geben Sie einfach einen Tropfen hinein und genie\u00dfen Sie den ganzen Tag lang das subtile Aroma.Jede vulkanische Perle ist ein Unikat mit nat\u00fcrlichen Variationen in Form und Textur.Gr\u00f6\u00dfen:XS: 16 cm (6,3 Zoll)S: 17 cm (6,7 Zoll)M: 18 cm (7,1 Zoll)L: 19 cm (7,5 Zoll)XL 20 cm (7,8 Zoll)XXL: 21 cm (8,26 Zoll)","og_url":"https:\/\/glowery.me\/de\/produkt\/lavastein-armband-mit-bernstein-und-tuerkis\/","og_site_name":"Glowery","article_publisher":"https:\/\/www.facebook.com\/profile.php?id=61575866108739","og_image":[{"width":1500,"height":1120,"url":"https:\/\/glowery.me\/wp-content\/uploads\/2025\/04\/lava-stone-bracelet-with-amber-and-tiger-eye-duplicate-7a59fbc1.jpg","type":"image\/jpeg"}],"twitter_card":"summary_large_image","schema":{"@context":"https:\/\/schema.org","@graph":[{"@type":"WebPage","@id":"https:\/\/glowery.me\/de\/produkt\/lavastein-armband-mit-bernstein-und-tuerkis\/","url":"https:\/\/glowery.me\/de\/produkt\/lavastein-armband-mit-bernstein-und-tuerkis\/","name":"Lavastein-Armband mit Bernstein und T\u00fcrkis - Glowery","isPartOf":{"@id":"https:\/\/glowery.me\/#website"},"primaryImageOfPage":{"@id":"https:\/\/glowery.me\/de\/produkt\/lavastein-armband-mit-bernstein-und-tuerkis\/#primaryimage"},"image":{"@id":"https:\/\/glowery.me\/de\/produkt\/lavastein-armband-mit-bernstein-und-tuerkis\/#primaryimage"},"thumbnailUrl":"https:\/\/glowery.me\/wp-content\/uploads\/2025\/04\/lava-stone-bracelet-with-amber-and-tiger-eye-duplicate-7a59fbc1.jpg","datePublished":"2025-04-27T16:24:00+00:00","breadcrumb":{"@id":"https:\/\/glowery.me\/de\/produkt\/lavastein-armband-mit-bernstein-und-tuerkis\/#breadcrumb"},"inLanguage":"de","potentialAction":[{"@type":"ReadAction","target":["https:\/\/glowery.me\/de\/produkt\/lavastein-armband-mit-bernstein-und-tuerkis\/"]}]},{"@type":"ImageObject","inLanguage":"de","@id":"https:\/\/glowery.me\/de\/produkt\/lavastein-armband-mit-bernstein-und-tuerkis\/#primaryimage","url":"https:\/\/glowery.me\/wp-content\/uploads\/2025\/04\/lava-stone-bracelet-with-amber-and-tiger-eye-duplicate-7a59fbc1.jpg","contentUrl":"https:\/\/glowery.me\/wp-content\/uploads\/2025\/04\/lava-stone-bracelet-with-amber-and-tiger-eye-duplicate-7a59fbc1.jpg","width":1500,"height":1120},{"@type":"BreadcrumbList","@id":"https:\/\/glowery.me\/de\/produkt\/lavastein-armband-mit-bernstein-und-tuerkis\/#breadcrumb","itemListElement":[{"@type":"ListItem","position":1,"name":"Home","item":"https:\/\/glowery.me\/de\/startseite\/"},{"@type":"ListItem","position":2,"name":"Shop","item":"https:\/\/glowery.me\/de\/shop\/"},{"@type":"ListItem","position":3,"name":"Lavastein-Armband mit Bernstein und T\u00fcrkis"}]},{"@type":"WebSite","@id":"https:\/\/glowery.me\/#website","url":"https:\/\/glowery.me\/","name":"Glowery","description":"Stilvolle Essentials \u2013 von zeitlosem Schmuck \u00fcber elegante Taschen und Schuhe bis hin zu ausgew\u00e4hlten Kleidern und nat\u00fcrlicher Kosmetik.","publisher":{"@id":"https:\/\/glowery.me\/#organization"},"potentialAction":[{"@type":"SearchAction","target":{"@type":"EntryPoint","urlTemplate":"https:\/\/glowery.me\/?s={search_term_string}"},"query-input":{"@type":"PropertyValueSpecification","valueRequired":true,"valueName":"search_term_string"}}],"inLanguage":"de"},{"@type":"Organization","@id":"https:\/\/glowery.me\/#organization","name":"Glowery","url":"https:\/\/glowery.me\/","logo":{"@type":"ImageObject","inLanguage":"de","@id":"https:\/\/glowery.me\/#\/schema\/logo\/image\/","url":"https:\/\/glowery.me\/wp-content\/uploads\/2025\/05\/Glowery-e1746421067847.png","contentUrl":"https:\/\/glowery.me\/wp-content\/uploads\/2025\/05\/Glowery-e1746421067847.png","width":494,"height":146,"caption":"Glowery"},"image":{"@id":"https:\/\/glowery.me\/#\/schema\/logo\/image\/"},"sameAs":["https:\/\/www.facebook.com\/profile.php?id=61575866108739","https:\/\/www.instagram.com\/glowery.me","https:\/\/www.tiktok.com\/@glowery.me?_t=ZN-8wLhgUVkGCk&_r=1"]}]}},"jetpack_sharing_enabled":true,"_links":{"self":[{"href":"https:\/\/glowery.me\/de\/wp-json\/wp\/v2\/product\/23012","targetHints":{"allow":["GET"]}}],"collection":[{"href":"https:\/\/glowery.me\/de\/wp-json\/wp\/v2\/product"}],"about":[{"href":"https:\/\/glowery.me\/de\/wp-json\/wp\/v2\/types\/product"}],"replies":[{"embeddable":true,"href":"https:\/\/glowery.me\/de\/wp-json\/wp\/v2\/comments?post=23012"}],"wp:featuredmedia":[{"embeddable":true,"href":"https:\/\/glowery.me\/de\/wp-json\/wp\/v2\/media\/17029"}],"wp:attachment":[{"href":"https:\/\/glowery.me\/de\/wp-json\/wp\/v2\/media?parent=23012"}],"wp:term":[{"taxonomy":"product_brand","embeddable":true,"href":"https:\/\/glowery.me\/de\/wp-json\/wp\/v2\/product_brand?post=23012"},{"taxonomy":"product_cat","embeddable":true,"href":"https:\/\/glowery.me\/de\/wp-json\/wp\/v2\/product_cat?post=23012"},{"taxonomy":"product_tag","embeddable":true,"href":"https:\/\/glowery.me\/de\/wp-json\/wp\/v2\/product_tag?post=23012"}],"curies":[{"name":"wp","href":"https:\/\/api.w.org\/{rel}","templated":true}]}}