{"id":23034,"date":"2025-04-27T16:24:00","date_gmt":"2025-04-27T16:24:00","guid":{"rendered":"https:\/\/glowery.me\/produkt\/aroma-diffusor-halskette-mit-lava-perlen-silberkette\/"},"modified":"2025-04-27T16:24:00","modified_gmt":"2025-04-27T16:24:00","slug":"aroma-diffusor-halskette-mit-lava-perlen-silberkette","status":"publish","type":"product","link":"https:\/\/glowery.me\/de\/produkt\/aroma-diffusor-halskette-mit-lava-perlen-silberkette\/","title":{"rendered":"Aroma-Diffusor-Halskette mit Lava-Perlen &#8211; Silberkette"},"content":{"rendered":"<p>Diese auf den Kanarischen Inseln handgefertigte goldene Kette aus Edelstahl ist mit drei 8 mm gro\u00dfen Lava-Perlen in den Farben Gr\u00fcn, T\u00fcrkis, Dunkelblau und Mix versehen.<\/p>\n<ul>\n<li>\n<p>L\u00e4nge der Kette: 45 cm<\/p>\n<\/li>\n<li>\n<p>Perlen: nat\u00fcrliches Vulkangestein (jede Perle ist einzigartig)<\/p>\n<\/li>\n<li>\n<p>Kann auch als Diffusor f\u00fcr \u00e4therische \u00d6le verwendet werden. Geben Sie einfach einen Tropfen in die Lavakugeln und der Duft wird Sie nicht mehr loslassen.<\/p>\n<\/li>\n<\/ul>\n<p>Hinweis: Da es sich um einen Naturstein handelt, k\u00f6nnen Perlenformen und Lochgr\u00f6\u00dfen leicht variieren.<\/p>\n","protected":false},"excerpt":{"rendered":"<p>Diese auf den Kanarischen Inseln handgefertigte goldene Kette aus Edelstahl ist mit drei 8 mm gro\u00dfen Lava-Perlen in den Farben Gr\u00fcn, T\u00fcrkis, Dunkelblau und Mix versehen.<\/p>\n<ul>\n<li>\n<p>L\u00e4nge der Kette: 45 cm<\/p>\n<\/li>\n<li>\n<p>Perlen: nat\u00fcrliches Vulkangestein (jede Perle ist einzigartig)<\/p>\n<\/li>\n<li>\n<p>Kann auch als Diffusor f\u00fcr \u00e4therische \u00d6le verwendet werden. Geben Sie einfach einen Tropfen in die Lavakugeln und der Duft wird Sie nicht mehr loslassen.<\/p>\n<\/li>\n<\/ul>\n<p>Hinweis: Da es sich um einen Naturstein handelt, k\u00f6nnen Perlenformen und Lochgr\u00f6\u00dfen leicht variieren.<\/p>\n","protected":false},"featured_media":17065,"comment_status":"open","ping_status":"closed","template":"","meta":[],"product_brand":[],"product_cat":[127,126],"product_tag":[],"class_list":{"0":"post-23034","1":"product","2":"type-product","3":"status-publish","4":"has-post-thumbnail","6":"product_cat-halsketten-de","7":"product_cat-schmuck","9":"first","10":"instock","11":"shipping-taxable","12":"purchasable","13":"product-type-variable"},"yoast_head":"<!-- This site is optimized with the Yoast SEO plugin v25.3 - https:\/\/yoast.com\/wordpress\/plugins\/seo\/ -->\n<title>Aroma-Diffusor-Halskette mit Lava-Perlen - Silberkette - Glowery<\/title>\n<meta name=\"robots\" content=\"index, follow, max-snippet:-1, max-image-preview:large, max-video-preview:-1\" \/>\n<link rel=\"canonical\" href=\"https:\/\/glowery.me\/de\/produkt\/aroma-diffusor-halskette-mit-lava-perlen-silberkette\/\" \/>\n<meta property=\"og:locale\" content=\"de_DE\" \/>\n<meta property=\"og:type\" content=\"article\" \/>\n<meta property=\"og:title\" content=\"Aroma-Diffusor-Halskette mit Lava-Perlen - Silberkette - Glowery\" \/>\n<meta property=\"og:description\" content=\"Diese auf den Kanarischen Inseln handgefertigte goldene Kette aus Edelstahl ist mit drei 8 mm gro\u00dfen Lava-Perlen in den Farben Gr\u00fcn, T\u00fcrkis, Dunkelblau und Mix versehen.L\u00e4nge der Kette: 45 cmPerlen: nat\u00fcrliches Vulkangestein (jede Perle ist einzigartig)Kann auch als Diffusor f\u00fcr \u00e4therische \u00d6le verwendet werden. Geben Sie einfach einen Tropfen in die Lavakugeln und der Duft wird Sie nicht mehr loslassen.Hinweis: Da es sich um einen Naturstein handelt, k\u00f6nnen Perlenformen und Lochgr\u00f6\u00dfen leicht variieren.\" \/>\n<meta property=\"og:url\" content=\"https:\/\/glowery.me\/de\/produkt\/aroma-diffusor-halskette-mit-lava-perlen-silberkette\/\" \/>\n<meta property=\"og:site_name\" content=\"Glowery\" \/>\n<meta property=\"article:publisher\" content=\"https:\/\/www.facebook.com\/profile.php?id=61575866108739\" \/>\n<meta property=\"og:image\" content=\"https:\/\/glowery.me\/wp-content\/uploads\/2025\/04\/aroma-diffuser-necklace-with-lava-beads-ea2764e7.jpg\" \/>\n\t<meta property=\"og:image:width\" content=\"1500\" \/>\n\t<meta property=\"og:image:height\" content=\"1120\" \/>\n\t<meta property=\"og:image:type\" content=\"image\/jpeg\" \/>\n<meta name=\"twitter:card\" content=\"summary_large_image\" \/>\n<script type=\"application\/ld+json\" class=\"yoast-schema-graph\">{\"@context\":\"https:\/\/schema.org\",\"@graph\":[{\"@type\":\"WebPage\",\"@id\":\"https:\/\/glowery.me\/de\/produkt\/aroma-diffusor-halskette-mit-lava-perlen-silberkette\/\",\"url\":\"https:\/\/glowery.me\/de\/produkt\/aroma-diffusor-halskette-mit-lava-perlen-silberkette\/\",\"name\":\"Aroma-Diffusor-Halskette mit Lava-Perlen - Silberkette - Glowery\",\"isPartOf\":{\"@id\":\"https:\/\/glowery.me\/#website\"},\"primaryImageOfPage\":{\"@id\":\"https:\/\/glowery.me\/de\/produkt\/aroma-diffusor-halskette-mit-lava-perlen-silberkette\/#primaryimage\"},\"image\":{\"@id\":\"https:\/\/glowery.me\/de\/produkt\/aroma-diffusor-halskette-mit-lava-perlen-silberkette\/#primaryimage\"},\"thumbnailUrl\":\"https:\/\/glowery.me\/wp-content\/uploads\/2025\/04\/aroma-diffuser-necklace-with-lava-beads-ea2764e7.jpg\",\"datePublished\":\"2025-04-27T16:24:00+00:00\",\"breadcrumb\":{\"@id\":\"https:\/\/glowery.me\/de\/produkt\/aroma-diffusor-halskette-mit-lava-perlen-silberkette\/#breadcrumb\"},\"inLanguage\":\"de\",\"potentialAction\":[{\"@type\":\"ReadAction\",\"target\":[\"https:\/\/glowery.me\/de\/produkt\/aroma-diffusor-halskette-mit-lava-perlen-silberkette\/\"]}]},{\"@type\":\"ImageObject\",\"inLanguage\":\"de\",\"@id\":\"https:\/\/glowery.me\/de\/produkt\/aroma-diffusor-halskette-mit-lava-perlen-silberkette\/#primaryimage\",\"url\":\"https:\/\/glowery.me\/wp-content\/uploads\/2025\/04\/aroma-diffuser-necklace-with-lava-beads-ea2764e7.jpg\",\"contentUrl\":\"https:\/\/glowery.me\/wp-content\/uploads\/2025\/04\/aroma-diffuser-necklace-with-lava-beads-ea2764e7.jpg\",\"width\":1500,\"height\":1120},{\"@type\":\"BreadcrumbList\",\"@id\":\"https:\/\/glowery.me\/de\/produkt\/aroma-diffusor-halskette-mit-lava-perlen-silberkette\/#breadcrumb\",\"itemListElement\":[{\"@type\":\"ListItem\",\"position\":1,\"name\":\"Home\",\"item\":\"https:\/\/glowery.me\/de\/startseite\/\"},{\"@type\":\"ListItem\",\"position\":2,\"name\":\"Shop\",\"item\":\"https:\/\/glowery.me\/de\/shop\/\"},{\"@type\":\"ListItem\",\"position\":3,\"name\":\"Aroma-Diffusor-Halskette mit Lava-Perlen &#8211; Silberkette\"}]},{\"@type\":\"WebSite\",\"@id\":\"https:\/\/glowery.me\/#website\",\"url\":\"https:\/\/glowery.me\/\",\"name\":\"Glowery\",\"description\":\"Stilvolle Essentials \u2013 von zeitlosem Schmuck \u00fcber elegante Taschen und Schuhe bis hin zu ausgew\u00e4hlten Kleidern und nat\u00fcrlicher Kosmetik.\",\"publisher\":{\"@id\":\"https:\/\/glowery.me\/#organization\"},\"potentialAction\":[{\"@type\":\"SearchAction\",\"target\":{\"@type\":\"EntryPoint\",\"urlTemplate\":\"https:\/\/glowery.me\/?s={search_term_string}\"},\"query-input\":{\"@type\":\"PropertyValueSpecification\",\"valueRequired\":true,\"valueName\":\"search_term_string\"}}],\"inLanguage\":\"de\"},{\"@type\":\"Organization\",\"@id\":\"https:\/\/glowery.me\/#organization\",\"name\":\"Glowery\",\"url\":\"https:\/\/glowery.me\/\",\"logo\":{\"@type\":\"ImageObject\",\"inLanguage\":\"de\",\"@id\":\"https:\/\/glowery.me\/#\/schema\/logo\/image\/\",\"url\":\"https:\/\/glowery.me\/wp-content\/uploads\/2025\/05\/Glowery-e1746421067847.png\",\"contentUrl\":\"https:\/\/glowery.me\/wp-content\/uploads\/2025\/05\/Glowery-e1746421067847.png\",\"width\":494,\"height\":146,\"caption\":\"Glowery\"},\"image\":{\"@id\":\"https:\/\/glowery.me\/#\/schema\/logo\/image\/\"},\"sameAs\":[\"https:\/\/www.facebook.com\/profile.php?id=61575866108739\",\"https:\/\/www.instagram.com\/glowery.me\",\"https:\/\/www.tiktok.com\/@glowery.me?_t=ZN-8wLhgUVkGCk&_r=1\"]}]}<\/script>\n<!-- \/ Yoast SEO plugin. -->","yoast_head_json":{"title":"Aroma-Diffusor-Halskette mit Lava-Perlen - Silberkette - Glowery","robots":{"index":"index","follow":"follow","max-snippet":"max-snippet:-1","max-image-preview":"max-image-preview:large","max-video-preview":"max-video-preview:-1"},"canonical":"https:\/\/glowery.me\/de\/produkt\/aroma-diffusor-halskette-mit-lava-perlen-silberkette\/","og_locale":"de_DE","og_type":"article","og_title":"Aroma-Diffusor-Halskette mit Lava-Perlen - Silberkette - Glowery","og_description":"Diese auf den Kanarischen Inseln handgefertigte goldene Kette aus Edelstahl ist mit drei 8 mm gro\u00dfen Lava-Perlen in den Farben Gr\u00fcn, T\u00fcrkis, Dunkelblau und Mix versehen.L\u00e4nge der Kette: 45 cmPerlen: nat\u00fcrliches Vulkangestein (jede Perle ist einzigartig)Kann auch als Diffusor f\u00fcr \u00e4therische \u00d6le verwendet werden. Geben Sie einfach einen Tropfen in die Lavakugeln und der Duft wird Sie nicht mehr loslassen.Hinweis: Da es sich um einen Naturstein handelt, k\u00f6nnen Perlenformen und Lochgr\u00f6\u00dfen leicht variieren.","og_url":"https:\/\/glowery.me\/de\/produkt\/aroma-diffusor-halskette-mit-lava-perlen-silberkette\/","og_site_name":"Glowery","article_publisher":"https:\/\/www.facebook.com\/profile.php?id=61575866108739","og_image":[{"width":1500,"height":1120,"url":"https:\/\/glowery.me\/wp-content\/uploads\/2025\/04\/aroma-diffuser-necklace-with-lava-beads-ea2764e7.jpg","type":"image\/jpeg"}],"twitter_card":"summary_large_image","schema":{"@context":"https:\/\/schema.org","@graph":[{"@type":"WebPage","@id":"https:\/\/glowery.me\/de\/produkt\/aroma-diffusor-halskette-mit-lava-perlen-silberkette\/","url":"https:\/\/glowery.me\/de\/produkt\/aroma-diffusor-halskette-mit-lava-perlen-silberkette\/","name":"Aroma-Diffusor-Halskette mit Lava-Perlen - Silberkette - Glowery","isPartOf":{"@id":"https:\/\/glowery.me\/#website"},"primaryImageOfPage":{"@id":"https:\/\/glowery.me\/de\/produkt\/aroma-diffusor-halskette-mit-lava-perlen-silberkette\/#primaryimage"},"image":{"@id":"https:\/\/glowery.me\/de\/produkt\/aroma-diffusor-halskette-mit-lava-perlen-silberkette\/#primaryimage"},"thumbnailUrl":"https:\/\/glowery.me\/wp-content\/uploads\/2025\/04\/aroma-diffuser-necklace-with-lava-beads-ea2764e7.jpg","datePublished":"2025-04-27T16:24:00+00:00","breadcrumb":{"@id":"https:\/\/glowery.me\/de\/produkt\/aroma-diffusor-halskette-mit-lava-perlen-silberkette\/#breadcrumb"},"inLanguage":"de","potentialAction":[{"@type":"ReadAction","target":["https:\/\/glowery.me\/de\/produkt\/aroma-diffusor-halskette-mit-lava-perlen-silberkette\/"]}]},{"@type":"ImageObject","inLanguage":"de","@id":"https:\/\/glowery.me\/de\/produkt\/aroma-diffusor-halskette-mit-lava-perlen-silberkette\/#primaryimage","url":"https:\/\/glowery.me\/wp-content\/uploads\/2025\/04\/aroma-diffuser-necklace-with-lava-beads-ea2764e7.jpg","contentUrl":"https:\/\/glowery.me\/wp-content\/uploads\/2025\/04\/aroma-diffuser-necklace-with-lava-beads-ea2764e7.jpg","width":1500,"height":1120},{"@type":"BreadcrumbList","@id":"https:\/\/glowery.me\/de\/produkt\/aroma-diffusor-halskette-mit-lava-perlen-silberkette\/#breadcrumb","itemListElement":[{"@type":"ListItem","position":1,"name":"Home","item":"https:\/\/glowery.me\/de\/startseite\/"},{"@type":"ListItem","position":2,"name":"Shop","item":"https:\/\/glowery.me\/de\/shop\/"},{"@type":"ListItem","position":3,"name":"Aroma-Diffusor-Halskette mit Lava-Perlen &#8211; Silberkette"}]},{"@type":"WebSite","@id":"https:\/\/glowery.me\/#website","url":"https:\/\/glowery.me\/","name":"Glowery","description":"Stilvolle Essentials \u2013 von zeitlosem Schmuck \u00fcber elegante Taschen und Schuhe bis hin zu ausgew\u00e4hlten Kleidern und nat\u00fcrlicher Kosmetik.","publisher":{"@id":"https:\/\/glowery.me\/#organization"},"potentialAction":[{"@type":"SearchAction","target":{"@type":"EntryPoint","urlTemplate":"https:\/\/glowery.me\/?s={search_term_string}"},"query-input":{"@type":"PropertyValueSpecification","valueRequired":true,"valueName":"search_term_string"}}],"inLanguage":"de"},{"@type":"Organization","@id":"https:\/\/glowery.me\/#organization","name":"Glowery","url":"https:\/\/glowery.me\/","logo":{"@type":"ImageObject","inLanguage":"de","@id":"https:\/\/glowery.me\/#\/schema\/logo\/image\/","url":"https:\/\/glowery.me\/wp-content\/uploads\/2025\/05\/Glowery-e1746421067847.png","contentUrl":"https:\/\/glowery.me\/wp-content\/uploads\/2025\/05\/Glowery-e1746421067847.png","width":494,"height":146,"caption":"Glowery"},"image":{"@id":"https:\/\/glowery.me\/#\/schema\/logo\/image\/"},"sameAs":["https:\/\/www.facebook.com\/profile.php?id=61575866108739","https:\/\/www.instagram.com\/glowery.me","https:\/\/www.tiktok.com\/@glowery.me?_t=ZN-8wLhgUVkGCk&_r=1"]}]}},"jetpack_sharing_enabled":true,"_links":{"self":[{"href":"https:\/\/glowery.me\/de\/wp-json\/wp\/v2\/product\/23034","targetHints":{"allow":["GET"]}}],"collection":[{"href":"https:\/\/glowery.me\/de\/wp-json\/wp\/v2\/product"}],"about":[{"href":"https:\/\/glowery.me\/de\/wp-json\/wp\/v2\/types\/product"}],"replies":[{"embeddable":true,"href":"https:\/\/glowery.me\/de\/wp-json\/wp\/v2\/comments?post=23034"}],"wp:featuredmedia":[{"embeddable":true,"href":"https:\/\/glowery.me\/de\/wp-json\/wp\/v2\/media\/17065"}],"wp:attachment":[{"href":"https:\/\/glowery.me\/de\/wp-json\/wp\/v2\/media?parent=23034"}],"wp:term":[{"taxonomy":"product_brand","embeddable":true,"href":"https:\/\/glowery.me\/de\/wp-json\/wp\/v2\/product_brand?post=23034"},{"taxonomy":"product_cat","embeddable":true,"href":"https:\/\/glowery.me\/de\/wp-json\/wp\/v2\/product_cat?post=23034"},{"taxonomy":"product_tag","embeddable":true,"href":"https:\/\/glowery.me\/de\/wp-json\/wp\/v2\/product_tag?post=23034"}],"curies":[{"name":"wp","href":"https:\/\/api.w.org\/{rel}","templated":true}]}}