{"id":23056,"date":"2025-04-27T16:23:00","date_gmt":"2025-04-27T16:23:00","guid":{"rendered":"https:\/\/glowery.me\/produkt\/arp-perlen-und-porzellan-ohrringe-weiss\/"},"modified":"2025-04-27T16:23:00","modified_gmt":"2025-04-27T16:23:00","slug":"arp-perlen-und-porzellan-ohrringe-weiss","status":"publish","type":"product","link":"https:\/\/glowery.me\/de\/produkt\/arp-perlen-und-porzellan-ohrringe-weiss\/","title":{"rendered":"Arp Perlen- und Porzellan-Ohrringe &#8211; Wei\u00df"},"content":{"rendered":"<p>Einzigartige <strong>Mix-and-Match-Schmuckkollektion<\/strong> <strong>, inspiriert vom<\/strong> biomorphen Abstraktionismus.<br \/>Zarte, handgefertigte Schmuckst\u00fccke aus  <strong>Porzellan und Perle. &#8222;Arp&#8220; Ohrringe   <\/strong>bestehen aus mehreren Elementen, die auf 4 verschiedene Arten kombiniert werden k\u00f6nnen.<\/p>\n<ul>\n<li>\n<p><strong>S\u00fc\u00dfwasserperlen<\/strong> und handgefertigte <strong>Porzellanfiguren.<\/strong><\/p>\n<\/li>\n<li>\n<p>Die Ohrringe bestehen aus <strong>18k vergoldeten Creolen<\/strong>.<\/p>\n<\/li>\n<li>\n<p>Gr\u00f6\u00dfe: 48 x 20 mm (1,88 x 0,78 Zoll)<\/p>\n<\/li>\n<\/ul>\n<p>Das<strong> leichte Design<\/strong> macht die Keramik-Ohrringe ideal f\u00fcr das t\u00e4gliche Tragen.<\/p>\n<p>Keine zwei Paare sind identisch. Das ist das Sch\u00f6ne an handgefertigtem Schmuck! <\/p>\n<p>Alle Rozenthal-Schmuckst\u00fccke sind wundersch\u00f6n <strong>in einer Geschenkbox verpackt.<\/strong><\/p>\n","protected":false},"excerpt":{"rendered":"<p>Einzigartige <strong>Mix-and-Match-Schmuckkollektion<\/strong> <strong>, inspiriert vom<\/strong> biomorphen Abstraktionismus.<br \/>Zarte, handgefertigte Schmuckst\u00fccke aus  <strong>Porzellan und Perle. &#8222;Arp&#8220; Ohrringe   <\/strong>bestehen aus mehreren Elementen, die auf 4 verschiedene Arten kombiniert werden k\u00f6nnen.<\/p>\n<ul>\n<li>\n<p><strong>S\u00fc\u00dfwasserperlen<\/strong> und handgefertigte <strong>Porzellanfiguren.<\/strong><\/p>\n<\/li>\n<li>\n<p>Die Ohrringe bestehen aus <strong>18k vergoldeten Creolen<\/strong>.<\/p>\n<\/li>\n<li>\n<p>Gr\u00f6\u00dfe: 48 x 20 mm (1,88 x 0,78 Zoll)<\/p>\n<\/li>\n<\/ul>\n<p>Das<strong> leichte Design<\/strong> macht die Keramik-Ohrringe ideal f\u00fcr das t\u00e4gliche Tragen.<\/p>\n<p>Keine zwei Paare sind identisch. Das ist das Sch\u00f6ne an handgefertigtem Schmuck! <\/p>\n<p>Alle Rozenthal-Schmuckst\u00fccke sind wundersch\u00f6n <strong>in einer Geschenkbox verpackt.<\/strong><\/p>\n","protected":false},"featured_media":16612,"comment_status":"open","ping_status":"closed","template":"","meta":[],"product_brand":[],"product_cat":[128,126],"product_tag":[],"class_list":{"0":"post-23056","1":"product","2":"type-product","3":"status-publish","4":"has-post-thumbnail","6":"product_cat-ohrringe","7":"product_cat-schmuck","9":"first","10":"instock","11":"shipping-taxable","12":"purchasable","13":"product-type-simple"},"yoast_head":"<!-- This site is optimized with the Yoast SEO plugin v25.3 - https:\/\/yoast.com\/wordpress\/plugins\/seo\/ -->\n<title>Arp Perlen- und Porzellan-Ohrringe - Wei\u00df - Glowery<\/title>\n<meta name=\"robots\" content=\"index, follow, max-snippet:-1, max-image-preview:large, max-video-preview:-1\" \/>\n<link rel=\"canonical\" href=\"https:\/\/glowery.me\/de\/produkt\/arp-perlen-und-porzellan-ohrringe-weiss\/\" \/>\n<meta property=\"og:locale\" content=\"de_DE\" \/>\n<meta property=\"og:type\" content=\"article\" \/>\n<meta property=\"og:title\" content=\"Arp Perlen- und Porzellan-Ohrringe - Wei\u00df - Glowery\" \/>\n<meta property=\"og:description\" content=\"Einzigartige Mix-and-Match-Schmuckkollektion , inspiriert vom biomorphen Abstraktionismus.Zarte, handgefertigte Schmuckst\u00fccke aus Porzellan und Perle. &quot;Arp&quot; Ohrringe  bestehen aus mehreren Elementen, die auf 4 verschiedene Arten kombiniert werden k\u00f6nnen.S\u00fc\u00dfwasserperlen und handgefertigte Porzellanfiguren.Die Ohrringe bestehen aus 18k vergoldeten Creolen.Gr\u00f6\u00dfe: 48 x 20 mm (1,88 x 0,78 Zoll)Das leichte Design macht die Keramik-Ohrringe ideal f\u00fcr das t\u00e4gliche Tragen.Keine zwei Paare sind identisch. Das ist das Sch\u00f6ne an handgefertigtem Schmuck! Alle Rozenthal-Schmuckst\u00fccke sind wundersch\u00f6n in einer Geschenkbox verpackt.\" \/>\n<meta property=\"og:url\" content=\"https:\/\/glowery.me\/de\/produkt\/arp-perlen-und-porzellan-ohrringe-weiss\/\" \/>\n<meta property=\"og:site_name\" content=\"Glowery\" \/>\n<meta property=\"article:publisher\" content=\"https:\/\/www.facebook.com\/profile.php?id=61575866108739\" \/>\n<meta property=\"og:image\" content=\"https:\/\/glowery.me\/wp-content\/uploads\/2025\/04\/arp-pearl-and-porcelain-earrings-eee75b61.jpg\" \/>\n\t<meta property=\"og:image:width\" content=\"533\" \/>\n\t<meta property=\"og:image:height\" content=\"799\" \/>\n\t<meta property=\"og:image:type\" content=\"image\/jpeg\" \/>\n<meta name=\"twitter:card\" content=\"summary_large_image\" \/>\n<script type=\"application\/ld+json\" class=\"yoast-schema-graph\">{\"@context\":\"https:\/\/schema.org\",\"@graph\":[{\"@type\":\"WebPage\",\"@id\":\"https:\/\/glowery.me\/de\/produkt\/arp-perlen-und-porzellan-ohrringe-weiss\/\",\"url\":\"https:\/\/glowery.me\/de\/produkt\/arp-perlen-und-porzellan-ohrringe-weiss\/\",\"name\":\"Arp Perlen- und Porzellan-Ohrringe - Wei\u00df - Glowery\",\"isPartOf\":{\"@id\":\"https:\/\/glowery.me\/#website\"},\"primaryImageOfPage\":{\"@id\":\"https:\/\/glowery.me\/de\/produkt\/arp-perlen-und-porzellan-ohrringe-weiss\/#primaryimage\"},\"image\":{\"@id\":\"https:\/\/glowery.me\/de\/produkt\/arp-perlen-und-porzellan-ohrringe-weiss\/#primaryimage\"},\"thumbnailUrl\":\"https:\/\/glowery.me\/wp-content\/uploads\/2025\/04\/arp-pearl-and-porcelain-earrings-eee75b61.jpg\",\"datePublished\":\"2025-04-27T16:23:00+00:00\",\"breadcrumb\":{\"@id\":\"https:\/\/glowery.me\/de\/produkt\/arp-perlen-und-porzellan-ohrringe-weiss\/#breadcrumb\"},\"inLanguage\":\"de\",\"potentialAction\":[{\"@type\":\"ReadAction\",\"target\":[\"https:\/\/glowery.me\/de\/produkt\/arp-perlen-und-porzellan-ohrringe-weiss\/\"]}]},{\"@type\":\"ImageObject\",\"inLanguage\":\"de\",\"@id\":\"https:\/\/glowery.me\/de\/produkt\/arp-perlen-und-porzellan-ohrringe-weiss\/#primaryimage\",\"url\":\"https:\/\/glowery.me\/wp-content\/uploads\/2025\/04\/arp-pearl-and-porcelain-earrings-eee75b61.jpg\",\"contentUrl\":\"https:\/\/glowery.me\/wp-content\/uploads\/2025\/04\/arp-pearl-and-porcelain-earrings-eee75b61.jpg\",\"width\":533,\"height\":799},{\"@type\":\"BreadcrumbList\",\"@id\":\"https:\/\/glowery.me\/de\/produkt\/arp-perlen-und-porzellan-ohrringe-weiss\/#breadcrumb\",\"itemListElement\":[{\"@type\":\"ListItem\",\"position\":1,\"name\":\"Home\",\"item\":\"https:\/\/glowery.me\/de\/startseite\/\"},{\"@type\":\"ListItem\",\"position\":2,\"name\":\"Shop\",\"item\":\"https:\/\/glowery.me\/de\/shop\/\"},{\"@type\":\"ListItem\",\"position\":3,\"name\":\"Arp Perlen- und Porzellan-Ohrringe &#8211; Wei\u00df\"}]},{\"@type\":\"WebSite\",\"@id\":\"https:\/\/glowery.me\/#website\",\"url\":\"https:\/\/glowery.me\/\",\"name\":\"Glowery\",\"description\":\"Stilvolle Essentials \u2013 von zeitlosem Schmuck \u00fcber elegante Taschen und Schuhe bis hin zu ausgew\u00e4hlten Kleidern und nat\u00fcrlicher Kosmetik.\",\"publisher\":{\"@id\":\"https:\/\/glowery.me\/#organization\"},\"potentialAction\":[{\"@type\":\"SearchAction\",\"target\":{\"@type\":\"EntryPoint\",\"urlTemplate\":\"https:\/\/glowery.me\/?s={search_term_string}\"},\"query-input\":{\"@type\":\"PropertyValueSpecification\",\"valueRequired\":true,\"valueName\":\"search_term_string\"}}],\"inLanguage\":\"de\"},{\"@type\":\"Organization\",\"@id\":\"https:\/\/glowery.me\/#organization\",\"name\":\"Glowery\",\"url\":\"https:\/\/glowery.me\/\",\"logo\":{\"@type\":\"ImageObject\",\"inLanguage\":\"de\",\"@id\":\"https:\/\/glowery.me\/#\/schema\/logo\/image\/\",\"url\":\"https:\/\/glowery.me\/wp-content\/uploads\/2025\/05\/Glowery-e1746421067847.png\",\"contentUrl\":\"https:\/\/glowery.me\/wp-content\/uploads\/2025\/05\/Glowery-e1746421067847.png\",\"width\":494,\"height\":146,\"caption\":\"Glowery\"},\"image\":{\"@id\":\"https:\/\/glowery.me\/#\/schema\/logo\/image\/\"},\"sameAs\":[\"https:\/\/www.facebook.com\/profile.php?id=61575866108739\",\"https:\/\/www.instagram.com\/glowery.me\",\"https:\/\/www.tiktok.com\/@glowery.me?_t=ZN-8wLhgUVkGCk&_r=1\"]}]}<\/script>\n<!-- \/ Yoast SEO plugin. -->","yoast_head_json":{"title":"Arp Perlen- und Porzellan-Ohrringe - Wei\u00df - Glowery","robots":{"index":"index","follow":"follow","max-snippet":"max-snippet:-1","max-image-preview":"max-image-preview:large","max-video-preview":"max-video-preview:-1"},"canonical":"https:\/\/glowery.me\/de\/produkt\/arp-perlen-und-porzellan-ohrringe-weiss\/","og_locale":"de_DE","og_type":"article","og_title":"Arp Perlen- und Porzellan-Ohrringe - Wei\u00df - Glowery","og_description":"Einzigartige Mix-and-Match-Schmuckkollektion , inspiriert vom biomorphen Abstraktionismus.Zarte, handgefertigte Schmuckst\u00fccke aus Porzellan und Perle. \"Arp\" Ohrringe  bestehen aus mehreren Elementen, die auf 4 verschiedene Arten kombiniert werden k\u00f6nnen.S\u00fc\u00dfwasserperlen und handgefertigte Porzellanfiguren.Die Ohrringe bestehen aus 18k vergoldeten Creolen.Gr\u00f6\u00dfe: 48 x 20 mm (1,88 x 0,78 Zoll)Das leichte Design macht die Keramik-Ohrringe ideal f\u00fcr das t\u00e4gliche Tragen.Keine zwei Paare sind identisch. Das ist das Sch\u00f6ne an handgefertigtem Schmuck! Alle Rozenthal-Schmuckst\u00fccke sind wundersch\u00f6n in einer Geschenkbox verpackt.","og_url":"https:\/\/glowery.me\/de\/produkt\/arp-perlen-und-porzellan-ohrringe-weiss\/","og_site_name":"Glowery","article_publisher":"https:\/\/www.facebook.com\/profile.php?id=61575866108739","og_image":[{"width":533,"height":799,"url":"https:\/\/glowery.me\/wp-content\/uploads\/2025\/04\/arp-pearl-and-porcelain-earrings-eee75b61.jpg","type":"image\/jpeg"}],"twitter_card":"summary_large_image","schema":{"@context":"https:\/\/schema.org","@graph":[{"@type":"WebPage","@id":"https:\/\/glowery.me\/de\/produkt\/arp-perlen-und-porzellan-ohrringe-weiss\/","url":"https:\/\/glowery.me\/de\/produkt\/arp-perlen-und-porzellan-ohrringe-weiss\/","name":"Arp Perlen- und Porzellan-Ohrringe - Wei\u00df - Glowery","isPartOf":{"@id":"https:\/\/glowery.me\/#website"},"primaryImageOfPage":{"@id":"https:\/\/glowery.me\/de\/produkt\/arp-perlen-und-porzellan-ohrringe-weiss\/#primaryimage"},"image":{"@id":"https:\/\/glowery.me\/de\/produkt\/arp-perlen-und-porzellan-ohrringe-weiss\/#primaryimage"},"thumbnailUrl":"https:\/\/glowery.me\/wp-content\/uploads\/2025\/04\/arp-pearl-and-porcelain-earrings-eee75b61.jpg","datePublished":"2025-04-27T16:23:00+00:00","breadcrumb":{"@id":"https:\/\/glowery.me\/de\/produkt\/arp-perlen-und-porzellan-ohrringe-weiss\/#breadcrumb"},"inLanguage":"de","potentialAction":[{"@type":"ReadAction","target":["https:\/\/glowery.me\/de\/produkt\/arp-perlen-und-porzellan-ohrringe-weiss\/"]}]},{"@type":"ImageObject","inLanguage":"de","@id":"https:\/\/glowery.me\/de\/produkt\/arp-perlen-und-porzellan-ohrringe-weiss\/#primaryimage","url":"https:\/\/glowery.me\/wp-content\/uploads\/2025\/04\/arp-pearl-and-porcelain-earrings-eee75b61.jpg","contentUrl":"https:\/\/glowery.me\/wp-content\/uploads\/2025\/04\/arp-pearl-and-porcelain-earrings-eee75b61.jpg","width":533,"height":799},{"@type":"BreadcrumbList","@id":"https:\/\/glowery.me\/de\/produkt\/arp-perlen-und-porzellan-ohrringe-weiss\/#breadcrumb","itemListElement":[{"@type":"ListItem","position":1,"name":"Home","item":"https:\/\/glowery.me\/de\/startseite\/"},{"@type":"ListItem","position":2,"name":"Shop","item":"https:\/\/glowery.me\/de\/shop\/"},{"@type":"ListItem","position":3,"name":"Arp Perlen- und Porzellan-Ohrringe &#8211; Wei\u00df"}]},{"@type":"WebSite","@id":"https:\/\/glowery.me\/#website","url":"https:\/\/glowery.me\/","name":"Glowery","description":"Stilvolle Essentials \u2013 von zeitlosem Schmuck \u00fcber elegante Taschen und Schuhe bis hin zu ausgew\u00e4hlten Kleidern und nat\u00fcrlicher Kosmetik.","publisher":{"@id":"https:\/\/glowery.me\/#organization"},"potentialAction":[{"@type":"SearchAction","target":{"@type":"EntryPoint","urlTemplate":"https:\/\/glowery.me\/?s={search_term_string}"},"query-input":{"@type":"PropertyValueSpecification","valueRequired":true,"valueName":"search_term_string"}}],"inLanguage":"de"},{"@type":"Organization","@id":"https:\/\/glowery.me\/#organization","name":"Glowery","url":"https:\/\/glowery.me\/","logo":{"@type":"ImageObject","inLanguage":"de","@id":"https:\/\/glowery.me\/#\/schema\/logo\/image\/","url":"https:\/\/glowery.me\/wp-content\/uploads\/2025\/05\/Glowery-e1746421067847.png","contentUrl":"https:\/\/glowery.me\/wp-content\/uploads\/2025\/05\/Glowery-e1746421067847.png","width":494,"height":146,"caption":"Glowery"},"image":{"@id":"https:\/\/glowery.me\/#\/schema\/logo\/image\/"},"sameAs":["https:\/\/www.facebook.com\/profile.php?id=61575866108739","https:\/\/www.instagram.com\/glowery.me","https:\/\/www.tiktok.com\/@glowery.me?_t=ZN-8wLhgUVkGCk&_r=1"]}]}},"jetpack_sharing_enabled":true,"_links":{"self":[{"href":"https:\/\/glowery.me\/de\/wp-json\/wp\/v2\/product\/23056","targetHints":{"allow":["GET"]}}],"collection":[{"href":"https:\/\/glowery.me\/de\/wp-json\/wp\/v2\/product"}],"about":[{"href":"https:\/\/glowery.me\/de\/wp-json\/wp\/v2\/types\/product"}],"replies":[{"embeddable":true,"href":"https:\/\/glowery.me\/de\/wp-json\/wp\/v2\/comments?post=23056"}],"wp:featuredmedia":[{"embeddable":true,"href":"https:\/\/glowery.me\/de\/wp-json\/wp\/v2\/media\/16612"}],"wp:attachment":[{"href":"https:\/\/glowery.me\/de\/wp-json\/wp\/v2\/media?parent=23056"}],"wp:term":[{"taxonomy":"product_brand","embeddable":true,"href":"https:\/\/glowery.me\/de\/wp-json\/wp\/v2\/product_brand?post=23056"},{"taxonomy":"product_cat","embeddable":true,"href":"https:\/\/glowery.me\/de\/wp-json\/wp\/v2\/product_cat?post=23056"},{"taxonomy":"product_tag","embeddable":true,"href":"https:\/\/glowery.me\/de\/wp-json\/wp\/v2\/product_tag?post=23056"}],"curies":[{"name":"wp","href":"https:\/\/api.w.org\/{rel}","templated":true}]}}