{"id":23062,"date":"2025-04-27T16:23:00","date_gmt":"2025-04-27T16:23:00","guid":{"rendered":"https:\/\/glowery.me\/produkt\/runde-ohrstecker-aus-porzellan-weiss-und-gold\/"},"modified":"2025-04-27T16:23:00","modified_gmt":"2025-04-27T16:23:00","slug":"runde-ohrstecker-aus-porzellan-weiss-und-gold","status":"publish","type":"product","link":"https:\/\/glowery.me\/de\/produkt\/runde-ohrstecker-aus-porzellan-weiss-und-gold\/","title":{"rendered":"Runde Ohrstecker aus Porzellan &#8211; Wei\u00df und Gold"},"content":{"rendered":"<p>Die <strong>Gold dip<\/strong> Schmuckkollektion ist perfekt f\u00fcr alle, die den Komfort von <strong>leichtem Schmuck <\/strong>f\u00fcr den ganzen Tag zu sch\u00e4tzen wissen.<\/p>\n<p>Die Gold dip Kollektion ist eine Verschmelzung von <strong>zeitloser Eleganz<\/strong>, klaren Formen und nachhaltigen Materialien, die Sie bei jeder Gelegenheit gl\u00e4nzen l\u00e4sst.&nbsp;<\/p>\n<\/p>\n<ul>\n<li>\n<p>Gr\u00f6\u00dfe: 12 mm (0.47 in)<\/p>\n<\/li>\n<li>\n<p>Leichtgewicht: 2g<\/p>\n<\/li>\n<li>\n<p>Hochwertiges Porzellan<\/p>\n<\/li>\n<li>\n<p>Handbemalt mit 24k Gold<\/p>\n<\/li>\n<li>\n<p>Ohrstecker aus Sterlingsilber (925) &#8211; hypoallergen<\/p>\n<\/li>\n<\/ul>\n<p>Alle Rozenthal-Schmuckst\u00fccke sind wundersch\u00f6n <strong>in einer Geschenkbox verpackt<\/strong>.<\/p>\n","protected":false},"excerpt":{"rendered":"<p>Die <strong>Gold dip<\/strong> Schmuckkollektion ist perfekt f\u00fcr alle, die den Komfort von <strong>leichtem Schmuck <\/strong>f\u00fcr den ganzen Tag zu sch\u00e4tzen wissen.<\/p>\n<p>Die Gold dip Kollektion ist eine Verschmelzung von <strong>zeitloser Eleganz<\/strong>, klaren Formen und nachhaltigen Materialien, die Sie bei jeder Gelegenheit gl\u00e4nzen l\u00e4sst.&nbsp;<\/p>\n<\/p>\n<ul>\n<li>\n<p>Gr\u00f6\u00dfe: 12 mm (0.47 in)<\/p>\n<\/li>\n<li>\n<p>Leichtgewicht: 2g<\/p>\n<\/li>\n<li>\n<p>Hochwertiges Porzellan<\/p>\n<\/li>\n<li>\n<p>Handbemalt mit 24k Gold<\/p>\n<\/li>\n<li>\n<p>Ohrstecker aus Sterlingsilber (925) &#8211; hypoallergen<\/p>\n<\/li>\n<\/ul>\n<p>Alle Rozenthal-Schmuckst\u00fccke sind wundersch\u00f6n <strong>in einer Geschenkbox verpackt<\/strong>.<\/p>\n","protected":false},"featured_media":16678,"comment_status":"open","ping_status":"closed","template":"","meta":[],"product_brand":[],"product_cat":[128,126],"product_tag":[],"class_list":{"0":"post-23062","1":"product","2":"type-product","3":"status-publish","4":"has-post-thumbnail","6":"product_cat-ohrringe","7":"product_cat-schmuck","9":"first","10":"instock","11":"shipping-taxable","12":"purchasable","13":"product-type-simple"},"yoast_head":"<!-- This site is optimized with the Yoast SEO plugin v25.3 - https:\/\/yoast.com\/wordpress\/plugins\/seo\/ -->\n<title>Runde Ohrstecker aus Porzellan - Wei\u00df und Gold - Glowery<\/title>\n<meta name=\"robots\" content=\"index, follow, max-snippet:-1, max-image-preview:large, max-video-preview:-1\" \/>\n<link rel=\"canonical\" href=\"https:\/\/glowery.me\/de\/produkt\/runde-ohrstecker-aus-porzellan-weiss-und-gold\/\" \/>\n<meta property=\"og:locale\" content=\"de_DE\" \/>\n<meta property=\"og:type\" content=\"article\" \/>\n<meta property=\"og:title\" content=\"Runde Ohrstecker aus Porzellan - Wei\u00df und Gold - Glowery\" \/>\n<meta property=\"og:description\" content=\"Die Gold dip Schmuckkollektion ist perfekt f\u00fcr alle, die den Komfort von leichtem Schmuck f\u00fcr den ganzen Tag zu sch\u00e4tzen wissen.Die Gold dip Kollektion ist eine Verschmelzung von zeitloser Eleganz, klaren Formen und nachhaltigen Materialien, die Sie bei jeder Gelegenheit gl\u00e4nzen l\u00e4sst.&nbsp;Gr\u00f6\u00dfe: 12 mm (0.47 in)Leichtgewicht: 2gHochwertiges PorzellanHandbemalt mit 24k GoldOhrstecker aus Sterlingsilber (925) - hypoallergenAlle Rozenthal-Schmuckst\u00fccke sind wundersch\u00f6n in einer Geschenkbox verpackt.\" \/>\n<meta property=\"og:url\" content=\"https:\/\/glowery.me\/de\/produkt\/runde-ohrstecker-aus-porzellan-weiss-und-gold\/\" \/>\n<meta property=\"og:site_name\" content=\"Glowery\" \/>\n<meta property=\"article:publisher\" content=\"https:\/\/www.facebook.com\/profile.php?id=61575866108739\" \/>\n<meta property=\"og:image\" content=\"https:\/\/glowery.me\/wp-content\/uploads\/2025\/04\/porcelain-round-stud-earrings-white-and-gold-37cad378.jpg\" \/>\n\t<meta property=\"og:image:width\" content=\"1946\" \/>\n\t<meta property=\"og:image:height\" content=\"2433\" \/>\n\t<meta property=\"og:image:type\" content=\"image\/jpeg\" \/>\n<meta name=\"twitter:card\" content=\"summary_large_image\" \/>\n<script type=\"application\/ld+json\" class=\"yoast-schema-graph\">{\"@context\":\"https:\/\/schema.org\",\"@graph\":[{\"@type\":\"WebPage\",\"@id\":\"https:\/\/glowery.me\/de\/produkt\/runde-ohrstecker-aus-porzellan-weiss-und-gold\/\",\"url\":\"https:\/\/glowery.me\/de\/produkt\/runde-ohrstecker-aus-porzellan-weiss-und-gold\/\",\"name\":\"Runde Ohrstecker aus Porzellan - Wei\u00df und Gold - Glowery\",\"isPartOf\":{\"@id\":\"https:\/\/glowery.me\/#website\"},\"primaryImageOfPage\":{\"@id\":\"https:\/\/glowery.me\/de\/produkt\/runde-ohrstecker-aus-porzellan-weiss-und-gold\/#primaryimage\"},\"image\":{\"@id\":\"https:\/\/glowery.me\/de\/produkt\/runde-ohrstecker-aus-porzellan-weiss-und-gold\/#primaryimage\"},\"thumbnailUrl\":\"https:\/\/glowery.me\/wp-content\/uploads\/2025\/04\/porcelain-round-stud-earrings-white-and-gold-37cad378.jpg\",\"datePublished\":\"2025-04-27T16:23:00+00:00\",\"breadcrumb\":{\"@id\":\"https:\/\/glowery.me\/de\/produkt\/runde-ohrstecker-aus-porzellan-weiss-und-gold\/#breadcrumb\"},\"inLanguage\":\"de\",\"potentialAction\":[{\"@type\":\"ReadAction\",\"target\":[\"https:\/\/glowery.me\/de\/produkt\/runde-ohrstecker-aus-porzellan-weiss-und-gold\/\"]}]},{\"@type\":\"ImageObject\",\"inLanguage\":\"de\",\"@id\":\"https:\/\/glowery.me\/de\/produkt\/runde-ohrstecker-aus-porzellan-weiss-und-gold\/#primaryimage\",\"url\":\"https:\/\/glowery.me\/wp-content\/uploads\/2025\/04\/porcelain-round-stud-earrings-white-and-gold-37cad378.jpg\",\"contentUrl\":\"https:\/\/glowery.me\/wp-content\/uploads\/2025\/04\/porcelain-round-stud-earrings-white-and-gold-37cad378.jpg\",\"width\":1946,\"height\":2433},{\"@type\":\"BreadcrumbList\",\"@id\":\"https:\/\/glowery.me\/de\/produkt\/runde-ohrstecker-aus-porzellan-weiss-und-gold\/#breadcrumb\",\"itemListElement\":[{\"@type\":\"ListItem\",\"position\":1,\"name\":\"Home\",\"item\":\"https:\/\/glowery.me\/de\/startseite\/\"},{\"@type\":\"ListItem\",\"position\":2,\"name\":\"Shop\",\"item\":\"https:\/\/glowery.me\/de\/shop\/\"},{\"@type\":\"ListItem\",\"position\":3,\"name\":\"Runde Ohrstecker aus Porzellan &#8211; Wei\u00df und Gold\"}]},{\"@type\":\"WebSite\",\"@id\":\"https:\/\/glowery.me\/#website\",\"url\":\"https:\/\/glowery.me\/\",\"name\":\"Glowery\",\"description\":\"Stilvolle Essentials \u2013 von zeitlosem Schmuck \u00fcber elegante Taschen und Schuhe bis hin zu ausgew\u00e4hlten Kleidern und nat\u00fcrlicher Kosmetik.\",\"publisher\":{\"@id\":\"https:\/\/glowery.me\/#organization\"},\"potentialAction\":[{\"@type\":\"SearchAction\",\"target\":{\"@type\":\"EntryPoint\",\"urlTemplate\":\"https:\/\/glowery.me\/?s={search_term_string}\"},\"query-input\":{\"@type\":\"PropertyValueSpecification\",\"valueRequired\":true,\"valueName\":\"search_term_string\"}}],\"inLanguage\":\"de\"},{\"@type\":\"Organization\",\"@id\":\"https:\/\/glowery.me\/#organization\",\"name\":\"Glowery\",\"url\":\"https:\/\/glowery.me\/\",\"logo\":{\"@type\":\"ImageObject\",\"inLanguage\":\"de\",\"@id\":\"https:\/\/glowery.me\/#\/schema\/logo\/image\/\",\"url\":\"https:\/\/glowery.me\/wp-content\/uploads\/2025\/05\/Glowery-e1746421067847.png\",\"contentUrl\":\"https:\/\/glowery.me\/wp-content\/uploads\/2025\/05\/Glowery-e1746421067847.png\",\"width\":494,\"height\":146,\"caption\":\"Glowery\"},\"image\":{\"@id\":\"https:\/\/glowery.me\/#\/schema\/logo\/image\/\"},\"sameAs\":[\"https:\/\/www.facebook.com\/profile.php?id=61575866108739\",\"https:\/\/www.instagram.com\/glowery.me\",\"https:\/\/www.tiktok.com\/@glowery.me?_t=ZN-8wLhgUVkGCk&_r=1\"]}]}<\/script>\n<!-- \/ Yoast SEO plugin. -->","yoast_head_json":{"title":"Runde Ohrstecker aus Porzellan - Wei\u00df und Gold - Glowery","robots":{"index":"index","follow":"follow","max-snippet":"max-snippet:-1","max-image-preview":"max-image-preview:large","max-video-preview":"max-video-preview:-1"},"canonical":"https:\/\/glowery.me\/de\/produkt\/runde-ohrstecker-aus-porzellan-weiss-und-gold\/","og_locale":"de_DE","og_type":"article","og_title":"Runde Ohrstecker aus Porzellan - Wei\u00df und Gold - Glowery","og_description":"Die Gold dip Schmuckkollektion ist perfekt f\u00fcr alle, die den Komfort von leichtem Schmuck f\u00fcr den ganzen Tag zu sch\u00e4tzen wissen.Die Gold dip Kollektion ist eine Verschmelzung von zeitloser Eleganz, klaren Formen und nachhaltigen Materialien, die Sie bei jeder Gelegenheit gl\u00e4nzen l\u00e4sst.&nbsp;Gr\u00f6\u00dfe: 12 mm (0.47 in)Leichtgewicht: 2gHochwertiges PorzellanHandbemalt mit 24k GoldOhrstecker aus Sterlingsilber (925) - hypoallergenAlle Rozenthal-Schmuckst\u00fccke sind wundersch\u00f6n in einer Geschenkbox verpackt.","og_url":"https:\/\/glowery.me\/de\/produkt\/runde-ohrstecker-aus-porzellan-weiss-und-gold\/","og_site_name":"Glowery","article_publisher":"https:\/\/www.facebook.com\/profile.php?id=61575866108739","og_image":[{"width":1946,"height":2433,"url":"https:\/\/glowery.me\/wp-content\/uploads\/2025\/04\/porcelain-round-stud-earrings-white-and-gold-37cad378.jpg","type":"image\/jpeg"}],"twitter_card":"summary_large_image","schema":{"@context":"https:\/\/schema.org","@graph":[{"@type":"WebPage","@id":"https:\/\/glowery.me\/de\/produkt\/runde-ohrstecker-aus-porzellan-weiss-und-gold\/","url":"https:\/\/glowery.me\/de\/produkt\/runde-ohrstecker-aus-porzellan-weiss-und-gold\/","name":"Runde Ohrstecker aus Porzellan - Wei\u00df und Gold - Glowery","isPartOf":{"@id":"https:\/\/glowery.me\/#website"},"primaryImageOfPage":{"@id":"https:\/\/glowery.me\/de\/produkt\/runde-ohrstecker-aus-porzellan-weiss-und-gold\/#primaryimage"},"image":{"@id":"https:\/\/glowery.me\/de\/produkt\/runde-ohrstecker-aus-porzellan-weiss-und-gold\/#primaryimage"},"thumbnailUrl":"https:\/\/glowery.me\/wp-content\/uploads\/2025\/04\/porcelain-round-stud-earrings-white-and-gold-37cad378.jpg","datePublished":"2025-04-27T16:23:00+00:00","breadcrumb":{"@id":"https:\/\/glowery.me\/de\/produkt\/runde-ohrstecker-aus-porzellan-weiss-und-gold\/#breadcrumb"},"inLanguage":"de","potentialAction":[{"@type":"ReadAction","target":["https:\/\/glowery.me\/de\/produkt\/runde-ohrstecker-aus-porzellan-weiss-und-gold\/"]}]},{"@type":"ImageObject","inLanguage":"de","@id":"https:\/\/glowery.me\/de\/produkt\/runde-ohrstecker-aus-porzellan-weiss-und-gold\/#primaryimage","url":"https:\/\/glowery.me\/wp-content\/uploads\/2025\/04\/porcelain-round-stud-earrings-white-and-gold-37cad378.jpg","contentUrl":"https:\/\/glowery.me\/wp-content\/uploads\/2025\/04\/porcelain-round-stud-earrings-white-and-gold-37cad378.jpg","width":1946,"height":2433},{"@type":"BreadcrumbList","@id":"https:\/\/glowery.me\/de\/produkt\/runde-ohrstecker-aus-porzellan-weiss-und-gold\/#breadcrumb","itemListElement":[{"@type":"ListItem","position":1,"name":"Home","item":"https:\/\/glowery.me\/de\/startseite\/"},{"@type":"ListItem","position":2,"name":"Shop","item":"https:\/\/glowery.me\/de\/shop\/"},{"@type":"ListItem","position":3,"name":"Runde Ohrstecker aus Porzellan &#8211; Wei\u00df und Gold"}]},{"@type":"WebSite","@id":"https:\/\/glowery.me\/#website","url":"https:\/\/glowery.me\/","name":"Glowery","description":"Stilvolle Essentials \u2013 von zeitlosem Schmuck \u00fcber elegante Taschen und Schuhe bis hin zu ausgew\u00e4hlten Kleidern und nat\u00fcrlicher Kosmetik.","publisher":{"@id":"https:\/\/glowery.me\/#organization"},"potentialAction":[{"@type":"SearchAction","target":{"@type":"EntryPoint","urlTemplate":"https:\/\/glowery.me\/?s={search_term_string}"},"query-input":{"@type":"PropertyValueSpecification","valueRequired":true,"valueName":"search_term_string"}}],"inLanguage":"de"},{"@type":"Organization","@id":"https:\/\/glowery.me\/#organization","name":"Glowery","url":"https:\/\/glowery.me\/","logo":{"@type":"ImageObject","inLanguage":"de","@id":"https:\/\/glowery.me\/#\/schema\/logo\/image\/","url":"https:\/\/glowery.me\/wp-content\/uploads\/2025\/05\/Glowery-e1746421067847.png","contentUrl":"https:\/\/glowery.me\/wp-content\/uploads\/2025\/05\/Glowery-e1746421067847.png","width":494,"height":146,"caption":"Glowery"},"image":{"@id":"https:\/\/glowery.me\/#\/schema\/logo\/image\/"},"sameAs":["https:\/\/www.facebook.com\/profile.php?id=61575866108739","https:\/\/www.instagram.com\/glowery.me","https:\/\/www.tiktok.com\/@glowery.me?_t=ZN-8wLhgUVkGCk&_r=1"]}]}},"jetpack_sharing_enabled":true,"_links":{"self":[{"href":"https:\/\/glowery.me\/de\/wp-json\/wp\/v2\/product\/23062","targetHints":{"allow":["GET"]}}],"collection":[{"href":"https:\/\/glowery.me\/de\/wp-json\/wp\/v2\/product"}],"about":[{"href":"https:\/\/glowery.me\/de\/wp-json\/wp\/v2\/types\/product"}],"replies":[{"embeddable":true,"href":"https:\/\/glowery.me\/de\/wp-json\/wp\/v2\/comments?post=23062"}],"wp:featuredmedia":[{"embeddable":true,"href":"https:\/\/glowery.me\/de\/wp-json\/wp\/v2\/media\/16678"}],"wp:attachment":[{"href":"https:\/\/glowery.me\/de\/wp-json\/wp\/v2\/media?parent=23062"}],"wp:term":[{"taxonomy":"product_brand","embeddable":true,"href":"https:\/\/glowery.me\/de\/wp-json\/wp\/v2\/product_brand?post=23062"},{"taxonomy":"product_cat","embeddable":true,"href":"https:\/\/glowery.me\/de\/wp-json\/wp\/v2\/product_cat?post=23062"},{"taxonomy":"product_tag","embeddable":true,"href":"https:\/\/glowery.me\/de\/wp-json\/wp\/v2\/product_tag?post=23062"}],"curies":[{"name":"wp","href":"https:\/\/api.w.org\/{rel}","templated":true}]}}