{"id":23124,"date":"2025-04-27T16:23:00","date_gmt":"2025-04-27T16:23:00","guid":{"rendered":"https:\/\/glowery.me\/produkt\/hoops-silber-ohrringe\/"},"modified":"2025-04-27T16:23:00","modified_gmt":"2025-04-27T16:23:00","slug":"hoops-silber-ohrringe","status":"publish","type":"product","link":"https:\/\/glowery.me\/de\/produkt\/hoops-silber-ohrringe\/","title":{"rendered":"Hoops Silber Ohrringe"},"content":{"rendered":"<p>Lisa Kroeber Jewellery ist eine Schmuckmarke der deutsch-estnischen Schmuckdesignerin Lisa Lohu. Vor Jahren, nach Abschluss ihres Schmuckdesignstudiums in Deutschland, zog Lisa nach Estland und gr\u00fcndete ihre Schmuckmarke. Inzwischen ist Lisa Kroeber Jewellery zu einem Familienunternehmen herangewachsen, in dem neben Lisa auch Vater Viljar, die S\u00f6hne Uku und Ekke und nat\u00fcrlich die Katze Mau aktiv sind. Die Produkte von Lisa Kroeber bew\u00e4hren sich im Laufe der Zeit, altern gut, verwenden die besten Materialien und sind nicht f\u00fcr die M\u00fclldeponie bestimmt. Lebenslange Garantie garantiert!    <\/p>\n<p>Wir glauben an qualitativ hochwertige Waren, Schmuckst\u00fccke estnischer Herkunft, die mit Liebe und Sorgfalt hergestellt werden und die Umwelt nicht belasten. Wir stellen sicher, dass all unser Schmuck vor Ort und unter den besten Arbeitsbedingungen hergestellt wird. <\/p>\n<ul>\n<li>\n<p>Material: 925 Silber<\/p>\n<\/li>\n<li>\n<p>Gr\u00f6\u00dfe: 2,9 x 0,4 cm<\/p>\n<\/li>\n<li>\n<p>Gewicht pro St\u00fcck: 2,06 g<\/p>\n<\/li>\n<li>\n<p>Entworfen und handgefertigt in Estland<\/p>\n<\/li>\n<\/ul>\n","protected":false},"excerpt":{"rendered":"<p>Lisa Kroeber Jewellery ist eine Schmuckmarke der deutsch-estnischen Schmuckdesignerin Lisa Lohu. Vor Jahren, nach Abschluss ihres Schmuckdesignstudiums in Deutschland, zog Lisa nach Estland und gr\u00fcndete ihre Schmuckmarke. Inzwischen ist Lisa Kroeber Jewellery zu einem Familienunternehmen herangewachsen, in dem neben Lisa auch Vater Viljar, die S\u00f6hne Uku und Ekke und nat\u00fcrlich die Katze Mau aktiv sind. Die Produkte von Lisa Kroeber bew\u00e4hren sich im Laufe der Zeit, altern gut, verwenden die besten Materialien und sind nicht f\u00fcr die M\u00fclldeponie bestimmt. Lebenslange Garantie garantiert!    <\/p>\n<p>Wir glauben an qualitativ hochwertige Waren, Schmuckst\u00fccke estnischer Herkunft, die mit Liebe und Sorgfalt hergestellt werden und die Umwelt nicht belasten. Wir stellen sicher, dass all unser Schmuck vor Ort und unter den besten Arbeitsbedingungen hergestellt wird. <\/p>\n<ul>\n<li>\n<p>Material: 925 Silber<\/p>\n<\/li>\n<li>\n<p>Gr\u00f6\u00dfe: 2,9 x 0,4 cm<\/p>\n<\/li>\n<li>\n<p>Gewicht pro St\u00fcck: 2,06 g<\/p>\n<\/li>\n<li>\n<p>Entworfen und handgefertigt in Estland<\/p>\n<\/li>\n<\/ul>\n","protected":false},"featured_media":16375,"comment_status":"open","ping_status":"closed","template":"","meta":[],"product_brand":[],"product_cat":[128,126],"product_tag":[],"class_list":{"0":"post-23124","1":"product","2":"type-product","3":"status-publish","4":"has-post-thumbnail","6":"product_cat-ohrringe","7":"product_cat-schmuck","9":"first","10":"instock","11":"shipping-taxable","12":"purchasable","13":"product-type-simple"},"yoast_head":"<!-- This site is optimized with the Yoast SEO plugin v25.3 - https:\/\/yoast.com\/wordpress\/plugins\/seo\/ -->\n<title>Hoops Silber Ohrringe - Glowery<\/title>\n<meta name=\"robots\" content=\"index, follow, max-snippet:-1, max-image-preview:large, max-video-preview:-1\" \/>\n<link rel=\"canonical\" href=\"https:\/\/glowery.me\/de\/produkt\/hoops-silber-ohrringe\/\" \/>\n<meta property=\"og:locale\" content=\"de_DE\" \/>\n<meta property=\"og:type\" content=\"article\" \/>\n<meta property=\"og:title\" content=\"Hoops Silber Ohrringe - Glowery\" \/>\n<meta property=\"og:description\" content=\"Lisa Kroeber Jewellery ist eine Schmuckmarke der deutsch-estnischen Schmuckdesignerin Lisa Lohu. Vor Jahren, nach Abschluss ihres Schmuckdesignstudiums in Deutschland, zog Lisa nach Estland und gr\u00fcndete ihre Schmuckmarke. Inzwischen ist Lisa Kroeber Jewellery zu einem Familienunternehmen herangewachsen, in dem neben Lisa auch Vater Viljar, die S\u00f6hne Uku und Ekke und nat\u00fcrlich die Katze Mau aktiv sind. Die Produkte von Lisa Kroeber bew\u00e4hren sich im Laufe der Zeit, altern gut, verwenden die besten Materialien und sind nicht f\u00fcr die M\u00fclldeponie bestimmt. Lebenslange Garantie garantiert!  Wir glauben an qualitativ hochwertige Waren, Schmuckst\u00fccke estnischer Herkunft, die mit Liebe und Sorgfalt hergestellt werden und die Umwelt nicht belasten. Wir stellen sicher, dass all unser Schmuck vor Ort und unter den besten Arbeitsbedingungen hergestellt wird. Material: 925 SilberGr\u00f6\u00dfe: 2,9 x 0,4 cmGewicht pro St\u00fcck: 2,06 gEntworfen und handgefertigt in Estland\" \/>\n<meta property=\"og:url\" content=\"https:\/\/glowery.me\/de\/produkt\/hoops-silber-ohrringe\/\" \/>\n<meta property=\"og:site_name\" content=\"Glowery\" \/>\n<meta property=\"article:publisher\" content=\"https:\/\/www.facebook.com\/profile.php?id=61575866108739\" \/>\n<meta property=\"og:image\" content=\"https:\/\/glowery.me\/wp-content\/uploads\/2025\/04\/hoops-silver-earrings-4f94bbe9.jpg\" \/>\n\t<meta property=\"og:image:width\" content=\"1200\" \/>\n\t<meta property=\"og:image:height\" content=\"1200\" \/>\n\t<meta property=\"og:image:type\" content=\"image\/jpeg\" \/>\n<meta name=\"twitter:card\" content=\"summary_large_image\" \/>\n<meta name=\"twitter:label1\" content=\"Gesch\u00e4tzte Lesezeit\" \/>\n\t<meta name=\"twitter:data1\" content=\"1\u00a0Minute\" \/>\n<script type=\"application\/ld+json\" class=\"yoast-schema-graph\">{\"@context\":\"https:\/\/schema.org\",\"@graph\":[{\"@type\":\"WebPage\",\"@id\":\"https:\/\/glowery.me\/de\/produkt\/hoops-silber-ohrringe\/\",\"url\":\"https:\/\/glowery.me\/de\/produkt\/hoops-silber-ohrringe\/\",\"name\":\"Hoops Silber Ohrringe - Glowery\",\"isPartOf\":{\"@id\":\"https:\/\/glowery.me\/#website\"},\"primaryImageOfPage\":{\"@id\":\"https:\/\/glowery.me\/de\/produkt\/hoops-silber-ohrringe\/#primaryimage\"},\"image\":{\"@id\":\"https:\/\/glowery.me\/de\/produkt\/hoops-silber-ohrringe\/#primaryimage\"},\"thumbnailUrl\":\"https:\/\/glowery.me\/wp-content\/uploads\/2025\/04\/hoops-silver-earrings-4f94bbe9.jpg\",\"datePublished\":\"2025-04-27T16:23:00+00:00\",\"breadcrumb\":{\"@id\":\"https:\/\/glowery.me\/de\/produkt\/hoops-silber-ohrringe\/#breadcrumb\"},\"inLanguage\":\"de\",\"potentialAction\":[{\"@type\":\"ReadAction\",\"target\":[\"https:\/\/glowery.me\/de\/produkt\/hoops-silber-ohrringe\/\"]}]},{\"@type\":\"ImageObject\",\"inLanguage\":\"de\",\"@id\":\"https:\/\/glowery.me\/de\/produkt\/hoops-silber-ohrringe\/#primaryimage\",\"url\":\"https:\/\/glowery.me\/wp-content\/uploads\/2025\/04\/hoops-silver-earrings-4f94bbe9.jpg\",\"contentUrl\":\"https:\/\/glowery.me\/wp-content\/uploads\/2025\/04\/hoops-silver-earrings-4f94bbe9.jpg\",\"width\":1200,\"height\":1200},{\"@type\":\"BreadcrumbList\",\"@id\":\"https:\/\/glowery.me\/de\/produkt\/hoops-silber-ohrringe\/#breadcrumb\",\"itemListElement\":[{\"@type\":\"ListItem\",\"position\":1,\"name\":\"Home\",\"item\":\"https:\/\/glowery.me\/de\/startseite\/\"},{\"@type\":\"ListItem\",\"position\":2,\"name\":\"Shop\",\"item\":\"https:\/\/glowery.me\/de\/shop\/\"},{\"@type\":\"ListItem\",\"position\":3,\"name\":\"Hoops Silber Ohrringe\"}]},{\"@type\":\"WebSite\",\"@id\":\"https:\/\/glowery.me\/#website\",\"url\":\"https:\/\/glowery.me\/\",\"name\":\"Glowery\",\"description\":\"Stilvolle Essentials \u2013 von zeitlosem Schmuck \u00fcber elegante Taschen und Schuhe bis hin zu ausgew\u00e4hlten Kleidern und nat\u00fcrlicher Kosmetik.\",\"publisher\":{\"@id\":\"https:\/\/glowery.me\/#organization\"},\"potentialAction\":[{\"@type\":\"SearchAction\",\"target\":{\"@type\":\"EntryPoint\",\"urlTemplate\":\"https:\/\/glowery.me\/?s={search_term_string}\"},\"query-input\":{\"@type\":\"PropertyValueSpecification\",\"valueRequired\":true,\"valueName\":\"search_term_string\"}}],\"inLanguage\":\"de\"},{\"@type\":\"Organization\",\"@id\":\"https:\/\/glowery.me\/#organization\",\"name\":\"Glowery\",\"url\":\"https:\/\/glowery.me\/\",\"logo\":{\"@type\":\"ImageObject\",\"inLanguage\":\"de\",\"@id\":\"https:\/\/glowery.me\/#\/schema\/logo\/image\/\",\"url\":\"https:\/\/glowery.me\/wp-content\/uploads\/2025\/05\/Glowery-e1746421067847.png\",\"contentUrl\":\"https:\/\/glowery.me\/wp-content\/uploads\/2025\/05\/Glowery-e1746421067847.png\",\"width\":494,\"height\":146,\"caption\":\"Glowery\"},\"image\":{\"@id\":\"https:\/\/glowery.me\/#\/schema\/logo\/image\/\"},\"sameAs\":[\"https:\/\/www.facebook.com\/profile.php?id=61575866108739\",\"https:\/\/www.instagram.com\/glowery.me\",\"https:\/\/www.tiktok.com\/@glowery.me?_t=ZN-8wLhgUVkGCk&_r=1\"]}]}<\/script>\n<!-- \/ Yoast SEO plugin. -->","yoast_head_json":{"title":"Hoops Silber Ohrringe - Glowery","robots":{"index":"index","follow":"follow","max-snippet":"max-snippet:-1","max-image-preview":"max-image-preview:large","max-video-preview":"max-video-preview:-1"},"canonical":"https:\/\/glowery.me\/de\/produkt\/hoops-silber-ohrringe\/","og_locale":"de_DE","og_type":"article","og_title":"Hoops Silber Ohrringe - Glowery","og_description":"Lisa Kroeber Jewellery ist eine Schmuckmarke der deutsch-estnischen Schmuckdesignerin Lisa Lohu. Vor Jahren, nach Abschluss ihres Schmuckdesignstudiums in Deutschland, zog Lisa nach Estland und gr\u00fcndete ihre Schmuckmarke. Inzwischen ist Lisa Kroeber Jewellery zu einem Familienunternehmen herangewachsen, in dem neben Lisa auch Vater Viljar, die S\u00f6hne Uku und Ekke und nat\u00fcrlich die Katze Mau aktiv sind. Die Produkte von Lisa Kroeber bew\u00e4hren sich im Laufe der Zeit, altern gut, verwenden die besten Materialien und sind nicht f\u00fcr die M\u00fclldeponie bestimmt. Lebenslange Garantie garantiert!  Wir glauben an qualitativ hochwertige Waren, Schmuckst\u00fccke estnischer Herkunft, die mit Liebe und Sorgfalt hergestellt werden und die Umwelt nicht belasten. Wir stellen sicher, dass all unser Schmuck vor Ort und unter den besten Arbeitsbedingungen hergestellt wird. Material: 925 SilberGr\u00f6\u00dfe: 2,9 x 0,4 cmGewicht pro St\u00fcck: 2,06 gEntworfen und handgefertigt in Estland","og_url":"https:\/\/glowery.me\/de\/produkt\/hoops-silber-ohrringe\/","og_site_name":"Glowery","article_publisher":"https:\/\/www.facebook.com\/profile.php?id=61575866108739","og_image":[{"width":1200,"height":1200,"url":"https:\/\/glowery.me\/wp-content\/uploads\/2025\/04\/hoops-silver-earrings-4f94bbe9.jpg","type":"image\/jpeg"}],"twitter_card":"summary_large_image","twitter_misc":{"Gesch\u00e4tzte Lesezeit":"1\u00a0Minute"},"schema":{"@context":"https:\/\/schema.org","@graph":[{"@type":"WebPage","@id":"https:\/\/glowery.me\/de\/produkt\/hoops-silber-ohrringe\/","url":"https:\/\/glowery.me\/de\/produkt\/hoops-silber-ohrringe\/","name":"Hoops Silber Ohrringe - Glowery","isPartOf":{"@id":"https:\/\/glowery.me\/#website"},"primaryImageOfPage":{"@id":"https:\/\/glowery.me\/de\/produkt\/hoops-silber-ohrringe\/#primaryimage"},"image":{"@id":"https:\/\/glowery.me\/de\/produkt\/hoops-silber-ohrringe\/#primaryimage"},"thumbnailUrl":"https:\/\/glowery.me\/wp-content\/uploads\/2025\/04\/hoops-silver-earrings-4f94bbe9.jpg","datePublished":"2025-04-27T16:23:00+00:00","breadcrumb":{"@id":"https:\/\/glowery.me\/de\/produkt\/hoops-silber-ohrringe\/#breadcrumb"},"inLanguage":"de","potentialAction":[{"@type":"ReadAction","target":["https:\/\/glowery.me\/de\/produkt\/hoops-silber-ohrringe\/"]}]},{"@type":"ImageObject","inLanguage":"de","@id":"https:\/\/glowery.me\/de\/produkt\/hoops-silber-ohrringe\/#primaryimage","url":"https:\/\/glowery.me\/wp-content\/uploads\/2025\/04\/hoops-silver-earrings-4f94bbe9.jpg","contentUrl":"https:\/\/glowery.me\/wp-content\/uploads\/2025\/04\/hoops-silver-earrings-4f94bbe9.jpg","width":1200,"height":1200},{"@type":"BreadcrumbList","@id":"https:\/\/glowery.me\/de\/produkt\/hoops-silber-ohrringe\/#breadcrumb","itemListElement":[{"@type":"ListItem","position":1,"name":"Home","item":"https:\/\/glowery.me\/de\/startseite\/"},{"@type":"ListItem","position":2,"name":"Shop","item":"https:\/\/glowery.me\/de\/shop\/"},{"@type":"ListItem","position":3,"name":"Hoops Silber Ohrringe"}]},{"@type":"WebSite","@id":"https:\/\/glowery.me\/#website","url":"https:\/\/glowery.me\/","name":"Glowery","description":"Stilvolle Essentials \u2013 von zeitlosem Schmuck \u00fcber elegante Taschen und Schuhe bis hin zu ausgew\u00e4hlten Kleidern und nat\u00fcrlicher Kosmetik.","publisher":{"@id":"https:\/\/glowery.me\/#organization"},"potentialAction":[{"@type":"SearchAction","target":{"@type":"EntryPoint","urlTemplate":"https:\/\/glowery.me\/?s={search_term_string}"},"query-input":{"@type":"PropertyValueSpecification","valueRequired":true,"valueName":"search_term_string"}}],"inLanguage":"de"},{"@type":"Organization","@id":"https:\/\/glowery.me\/#organization","name":"Glowery","url":"https:\/\/glowery.me\/","logo":{"@type":"ImageObject","inLanguage":"de","@id":"https:\/\/glowery.me\/#\/schema\/logo\/image\/","url":"https:\/\/glowery.me\/wp-content\/uploads\/2025\/05\/Glowery-e1746421067847.png","contentUrl":"https:\/\/glowery.me\/wp-content\/uploads\/2025\/05\/Glowery-e1746421067847.png","width":494,"height":146,"caption":"Glowery"},"image":{"@id":"https:\/\/glowery.me\/#\/schema\/logo\/image\/"},"sameAs":["https:\/\/www.facebook.com\/profile.php?id=61575866108739","https:\/\/www.instagram.com\/glowery.me","https:\/\/www.tiktok.com\/@glowery.me?_t=ZN-8wLhgUVkGCk&_r=1"]}]}},"jetpack_sharing_enabled":true,"_links":{"self":[{"href":"https:\/\/glowery.me\/de\/wp-json\/wp\/v2\/product\/23124","targetHints":{"allow":["GET"]}}],"collection":[{"href":"https:\/\/glowery.me\/de\/wp-json\/wp\/v2\/product"}],"about":[{"href":"https:\/\/glowery.me\/de\/wp-json\/wp\/v2\/types\/product"}],"replies":[{"embeddable":true,"href":"https:\/\/glowery.me\/de\/wp-json\/wp\/v2\/comments?post=23124"}],"wp:featuredmedia":[{"embeddable":true,"href":"https:\/\/glowery.me\/de\/wp-json\/wp\/v2\/media\/16375"}],"wp:attachment":[{"href":"https:\/\/glowery.me\/de\/wp-json\/wp\/v2\/media?parent=23124"}],"wp:term":[{"taxonomy":"product_brand","embeddable":true,"href":"https:\/\/glowery.me\/de\/wp-json\/wp\/v2\/product_brand?post=23124"},{"taxonomy":"product_cat","embeddable":true,"href":"https:\/\/glowery.me\/de\/wp-json\/wp\/v2\/product_cat?post=23124"},{"taxonomy":"product_tag","embeddable":true,"href":"https:\/\/glowery.me\/de\/wp-json\/wp\/v2\/product_tag?post=23124"}],"curies":[{"name":"wp","href":"https:\/\/api.w.org\/{rel}","templated":true}]}}