{"id":23329,"date":"2025-04-27T13:35:00","date_gmt":"2025-04-27T13:35:00","guid":{"rendered":"https:\/\/glowery.me\/produkt\/murberry-seidenhaargummi-perle\/"},"modified":"2025-04-27T13:35:00","modified_gmt":"2025-04-27T13:35:00","slug":"murberry-seidenhaargummi-perle","status":"publish","type":"product","link":"https:\/\/glowery.me\/de\/produkt\/murberry-seidenhaargummi-perle\/","title":{"rendered":"Murberry Seidenhaargummi &#8211; Perle"},"content":{"rendered":"<p>Das luxuri\u00f6se und komfortable Haargummi ist <strong>aus biologischer Maulbeerseide hergestellt<\/strong>. Diese hochwertige Seide (6A, 22 momme, OEKO-TEX zertifiziert) ist <strong>strapazierf\u00e4hig und sanft zu Ihrem Haar<\/strong>. Dank seiner Elastizit\u00e4t kann das Haargummi <strong>sowohl in Ihrem Haar als auch als Armband getragen<\/strong> werden.  <\/p>\n<p><strong>Details:<\/strong><\/p>\n<ul>\n<li>Farbe: Wei\u00df<\/li>\n<li>Durchmesser: 10 cm<\/li>\n<li>Material: 100% luxuri\u00f6se Bio-Maulbeerseide<\/li>\n<li>Hergestellt in Europa<\/li>\n<\/ul>\n<p><em>Maulbeerseide ist von h\u00f6chster Qualit\u00e4t mit 6A und 22 Momme.<\/em><br \/><em>OEKO-TEX zertifiziert &#8211; schadstoffgepr\u00fcft und frei von giftigen Farbstoffen.<\/em><\/p><\/p>\n","protected":false},"excerpt":{"rendered":"<p>Das luxuri\u00f6se und komfortable Haargummi ist <strong>aus biologischer Maulbeerseide hergestellt<\/strong>. Diese hochwertige Seide (6A, 22 momme, OEKO-TEX zertifiziert) ist <strong>strapazierf\u00e4hig und sanft zu Ihrem Haar<\/strong>. Dank seiner Elastizit\u00e4t kann das Haargummi <strong>sowohl in Ihrem Haar als auch als Armband getragen<\/strong> werden.  <\/p>\n<p><strong>Details:<\/strong><\/p>\n<ul>\n<li>Farbe: Wei\u00df<\/li>\n<li>Durchmesser: 10 cm<\/li>\n<li>Material: 100% luxuri\u00f6se Bio-Maulbeerseide<\/li>\n<li>Hergestellt in Europa<\/li>\n<\/ul>\n<p><em>Maulbeerseide ist von h\u00f6chster Qualit\u00e4t mit 6A und 22 Momme.<\/em><br \/><em>OEKO-TEX zertifiziert &#8211; schadstoffgepr\u00fcft und frei von giftigen Farbstoffen.<\/em><\/p><\/p>\n","protected":false},"featured_media":16183,"comment_status":"open","ping_status":"closed","template":"","meta":[],"product_brand":[],"product_cat":[128,126],"product_tag":[],"class_list":{"0":"post-23329","1":"product","2":"type-product","3":"status-publish","4":"has-post-thumbnail","6":"product_cat-ohrringe","7":"product_cat-schmuck","9":"first","10":"instock","11":"shipping-taxable","12":"purchasable","13":"product-type-simple"},"yoast_head":"<!-- This site is optimized with the Yoast SEO plugin v25.3 - https:\/\/yoast.com\/wordpress\/plugins\/seo\/ -->\n<title>Murberry Seidenhaargummi - Perle - Glowery<\/title>\n<meta name=\"robots\" content=\"index, follow, max-snippet:-1, max-image-preview:large, max-video-preview:-1\" \/>\n<link rel=\"canonical\" href=\"https:\/\/glowery.me\/de\/produkt\/murberry-seidenhaargummi-perle\/\" \/>\n<meta property=\"og:locale\" content=\"de_DE\" \/>\n<meta property=\"og:type\" content=\"article\" \/>\n<meta property=\"og:title\" content=\"Murberry Seidenhaargummi - Perle - Glowery\" \/>\n<meta property=\"og:description\" content=\"Das luxuri\u00f6se und komfortable Haargummi ist aus biologischer Maulbeerseide hergestellt. Diese hochwertige Seide (6A, 22 momme, OEKO-TEX zertifiziert) ist strapazierf\u00e4hig und sanft zu Ihrem Haar. Dank seiner Elastizit\u00e4t kann das Haargummi sowohl in Ihrem Haar als auch als Armband getragen werden.  Details: Farbe: Wei\u00df Durchmesser: 10 cm Material: 100% luxuri\u00f6se Bio-Maulbeerseide Hergestellt in Europa Maulbeerseide ist von h\u00f6chster Qualit\u00e4t mit 6A und 22 Momme.OEKO-TEX zertifiziert - schadstoffgepr\u00fcft und frei von giftigen Farbstoffen.\" \/>\n<meta property=\"og:url\" content=\"https:\/\/glowery.me\/de\/produkt\/murberry-seidenhaargummi-perle\/\" \/>\n<meta property=\"og:site_name\" content=\"Glowery\" \/>\n<meta property=\"article:publisher\" content=\"https:\/\/www.facebook.com\/profile.php?id=61575866108739\" \/>\n<meta property=\"og:image\" content=\"https:\/\/glowery.me\/wp-content\/uploads\/2025\/04\/Dondella\u00ae-Mulberry-siidist-valge-juuksekumm-parliga-Juuksekumm-Mulberry-Silk-Pearl-Scrunchie-SILKM-5-Valge-.jpg\" \/>\n\t<meta property=\"og:image:width\" content=\"1000\" \/>\n\t<meta property=\"og:image:height\" content=\"1400\" \/>\n\t<meta property=\"og:image:type\" content=\"image\/jpeg\" \/>\n<meta name=\"twitter:card\" content=\"summary_large_image\" \/>\n<script type=\"application\/ld+json\" class=\"yoast-schema-graph\">{\"@context\":\"https:\/\/schema.org\",\"@graph\":[{\"@type\":\"WebPage\",\"@id\":\"https:\/\/glowery.me\/de\/produkt\/murberry-seidenhaargummi-perle\/\",\"url\":\"https:\/\/glowery.me\/de\/produkt\/murberry-seidenhaargummi-perle\/\",\"name\":\"Murberry Seidenhaargummi - Perle - Glowery\",\"isPartOf\":{\"@id\":\"https:\/\/glowery.me\/#website\"},\"primaryImageOfPage\":{\"@id\":\"https:\/\/glowery.me\/de\/produkt\/murberry-seidenhaargummi-perle\/#primaryimage\"},\"image\":{\"@id\":\"https:\/\/glowery.me\/de\/produkt\/murberry-seidenhaargummi-perle\/#primaryimage\"},\"thumbnailUrl\":\"https:\/\/glowery.me\/wp-content\/uploads\/2025\/04\/Dondella\u00ae-Mulberry-siidist-valge-juuksekumm-parliga-Juuksekumm-Mulberry-Silk-Pearl-Scrunchie-SILKM-5-Valge-.jpg\",\"datePublished\":\"2025-04-27T13:35:00+00:00\",\"breadcrumb\":{\"@id\":\"https:\/\/glowery.me\/de\/produkt\/murberry-seidenhaargummi-perle\/#breadcrumb\"},\"inLanguage\":\"de\",\"potentialAction\":[{\"@type\":\"ReadAction\",\"target\":[\"https:\/\/glowery.me\/de\/produkt\/murberry-seidenhaargummi-perle\/\"]}]},{\"@type\":\"ImageObject\",\"inLanguage\":\"de\",\"@id\":\"https:\/\/glowery.me\/de\/produkt\/murberry-seidenhaargummi-perle\/#primaryimage\",\"url\":\"https:\/\/glowery.me\/wp-content\/uploads\/2025\/04\/Dondella\u00ae-Mulberry-siidist-valge-juuksekumm-parliga-Juuksekumm-Mulberry-Silk-Pearl-Scrunchie-SILKM-5-Valge-.jpg\",\"contentUrl\":\"https:\/\/glowery.me\/wp-content\/uploads\/2025\/04\/Dondella\u00ae-Mulberry-siidist-valge-juuksekumm-parliga-Juuksekumm-Mulberry-Silk-Pearl-Scrunchie-SILKM-5-Valge-.jpg\",\"width\":1000,\"height\":1400},{\"@type\":\"BreadcrumbList\",\"@id\":\"https:\/\/glowery.me\/de\/produkt\/murberry-seidenhaargummi-perle\/#breadcrumb\",\"itemListElement\":[{\"@type\":\"ListItem\",\"position\":1,\"name\":\"Home\",\"item\":\"https:\/\/glowery.me\/de\/startseite\/\"},{\"@type\":\"ListItem\",\"position\":2,\"name\":\"Shop\",\"item\":\"https:\/\/glowery.me\/de\/shop\/\"},{\"@type\":\"ListItem\",\"position\":3,\"name\":\"Murberry Seidenhaargummi &#8211; Perle\"}]},{\"@type\":\"WebSite\",\"@id\":\"https:\/\/glowery.me\/#website\",\"url\":\"https:\/\/glowery.me\/\",\"name\":\"Glowery\",\"description\":\"Stilvolle Essentials \u2013 von zeitlosem Schmuck \u00fcber elegante Taschen und Schuhe bis hin zu ausgew\u00e4hlten Kleidern und nat\u00fcrlicher Kosmetik.\",\"publisher\":{\"@id\":\"https:\/\/glowery.me\/#organization\"},\"potentialAction\":[{\"@type\":\"SearchAction\",\"target\":{\"@type\":\"EntryPoint\",\"urlTemplate\":\"https:\/\/glowery.me\/?s={search_term_string}\"},\"query-input\":{\"@type\":\"PropertyValueSpecification\",\"valueRequired\":true,\"valueName\":\"search_term_string\"}}],\"inLanguage\":\"de\"},{\"@type\":\"Organization\",\"@id\":\"https:\/\/glowery.me\/#organization\",\"name\":\"Glowery\",\"url\":\"https:\/\/glowery.me\/\",\"logo\":{\"@type\":\"ImageObject\",\"inLanguage\":\"de\",\"@id\":\"https:\/\/glowery.me\/#\/schema\/logo\/image\/\",\"url\":\"https:\/\/glowery.me\/wp-content\/uploads\/2025\/05\/Glowery-e1746421067847.png\",\"contentUrl\":\"https:\/\/glowery.me\/wp-content\/uploads\/2025\/05\/Glowery-e1746421067847.png\",\"width\":494,\"height\":146,\"caption\":\"Glowery\"},\"image\":{\"@id\":\"https:\/\/glowery.me\/#\/schema\/logo\/image\/\"},\"sameAs\":[\"https:\/\/www.facebook.com\/profile.php?id=61575866108739\",\"https:\/\/www.instagram.com\/glowery.me\",\"https:\/\/www.tiktok.com\/@glowery.me?_t=ZN-8wLhgUVkGCk&_r=1\"]}]}<\/script>\n<!-- \/ Yoast SEO plugin. -->","yoast_head_json":{"title":"Murberry Seidenhaargummi - Perle - Glowery","robots":{"index":"index","follow":"follow","max-snippet":"max-snippet:-1","max-image-preview":"max-image-preview:large","max-video-preview":"max-video-preview:-1"},"canonical":"https:\/\/glowery.me\/de\/produkt\/murberry-seidenhaargummi-perle\/","og_locale":"de_DE","og_type":"article","og_title":"Murberry Seidenhaargummi - Perle - Glowery","og_description":"Das luxuri\u00f6se und komfortable Haargummi ist aus biologischer Maulbeerseide hergestellt. Diese hochwertige Seide (6A, 22 momme, OEKO-TEX zertifiziert) ist strapazierf\u00e4hig und sanft zu Ihrem Haar. Dank seiner Elastizit\u00e4t kann das Haargummi sowohl in Ihrem Haar als auch als Armband getragen werden.  Details: Farbe: Wei\u00df Durchmesser: 10 cm Material: 100% luxuri\u00f6se Bio-Maulbeerseide Hergestellt in Europa Maulbeerseide ist von h\u00f6chster Qualit\u00e4t mit 6A und 22 Momme.OEKO-TEX zertifiziert - schadstoffgepr\u00fcft und frei von giftigen Farbstoffen.","og_url":"https:\/\/glowery.me\/de\/produkt\/murberry-seidenhaargummi-perle\/","og_site_name":"Glowery","article_publisher":"https:\/\/www.facebook.com\/profile.php?id=61575866108739","og_image":[{"width":1000,"height":1400,"url":"https:\/\/glowery.me\/wp-content\/uploads\/2025\/04\/Dondella\u00ae-Mulberry-siidist-valge-juuksekumm-parliga-Juuksekumm-Mulberry-Silk-Pearl-Scrunchie-SILKM-5-Valge-.jpg","type":"image\/jpeg"}],"twitter_card":"summary_large_image","schema":{"@context":"https:\/\/schema.org","@graph":[{"@type":"WebPage","@id":"https:\/\/glowery.me\/de\/produkt\/murberry-seidenhaargummi-perle\/","url":"https:\/\/glowery.me\/de\/produkt\/murberry-seidenhaargummi-perle\/","name":"Murberry Seidenhaargummi - Perle - Glowery","isPartOf":{"@id":"https:\/\/glowery.me\/#website"},"primaryImageOfPage":{"@id":"https:\/\/glowery.me\/de\/produkt\/murberry-seidenhaargummi-perle\/#primaryimage"},"image":{"@id":"https:\/\/glowery.me\/de\/produkt\/murberry-seidenhaargummi-perle\/#primaryimage"},"thumbnailUrl":"https:\/\/glowery.me\/wp-content\/uploads\/2025\/04\/Dondella\u00ae-Mulberry-siidist-valge-juuksekumm-parliga-Juuksekumm-Mulberry-Silk-Pearl-Scrunchie-SILKM-5-Valge-.jpg","datePublished":"2025-04-27T13:35:00+00:00","breadcrumb":{"@id":"https:\/\/glowery.me\/de\/produkt\/murberry-seidenhaargummi-perle\/#breadcrumb"},"inLanguage":"de","potentialAction":[{"@type":"ReadAction","target":["https:\/\/glowery.me\/de\/produkt\/murberry-seidenhaargummi-perle\/"]}]},{"@type":"ImageObject","inLanguage":"de","@id":"https:\/\/glowery.me\/de\/produkt\/murberry-seidenhaargummi-perle\/#primaryimage","url":"https:\/\/glowery.me\/wp-content\/uploads\/2025\/04\/Dondella\u00ae-Mulberry-siidist-valge-juuksekumm-parliga-Juuksekumm-Mulberry-Silk-Pearl-Scrunchie-SILKM-5-Valge-.jpg","contentUrl":"https:\/\/glowery.me\/wp-content\/uploads\/2025\/04\/Dondella\u00ae-Mulberry-siidist-valge-juuksekumm-parliga-Juuksekumm-Mulberry-Silk-Pearl-Scrunchie-SILKM-5-Valge-.jpg","width":1000,"height":1400},{"@type":"BreadcrumbList","@id":"https:\/\/glowery.me\/de\/produkt\/murberry-seidenhaargummi-perle\/#breadcrumb","itemListElement":[{"@type":"ListItem","position":1,"name":"Home","item":"https:\/\/glowery.me\/de\/startseite\/"},{"@type":"ListItem","position":2,"name":"Shop","item":"https:\/\/glowery.me\/de\/shop\/"},{"@type":"ListItem","position":3,"name":"Murberry Seidenhaargummi &#8211; Perle"}]},{"@type":"WebSite","@id":"https:\/\/glowery.me\/#website","url":"https:\/\/glowery.me\/","name":"Glowery","description":"Stilvolle Essentials \u2013 von zeitlosem Schmuck \u00fcber elegante Taschen und Schuhe bis hin zu ausgew\u00e4hlten Kleidern und nat\u00fcrlicher Kosmetik.","publisher":{"@id":"https:\/\/glowery.me\/#organization"},"potentialAction":[{"@type":"SearchAction","target":{"@type":"EntryPoint","urlTemplate":"https:\/\/glowery.me\/?s={search_term_string}"},"query-input":{"@type":"PropertyValueSpecification","valueRequired":true,"valueName":"search_term_string"}}],"inLanguage":"de"},{"@type":"Organization","@id":"https:\/\/glowery.me\/#organization","name":"Glowery","url":"https:\/\/glowery.me\/","logo":{"@type":"ImageObject","inLanguage":"de","@id":"https:\/\/glowery.me\/#\/schema\/logo\/image\/","url":"https:\/\/glowery.me\/wp-content\/uploads\/2025\/05\/Glowery-e1746421067847.png","contentUrl":"https:\/\/glowery.me\/wp-content\/uploads\/2025\/05\/Glowery-e1746421067847.png","width":494,"height":146,"caption":"Glowery"},"image":{"@id":"https:\/\/glowery.me\/#\/schema\/logo\/image\/"},"sameAs":["https:\/\/www.facebook.com\/profile.php?id=61575866108739","https:\/\/www.instagram.com\/glowery.me","https:\/\/www.tiktok.com\/@glowery.me?_t=ZN-8wLhgUVkGCk&_r=1"]}]}},"jetpack_sharing_enabled":true,"_links":{"self":[{"href":"https:\/\/glowery.me\/de\/wp-json\/wp\/v2\/product\/23329","targetHints":{"allow":["GET"]}}],"collection":[{"href":"https:\/\/glowery.me\/de\/wp-json\/wp\/v2\/product"}],"about":[{"href":"https:\/\/glowery.me\/de\/wp-json\/wp\/v2\/types\/product"}],"replies":[{"embeddable":true,"href":"https:\/\/glowery.me\/de\/wp-json\/wp\/v2\/comments?post=23329"}],"wp:featuredmedia":[{"embeddable":true,"href":"https:\/\/glowery.me\/de\/wp-json\/wp\/v2\/media\/16183"}],"wp:attachment":[{"href":"https:\/\/glowery.me\/de\/wp-json\/wp\/v2\/media?parent=23329"}],"wp:term":[{"taxonomy":"product_brand","embeddable":true,"href":"https:\/\/glowery.me\/de\/wp-json\/wp\/v2\/product_brand?post=23329"},{"taxonomy":"product_cat","embeddable":true,"href":"https:\/\/glowery.me\/de\/wp-json\/wp\/v2\/product_cat?post=23329"},{"taxonomy":"product_tag","embeddable":true,"href":"https:\/\/glowery.me\/de\/wp-json\/wp\/v2\/product_tag?post=23329"}],"curies":[{"name":"wp","href":"https:\/\/api.w.org\/{rel}","templated":true}]}}