{"id":24220,"date":"2025-04-26T19:40:00","date_gmt":"2025-04-26T19:40:00","guid":{"rendered":"https:\/\/glowery.me\/produkt\/color-frames-ohrringe\/"},"modified":"2025-04-26T19:40:00","modified_gmt":"2025-04-26T19:40:00","slug":"color-frames-ohrringe","status":"publish","type":"product","link":"https:\/\/glowery.me\/de\/produkt\/color-frames-ohrringe\/","title":{"rendered":"Color Frames Ohrringe"},"content":{"rendered":"<p>Gro\u00df und bunt, aber gleichzeitig leicht und zart. Perfekt f\u00fcr Sie, die es leicht und luftig m\u00f6gen, aber auch mit Accessoires beeindrucken wollen. <\/p>\n<p>Lisa Kroeber Jewellery ist eine Schmuckmarke der deutschen Schmuckdesignerin Lisa Lohu. Vor Jahren, nach Abschluss ihres Studiums der Schmuckgestaltung in Deutschland, zog Lisa nach Estland und gr\u00fcndete ihre eigene Schmuckmarke. Lisa Kroeber Jewellery hat sich inzwischen zu einem Familienunternehmen entwickelt, an dem Lisas Ehemann Viljar, ihre S\u00f6hne Uku und Ekke und nat\u00fcrlich die Katze Mau beteiligt sind.  <\/p>\n<p>Material: Messing, 925 Silber<br \/>L\u00e4nge: 6 cm<br \/>Gewicht: 2,7 g<br \/>Ohrringe sind in einer Geschenkbox verpackt<br \/>Entworfen und handgefertigt in Estland<\/p>\n","protected":false},"excerpt":{"rendered":"<p>Gro\u00df und bunt, aber gleichzeitig leicht und zart. Perfekt f\u00fcr Sie, die es leicht und luftig m\u00f6gen, aber auch mit Accessoires beeindrucken wollen. <\/p>\n<p>Lisa Kroeber Jewellery ist eine Schmuckmarke der deutschen Schmuckdesignerin Lisa Lohu. Vor Jahren, nach Abschluss ihres Studiums der Schmuckgestaltung in Deutschland, zog Lisa nach Estland und gr\u00fcndete ihre eigene Schmuckmarke. Lisa Kroeber Jewellery hat sich inzwischen zu einem Familienunternehmen entwickelt, an dem Lisas Ehemann Viljar, ihre S\u00f6hne Uku und Ekke und nat\u00fcrlich die Katze Mau beteiligt sind.  <\/p>\n<p>Material: Messing, 925 Silber<br \/>L\u00e4nge: 6 cm<br \/>Gewicht: 2,7 g<br \/>Ohrringe sind in einer Geschenkbox verpackt<br \/>Entworfen und handgefertigt in Estland<\/p>\n","protected":false},"featured_media":15100,"comment_status":"open","ping_status":"closed","template":"","meta":[],"product_brand":[],"product_cat":[148,126],"product_tag":[],"class_list":{"0":"post-24220","1":"product","2":"type-product","3":"status-publish","4":"has-post-thumbnail","6":"product_cat-ringe-de-2","7":"product_cat-schmuck","9":"first","10":"instock","11":"shipping-taxable","12":"purchasable","13":"product-type-variable"},"yoast_head":"<!-- This site is optimized with the Yoast SEO plugin v25.3 - https:\/\/yoast.com\/wordpress\/plugins\/seo\/ -->\n<title>Color Frames Ohrringe - Glowery<\/title>\n<meta name=\"robots\" content=\"index, follow, max-snippet:-1, max-image-preview:large, max-video-preview:-1\" \/>\n<link rel=\"canonical\" href=\"https:\/\/glowery.me\/de\/produkt\/color-frames-ohrringe\/\" \/>\n<meta property=\"og:locale\" content=\"de_DE\" \/>\n<meta property=\"og:type\" content=\"article\" \/>\n<meta property=\"og:title\" content=\"Color Frames Ohrringe - Glowery\" \/>\n<meta property=\"og:description\" content=\"Gro\u00df und bunt, aber gleichzeitig leicht und zart. Perfekt f\u00fcr Sie, die es leicht und luftig m\u00f6gen, aber auch mit Accessoires beeindrucken wollen. Lisa Kroeber Jewellery ist eine Schmuckmarke der deutschen Schmuckdesignerin Lisa Lohu. Vor Jahren, nach Abschluss ihres Studiums der Schmuckgestaltung in Deutschland, zog Lisa nach Estland und gr\u00fcndete ihre eigene Schmuckmarke. Lisa Kroeber Jewellery hat sich inzwischen zu einem Familienunternehmen entwickelt, an dem Lisas Ehemann Viljar, ihre S\u00f6hne Uku und Ekke und nat\u00fcrlich die Katze Mau beteiligt sind. Material: Messing, 925 SilberL\u00e4nge: 6 cmGewicht: 2,7 gOhrringe sind in einer Geschenkbox verpacktEntworfen und handgefertigt in Estland\" \/>\n<meta property=\"og:url\" content=\"https:\/\/glowery.me\/de\/produkt\/color-frames-ohrringe\/\" \/>\n<meta property=\"og:site_name\" content=\"Glowery\" \/>\n<meta property=\"article:publisher\" content=\"https:\/\/www.facebook.com\/profile.php?id=61575866108739\" \/>\n<meta property=\"og:image\" content=\"https:\/\/glowery.me\/wp-content\/uploads\/2025\/04\/color-frames-earrings-780d0ef9.jpg\" \/>\n\t<meta property=\"og:image:width\" content=\"2560\" \/>\n\t<meta property=\"og:image:height\" content=\"2560\" \/>\n\t<meta property=\"og:image:type\" content=\"image\/jpeg\" \/>\n<meta name=\"twitter:card\" content=\"summary_large_image\" \/>\n<meta name=\"twitter:label1\" content=\"Gesch\u00e4tzte Lesezeit\" \/>\n\t<meta name=\"twitter:data1\" content=\"1\u00a0Minute\" \/>\n<script type=\"application\/ld+json\" class=\"yoast-schema-graph\">{\"@context\":\"https:\/\/schema.org\",\"@graph\":[{\"@type\":\"WebPage\",\"@id\":\"https:\/\/glowery.me\/de\/produkt\/color-frames-ohrringe\/\",\"url\":\"https:\/\/glowery.me\/de\/produkt\/color-frames-ohrringe\/\",\"name\":\"Color Frames Ohrringe - Glowery\",\"isPartOf\":{\"@id\":\"https:\/\/glowery.me\/#website\"},\"primaryImageOfPage\":{\"@id\":\"https:\/\/glowery.me\/de\/produkt\/color-frames-ohrringe\/#primaryimage\"},\"image\":{\"@id\":\"https:\/\/glowery.me\/de\/produkt\/color-frames-ohrringe\/#primaryimage\"},\"thumbnailUrl\":\"https:\/\/glowery.me\/wp-content\/uploads\/2025\/04\/color-frames-earrings-780d0ef9.jpg\",\"datePublished\":\"2025-04-26T19:40:00+00:00\",\"breadcrumb\":{\"@id\":\"https:\/\/glowery.me\/de\/produkt\/color-frames-ohrringe\/#breadcrumb\"},\"inLanguage\":\"de\",\"potentialAction\":[{\"@type\":\"ReadAction\",\"target\":[\"https:\/\/glowery.me\/de\/produkt\/color-frames-ohrringe\/\"]}]},{\"@type\":\"ImageObject\",\"inLanguage\":\"de\",\"@id\":\"https:\/\/glowery.me\/de\/produkt\/color-frames-ohrringe\/#primaryimage\",\"url\":\"https:\/\/glowery.me\/wp-content\/uploads\/2025\/04\/color-frames-earrings-780d0ef9.jpg\",\"contentUrl\":\"https:\/\/glowery.me\/wp-content\/uploads\/2025\/04\/color-frames-earrings-780d0ef9.jpg\",\"width\":2560,\"height\":2560},{\"@type\":\"BreadcrumbList\",\"@id\":\"https:\/\/glowery.me\/de\/produkt\/color-frames-ohrringe\/#breadcrumb\",\"itemListElement\":[{\"@type\":\"ListItem\",\"position\":1,\"name\":\"Home\",\"item\":\"https:\/\/glowery.me\/de\/startseite\/\"},{\"@type\":\"ListItem\",\"position\":2,\"name\":\"Shop\",\"item\":\"https:\/\/glowery.me\/de\/shop\/\"},{\"@type\":\"ListItem\",\"position\":3,\"name\":\"Color Frames Ohrringe\"}]},{\"@type\":\"WebSite\",\"@id\":\"https:\/\/glowery.me\/#website\",\"url\":\"https:\/\/glowery.me\/\",\"name\":\"Glowery\",\"description\":\"Stilvolle Essentials \u2013 von zeitlosem Schmuck \u00fcber elegante Taschen und Schuhe bis hin zu ausgew\u00e4hlten Kleidern und nat\u00fcrlicher Kosmetik.\",\"publisher\":{\"@id\":\"https:\/\/glowery.me\/#organization\"},\"potentialAction\":[{\"@type\":\"SearchAction\",\"target\":{\"@type\":\"EntryPoint\",\"urlTemplate\":\"https:\/\/glowery.me\/?s={search_term_string}\"},\"query-input\":{\"@type\":\"PropertyValueSpecification\",\"valueRequired\":true,\"valueName\":\"search_term_string\"}}],\"inLanguage\":\"de\"},{\"@type\":\"Organization\",\"@id\":\"https:\/\/glowery.me\/#organization\",\"name\":\"Glowery\",\"url\":\"https:\/\/glowery.me\/\",\"logo\":{\"@type\":\"ImageObject\",\"inLanguage\":\"de\",\"@id\":\"https:\/\/glowery.me\/#\/schema\/logo\/image\/\",\"url\":\"https:\/\/glowery.me\/wp-content\/uploads\/2025\/05\/Glowery-e1746421067847.png\",\"contentUrl\":\"https:\/\/glowery.me\/wp-content\/uploads\/2025\/05\/Glowery-e1746421067847.png\",\"width\":494,\"height\":146,\"caption\":\"Glowery\"},\"image\":{\"@id\":\"https:\/\/glowery.me\/#\/schema\/logo\/image\/\"},\"sameAs\":[\"https:\/\/www.facebook.com\/profile.php?id=61575866108739\",\"https:\/\/www.instagram.com\/glowery.me\",\"https:\/\/www.tiktok.com\/@glowery.me?_t=ZN-8wLhgUVkGCk&_r=1\"]}]}<\/script>\n<!-- \/ Yoast SEO plugin. -->","yoast_head_json":{"title":"Color Frames Ohrringe - Glowery","robots":{"index":"index","follow":"follow","max-snippet":"max-snippet:-1","max-image-preview":"max-image-preview:large","max-video-preview":"max-video-preview:-1"},"canonical":"https:\/\/glowery.me\/de\/produkt\/color-frames-ohrringe\/","og_locale":"de_DE","og_type":"article","og_title":"Color Frames Ohrringe - Glowery","og_description":"Gro\u00df und bunt, aber gleichzeitig leicht und zart. Perfekt f\u00fcr Sie, die es leicht und luftig m\u00f6gen, aber auch mit Accessoires beeindrucken wollen. Lisa Kroeber Jewellery ist eine Schmuckmarke der deutschen Schmuckdesignerin Lisa Lohu. Vor Jahren, nach Abschluss ihres Studiums der Schmuckgestaltung in Deutschland, zog Lisa nach Estland und gr\u00fcndete ihre eigene Schmuckmarke. Lisa Kroeber Jewellery hat sich inzwischen zu einem Familienunternehmen entwickelt, an dem Lisas Ehemann Viljar, ihre S\u00f6hne Uku und Ekke und nat\u00fcrlich die Katze Mau beteiligt sind. Material: Messing, 925 SilberL\u00e4nge: 6 cmGewicht: 2,7 gOhrringe sind in einer Geschenkbox verpacktEntworfen und handgefertigt in Estland","og_url":"https:\/\/glowery.me\/de\/produkt\/color-frames-ohrringe\/","og_site_name":"Glowery","article_publisher":"https:\/\/www.facebook.com\/profile.php?id=61575866108739","og_image":[{"width":2560,"height":2560,"url":"https:\/\/glowery.me\/wp-content\/uploads\/2025\/04\/color-frames-earrings-780d0ef9.jpg","type":"image\/jpeg"}],"twitter_card":"summary_large_image","twitter_misc":{"Gesch\u00e4tzte Lesezeit":"1\u00a0Minute"},"schema":{"@context":"https:\/\/schema.org","@graph":[{"@type":"WebPage","@id":"https:\/\/glowery.me\/de\/produkt\/color-frames-ohrringe\/","url":"https:\/\/glowery.me\/de\/produkt\/color-frames-ohrringe\/","name":"Color Frames Ohrringe - Glowery","isPartOf":{"@id":"https:\/\/glowery.me\/#website"},"primaryImageOfPage":{"@id":"https:\/\/glowery.me\/de\/produkt\/color-frames-ohrringe\/#primaryimage"},"image":{"@id":"https:\/\/glowery.me\/de\/produkt\/color-frames-ohrringe\/#primaryimage"},"thumbnailUrl":"https:\/\/glowery.me\/wp-content\/uploads\/2025\/04\/color-frames-earrings-780d0ef9.jpg","datePublished":"2025-04-26T19:40:00+00:00","breadcrumb":{"@id":"https:\/\/glowery.me\/de\/produkt\/color-frames-ohrringe\/#breadcrumb"},"inLanguage":"de","potentialAction":[{"@type":"ReadAction","target":["https:\/\/glowery.me\/de\/produkt\/color-frames-ohrringe\/"]}]},{"@type":"ImageObject","inLanguage":"de","@id":"https:\/\/glowery.me\/de\/produkt\/color-frames-ohrringe\/#primaryimage","url":"https:\/\/glowery.me\/wp-content\/uploads\/2025\/04\/color-frames-earrings-780d0ef9.jpg","contentUrl":"https:\/\/glowery.me\/wp-content\/uploads\/2025\/04\/color-frames-earrings-780d0ef9.jpg","width":2560,"height":2560},{"@type":"BreadcrumbList","@id":"https:\/\/glowery.me\/de\/produkt\/color-frames-ohrringe\/#breadcrumb","itemListElement":[{"@type":"ListItem","position":1,"name":"Home","item":"https:\/\/glowery.me\/de\/startseite\/"},{"@type":"ListItem","position":2,"name":"Shop","item":"https:\/\/glowery.me\/de\/shop\/"},{"@type":"ListItem","position":3,"name":"Color Frames Ohrringe"}]},{"@type":"WebSite","@id":"https:\/\/glowery.me\/#website","url":"https:\/\/glowery.me\/","name":"Glowery","description":"Stilvolle Essentials \u2013 von zeitlosem Schmuck \u00fcber elegante Taschen und Schuhe bis hin zu ausgew\u00e4hlten Kleidern und nat\u00fcrlicher Kosmetik.","publisher":{"@id":"https:\/\/glowery.me\/#organization"},"potentialAction":[{"@type":"SearchAction","target":{"@type":"EntryPoint","urlTemplate":"https:\/\/glowery.me\/?s={search_term_string}"},"query-input":{"@type":"PropertyValueSpecification","valueRequired":true,"valueName":"search_term_string"}}],"inLanguage":"de"},{"@type":"Organization","@id":"https:\/\/glowery.me\/#organization","name":"Glowery","url":"https:\/\/glowery.me\/","logo":{"@type":"ImageObject","inLanguage":"de","@id":"https:\/\/glowery.me\/#\/schema\/logo\/image\/","url":"https:\/\/glowery.me\/wp-content\/uploads\/2025\/05\/Glowery-e1746421067847.png","contentUrl":"https:\/\/glowery.me\/wp-content\/uploads\/2025\/05\/Glowery-e1746421067847.png","width":494,"height":146,"caption":"Glowery"},"image":{"@id":"https:\/\/glowery.me\/#\/schema\/logo\/image\/"},"sameAs":["https:\/\/www.facebook.com\/profile.php?id=61575866108739","https:\/\/www.instagram.com\/glowery.me","https:\/\/www.tiktok.com\/@glowery.me?_t=ZN-8wLhgUVkGCk&_r=1"]}]}},"jetpack_sharing_enabled":true,"_links":{"self":[{"href":"https:\/\/glowery.me\/de\/wp-json\/wp\/v2\/product\/24220","targetHints":{"allow":["GET"]}}],"collection":[{"href":"https:\/\/glowery.me\/de\/wp-json\/wp\/v2\/product"}],"about":[{"href":"https:\/\/glowery.me\/de\/wp-json\/wp\/v2\/types\/product"}],"replies":[{"embeddable":true,"href":"https:\/\/glowery.me\/de\/wp-json\/wp\/v2\/comments?post=24220"}],"wp:featuredmedia":[{"embeddable":true,"href":"https:\/\/glowery.me\/de\/wp-json\/wp\/v2\/media\/15100"}],"wp:attachment":[{"href":"https:\/\/glowery.me\/de\/wp-json\/wp\/v2\/media?parent=24220"}],"wp:term":[{"taxonomy":"product_brand","embeddable":true,"href":"https:\/\/glowery.me\/de\/wp-json\/wp\/v2\/product_brand?post=24220"},{"taxonomy":"product_cat","embeddable":true,"href":"https:\/\/glowery.me\/de\/wp-json\/wp\/v2\/product_cat?post=24220"},{"taxonomy":"product_tag","embeddable":true,"href":"https:\/\/glowery.me\/de\/wp-json\/wp\/v2\/product_tag?post=24220"}],"curies":[{"name":"wp","href":"https:\/\/api.w.org\/{rel}","templated":true}]}}