{"id":24346,"date":"2025-04-26T19:40:00","date_gmt":"2025-04-26T19:40:00","guid":{"rendered":"https:\/\/glowery.me\/produkt\/ohrringe-layers-x2\/"},"modified":"2025-04-26T19:40:00","modified_gmt":"2025-04-26T19:40:00","slug":"ohrringe-layers-x2","status":"publish","type":"product","link":"https:\/\/glowery.me\/de\/produkt\/ohrringe-layers-x2\/","title":{"rendered":"Ohrringe LAYERS x2"},"content":{"rendered":"<p>Diese LAYERS x2 Ohrringe zeichnen sich durch ein raffiniertes Design mit zwei ineinandergreifenden silbernen Kreisen aus, einem kleinen und einem gr\u00f6\u00dferen, die durch einen schlanken vertikalen Stab verbunden sind. Die Ohrringe k\u00f6nnen auf 2 Arten getragen werden: der kleinere Silberkreis kann nach oben oder unten getragen werden. <\/p>\n<ul>\n<li>Material: Silber 925<\/li>\n<li>\u00d8 25 mm<\/li>\n<li>Gewicht des Paares: 3.80 g<\/li>\n<li>Gewicht mit Geschenkkarton: 84.63 g<\/li>\n<li>Geschenkbox: Das Produkt wird in einer minimalistischen schwarzen Geschenkbox geliefert<\/li>\n<li>Auf Bestellung in 2-5 Arbeitstagen hergestellt<\/li>\n<li>Handgefertigt in Estland<\/li>\n<\/ul>\n<p>Der Schmuckstil von Maarja Palu zeichnet sich im Allgemeinen durch minimalistische und klare Formen aus, die gleichzeitig eine spielerische und faszinierende Erkundung von Formen zum Ausdruck bringen. Der handgefertigte Schmuck analysiert Linien und geometrische Formen, die durch nat\u00fcrliche Bewegungen entstehen, und f\u00e4ngt diese Impulse in Silber ein. <\/p>\n<p><em>&#8222;Ich mag den Minimalismus, weil er f\u00fcr mich eine gr\u00f6\u00dfere Herausforderung darstellt &#8211; wie kann man einen interessanten Moment in einem Schmuckst\u00fcck einfangen und gleichzeitig eine klare und leicht verst\u00e4ndliche Form beibehalten.&#8220;<\/em><\/p>\n","protected":false},"excerpt":{"rendered":"<p>Diese LAYERS x2 Ohrringe zeichnen sich durch ein raffiniertes Design mit zwei ineinandergreifenden silbernen Kreisen aus, einem kleinen und einem gr\u00f6\u00dferen, die durch einen schlanken vertikalen Stab verbunden sind. Die Ohrringe k\u00f6nnen auf 2 Arten getragen werden: der kleinere Silberkreis kann nach oben oder unten getragen werden. <\/p>\n<ul>\n<li>Material: Silber 925<\/li>\n<li>\u00d8 25 mm<\/li>\n<li>Gewicht des Paares: 3.80 g<\/li>\n<li>Gewicht mit Geschenkkarton: 84.63 g<\/li>\n<li>Geschenkbox: Das Produkt wird in einer minimalistischen schwarzen Geschenkbox geliefert<\/li>\n<li>Auf Bestellung in 2-5 Arbeitstagen hergestellt<\/li>\n<li>Handgefertigt in Estland<\/li>\n<\/ul>\n<p>Der Schmuckstil von Maarja Palu zeichnet sich im Allgemeinen durch minimalistische und klare Formen aus, die gleichzeitig eine spielerische und faszinierende Erkundung von Formen zum Ausdruck bringen. Der handgefertigte Schmuck analysiert Linien und geometrische Formen, die durch nat\u00fcrliche Bewegungen entstehen, und f\u00e4ngt diese Impulse in Silber ein. <\/p>\n<p><em>&#8222;Ich mag den Minimalismus, weil er f\u00fcr mich eine gr\u00f6\u00dfere Herausforderung darstellt &#8211; wie kann man einen interessanten Moment in einem Schmuckst\u00fcck einfangen und gleichzeitig eine klare und leicht verst\u00e4ndliche Form beibehalten.&#8220;<\/em><\/p>\n","protected":false},"featured_media":14959,"comment_status":"open","ping_status":"closed","template":"","meta":[],"product_brand":[],"product_cat":[148,126],"product_tag":[],"class_list":{"0":"post-24346","1":"product","2":"type-product","3":"status-publish","4":"has-post-thumbnail","6":"product_cat-ringe-de-2","7":"product_cat-schmuck","9":"first","10":"instock","11":"shipping-taxable","12":"purchasable","13":"product-type-simple"},"yoast_head":"<!-- This site is optimized with the Yoast SEO plugin v25.3 - https:\/\/yoast.com\/wordpress\/plugins\/seo\/ -->\n<title>Ohrringe LAYERS x2 - Glowery<\/title>\n<meta name=\"robots\" content=\"index, follow, max-snippet:-1, max-image-preview:large, max-video-preview:-1\" \/>\n<link rel=\"canonical\" href=\"https:\/\/glowery.me\/de\/produkt\/ohrringe-layers-x2\/\" \/>\n<meta property=\"og:locale\" content=\"de_DE\" \/>\n<meta property=\"og:type\" content=\"article\" \/>\n<meta property=\"og:title\" content=\"Ohrringe LAYERS x2 - Glowery\" \/>\n<meta property=\"og:description\" content=\"Diese LAYERS x2 Ohrringe zeichnen sich durch ein raffiniertes Design mit zwei ineinandergreifenden silbernen Kreisen aus, einem kleinen und einem gr\u00f6\u00dferen, die durch einen schlanken vertikalen Stab verbunden sind. Die Ohrringe k\u00f6nnen auf 2 Arten getragen werden: der kleinere Silberkreis kann nach oben oder unten getragen werden.      Material: Silber 925 \u00d8 25 mm Gewicht des Paares: 3.80 g Gewicht mit Geschenkkarton: 84.63 g Geschenkbox: Das Produkt wird in einer minimalistischen schwarzen Geschenkbox geliefert Auf Bestellung in 2-5 Arbeitstagen hergestellt Handgefertigt in Estland Der Schmuckstil von Maarja Palu zeichnet sich im Allgemeinen durch minimalistische und klare Formen aus, die gleichzeitig eine spielerische und faszinierende Erkundung von Formen zum Ausdruck bringen. Der handgefertigte Schmuck analysiert Linien und geometrische Formen, die durch nat\u00fcrliche Bewegungen entstehen, und f\u00e4ngt diese Impulse in Silber ein. &quot;Ich mag den Minimalismus, weil er f\u00fcr mich eine gr\u00f6\u00dfere Herausforderung darstellt - wie kann man einen interessanten Moment in einem Schmuckst\u00fcck einfangen und gleichzeitig eine klare und leicht verst\u00e4ndliche Form beibehalten.&quot;\" \/>\n<meta property=\"og:url\" content=\"https:\/\/glowery.me\/de\/produkt\/ohrringe-layers-x2\/\" \/>\n<meta property=\"og:site_name\" content=\"Glowery\" \/>\n<meta property=\"article:publisher\" content=\"https:\/\/www.facebook.com\/profile.php?id=61575866108739\" \/>\n<meta property=\"og:image\" content=\"https:\/\/glowery.me\/wp-content\/uploads\/2025\/04\/15_Kihid-x1_suur-3-1.jpg\" \/>\n\t<meta property=\"og:image:width\" content=\"1800\" \/>\n\t<meta property=\"og:image:height\" content=\"1800\" \/>\n\t<meta property=\"og:image:type\" content=\"image\/jpeg\" \/>\n<meta name=\"twitter:card\" content=\"summary_large_image\" \/>\n<meta name=\"twitter:label1\" content=\"Gesch\u00e4tzte Lesezeit\" \/>\n\t<meta name=\"twitter:data1\" content=\"1\u00a0Minute\" \/>\n<script type=\"application\/ld+json\" class=\"yoast-schema-graph\">{\"@context\":\"https:\/\/schema.org\",\"@graph\":[{\"@type\":\"WebPage\",\"@id\":\"https:\/\/glowery.me\/de\/produkt\/ohrringe-layers-x2\/\",\"url\":\"https:\/\/glowery.me\/de\/produkt\/ohrringe-layers-x2\/\",\"name\":\"Ohrringe LAYERS x2 - Glowery\",\"isPartOf\":{\"@id\":\"https:\/\/glowery.me\/#website\"},\"primaryImageOfPage\":{\"@id\":\"https:\/\/glowery.me\/de\/produkt\/ohrringe-layers-x2\/#primaryimage\"},\"image\":{\"@id\":\"https:\/\/glowery.me\/de\/produkt\/ohrringe-layers-x2\/#primaryimage\"},\"thumbnailUrl\":\"https:\/\/glowery.me\/wp-content\/uploads\/2025\/04\/15_Kihid-x1_suur-3-1.jpg\",\"datePublished\":\"2025-04-26T19:40:00+00:00\",\"breadcrumb\":{\"@id\":\"https:\/\/glowery.me\/de\/produkt\/ohrringe-layers-x2\/#breadcrumb\"},\"inLanguage\":\"de\",\"potentialAction\":[{\"@type\":\"ReadAction\",\"target\":[\"https:\/\/glowery.me\/de\/produkt\/ohrringe-layers-x2\/\"]}]},{\"@type\":\"ImageObject\",\"inLanguage\":\"de\",\"@id\":\"https:\/\/glowery.me\/de\/produkt\/ohrringe-layers-x2\/#primaryimage\",\"url\":\"https:\/\/glowery.me\/wp-content\/uploads\/2025\/04\/15_Kihid-x1_suur-3-1.jpg\",\"contentUrl\":\"https:\/\/glowery.me\/wp-content\/uploads\/2025\/04\/15_Kihid-x1_suur-3-1.jpg\",\"width\":1800,\"height\":1800},{\"@type\":\"BreadcrumbList\",\"@id\":\"https:\/\/glowery.me\/de\/produkt\/ohrringe-layers-x2\/#breadcrumb\",\"itemListElement\":[{\"@type\":\"ListItem\",\"position\":1,\"name\":\"Home\",\"item\":\"https:\/\/glowery.me\/de\/startseite\/\"},{\"@type\":\"ListItem\",\"position\":2,\"name\":\"Shop\",\"item\":\"https:\/\/glowery.me\/de\/shop\/\"},{\"@type\":\"ListItem\",\"position\":3,\"name\":\"Ohrringe LAYERS x2\"}]},{\"@type\":\"WebSite\",\"@id\":\"https:\/\/glowery.me\/#website\",\"url\":\"https:\/\/glowery.me\/\",\"name\":\"Glowery\",\"description\":\"Stilvolle Essentials \u2013 von zeitlosem Schmuck \u00fcber elegante Taschen und Schuhe bis hin zu ausgew\u00e4hlten Kleidern und nat\u00fcrlicher Kosmetik.\",\"publisher\":{\"@id\":\"https:\/\/glowery.me\/#organization\"},\"potentialAction\":[{\"@type\":\"SearchAction\",\"target\":{\"@type\":\"EntryPoint\",\"urlTemplate\":\"https:\/\/glowery.me\/?s={search_term_string}\"},\"query-input\":{\"@type\":\"PropertyValueSpecification\",\"valueRequired\":true,\"valueName\":\"search_term_string\"}}],\"inLanguage\":\"de\"},{\"@type\":\"Organization\",\"@id\":\"https:\/\/glowery.me\/#organization\",\"name\":\"Glowery\",\"url\":\"https:\/\/glowery.me\/\",\"logo\":{\"@type\":\"ImageObject\",\"inLanguage\":\"de\",\"@id\":\"https:\/\/glowery.me\/#\/schema\/logo\/image\/\",\"url\":\"https:\/\/glowery.me\/wp-content\/uploads\/2025\/05\/Glowery-e1746421067847.png\",\"contentUrl\":\"https:\/\/glowery.me\/wp-content\/uploads\/2025\/05\/Glowery-e1746421067847.png\",\"width\":494,\"height\":146,\"caption\":\"Glowery\"},\"image\":{\"@id\":\"https:\/\/glowery.me\/#\/schema\/logo\/image\/\"},\"sameAs\":[\"https:\/\/www.facebook.com\/profile.php?id=61575866108739\",\"https:\/\/www.instagram.com\/glowery.me\",\"https:\/\/www.tiktok.com\/@glowery.me?_t=ZN-8wLhgUVkGCk&_r=1\"]}]}<\/script>\n<!-- \/ Yoast SEO plugin. -->","yoast_head_json":{"title":"Ohrringe LAYERS x2 - Glowery","robots":{"index":"index","follow":"follow","max-snippet":"max-snippet:-1","max-image-preview":"max-image-preview:large","max-video-preview":"max-video-preview:-1"},"canonical":"https:\/\/glowery.me\/de\/produkt\/ohrringe-layers-x2\/","og_locale":"de_DE","og_type":"article","og_title":"Ohrringe LAYERS x2 - Glowery","og_description":"Diese LAYERS x2 Ohrringe zeichnen sich durch ein raffiniertes Design mit zwei ineinandergreifenden silbernen Kreisen aus, einem kleinen und einem gr\u00f6\u00dferen, die durch einen schlanken vertikalen Stab verbunden sind. Die Ohrringe k\u00f6nnen auf 2 Arten getragen werden: der kleinere Silberkreis kann nach oben oder unten getragen werden.      Material: Silber 925 \u00d8 25 mm Gewicht des Paares: 3.80 g Gewicht mit Geschenkkarton: 84.63 g Geschenkbox: Das Produkt wird in einer minimalistischen schwarzen Geschenkbox geliefert Auf Bestellung in 2-5 Arbeitstagen hergestellt Handgefertigt in Estland Der Schmuckstil von Maarja Palu zeichnet sich im Allgemeinen durch minimalistische und klare Formen aus, die gleichzeitig eine spielerische und faszinierende Erkundung von Formen zum Ausdruck bringen. Der handgefertigte Schmuck analysiert Linien und geometrische Formen, die durch nat\u00fcrliche Bewegungen entstehen, und f\u00e4ngt diese Impulse in Silber ein. \"Ich mag den Minimalismus, weil er f\u00fcr mich eine gr\u00f6\u00dfere Herausforderung darstellt - wie kann man einen interessanten Moment in einem Schmuckst\u00fcck einfangen und gleichzeitig eine klare und leicht verst\u00e4ndliche Form beibehalten.\"","og_url":"https:\/\/glowery.me\/de\/produkt\/ohrringe-layers-x2\/","og_site_name":"Glowery","article_publisher":"https:\/\/www.facebook.com\/profile.php?id=61575866108739","og_image":[{"width":1800,"height":1800,"url":"https:\/\/glowery.me\/wp-content\/uploads\/2025\/04\/15_Kihid-x1_suur-3-1.jpg","type":"image\/jpeg"}],"twitter_card":"summary_large_image","twitter_misc":{"Gesch\u00e4tzte Lesezeit":"1\u00a0Minute"},"schema":{"@context":"https:\/\/schema.org","@graph":[{"@type":"WebPage","@id":"https:\/\/glowery.me\/de\/produkt\/ohrringe-layers-x2\/","url":"https:\/\/glowery.me\/de\/produkt\/ohrringe-layers-x2\/","name":"Ohrringe LAYERS x2 - Glowery","isPartOf":{"@id":"https:\/\/glowery.me\/#website"},"primaryImageOfPage":{"@id":"https:\/\/glowery.me\/de\/produkt\/ohrringe-layers-x2\/#primaryimage"},"image":{"@id":"https:\/\/glowery.me\/de\/produkt\/ohrringe-layers-x2\/#primaryimage"},"thumbnailUrl":"https:\/\/glowery.me\/wp-content\/uploads\/2025\/04\/15_Kihid-x1_suur-3-1.jpg","datePublished":"2025-04-26T19:40:00+00:00","breadcrumb":{"@id":"https:\/\/glowery.me\/de\/produkt\/ohrringe-layers-x2\/#breadcrumb"},"inLanguage":"de","potentialAction":[{"@type":"ReadAction","target":["https:\/\/glowery.me\/de\/produkt\/ohrringe-layers-x2\/"]}]},{"@type":"ImageObject","inLanguage":"de","@id":"https:\/\/glowery.me\/de\/produkt\/ohrringe-layers-x2\/#primaryimage","url":"https:\/\/glowery.me\/wp-content\/uploads\/2025\/04\/15_Kihid-x1_suur-3-1.jpg","contentUrl":"https:\/\/glowery.me\/wp-content\/uploads\/2025\/04\/15_Kihid-x1_suur-3-1.jpg","width":1800,"height":1800},{"@type":"BreadcrumbList","@id":"https:\/\/glowery.me\/de\/produkt\/ohrringe-layers-x2\/#breadcrumb","itemListElement":[{"@type":"ListItem","position":1,"name":"Home","item":"https:\/\/glowery.me\/de\/startseite\/"},{"@type":"ListItem","position":2,"name":"Shop","item":"https:\/\/glowery.me\/de\/shop\/"},{"@type":"ListItem","position":3,"name":"Ohrringe LAYERS x2"}]},{"@type":"WebSite","@id":"https:\/\/glowery.me\/#website","url":"https:\/\/glowery.me\/","name":"Glowery","description":"Stilvolle Essentials \u2013 von zeitlosem Schmuck \u00fcber elegante Taschen und Schuhe bis hin zu ausgew\u00e4hlten Kleidern und nat\u00fcrlicher Kosmetik.","publisher":{"@id":"https:\/\/glowery.me\/#organization"},"potentialAction":[{"@type":"SearchAction","target":{"@type":"EntryPoint","urlTemplate":"https:\/\/glowery.me\/?s={search_term_string}"},"query-input":{"@type":"PropertyValueSpecification","valueRequired":true,"valueName":"search_term_string"}}],"inLanguage":"de"},{"@type":"Organization","@id":"https:\/\/glowery.me\/#organization","name":"Glowery","url":"https:\/\/glowery.me\/","logo":{"@type":"ImageObject","inLanguage":"de","@id":"https:\/\/glowery.me\/#\/schema\/logo\/image\/","url":"https:\/\/glowery.me\/wp-content\/uploads\/2025\/05\/Glowery-e1746421067847.png","contentUrl":"https:\/\/glowery.me\/wp-content\/uploads\/2025\/05\/Glowery-e1746421067847.png","width":494,"height":146,"caption":"Glowery"},"image":{"@id":"https:\/\/glowery.me\/#\/schema\/logo\/image\/"},"sameAs":["https:\/\/www.facebook.com\/profile.php?id=61575866108739","https:\/\/www.instagram.com\/glowery.me","https:\/\/www.tiktok.com\/@glowery.me?_t=ZN-8wLhgUVkGCk&_r=1"]}]}},"jetpack_sharing_enabled":true,"_links":{"self":[{"href":"https:\/\/glowery.me\/de\/wp-json\/wp\/v2\/product\/24346","targetHints":{"allow":["GET"]}}],"collection":[{"href":"https:\/\/glowery.me\/de\/wp-json\/wp\/v2\/product"}],"about":[{"href":"https:\/\/glowery.me\/de\/wp-json\/wp\/v2\/types\/product"}],"replies":[{"embeddable":true,"href":"https:\/\/glowery.me\/de\/wp-json\/wp\/v2\/comments?post=24346"}],"wp:featuredmedia":[{"embeddable":true,"href":"https:\/\/glowery.me\/de\/wp-json\/wp\/v2\/media\/14959"}],"wp:attachment":[{"href":"https:\/\/glowery.me\/de\/wp-json\/wp\/v2\/media?parent=24346"}],"wp:term":[{"taxonomy":"product_brand","embeddable":true,"href":"https:\/\/glowery.me\/de\/wp-json\/wp\/v2\/product_brand?post=24346"},{"taxonomy":"product_cat","embeddable":true,"href":"https:\/\/glowery.me\/de\/wp-json\/wp\/v2\/product_cat?post=24346"},{"taxonomy":"product_tag","embeddable":true,"href":"https:\/\/glowery.me\/de\/wp-json\/wp\/v2\/product_tag?post=24346"}],"curies":[{"name":"wp","href":"https:\/\/api.w.org\/{rel}","templated":true}]}}