{"id":24355,"date":"2025-04-26T19:40:00","date_gmt":"2025-04-26T19:40:00","guid":{"rendered":"https:\/\/glowery.me\/produkt\/lederarmband-mit-messingverschluss-in-desert-tan\/"},"modified":"2025-04-26T19:40:00","modified_gmt":"2025-04-26T19:40:00","slug":"lederarmband-mit-messingverschluss-in-desert-tan","status":"publish","type":"product","link":"https:\/\/glowery.me\/de\/produkt\/lederarmband-mit-messingverschluss-in-desert-tan\/","title":{"rendered":"Lederarmband mit Messingverschluss in Desert Tan"},"content":{"rendered":"<p>Elegantes und zeitloses Lederarmband mit einem robusten Messingverschluss. Gefertigt aus doppellagigem Leder und mit vollst\u00e4ndig bearbeiteten Kanten, um eine lange Lebensdauer zu gew\u00e4hrleisten. Dieses kleine, aber wirkungsvolle Accessoire erg\u00e4nzt jedes Outfit und verleiht ihm m\u00fchelos den perfekten letzten Schliff.  <\/p>\n<p>Das Armband ist mit drei Befestigungsl\u00f6chern verstellbar und kann so von klein bis gro\u00df angepasst werden.<\/p>\n<ul>\n<li>\n<p>Klein 17,5 cm<\/p>\n<\/li>\n<li>\n<p>Medium: 19,5 cm<\/p>\n<\/li>\n<li>\n<p>Gro\u00df: 21,5 cm<\/p>\n<\/li>\n<\/ul>\n<p>Die Gr\u00f6\u00dfe des gesamten Armbands betr\u00e4gt 1 cm x 29cm x 0,3 cm<\/p>\n","protected":false},"excerpt":{"rendered":"<p>Elegantes und zeitloses Lederarmband mit einem robusten Messingverschluss. Gefertigt aus doppellagigem Leder und mit vollst\u00e4ndig bearbeiteten Kanten, um eine lange Lebensdauer zu gew\u00e4hrleisten. Dieses kleine, aber wirkungsvolle Accessoire erg\u00e4nzt jedes Outfit und verleiht ihm m\u00fchelos den perfekten letzten Schliff.  <\/p>\n<p>Das Armband ist mit drei Befestigungsl\u00f6chern verstellbar und kann so von klein bis gro\u00df angepasst werden.<\/p>\n<ul>\n<li>\n<p>Klein 17,5 cm<\/p>\n<\/li>\n<li>\n<p>Medium: 19,5 cm<\/p>\n<\/li>\n<li>\n<p>Gro\u00df: 21,5 cm<\/p>\n<\/li>\n<\/ul>\n<p>Die Gr\u00f6\u00dfe des gesamten Armbands betr\u00e4gt 1 cm x 29cm x 0,3 cm<\/p>\n","protected":false},"featured_media":14962,"comment_status":"open","ping_status":"closed","template":"","meta":[],"product_brand":[],"product_cat":[154,126],"product_tag":[],"class_list":{"0":"post-24355","1":"product","2":"type-product","3":"status-publish","4":"has-post-thumbnail","6":"product_cat-armbander","7":"product_cat-schmuck","9":"first","10":"outofstock","11":"shipping-taxable","12":"purchasable","13":"product-type-simple"},"yoast_head":"<!-- This site is optimized with the Yoast SEO plugin v25.3 - https:\/\/yoast.com\/wordpress\/plugins\/seo\/ -->\n<title>Lederarmband mit Messingverschluss in Desert Tan - Glowery<\/title>\n<meta name=\"robots\" content=\"index, follow, max-snippet:-1, max-image-preview:large, max-video-preview:-1\" \/>\n<link rel=\"canonical\" href=\"https:\/\/glowery.me\/de\/produkt\/lederarmband-mit-messingverschluss-in-desert-tan\/\" \/>\n<meta property=\"og:locale\" content=\"de_DE\" \/>\n<meta property=\"og:type\" content=\"article\" \/>\n<meta property=\"og:title\" content=\"Lederarmband mit Messingverschluss in Desert Tan - Glowery\" \/>\n<meta property=\"og:description\" content=\"Elegantes und zeitloses Lederarmband mit einem robusten Messingverschluss. Gefertigt aus doppellagigem Leder und mit vollst\u00e4ndig bearbeiteten Kanten, um eine lange Lebensdauer zu gew\u00e4hrleisten. Dieses kleine, aber wirkungsvolle Accessoire erg\u00e4nzt jedes Outfit und verleiht ihm m\u00fchelos den perfekten letzten Schliff. Das Armband ist mit drei Befestigungsl\u00f6chern verstellbar und kann so von klein bis gro\u00df angepasst werden.Klein 17,5 cmMedium: 19,5 cmGro\u00df: 21,5 cmDie Gr\u00f6\u00dfe des gesamten Armbands betr\u00e4gt 1 cm x 29cm x 0,3 cm\" \/>\n<meta property=\"og:url\" content=\"https:\/\/glowery.me\/de\/produkt\/lederarmband-mit-messingverschluss-in-desert-tan\/\" \/>\n<meta property=\"og:site_name\" content=\"Glowery\" \/>\n<meta property=\"article:publisher\" content=\"https:\/\/www.facebook.com\/profile.php?id=61575866108739\" \/>\n<meta property=\"og:image\" content=\"https:\/\/glowery.me\/wp-content\/uploads\/2025\/04\/TAIRI_leather-bracelet_DESERT-TAN1.jpg\" \/>\n\t<meta property=\"og:image:width\" content=\"1920\" \/>\n\t<meta property=\"og:image:height\" content=\"1920\" \/>\n\t<meta property=\"og:image:type\" content=\"image\/jpeg\" \/>\n<meta name=\"twitter:card\" content=\"summary_large_image\" \/>\n<script type=\"application\/ld+json\" class=\"yoast-schema-graph\">{\"@context\":\"https:\/\/schema.org\",\"@graph\":[{\"@type\":\"WebPage\",\"@id\":\"https:\/\/glowery.me\/de\/produkt\/lederarmband-mit-messingverschluss-in-desert-tan\/\",\"url\":\"https:\/\/glowery.me\/de\/produkt\/lederarmband-mit-messingverschluss-in-desert-tan\/\",\"name\":\"Lederarmband mit Messingverschluss in Desert Tan - Glowery\",\"isPartOf\":{\"@id\":\"https:\/\/glowery.me\/#website\"},\"primaryImageOfPage\":{\"@id\":\"https:\/\/glowery.me\/de\/produkt\/lederarmband-mit-messingverschluss-in-desert-tan\/#primaryimage\"},\"image\":{\"@id\":\"https:\/\/glowery.me\/de\/produkt\/lederarmband-mit-messingverschluss-in-desert-tan\/#primaryimage\"},\"thumbnailUrl\":\"https:\/\/glowery.me\/wp-content\/uploads\/2025\/04\/TAIRI_leather-bracelet_DESERT-TAN1.jpg\",\"datePublished\":\"2025-04-26T19:40:00+00:00\",\"breadcrumb\":{\"@id\":\"https:\/\/glowery.me\/de\/produkt\/lederarmband-mit-messingverschluss-in-desert-tan\/#breadcrumb\"},\"inLanguage\":\"de\",\"potentialAction\":[{\"@type\":\"ReadAction\",\"target\":[\"https:\/\/glowery.me\/de\/produkt\/lederarmband-mit-messingverschluss-in-desert-tan\/\"]}]},{\"@type\":\"ImageObject\",\"inLanguage\":\"de\",\"@id\":\"https:\/\/glowery.me\/de\/produkt\/lederarmband-mit-messingverschluss-in-desert-tan\/#primaryimage\",\"url\":\"https:\/\/glowery.me\/wp-content\/uploads\/2025\/04\/TAIRI_leather-bracelet_DESERT-TAN1.jpg\",\"contentUrl\":\"https:\/\/glowery.me\/wp-content\/uploads\/2025\/04\/TAIRI_leather-bracelet_DESERT-TAN1.jpg\",\"width\":1920,\"height\":1920},{\"@type\":\"BreadcrumbList\",\"@id\":\"https:\/\/glowery.me\/de\/produkt\/lederarmband-mit-messingverschluss-in-desert-tan\/#breadcrumb\",\"itemListElement\":[{\"@type\":\"ListItem\",\"position\":1,\"name\":\"Home\",\"item\":\"https:\/\/glowery.me\/de\/startseite\/\"},{\"@type\":\"ListItem\",\"position\":2,\"name\":\"Shop\",\"item\":\"https:\/\/glowery.me\/de\/shop\/\"},{\"@type\":\"ListItem\",\"position\":3,\"name\":\"Lederarmband mit Messingverschluss in Desert Tan\"}]},{\"@type\":\"WebSite\",\"@id\":\"https:\/\/glowery.me\/#website\",\"url\":\"https:\/\/glowery.me\/\",\"name\":\"Glowery\",\"description\":\"Stilvolle Essentials \u2013 von zeitlosem Schmuck \u00fcber elegante Taschen und Schuhe bis hin zu ausgew\u00e4hlten Kleidern und nat\u00fcrlicher Kosmetik.\",\"publisher\":{\"@id\":\"https:\/\/glowery.me\/#organization\"},\"potentialAction\":[{\"@type\":\"SearchAction\",\"target\":{\"@type\":\"EntryPoint\",\"urlTemplate\":\"https:\/\/glowery.me\/?s={search_term_string}\"},\"query-input\":{\"@type\":\"PropertyValueSpecification\",\"valueRequired\":true,\"valueName\":\"search_term_string\"}}],\"inLanguage\":\"de\"},{\"@type\":\"Organization\",\"@id\":\"https:\/\/glowery.me\/#organization\",\"name\":\"Glowery\",\"url\":\"https:\/\/glowery.me\/\",\"logo\":{\"@type\":\"ImageObject\",\"inLanguage\":\"de\",\"@id\":\"https:\/\/glowery.me\/#\/schema\/logo\/image\/\",\"url\":\"https:\/\/glowery.me\/wp-content\/uploads\/2025\/05\/Glowery-e1746421067847.png\",\"contentUrl\":\"https:\/\/glowery.me\/wp-content\/uploads\/2025\/05\/Glowery-e1746421067847.png\",\"width\":494,\"height\":146,\"caption\":\"Glowery\"},\"image\":{\"@id\":\"https:\/\/glowery.me\/#\/schema\/logo\/image\/\"},\"sameAs\":[\"https:\/\/www.facebook.com\/profile.php?id=61575866108739\",\"https:\/\/www.instagram.com\/glowery.me\",\"https:\/\/www.tiktok.com\/@glowery.me?_t=ZN-8wLhgUVkGCk&_r=1\"]}]}<\/script>\n<!-- \/ Yoast SEO plugin. -->","yoast_head_json":{"title":"Lederarmband mit Messingverschluss in Desert Tan - Glowery","robots":{"index":"index","follow":"follow","max-snippet":"max-snippet:-1","max-image-preview":"max-image-preview:large","max-video-preview":"max-video-preview:-1"},"canonical":"https:\/\/glowery.me\/de\/produkt\/lederarmband-mit-messingverschluss-in-desert-tan\/","og_locale":"de_DE","og_type":"article","og_title":"Lederarmband mit Messingverschluss in Desert Tan - Glowery","og_description":"Elegantes und zeitloses Lederarmband mit einem robusten Messingverschluss. Gefertigt aus doppellagigem Leder und mit vollst\u00e4ndig bearbeiteten Kanten, um eine lange Lebensdauer zu gew\u00e4hrleisten. Dieses kleine, aber wirkungsvolle Accessoire erg\u00e4nzt jedes Outfit und verleiht ihm m\u00fchelos den perfekten letzten Schliff. Das Armband ist mit drei Befestigungsl\u00f6chern verstellbar und kann so von klein bis gro\u00df angepasst werden.Klein 17,5 cmMedium: 19,5 cmGro\u00df: 21,5 cmDie Gr\u00f6\u00dfe des gesamten Armbands betr\u00e4gt 1 cm x 29cm x 0,3 cm","og_url":"https:\/\/glowery.me\/de\/produkt\/lederarmband-mit-messingverschluss-in-desert-tan\/","og_site_name":"Glowery","article_publisher":"https:\/\/www.facebook.com\/profile.php?id=61575866108739","og_image":[{"width":1920,"height":1920,"url":"https:\/\/glowery.me\/wp-content\/uploads\/2025\/04\/TAIRI_leather-bracelet_DESERT-TAN1.jpg","type":"image\/jpeg"}],"twitter_card":"summary_large_image","schema":{"@context":"https:\/\/schema.org","@graph":[{"@type":"WebPage","@id":"https:\/\/glowery.me\/de\/produkt\/lederarmband-mit-messingverschluss-in-desert-tan\/","url":"https:\/\/glowery.me\/de\/produkt\/lederarmband-mit-messingverschluss-in-desert-tan\/","name":"Lederarmband mit Messingverschluss in Desert Tan - Glowery","isPartOf":{"@id":"https:\/\/glowery.me\/#website"},"primaryImageOfPage":{"@id":"https:\/\/glowery.me\/de\/produkt\/lederarmband-mit-messingverschluss-in-desert-tan\/#primaryimage"},"image":{"@id":"https:\/\/glowery.me\/de\/produkt\/lederarmband-mit-messingverschluss-in-desert-tan\/#primaryimage"},"thumbnailUrl":"https:\/\/glowery.me\/wp-content\/uploads\/2025\/04\/TAIRI_leather-bracelet_DESERT-TAN1.jpg","datePublished":"2025-04-26T19:40:00+00:00","breadcrumb":{"@id":"https:\/\/glowery.me\/de\/produkt\/lederarmband-mit-messingverschluss-in-desert-tan\/#breadcrumb"},"inLanguage":"de","potentialAction":[{"@type":"ReadAction","target":["https:\/\/glowery.me\/de\/produkt\/lederarmband-mit-messingverschluss-in-desert-tan\/"]}]},{"@type":"ImageObject","inLanguage":"de","@id":"https:\/\/glowery.me\/de\/produkt\/lederarmband-mit-messingverschluss-in-desert-tan\/#primaryimage","url":"https:\/\/glowery.me\/wp-content\/uploads\/2025\/04\/TAIRI_leather-bracelet_DESERT-TAN1.jpg","contentUrl":"https:\/\/glowery.me\/wp-content\/uploads\/2025\/04\/TAIRI_leather-bracelet_DESERT-TAN1.jpg","width":1920,"height":1920},{"@type":"BreadcrumbList","@id":"https:\/\/glowery.me\/de\/produkt\/lederarmband-mit-messingverschluss-in-desert-tan\/#breadcrumb","itemListElement":[{"@type":"ListItem","position":1,"name":"Home","item":"https:\/\/glowery.me\/de\/startseite\/"},{"@type":"ListItem","position":2,"name":"Shop","item":"https:\/\/glowery.me\/de\/shop\/"},{"@type":"ListItem","position":3,"name":"Lederarmband mit Messingverschluss in Desert Tan"}]},{"@type":"WebSite","@id":"https:\/\/glowery.me\/#website","url":"https:\/\/glowery.me\/","name":"Glowery","description":"Stilvolle Essentials \u2013 von zeitlosem Schmuck \u00fcber elegante Taschen und Schuhe bis hin zu ausgew\u00e4hlten Kleidern und nat\u00fcrlicher Kosmetik.","publisher":{"@id":"https:\/\/glowery.me\/#organization"},"potentialAction":[{"@type":"SearchAction","target":{"@type":"EntryPoint","urlTemplate":"https:\/\/glowery.me\/?s={search_term_string}"},"query-input":{"@type":"PropertyValueSpecification","valueRequired":true,"valueName":"search_term_string"}}],"inLanguage":"de"},{"@type":"Organization","@id":"https:\/\/glowery.me\/#organization","name":"Glowery","url":"https:\/\/glowery.me\/","logo":{"@type":"ImageObject","inLanguage":"de","@id":"https:\/\/glowery.me\/#\/schema\/logo\/image\/","url":"https:\/\/glowery.me\/wp-content\/uploads\/2025\/05\/Glowery-e1746421067847.png","contentUrl":"https:\/\/glowery.me\/wp-content\/uploads\/2025\/05\/Glowery-e1746421067847.png","width":494,"height":146,"caption":"Glowery"},"image":{"@id":"https:\/\/glowery.me\/#\/schema\/logo\/image\/"},"sameAs":["https:\/\/www.facebook.com\/profile.php?id=61575866108739","https:\/\/www.instagram.com\/glowery.me","https:\/\/www.tiktok.com\/@glowery.me?_t=ZN-8wLhgUVkGCk&_r=1"]}]}},"jetpack_sharing_enabled":true,"_links":{"self":[{"href":"https:\/\/glowery.me\/de\/wp-json\/wp\/v2\/product\/24355","targetHints":{"allow":["GET"]}}],"collection":[{"href":"https:\/\/glowery.me\/de\/wp-json\/wp\/v2\/product"}],"about":[{"href":"https:\/\/glowery.me\/de\/wp-json\/wp\/v2\/types\/product"}],"replies":[{"embeddable":true,"href":"https:\/\/glowery.me\/de\/wp-json\/wp\/v2\/comments?post=24355"}],"wp:featuredmedia":[{"embeddable":true,"href":"https:\/\/glowery.me\/de\/wp-json\/wp\/v2\/media\/14962"}],"wp:attachment":[{"href":"https:\/\/glowery.me\/de\/wp-json\/wp\/v2\/media?parent=24355"}],"wp:term":[{"taxonomy":"product_brand","embeddable":true,"href":"https:\/\/glowery.me\/de\/wp-json\/wp\/v2\/product_brand?post=24355"},{"taxonomy":"product_cat","embeddable":true,"href":"https:\/\/glowery.me\/de\/wp-json\/wp\/v2\/product_cat?post=24355"},{"taxonomy":"product_tag","embeddable":true,"href":"https:\/\/glowery.me\/de\/wp-json\/wp\/v2\/product_tag?post=24355"}],"curies":[{"name":"wp","href":"https:\/\/api.w.org\/{rel}","templated":true}]}}