{"id":24399,"date":"2025-04-27T13:29:00","date_gmt":"2025-04-27T13:29:00","guid":{"rendered":"https:\/\/glowery.me\/produkt\/revolve-ohrmanschette-silber\/"},"modified":"2025-04-27T13:29:00","modified_gmt":"2025-04-27T13:29:00","slug":"revolve-ohrmanschette-silber","status":"publish","type":"product","link":"https:\/\/glowery.me\/de\/produkt\/revolve-ohrmanschette-silber\/","title":{"rendered":"Revolve Ohrmanschette &#8211; Silber"},"content":{"rendered":"<p>Zeigen Sie Ihre Pers\u00f6nlichkeit mit dieser atemberaubenden <strong>flachen Ohrspange mit doppelter Kette<\/strong>. Sie wurde in liebevoller Handarbeit aus Sterling-Silber gefertigt und ist das perfekte Accessoire, um Ihrem Outfit einen gewissen Pepp zu verleihen. <\/p>\n<p>Sie brauchen kein Ohrloch zu stechen, um dieses b\u00f6se Baby zu tragen. Lernen Sie Ihr neues Lieblingsaccessoire kennen. <\/p>\n<p><strong>Profi-Tipp:<\/strong><\/p>\n<p>Ziehen Sie den d\u00fcnnsten Teil Ihres Oberohrs an und schieben Sie ihn \u00fcber den Knorpel. Schieben Sie es nach unten und drehen Sie es, bis es fest auf Ihrem Ohr sitzt. <\/p>\n<p><strong>  Details:<\/strong><\/p>\n<ul>\n<li>Materialien: Sterling Silber<\/li>\n<li>Dicke: 1 mm<\/li>\n<li>Breite: 5,73 mm<\/li>\n<li>L\u00e4nge: 60 mm<\/li>\n<li>Gewicht: 2,67 g<\/li>\n<li>Der Schmuck wird in einer nachhaltigen Verpackung geliefert<\/li>\n<li>Handgefertigt in Litauen und den Niederlanden<\/li>\n<\/ul>\n<p>NO MORE steht hinter der Qualit\u00e4t seines Silberschmucks und bietet eine <strong>zweij\u00e4hrige Garantie<\/strong> auf alle Produkte. Wenn Ihr Silberschmuck mit M\u00e4ngeln oder Sch\u00e4den aufgrund der Herstellung ankommt, werden wir ihn kostenlos reparieren oder ersetzen. Die Garantie deckt auch das Verblassen von vergoldetem Schmuck ab.  <\/p>\n<p>Bitte beachten Sie, dass die Garantie nicht f\u00fcr normale Abnutzungserscheinungen, versehentliche Sch\u00e4den oder Sch\u00e4den, die durch unsachgem\u00e4\u00dfe Pflege oder Verwendung des Schmucks verursacht wurden, gilt.<\/p>\n","protected":false},"excerpt":{"rendered":"<p>Zeigen Sie Ihre Pers\u00f6nlichkeit mit dieser atemberaubenden <strong>flachen Ohrspange mit doppelter Kette<\/strong>. Sie wurde in liebevoller Handarbeit aus Sterlingsilber gefertigt und ist das perfekte Accessoire, um Ihrem Outfit einen gewissen Pepp zu verleihen. <\/p>\n<p>Sie brauchen kein Ohrloch zu stechen, um dieses b\u00f6se Baby zu tragen. Lernen Sie Ihr neues Lieblingsaccessoire kennen. <\/p>\n<p><strong>Profi-Tipp:<\/strong><\/p>\n<p>Ziehen Sie den d\u00fcnnsten Teil Ihres Oberohrs an und schieben Sie ihn \u00fcber den Knorpel. Schieben Sie es nach unten und drehen Sie es, bis es fest auf Ihrem Ohr sitzt. <\/p>\n<p><strong>  Details:<\/strong><\/p>\n<ul>\n<li>Materialien: Sterling Silber<\/li>\n<li>Dicke: 1 mm<\/li>\n<li>Breite: 5,73 mm<\/li>\n<li>L\u00e4nge: 60 mm<\/li>\n<li>Gewicht: 2,67 g<\/li>\n<li>Der Schmuck wird in einer nachhaltigen Verpackung geliefert<\/li>\n<li>Handgefertigt in Litauen und den Niederlanden<\/li>\n<\/ul>\n<p>NO MORE steht hinter der Qualit\u00e4t seines Silberschmucks und bietet eine <strong>zweij\u00e4hrige Garantie<\/strong> auf alle Produkte. Wenn Ihr Silberschmuck mit M\u00e4ngeln oder Sch\u00e4den aufgrund der Herstellung ankommt, werden wir ihn kostenlos reparieren oder ersetzen. Die Garantie deckt auch das Verblassen von vergoldetem Schmuck ab.  <\/p>\n<p>Bitte beachten Sie, dass die Garantie nicht f\u00fcr normale Abnutzungserscheinungen, versehentliche Sch\u00e4den oder Sch\u00e4den, die durch unsachgem\u00e4\u00dfe Pflege oder Verwendung des Schmucks verursacht wurden, gilt.<\/p>\n","protected":false},"featured_media":15643,"comment_status":"open","ping_status":"closed","template":"","meta":[],"product_brand":[],"product_cat":[151,126],"product_tag":[],"class_list":{"0":"post-24399","1":"product","2":"type-product","3":"status-publish","4":"has-post-thumbnail","6":"product_cat-ohrklemmen-de","7":"product_cat-schmuck","9":"first","10":"instock","11":"shipping-taxable","12":"purchasable","13":"product-type-simple"},"yoast_head":"<!-- This site is optimized with the Yoast SEO plugin v25.3 - https:\/\/yoast.com\/wordpress\/plugins\/seo\/ -->\n<title>Revolve Ohrmanschette - Silber - Glowery<\/title>\n<meta name=\"robots\" content=\"index, follow, max-snippet:-1, max-image-preview:large, max-video-preview:-1\" \/>\n<link rel=\"canonical\" href=\"https:\/\/glowery.me\/de\/produkt\/revolve-ohrmanschette-silber\/\" \/>\n<meta property=\"og:locale\" content=\"de_DE\" \/>\n<meta property=\"og:type\" content=\"article\" \/>\n<meta property=\"og:title\" content=\"Revolve Ohrmanschette - Silber - Glowery\" \/>\n<meta property=\"og:description\" content=\"Zeigen Sie Ihre Pers\u00f6nlichkeit mit dieser atemberaubenden flachen Ohrspange mit doppelter Kette. Sie wurde in liebevoller Handarbeit aus Sterlingsilber gefertigt und ist das perfekte Accessoire, um Ihrem Outfit einen gewissen Pepp zu verleihen. Sie brauchen kein Ohrloch zu stechen, um dieses b\u00f6se Baby zu tragen. Lernen Sie Ihr neues Lieblingsaccessoire kennen. Profi-Tipp: Ziehen Sie den d\u00fcnnsten Teil Ihres Oberohrs an und schieben Sie ihn \u00fcber den Knorpel. Schieben Sie es nach unten und drehen Sie es, bis es fest auf Ihrem Ohr sitzt.  Details: Materialien: Sterling Silber Dicke: 1 mm Breite: 5,73 mm L\u00e4nge: 60 mm Gewicht: 2,67 g Der Schmuck wird in einer nachhaltigen Verpackung geliefert Handgefertigt in Litauen und den Niederlanden NO MORE steht hinter der Qualit\u00e4t seines Silberschmucks und bietet eine zweij\u00e4hrige Garantie auf alle Produkte. Wenn Ihr Silberschmuck mit M\u00e4ngeln oder Sch\u00e4den aufgrund der Herstellung ankommt, werden wir ihn kostenlos reparieren oder ersetzen. Die Garantie deckt auch das Verblassen von vergoldetem Schmuck ab.  Bitte beachten Sie, dass die Garantie nicht f\u00fcr normale Abnutzungserscheinungen, versehentliche Sch\u00e4den oder Sch\u00e4den, die durch unsachgem\u00e4\u00dfe Pflege oder Verwendung des Schmucks verursacht wurden, gilt.\" \/>\n<meta property=\"og:url\" content=\"https:\/\/glowery.me\/de\/produkt\/revolve-ohrmanschette-silber\/\" \/>\n<meta property=\"og:site_name\" content=\"Glowery\" \/>\n<meta property=\"article:publisher\" content=\"https:\/\/www.facebook.com\/profile.php?id=61575866108739\" \/>\n<meta property=\"og:image\" content=\"https:\/\/glowery.me\/wp-content\/uploads\/2025\/04\/revolve-ear-cuff-silverno-more-accessories-262849_1800x1800.jpg\" \/>\n\t<meta property=\"og:image:width\" content=\"1273\" \/>\n\t<meta property=\"og:image:height\" content=\"1800\" \/>\n\t<meta property=\"og:image:type\" content=\"image\/jpeg\" \/>\n<meta name=\"twitter:card\" content=\"summary_large_image\" \/>\n<meta name=\"twitter:label1\" content=\"Gesch\u00e4tzte Lesezeit\" \/>\n\t<meta name=\"twitter:data1\" content=\"1\u00a0Minute\" \/>\n<script type=\"application\/ld+json\" class=\"yoast-schema-graph\">{\"@context\":\"https:\/\/schema.org\",\"@graph\":[{\"@type\":\"WebPage\",\"@id\":\"https:\/\/glowery.me\/de\/produkt\/revolve-ohrmanschette-silber\/\",\"url\":\"https:\/\/glowery.me\/de\/produkt\/revolve-ohrmanschette-silber\/\",\"name\":\"Revolve Ohrmanschette - Silber - Glowery\",\"isPartOf\":{\"@id\":\"https:\/\/glowery.me\/#website\"},\"primaryImageOfPage\":{\"@id\":\"https:\/\/glowery.me\/de\/produkt\/revolve-ohrmanschette-silber\/#primaryimage\"},\"image\":{\"@id\":\"https:\/\/glowery.me\/de\/produkt\/revolve-ohrmanschette-silber\/#primaryimage\"},\"thumbnailUrl\":\"https:\/\/glowery.me\/wp-content\/uploads\/2025\/04\/revolve-ear-cuff-silverno-more-accessories-262849_1800x1800.jpg\",\"datePublished\":\"2025-04-27T13:29:00+00:00\",\"breadcrumb\":{\"@id\":\"https:\/\/glowery.me\/de\/produkt\/revolve-ohrmanschette-silber\/#breadcrumb\"},\"inLanguage\":\"de\",\"potentialAction\":[{\"@type\":\"ReadAction\",\"target\":[\"https:\/\/glowery.me\/de\/produkt\/revolve-ohrmanschette-silber\/\"]}]},{\"@type\":\"ImageObject\",\"inLanguage\":\"de\",\"@id\":\"https:\/\/glowery.me\/de\/produkt\/revolve-ohrmanschette-silber\/#primaryimage\",\"url\":\"https:\/\/glowery.me\/wp-content\/uploads\/2025\/04\/revolve-ear-cuff-silverno-more-accessories-262849_1800x1800.jpg\",\"contentUrl\":\"https:\/\/glowery.me\/wp-content\/uploads\/2025\/04\/revolve-ear-cuff-silverno-more-accessories-262849_1800x1800.jpg\",\"width\":1273,\"height\":1800},{\"@type\":\"BreadcrumbList\",\"@id\":\"https:\/\/glowery.me\/de\/produkt\/revolve-ohrmanschette-silber\/#breadcrumb\",\"itemListElement\":[{\"@type\":\"ListItem\",\"position\":1,\"name\":\"Home\",\"item\":\"https:\/\/glowery.me\/de\/startseite\/\"},{\"@type\":\"ListItem\",\"position\":2,\"name\":\"Shop\",\"item\":\"https:\/\/glowery.me\/de\/shop\/\"},{\"@type\":\"ListItem\",\"position\":3,\"name\":\"Revolve Ohrmanschette &#8211; Silber\"}]},{\"@type\":\"WebSite\",\"@id\":\"https:\/\/glowery.me\/#website\",\"url\":\"https:\/\/glowery.me\/\",\"name\":\"Glowery\",\"description\":\"Stilvolle Essentials \u2013 von zeitlosem Schmuck \u00fcber elegante Taschen und Schuhe bis hin zu ausgew\u00e4hlten Kleidern und nat\u00fcrlicher Kosmetik.\",\"publisher\":{\"@id\":\"https:\/\/glowery.me\/#organization\"},\"potentialAction\":[{\"@type\":\"SearchAction\",\"target\":{\"@type\":\"EntryPoint\",\"urlTemplate\":\"https:\/\/glowery.me\/?s={search_term_string}\"},\"query-input\":{\"@type\":\"PropertyValueSpecification\",\"valueRequired\":true,\"valueName\":\"search_term_string\"}}],\"inLanguage\":\"de\"},{\"@type\":\"Organization\",\"@id\":\"https:\/\/glowery.me\/#organization\",\"name\":\"Glowery\",\"url\":\"https:\/\/glowery.me\/\",\"logo\":{\"@type\":\"ImageObject\",\"inLanguage\":\"de\",\"@id\":\"https:\/\/glowery.me\/#\/schema\/logo\/image\/\",\"url\":\"https:\/\/glowery.me\/wp-content\/uploads\/2025\/05\/Glowery-e1746421067847.png\",\"contentUrl\":\"https:\/\/glowery.me\/wp-content\/uploads\/2025\/05\/Glowery-e1746421067847.png\",\"width\":494,\"height\":146,\"caption\":\"Glowery\"},\"image\":{\"@id\":\"https:\/\/glowery.me\/#\/schema\/logo\/image\/\"},\"sameAs\":[\"https:\/\/www.facebook.com\/profile.php?id=61575866108739\",\"https:\/\/www.instagram.com\/glowery.me\",\"https:\/\/www.tiktok.com\/@glowery.me?_t=ZN-8wLhgUVkGCk&_r=1\"]}]}<\/script>\n<!-- \/ Yoast SEO plugin. -->","yoast_head_json":{"title":"Revolve Ohrmanschette - Silber - Glowery","robots":{"index":"index","follow":"follow","max-snippet":"max-snippet:-1","max-image-preview":"max-image-preview:large","max-video-preview":"max-video-preview:-1"},"canonical":"https:\/\/glowery.me\/de\/produkt\/revolve-ohrmanschette-silber\/","og_locale":"de_DE","og_type":"article","og_title":"Revolve Ohrmanschette - Silber - Glowery","og_description":"Zeigen Sie Ihre Pers\u00f6nlichkeit mit dieser atemberaubenden flachen Ohrspange mit doppelter Kette. Sie wurde in liebevoller Handarbeit aus Sterlingsilber gefertigt und ist das perfekte Accessoire, um Ihrem Outfit einen gewissen Pepp zu verleihen. Sie brauchen kein Ohrloch zu stechen, um dieses b\u00f6se Baby zu tragen. Lernen Sie Ihr neues Lieblingsaccessoire kennen. Profi-Tipp: Ziehen Sie den d\u00fcnnsten Teil Ihres Oberohrs an und schieben Sie ihn \u00fcber den Knorpel. Schieben Sie es nach unten und drehen Sie es, bis es fest auf Ihrem Ohr sitzt.  Details: Materialien: Sterling Silber Dicke: 1 mm Breite: 5,73 mm L\u00e4nge: 60 mm Gewicht: 2,67 g Der Schmuck wird in einer nachhaltigen Verpackung geliefert Handgefertigt in Litauen und den Niederlanden NO MORE steht hinter der Qualit\u00e4t seines Silberschmucks und bietet eine zweij\u00e4hrige Garantie auf alle Produkte. Wenn Ihr Silberschmuck mit M\u00e4ngeln oder Sch\u00e4den aufgrund der Herstellung ankommt, werden wir ihn kostenlos reparieren oder ersetzen. Die Garantie deckt auch das Verblassen von vergoldetem Schmuck ab.  Bitte beachten Sie, dass die Garantie nicht f\u00fcr normale Abnutzungserscheinungen, versehentliche Sch\u00e4den oder Sch\u00e4den, die durch unsachgem\u00e4\u00dfe Pflege oder Verwendung des Schmucks verursacht wurden, gilt.","og_url":"https:\/\/glowery.me\/de\/produkt\/revolve-ohrmanschette-silber\/","og_site_name":"Glowery","article_publisher":"https:\/\/www.facebook.com\/profile.php?id=61575866108739","og_image":[{"width":1273,"height":1800,"url":"https:\/\/glowery.me\/wp-content\/uploads\/2025\/04\/revolve-ear-cuff-silverno-more-accessories-262849_1800x1800.jpg","type":"image\/jpeg"}],"twitter_card":"summary_large_image","twitter_misc":{"Gesch\u00e4tzte Lesezeit":"1\u00a0Minute"},"schema":{"@context":"https:\/\/schema.org","@graph":[{"@type":"WebPage","@id":"https:\/\/glowery.me\/de\/produkt\/revolve-ohrmanschette-silber\/","url":"https:\/\/glowery.me\/de\/produkt\/revolve-ohrmanschette-silber\/","name":"Revolve Ohrmanschette - Silber - Glowery","isPartOf":{"@id":"https:\/\/glowery.me\/#website"},"primaryImageOfPage":{"@id":"https:\/\/glowery.me\/de\/produkt\/revolve-ohrmanschette-silber\/#primaryimage"},"image":{"@id":"https:\/\/glowery.me\/de\/produkt\/revolve-ohrmanschette-silber\/#primaryimage"},"thumbnailUrl":"https:\/\/glowery.me\/wp-content\/uploads\/2025\/04\/revolve-ear-cuff-silverno-more-accessories-262849_1800x1800.jpg","datePublished":"2025-04-27T13:29:00+00:00","breadcrumb":{"@id":"https:\/\/glowery.me\/de\/produkt\/revolve-ohrmanschette-silber\/#breadcrumb"},"inLanguage":"de","potentialAction":[{"@type":"ReadAction","target":["https:\/\/glowery.me\/de\/produkt\/revolve-ohrmanschette-silber\/"]}]},{"@type":"ImageObject","inLanguage":"de","@id":"https:\/\/glowery.me\/de\/produkt\/revolve-ohrmanschette-silber\/#primaryimage","url":"https:\/\/glowery.me\/wp-content\/uploads\/2025\/04\/revolve-ear-cuff-silverno-more-accessories-262849_1800x1800.jpg","contentUrl":"https:\/\/glowery.me\/wp-content\/uploads\/2025\/04\/revolve-ear-cuff-silverno-more-accessories-262849_1800x1800.jpg","width":1273,"height":1800},{"@type":"BreadcrumbList","@id":"https:\/\/glowery.me\/de\/produkt\/revolve-ohrmanschette-silber\/#breadcrumb","itemListElement":[{"@type":"ListItem","position":1,"name":"Home","item":"https:\/\/glowery.me\/de\/startseite\/"},{"@type":"ListItem","position":2,"name":"Shop","item":"https:\/\/glowery.me\/de\/shop\/"},{"@type":"ListItem","position":3,"name":"Revolve Ohrmanschette &#8211; Silber"}]},{"@type":"WebSite","@id":"https:\/\/glowery.me\/#website","url":"https:\/\/glowery.me\/","name":"Glowery","description":"Stilvolle Essentials \u2013 von zeitlosem Schmuck \u00fcber elegante Taschen und Schuhe bis hin zu ausgew\u00e4hlten Kleidern und nat\u00fcrlicher Kosmetik.","publisher":{"@id":"https:\/\/glowery.me\/#organization"},"potentialAction":[{"@type":"SearchAction","target":{"@type":"EntryPoint","urlTemplate":"https:\/\/glowery.me\/?s={search_term_string}"},"query-input":{"@type":"PropertyValueSpecification","valueRequired":true,"valueName":"search_term_string"}}],"inLanguage":"de"},{"@type":"Organization","@id":"https:\/\/glowery.me\/#organization","name":"Glowery","url":"https:\/\/glowery.me\/","logo":{"@type":"ImageObject","inLanguage":"de","@id":"https:\/\/glowery.me\/#\/schema\/logo\/image\/","url":"https:\/\/glowery.me\/wp-content\/uploads\/2025\/05\/Glowery-e1746421067847.png","contentUrl":"https:\/\/glowery.me\/wp-content\/uploads\/2025\/05\/Glowery-e1746421067847.png","width":494,"height":146,"caption":"Glowery"},"image":{"@id":"https:\/\/glowery.me\/#\/schema\/logo\/image\/"},"sameAs":["https:\/\/www.facebook.com\/profile.php?id=61575866108739","https:\/\/www.instagram.com\/glowery.me","https:\/\/www.tiktok.com\/@glowery.me?_t=ZN-8wLhgUVkGCk&_r=1"]}]}},"jetpack_sharing_enabled":true,"_links":{"self":[{"href":"https:\/\/glowery.me\/de\/wp-json\/wp\/v2\/product\/24399","targetHints":{"allow":["GET"]}}],"collection":[{"href":"https:\/\/glowery.me\/de\/wp-json\/wp\/v2\/product"}],"about":[{"href":"https:\/\/glowery.me\/de\/wp-json\/wp\/v2\/types\/product"}],"replies":[{"embeddable":true,"href":"https:\/\/glowery.me\/de\/wp-json\/wp\/v2\/comments?post=24399"}],"wp:featuredmedia":[{"embeddable":true,"href":"https:\/\/glowery.me\/de\/wp-json\/wp\/v2\/media\/15643"}],"wp:attachment":[{"href":"https:\/\/glowery.me\/de\/wp-json\/wp\/v2\/media?parent=24399"}],"wp:term":[{"taxonomy":"product_brand","embeddable":true,"href":"https:\/\/glowery.me\/de\/wp-json\/wp\/v2\/product_brand?post=24399"},{"taxonomy":"product_cat","embeddable":true,"href":"https:\/\/glowery.me\/de\/wp-json\/wp\/v2\/product_cat?post=24399"},{"taxonomy":"product_tag","embeddable":true,"href":"https:\/\/glowery.me\/de\/wp-json\/wp\/v2\/product_tag?post=24399"}],"curies":[{"name":"wp","href":"https:\/\/api.w.org\/{rel}","templated":true}]}}