{"id":24538,"date":"2025-04-27T13:29:00","date_gmt":"2025-04-27T13:29:00","guid":{"rendered":"https:\/\/glowery.me\/produkt\/ring-lew-fuer-maenner\/"},"modified":"2025-04-27T13:29:00","modified_gmt":"2025-04-27T13:29:00","slug":"ring-lew-fuer-maenner","status":"publish","type":"product","link":"https:\/\/glowery.me\/de\/produkt\/ring-lew-fuer-maenner\/","title":{"rendered":"Ring Lew f\u00fcr M\u00e4nner"},"content":{"rendered":"<p><strong>Der Herrenring Lew<\/strong> ist aus hochwertiger Keramik gefertigt und passt zu jedem Stil. Dieses leichte und dennoch unglaublich robuste St\u00fcck ist die perfekte Balance zwischen modernem Design und dauerhafter Haltbarkeit. Ob als Statement-St\u00fcck f\u00fcr den Alltag oder als einzigartiges Geschenk f\u00fcr einen besonderen Menschen, dieser Ring verk\u00f6rpert zeitgen\u00f6ssische Eleganz f\u00fcr den anspruchsvollen Gentleman.  <\/p>\n<p><strong>Informationen:<\/strong><\/p>\n<ul>\n<li>\n<p>Material: Schwarze Original-Qualit\u00e4tskeramik<\/p>\n<\/li>\n<li>\n<p>Gewicht: 7,58 Gramm<\/p>\n<\/li>\n<li>\n<p>Breite: 8 mm<\/p>\n<\/li>\n<\/ul>\n","protected":false},"excerpt":{"rendered":"<p><strong>Der Herrenring Lew<\/strong> ist aus hochwertiger Keramik gefertigt und passt zu jedem Stil. Dieses leichte und dennoch unglaublich robuste St\u00fcck ist die perfekte Balance zwischen modernem Design und dauerhafter Haltbarkeit. Ob als Statement-St\u00fcck f\u00fcr den Alltag oder als einzigartiges Geschenk f\u00fcr einen besonderen Menschen, dieser Ring verk\u00f6rpert zeitgen\u00f6ssische Eleganz f\u00fcr den anspruchsvollen Gentleman.  <\/p>\n<p><strong>Informationen:<\/strong><\/p>\n<ul>\n<li>\n<p>Material: Schwarze Original-Qualit\u00e4tskeramik<\/p>\n<\/li>\n<li>\n<p>Gewicht: 7,58 Gramm<\/p>\n<\/li>\n<li>\n<p>Breite: 8 mm<\/p>\n<\/li>\n<\/ul>\n","protected":false},"featured_media":15574,"comment_status":"open","ping_status":"closed","template":"","meta":[],"product_brand":[],"product_cat":[148,126],"product_tag":[],"class_list":{"0":"post-24538","1":"product","2":"type-product","3":"status-publish","4":"has-post-thumbnail","6":"product_cat-ringe-de-2","7":"product_cat-schmuck","9":"first","10":"instock","11":"shipping-taxable","12":"purchasable","13":"product-type-variable"},"yoast_head":"<!-- This site is optimized with the Yoast SEO plugin v25.3 - https:\/\/yoast.com\/wordpress\/plugins\/seo\/ -->\n<title>Ring Lew f\u00fcr M\u00e4nner - Glowery<\/title>\n<meta name=\"robots\" content=\"index, follow, max-snippet:-1, max-image-preview:large, max-video-preview:-1\" \/>\n<link rel=\"canonical\" href=\"https:\/\/glowery.me\/de\/produkt\/ring-lew-fuer-maenner\/\" \/>\n<meta property=\"og:locale\" content=\"de_DE\" \/>\n<meta property=\"og:type\" content=\"article\" \/>\n<meta property=\"og:title\" content=\"Ring Lew f\u00fcr M\u00e4nner - Glowery\" \/>\n<meta property=\"og:description\" content=\"Der Herrenring Lew ist aus hochwertiger Keramik gefertigt und passt zu jedem Stil. Dieses leichte und dennoch unglaublich robuste St\u00fcck ist die perfekte Balance zwischen modernem Design und dauerhafter Haltbarkeit. Ob als Statement-St\u00fcck f\u00fcr den Alltag oder als einzigartiges Geschenk f\u00fcr einen besonderen Menschen, dieser Ring verk\u00f6rpert zeitgen\u00f6ssische Eleganz f\u00fcr den anspruchsvollen Gentleman. Informationen:Material: Schwarze Original-Qualit\u00e4tskeramikGewicht: 7,58 GrammBreite: 8 mm\" \/>\n<meta property=\"og:url\" content=\"https:\/\/glowery.me\/de\/produkt\/ring-lew-fuer-maenner\/\" \/>\n<meta property=\"og:site_name\" content=\"Glowery\" \/>\n<meta property=\"article:publisher\" content=\"https:\/\/www.facebook.com\/profile.php?id=61575866108739\" \/>\n<meta property=\"og:image\" content=\"https:\/\/glowery.me\/wp-content\/uploads\/2025\/04\/Leomani-keraamiline-sormus-meestele-Lew-CLE10-1-R-2.jpg\" \/>\n\t<meta property=\"og:image:width\" content=\"1000\" \/>\n\t<meta property=\"og:image:height\" content=\"1400\" \/>\n\t<meta property=\"og:image:type\" content=\"image\/jpeg\" \/>\n<meta name=\"twitter:card\" content=\"summary_large_image\" \/>\n<script type=\"application\/ld+json\" class=\"yoast-schema-graph\">{\"@context\":\"https:\/\/schema.org\",\"@graph\":[{\"@type\":\"WebPage\",\"@id\":\"https:\/\/glowery.me\/de\/produkt\/ring-lew-fuer-maenner\/\",\"url\":\"https:\/\/glowery.me\/de\/produkt\/ring-lew-fuer-maenner\/\",\"name\":\"Ring Lew f\u00fcr M\u00e4nner - Glowery\",\"isPartOf\":{\"@id\":\"https:\/\/glowery.me\/#website\"},\"primaryImageOfPage\":{\"@id\":\"https:\/\/glowery.me\/de\/produkt\/ring-lew-fuer-maenner\/#primaryimage\"},\"image\":{\"@id\":\"https:\/\/glowery.me\/de\/produkt\/ring-lew-fuer-maenner\/#primaryimage\"},\"thumbnailUrl\":\"https:\/\/glowery.me\/wp-content\/uploads\/2025\/04\/Leomani-keraamiline-sormus-meestele-Lew-CLE10-1-R-2.jpg\",\"datePublished\":\"2025-04-27T13:29:00+00:00\",\"breadcrumb\":{\"@id\":\"https:\/\/glowery.me\/de\/produkt\/ring-lew-fuer-maenner\/#breadcrumb\"},\"inLanguage\":\"de\",\"potentialAction\":[{\"@type\":\"ReadAction\",\"target\":[\"https:\/\/glowery.me\/de\/produkt\/ring-lew-fuer-maenner\/\"]}]},{\"@type\":\"ImageObject\",\"inLanguage\":\"de\",\"@id\":\"https:\/\/glowery.me\/de\/produkt\/ring-lew-fuer-maenner\/#primaryimage\",\"url\":\"https:\/\/glowery.me\/wp-content\/uploads\/2025\/04\/Leomani-keraamiline-sormus-meestele-Lew-CLE10-1-R-2.jpg\",\"contentUrl\":\"https:\/\/glowery.me\/wp-content\/uploads\/2025\/04\/Leomani-keraamiline-sormus-meestele-Lew-CLE10-1-R-2.jpg\",\"width\":1000,\"height\":1400},{\"@type\":\"BreadcrumbList\",\"@id\":\"https:\/\/glowery.me\/de\/produkt\/ring-lew-fuer-maenner\/#breadcrumb\",\"itemListElement\":[{\"@type\":\"ListItem\",\"position\":1,\"name\":\"Home\",\"item\":\"https:\/\/glowery.me\/de\/startseite\/\"},{\"@type\":\"ListItem\",\"position\":2,\"name\":\"Shop\",\"item\":\"https:\/\/glowery.me\/de\/shop\/\"},{\"@type\":\"ListItem\",\"position\":3,\"name\":\"Ring Lew f\u00fcr M\u00e4nner\"}]},{\"@type\":\"WebSite\",\"@id\":\"https:\/\/glowery.me\/#website\",\"url\":\"https:\/\/glowery.me\/\",\"name\":\"Glowery\",\"description\":\"Stilvolle Essentials \u2013 von zeitlosem Schmuck \u00fcber elegante Taschen und Schuhe bis hin zu ausgew\u00e4hlten Kleidern und nat\u00fcrlicher Kosmetik.\",\"publisher\":{\"@id\":\"https:\/\/glowery.me\/#organization\"},\"potentialAction\":[{\"@type\":\"SearchAction\",\"target\":{\"@type\":\"EntryPoint\",\"urlTemplate\":\"https:\/\/glowery.me\/?s={search_term_string}\"},\"query-input\":{\"@type\":\"PropertyValueSpecification\",\"valueRequired\":true,\"valueName\":\"search_term_string\"}}],\"inLanguage\":\"de\"},{\"@type\":\"Organization\",\"@id\":\"https:\/\/glowery.me\/#organization\",\"name\":\"Glowery\",\"url\":\"https:\/\/glowery.me\/\",\"logo\":{\"@type\":\"ImageObject\",\"inLanguage\":\"de\",\"@id\":\"https:\/\/glowery.me\/#\/schema\/logo\/image\/\",\"url\":\"https:\/\/glowery.me\/wp-content\/uploads\/2025\/05\/Glowery-e1746421067847.png\",\"contentUrl\":\"https:\/\/glowery.me\/wp-content\/uploads\/2025\/05\/Glowery-e1746421067847.png\",\"width\":494,\"height\":146,\"caption\":\"Glowery\"},\"image\":{\"@id\":\"https:\/\/glowery.me\/#\/schema\/logo\/image\/\"},\"sameAs\":[\"https:\/\/www.facebook.com\/profile.php?id=61575866108739\",\"https:\/\/www.instagram.com\/glowery.me\",\"https:\/\/www.tiktok.com\/@glowery.me?_t=ZN-8wLhgUVkGCk&_r=1\"]}]}<\/script>\n<!-- \/ Yoast SEO plugin. -->","yoast_head_json":{"title":"Ring Lew f\u00fcr M\u00e4nner - Glowery","robots":{"index":"index","follow":"follow","max-snippet":"max-snippet:-1","max-image-preview":"max-image-preview:large","max-video-preview":"max-video-preview:-1"},"canonical":"https:\/\/glowery.me\/de\/produkt\/ring-lew-fuer-maenner\/","og_locale":"de_DE","og_type":"article","og_title":"Ring Lew f\u00fcr M\u00e4nner - Glowery","og_description":"Der Herrenring Lew ist aus hochwertiger Keramik gefertigt und passt zu jedem Stil. Dieses leichte und dennoch unglaublich robuste St\u00fcck ist die perfekte Balance zwischen modernem Design und dauerhafter Haltbarkeit. Ob als Statement-St\u00fcck f\u00fcr den Alltag oder als einzigartiges Geschenk f\u00fcr einen besonderen Menschen, dieser Ring verk\u00f6rpert zeitgen\u00f6ssische Eleganz f\u00fcr den anspruchsvollen Gentleman. Informationen:Material: Schwarze Original-Qualit\u00e4tskeramikGewicht: 7,58 GrammBreite: 8 mm","og_url":"https:\/\/glowery.me\/de\/produkt\/ring-lew-fuer-maenner\/","og_site_name":"Glowery","article_publisher":"https:\/\/www.facebook.com\/profile.php?id=61575866108739","og_image":[{"width":1000,"height":1400,"url":"https:\/\/glowery.me\/wp-content\/uploads\/2025\/04\/Leomani-keraamiline-sormus-meestele-Lew-CLE10-1-R-2.jpg","type":"image\/jpeg"}],"twitter_card":"summary_large_image","schema":{"@context":"https:\/\/schema.org","@graph":[{"@type":"WebPage","@id":"https:\/\/glowery.me\/de\/produkt\/ring-lew-fuer-maenner\/","url":"https:\/\/glowery.me\/de\/produkt\/ring-lew-fuer-maenner\/","name":"Ring Lew f\u00fcr M\u00e4nner - Glowery","isPartOf":{"@id":"https:\/\/glowery.me\/#website"},"primaryImageOfPage":{"@id":"https:\/\/glowery.me\/de\/produkt\/ring-lew-fuer-maenner\/#primaryimage"},"image":{"@id":"https:\/\/glowery.me\/de\/produkt\/ring-lew-fuer-maenner\/#primaryimage"},"thumbnailUrl":"https:\/\/glowery.me\/wp-content\/uploads\/2025\/04\/Leomani-keraamiline-sormus-meestele-Lew-CLE10-1-R-2.jpg","datePublished":"2025-04-27T13:29:00+00:00","breadcrumb":{"@id":"https:\/\/glowery.me\/de\/produkt\/ring-lew-fuer-maenner\/#breadcrumb"},"inLanguage":"de","potentialAction":[{"@type":"ReadAction","target":["https:\/\/glowery.me\/de\/produkt\/ring-lew-fuer-maenner\/"]}]},{"@type":"ImageObject","inLanguage":"de","@id":"https:\/\/glowery.me\/de\/produkt\/ring-lew-fuer-maenner\/#primaryimage","url":"https:\/\/glowery.me\/wp-content\/uploads\/2025\/04\/Leomani-keraamiline-sormus-meestele-Lew-CLE10-1-R-2.jpg","contentUrl":"https:\/\/glowery.me\/wp-content\/uploads\/2025\/04\/Leomani-keraamiline-sormus-meestele-Lew-CLE10-1-R-2.jpg","width":1000,"height":1400},{"@type":"BreadcrumbList","@id":"https:\/\/glowery.me\/de\/produkt\/ring-lew-fuer-maenner\/#breadcrumb","itemListElement":[{"@type":"ListItem","position":1,"name":"Home","item":"https:\/\/glowery.me\/de\/startseite\/"},{"@type":"ListItem","position":2,"name":"Shop","item":"https:\/\/glowery.me\/de\/shop\/"},{"@type":"ListItem","position":3,"name":"Ring Lew f\u00fcr M\u00e4nner"}]},{"@type":"WebSite","@id":"https:\/\/glowery.me\/#website","url":"https:\/\/glowery.me\/","name":"Glowery","description":"Stilvolle Essentials \u2013 von zeitlosem Schmuck \u00fcber elegante Taschen und Schuhe bis hin zu ausgew\u00e4hlten Kleidern und nat\u00fcrlicher Kosmetik.","publisher":{"@id":"https:\/\/glowery.me\/#organization"},"potentialAction":[{"@type":"SearchAction","target":{"@type":"EntryPoint","urlTemplate":"https:\/\/glowery.me\/?s={search_term_string}"},"query-input":{"@type":"PropertyValueSpecification","valueRequired":true,"valueName":"search_term_string"}}],"inLanguage":"de"},{"@type":"Organization","@id":"https:\/\/glowery.me\/#organization","name":"Glowery","url":"https:\/\/glowery.me\/","logo":{"@type":"ImageObject","inLanguage":"de","@id":"https:\/\/glowery.me\/#\/schema\/logo\/image\/","url":"https:\/\/glowery.me\/wp-content\/uploads\/2025\/05\/Glowery-e1746421067847.png","contentUrl":"https:\/\/glowery.me\/wp-content\/uploads\/2025\/05\/Glowery-e1746421067847.png","width":494,"height":146,"caption":"Glowery"},"image":{"@id":"https:\/\/glowery.me\/#\/schema\/logo\/image\/"},"sameAs":["https:\/\/www.facebook.com\/profile.php?id=61575866108739","https:\/\/www.instagram.com\/glowery.me","https:\/\/www.tiktok.com\/@glowery.me?_t=ZN-8wLhgUVkGCk&_r=1"]}]}},"jetpack_sharing_enabled":true,"_links":{"self":[{"href":"https:\/\/glowery.me\/de\/wp-json\/wp\/v2\/product\/24538","targetHints":{"allow":["GET"]}}],"collection":[{"href":"https:\/\/glowery.me\/de\/wp-json\/wp\/v2\/product"}],"about":[{"href":"https:\/\/glowery.me\/de\/wp-json\/wp\/v2\/types\/product"}],"replies":[{"embeddable":true,"href":"https:\/\/glowery.me\/de\/wp-json\/wp\/v2\/comments?post=24538"}],"wp:featuredmedia":[{"embeddable":true,"href":"https:\/\/glowery.me\/de\/wp-json\/wp\/v2\/media\/15574"}],"wp:attachment":[{"href":"https:\/\/glowery.me\/de\/wp-json\/wp\/v2\/media?parent=24538"}],"wp:term":[{"taxonomy":"product_brand","embeddable":true,"href":"https:\/\/glowery.me\/de\/wp-json\/wp\/v2\/product_brand?post=24538"},{"taxonomy":"product_cat","embeddable":true,"href":"https:\/\/glowery.me\/de\/wp-json\/wp\/v2\/product_cat?post=24538"},{"taxonomy":"product_tag","embeddable":true,"href":"https:\/\/glowery.me\/de\/wp-json\/wp\/v2\/product_tag?post=24538"}],"curies":[{"name":"wp","href":"https:\/\/api.w.org\/{rel}","templated":true}]}}