{"id":24726,"date":"2025-04-26T19:37:00","date_gmt":"2025-04-26T19:37:00","guid":{"rendered":"https:\/\/glowery.me\/produkt\/airy-dots-ohrringe-rose-gold-silber-und-schwarz\/"},"modified":"2025-04-26T19:37:00","modified_gmt":"2025-04-26T19:37:00","slug":"airy-dots-ohrringe-rose-gold-silber-und-schwarz","status":"publish","type":"product","link":"https:\/\/glowery.me\/de\/produkt\/airy-dots-ohrringe-rose-gold-silber-und-schwarz\/","title":{"rendered":"Airy Dots Ohrringe &#8211; Rose Gold, Silber und Schwarz"},"content":{"rendered":"<p>Kleine, geb\u00fcrstete, luftige Rollen. Hergestellt aus Silber 925, der Durchmesser betr\u00e4gt 5 mm. <\/p>\n<p>W\u00e4hlen Sie Ihre Lieblingsbeschichtung &#8211; Ros\u00e9gold, Silber oder Schwarz!<\/p>\n<p><strong>MyaMoon ist eine Schmuckmarke, die in Estland<\/strong> <strong>von einer Mutter und ihrer Tochter<\/strong><strong>gegr\u00fcndet wurde<\/strong>. Ihr Schmuck ist <strong>schlicht und zeitlos<\/strong> und erg\u00e4nzt die Tr\u00e4gerin, anstatt mit ihrem Stil zu konkurrieren. Die St\u00fccke werden aus Sterlingsilber und sorgf\u00e4ltig ausgew\u00e4hlten Edelsteinen gefertigt.  <\/p>\n<ul>\n<li>\n<p>Material: 925 Silber<\/p>\n<\/li>\n<li>\n<p>Durchmesser: 5 mm<\/p>\n<\/li>\n<li>\n<p>Entworfen in Estland<\/p>\n<\/li>\n<\/ul>\n<p>\/\/<\/p>\n<p>EST:<\/p>\n<p>H\u00f5bedast \u00f5hulised t\u00e4pid, geomeetriline klassika. \u00d5rnalt harjatud pind, l\u00e4bim\u00f5\u00f5t 5mm. <\/p>\n<p>Valmistatud 925 standardprooviga h\u00f5bedast. Valikus on roosa kulla, h\u00f5bedase v\u00f5i musta roodiumiga kaetud k\u00f5rvaehted. <\/p>\n","protected":false},"excerpt":{"rendered":"<p>Kleine, geb\u00fcrstete, luftige Rollen. Hergestellt aus Silber 925, der Durchmesser betr\u00e4gt 5 mm. <\/p>\n<p>W\u00e4hlen Sie Ihre Lieblingsbeschichtung &#8211; Ros\u00e9gold, Silber oder Schwarz!<\/p>\n<p><strong>MyaMoon ist eine Schmuckmarke, die in Estland<\/strong> <strong>von einer Mutter und ihrer Tochter<\/strong><strong>gegr\u00fcndet wurde<\/strong>. Ihr Schmuck ist <strong>schlicht und zeitlos<\/strong> und erg\u00e4nzt die Tr\u00e4gerin, anstatt mit ihrem Stil zu konkurrieren. Die St\u00fccke werden aus Sterlingsilber und sorgf\u00e4ltig ausgew\u00e4hlten Edelsteinen gefertigt.  <\/p>\n<ul>\n<li>\n<p>Material: 925 Silber<\/p>\n<\/li>\n<li>\n<p>Durchmesser: 5 mm<\/p>\n<\/li>\n<li>\n<p>Entworfen in Estland<\/p>\n<\/li>\n<\/ul>\n<p>\/\/<\/p>\n<p>EST:<\/p>\n<p>H\u00f5bedast \u00f5hulised t\u00e4pid, geomeetriline klassika. \u00d5rnalt harjatud pind, l\u00e4bim\u00f5\u00f5t 5mm. <\/p>\n<p>Valmistatud 925 standardprooviga h\u00f5bedast. Valikus on roosa kulla, h\u00f5bedase v\u00f5i musta roodiumiga kaetud k\u00f5rvaehted. <\/p>\n","protected":false},"featured_media":13642,"comment_status":"open","ping_status":"closed","template":"","meta":[],"product_brand":[],"product_cat":[128,126],"product_tag":[],"class_list":{"0":"post-24726","1":"product","2":"type-product","3":"status-publish","4":"has-post-thumbnail","6":"product_cat-ohrringe","7":"product_cat-schmuck","9":"first","10":"outofstock","11":"shipping-taxable","12":"purchasable","13":"product-type-variable"},"yoast_head":"<!-- This site is optimized with the Yoast SEO plugin v25.3 - https:\/\/yoast.com\/wordpress\/plugins\/seo\/ -->\n<title>Airy Dots Ohrringe - Rose Gold, Silber und Schwarz - Glowery<\/title>\n<meta name=\"robots\" content=\"index, follow, max-snippet:-1, max-image-preview:large, max-video-preview:-1\" \/>\n<link rel=\"canonical\" href=\"https:\/\/glowery.me\/de\/produkt\/airy-dots-ohrringe-rose-gold-silber-und-schwarz\/\" \/>\n<meta property=\"og:locale\" content=\"de_DE\" \/>\n<meta property=\"og:type\" content=\"article\" \/>\n<meta property=\"og:title\" content=\"Airy Dots Ohrringe - Rose Gold, Silber und Schwarz - Glowery\" \/>\n<meta property=\"og:description\" content=\"Kleine, geb\u00fcrstete, luftige Rollen. Hergestellt aus Silber 925, der Durchmesser betr\u00e4gt 5 mm. W\u00e4hlen Sie Ihre Lieblingsbeschichtung - Ros\u00e9gold, Silber oder Schwarz!MyaMoon ist eine Schmuckmarke, die in Estland von einer Mutter und ihrer Tochtergegr\u00fcndet wurde. Ihr Schmuck ist schlicht und zeitlos und erg\u00e4nzt die Tr\u00e4gerin, anstatt mit ihrem Stil zu konkurrieren. Die St\u00fccke werden aus Sterlingsilber und sorgf\u00e4ltig ausgew\u00e4hlten Edelsteinen gefertigt. Material: 925 SilberDurchmesser: 5 mmEntworfen in Estland\/\/EST:H\u00f5bedast \u00f5hulised t\u00e4pid, geomeetriline klassika. \u00d5rnalt harjatud pind, l\u00e4bim\u00f5\u00f5t 5mm. Valmistatud 925 standardprooviga h\u00f5bedast. Valikus on roosa kulla, h\u00f5bedase v\u00f5i musta roodiumiga kaetud k\u00f5rvaehted.\" \/>\n<meta property=\"og:url\" content=\"https:\/\/glowery.me\/de\/produkt\/airy-dots-ohrringe-rose-gold-silber-und-schwarz\/\" \/>\n<meta property=\"og:site_name\" content=\"Glowery\" \/>\n<meta property=\"article:publisher\" content=\"https:\/\/www.facebook.com\/profile.php?id=61575866108739\" \/>\n<meta property=\"og:image\" content=\"https:\/\/glowery.me\/wp-content\/uploads\/2025\/04\/satin_cube_silver_myamoon_web.jpg\" \/>\n\t<meta property=\"og:image:width\" content=\"1989\" \/>\n\t<meta property=\"og:image:height\" content=\"1989\" \/>\n\t<meta property=\"og:image:type\" content=\"image\/jpeg\" \/>\n<meta name=\"twitter:card\" content=\"summary_large_image\" \/>\n<meta name=\"twitter:label1\" content=\"Gesch\u00e4tzte Lesezeit\" \/>\n\t<meta name=\"twitter:data1\" content=\"1\u00a0Minute\" \/>\n<script type=\"application\/ld+json\" class=\"yoast-schema-graph\">{\"@context\":\"https:\/\/schema.org\",\"@graph\":[{\"@type\":\"WebPage\",\"@id\":\"https:\/\/glowery.me\/de\/produkt\/airy-dots-ohrringe-rose-gold-silber-und-schwarz\/\",\"url\":\"https:\/\/glowery.me\/de\/produkt\/airy-dots-ohrringe-rose-gold-silber-und-schwarz\/\",\"name\":\"Airy Dots Ohrringe - Rose Gold, Silber und Schwarz - Glowery\",\"isPartOf\":{\"@id\":\"https:\/\/glowery.me\/#website\"},\"primaryImageOfPage\":{\"@id\":\"https:\/\/glowery.me\/de\/produkt\/airy-dots-ohrringe-rose-gold-silber-und-schwarz\/#primaryimage\"},\"image\":{\"@id\":\"https:\/\/glowery.me\/de\/produkt\/airy-dots-ohrringe-rose-gold-silber-und-schwarz\/#primaryimage\"},\"thumbnailUrl\":\"https:\/\/glowery.me\/wp-content\/uploads\/2025\/04\/satin_cube_silver_myamoon_web.jpg\",\"datePublished\":\"2025-04-26T19:37:00+00:00\",\"breadcrumb\":{\"@id\":\"https:\/\/glowery.me\/de\/produkt\/airy-dots-ohrringe-rose-gold-silber-und-schwarz\/#breadcrumb\"},\"inLanguage\":\"de\",\"potentialAction\":[{\"@type\":\"ReadAction\",\"target\":[\"https:\/\/glowery.me\/de\/produkt\/airy-dots-ohrringe-rose-gold-silber-und-schwarz\/\"]}]},{\"@type\":\"ImageObject\",\"inLanguage\":\"de\",\"@id\":\"https:\/\/glowery.me\/de\/produkt\/airy-dots-ohrringe-rose-gold-silber-und-schwarz\/#primaryimage\",\"url\":\"https:\/\/glowery.me\/wp-content\/uploads\/2025\/04\/satin_cube_silver_myamoon_web.jpg\",\"contentUrl\":\"https:\/\/glowery.me\/wp-content\/uploads\/2025\/04\/satin_cube_silver_myamoon_web.jpg\",\"width\":1989,\"height\":1989},{\"@type\":\"BreadcrumbList\",\"@id\":\"https:\/\/glowery.me\/de\/produkt\/airy-dots-ohrringe-rose-gold-silber-und-schwarz\/#breadcrumb\",\"itemListElement\":[{\"@type\":\"ListItem\",\"position\":1,\"name\":\"Home\",\"item\":\"https:\/\/glowery.me\/de\/startseite\/\"},{\"@type\":\"ListItem\",\"position\":2,\"name\":\"Shop\",\"item\":\"https:\/\/glowery.me\/de\/shop\/\"},{\"@type\":\"ListItem\",\"position\":3,\"name\":\"Airy Dots Ohrringe &#8211; Rose Gold, Silber und Schwarz\"}]},{\"@type\":\"WebSite\",\"@id\":\"https:\/\/glowery.me\/#website\",\"url\":\"https:\/\/glowery.me\/\",\"name\":\"Glowery\",\"description\":\"Stilvolle Essentials \u2013 von zeitlosem Schmuck \u00fcber elegante Taschen und Schuhe bis hin zu ausgew\u00e4hlten Kleidern und nat\u00fcrlicher Kosmetik.\",\"publisher\":{\"@id\":\"https:\/\/glowery.me\/#organization\"},\"potentialAction\":[{\"@type\":\"SearchAction\",\"target\":{\"@type\":\"EntryPoint\",\"urlTemplate\":\"https:\/\/glowery.me\/?s={search_term_string}\"},\"query-input\":{\"@type\":\"PropertyValueSpecification\",\"valueRequired\":true,\"valueName\":\"search_term_string\"}}],\"inLanguage\":\"de\"},{\"@type\":\"Organization\",\"@id\":\"https:\/\/glowery.me\/#organization\",\"name\":\"Glowery\",\"url\":\"https:\/\/glowery.me\/\",\"logo\":{\"@type\":\"ImageObject\",\"inLanguage\":\"de\",\"@id\":\"https:\/\/glowery.me\/#\/schema\/logo\/image\/\",\"url\":\"https:\/\/glowery.me\/wp-content\/uploads\/2025\/05\/Glowery-e1746421067847.png\",\"contentUrl\":\"https:\/\/glowery.me\/wp-content\/uploads\/2025\/05\/Glowery-e1746421067847.png\",\"width\":494,\"height\":146,\"caption\":\"Glowery\"},\"image\":{\"@id\":\"https:\/\/glowery.me\/#\/schema\/logo\/image\/\"},\"sameAs\":[\"https:\/\/www.facebook.com\/profile.php?id=61575866108739\",\"https:\/\/www.instagram.com\/glowery.me\",\"https:\/\/www.tiktok.com\/@glowery.me?_t=ZN-8wLhgUVkGCk&_r=1\"]}]}<\/script>\n<!-- \/ Yoast SEO plugin. -->","yoast_head_json":{"title":"Airy Dots Ohrringe - Rose Gold, Silber und Schwarz - Glowery","robots":{"index":"index","follow":"follow","max-snippet":"max-snippet:-1","max-image-preview":"max-image-preview:large","max-video-preview":"max-video-preview:-1"},"canonical":"https:\/\/glowery.me\/de\/produkt\/airy-dots-ohrringe-rose-gold-silber-und-schwarz\/","og_locale":"de_DE","og_type":"article","og_title":"Airy Dots Ohrringe - Rose Gold, Silber und Schwarz - Glowery","og_description":"Kleine, geb\u00fcrstete, luftige Rollen. Hergestellt aus Silber 925, der Durchmesser betr\u00e4gt 5 mm. W\u00e4hlen Sie Ihre Lieblingsbeschichtung - Ros\u00e9gold, Silber oder Schwarz!MyaMoon ist eine Schmuckmarke, die in Estland von einer Mutter und ihrer Tochtergegr\u00fcndet wurde. Ihr Schmuck ist schlicht und zeitlos und erg\u00e4nzt die Tr\u00e4gerin, anstatt mit ihrem Stil zu konkurrieren. Die St\u00fccke werden aus Sterlingsilber und sorgf\u00e4ltig ausgew\u00e4hlten Edelsteinen gefertigt. Material: 925 SilberDurchmesser: 5 mmEntworfen in Estland\/\/EST:H\u00f5bedast \u00f5hulised t\u00e4pid, geomeetriline klassika. \u00d5rnalt harjatud pind, l\u00e4bim\u00f5\u00f5t 5mm. Valmistatud 925 standardprooviga h\u00f5bedast. Valikus on roosa kulla, h\u00f5bedase v\u00f5i musta roodiumiga kaetud k\u00f5rvaehted.","og_url":"https:\/\/glowery.me\/de\/produkt\/airy-dots-ohrringe-rose-gold-silber-und-schwarz\/","og_site_name":"Glowery","article_publisher":"https:\/\/www.facebook.com\/profile.php?id=61575866108739","og_image":[{"width":1989,"height":1989,"url":"https:\/\/glowery.me\/wp-content\/uploads\/2025\/04\/satin_cube_silver_myamoon_web.jpg","type":"image\/jpeg"}],"twitter_card":"summary_large_image","twitter_misc":{"Gesch\u00e4tzte Lesezeit":"1\u00a0Minute"},"schema":{"@context":"https:\/\/schema.org","@graph":[{"@type":"WebPage","@id":"https:\/\/glowery.me\/de\/produkt\/airy-dots-ohrringe-rose-gold-silber-und-schwarz\/","url":"https:\/\/glowery.me\/de\/produkt\/airy-dots-ohrringe-rose-gold-silber-und-schwarz\/","name":"Airy Dots Ohrringe - Rose Gold, Silber und Schwarz - Glowery","isPartOf":{"@id":"https:\/\/glowery.me\/#website"},"primaryImageOfPage":{"@id":"https:\/\/glowery.me\/de\/produkt\/airy-dots-ohrringe-rose-gold-silber-und-schwarz\/#primaryimage"},"image":{"@id":"https:\/\/glowery.me\/de\/produkt\/airy-dots-ohrringe-rose-gold-silber-und-schwarz\/#primaryimage"},"thumbnailUrl":"https:\/\/glowery.me\/wp-content\/uploads\/2025\/04\/satin_cube_silver_myamoon_web.jpg","datePublished":"2025-04-26T19:37:00+00:00","breadcrumb":{"@id":"https:\/\/glowery.me\/de\/produkt\/airy-dots-ohrringe-rose-gold-silber-und-schwarz\/#breadcrumb"},"inLanguage":"de","potentialAction":[{"@type":"ReadAction","target":["https:\/\/glowery.me\/de\/produkt\/airy-dots-ohrringe-rose-gold-silber-und-schwarz\/"]}]},{"@type":"ImageObject","inLanguage":"de","@id":"https:\/\/glowery.me\/de\/produkt\/airy-dots-ohrringe-rose-gold-silber-und-schwarz\/#primaryimage","url":"https:\/\/glowery.me\/wp-content\/uploads\/2025\/04\/satin_cube_silver_myamoon_web.jpg","contentUrl":"https:\/\/glowery.me\/wp-content\/uploads\/2025\/04\/satin_cube_silver_myamoon_web.jpg","width":1989,"height":1989},{"@type":"BreadcrumbList","@id":"https:\/\/glowery.me\/de\/produkt\/airy-dots-ohrringe-rose-gold-silber-und-schwarz\/#breadcrumb","itemListElement":[{"@type":"ListItem","position":1,"name":"Home","item":"https:\/\/glowery.me\/de\/startseite\/"},{"@type":"ListItem","position":2,"name":"Shop","item":"https:\/\/glowery.me\/de\/shop\/"},{"@type":"ListItem","position":3,"name":"Airy Dots Ohrringe &#8211; Rose Gold, Silber und Schwarz"}]},{"@type":"WebSite","@id":"https:\/\/glowery.me\/#website","url":"https:\/\/glowery.me\/","name":"Glowery","description":"Stilvolle Essentials \u2013 von zeitlosem Schmuck \u00fcber elegante Taschen und Schuhe bis hin zu ausgew\u00e4hlten Kleidern und nat\u00fcrlicher Kosmetik.","publisher":{"@id":"https:\/\/glowery.me\/#organization"},"potentialAction":[{"@type":"SearchAction","target":{"@type":"EntryPoint","urlTemplate":"https:\/\/glowery.me\/?s={search_term_string}"},"query-input":{"@type":"PropertyValueSpecification","valueRequired":true,"valueName":"search_term_string"}}],"inLanguage":"de"},{"@type":"Organization","@id":"https:\/\/glowery.me\/#organization","name":"Glowery","url":"https:\/\/glowery.me\/","logo":{"@type":"ImageObject","inLanguage":"de","@id":"https:\/\/glowery.me\/#\/schema\/logo\/image\/","url":"https:\/\/glowery.me\/wp-content\/uploads\/2025\/05\/Glowery-e1746421067847.png","contentUrl":"https:\/\/glowery.me\/wp-content\/uploads\/2025\/05\/Glowery-e1746421067847.png","width":494,"height":146,"caption":"Glowery"},"image":{"@id":"https:\/\/glowery.me\/#\/schema\/logo\/image\/"},"sameAs":["https:\/\/www.facebook.com\/profile.php?id=61575866108739","https:\/\/www.instagram.com\/glowery.me","https:\/\/www.tiktok.com\/@glowery.me?_t=ZN-8wLhgUVkGCk&_r=1"]}]}},"jetpack_sharing_enabled":true,"_links":{"self":[{"href":"https:\/\/glowery.me\/de\/wp-json\/wp\/v2\/product\/24726","targetHints":{"allow":["GET"]}}],"collection":[{"href":"https:\/\/glowery.me\/de\/wp-json\/wp\/v2\/product"}],"about":[{"href":"https:\/\/glowery.me\/de\/wp-json\/wp\/v2\/types\/product"}],"replies":[{"embeddable":true,"href":"https:\/\/glowery.me\/de\/wp-json\/wp\/v2\/comments?post=24726"}],"wp:featuredmedia":[{"embeddable":true,"href":"https:\/\/glowery.me\/de\/wp-json\/wp\/v2\/media\/13642"}],"wp:attachment":[{"href":"https:\/\/glowery.me\/de\/wp-json\/wp\/v2\/media?parent=24726"}],"wp:term":[{"taxonomy":"product_brand","embeddable":true,"href":"https:\/\/glowery.me\/de\/wp-json\/wp\/v2\/product_brand?post=24726"},{"taxonomy":"product_cat","embeddable":true,"href":"https:\/\/glowery.me\/de\/wp-json\/wp\/v2\/product_cat?post=24726"},{"taxonomy":"product_tag","embeddable":true,"href":"https:\/\/glowery.me\/de\/wp-json\/wp\/v2\/product_tag?post=24726"}],"curies":[{"name":"wp","href":"https:\/\/api.w.org\/{rel}","templated":true}]}}