{"id":24831,"date":"2025-04-26T19:37:00","date_gmt":"2025-04-26T19:37:00","guid":{"rendered":"https:\/\/glowery.me\/produkt\/gefaltetes-armband\/"},"modified":"2025-04-26T19:37:00","modified_gmt":"2025-04-26T19:37:00","slug":"gefaltetes-armband","status":"publish","type":"product","link":"https:\/\/glowery.me\/de\/produkt\/gefaltetes-armband\/","title":{"rendered":"Gefaltetes Armband"},"content":{"rendered":"<p>Das Folded Armband geh\u00f6rt zu der beliebtesten Schmuckkollektion der estnischen Schmuckmarke Lisa Kroeber Jewellery, die in Estland handgefertigt wird. Das Material des Armbands ist pulverbeschichtetes Messing. <\/p>\n<p>Lisa Kroeber Jewellery ist eine Schmuckmarke der deutschen Schmuckdesignerin Lisa Lohu. Vor Jahren, nachdem sie ihr Schmuckdesign-Studium in Deutschland abgeschlossen hatte, zog Lisa nach Estland und gr\u00fcndete ihre Schmuckmarke. Inzwischen ist Lisa Kroeber Jewellery zu einem Familienunternehmen herangewachsen, in dem neben Lisa auch Vater Viljar, die S\u00f6hne Uku und Ekke und nat\u00fcrlich die Katze Mau zur Familie geh\u00f6ren.  <\/p>\n<ul>\n<li>\n<p>Materjal: Messing<\/p>\n<\/li>\n<li>\n<p>Einheitsgr\u00f6\u00dfe: 7 x 5 x 2 cm, leicht biegbar<\/p>\n<\/li>\n<li>\n<p>Gewicht: 32 g<\/p>\n<\/li>\n<li>\n<p>Die Halskette ist in einer Geschenkbox verpackt<\/p>\n<\/li>\n<li>\n<p>Entworfen und hergestellt von Hand in Estland<\/p>\n<\/li>\n<\/ul>\n","protected":false},"excerpt":{"rendered":"<p>Das Folded Armband geh\u00f6rt zu der beliebtesten Schmuckkollektion der estnischen Schmuckmarke Lisa Kroeber Jewellery, die in Estland handgefertigt wird. Das Material des Armbands ist pulverbeschichtetes Messing. <\/p>\n<p>Lisa Kroeber Jewellery ist eine Schmuckmarke der deutschen Schmuckdesignerin Lisa Lohu. Vor Jahren, nachdem sie ihr Schmuckdesign-Studium in Deutschland abgeschlossen hatte, zog Lisa nach Estland und gr\u00fcndete ihre Schmuckmarke. Inzwischen ist Lisa Kroeber Jewellery zu einem Familienunternehmen herangewachsen, in dem neben Lisa auch Vater Viljar, die S\u00f6hne Uku und Ekke und nat\u00fcrlich die Katze Mau zur Familie geh\u00f6ren.  <\/p>\n<ul>\n<li>\n<p>Materjal: Messing<\/p>\n<\/li>\n<li>\n<p>Einheitsgr\u00f6\u00dfe: 7 x 5 x 2 cm, leicht biegbar<\/p>\n<\/li>\n<li>\n<p>Gewicht: 32 g<\/p>\n<\/li>\n<li>\n<p>Die Halskette ist in einer Geschenkbox verpackt<\/p>\n<\/li>\n<li>\n<p>Entworfen und hergestellt von Hand in Estland<\/p>\n<\/li>\n<\/ul>\n","protected":false},"featured_media":13594,"comment_status":"open","ping_status":"closed","template":"","meta":[],"product_brand":[],"product_cat":[154,126],"product_tag":[],"class_list":{"0":"post-24831","1":"product","2":"type-product","3":"status-publish","4":"has-post-thumbnail","6":"product_cat-armbander","7":"product_cat-schmuck","9":"first","10":"instock","11":"shipping-taxable","12":"purchasable","13":"product-type-variable"},"yoast_head":"<!-- This site is optimized with the Yoast SEO plugin v25.3 - https:\/\/yoast.com\/wordpress\/plugins\/seo\/ -->\n<title>Gefaltetes Armband - Glowery<\/title>\n<meta name=\"robots\" content=\"index, follow, max-snippet:-1, max-image-preview:large, max-video-preview:-1\" \/>\n<link rel=\"canonical\" href=\"https:\/\/glowery.me\/de\/produkt\/gefaltetes-armband\/\" \/>\n<meta property=\"og:locale\" content=\"de_DE\" \/>\n<meta property=\"og:type\" content=\"article\" \/>\n<meta property=\"og:title\" content=\"Gefaltetes Armband - Glowery\" \/>\n<meta property=\"og:description\" content=\"Das Folded Armband geh\u00f6rt zu der beliebtesten Schmuckkollektion der estnischen Schmuckmarke Lisa Kroeber Jewellery, die in Estland handgefertigt wird. Das Material des Armbands ist pulverbeschichtetes Messing. Lisa Kroeber Jewellery ist eine Schmuckmarke der deutschen Schmuckdesignerin Lisa Lohu. Vor Jahren, nachdem sie ihr Schmuckdesign-Studium in Deutschland abgeschlossen hatte, zog Lisa nach Estland und gr\u00fcndete ihre Schmuckmarke. Inzwischen ist Lisa Kroeber Jewellery zu einem Familienunternehmen herangewachsen, in dem neben Lisa auch Vater Viljar, die S\u00f6hne Uku und Ekke und nat\u00fcrlich die Katze Mau zur Familie geh\u00f6ren. Materjal: MessingEinheitsgr\u00f6\u00dfe: 7 x 5 x 2 cm, leicht biegbarGewicht: 32 gDie Halskette ist in einer Geschenkbox verpacktEntworfen und hergestellt von Hand in Estland\" \/>\n<meta property=\"og:url\" content=\"https:\/\/glowery.me\/de\/produkt\/gefaltetes-armband\/\" \/>\n<meta property=\"og:site_name\" content=\"Glowery\" \/>\n<meta property=\"article:publisher\" content=\"https:\/\/www.facebook.com\/profile.php?id=61575866108739\" \/>\n<meta property=\"og:image\" content=\"https:\/\/glowery.me\/wp-content\/uploads\/2025\/04\/kaevoru_jet-black.png\" \/>\n\t<meta property=\"og:image:width\" content=\"1632\" \/>\n\t<meta property=\"og:image:height\" content=\"1632\" \/>\n\t<meta property=\"og:image:type\" content=\"image\/png\" \/>\n<meta name=\"twitter:card\" content=\"summary_large_image\" \/>\n<meta name=\"twitter:label1\" content=\"Gesch\u00e4tzte Lesezeit\" \/>\n\t<meta name=\"twitter:data1\" content=\"1\u00a0Minute\" \/>\n<script type=\"application\/ld+json\" class=\"yoast-schema-graph\">{\"@context\":\"https:\/\/schema.org\",\"@graph\":[{\"@type\":\"WebPage\",\"@id\":\"https:\/\/glowery.me\/de\/produkt\/gefaltetes-armband\/\",\"url\":\"https:\/\/glowery.me\/de\/produkt\/gefaltetes-armband\/\",\"name\":\"Gefaltetes Armband - Glowery\",\"isPartOf\":{\"@id\":\"https:\/\/glowery.me\/#website\"},\"primaryImageOfPage\":{\"@id\":\"https:\/\/glowery.me\/de\/produkt\/gefaltetes-armband\/#primaryimage\"},\"image\":{\"@id\":\"https:\/\/glowery.me\/de\/produkt\/gefaltetes-armband\/#primaryimage\"},\"thumbnailUrl\":\"https:\/\/glowery.me\/wp-content\/uploads\/2025\/04\/kaevoru_jet-black.png\",\"datePublished\":\"2025-04-26T19:37:00+00:00\",\"breadcrumb\":{\"@id\":\"https:\/\/glowery.me\/de\/produkt\/gefaltetes-armband\/#breadcrumb\"},\"inLanguage\":\"de\",\"potentialAction\":[{\"@type\":\"ReadAction\",\"target\":[\"https:\/\/glowery.me\/de\/produkt\/gefaltetes-armband\/\"]}]},{\"@type\":\"ImageObject\",\"inLanguage\":\"de\",\"@id\":\"https:\/\/glowery.me\/de\/produkt\/gefaltetes-armband\/#primaryimage\",\"url\":\"https:\/\/glowery.me\/wp-content\/uploads\/2025\/04\/kaevoru_jet-black.png\",\"contentUrl\":\"https:\/\/glowery.me\/wp-content\/uploads\/2025\/04\/kaevoru_jet-black.png\",\"width\":1632,\"height\":1632},{\"@type\":\"BreadcrumbList\",\"@id\":\"https:\/\/glowery.me\/de\/produkt\/gefaltetes-armband\/#breadcrumb\",\"itemListElement\":[{\"@type\":\"ListItem\",\"position\":1,\"name\":\"Home\",\"item\":\"https:\/\/glowery.me\/de\/startseite\/\"},{\"@type\":\"ListItem\",\"position\":2,\"name\":\"Shop\",\"item\":\"https:\/\/glowery.me\/de\/shop\/\"},{\"@type\":\"ListItem\",\"position\":3,\"name\":\"Gefaltetes Armband\"}]},{\"@type\":\"WebSite\",\"@id\":\"https:\/\/glowery.me\/#website\",\"url\":\"https:\/\/glowery.me\/\",\"name\":\"Glowery\",\"description\":\"Stilvolle Essentials \u2013 von zeitlosem Schmuck \u00fcber elegante Taschen und Schuhe bis hin zu ausgew\u00e4hlten Kleidern und nat\u00fcrlicher Kosmetik.\",\"publisher\":{\"@id\":\"https:\/\/glowery.me\/#organization\"},\"potentialAction\":[{\"@type\":\"SearchAction\",\"target\":{\"@type\":\"EntryPoint\",\"urlTemplate\":\"https:\/\/glowery.me\/?s={search_term_string}\"},\"query-input\":{\"@type\":\"PropertyValueSpecification\",\"valueRequired\":true,\"valueName\":\"search_term_string\"}}],\"inLanguage\":\"de\"},{\"@type\":\"Organization\",\"@id\":\"https:\/\/glowery.me\/#organization\",\"name\":\"Glowery\",\"url\":\"https:\/\/glowery.me\/\",\"logo\":{\"@type\":\"ImageObject\",\"inLanguage\":\"de\",\"@id\":\"https:\/\/glowery.me\/#\/schema\/logo\/image\/\",\"url\":\"https:\/\/glowery.me\/wp-content\/uploads\/2025\/05\/Glowery-e1746421067847.png\",\"contentUrl\":\"https:\/\/glowery.me\/wp-content\/uploads\/2025\/05\/Glowery-e1746421067847.png\",\"width\":494,\"height\":146,\"caption\":\"Glowery\"},\"image\":{\"@id\":\"https:\/\/glowery.me\/#\/schema\/logo\/image\/\"},\"sameAs\":[\"https:\/\/www.facebook.com\/profile.php?id=61575866108739\",\"https:\/\/www.instagram.com\/glowery.me\",\"https:\/\/www.tiktok.com\/@glowery.me?_t=ZN-8wLhgUVkGCk&_r=1\"]}]}<\/script>\n<!-- \/ Yoast SEO plugin. -->","yoast_head_json":{"title":"Gefaltetes Armband - Glowery","robots":{"index":"index","follow":"follow","max-snippet":"max-snippet:-1","max-image-preview":"max-image-preview:large","max-video-preview":"max-video-preview:-1"},"canonical":"https:\/\/glowery.me\/de\/produkt\/gefaltetes-armband\/","og_locale":"de_DE","og_type":"article","og_title":"Gefaltetes Armband - Glowery","og_description":"Das Folded Armband geh\u00f6rt zu der beliebtesten Schmuckkollektion der estnischen Schmuckmarke Lisa Kroeber Jewellery, die in Estland handgefertigt wird. Das Material des Armbands ist pulverbeschichtetes Messing. Lisa Kroeber Jewellery ist eine Schmuckmarke der deutschen Schmuckdesignerin Lisa Lohu. Vor Jahren, nachdem sie ihr Schmuckdesign-Studium in Deutschland abgeschlossen hatte, zog Lisa nach Estland und gr\u00fcndete ihre Schmuckmarke. Inzwischen ist Lisa Kroeber Jewellery zu einem Familienunternehmen herangewachsen, in dem neben Lisa auch Vater Viljar, die S\u00f6hne Uku und Ekke und nat\u00fcrlich die Katze Mau zur Familie geh\u00f6ren. Materjal: MessingEinheitsgr\u00f6\u00dfe: 7 x 5 x 2 cm, leicht biegbarGewicht: 32 gDie Halskette ist in einer Geschenkbox verpacktEntworfen und hergestellt von Hand in Estland","og_url":"https:\/\/glowery.me\/de\/produkt\/gefaltetes-armband\/","og_site_name":"Glowery","article_publisher":"https:\/\/www.facebook.com\/profile.php?id=61575866108739","og_image":[{"width":1632,"height":1632,"url":"https:\/\/glowery.me\/wp-content\/uploads\/2025\/04\/kaevoru_jet-black.png","type":"image\/png"}],"twitter_card":"summary_large_image","twitter_misc":{"Gesch\u00e4tzte Lesezeit":"1\u00a0Minute"},"schema":{"@context":"https:\/\/schema.org","@graph":[{"@type":"WebPage","@id":"https:\/\/glowery.me\/de\/produkt\/gefaltetes-armband\/","url":"https:\/\/glowery.me\/de\/produkt\/gefaltetes-armband\/","name":"Gefaltetes Armband - Glowery","isPartOf":{"@id":"https:\/\/glowery.me\/#website"},"primaryImageOfPage":{"@id":"https:\/\/glowery.me\/de\/produkt\/gefaltetes-armband\/#primaryimage"},"image":{"@id":"https:\/\/glowery.me\/de\/produkt\/gefaltetes-armband\/#primaryimage"},"thumbnailUrl":"https:\/\/glowery.me\/wp-content\/uploads\/2025\/04\/kaevoru_jet-black.png","datePublished":"2025-04-26T19:37:00+00:00","breadcrumb":{"@id":"https:\/\/glowery.me\/de\/produkt\/gefaltetes-armband\/#breadcrumb"},"inLanguage":"de","potentialAction":[{"@type":"ReadAction","target":["https:\/\/glowery.me\/de\/produkt\/gefaltetes-armband\/"]}]},{"@type":"ImageObject","inLanguage":"de","@id":"https:\/\/glowery.me\/de\/produkt\/gefaltetes-armband\/#primaryimage","url":"https:\/\/glowery.me\/wp-content\/uploads\/2025\/04\/kaevoru_jet-black.png","contentUrl":"https:\/\/glowery.me\/wp-content\/uploads\/2025\/04\/kaevoru_jet-black.png","width":1632,"height":1632},{"@type":"BreadcrumbList","@id":"https:\/\/glowery.me\/de\/produkt\/gefaltetes-armband\/#breadcrumb","itemListElement":[{"@type":"ListItem","position":1,"name":"Home","item":"https:\/\/glowery.me\/de\/startseite\/"},{"@type":"ListItem","position":2,"name":"Shop","item":"https:\/\/glowery.me\/de\/shop\/"},{"@type":"ListItem","position":3,"name":"Gefaltetes Armband"}]},{"@type":"WebSite","@id":"https:\/\/glowery.me\/#website","url":"https:\/\/glowery.me\/","name":"Glowery","description":"Stilvolle Essentials \u2013 von zeitlosem Schmuck \u00fcber elegante Taschen und Schuhe bis hin zu ausgew\u00e4hlten Kleidern und nat\u00fcrlicher Kosmetik.","publisher":{"@id":"https:\/\/glowery.me\/#organization"},"potentialAction":[{"@type":"SearchAction","target":{"@type":"EntryPoint","urlTemplate":"https:\/\/glowery.me\/?s={search_term_string}"},"query-input":{"@type":"PropertyValueSpecification","valueRequired":true,"valueName":"search_term_string"}}],"inLanguage":"de"},{"@type":"Organization","@id":"https:\/\/glowery.me\/#organization","name":"Glowery","url":"https:\/\/glowery.me\/","logo":{"@type":"ImageObject","inLanguage":"de","@id":"https:\/\/glowery.me\/#\/schema\/logo\/image\/","url":"https:\/\/glowery.me\/wp-content\/uploads\/2025\/05\/Glowery-e1746421067847.png","contentUrl":"https:\/\/glowery.me\/wp-content\/uploads\/2025\/05\/Glowery-e1746421067847.png","width":494,"height":146,"caption":"Glowery"},"image":{"@id":"https:\/\/glowery.me\/#\/schema\/logo\/image\/"},"sameAs":["https:\/\/www.facebook.com\/profile.php?id=61575866108739","https:\/\/www.instagram.com\/glowery.me","https:\/\/www.tiktok.com\/@glowery.me?_t=ZN-8wLhgUVkGCk&_r=1"]}]}},"jetpack_sharing_enabled":true,"_links":{"self":[{"href":"https:\/\/glowery.me\/de\/wp-json\/wp\/v2\/product\/24831","targetHints":{"allow":["GET"]}}],"collection":[{"href":"https:\/\/glowery.me\/de\/wp-json\/wp\/v2\/product"}],"about":[{"href":"https:\/\/glowery.me\/de\/wp-json\/wp\/v2\/types\/product"}],"replies":[{"embeddable":true,"href":"https:\/\/glowery.me\/de\/wp-json\/wp\/v2\/comments?post=24831"}],"wp:featuredmedia":[{"embeddable":true,"href":"https:\/\/glowery.me\/de\/wp-json\/wp\/v2\/media\/13594"}],"wp:attachment":[{"href":"https:\/\/glowery.me\/de\/wp-json\/wp\/v2\/media?parent=24831"}],"wp:term":[{"taxonomy":"product_brand","embeddable":true,"href":"https:\/\/glowery.me\/de\/wp-json\/wp\/v2\/product_brand?post=24831"},{"taxonomy":"product_cat","embeddable":true,"href":"https:\/\/glowery.me\/de\/wp-json\/wp\/v2\/product_cat?post=24831"},{"taxonomy":"product_tag","embeddable":true,"href":"https:\/\/glowery.me\/de\/wp-json\/wp\/v2\/product_tag?post=24831"}],"curies":[{"name":"wp","href":"https:\/\/api.w.org\/{rel}","templated":true}]}}