{"id":25046,"date":"2025-04-26T19:38:00","date_gmt":"2025-04-26T19:38:00","guid":{"rendered":"https:\/\/glowery.me\/produkt\/halskette-mit-anhaenger-ohne-botschaft\/"},"modified":"2025-04-26T19:38:00","modified_gmt":"2025-04-26T19:38:00","slug":"halskette-mit-anhaenger-ohne-botschaft","status":"publish","type":"product","link":"https:\/\/glowery.me\/de\/produkt\/halskette-mit-anhaenger-ohne-botschaft\/","title":{"rendered":"Halskette mit Anh\u00e4nger &#8211; ohne Botschaft"},"content":{"rendered":"<p> <strong> OLLA-Halsketten<\/strong> werden sorgf\u00e4ltig aus rostfreiem Stahl und in High-Tech-Verfahren poliert, um Haltbarkeit und lang anhaltendes Aussehen zu gew\u00e4hrleisten. Gut gepflegte Halsketten behalten ihren urspr\u00fcnglichen Farbton \u00fcber Jahre hinweg. Vermeiden Sie Feuchtigkeit und den Kontakt mit Kosmetika und Haushaltschemikalien. Reinigen Sie den Schmuck bei Bedarf mit einem Baumwoll- oder Samttuch.   <\/p>\n<ul>\n<li>L\u00e4nge der Halskette: 50 cm<\/li>\n<li>Erh\u00e4ltlich in: Silber, Ros\u00e9gold, Gold<\/li>\n<\/ul>\n","protected":false},"excerpt":{"rendered":"<p> <strong> OLLA-Halsketten<\/strong> werden sorgf\u00e4ltig aus rostfreiem Stahl und in High-Tech-Verfahren poliert, um Haltbarkeit und lang anhaltendes Aussehen zu gew\u00e4hrleisten. Gut gepflegte Halsketten behalten ihren urspr\u00fcnglichen Farbton \u00fcber Jahre hinweg. Vermeiden Sie Feuchtigkeit und den Kontakt mit Kosmetika und Haushaltschemikalien. Reinigen Sie den Schmuck bei Bedarf mit einem Baumwoll- oder Samttuch.   <\/p>\n<ul>\n<li>L\u00e4nge der Halskette: 50 cm<\/li>\n<li>Erh\u00e4ltlich in: Silber, Ros\u00e9gold, Gold<\/li>\n<\/ul>\n","protected":false},"featured_media":14032,"comment_status":"open","ping_status":"closed","template":"","meta":[],"product_brand":[],"product_cat":[127,126],"product_tag":[],"class_list":{"0":"post-25046","1":"product","2":"type-product","3":"status-publish","4":"has-post-thumbnail","6":"product_cat-halsketten-de","7":"product_cat-schmuck","9":"first","10":"instock","11":"shipping-taxable","12":"purchasable","13":"product-type-variable"},"yoast_head":"<!-- This site is optimized with the Yoast SEO plugin v25.3 - https:\/\/yoast.com\/wordpress\/plugins\/seo\/ -->\n<title>Halskette mit Anh\u00e4nger - ohne Botschaft - Glowery<\/title>\n<meta name=\"robots\" content=\"index, follow, max-snippet:-1, max-image-preview:large, max-video-preview:-1\" \/>\n<link rel=\"canonical\" href=\"https:\/\/glowery.me\/de\/produkt\/halskette-mit-anhaenger-ohne-botschaft\/\" \/>\n<meta property=\"og:locale\" content=\"de_DE\" \/>\n<meta property=\"og:type\" content=\"article\" \/>\n<meta property=\"og:title\" content=\"Halskette mit Anh\u00e4nger - ohne Botschaft - Glowery\" \/>\n<meta property=\"og:description\" content=\"OLLA-Halsketten werden sorgf\u00e4ltig aus rostfreiem Stahl und in High-Tech-Verfahren poliert, um Haltbarkeit und lang anhaltendes Aussehen zu gew\u00e4hrleisten. Gut gepflegte Halsketten behalten ihren urspr\u00fcnglichen Farbton \u00fcber Jahre hinweg. Vermeiden Sie Feuchtigkeit und den Kontakt mit Kosmetika und Haushaltschemikalien. Reinigen Sie den Schmuck bei Bedarf mit einem Baumwoll- oder Samttuch.   L\u00e4nge der Halskette: 50 cm Erh\u00e4ltlich in: Silber, Ros\u00e9gold, Gold\" \/>\n<meta property=\"og:url\" content=\"https:\/\/glowery.me\/de\/produkt\/halskette-mit-anhaenger-ohne-botschaft\/\" \/>\n<meta property=\"og:site_name\" content=\"Glowery\" \/>\n<meta property=\"article:publisher\" content=\"https:\/\/www.facebook.com\/profile.php?id=61575866108739\" \/>\n<meta property=\"og:image\" content=\"https:\/\/glowery.me\/wp-content\/uploads\/2025\/04\/puhas-pulgake_r.jpg\" \/>\n\t<meta property=\"og:image:width\" content=\"1047\" \/>\n\t<meta property=\"og:image:height\" content=\"1047\" \/>\n\t<meta property=\"og:image:type\" content=\"image\/jpeg\" \/>\n<meta name=\"twitter:card\" content=\"summary_large_image\" \/>\n<script type=\"application\/ld+json\" class=\"yoast-schema-graph\">{\"@context\":\"https:\/\/schema.org\",\"@graph\":[{\"@type\":\"WebPage\",\"@id\":\"https:\/\/glowery.me\/de\/produkt\/halskette-mit-anhaenger-ohne-botschaft\/\",\"url\":\"https:\/\/glowery.me\/de\/produkt\/halskette-mit-anhaenger-ohne-botschaft\/\",\"name\":\"Halskette mit Anh\u00e4nger - ohne Botschaft - Glowery\",\"isPartOf\":{\"@id\":\"https:\/\/glowery.me\/#website\"},\"primaryImageOfPage\":{\"@id\":\"https:\/\/glowery.me\/de\/produkt\/halskette-mit-anhaenger-ohne-botschaft\/#primaryimage\"},\"image\":{\"@id\":\"https:\/\/glowery.me\/de\/produkt\/halskette-mit-anhaenger-ohne-botschaft\/#primaryimage\"},\"thumbnailUrl\":\"https:\/\/glowery.me\/wp-content\/uploads\/2025\/04\/puhas-pulgake_r.jpg\",\"datePublished\":\"2025-04-26T19:38:00+00:00\",\"breadcrumb\":{\"@id\":\"https:\/\/glowery.me\/de\/produkt\/halskette-mit-anhaenger-ohne-botschaft\/#breadcrumb\"},\"inLanguage\":\"de\",\"potentialAction\":[{\"@type\":\"ReadAction\",\"target\":[\"https:\/\/glowery.me\/de\/produkt\/halskette-mit-anhaenger-ohne-botschaft\/\"]}]},{\"@type\":\"ImageObject\",\"inLanguage\":\"de\",\"@id\":\"https:\/\/glowery.me\/de\/produkt\/halskette-mit-anhaenger-ohne-botschaft\/#primaryimage\",\"url\":\"https:\/\/glowery.me\/wp-content\/uploads\/2025\/04\/puhas-pulgake_r.jpg\",\"contentUrl\":\"https:\/\/glowery.me\/wp-content\/uploads\/2025\/04\/puhas-pulgake_r.jpg\",\"width\":1047,\"height\":1047},{\"@type\":\"BreadcrumbList\",\"@id\":\"https:\/\/glowery.me\/de\/produkt\/halskette-mit-anhaenger-ohne-botschaft\/#breadcrumb\",\"itemListElement\":[{\"@type\":\"ListItem\",\"position\":1,\"name\":\"Home\",\"item\":\"https:\/\/glowery.me\/de\/startseite\/\"},{\"@type\":\"ListItem\",\"position\":2,\"name\":\"Shop\",\"item\":\"https:\/\/glowery.me\/de\/shop\/\"},{\"@type\":\"ListItem\",\"position\":3,\"name\":\"Halskette mit Anh\u00e4nger &#8211; ohne Botschaft\"}]},{\"@type\":\"WebSite\",\"@id\":\"https:\/\/glowery.me\/#website\",\"url\":\"https:\/\/glowery.me\/\",\"name\":\"Glowery\",\"description\":\"Stilvolle Essentials \u2013 von zeitlosem Schmuck \u00fcber elegante Taschen und Schuhe bis hin zu ausgew\u00e4hlten Kleidern und nat\u00fcrlicher Kosmetik.\",\"publisher\":{\"@id\":\"https:\/\/glowery.me\/#organization\"},\"potentialAction\":[{\"@type\":\"SearchAction\",\"target\":{\"@type\":\"EntryPoint\",\"urlTemplate\":\"https:\/\/glowery.me\/?s={search_term_string}\"},\"query-input\":{\"@type\":\"PropertyValueSpecification\",\"valueRequired\":true,\"valueName\":\"search_term_string\"}}],\"inLanguage\":\"de\"},{\"@type\":\"Organization\",\"@id\":\"https:\/\/glowery.me\/#organization\",\"name\":\"Glowery\",\"url\":\"https:\/\/glowery.me\/\",\"logo\":{\"@type\":\"ImageObject\",\"inLanguage\":\"de\",\"@id\":\"https:\/\/glowery.me\/#\/schema\/logo\/image\/\",\"url\":\"https:\/\/glowery.me\/wp-content\/uploads\/2025\/05\/Glowery-e1746421067847.png\",\"contentUrl\":\"https:\/\/glowery.me\/wp-content\/uploads\/2025\/05\/Glowery-e1746421067847.png\",\"width\":494,\"height\":146,\"caption\":\"Glowery\"},\"image\":{\"@id\":\"https:\/\/glowery.me\/#\/schema\/logo\/image\/\"},\"sameAs\":[\"https:\/\/www.facebook.com\/profile.php?id=61575866108739\",\"https:\/\/www.instagram.com\/glowery.me\",\"https:\/\/www.tiktok.com\/@glowery.me?_t=ZN-8wLhgUVkGCk&_r=1\"]}]}<\/script>\n<!-- \/ Yoast SEO plugin. -->","yoast_head_json":{"title":"Halskette mit Anh\u00e4nger - ohne Botschaft - Glowery","robots":{"index":"index","follow":"follow","max-snippet":"max-snippet:-1","max-image-preview":"max-image-preview:large","max-video-preview":"max-video-preview:-1"},"canonical":"https:\/\/glowery.me\/de\/produkt\/halskette-mit-anhaenger-ohne-botschaft\/","og_locale":"de_DE","og_type":"article","og_title":"Halskette mit Anh\u00e4nger - ohne Botschaft - Glowery","og_description":"OLLA-Halsketten werden sorgf\u00e4ltig aus rostfreiem Stahl und in High-Tech-Verfahren poliert, um Haltbarkeit und lang anhaltendes Aussehen zu gew\u00e4hrleisten. Gut gepflegte Halsketten behalten ihren urspr\u00fcnglichen Farbton \u00fcber Jahre hinweg. Vermeiden Sie Feuchtigkeit und den Kontakt mit Kosmetika und Haushaltschemikalien. Reinigen Sie den Schmuck bei Bedarf mit einem Baumwoll- oder Samttuch.   L\u00e4nge der Halskette: 50 cm Erh\u00e4ltlich in: Silber, Ros\u00e9gold, Gold","og_url":"https:\/\/glowery.me\/de\/produkt\/halskette-mit-anhaenger-ohne-botschaft\/","og_site_name":"Glowery","article_publisher":"https:\/\/www.facebook.com\/profile.php?id=61575866108739","og_image":[{"width":1047,"height":1047,"url":"https:\/\/glowery.me\/wp-content\/uploads\/2025\/04\/puhas-pulgake_r.jpg","type":"image\/jpeg"}],"twitter_card":"summary_large_image","schema":{"@context":"https:\/\/schema.org","@graph":[{"@type":"WebPage","@id":"https:\/\/glowery.me\/de\/produkt\/halskette-mit-anhaenger-ohne-botschaft\/","url":"https:\/\/glowery.me\/de\/produkt\/halskette-mit-anhaenger-ohne-botschaft\/","name":"Halskette mit Anh\u00e4nger - ohne Botschaft - Glowery","isPartOf":{"@id":"https:\/\/glowery.me\/#website"},"primaryImageOfPage":{"@id":"https:\/\/glowery.me\/de\/produkt\/halskette-mit-anhaenger-ohne-botschaft\/#primaryimage"},"image":{"@id":"https:\/\/glowery.me\/de\/produkt\/halskette-mit-anhaenger-ohne-botschaft\/#primaryimage"},"thumbnailUrl":"https:\/\/glowery.me\/wp-content\/uploads\/2025\/04\/puhas-pulgake_r.jpg","datePublished":"2025-04-26T19:38:00+00:00","breadcrumb":{"@id":"https:\/\/glowery.me\/de\/produkt\/halskette-mit-anhaenger-ohne-botschaft\/#breadcrumb"},"inLanguage":"de","potentialAction":[{"@type":"ReadAction","target":["https:\/\/glowery.me\/de\/produkt\/halskette-mit-anhaenger-ohne-botschaft\/"]}]},{"@type":"ImageObject","inLanguage":"de","@id":"https:\/\/glowery.me\/de\/produkt\/halskette-mit-anhaenger-ohne-botschaft\/#primaryimage","url":"https:\/\/glowery.me\/wp-content\/uploads\/2025\/04\/puhas-pulgake_r.jpg","contentUrl":"https:\/\/glowery.me\/wp-content\/uploads\/2025\/04\/puhas-pulgake_r.jpg","width":1047,"height":1047},{"@type":"BreadcrumbList","@id":"https:\/\/glowery.me\/de\/produkt\/halskette-mit-anhaenger-ohne-botschaft\/#breadcrumb","itemListElement":[{"@type":"ListItem","position":1,"name":"Home","item":"https:\/\/glowery.me\/de\/startseite\/"},{"@type":"ListItem","position":2,"name":"Shop","item":"https:\/\/glowery.me\/de\/shop\/"},{"@type":"ListItem","position":3,"name":"Halskette mit Anh\u00e4nger &#8211; ohne Botschaft"}]},{"@type":"WebSite","@id":"https:\/\/glowery.me\/#website","url":"https:\/\/glowery.me\/","name":"Glowery","description":"Stilvolle Essentials \u2013 von zeitlosem Schmuck \u00fcber elegante Taschen und Schuhe bis hin zu ausgew\u00e4hlten Kleidern und nat\u00fcrlicher Kosmetik.","publisher":{"@id":"https:\/\/glowery.me\/#organization"},"potentialAction":[{"@type":"SearchAction","target":{"@type":"EntryPoint","urlTemplate":"https:\/\/glowery.me\/?s={search_term_string}"},"query-input":{"@type":"PropertyValueSpecification","valueRequired":true,"valueName":"search_term_string"}}],"inLanguage":"de"},{"@type":"Organization","@id":"https:\/\/glowery.me\/#organization","name":"Glowery","url":"https:\/\/glowery.me\/","logo":{"@type":"ImageObject","inLanguage":"de","@id":"https:\/\/glowery.me\/#\/schema\/logo\/image\/","url":"https:\/\/glowery.me\/wp-content\/uploads\/2025\/05\/Glowery-e1746421067847.png","contentUrl":"https:\/\/glowery.me\/wp-content\/uploads\/2025\/05\/Glowery-e1746421067847.png","width":494,"height":146,"caption":"Glowery"},"image":{"@id":"https:\/\/glowery.me\/#\/schema\/logo\/image\/"},"sameAs":["https:\/\/www.facebook.com\/profile.php?id=61575866108739","https:\/\/www.instagram.com\/glowery.me","https:\/\/www.tiktok.com\/@glowery.me?_t=ZN-8wLhgUVkGCk&_r=1"]}]}},"jetpack_sharing_enabled":true,"_links":{"self":[{"href":"https:\/\/glowery.me\/de\/wp-json\/wp\/v2\/product\/25046","targetHints":{"allow":["GET"]}}],"collection":[{"href":"https:\/\/glowery.me\/de\/wp-json\/wp\/v2\/product"}],"about":[{"href":"https:\/\/glowery.me\/de\/wp-json\/wp\/v2\/types\/product"}],"replies":[{"embeddable":true,"href":"https:\/\/glowery.me\/de\/wp-json\/wp\/v2\/comments?post=25046"}],"wp:featuredmedia":[{"embeddable":true,"href":"https:\/\/glowery.me\/de\/wp-json\/wp\/v2\/media\/14032"}],"wp:attachment":[{"href":"https:\/\/glowery.me\/de\/wp-json\/wp\/v2\/media?parent=25046"}],"wp:term":[{"taxonomy":"product_brand","embeddable":true,"href":"https:\/\/glowery.me\/de\/wp-json\/wp\/v2\/product_brand?post=25046"},{"taxonomy":"product_cat","embeddable":true,"href":"https:\/\/glowery.me\/de\/wp-json\/wp\/v2\/product_cat?post=25046"},{"taxonomy":"product_tag","embeddable":true,"href":"https:\/\/glowery.me\/de\/wp-json\/wp\/v2\/product_tag?post=25046"}],"curies":[{"name":"wp","href":"https:\/\/api.w.org\/{rel}","templated":true}]}}