{"id":25114,"date":"2025-04-26T19:38:00","date_gmt":"2025-04-26T19:38:00","guid":{"rendered":"https:\/\/glowery.me\/produkt\/halskette-spring-myosotis-mit-perlen\/"},"modified":"2025-04-26T19:38:00","modified_gmt":"2025-04-26T19:38:00","slug":"halskette-spring-myosotis-mit-perlen","status":"publish","type":"product","link":"https:\/\/glowery.me\/de\/produkt\/halskette-spring-myosotis-mit-perlen\/","title":{"rendered":"Halskette &#8211; SPRING Myosotis mit Perlen"},"content":{"rendered":"<p><strong>Die Halskette mit Vergissmeinnicht und Perlen<\/strong> ist aus der <strong>SPRING Kollektion von Agnes Veski Jewellery<\/strong>. Agnes Veski Jewellery l\u00e4sst sich von der Natur inspirieren und setzt dabei sowohl traditionelle Goldschmiedetechniken als auch unerwartete Metallverarbeitungstechnologien ein. <\/p>\n<p>Die SPRING Kollektion ist inspiriert von der Frische des Fr\u00fchlings und der aufkommenden Sch\u00f6nheit der Natur. Alle Schmuckst\u00fccke sind handgefertigt aus Silber und werden auf Bestellung hergestellt, mit einer Lieferzeit von bis zu 3 Wochen. <\/p>\n<ul>\n<li>Material: 925 Silber, Perle<\/li>\n<li>L\u00e4nge der Kette: 40 cm<\/li>\n<li>Gewicht: ~5,1 g<\/li>\n<li>Das St\u00fcck ist in einer Geschenkbox verpackt.<\/li>\n<li>Handgefertigt in Estland.<\/li>\n<\/ul>\n<p>Lieferzeit (einschlie\u00dflich Produktion): 2-3 Wochen.<\/p>\n<p>\/\/<\/p>\n<p>EST:<\/p>\n<p>Kaelakee meelespea p\u00e4rlitega on Agnes Veski Jewellery kollektsioonist SPRING. Agnes Veski Jewellery ehted on inspireeritud loodusest. Autor kasutab nii traditsioonilisi kullassepa v\u00f5tteid kui ka ootamatuid metalli t\u00f6\u00f6tlemise tehnoloogiaid.  <\/p>\n<p><strong>SPRING kollektsiooni<\/strong> ehted on inspireeritud kevade v\u00e4rskusest ja t\u00e4rkavast loodusest. K\u00f5ik ehted on k\u00e4sitsi valmistatud h\u00f5bedast. Iga ehe valmib vastavalt tellimusele, tarneaeg on kuni 3 n\u00e4dalat.  <\/p>\n<ul>\n<li>Materjal: h\u00f5be 925, p\u00e4rl<\/li>\n<li>Keti pikkus: 40 cm<\/li>\n<li>Kaal: ~5.1 g<\/li>\n<li>Ehe auf pakitud kinkekarpi<\/li>\n<li>Valmistatud k\u00e4sit\u00f6\u00f6na Eestis<\/li>\n<\/ul>\n<p><em>Tarneaeg (koos valmistamisega): 2-3 n\u00e4dalat<\/em><\/p>\n","protected":false},"excerpt":{"rendered":"<p><strong>Die Halskette mit Vergissmeinnicht und Perlen<\/strong> ist aus der <strong>SPRING Kollektion von Agnes Veski Jewellery<\/strong>. Agnes Veski Jewellery l\u00e4sst sich von der Natur inspirieren und setzt dabei sowohl traditionelle Goldschmiedetechniken als auch unerwartete Metallverarbeitungstechnologien ein. <\/p>\n<p>Die SPRING Kollektion ist inspiriert von der Frische des Fr\u00fchlings und der aufkommenden Sch\u00f6nheit der Natur. Alle Schmuckst\u00fccke sind handgefertigt aus Silber und werden auf Bestellung hergestellt, mit einer Lieferzeit von bis zu 3 Wochen. <\/p>\n<ul>\n<li>Material: 925 Silber, Perle<\/li>\n<li>L\u00e4nge der Kette: 40 cm<\/li>\n<li>Gewicht: ~5,1 g<\/li>\n<li>Das St\u00fcck ist in einer Geschenkbox verpackt.<\/li>\n<li>Handgefertigt in Estland.<\/li>\n<\/ul>\n<p>Lieferzeit (einschlie\u00dflich Produktion): 2-3 Wochen.<\/p>\n<p>\/\/<\/p>\n<p>EST:<\/p>\n<p>Kaelakee meelespea p\u00e4rlitega on Agnes Veski Jewellery kollektsioonist SPRING. Agnes Veski Jewellery ehted on inspireeritud loodusest. Autor kasutab nii traditsioonilisi kullassepa v\u00f5tteid kui ka ootamatuid metalli t\u00f6\u00f6tlemise tehnoloogiaid.  <\/p>\n<p><strong>SPRING kollektsiooni<\/strong> ehted on inspireeritud kevade v\u00e4rskusest ja t\u00e4rkavast loodusest. K\u00f5ik ehted on k\u00e4sitsi valmistatud h\u00f5bedast. Iga ehe valmib vastavalt tellimusele, tarneaeg on kuni 3 n\u00e4dalat.  <\/p>\n<ul>\n<li>Materjal: h\u00f5be 925, p\u00e4rl<\/li>\n<li>Keti pikkus: 40 cm<\/li>\n<li>Kaal: ~5.1 g<\/li>\n<li>Ehe auf pakitud kinkekarpi<\/li>\n<li>Valmistatud k\u00e4sit\u00f6\u00f6na Eestis<\/li>\n<\/ul>\n<p><em>Tarneaeg (koos valmistamisega): 2-3 n\u00e4dalat<\/em><\/p>\n","protected":false},"featured_media":13678,"comment_status":"open","ping_status":"closed","template":"","meta":[],"product_brand":[],"product_cat":[127,126],"product_tag":[],"class_list":{"0":"post-25114","1":"product","2":"type-product","3":"status-publish","4":"has-post-thumbnail","6":"product_cat-halsketten-de","7":"product_cat-schmuck","9":"first","10":"instock","11":"shipping-taxable","12":"purchasable","13":"product-type-simple"},"yoast_head":"<!-- This site is optimized with the Yoast SEO plugin v25.3 - https:\/\/yoast.com\/wordpress\/plugins\/seo\/ -->\n<title>Halskette - SPRING Myosotis mit Perlen - Glowery<\/title>\n<meta name=\"robots\" content=\"index, follow, max-snippet:-1, max-image-preview:large, max-video-preview:-1\" \/>\n<link rel=\"canonical\" href=\"https:\/\/glowery.me\/de\/produkt\/halskette-spring-myosotis-mit-perlen\/\" \/>\n<meta property=\"og:locale\" content=\"de_DE\" \/>\n<meta property=\"og:type\" content=\"article\" \/>\n<meta property=\"og:title\" content=\"Halskette - SPRING Myosotis mit Perlen - Glowery\" \/>\n<meta property=\"og:description\" content=\"Die Halskette mit Vergissmeinnicht und Perlen ist aus der SPRING Kollektion von Agnes Veski Jewellery. Agnes Veski Jewellery l\u00e4sst sich von der Natur inspirieren und setzt dabei sowohl traditionelle Goldschmiedetechniken als auch unerwartete Metallverarbeitungstechnologien ein. Die SPRING Kollektion ist inspiriert von der Frische des Fr\u00fchlings und der aufkommenden Sch\u00f6nheit der Natur. Alle Schmuckst\u00fccke sind handgefertigt aus Silber und werden auf Bestellung hergestellt, mit einer Lieferzeit von bis zu 3 Wochen.  Material: 925 Silber, Perle L\u00e4nge der Kette: 40 cm Gewicht: ~5,1 g Das St\u00fcck ist in einer Geschenkbox verpackt. Handgefertigt in Estland. Lieferzeit (einschlie\u00dflich Produktion): 2-3 Wochen. \/\/ EST: Kaelakee meelespea p\u00e4rlitega on Agnes Veski Jewellery kollektsioonist SPRING. Agnes Veski Jewellery ehted on inspireeritud loodusest. Autor kasutab nii traditsioonilisi kullassepa v\u00f5tteid kui ka ootamatuid metalli t\u00f6\u00f6tlemise tehnoloogiaid.  SPRING kollektsiooni ehted on inspireeritud kevade v\u00e4rskusest ja t\u00e4rkavast loodusest. K\u00f5ik ehted on k\u00e4sitsi valmistatud h\u00f5bedast. Iga ehe valmib vastavalt tellimusele, tarneaeg on kuni 3 n\u00e4dalat.  Materjal: h\u00f5be 925, p\u00e4rl Keti pikkus: 40 cm Kaal: ~5.1 g Ehe auf pakitud kinkekarpi Valmistatud k\u00e4sit\u00f6\u00f6na Eestis Tarneaeg (koos valmistamisega): 2-3 n\u00e4dalat\" \/>\n<meta property=\"og:url\" content=\"https:\/\/glowery.me\/de\/produkt\/halskette-spring-myosotis-mit-perlen\/\" \/>\n<meta property=\"og:site_name\" content=\"Glowery\" \/>\n<meta property=\"article:publisher\" content=\"https:\/\/www.facebook.com\/profile.php?id=61575866108739\" \/>\n<meta property=\"og:image\" content=\"https:\/\/glowery.me\/wp-content\/uploads\/2025\/04\/SpringMeelespeaParlKaelB.jpg\" \/>\n\t<meta property=\"og:image:width\" content=\"1946\" \/>\n\t<meta property=\"og:image:height\" content=\"1946\" \/>\n\t<meta property=\"og:image:type\" content=\"image\/jpeg\" \/>\n<meta name=\"twitter:card\" content=\"summary_large_image\" \/>\n<meta name=\"twitter:label1\" content=\"Gesch\u00e4tzte Lesezeit\" \/>\n\t<meta name=\"twitter:data1\" content=\"1\u00a0Minute\" \/>\n<script type=\"application\/ld+json\" class=\"yoast-schema-graph\">{\"@context\":\"https:\/\/schema.org\",\"@graph\":[{\"@type\":\"WebPage\",\"@id\":\"https:\/\/glowery.me\/de\/produkt\/halskette-spring-myosotis-mit-perlen\/\",\"url\":\"https:\/\/glowery.me\/de\/produkt\/halskette-spring-myosotis-mit-perlen\/\",\"name\":\"Halskette - SPRING Myosotis mit Perlen - Glowery\",\"isPartOf\":{\"@id\":\"https:\/\/glowery.me\/#website\"},\"primaryImageOfPage\":{\"@id\":\"https:\/\/glowery.me\/de\/produkt\/halskette-spring-myosotis-mit-perlen\/#primaryimage\"},\"image\":{\"@id\":\"https:\/\/glowery.me\/de\/produkt\/halskette-spring-myosotis-mit-perlen\/#primaryimage\"},\"thumbnailUrl\":\"https:\/\/glowery.me\/wp-content\/uploads\/2025\/04\/SpringMeelespeaParlKaelB.jpg\",\"datePublished\":\"2025-04-26T19:38:00+00:00\",\"breadcrumb\":{\"@id\":\"https:\/\/glowery.me\/de\/produkt\/halskette-spring-myosotis-mit-perlen\/#breadcrumb\"},\"inLanguage\":\"de\",\"potentialAction\":[{\"@type\":\"ReadAction\",\"target\":[\"https:\/\/glowery.me\/de\/produkt\/halskette-spring-myosotis-mit-perlen\/\"]}]},{\"@type\":\"ImageObject\",\"inLanguage\":\"de\",\"@id\":\"https:\/\/glowery.me\/de\/produkt\/halskette-spring-myosotis-mit-perlen\/#primaryimage\",\"url\":\"https:\/\/glowery.me\/wp-content\/uploads\/2025\/04\/SpringMeelespeaParlKaelB.jpg\",\"contentUrl\":\"https:\/\/glowery.me\/wp-content\/uploads\/2025\/04\/SpringMeelespeaParlKaelB.jpg\",\"width\":1946,\"height\":1946},{\"@type\":\"BreadcrumbList\",\"@id\":\"https:\/\/glowery.me\/de\/produkt\/halskette-spring-myosotis-mit-perlen\/#breadcrumb\",\"itemListElement\":[{\"@type\":\"ListItem\",\"position\":1,\"name\":\"Home\",\"item\":\"https:\/\/glowery.me\/de\/startseite\/\"},{\"@type\":\"ListItem\",\"position\":2,\"name\":\"Shop\",\"item\":\"https:\/\/glowery.me\/de\/shop\/\"},{\"@type\":\"ListItem\",\"position\":3,\"name\":\"Halskette &#8211; SPRING Myosotis mit Perlen\"}]},{\"@type\":\"WebSite\",\"@id\":\"https:\/\/glowery.me\/#website\",\"url\":\"https:\/\/glowery.me\/\",\"name\":\"Glowery\",\"description\":\"Stilvolle Essentials \u2013 von zeitlosem Schmuck \u00fcber elegante Taschen und Schuhe bis hin zu ausgew\u00e4hlten Kleidern und nat\u00fcrlicher Kosmetik.\",\"publisher\":{\"@id\":\"https:\/\/glowery.me\/#organization\"},\"potentialAction\":[{\"@type\":\"SearchAction\",\"target\":{\"@type\":\"EntryPoint\",\"urlTemplate\":\"https:\/\/glowery.me\/?s={search_term_string}\"},\"query-input\":{\"@type\":\"PropertyValueSpecification\",\"valueRequired\":true,\"valueName\":\"search_term_string\"}}],\"inLanguage\":\"de\"},{\"@type\":\"Organization\",\"@id\":\"https:\/\/glowery.me\/#organization\",\"name\":\"Glowery\",\"url\":\"https:\/\/glowery.me\/\",\"logo\":{\"@type\":\"ImageObject\",\"inLanguage\":\"de\",\"@id\":\"https:\/\/glowery.me\/#\/schema\/logo\/image\/\",\"url\":\"https:\/\/glowery.me\/wp-content\/uploads\/2025\/05\/Glowery-e1746421067847.png\",\"contentUrl\":\"https:\/\/glowery.me\/wp-content\/uploads\/2025\/05\/Glowery-e1746421067847.png\",\"width\":494,\"height\":146,\"caption\":\"Glowery\"},\"image\":{\"@id\":\"https:\/\/glowery.me\/#\/schema\/logo\/image\/\"},\"sameAs\":[\"https:\/\/www.facebook.com\/profile.php?id=61575866108739\",\"https:\/\/www.instagram.com\/glowery.me\",\"https:\/\/www.tiktok.com\/@glowery.me?_t=ZN-8wLhgUVkGCk&_r=1\"]}]}<\/script>\n<!-- \/ Yoast SEO plugin. -->","yoast_head_json":{"title":"Halskette - SPRING Myosotis mit Perlen - Glowery","robots":{"index":"index","follow":"follow","max-snippet":"max-snippet:-1","max-image-preview":"max-image-preview:large","max-video-preview":"max-video-preview:-1"},"canonical":"https:\/\/glowery.me\/de\/produkt\/halskette-spring-myosotis-mit-perlen\/","og_locale":"de_DE","og_type":"article","og_title":"Halskette - SPRING Myosotis mit Perlen - Glowery","og_description":"Die Halskette mit Vergissmeinnicht und Perlen ist aus der SPRING Kollektion von Agnes Veski Jewellery. Agnes Veski Jewellery l\u00e4sst sich von der Natur inspirieren und setzt dabei sowohl traditionelle Goldschmiedetechniken als auch unerwartete Metallverarbeitungstechnologien ein. Die SPRING Kollektion ist inspiriert von der Frische des Fr\u00fchlings und der aufkommenden Sch\u00f6nheit der Natur. Alle Schmuckst\u00fccke sind handgefertigt aus Silber und werden auf Bestellung hergestellt, mit einer Lieferzeit von bis zu 3 Wochen.  Material: 925 Silber, Perle L\u00e4nge der Kette: 40 cm Gewicht: ~5,1 g Das St\u00fcck ist in einer Geschenkbox verpackt. Handgefertigt in Estland. Lieferzeit (einschlie\u00dflich Produktion): 2-3 Wochen. \/\/ EST: Kaelakee meelespea p\u00e4rlitega on Agnes Veski Jewellery kollektsioonist SPRING. Agnes Veski Jewellery ehted on inspireeritud loodusest. Autor kasutab nii traditsioonilisi kullassepa v\u00f5tteid kui ka ootamatuid metalli t\u00f6\u00f6tlemise tehnoloogiaid.  SPRING kollektsiooni ehted on inspireeritud kevade v\u00e4rskusest ja t\u00e4rkavast loodusest. K\u00f5ik ehted on k\u00e4sitsi valmistatud h\u00f5bedast. Iga ehe valmib vastavalt tellimusele, tarneaeg on kuni 3 n\u00e4dalat.  Materjal: h\u00f5be 925, p\u00e4rl Keti pikkus: 40 cm Kaal: ~5.1 g Ehe auf pakitud kinkekarpi Valmistatud k\u00e4sit\u00f6\u00f6na Eestis Tarneaeg (koos valmistamisega): 2-3 n\u00e4dalat","og_url":"https:\/\/glowery.me\/de\/produkt\/halskette-spring-myosotis-mit-perlen\/","og_site_name":"Glowery","article_publisher":"https:\/\/www.facebook.com\/profile.php?id=61575866108739","og_image":[{"width":1946,"height":1946,"url":"https:\/\/glowery.me\/wp-content\/uploads\/2025\/04\/SpringMeelespeaParlKaelB.jpg","type":"image\/jpeg"}],"twitter_card":"summary_large_image","twitter_misc":{"Gesch\u00e4tzte Lesezeit":"1\u00a0Minute"},"schema":{"@context":"https:\/\/schema.org","@graph":[{"@type":"WebPage","@id":"https:\/\/glowery.me\/de\/produkt\/halskette-spring-myosotis-mit-perlen\/","url":"https:\/\/glowery.me\/de\/produkt\/halskette-spring-myosotis-mit-perlen\/","name":"Halskette - SPRING Myosotis mit Perlen - Glowery","isPartOf":{"@id":"https:\/\/glowery.me\/#website"},"primaryImageOfPage":{"@id":"https:\/\/glowery.me\/de\/produkt\/halskette-spring-myosotis-mit-perlen\/#primaryimage"},"image":{"@id":"https:\/\/glowery.me\/de\/produkt\/halskette-spring-myosotis-mit-perlen\/#primaryimage"},"thumbnailUrl":"https:\/\/glowery.me\/wp-content\/uploads\/2025\/04\/SpringMeelespeaParlKaelB.jpg","datePublished":"2025-04-26T19:38:00+00:00","breadcrumb":{"@id":"https:\/\/glowery.me\/de\/produkt\/halskette-spring-myosotis-mit-perlen\/#breadcrumb"},"inLanguage":"de","potentialAction":[{"@type":"ReadAction","target":["https:\/\/glowery.me\/de\/produkt\/halskette-spring-myosotis-mit-perlen\/"]}]},{"@type":"ImageObject","inLanguage":"de","@id":"https:\/\/glowery.me\/de\/produkt\/halskette-spring-myosotis-mit-perlen\/#primaryimage","url":"https:\/\/glowery.me\/wp-content\/uploads\/2025\/04\/SpringMeelespeaParlKaelB.jpg","contentUrl":"https:\/\/glowery.me\/wp-content\/uploads\/2025\/04\/SpringMeelespeaParlKaelB.jpg","width":1946,"height":1946},{"@type":"BreadcrumbList","@id":"https:\/\/glowery.me\/de\/produkt\/halskette-spring-myosotis-mit-perlen\/#breadcrumb","itemListElement":[{"@type":"ListItem","position":1,"name":"Home","item":"https:\/\/glowery.me\/de\/startseite\/"},{"@type":"ListItem","position":2,"name":"Shop","item":"https:\/\/glowery.me\/de\/shop\/"},{"@type":"ListItem","position":3,"name":"Halskette &#8211; SPRING Myosotis mit Perlen"}]},{"@type":"WebSite","@id":"https:\/\/glowery.me\/#website","url":"https:\/\/glowery.me\/","name":"Glowery","description":"Stilvolle Essentials \u2013 von zeitlosem Schmuck \u00fcber elegante Taschen und Schuhe bis hin zu ausgew\u00e4hlten Kleidern und nat\u00fcrlicher Kosmetik.","publisher":{"@id":"https:\/\/glowery.me\/#organization"},"potentialAction":[{"@type":"SearchAction","target":{"@type":"EntryPoint","urlTemplate":"https:\/\/glowery.me\/?s={search_term_string}"},"query-input":{"@type":"PropertyValueSpecification","valueRequired":true,"valueName":"search_term_string"}}],"inLanguage":"de"},{"@type":"Organization","@id":"https:\/\/glowery.me\/#organization","name":"Glowery","url":"https:\/\/glowery.me\/","logo":{"@type":"ImageObject","inLanguage":"de","@id":"https:\/\/glowery.me\/#\/schema\/logo\/image\/","url":"https:\/\/glowery.me\/wp-content\/uploads\/2025\/05\/Glowery-e1746421067847.png","contentUrl":"https:\/\/glowery.me\/wp-content\/uploads\/2025\/05\/Glowery-e1746421067847.png","width":494,"height":146,"caption":"Glowery"},"image":{"@id":"https:\/\/glowery.me\/#\/schema\/logo\/image\/"},"sameAs":["https:\/\/www.facebook.com\/profile.php?id=61575866108739","https:\/\/www.instagram.com\/glowery.me","https:\/\/www.tiktok.com\/@glowery.me?_t=ZN-8wLhgUVkGCk&_r=1"]}]}},"jetpack_sharing_enabled":true,"_links":{"self":[{"href":"https:\/\/glowery.me\/de\/wp-json\/wp\/v2\/product\/25114","targetHints":{"allow":["GET"]}}],"collection":[{"href":"https:\/\/glowery.me\/de\/wp-json\/wp\/v2\/product"}],"about":[{"href":"https:\/\/glowery.me\/de\/wp-json\/wp\/v2\/types\/product"}],"replies":[{"embeddable":true,"href":"https:\/\/glowery.me\/de\/wp-json\/wp\/v2\/comments?post=25114"}],"wp:featuredmedia":[{"embeddable":true,"href":"https:\/\/glowery.me\/de\/wp-json\/wp\/v2\/media\/13678"}],"wp:attachment":[{"href":"https:\/\/glowery.me\/de\/wp-json\/wp\/v2\/media?parent=25114"}],"wp:term":[{"taxonomy":"product_brand","embeddable":true,"href":"https:\/\/glowery.me\/de\/wp-json\/wp\/v2\/product_brand?post=25114"},{"taxonomy":"product_cat","embeddable":true,"href":"https:\/\/glowery.me\/de\/wp-json\/wp\/v2\/product_cat?post=25114"},{"taxonomy":"product_tag","embeddable":true,"href":"https:\/\/glowery.me\/de\/wp-json\/wp\/v2\/product_tag?post=25114"}],"curies":[{"name":"wp","href":"https:\/\/api.w.org\/{rel}","templated":true}]}}