{"id":25166,"date":"2025-04-26T19:38:00","date_gmt":"2025-04-26T19:38:00","guid":{"rendered":"https:\/\/glowery.me\/produkt\/seidenband-armband-superwoman\/"},"modified":"2025-04-26T19:38:00","modified_gmt":"2025-04-26T19:38:00","slug":"seidenband-armband-superwoman","status":"publish","type":"product","link":"https:\/\/glowery.me\/de\/produkt\/seidenband-armband-superwoman\/","title":{"rendered":"Seidenband-Armband &#8211; SUPERWOMAN"},"content":{"rendered":"<p><strong>Das Seidenbandarmband &#8222;SUPERWOMAN&#8220; von OLLA<\/strong> besteht aus zwei Teilen &#8211; einem Seidenband und einem Metallring mit eingravierter Botschaft. Das Seidenbandarmband ist in einer schicken Geschenkbox verpackt. <\/p>\n<p>Die Botschaft auf dem Ring ist auf beiden Seiten eingraviert, mit SUPERWOMAN auf der einen und dem INFINITY LOVE-Symbol auf der anderen Seite. Die OLLA Armb\u00e4nder werden sorgf\u00e4ltig aus Edelstahl und in High-Tech-Verfahren poliert, um Haltbarkeit und ein lang anhaltendes Aussehen zu gew\u00e4hrleisten. Die Botschaft wird deutlich und leserlich durch eine Tiefengravur eingraviert. Gut gepflegte Armb\u00e4nder behalten ihren urspr\u00fcnglichen Farbton \u00fcber Jahre hinweg. Vermeiden Sie Feuchtigkeit und den Kontakt mit Kosmetika und Haushaltschemikalien. Reinigen Sie den Schmuck bei Bedarf mit einem Baumwoll- oder Samttuch.     <\/p>\n<p>Das Band ist aus einem Seidenimitat mit einer satinierten Oberfl\u00e4che hergestellt. Das Seidenband kann auch als Accessoire im Haar, an einer Handtasche usw. getragen werden. <\/p>\n<ul>\n<li>Durchmesser des Rings: 3 cm<\/li>\n<li>Ma\u00dfe des Bandes: 90cm x 5cm<\/li>\n<li>Ring erh\u00e4ltlich in: Silber, Ros\u00e9gold, Gold<\/li>\n<li>Band erh\u00e4ltlich in: schwarz, rosa, dunkelrot<\/li>\n<\/ul>\n","protected":false},"excerpt":{"rendered":"<p><strong>Das Seidenbandarmband &#8222;SUPERWOMAN&#8220; von OLLA<\/strong> besteht aus zwei Teilen &#8211; einem Seidenband und einem Metallring mit eingravierter Botschaft. Das Seidenbandarmband ist in einer schicken Geschenkbox verpackt. <\/p>\n<p>Die Botschaft auf dem Ring ist auf beiden Seiten eingraviert, mit SUPERWOMAN auf der einen und dem INFINITY LOVE-Symbol auf der anderen Seite. Die OLLA Armb\u00e4nder werden sorgf\u00e4ltig aus Edelstahl und in High-Tech-Verfahren poliert, um Haltbarkeit und ein lang anhaltendes Aussehen zu gew\u00e4hrleisten. Die Botschaft wird deutlich und leserlich durch eine Tiefengravur eingraviert. Gut gepflegte Armb\u00e4nder behalten ihren urspr\u00fcnglichen Farbton \u00fcber Jahre hinweg. Vermeiden Sie Feuchtigkeit und den Kontakt mit Kosmetika und Haushaltschemikalien. Reinigen Sie den Schmuck bei Bedarf mit einem Baumwoll- oder Samttuch.     <\/p>\n<p>Das Band ist aus einem Seidenimitat mit einer satinierten Oberfl\u00e4che hergestellt. Das Seidenband kann auch als Accessoire im Haar, an einer Handtasche usw. getragen werden. <\/p>\n<ul>\n<li>Durchmesser des Rings: 3 cm<\/li>\n<li>Ma\u00dfe des Bandes: 90cm x 5cm<\/li>\n<li>Ring erh\u00e4ltlich in: Silber, Ros\u00e9gold, Gold<\/li>\n<li>Band erh\u00e4ltlich in: schwarz, rosa, dunkelrot<\/li>\n<\/ul>\n","protected":false},"featured_media":13927,"comment_status":"open","ping_status":"closed","template":"","meta":[],"product_brand":[],"product_cat":[154,126],"product_tag":[],"class_list":{"0":"post-25166","1":"product","2":"type-product","3":"status-publish","4":"has-post-thumbnail","6":"product_cat-armbander","7":"product_cat-schmuck","9":"first","10":"instock","11":"shipping-taxable","12":"purchasable","13":"product-type-variable"},"yoast_head":"<!-- This site is optimized with the Yoast SEO plugin v25.3 - https:\/\/yoast.com\/wordpress\/plugins\/seo\/ -->\n<title>Seidenband-Armband - SUPERWOMAN - Glowery<\/title>\n<meta name=\"robots\" content=\"index, follow, max-snippet:-1, max-image-preview:large, max-video-preview:-1\" \/>\n<link rel=\"canonical\" href=\"https:\/\/glowery.me\/de\/produkt\/seidenband-armband-superwoman\/\" \/>\n<meta property=\"og:locale\" content=\"de_DE\" \/>\n<meta property=\"og:type\" content=\"article\" \/>\n<meta property=\"og:title\" content=\"Seidenband-Armband - SUPERWOMAN - Glowery\" \/>\n<meta property=\"og:description\" content=\"Das Seidenbandarmband &quot;SUPERWOMAN&quot; von OLLA besteht aus zwei Teilen - einem Seidenband und einem Metallring mit eingravierter Botschaft. Das Seidenbandarmband ist in einer schicken Geschenkbox verpackt. Die Botschaft auf dem Ring ist auf beiden Seiten eingraviert, mit SUPERWOMAN auf der einen und dem INFINITY LOVE-Symbol auf der anderen Seite. Die OLLA Armb\u00e4nder werden sorgf\u00e4ltig aus Edelstahl und in High-Tech-Verfahren poliert, um Haltbarkeit und ein lang anhaltendes Aussehen zu gew\u00e4hrleisten. Die Botschaft wird deutlich und leserlich durch eine Tiefengravur eingraviert. Gut gepflegte Armb\u00e4nder behalten ihren urspr\u00fcnglichen Farbton \u00fcber Jahre hinweg. Vermeiden Sie Feuchtigkeit und den Kontakt mit Kosmetika und Haushaltschemikalien. Reinigen Sie den Schmuck bei Bedarf mit einem Baumwoll- oder Samttuch.   Das Band ist aus einem Seidenimitat mit einer satinierten Oberfl\u00e4che hergestellt. Das Seidenband kann auch als Accessoire im Haar, an einer Handtasche usw. getragen werden.  Durchmesser des Rings: 3 cm Ma\u00dfe des Bandes: 90cm x 5cm Ring erh\u00e4ltlich in: Silber, Ros\u00e9gold, Gold Band erh\u00e4ltlich in: schwarz, rosa, dunkelrot\" \/>\n<meta property=\"og:url\" content=\"https:\/\/glowery.me\/de\/produkt\/seidenband-armband-superwoman\/\" \/>\n<meta property=\"og:site_name\" content=\"Glowery\" \/>\n<meta property=\"article:publisher\" content=\"https:\/\/www.facebook.com\/profile.php?id=61575866108739\" \/>\n<meta property=\"og:image\" content=\"https:\/\/glowery.me\/wp-content\/uploads\/2025\/04\/145537338_172828407595990_2438513719116086184_n-scaled-600x900-1-1.jpg\" \/>\n\t<meta property=\"og:image:width\" content=\"600\" \/>\n\t<meta property=\"og:image:height\" content=\"900\" \/>\n\t<meta property=\"og:image:type\" content=\"image\/jpeg\" \/>\n<meta name=\"twitter:card\" content=\"summary_large_image\" \/>\n<meta name=\"twitter:label1\" content=\"Gesch\u00e4tzte Lesezeit\" \/>\n\t<meta name=\"twitter:data1\" content=\"1\u00a0Minute\" \/>\n<script type=\"application\/ld+json\" class=\"yoast-schema-graph\">{\"@context\":\"https:\/\/schema.org\",\"@graph\":[{\"@type\":\"WebPage\",\"@id\":\"https:\/\/glowery.me\/de\/produkt\/seidenband-armband-superwoman\/\",\"url\":\"https:\/\/glowery.me\/de\/produkt\/seidenband-armband-superwoman\/\",\"name\":\"Seidenband-Armband - SUPERWOMAN - Glowery\",\"isPartOf\":{\"@id\":\"https:\/\/glowery.me\/#website\"},\"primaryImageOfPage\":{\"@id\":\"https:\/\/glowery.me\/de\/produkt\/seidenband-armband-superwoman\/#primaryimage\"},\"image\":{\"@id\":\"https:\/\/glowery.me\/de\/produkt\/seidenband-armband-superwoman\/#primaryimage\"},\"thumbnailUrl\":\"https:\/\/glowery.me\/wp-content\/uploads\/2025\/04\/145537338_172828407595990_2438513719116086184_n-scaled-600x900-1-1.jpg\",\"datePublished\":\"2025-04-26T19:38:00+00:00\",\"breadcrumb\":{\"@id\":\"https:\/\/glowery.me\/de\/produkt\/seidenband-armband-superwoman\/#breadcrumb\"},\"inLanguage\":\"de\",\"potentialAction\":[{\"@type\":\"ReadAction\",\"target\":[\"https:\/\/glowery.me\/de\/produkt\/seidenband-armband-superwoman\/\"]}]},{\"@type\":\"ImageObject\",\"inLanguage\":\"de\",\"@id\":\"https:\/\/glowery.me\/de\/produkt\/seidenband-armband-superwoman\/#primaryimage\",\"url\":\"https:\/\/glowery.me\/wp-content\/uploads\/2025\/04\/145537338_172828407595990_2438513719116086184_n-scaled-600x900-1-1.jpg\",\"contentUrl\":\"https:\/\/glowery.me\/wp-content\/uploads\/2025\/04\/145537338_172828407595990_2438513719116086184_n-scaled-600x900-1-1.jpg\",\"width\":600,\"height\":900},{\"@type\":\"BreadcrumbList\",\"@id\":\"https:\/\/glowery.me\/de\/produkt\/seidenband-armband-superwoman\/#breadcrumb\",\"itemListElement\":[{\"@type\":\"ListItem\",\"position\":1,\"name\":\"Home\",\"item\":\"https:\/\/glowery.me\/de\/startseite\/\"},{\"@type\":\"ListItem\",\"position\":2,\"name\":\"Shop\",\"item\":\"https:\/\/glowery.me\/de\/shop\/\"},{\"@type\":\"ListItem\",\"position\":3,\"name\":\"Seidenband-Armband &#8211; SUPERWOMAN\"}]},{\"@type\":\"WebSite\",\"@id\":\"https:\/\/glowery.me\/#website\",\"url\":\"https:\/\/glowery.me\/\",\"name\":\"Glowery\",\"description\":\"Stilvolle Essentials \u2013 von zeitlosem Schmuck \u00fcber elegante Taschen und Schuhe bis hin zu ausgew\u00e4hlten Kleidern und nat\u00fcrlicher Kosmetik.\",\"publisher\":{\"@id\":\"https:\/\/glowery.me\/#organization\"},\"potentialAction\":[{\"@type\":\"SearchAction\",\"target\":{\"@type\":\"EntryPoint\",\"urlTemplate\":\"https:\/\/glowery.me\/?s={search_term_string}\"},\"query-input\":{\"@type\":\"PropertyValueSpecification\",\"valueRequired\":true,\"valueName\":\"search_term_string\"}}],\"inLanguage\":\"de\"},{\"@type\":\"Organization\",\"@id\":\"https:\/\/glowery.me\/#organization\",\"name\":\"Glowery\",\"url\":\"https:\/\/glowery.me\/\",\"logo\":{\"@type\":\"ImageObject\",\"inLanguage\":\"de\",\"@id\":\"https:\/\/glowery.me\/#\/schema\/logo\/image\/\",\"url\":\"https:\/\/glowery.me\/wp-content\/uploads\/2025\/05\/Glowery-e1746421067847.png\",\"contentUrl\":\"https:\/\/glowery.me\/wp-content\/uploads\/2025\/05\/Glowery-e1746421067847.png\",\"width\":494,\"height\":146,\"caption\":\"Glowery\"},\"image\":{\"@id\":\"https:\/\/glowery.me\/#\/schema\/logo\/image\/\"},\"sameAs\":[\"https:\/\/www.facebook.com\/profile.php?id=61575866108739\",\"https:\/\/www.instagram.com\/glowery.me\",\"https:\/\/www.tiktok.com\/@glowery.me?_t=ZN-8wLhgUVkGCk&_r=1\"]}]}<\/script>\n<!-- \/ Yoast SEO plugin. -->","yoast_head_json":{"title":"Seidenband-Armband - SUPERWOMAN - Glowery","robots":{"index":"index","follow":"follow","max-snippet":"max-snippet:-1","max-image-preview":"max-image-preview:large","max-video-preview":"max-video-preview:-1"},"canonical":"https:\/\/glowery.me\/de\/produkt\/seidenband-armband-superwoman\/","og_locale":"de_DE","og_type":"article","og_title":"Seidenband-Armband - SUPERWOMAN - Glowery","og_description":"Das Seidenbandarmband \"SUPERWOMAN\" von OLLA besteht aus zwei Teilen - einem Seidenband und einem Metallring mit eingravierter Botschaft. Das Seidenbandarmband ist in einer schicken Geschenkbox verpackt. Die Botschaft auf dem Ring ist auf beiden Seiten eingraviert, mit SUPERWOMAN auf der einen und dem INFINITY LOVE-Symbol auf der anderen Seite. Die OLLA Armb\u00e4nder werden sorgf\u00e4ltig aus Edelstahl und in High-Tech-Verfahren poliert, um Haltbarkeit und ein lang anhaltendes Aussehen zu gew\u00e4hrleisten. Die Botschaft wird deutlich und leserlich durch eine Tiefengravur eingraviert. Gut gepflegte Armb\u00e4nder behalten ihren urspr\u00fcnglichen Farbton \u00fcber Jahre hinweg. Vermeiden Sie Feuchtigkeit und den Kontakt mit Kosmetika und Haushaltschemikalien. Reinigen Sie den Schmuck bei Bedarf mit einem Baumwoll- oder Samttuch.   Das Band ist aus einem Seidenimitat mit einer satinierten Oberfl\u00e4che hergestellt. Das Seidenband kann auch als Accessoire im Haar, an einer Handtasche usw. getragen werden.  Durchmesser des Rings: 3 cm Ma\u00dfe des Bandes: 90cm x 5cm Ring erh\u00e4ltlich in: Silber, Ros\u00e9gold, Gold Band erh\u00e4ltlich in: schwarz, rosa, dunkelrot","og_url":"https:\/\/glowery.me\/de\/produkt\/seidenband-armband-superwoman\/","og_site_name":"Glowery","article_publisher":"https:\/\/www.facebook.com\/profile.php?id=61575866108739","og_image":[{"width":600,"height":900,"url":"https:\/\/glowery.me\/wp-content\/uploads\/2025\/04\/145537338_172828407595990_2438513719116086184_n-scaled-600x900-1-1.jpg","type":"image\/jpeg"}],"twitter_card":"summary_large_image","twitter_misc":{"Gesch\u00e4tzte Lesezeit":"1\u00a0Minute"},"schema":{"@context":"https:\/\/schema.org","@graph":[{"@type":"WebPage","@id":"https:\/\/glowery.me\/de\/produkt\/seidenband-armband-superwoman\/","url":"https:\/\/glowery.me\/de\/produkt\/seidenband-armband-superwoman\/","name":"Seidenband-Armband - SUPERWOMAN - Glowery","isPartOf":{"@id":"https:\/\/glowery.me\/#website"},"primaryImageOfPage":{"@id":"https:\/\/glowery.me\/de\/produkt\/seidenband-armband-superwoman\/#primaryimage"},"image":{"@id":"https:\/\/glowery.me\/de\/produkt\/seidenband-armband-superwoman\/#primaryimage"},"thumbnailUrl":"https:\/\/glowery.me\/wp-content\/uploads\/2025\/04\/145537338_172828407595990_2438513719116086184_n-scaled-600x900-1-1.jpg","datePublished":"2025-04-26T19:38:00+00:00","breadcrumb":{"@id":"https:\/\/glowery.me\/de\/produkt\/seidenband-armband-superwoman\/#breadcrumb"},"inLanguage":"de","potentialAction":[{"@type":"ReadAction","target":["https:\/\/glowery.me\/de\/produkt\/seidenband-armband-superwoman\/"]}]},{"@type":"ImageObject","inLanguage":"de","@id":"https:\/\/glowery.me\/de\/produkt\/seidenband-armband-superwoman\/#primaryimage","url":"https:\/\/glowery.me\/wp-content\/uploads\/2025\/04\/145537338_172828407595990_2438513719116086184_n-scaled-600x900-1-1.jpg","contentUrl":"https:\/\/glowery.me\/wp-content\/uploads\/2025\/04\/145537338_172828407595990_2438513719116086184_n-scaled-600x900-1-1.jpg","width":600,"height":900},{"@type":"BreadcrumbList","@id":"https:\/\/glowery.me\/de\/produkt\/seidenband-armband-superwoman\/#breadcrumb","itemListElement":[{"@type":"ListItem","position":1,"name":"Home","item":"https:\/\/glowery.me\/de\/startseite\/"},{"@type":"ListItem","position":2,"name":"Shop","item":"https:\/\/glowery.me\/de\/shop\/"},{"@type":"ListItem","position":3,"name":"Seidenband-Armband &#8211; SUPERWOMAN"}]},{"@type":"WebSite","@id":"https:\/\/glowery.me\/#website","url":"https:\/\/glowery.me\/","name":"Glowery","description":"Stilvolle Essentials \u2013 von zeitlosem Schmuck \u00fcber elegante Taschen und Schuhe bis hin zu ausgew\u00e4hlten Kleidern und nat\u00fcrlicher Kosmetik.","publisher":{"@id":"https:\/\/glowery.me\/#organization"},"potentialAction":[{"@type":"SearchAction","target":{"@type":"EntryPoint","urlTemplate":"https:\/\/glowery.me\/?s={search_term_string}"},"query-input":{"@type":"PropertyValueSpecification","valueRequired":true,"valueName":"search_term_string"}}],"inLanguage":"de"},{"@type":"Organization","@id":"https:\/\/glowery.me\/#organization","name":"Glowery","url":"https:\/\/glowery.me\/","logo":{"@type":"ImageObject","inLanguage":"de","@id":"https:\/\/glowery.me\/#\/schema\/logo\/image\/","url":"https:\/\/glowery.me\/wp-content\/uploads\/2025\/05\/Glowery-e1746421067847.png","contentUrl":"https:\/\/glowery.me\/wp-content\/uploads\/2025\/05\/Glowery-e1746421067847.png","width":494,"height":146,"caption":"Glowery"},"image":{"@id":"https:\/\/glowery.me\/#\/schema\/logo\/image\/"},"sameAs":["https:\/\/www.facebook.com\/profile.php?id=61575866108739","https:\/\/www.instagram.com\/glowery.me","https:\/\/www.tiktok.com\/@glowery.me?_t=ZN-8wLhgUVkGCk&_r=1"]}]}},"jetpack_sharing_enabled":true,"_links":{"self":[{"href":"https:\/\/glowery.me\/de\/wp-json\/wp\/v2\/product\/25166","targetHints":{"allow":["GET"]}}],"collection":[{"href":"https:\/\/glowery.me\/de\/wp-json\/wp\/v2\/product"}],"about":[{"href":"https:\/\/glowery.me\/de\/wp-json\/wp\/v2\/types\/product"}],"replies":[{"embeddable":true,"href":"https:\/\/glowery.me\/de\/wp-json\/wp\/v2\/comments?post=25166"}],"wp:featuredmedia":[{"embeddable":true,"href":"https:\/\/glowery.me\/de\/wp-json\/wp\/v2\/media\/13927"}],"wp:attachment":[{"href":"https:\/\/glowery.me\/de\/wp-json\/wp\/v2\/media?parent=25166"}],"wp:term":[{"taxonomy":"product_brand","embeddable":true,"href":"https:\/\/glowery.me\/de\/wp-json\/wp\/v2\/product_brand?post=25166"},{"taxonomy":"product_cat","embeddable":true,"href":"https:\/\/glowery.me\/de\/wp-json\/wp\/v2\/product_cat?post=25166"},{"taxonomy":"product_tag","embeddable":true,"href":"https:\/\/glowery.me\/de\/wp-json\/wp\/v2\/product_tag?post=25166"}],"curies":[{"name":"wp","href":"https:\/\/api.w.org\/{rel}","templated":true}]}}