{"id":25379,"date":"2025-04-26T19:38:00","date_gmt":"2025-04-26T19:38:00","guid":{"rendered":"https:\/\/glowery.me\/produkt\/gefaltete-halskette-kurz\/"},"modified":"2025-04-26T19:38:00","modified_gmt":"2025-04-26T19:38:00","slug":"gefaltete-halskette-kurz","status":"publish","type":"product","link":"https:\/\/glowery.me\/de\/produkt\/gefaltete-halskette-kurz\/","title":{"rendered":"Gefaltete Halskette &#8211; Kurz"},"content":{"rendered":"<p>Die Folded Halskette ist Teil der beliebtesten Schmuckkollektion der estnischen Marke Lisa Kroeber Jewellery. Diese in Estland handgefertigte Halskette besteht aus Messing und Sterlingsilber (925). <\/p>\n<p>Lisa Kroeber Jewellery wurde von der deutschen Schmuckdesignerin Lisa Lohu gegr\u00fcndet. Nach dem Abschluss ihres Studiums der Schmuckgestaltung in Deutschland zog Lisa nach Estland, um ihre eigene Marke zu gr\u00fcnden. Heute ist Lisa Kroeber Jewellery zu einem Familienunternehmen herangewachsen, an dem Lisas Ehemann Viljar, ihre S\u00f6hne Uku und Ekke und nat\u00fcrlich ihre Katze Mau beteiligt sind.  <\/p>\n<p>Material: Messing, Sterling Silber (925)<br \/>Kettenl\u00e4nge: 45 cm<br \/>Gewicht: 19 g<br \/>Die Halskette wird in einer Geschenkbox geliefert<br \/>Entworfen und handgefertigt in Estland<\/p>\n","protected":false},"excerpt":{"rendered":"<p>Die Folded Halskette ist Teil der beliebtesten Schmuckkollektion der estnischen Marke Lisa Kroeber Jewellery. Diese in Estland handgefertigte Halskette besteht aus Messing und Sterlingsilber (925). <\/p>\n<p>Lisa Kroeber Jewellery wurde von der deutschen Schmuckdesignerin Lisa Lohu gegr\u00fcndet. Nach dem Abschluss ihres Studiums der Schmuckgestaltung in Deutschland zog Lisa nach Estland, um ihre eigene Marke zu gr\u00fcnden. Heute ist Lisa Kroeber Jewellery zu einem Familienunternehmen herangewachsen, an dem Lisas Ehemann Viljar, ihre S\u00f6hne Uku und Ekke und nat\u00fcrlich ihre Katze Mau beteiligt sind.  <\/p>\n<p>Material: Messing, Sterling Silber (925)<br \/>Kettenl\u00e4nge: 45 cm<br \/>Gewicht: 19 g<br \/>Die Halskette wird in einer Geschenkbox geliefert<br \/>Entworfen und handgefertigt in Estland<\/p>\n","protected":false},"featured_media":13765,"comment_status":"open","ping_status":"closed","template":"","meta":[],"product_brand":[],"product_cat":[127,126],"product_tag":[],"class_list":{"0":"post-25379","1":"product","2":"type-product","3":"status-publish","4":"has-post-thumbnail","6":"product_cat-halsketten-de","7":"product_cat-schmuck","9":"first","10":"instock","11":"shipping-taxable","12":"purchasable","13":"product-type-variable"},"yoast_head":"<!-- This site is optimized with the Yoast SEO plugin v25.3 - https:\/\/yoast.com\/wordpress\/plugins\/seo\/ -->\n<title>Gefaltete Halskette - Kurz - Glowery<\/title>\n<meta name=\"robots\" content=\"index, follow, max-snippet:-1, max-image-preview:large, max-video-preview:-1\" \/>\n<link rel=\"canonical\" href=\"https:\/\/glowery.me\/de\/produkt\/gefaltete-halskette-kurz\/\" \/>\n<meta property=\"og:locale\" content=\"de_DE\" \/>\n<meta property=\"og:type\" content=\"article\" \/>\n<meta property=\"og:title\" content=\"Gefaltete Halskette - Kurz - Glowery\" \/>\n<meta property=\"og:description\" content=\"Die Folded Halskette ist Teil der beliebtesten Schmuckkollektion der estnischen Marke Lisa Kroeber Jewellery. Diese in Estland handgefertigte Halskette besteht aus Messing und Sterlingsilber (925). Lisa Kroeber Jewellery wurde von der deutschen Schmuckdesignerin Lisa Lohu gegr\u00fcndet. Nach dem Abschluss ihres Studiums der Schmuckgestaltung in Deutschland zog Lisa nach Estland, um ihre eigene Marke zu gr\u00fcnden. Heute ist Lisa Kroeber Jewellery zu einem Familienunternehmen herangewachsen, an dem Lisas Ehemann Viljar, ihre S\u00f6hne Uku und Ekke und nat\u00fcrlich ihre Katze Mau beteiligt sind. Material: Messing, Sterling Silber (925)Kettenl\u00e4nge: 45 cmGewicht: 19 gDie Halskette wird in einer Geschenkbox geliefertEntworfen und handgefertigt in Estland\" \/>\n<meta property=\"og:url\" content=\"https:\/\/glowery.me\/de\/produkt\/gefaltete-halskette-kurz\/\" \/>\n<meta property=\"og:site_name\" content=\"Glowery\" \/>\n<meta property=\"article:publisher\" content=\"https:\/\/www.facebook.com\/profile.php?id=61575866108739\" \/>\n<meta property=\"og:image\" content=\"https:\/\/glowery.me\/wp-content\/uploads\/2025\/04\/Model-FNS-FW-7040-510x765-1.jpeg\" \/>\n\t<meta property=\"og:image:width\" content=\"510\" \/>\n\t<meta property=\"og:image:height\" content=\"765\" \/>\n\t<meta property=\"og:image:type\" content=\"image\/jpeg\" \/>\n<meta name=\"twitter:card\" content=\"summary_large_image\" \/>\n<meta name=\"twitter:label1\" content=\"Gesch\u00e4tzte Lesezeit\" \/>\n\t<meta name=\"twitter:data1\" content=\"1\u00a0Minute\" \/>\n<script type=\"application\/ld+json\" class=\"yoast-schema-graph\">{\"@context\":\"https:\/\/schema.org\",\"@graph\":[{\"@type\":\"WebPage\",\"@id\":\"https:\/\/glowery.me\/de\/produkt\/gefaltete-halskette-kurz\/\",\"url\":\"https:\/\/glowery.me\/de\/produkt\/gefaltete-halskette-kurz\/\",\"name\":\"Gefaltete Halskette - Kurz - Glowery\",\"isPartOf\":{\"@id\":\"https:\/\/glowery.me\/#website\"},\"primaryImageOfPage\":{\"@id\":\"https:\/\/glowery.me\/de\/produkt\/gefaltete-halskette-kurz\/#primaryimage\"},\"image\":{\"@id\":\"https:\/\/glowery.me\/de\/produkt\/gefaltete-halskette-kurz\/#primaryimage\"},\"thumbnailUrl\":\"https:\/\/glowery.me\/wp-content\/uploads\/2025\/04\/Model-FNS-FW-7040-510x765-1.jpeg\",\"datePublished\":\"2025-04-26T19:38:00+00:00\",\"breadcrumb\":{\"@id\":\"https:\/\/glowery.me\/de\/produkt\/gefaltete-halskette-kurz\/#breadcrumb\"},\"inLanguage\":\"de\",\"potentialAction\":[{\"@type\":\"ReadAction\",\"target\":[\"https:\/\/glowery.me\/de\/produkt\/gefaltete-halskette-kurz\/\"]}]},{\"@type\":\"ImageObject\",\"inLanguage\":\"de\",\"@id\":\"https:\/\/glowery.me\/de\/produkt\/gefaltete-halskette-kurz\/#primaryimage\",\"url\":\"https:\/\/glowery.me\/wp-content\/uploads\/2025\/04\/Model-FNS-FW-7040-510x765-1.jpeg\",\"contentUrl\":\"https:\/\/glowery.me\/wp-content\/uploads\/2025\/04\/Model-FNS-FW-7040-510x765-1.jpeg\",\"width\":510,\"height\":765},{\"@type\":\"BreadcrumbList\",\"@id\":\"https:\/\/glowery.me\/de\/produkt\/gefaltete-halskette-kurz\/#breadcrumb\",\"itemListElement\":[{\"@type\":\"ListItem\",\"position\":1,\"name\":\"Home\",\"item\":\"https:\/\/glowery.me\/de\/startseite\/\"},{\"@type\":\"ListItem\",\"position\":2,\"name\":\"Shop\",\"item\":\"https:\/\/glowery.me\/de\/shop\/\"},{\"@type\":\"ListItem\",\"position\":3,\"name\":\"Gefaltete Halskette &#8211; Kurz\"}]},{\"@type\":\"WebSite\",\"@id\":\"https:\/\/glowery.me\/#website\",\"url\":\"https:\/\/glowery.me\/\",\"name\":\"Glowery\",\"description\":\"Stilvolle Essentials \u2013 von zeitlosem Schmuck \u00fcber elegante Taschen und Schuhe bis hin zu ausgew\u00e4hlten Kleidern und nat\u00fcrlicher Kosmetik.\",\"publisher\":{\"@id\":\"https:\/\/glowery.me\/#organization\"},\"potentialAction\":[{\"@type\":\"SearchAction\",\"target\":{\"@type\":\"EntryPoint\",\"urlTemplate\":\"https:\/\/glowery.me\/?s={search_term_string}\"},\"query-input\":{\"@type\":\"PropertyValueSpecification\",\"valueRequired\":true,\"valueName\":\"search_term_string\"}}],\"inLanguage\":\"de\"},{\"@type\":\"Organization\",\"@id\":\"https:\/\/glowery.me\/#organization\",\"name\":\"Glowery\",\"url\":\"https:\/\/glowery.me\/\",\"logo\":{\"@type\":\"ImageObject\",\"inLanguage\":\"de\",\"@id\":\"https:\/\/glowery.me\/#\/schema\/logo\/image\/\",\"url\":\"https:\/\/glowery.me\/wp-content\/uploads\/2025\/05\/Glowery-e1746421067847.png\",\"contentUrl\":\"https:\/\/glowery.me\/wp-content\/uploads\/2025\/05\/Glowery-e1746421067847.png\",\"width\":494,\"height\":146,\"caption\":\"Glowery\"},\"image\":{\"@id\":\"https:\/\/glowery.me\/#\/schema\/logo\/image\/\"},\"sameAs\":[\"https:\/\/www.facebook.com\/profile.php?id=61575866108739\",\"https:\/\/www.instagram.com\/glowery.me\",\"https:\/\/www.tiktok.com\/@glowery.me?_t=ZN-8wLhgUVkGCk&_r=1\"]}]}<\/script>\n<!-- \/ Yoast SEO plugin. -->","yoast_head_json":{"title":"Gefaltete Halskette - Kurz - Glowery","robots":{"index":"index","follow":"follow","max-snippet":"max-snippet:-1","max-image-preview":"max-image-preview:large","max-video-preview":"max-video-preview:-1"},"canonical":"https:\/\/glowery.me\/de\/produkt\/gefaltete-halskette-kurz\/","og_locale":"de_DE","og_type":"article","og_title":"Gefaltete Halskette - Kurz - Glowery","og_description":"Die Folded Halskette ist Teil der beliebtesten Schmuckkollektion der estnischen Marke Lisa Kroeber Jewellery. Diese in Estland handgefertigte Halskette besteht aus Messing und Sterlingsilber (925). Lisa Kroeber Jewellery wurde von der deutschen Schmuckdesignerin Lisa Lohu gegr\u00fcndet. Nach dem Abschluss ihres Studiums der Schmuckgestaltung in Deutschland zog Lisa nach Estland, um ihre eigene Marke zu gr\u00fcnden. Heute ist Lisa Kroeber Jewellery zu einem Familienunternehmen herangewachsen, an dem Lisas Ehemann Viljar, ihre S\u00f6hne Uku und Ekke und nat\u00fcrlich ihre Katze Mau beteiligt sind. Material: Messing, Sterling Silber (925)Kettenl\u00e4nge: 45 cmGewicht: 19 gDie Halskette wird in einer Geschenkbox geliefertEntworfen und handgefertigt in Estland","og_url":"https:\/\/glowery.me\/de\/produkt\/gefaltete-halskette-kurz\/","og_site_name":"Glowery","article_publisher":"https:\/\/www.facebook.com\/profile.php?id=61575866108739","og_image":[{"width":510,"height":765,"url":"https:\/\/glowery.me\/wp-content\/uploads\/2025\/04\/Model-FNS-FW-7040-510x765-1.jpeg","type":"image\/jpeg"}],"twitter_card":"summary_large_image","twitter_misc":{"Gesch\u00e4tzte Lesezeit":"1\u00a0Minute"},"schema":{"@context":"https:\/\/schema.org","@graph":[{"@type":"WebPage","@id":"https:\/\/glowery.me\/de\/produkt\/gefaltete-halskette-kurz\/","url":"https:\/\/glowery.me\/de\/produkt\/gefaltete-halskette-kurz\/","name":"Gefaltete Halskette - Kurz - Glowery","isPartOf":{"@id":"https:\/\/glowery.me\/#website"},"primaryImageOfPage":{"@id":"https:\/\/glowery.me\/de\/produkt\/gefaltete-halskette-kurz\/#primaryimage"},"image":{"@id":"https:\/\/glowery.me\/de\/produkt\/gefaltete-halskette-kurz\/#primaryimage"},"thumbnailUrl":"https:\/\/glowery.me\/wp-content\/uploads\/2025\/04\/Model-FNS-FW-7040-510x765-1.jpeg","datePublished":"2025-04-26T19:38:00+00:00","breadcrumb":{"@id":"https:\/\/glowery.me\/de\/produkt\/gefaltete-halskette-kurz\/#breadcrumb"},"inLanguage":"de","potentialAction":[{"@type":"ReadAction","target":["https:\/\/glowery.me\/de\/produkt\/gefaltete-halskette-kurz\/"]}]},{"@type":"ImageObject","inLanguage":"de","@id":"https:\/\/glowery.me\/de\/produkt\/gefaltete-halskette-kurz\/#primaryimage","url":"https:\/\/glowery.me\/wp-content\/uploads\/2025\/04\/Model-FNS-FW-7040-510x765-1.jpeg","contentUrl":"https:\/\/glowery.me\/wp-content\/uploads\/2025\/04\/Model-FNS-FW-7040-510x765-1.jpeg","width":510,"height":765},{"@type":"BreadcrumbList","@id":"https:\/\/glowery.me\/de\/produkt\/gefaltete-halskette-kurz\/#breadcrumb","itemListElement":[{"@type":"ListItem","position":1,"name":"Home","item":"https:\/\/glowery.me\/de\/startseite\/"},{"@type":"ListItem","position":2,"name":"Shop","item":"https:\/\/glowery.me\/de\/shop\/"},{"@type":"ListItem","position":3,"name":"Gefaltete Halskette &#8211; Kurz"}]},{"@type":"WebSite","@id":"https:\/\/glowery.me\/#website","url":"https:\/\/glowery.me\/","name":"Glowery","description":"Stilvolle Essentials \u2013 von zeitlosem Schmuck \u00fcber elegante Taschen und Schuhe bis hin zu ausgew\u00e4hlten Kleidern und nat\u00fcrlicher Kosmetik.","publisher":{"@id":"https:\/\/glowery.me\/#organization"},"potentialAction":[{"@type":"SearchAction","target":{"@type":"EntryPoint","urlTemplate":"https:\/\/glowery.me\/?s={search_term_string}"},"query-input":{"@type":"PropertyValueSpecification","valueRequired":true,"valueName":"search_term_string"}}],"inLanguage":"de"},{"@type":"Organization","@id":"https:\/\/glowery.me\/#organization","name":"Glowery","url":"https:\/\/glowery.me\/","logo":{"@type":"ImageObject","inLanguage":"de","@id":"https:\/\/glowery.me\/#\/schema\/logo\/image\/","url":"https:\/\/glowery.me\/wp-content\/uploads\/2025\/05\/Glowery-e1746421067847.png","contentUrl":"https:\/\/glowery.me\/wp-content\/uploads\/2025\/05\/Glowery-e1746421067847.png","width":494,"height":146,"caption":"Glowery"},"image":{"@id":"https:\/\/glowery.me\/#\/schema\/logo\/image\/"},"sameAs":["https:\/\/www.facebook.com\/profile.php?id=61575866108739","https:\/\/www.instagram.com\/glowery.me","https:\/\/www.tiktok.com\/@glowery.me?_t=ZN-8wLhgUVkGCk&_r=1"]}]}},"jetpack_sharing_enabled":true,"_links":{"self":[{"href":"https:\/\/glowery.me\/de\/wp-json\/wp\/v2\/product\/25379","targetHints":{"allow":["GET"]}}],"collection":[{"href":"https:\/\/glowery.me\/de\/wp-json\/wp\/v2\/product"}],"about":[{"href":"https:\/\/glowery.me\/de\/wp-json\/wp\/v2\/types\/product"}],"replies":[{"embeddable":true,"href":"https:\/\/glowery.me\/de\/wp-json\/wp\/v2\/comments?post=25379"}],"wp:featuredmedia":[{"embeddable":true,"href":"https:\/\/glowery.me\/de\/wp-json\/wp\/v2\/media\/13765"}],"wp:attachment":[{"href":"https:\/\/glowery.me\/de\/wp-json\/wp\/v2\/media?parent=25379"}],"wp:term":[{"taxonomy":"product_brand","embeddable":true,"href":"https:\/\/glowery.me\/de\/wp-json\/wp\/v2\/product_brand?post=25379"},{"taxonomy":"product_cat","embeddable":true,"href":"https:\/\/glowery.me\/de\/wp-json\/wp\/v2\/product_cat?post=25379"},{"taxonomy":"product_tag","embeddable":true,"href":"https:\/\/glowery.me\/de\/wp-json\/wp\/v2\/product_tag?post=25379"}],"curies":[{"name":"wp","href":"https:\/\/api.w.org\/{rel}","templated":true}]}}