{"id":25597,"date":"2025-04-26T19:39:00","date_gmt":"2025-04-26T19:39:00","guid":{"rendered":"https:\/\/glowery.me\/produkt\/blume-des-lebens-armband-s-onyx\/"},"modified":"2025-04-26T19:39:00","modified_gmt":"2025-04-26T19:39:00","slug":"blume-des-lebens-armband-s-onyx","status":"publish","type":"product","link":"https:\/\/glowery.me\/de\/produkt\/blume-des-lebens-armband-s-onyx\/","title":{"rendered":"Blume des Lebens Armband S &#8211; Onyx"},"content":{"rendered":"<p><strong>Verantwortungsvoll hergestelltes 3D-gedrucktes Armband aus ethischem 925er Silber oder goldfarbenem Silber und Onyx.<\/strong><\/p>\n<p>Die Blume des Lebens symbolisiert die Sch\u00f6pfung und erinnert uns an die Einheit von allem: wir und alles um uns herum sind aus demselben Bauplan entstanden.<\/p>\n<p>Wir verwenden 3D-Druck, um die Genauigkeit dieses kraftvollen Symbols der heiligen Geometrie zu gew\u00e4hrleisten.<\/p>\n<p>Der Rosenquarz ist ein Stein des Herzens, ein Kristall der bedingungslosen Liebe. Er tr\u00e4gt eine weiche weibliche Energie des Mitgef\u00fchls und des Friedens, der Z\u00e4rtlichkeit und der Heilung, der Nahrung und des Trostes. <\/p>\n<p>Er wird als Geschenk in einer schwarzen Schachtel mit unserem Logo verpackt &#8211; das perfekte Geschenk f\u00fcr Sie selbst oder f\u00fcr einen besonderen Menschen!<\/p>\n<p>Kriss Eglite, Gr\u00fcnder von NVBK:  <em>Ich habe all diese St\u00fccke kreiert, weil ich sie tragen wollte, um mich an bestimmte Werte zu erinnern und mir meine eigenen Entscheidungen bewusst zu machen. Diese St\u00fccke bedeuten mir viel mehr als nur h\u00fcbscher oder cooler Schmuck &#8211; sie sind Symbole, die ich mit mir trage, sie sind Schwingungen, die ich ausstrahlen und mit denen ich mich umgeben m\u00f6chte. <\/em><\/p>\n<ul>\n<li>Nicht-allergischer Schmuck<\/li>\n<li>Verantwortungsvoll hergestellt<\/li>\n<li>Handgefertigt in Estland<\/li>\n<li>Wird als Geschenk verpackt geliefert<\/li>\n<\/ul>\n<p>&#8222;New Vintage by Kriss&#8220; ist eine Schmuckmarke, die coolen, wundersch\u00f6nen und tragbaren Schmuck kreiert. Das Ziel der Marke ist es, Frauen zu ermutigen, ihr Leben in vollen Z\u00fcgen zu leben, gro\u00dfe Tr\u00e4ume zu haben und mutig zu handeln, die Regeln zu vergessen und ihren eigenen Weg zu gehen. Die Hauptinspiration der Marke ist eine Frau, die Tochter, Mutter, Rockerin, eingefleischte Romantikerin, Weltreisende, ein kleiner Teufel und eine G\u00f6ttin in einem ist &#8211; alles in einem. Diese Halsketten, Ohrringe und Armb\u00e4nder sind f\u00fcr eine Frau gemacht, die Schmuck f\u00fcr sich selbst tr\u00e4gt und die Sch\u00f6nheit der Einfachheit sch\u00e4tzt.   <\/p>\n","protected":false},"excerpt":{"rendered":"<p><strong>Verantwortungsvoll hergestelltes 3D-gedrucktes Armband aus ethischem 925er Silber oder goldfarbenem Silber und Onyx.<\/strong><\/p>\n<p>Die Blume des Lebens symbolisiert die Sch\u00f6pfung und erinnert uns an die Einheit von allem: wir und alles um uns herum sind aus demselben Bauplan entstanden.<\/p>\n<p>Wir verwenden 3D-Druck, um die Genauigkeit dieses kraftvollen Symbols der heiligen Geometrie zu gew\u00e4hrleisten.<\/p>\n<p>Der Rosenquarz ist ein Stein des Herzens, ein Kristall der bedingungslosen Liebe. Er tr\u00e4gt eine weiche weibliche Energie des Mitgef\u00fchls und des Friedens, der Z\u00e4rtlichkeit und der Heilung, der Nahrung und des Trostes. <\/p>\n<p>Er wird als Geschenk in einer schwarzen Schachtel mit unserem Logo verpackt &#8211; das perfekte Geschenk f\u00fcr Sie selbst oder f\u00fcr einen besonderen Menschen!<\/p>\n<p>Kriss Eglite, Gr\u00fcnder von NVBK:  <em>Ich habe all diese St\u00fccke kreiert, weil ich sie tragen wollte, um mich an bestimmte Werte zu erinnern und mir meine eigenen Entscheidungen bewusst zu machen. Diese St\u00fccke bedeuten mir viel mehr als nur h\u00fcbscher oder cooler Schmuck &#8211; sie sind Symbole, die ich mit mir trage, sie sind Schwingungen, die ich ausstrahlen und mit denen ich mich umgeben m\u00f6chte. <\/em><\/p>\n<ul>\n<li>Nicht-allergischer Schmuck<\/li>\n<li>Verantwortungsvoll hergestellt<\/li>\n<li>Handgefertigt in Estland<\/li>\n<li>Wird als Geschenk verpackt geliefert<\/li>\n<\/ul>\n<p>&#8222;New Vintage by Kriss&#8220; ist eine Schmuckmarke, die coolen, wundersch\u00f6nen und tragbaren Schmuck kreiert. Das Ziel der Marke ist es, Frauen zu ermutigen, ihr Leben in vollen Z\u00fcgen zu leben, gro\u00dfe Tr\u00e4ume zu haben und mutig zu handeln, die Regeln zu vergessen und ihren eigenen Weg zu gehen. Die Hauptinspiration der Marke ist eine Frau, die Tochter, Mutter, Rockerin, eingefleischte Romantikerin, Weltreisende, ein kleiner Teufel und eine G\u00f6ttin in einem ist &#8211; alles in einem. Diese Halsketten, Ohrringe und Armb\u00e4nder sind f\u00fcr eine Frau gemacht, die Schmuck f\u00fcr sich selbst tr\u00e4gt und die Sch\u00f6nheit der Einfachheit sch\u00e4tzt.   <\/p>\n","protected":false},"featured_media":14512,"comment_status":"open","ping_status":"closed","template":"","meta":[],"product_brand":[],"product_cat":[154,126],"product_tag":[],"class_list":{"0":"post-25597","1":"product","2":"type-product","3":"status-publish","4":"has-post-thumbnail","6":"product_cat-armbander","7":"product_cat-schmuck","9":"first","10":"instock","11":"shipping-taxable","12":"purchasable","13":"product-type-variable"},"yoast_head":"<!-- This site is optimized with the Yoast SEO plugin v25.3 - https:\/\/yoast.com\/wordpress\/plugins\/seo\/ -->\n<title>Blume des Lebens Armband S - Onyx - Glowery<\/title>\n<meta name=\"robots\" content=\"index, follow, max-snippet:-1, max-image-preview:large, max-video-preview:-1\" \/>\n<link rel=\"canonical\" href=\"https:\/\/glowery.me\/de\/produkt\/blume-des-lebens-armband-s-onyx\/\" \/>\n<meta property=\"og:locale\" content=\"de_DE\" \/>\n<meta property=\"og:type\" content=\"article\" \/>\n<meta property=\"og:title\" content=\"Blume des Lebens Armband S - Onyx - Glowery\" \/>\n<meta property=\"og:description\" content=\"Verantwortungsvoll hergestelltes 3D-gedrucktes Armband aus ethischem 925er Silber oder goldfarbenem Silber und Onyx. Die Blume des Lebens symbolisiert die Sch\u00f6pfung und erinnert uns an die Einheit von allem: wir und alles um uns herum sind aus demselben Bauplan entstanden. Wir verwenden 3D-Druck, um die Genauigkeit dieses kraftvollen Symbols der heiligen Geometrie zu gew\u00e4hrleisten. Der Rosenquarz ist ein Stein des Herzens, ein Kristall der bedingungslosen Liebe. Er tr\u00e4gt eine weiche weibliche Energie des Mitgef\u00fchls und des Friedens, der Z\u00e4rtlichkeit und der Heilung, der Nahrung und des Trostes. Er wird als Geschenk in einer schwarzen Schachtel mit unserem Logo verpackt - das perfekte Geschenk f\u00fcr Sie selbst oder f\u00fcr einen besonderen Menschen! Kriss Eglite, Gr\u00fcnder von NVBK: Ich habe all diese St\u00fccke kreiert, weil ich sie tragen wollte, um mich an bestimmte Werte zu erinnern und mir meine eigenen Entscheidungen bewusst zu machen. Diese St\u00fccke bedeuten mir viel mehr als nur h\u00fcbscher oder cooler Schmuck - sie sind Symbole, die ich mit mir trage, sie sind Schwingungen, die ich ausstrahlen und mit denen ich mich umgeben m\u00f6chte.  Nicht-allergischer Schmuck Verantwortungsvoll hergestellt Handgefertigt in Estland Wird als Geschenk verpackt geliefert &quot;New Vintage by Kriss&quot; ist eine Schmuckmarke, die coolen, wundersch\u00f6nen und tragbaren Schmuck kreiert. Das Ziel der Marke ist es, Frauen zu ermutigen, ihr Leben in vollen Z\u00fcgen zu leben, gro\u00dfe Tr\u00e4ume zu haben und mutig zu handeln, die Regeln zu vergessen und ihren eigenen Weg zu gehen. Die Hauptinspiration der Marke ist eine Frau, die Tochter, Mutter, Rockerin, eingefleischte Romantikerin, Weltreisende, ein kleiner Teufel und eine G\u00f6ttin in einem ist - alles in einem. Diese Halsketten, Ohrringe und Armb\u00e4nder sind f\u00fcr eine Frau gemacht, die Schmuck f\u00fcr sich selbst tr\u00e4gt und die Sch\u00f6nheit der Einfachheit sch\u00e4tzt.\" \/>\n<meta property=\"og:url\" content=\"https:\/\/glowery.me\/de\/produkt\/blume-des-lebens-armband-s-onyx\/\" \/>\n<meta property=\"og:site_name\" content=\"Glowery\" \/>\n<meta property=\"article:publisher\" content=\"https:\/\/www.facebook.com\/profile.php?id=61575866108739\" \/>\n<meta property=\"og:image\" content=\"https:\/\/glowery.me\/wp-content\/uploads\/2025\/04\/black-box-kiss-2.jpg\" \/>\n\t<meta property=\"og:image:width\" content=\"1500\" \/>\n\t<meta property=\"og:image:height\" content=\"1500\" \/>\n\t<meta property=\"og:image:type\" content=\"image\/jpeg\" \/>\n<meta name=\"twitter:card\" content=\"summary_large_image\" \/>\n<meta name=\"twitter:label1\" content=\"Gesch\u00e4tzte Lesezeit\" \/>\n\t<meta name=\"twitter:data1\" content=\"2\u00a0Minuten\" \/>\n<script type=\"application\/ld+json\" class=\"yoast-schema-graph\">{\"@context\":\"https:\/\/schema.org\",\"@graph\":[{\"@type\":\"WebPage\",\"@id\":\"https:\/\/glowery.me\/de\/produkt\/blume-des-lebens-armband-s-onyx\/\",\"url\":\"https:\/\/glowery.me\/de\/produkt\/blume-des-lebens-armband-s-onyx\/\",\"name\":\"Blume des Lebens Armband S - Onyx - Glowery\",\"isPartOf\":{\"@id\":\"https:\/\/glowery.me\/#website\"},\"primaryImageOfPage\":{\"@id\":\"https:\/\/glowery.me\/de\/produkt\/blume-des-lebens-armband-s-onyx\/#primaryimage\"},\"image\":{\"@id\":\"https:\/\/glowery.me\/de\/produkt\/blume-des-lebens-armband-s-onyx\/#primaryimage\"},\"thumbnailUrl\":\"https:\/\/glowery.me\/wp-content\/uploads\/2025\/04\/black-box-kiss-2.jpg\",\"datePublished\":\"2025-04-26T19:39:00+00:00\",\"breadcrumb\":{\"@id\":\"https:\/\/glowery.me\/de\/produkt\/blume-des-lebens-armband-s-onyx\/#breadcrumb\"},\"inLanguage\":\"de\",\"potentialAction\":[{\"@type\":\"ReadAction\",\"target\":[\"https:\/\/glowery.me\/de\/produkt\/blume-des-lebens-armband-s-onyx\/\"]}]},{\"@type\":\"ImageObject\",\"inLanguage\":\"de\",\"@id\":\"https:\/\/glowery.me\/de\/produkt\/blume-des-lebens-armband-s-onyx\/#primaryimage\",\"url\":\"https:\/\/glowery.me\/wp-content\/uploads\/2025\/04\/black-box-kiss-2.jpg\",\"contentUrl\":\"https:\/\/glowery.me\/wp-content\/uploads\/2025\/04\/black-box-kiss-2.jpg\",\"width\":1500,\"height\":1500},{\"@type\":\"BreadcrumbList\",\"@id\":\"https:\/\/glowery.me\/de\/produkt\/blume-des-lebens-armband-s-onyx\/#breadcrumb\",\"itemListElement\":[{\"@type\":\"ListItem\",\"position\":1,\"name\":\"Home\",\"item\":\"https:\/\/glowery.me\/de\/startseite\/\"},{\"@type\":\"ListItem\",\"position\":2,\"name\":\"Shop\",\"item\":\"https:\/\/glowery.me\/de\/shop\/\"},{\"@type\":\"ListItem\",\"position\":3,\"name\":\"Blume des Lebens Armband S &#8211; Onyx\"}]},{\"@type\":\"WebSite\",\"@id\":\"https:\/\/glowery.me\/#website\",\"url\":\"https:\/\/glowery.me\/\",\"name\":\"Glowery\",\"description\":\"Stilvolle Essentials \u2013 von zeitlosem Schmuck \u00fcber elegante Taschen und Schuhe bis hin zu ausgew\u00e4hlten Kleidern und nat\u00fcrlicher Kosmetik.\",\"publisher\":{\"@id\":\"https:\/\/glowery.me\/#organization\"},\"potentialAction\":[{\"@type\":\"SearchAction\",\"target\":{\"@type\":\"EntryPoint\",\"urlTemplate\":\"https:\/\/glowery.me\/?s={search_term_string}\"},\"query-input\":{\"@type\":\"PropertyValueSpecification\",\"valueRequired\":true,\"valueName\":\"search_term_string\"}}],\"inLanguage\":\"de\"},{\"@type\":\"Organization\",\"@id\":\"https:\/\/glowery.me\/#organization\",\"name\":\"Glowery\",\"url\":\"https:\/\/glowery.me\/\",\"logo\":{\"@type\":\"ImageObject\",\"inLanguage\":\"de\",\"@id\":\"https:\/\/glowery.me\/#\/schema\/logo\/image\/\",\"url\":\"https:\/\/glowery.me\/wp-content\/uploads\/2025\/05\/Glowery-e1746421067847.png\",\"contentUrl\":\"https:\/\/glowery.me\/wp-content\/uploads\/2025\/05\/Glowery-e1746421067847.png\",\"width\":494,\"height\":146,\"caption\":\"Glowery\"},\"image\":{\"@id\":\"https:\/\/glowery.me\/#\/schema\/logo\/image\/\"},\"sameAs\":[\"https:\/\/www.facebook.com\/profile.php?id=61575866108739\",\"https:\/\/www.instagram.com\/glowery.me\",\"https:\/\/www.tiktok.com\/@glowery.me?_t=ZN-8wLhgUVkGCk&_r=1\"]}]}<\/script>\n<!-- \/ Yoast SEO plugin. -->","yoast_head_json":{"title":"Blume des Lebens Armband S - Onyx - Glowery","robots":{"index":"index","follow":"follow","max-snippet":"max-snippet:-1","max-image-preview":"max-image-preview:large","max-video-preview":"max-video-preview:-1"},"canonical":"https:\/\/glowery.me\/de\/produkt\/blume-des-lebens-armband-s-onyx\/","og_locale":"de_DE","og_type":"article","og_title":"Blume des Lebens Armband S - Onyx - Glowery","og_description":"Verantwortungsvoll hergestelltes 3D-gedrucktes Armband aus ethischem 925er Silber oder goldfarbenem Silber und Onyx. Die Blume des Lebens symbolisiert die Sch\u00f6pfung und erinnert uns an die Einheit von allem: wir und alles um uns herum sind aus demselben Bauplan entstanden. Wir verwenden 3D-Druck, um die Genauigkeit dieses kraftvollen Symbols der heiligen Geometrie zu gew\u00e4hrleisten. Der Rosenquarz ist ein Stein des Herzens, ein Kristall der bedingungslosen Liebe. Er tr\u00e4gt eine weiche weibliche Energie des Mitgef\u00fchls und des Friedens, der Z\u00e4rtlichkeit und der Heilung, der Nahrung und des Trostes. Er wird als Geschenk in einer schwarzen Schachtel mit unserem Logo verpackt - das perfekte Geschenk f\u00fcr Sie selbst oder f\u00fcr einen besonderen Menschen! Kriss Eglite, Gr\u00fcnder von NVBK: Ich habe all diese St\u00fccke kreiert, weil ich sie tragen wollte, um mich an bestimmte Werte zu erinnern und mir meine eigenen Entscheidungen bewusst zu machen. Diese St\u00fccke bedeuten mir viel mehr als nur h\u00fcbscher oder cooler Schmuck - sie sind Symbole, die ich mit mir trage, sie sind Schwingungen, die ich ausstrahlen und mit denen ich mich umgeben m\u00f6chte.  Nicht-allergischer Schmuck Verantwortungsvoll hergestellt Handgefertigt in Estland Wird als Geschenk verpackt geliefert \"New Vintage by Kriss\" ist eine Schmuckmarke, die coolen, wundersch\u00f6nen und tragbaren Schmuck kreiert. Das Ziel der Marke ist es, Frauen zu ermutigen, ihr Leben in vollen Z\u00fcgen zu leben, gro\u00dfe Tr\u00e4ume zu haben und mutig zu handeln, die Regeln zu vergessen und ihren eigenen Weg zu gehen. Die Hauptinspiration der Marke ist eine Frau, die Tochter, Mutter, Rockerin, eingefleischte Romantikerin, Weltreisende, ein kleiner Teufel und eine G\u00f6ttin in einem ist - alles in einem. Diese Halsketten, Ohrringe und Armb\u00e4nder sind f\u00fcr eine Frau gemacht, die Schmuck f\u00fcr sich selbst tr\u00e4gt und die Sch\u00f6nheit der Einfachheit sch\u00e4tzt.","og_url":"https:\/\/glowery.me\/de\/produkt\/blume-des-lebens-armband-s-onyx\/","og_site_name":"Glowery","article_publisher":"https:\/\/www.facebook.com\/profile.php?id=61575866108739","og_image":[{"width":1500,"height":1500,"url":"https:\/\/glowery.me\/wp-content\/uploads\/2025\/04\/black-box-kiss-2.jpg","type":"image\/jpeg"}],"twitter_card":"summary_large_image","twitter_misc":{"Gesch\u00e4tzte Lesezeit":"2\u00a0Minuten"},"schema":{"@context":"https:\/\/schema.org","@graph":[{"@type":"WebPage","@id":"https:\/\/glowery.me\/de\/produkt\/blume-des-lebens-armband-s-onyx\/","url":"https:\/\/glowery.me\/de\/produkt\/blume-des-lebens-armband-s-onyx\/","name":"Blume des Lebens Armband S - Onyx - Glowery","isPartOf":{"@id":"https:\/\/glowery.me\/#website"},"primaryImageOfPage":{"@id":"https:\/\/glowery.me\/de\/produkt\/blume-des-lebens-armband-s-onyx\/#primaryimage"},"image":{"@id":"https:\/\/glowery.me\/de\/produkt\/blume-des-lebens-armband-s-onyx\/#primaryimage"},"thumbnailUrl":"https:\/\/glowery.me\/wp-content\/uploads\/2025\/04\/black-box-kiss-2.jpg","datePublished":"2025-04-26T19:39:00+00:00","breadcrumb":{"@id":"https:\/\/glowery.me\/de\/produkt\/blume-des-lebens-armband-s-onyx\/#breadcrumb"},"inLanguage":"de","potentialAction":[{"@type":"ReadAction","target":["https:\/\/glowery.me\/de\/produkt\/blume-des-lebens-armband-s-onyx\/"]}]},{"@type":"ImageObject","inLanguage":"de","@id":"https:\/\/glowery.me\/de\/produkt\/blume-des-lebens-armband-s-onyx\/#primaryimage","url":"https:\/\/glowery.me\/wp-content\/uploads\/2025\/04\/black-box-kiss-2.jpg","contentUrl":"https:\/\/glowery.me\/wp-content\/uploads\/2025\/04\/black-box-kiss-2.jpg","width":1500,"height":1500},{"@type":"BreadcrumbList","@id":"https:\/\/glowery.me\/de\/produkt\/blume-des-lebens-armband-s-onyx\/#breadcrumb","itemListElement":[{"@type":"ListItem","position":1,"name":"Home","item":"https:\/\/glowery.me\/de\/startseite\/"},{"@type":"ListItem","position":2,"name":"Shop","item":"https:\/\/glowery.me\/de\/shop\/"},{"@type":"ListItem","position":3,"name":"Blume des Lebens Armband S &#8211; Onyx"}]},{"@type":"WebSite","@id":"https:\/\/glowery.me\/#website","url":"https:\/\/glowery.me\/","name":"Glowery","description":"Stilvolle Essentials \u2013 von zeitlosem Schmuck \u00fcber elegante Taschen und Schuhe bis hin zu ausgew\u00e4hlten Kleidern und nat\u00fcrlicher Kosmetik.","publisher":{"@id":"https:\/\/glowery.me\/#organization"},"potentialAction":[{"@type":"SearchAction","target":{"@type":"EntryPoint","urlTemplate":"https:\/\/glowery.me\/?s={search_term_string}"},"query-input":{"@type":"PropertyValueSpecification","valueRequired":true,"valueName":"search_term_string"}}],"inLanguage":"de"},{"@type":"Organization","@id":"https:\/\/glowery.me\/#organization","name":"Glowery","url":"https:\/\/glowery.me\/","logo":{"@type":"ImageObject","inLanguage":"de","@id":"https:\/\/glowery.me\/#\/schema\/logo\/image\/","url":"https:\/\/glowery.me\/wp-content\/uploads\/2025\/05\/Glowery-e1746421067847.png","contentUrl":"https:\/\/glowery.me\/wp-content\/uploads\/2025\/05\/Glowery-e1746421067847.png","width":494,"height":146,"caption":"Glowery"},"image":{"@id":"https:\/\/glowery.me\/#\/schema\/logo\/image\/"},"sameAs":["https:\/\/www.facebook.com\/profile.php?id=61575866108739","https:\/\/www.instagram.com\/glowery.me","https:\/\/www.tiktok.com\/@glowery.me?_t=ZN-8wLhgUVkGCk&_r=1"]}]}},"jetpack_sharing_enabled":true,"_links":{"self":[{"href":"https:\/\/glowery.me\/de\/wp-json\/wp\/v2\/product\/25597","targetHints":{"allow":["GET"]}}],"collection":[{"href":"https:\/\/glowery.me\/de\/wp-json\/wp\/v2\/product"}],"about":[{"href":"https:\/\/glowery.me\/de\/wp-json\/wp\/v2\/types\/product"}],"replies":[{"embeddable":true,"href":"https:\/\/glowery.me\/de\/wp-json\/wp\/v2\/comments?post=25597"}],"wp:featuredmedia":[{"embeddable":true,"href":"https:\/\/glowery.me\/de\/wp-json\/wp\/v2\/media\/14512"}],"wp:attachment":[{"href":"https:\/\/glowery.me\/de\/wp-json\/wp\/v2\/media?parent=25597"}],"wp:term":[{"taxonomy":"product_brand","embeddable":true,"href":"https:\/\/glowery.me\/de\/wp-json\/wp\/v2\/product_brand?post=25597"},{"taxonomy":"product_cat","embeddable":true,"href":"https:\/\/glowery.me\/de\/wp-json\/wp\/v2\/product_cat?post=25597"},{"taxonomy":"product_tag","embeddable":true,"href":"https:\/\/glowery.me\/de\/wp-json\/wp\/v2\/product_tag?post=25597"}],"curies":[{"name":"wp","href":"https:\/\/api.w.org\/{rel}","templated":true}]}}