{"id":25662,"date":"2025-04-26T19:39:00","date_gmt":"2025-04-26T19:39:00","guid":{"rendered":"https:\/\/glowery.me\/produkt\/ohrringe-regenbogen-fuer-kinder\/"},"modified":"2025-04-26T19:39:00","modified_gmt":"2025-04-26T19:39:00","slug":"ohrringe-regenbogen-fuer-kinder","status":"publish","type":"product","link":"https:\/\/glowery.me\/de\/produkt\/ohrringe-regenbogen-fuer-kinder\/","title":{"rendered":"Ohrringe Regenbogen &#8211; F\u00fcr Kinder"},"content":{"rendered":"<p>Diese bezaubernden Silberohrringe haben die Form eines Regenbogens und sind mit funkelnden Zirkonsteinen verziert, was sie perfekt f\u00fcr Kinder macht.<\/p>\n<p>Der Regenbogen symbolisiert Frieden und Harmonie und macht diese farbenfrohen Ohrringe zu einer lustigen und sinnvollen Wahl f\u00fcr den Alltag.<\/p>\n<ul>\n<li>Metall: 925 Sterling-Silber, rhodiniert<\/li>\n<li>Stein: Zirkon<\/li>\n<li>Gewicht: 1,45 Gramm<\/li>\n<li>Breite: 11,3 mm<\/li>\n<li>H\u00f6he: 6,7 mm<\/li>\n<li>Hergestellt in Europa<\/li>\n<\/ul>\n","protected":false},"excerpt":{"rendered":"<p>Diese bezaubernden Silberohrringe haben die Form eines Regenbogens und sind mit funkelnden Zirkonsteinen verziert, was sie perfekt f\u00fcr Kinder macht.<\/p>\n<p>Der Regenbogen symbolisiert Frieden und Harmonie und macht diese farbenfrohen Ohrringe zu einer lustigen und sinnvollen Wahl f\u00fcr den Alltag.<\/p>\n<ul>\n<li>Metall: 925 Sterling-Silber, rhodiniert<\/li>\n<li>Stein: Zirkon<\/li>\n<li>Gewicht: 1,45 Gramm<\/li>\n<li>Breite: 11,3 mm<\/li>\n<li>H\u00f6he: 6,7 mm<\/li>\n<li>Hergestellt in Europa<\/li>\n<\/ul>\n","protected":false},"featured_media":14863,"comment_status":"open","ping_status":"closed","template":"","meta":[],"product_brand":[],"product_cat":[126,164],"product_tag":[],"class_list":{"0":"post-25662","1":"product","2":"type-product","3":"status-publish","4":"has-post-thumbnail","6":"product_cat-schmuck","7":"product_cat-schmuck-fur-kinder-de","9":"first","10":"instock","11":"shipping-taxable","12":"purchasable","13":"product-type-simple"},"yoast_head":"<!-- This site is optimized with the Yoast SEO plugin v25.3 - https:\/\/yoast.com\/wordpress\/plugins\/seo\/ -->\n<title>Ohrringe Regenbogen - F\u00fcr Kinder - Glowery<\/title>\n<meta name=\"robots\" content=\"index, follow, max-snippet:-1, max-image-preview:large, max-video-preview:-1\" \/>\n<link rel=\"canonical\" href=\"https:\/\/glowery.me\/de\/produkt\/ohrringe-regenbogen-fuer-kinder\/\" \/>\n<meta property=\"og:locale\" content=\"de_DE\" \/>\n<meta property=\"og:type\" content=\"article\" \/>\n<meta property=\"og:title\" content=\"Ohrringe Regenbogen - F\u00fcr Kinder - Glowery\" \/>\n<meta property=\"og:description\" content=\"Diese bezaubernden Silberohrringe haben die Form eines Regenbogens und sind mit funkelnden Zirkonsteinen verziert, was sie perfekt f\u00fcr Kinder macht. Der Regenbogen symbolisiert Frieden und Harmonie und macht diese farbenfrohen Ohrringe zu einer lustigen und sinnvollen Wahl f\u00fcr den Alltag. Metall: 925 Sterling-Silber, rhodiniert Stein: Zirkon Gewicht: 1,45 Gramm Breite: 11,3 mm H\u00f6he: 6,7 mm Hergestellt in Europa\" \/>\n<meta property=\"og:url\" content=\"https:\/\/glowery.me\/de\/produkt\/ohrringe-regenbogen-fuer-kinder\/\" \/>\n<meta property=\"og:site_name\" content=\"Glowery\" \/>\n<meta property=\"article:publisher\" content=\"https:\/\/www.facebook.com\/profile.php?id=61575866108739\" \/>\n<meta property=\"og:image\" content=\"https:\/\/glowery.me\/wp-content\/uploads\/2025\/04\/Dondella-laste-925-hobekorvarongad-Rainbow-KVO1-1-E.jpg\" \/>\n\t<meta property=\"og:image:width\" content=\"1000\" \/>\n\t<meta property=\"og:image:height\" content=\"1400\" \/>\n\t<meta property=\"og:image:type\" content=\"image\/jpeg\" \/>\n<meta name=\"twitter:card\" content=\"summary_large_image\" \/>\n<script type=\"application\/ld+json\" class=\"yoast-schema-graph\">{\"@context\":\"https:\/\/schema.org\",\"@graph\":[{\"@type\":\"WebPage\",\"@id\":\"https:\/\/glowery.me\/de\/produkt\/ohrringe-regenbogen-fuer-kinder\/\",\"url\":\"https:\/\/glowery.me\/de\/produkt\/ohrringe-regenbogen-fuer-kinder\/\",\"name\":\"Ohrringe Regenbogen - F\u00fcr Kinder - Glowery\",\"isPartOf\":{\"@id\":\"https:\/\/glowery.me\/#website\"},\"primaryImageOfPage\":{\"@id\":\"https:\/\/glowery.me\/de\/produkt\/ohrringe-regenbogen-fuer-kinder\/#primaryimage\"},\"image\":{\"@id\":\"https:\/\/glowery.me\/de\/produkt\/ohrringe-regenbogen-fuer-kinder\/#primaryimage\"},\"thumbnailUrl\":\"https:\/\/glowery.me\/wp-content\/uploads\/2025\/04\/Dondella-laste-925-hobekorvarongad-Rainbow-KVO1-1-E.jpg\",\"datePublished\":\"2025-04-26T19:39:00+00:00\",\"breadcrumb\":{\"@id\":\"https:\/\/glowery.me\/de\/produkt\/ohrringe-regenbogen-fuer-kinder\/#breadcrumb\"},\"inLanguage\":\"de\",\"potentialAction\":[{\"@type\":\"ReadAction\",\"target\":[\"https:\/\/glowery.me\/de\/produkt\/ohrringe-regenbogen-fuer-kinder\/\"]}]},{\"@type\":\"ImageObject\",\"inLanguage\":\"de\",\"@id\":\"https:\/\/glowery.me\/de\/produkt\/ohrringe-regenbogen-fuer-kinder\/#primaryimage\",\"url\":\"https:\/\/glowery.me\/wp-content\/uploads\/2025\/04\/Dondella-laste-925-hobekorvarongad-Rainbow-KVO1-1-E.jpg\",\"contentUrl\":\"https:\/\/glowery.me\/wp-content\/uploads\/2025\/04\/Dondella-laste-925-hobekorvarongad-Rainbow-KVO1-1-E.jpg\",\"width\":1000,\"height\":1400},{\"@type\":\"BreadcrumbList\",\"@id\":\"https:\/\/glowery.me\/de\/produkt\/ohrringe-regenbogen-fuer-kinder\/#breadcrumb\",\"itemListElement\":[{\"@type\":\"ListItem\",\"position\":1,\"name\":\"Home\",\"item\":\"https:\/\/glowery.me\/de\/startseite\/\"},{\"@type\":\"ListItem\",\"position\":2,\"name\":\"Shop\",\"item\":\"https:\/\/glowery.me\/de\/shop\/\"},{\"@type\":\"ListItem\",\"position\":3,\"name\":\"Ohrringe Regenbogen &#8211; F\u00fcr Kinder\"}]},{\"@type\":\"WebSite\",\"@id\":\"https:\/\/glowery.me\/#website\",\"url\":\"https:\/\/glowery.me\/\",\"name\":\"Glowery\",\"description\":\"Stilvolle Essentials \u2013 von zeitlosem Schmuck \u00fcber elegante Taschen und Schuhe bis hin zu ausgew\u00e4hlten Kleidern und nat\u00fcrlicher Kosmetik.\",\"publisher\":{\"@id\":\"https:\/\/glowery.me\/#organization\"},\"potentialAction\":[{\"@type\":\"SearchAction\",\"target\":{\"@type\":\"EntryPoint\",\"urlTemplate\":\"https:\/\/glowery.me\/?s={search_term_string}\"},\"query-input\":{\"@type\":\"PropertyValueSpecification\",\"valueRequired\":true,\"valueName\":\"search_term_string\"}}],\"inLanguage\":\"de\"},{\"@type\":\"Organization\",\"@id\":\"https:\/\/glowery.me\/#organization\",\"name\":\"Glowery\",\"url\":\"https:\/\/glowery.me\/\",\"logo\":{\"@type\":\"ImageObject\",\"inLanguage\":\"de\",\"@id\":\"https:\/\/glowery.me\/#\/schema\/logo\/image\/\",\"url\":\"https:\/\/glowery.me\/wp-content\/uploads\/2025\/05\/Glowery-e1746421067847.png\",\"contentUrl\":\"https:\/\/glowery.me\/wp-content\/uploads\/2025\/05\/Glowery-e1746421067847.png\",\"width\":494,\"height\":146,\"caption\":\"Glowery\"},\"image\":{\"@id\":\"https:\/\/glowery.me\/#\/schema\/logo\/image\/\"},\"sameAs\":[\"https:\/\/www.facebook.com\/profile.php?id=61575866108739\",\"https:\/\/www.instagram.com\/glowery.me\",\"https:\/\/www.tiktok.com\/@glowery.me?_t=ZN-8wLhgUVkGCk&_r=1\"]}]}<\/script>\n<!-- \/ Yoast SEO plugin. -->","yoast_head_json":{"title":"Ohrringe Regenbogen - F\u00fcr Kinder - Glowery","robots":{"index":"index","follow":"follow","max-snippet":"max-snippet:-1","max-image-preview":"max-image-preview:large","max-video-preview":"max-video-preview:-1"},"canonical":"https:\/\/glowery.me\/de\/produkt\/ohrringe-regenbogen-fuer-kinder\/","og_locale":"de_DE","og_type":"article","og_title":"Ohrringe Regenbogen - F\u00fcr Kinder - Glowery","og_description":"Diese bezaubernden Silberohrringe haben die Form eines Regenbogens und sind mit funkelnden Zirkonsteinen verziert, was sie perfekt f\u00fcr Kinder macht. Der Regenbogen symbolisiert Frieden und Harmonie und macht diese farbenfrohen Ohrringe zu einer lustigen und sinnvollen Wahl f\u00fcr den Alltag. Metall: 925 Sterling-Silber, rhodiniert Stein: Zirkon Gewicht: 1,45 Gramm Breite: 11,3 mm H\u00f6he: 6,7 mm Hergestellt in Europa","og_url":"https:\/\/glowery.me\/de\/produkt\/ohrringe-regenbogen-fuer-kinder\/","og_site_name":"Glowery","article_publisher":"https:\/\/www.facebook.com\/profile.php?id=61575866108739","og_image":[{"width":1000,"height":1400,"url":"https:\/\/glowery.me\/wp-content\/uploads\/2025\/04\/Dondella-laste-925-hobekorvarongad-Rainbow-KVO1-1-E.jpg","type":"image\/jpeg"}],"twitter_card":"summary_large_image","schema":{"@context":"https:\/\/schema.org","@graph":[{"@type":"WebPage","@id":"https:\/\/glowery.me\/de\/produkt\/ohrringe-regenbogen-fuer-kinder\/","url":"https:\/\/glowery.me\/de\/produkt\/ohrringe-regenbogen-fuer-kinder\/","name":"Ohrringe Regenbogen - F\u00fcr Kinder - Glowery","isPartOf":{"@id":"https:\/\/glowery.me\/#website"},"primaryImageOfPage":{"@id":"https:\/\/glowery.me\/de\/produkt\/ohrringe-regenbogen-fuer-kinder\/#primaryimage"},"image":{"@id":"https:\/\/glowery.me\/de\/produkt\/ohrringe-regenbogen-fuer-kinder\/#primaryimage"},"thumbnailUrl":"https:\/\/glowery.me\/wp-content\/uploads\/2025\/04\/Dondella-laste-925-hobekorvarongad-Rainbow-KVO1-1-E.jpg","datePublished":"2025-04-26T19:39:00+00:00","breadcrumb":{"@id":"https:\/\/glowery.me\/de\/produkt\/ohrringe-regenbogen-fuer-kinder\/#breadcrumb"},"inLanguage":"de","potentialAction":[{"@type":"ReadAction","target":["https:\/\/glowery.me\/de\/produkt\/ohrringe-regenbogen-fuer-kinder\/"]}]},{"@type":"ImageObject","inLanguage":"de","@id":"https:\/\/glowery.me\/de\/produkt\/ohrringe-regenbogen-fuer-kinder\/#primaryimage","url":"https:\/\/glowery.me\/wp-content\/uploads\/2025\/04\/Dondella-laste-925-hobekorvarongad-Rainbow-KVO1-1-E.jpg","contentUrl":"https:\/\/glowery.me\/wp-content\/uploads\/2025\/04\/Dondella-laste-925-hobekorvarongad-Rainbow-KVO1-1-E.jpg","width":1000,"height":1400},{"@type":"BreadcrumbList","@id":"https:\/\/glowery.me\/de\/produkt\/ohrringe-regenbogen-fuer-kinder\/#breadcrumb","itemListElement":[{"@type":"ListItem","position":1,"name":"Home","item":"https:\/\/glowery.me\/de\/startseite\/"},{"@type":"ListItem","position":2,"name":"Shop","item":"https:\/\/glowery.me\/de\/shop\/"},{"@type":"ListItem","position":3,"name":"Ohrringe Regenbogen &#8211; F\u00fcr Kinder"}]},{"@type":"WebSite","@id":"https:\/\/glowery.me\/#website","url":"https:\/\/glowery.me\/","name":"Glowery","description":"Stilvolle Essentials \u2013 von zeitlosem Schmuck \u00fcber elegante Taschen und Schuhe bis hin zu ausgew\u00e4hlten Kleidern und nat\u00fcrlicher Kosmetik.","publisher":{"@id":"https:\/\/glowery.me\/#organization"},"potentialAction":[{"@type":"SearchAction","target":{"@type":"EntryPoint","urlTemplate":"https:\/\/glowery.me\/?s={search_term_string}"},"query-input":{"@type":"PropertyValueSpecification","valueRequired":true,"valueName":"search_term_string"}}],"inLanguage":"de"},{"@type":"Organization","@id":"https:\/\/glowery.me\/#organization","name":"Glowery","url":"https:\/\/glowery.me\/","logo":{"@type":"ImageObject","inLanguage":"de","@id":"https:\/\/glowery.me\/#\/schema\/logo\/image\/","url":"https:\/\/glowery.me\/wp-content\/uploads\/2025\/05\/Glowery-e1746421067847.png","contentUrl":"https:\/\/glowery.me\/wp-content\/uploads\/2025\/05\/Glowery-e1746421067847.png","width":494,"height":146,"caption":"Glowery"},"image":{"@id":"https:\/\/glowery.me\/#\/schema\/logo\/image\/"},"sameAs":["https:\/\/www.facebook.com\/profile.php?id=61575866108739","https:\/\/www.instagram.com\/glowery.me","https:\/\/www.tiktok.com\/@glowery.me?_t=ZN-8wLhgUVkGCk&_r=1"]}]}},"jetpack_sharing_enabled":true,"_links":{"self":[{"href":"https:\/\/glowery.me\/de\/wp-json\/wp\/v2\/product\/25662","targetHints":{"allow":["GET"]}}],"collection":[{"href":"https:\/\/glowery.me\/de\/wp-json\/wp\/v2\/product"}],"about":[{"href":"https:\/\/glowery.me\/de\/wp-json\/wp\/v2\/types\/product"}],"replies":[{"embeddable":true,"href":"https:\/\/glowery.me\/de\/wp-json\/wp\/v2\/comments?post=25662"}],"wp:featuredmedia":[{"embeddable":true,"href":"https:\/\/glowery.me\/de\/wp-json\/wp\/v2\/media\/14863"}],"wp:attachment":[{"href":"https:\/\/glowery.me\/de\/wp-json\/wp\/v2\/media?parent=25662"}],"wp:term":[{"taxonomy":"product_brand","embeddable":true,"href":"https:\/\/glowery.me\/de\/wp-json\/wp\/v2\/product_brand?post=25662"},{"taxonomy":"product_cat","embeddable":true,"href":"https:\/\/glowery.me\/de\/wp-json\/wp\/v2\/product_cat?post=25662"},{"taxonomy":"product_tag","embeddable":true,"href":"https:\/\/glowery.me\/de\/wp-json\/wp\/v2\/product_tag?post=25662"}],"curies":[{"name":"wp","href":"https:\/\/api.w.org\/{rel}","templated":true}]}}