{"id":25766,"date":"2025-04-26T19:39:00","date_gmt":"2025-04-26T19:39:00","guid":{"rendered":"https:\/\/glowery.me\/produkt\/cherie-l-ohrringe-mit-quaste-rose-gold-und-silber\/"},"modified":"2025-04-26T19:39:00","modified_gmt":"2025-04-26T19:39:00","slug":"cherie-l-ohrringe-mit-quaste-rose-gold-und-silber","status":"publish","type":"product","link":"https:\/\/glowery.me\/de\/produkt\/cherie-l-ohrringe-mit-quaste-rose-gold-und-silber\/","title":{"rendered":"Cherie L-Ohrringe mit Quaste &#8211; Rose Gold und Silber"},"content":{"rendered":"<p>Elegante, geschwungene Fassung, verziert mit schlanken Kettenquasten.<\/p>\n<p>L\u00e4nge des Ohrrings: 9 cm<\/p>\n<\/p>\n<p><strong>MyaMoon ist eine Schmuckmarke, die in Estland<\/strong> <strong>von einer Mutter und ihrer Tochter<\/strong><strong>gegr\u00fcndet wurde<\/strong>. Ihr Schmuck ist <strong>schlicht und zeitlos<\/strong> und erg\u00e4nzt die Tr\u00e4gerin, anstatt mit ihrem Stil zu konkurrieren. Die St\u00fccke werden aus Sterlingsilber und sorgf\u00e4ltig ausgew\u00e4hlten Edelsteinen gefertigt.  <\/p>\n<ul>\n<li>\n<p>Material: 925 Silber<\/p>\n<\/li>\n<li>\n<p>L\u00e4nge: 9 cm<\/p>\n<\/li>\n<li>\n<p>Entworfen in Estland<\/p>\n<\/li>\n<\/ul>\n","protected":false},"excerpt":{"rendered":"<p>Elegante, geschwungene Fassung, verziert mit schlanken Kettenquasten.<\/p>\n<p>L\u00e4nge des Ohrrings: 9 cm<\/p>\n<\/p>\n<p><strong>MyaMoon ist eine Schmuckmarke, die in Estland<\/strong> <strong>von einer Mutter und ihrer Tochter<\/strong><strong>gegr\u00fcndet wurde<\/strong>. Ihr Schmuck ist <strong>schlicht und zeitlos<\/strong> und erg\u00e4nzt die Tr\u00e4gerin, anstatt mit ihrem Stil zu konkurrieren. Die St\u00fccke werden aus Sterlingsilber und sorgf\u00e4ltig ausgew\u00e4hlten Edelsteinen gefertigt.  <\/p>\n<ul>\n<li>\n<p>Material: 925 Silber<\/p>\n<\/li>\n<li>\n<p>L\u00e4nge: 9 cm<\/p>\n<\/li>\n<li>\n<p>Entworfen in Estland<\/p>\n<\/li>\n<\/ul>\n","protected":false},"featured_media":14866,"comment_status":"open","ping_status":"closed","template":"","meta":[],"product_brand":[],"product_cat":[128,126],"product_tag":[],"class_list":{"0":"post-25766","1":"product","2":"type-product","3":"status-publish","4":"has-post-thumbnail","6":"product_cat-ohrringe","7":"product_cat-schmuck","9":"first","10":"instock","11":"shipping-taxable","12":"purchasable","13":"product-type-variable"},"yoast_head":"<!-- This site is optimized with the Yoast SEO plugin v25.3 - https:\/\/yoast.com\/wordpress\/plugins\/seo\/ -->\n<title>Cherie L-Ohrringe mit Quaste - Rose Gold und Silber - Glowery<\/title>\n<meta name=\"robots\" content=\"index, follow, max-snippet:-1, max-image-preview:large, max-video-preview:-1\" \/>\n<link rel=\"canonical\" href=\"https:\/\/glowery.me\/de\/produkt\/cherie-l-ohrringe-mit-quaste-rose-gold-und-silber\/\" \/>\n<meta property=\"og:locale\" content=\"de_DE\" \/>\n<meta property=\"og:type\" content=\"article\" \/>\n<meta property=\"og:title\" content=\"Cherie L-Ohrringe mit Quaste - Rose Gold und Silber - Glowery\" \/>\n<meta property=\"og:description\" content=\"Elegante, geschwungene Fassung, verziert mit schlanken Kettenquasten.L\u00e4nge des Ohrrings: 9 cmMyaMoon ist eine Schmuckmarke, die in Estland von einer Mutter und ihrer Tochtergegr\u00fcndet wurde. Ihr Schmuck ist schlicht und zeitlos und erg\u00e4nzt die Tr\u00e4gerin, anstatt mit ihrem Stil zu konkurrieren. Die St\u00fccke werden aus Sterlingsilber und sorgf\u00e4ltig ausgew\u00e4hlten Edelsteinen gefertigt. Material: 925 SilberL\u00e4nge: 9 cmEntworfen in Estland\" \/>\n<meta property=\"og:url\" content=\"https:\/\/glowery.me\/de\/produkt\/cherie-l-ohrringe-mit-quaste-rose-gold-und-silber\/\" \/>\n<meta property=\"og:site_name\" content=\"Glowery\" \/>\n<meta property=\"article:publisher\" content=\"https:\/\/www.facebook.com\/profile.php?id=61575866108739\" \/>\n<meta property=\"og:image\" content=\"https:\/\/glowery.me\/wp-content\/uploads\/2025\/04\/cherie-l-tassel-earrings-rose-gold-and-silver-1dad0fb4.jpg\" \/>\n\t<meta property=\"og:image:width\" content=\"1280\" \/>\n\t<meta property=\"og:image:height\" content=\"1280\" \/>\n\t<meta property=\"og:image:type\" content=\"image\/jpeg\" \/>\n<meta name=\"twitter:card\" content=\"summary_large_image\" \/>\n<script type=\"application\/ld+json\" class=\"yoast-schema-graph\">{\"@context\":\"https:\/\/schema.org\",\"@graph\":[{\"@type\":\"WebPage\",\"@id\":\"https:\/\/glowery.me\/de\/produkt\/cherie-l-ohrringe-mit-quaste-rose-gold-und-silber\/\",\"url\":\"https:\/\/glowery.me\/de\/produkt\/cherie-l-ohrringe-mit-quaste-rose-gold-und-silber\/\",\"name\":\"Cherie L-Ohrringe mit Quaste - Rose Gold und Silber - Glowery\",\"isPartOf\":{\"@id\":\"https:\/\/glowery.me\/#website\"},\"primaryImageOfPage\":{\"@id\":\"https:\/\/glowery.me\/de\/produkt\/cherie-l-ohrringe-mit-quaste-rose-gold-und-silber\/#primaryimage\"},\"image\":{\"@id\":\"https:\/\/glowery.me\/de\/produkt\/cherie-l-ohrringe-mit-quaste-rose-gold-und-silber\/#primaryimage\"},\"thumbnailUrl\":\"https:\/\/glowery.me\/wp-content\/uploads\/2025\/04\/cherie-l-tassel-earrings-rose-gold-and-silver-1dad0fb4.jpg\",\"datePublished\":\"2025-04-26T19:39:00+00:00\",\"breadcrumb\":{\"@id\":\"https:\/\/glowery.me\/de\/produkt\/cherie-l-ohrringe-mit-quaste-rose-gold-und-silber\/#breadcrumb\"},\"inLanguage\":\"de\",\"potentialAction\":[{\"@type\":\"ReadAction\",\"target\":[\"https:\/\/glowery.me\/de\/produkt\/cherie-l-ohrringe-mit-quaste-rose-gold-und-silber\/\"]}]},{\"@type\":\"ImageObject\",\"inLanguage\":\"de\",\"@id\":\"https:\/\/glowery.me\/de\/produkt\/cherie-l-ohrringe-mit-quaste-rose-gold-und-silber\/#primaryimage\",\"url\":\"https:\/\/glowery.me\/wp-content\/uploads\/2025\/04\/cherie-l-tassel-earrings-rose-gold-and-silver-1dad0fb4.jpg\",\"contentUrl\":\"https:\/\/glowery.me\/wp-content\/uploads\/2025\/04\/cherie-l-tassel-earrings-rose-gold-and-silver-1dad0fb4.jpg\",\"width\":1280,\"height\":1280},{\"@type\":\"BreadcrumbList\",\"@id\":\"https:\/\/glowery.me\/de\/produkt\/cherie-l-ohrringe-mit-quaste-rose-gold-und-silber\/#breadcrumb\",\"itemListElement\":[{\"@type\":\"ListItem\",\"position\":1,\"name\":\"Home\",\"item\":\"https:\/\/glowery.me\/de\/startseite\/\"},{\"@type\":\"ListItem\",\"position\":2,\"name\":\"Shop\",\"item\":\"https:\/\/glowery.me\/de\/shop\/\"},{\"@type\":\"ListItem\",\"position\":3,\"name\":\"Cherie L-Ohrringe mit Quaste &#8211; Rose Gold und Silber\"}]},{\"@type\":\"WebSite\",\"@id\":\"https:\/\/glowery.me\/#website\",\"url\":\"https:\/\/glowery.me\/\",\"name\":\"Glowery\",\"description\":\"Stilvolle Essentials \u2013 von zeitlosem Schmuck \u00fcber elegante Taschen und Schuhe bis hin zu ausgew\u00e4hlten Kleidern und nat\u00fcrlicher Kosmetik.\",\"publisher\":{\"@id\":\"https:\/\/glowery.me\/#organization\"},\"potentialAction\":[{\"@type\":\"SearchAction\",\"target\":{\"@type\":\"EntryPoint\",\"urlTemplate\":\"https:\/\/glowery.me\/?s={search_term_string}\"},\"query-input\":{\"@type\":\"PropertyValueSpecification\",\"valueRequired\":true,\"valueName\":\"search_term_string\"}}],\"inLanguage\":\"de\"},{\"@type\":\"Organization\",\"@id\":\"https:\/\/glowery.me\/#organization\",\"name\":\"Glowery\",\"url\":\"https:\/\/glowery.me\/\",\"logo\":{\"@type\":\"ImageObject\",\"inLanguage\":\"de\",\"@id\":\"https:\/\/glowery.me\/#\/schema\/logo\/image\/\",\"url\":\"https:\/\/glowery.me\/wp-content\/uploads\/2025\/05\/Glowery-e1746421067847.png\",\"contentUrl\":\"https:\/\/glowery.me\/wp-content\/uploads\/2025\/05\/Glowery-e1746421067847.png\",\"width\":494,\"height\":146,\"caption\":\"Glowery\"},\"image\":{\"@id\":\"https:\/\/glowery.me\/#\/schema\/logo\/image\/\"},\"sameAs\":[\"https:\/\/www.facebook.com\/profile.php?id=61575866108739\",\"https:\/\/www.instagram.com\/glowery.me\",\"https:\/\/www.tiktok.com\/@glowery.me?_t=ZN-8wLhgUVkGCk&_r=1\"]}]}<\/script>\n<!-- \/ Yoast SEO plugin. -->","yoast_head_json":{"title":"Cherie L-Ohrringe mit Quaste - Rose Gold und Silber - Glowery","robots":{"index":"index","follow":"follow","max-snippet":"max-snippet:-1","max-image-preview":"max-image-preview:large","max-video-preview":"max-video-preview:-1"},"canonical":"https:\/\/glowery.me\/de\/produkt\/cherie-l-ohrringe-mit-quaste-rose-gold-und-silber\/","og_locale":"de_DE","og_type":"article","og_title":"Cherie L-Ohrringe mit Quaste - Rose Gold und Silber - Glowery","og_description":"Elegante, geschwungene Fassung, verziert mit schlanken Kettenquasten.L\u00e4nge des Ohrrings: 9 cmMyaMoon ist eine Schmuckmarke, die in Estland von einer Mutter und ihrer Tochtergegr\u00fcndet wurde. Ihr Schmuck ist schlicht und zeitlos und erg\u00e4nzt die Tr\u00e4gerin, anstatt mit ihrem Stil zu konkurrieren. Die St\u00fccke werden aus Sterlingsilber und sorgf\u00e4ltig ausgew\u00e4hlten Edelsteinen gefertigt. Material: 925 SilberL\u00e4nge: 9 cmEntworfen in Estland","og_url":"https:\/\/glowery.me\/de\/produkt\/cherie-l-ohrringe-mit-quaste-rose-gold-und-silber\/","og_site_name":"Glowery","article_publisher":"https:\/\/www.facebook.com\/profile.php?id=61575866108739","og_image":[{"width":1280,"height":1280,"url":"https:\/\/glowery.me\/wp-content\/uploads\/2025\/04\/cherie-l-tassel-earrings-rose-gold-and-silver-1dad0fb4.jpg","type":"image\/jpeg"}],"twitter_card":"summary_large_image","schema":{"@context":"https:\/\/schema.org","@graph":[{"@type":"WebPage","@id":"https:\/\/glowery.me\/de\/produkt\/cherie-l-ohrringe-mit-quaste-rose-gold-und-silber\/","url":"https:\/\/glowery.me\/de\/produkt\/cherie-l-ohrringe-mit-quaste-rose-gold-und-silber\/","name":"Cherie L-Ohrringe mit Quaste - Rose Gold und Silber - Glowery","isPartOf":{"@id":"https:\/\/glowery.me\/#website"},"primaryImageOfPage":{"@id":"https:\/\/glowery.me\/de\/produkt\/cherie-l-ohrringe-mit-quaste-rose-gold-und-silber\/#primaryimage"},"image":{"@id":"https:\/\/glowery.me\/de\/produkt\/cherie-l-ohrringe-mit-quaste-rose-gold-und-silber\/#primaryimage"},"thumbnailUrl":"https:\/\/glowery.me\/wp-content\/uploads\/2025\/04\/cherie-l-tassel-earrings-rose-gold-and-silver-1dad0fb4.jpg","datePublished":"2025-04-26T19:39:00+00:00","breadcrumb":{"@id":"https:\/\/glowery.me\/de\/produkt\/cherie-l-ohrringe-mit-quaste-rose-gold-und-silber\/#breadcrumb"},"inLanguage":"de","potentialAction":[{"@type":"ReadAction","target":["https:\/\/glowery.me\/de\/produkt\/cherie-l-ohrringe-mit-quaste-rose-gold-und-silber\/"]}]},{"@type":"ImageObject","inLanguage":"de","@id":"https:\/\/glowery.me\/de\/produkt\/cherie-l-ohrringe-mit-quaste-rose-gold-und-silber\/#primaryimage","url":"https:\/\/glowery.me\/wp-content\/uploads\/2025\/04\/cherie-l-tassel-earrings-rose-gold-and-silver-1dad0fb4.jpg","contentUrl":"https:\/\/glowery.me\/wp-content\/uploads\/2025\/04\/cherie-l-tassel-earrings-rose-gold-and-silver-1dad0fb4.jpg","width":1280,"height":1280},{"@type":"BreadcrumbList","@id":"https:\/\/glowery.me\/de\/produkt\/cherie-l-ohrringe-mit-quaste-rose-gold-und-silber\/#breadcrumb","itemListElement":[{"@type":"ListItem","position":1,"name":"Home","item":"https:\/\/glowery.me\/de\/startseite\/"},{"@type":"ListItem","position":2,"name":"Shop","item":"https:\/\/glowery.me\/de\/shop\/"},{"@type":"ListItem","position":3,"name":"Cherie L-Ohrringe mit Quaste &#8211; Rose Gold und Silber"}]},{"@type":"WebSite","@id":"https:\/\/glowery.me\/#website","url":"https:\/\/glowery.me\/","name":"Glowery","description":"Stilvolle Essentials \u2013 von zeitlosem Schmuck \u00fcber elegante Taschen und Schuhe bis hin zu ausgew\u00e4hlten Kleidern und nat\u00fcrlicher Kosmetik.","publisher":{"@id":"https:\/\/glowery.me\/#organization"},"potentialAction":[{"@type":"SearchAction","target":{"@type":"EntryPoint","urlTemplate":"https:\/\/glowery.me\/?s={search_term_string}"},"query-input":{"@type":"PropertyValueSpecification","valueRequired":true,"valueName":"search_term_string"}}],"inLanguage":"de"},{"@type":"Organization","@id":"https:\/\/glowery.me\/#organization","name":"Glowery","url":"https:\/\/glowery.me\/","logo":{"@type":"ImageObject","inLanguage":"de","@id":"https:\/\/glowery.me\/#\/schema\/logo\/image\/","url":"https:\/\/glowery.me\/wp-content\/uploads\/2025\/05\/Glowery-e1746421067847.png","contentUrl":"https:\/\/glowery.me\/wp-content\/uploads\/2025\/05\/Glowery-e1746421067847.png","width":494,"height":146,"caption":"Glowery"},"image":{"@id":"https:\/\/glowery.me\/#\/schema\/logo\/image\/"},"sameAs":["https:\/\/www.facebook.com\/profile.php?id=61575866108739","https:\/\/www.instagram.com\/glowery.me","https:\/\/www.tiktok.com\/@glowery.me?_t=ZN-8wLhgUVkGCk&_r=1"]}]}},"jetpack_sharing_enabled":true,"_links":{"self":[{"href":"https:\/\/glowery.me\/de\/wp-json\/wp\/v2\/product\/25766","targetHints":{"allow":["GET"]}}],"collection":[{"href":"https:\/\/glowery.me\/de\/wp-json\/wp\/v2\/product"}],"about":[{"href":"https:\/\/glowery.me\/de\/wp-json\/wp\/v2\/types\/product"}],"replies":[{"embeddable":true,"href":"https:\/\/glowery.me\/de\/wp-json\/wp\/v2\/comments?post=25766"}],"wp:featuredmedia":[{"embeddable":true,"href":"https:\/\/glowery.me\/de\/wp-json\/wp\/v2\/media\/14866"}],"wp:attachment":[{"href":"https:\/\/glowery.me\/de\/wp-json\/wp\/v2\/media?parent=25766"}],"wp:term":[{"taxonomy":"product_brand","embeddable":true,"href":"https:\/\/glowery.me\/de\/wp-json\/wp\/v2\/product_brand?post=25766"},{"taxonomy":"product_cat","embeddable":true,"href":"https:\/\/glowery.me\/de\/wp-json\/wp\/v2\/product_cat?post=25766"},{"taxonomy":"product_tag","embeddable":true,"href":"https:\/\/glowery.me\/de\/wp-json\/wp\/v2\/product_tag?post=25766"}],"curies":[{"name":"wp","href":"https:\/\/api.w.org\/{rel}","templated":true}]}}