{"id":25843,"date":"2025-04-26T19:39:00","date_gmt":"2025-04-26T19:39:00","guid":{"rendered":"https:\/\/glowery.me\/produkt\/ohrringe-kitty-fuer-kinder\/"},"modified":"2025-04-26T19:39:00","modified_gmt":"2025-04-26T19:39:00","slug":"ohrringe-kitty-fuer-kinder","status":"publish","type":"product","link":"https:\/\/glowery.me\/de\/produkt\/ohrringe-kitty-fuer-kinder\/","title":{"rendered":"Ohrringe Kitty &#8211; F\u00fcr Kinder"},"content":{"rendered":"<p>Diese bezaubernden Ohrringe aus rhodiniertem 925er Silber zeigen ein niedliches Katzenmotiv, das mit Perlmutt und rosa Zirkoniasteinen verziert ist. Sie sind leicht und bequem und eignen sich perfekt f\u00fcr junge Katzenliebhaber. Die Ohrringe messen 13,5 x 9,9 mm f\u00fcr die Katze und 9 x 10,3 mm f\u00fcr die Pfote, was sie zu einem idealen Accessoire f\u00fcr den Alltag macht.  <\/p>\n<ul>\n<li>Metall: 925 Sterling-Silber, rhodiniert<\/li>\n<li>Stein: Perlmutt, Zirkon<\/li>\n<li>Gewicht: 2,62 Gramm<\/li>\n<li>Gr\u00f6\u00dfe der Katze: 13,5 x 9,9 mm<\/li>\n<li>Gr\u00f6\u00dfe der Pfote: 9 x 10,3 mm<\/li>\n<li>Hergestellt in Europa<\/li>\n<\/ul>\n","protected":false},"excerpt":{"rendered":"<p>Diese bezaubernden Ohrringe aus rhodiniertem 925er Silber zeigen ein niedliches Katzenmotiv, das mit Perlmutt und rosa Zirkoniasteinen verziert ist. Sie sind leicht und bequem und eignen sich perfekt f\u00fcr junge Katzenliebhaber. Die Ohrringe messen 13,5 x 9,9 mm f\u00fcr die Katze und 9 x 10,3 mm f\u00fcr die Pfote, was sie zu einem idealen Accessoire f\u00fcr den Alltag macht.  <\/p>\n<ul>\n<li>Metall: 925 Sterling-Silber, rhodiniert<\/li>\n<li>Stein: Perlmutt, Zirkon<\/li>\n<li>Gewicht: 2,62 Gramm<\/li>\n<li>Gr\u00f6\u00dfe der Katze: 13,5 x 9,9 mm<\/li>\n<li>Gr\u00f6\u00dfe der Pfote: 9 x 10,3 mm<\/li>\n<li>Hergestellt in Europa<\/li>\n<\/ul>\n","protected":false},"featured_media":14422,"comment_status":"open","ping_status":"closed","template":"","meta":[],"product_brand":[],"product_cat":[126,164],"product_tag":[],"class_list":{"0":"post-25843","1":"product","2":"type-product","3":"status-publish","4":"has-post-thumbnail","6":"product_cat-schmuck","7":"product_cat-schmuck-fur-kinder-de","9":"first","10":"instock","11":"shipping-taxable","12":"purchasable","13":"product-type-simple"},"yoast_head":"<!-- This site is optimized with the Yoast SEO plugin v25.3 - https:\/\/yoast.com\/wordpress\/plugins\/seo\/ -->\n<title>Ohrringe Kitty - F\u00fcr Kinder - Glowery<\/title>\n<meta name=\"robots\" content=\"index, follow, max-snippet:-1, max-image-preview:large, max-video-preview:-1\" \/>\n<link rel=\"canonical\" href=\"https:\/\/glowery.me\/de\/produkt\/ohrringe-kitty-fuer-kinder\/\" \/>\n<meta property=\"og:locale\" content=\"de_DE\" \/>\n<meta property=\"og:type\" content=\"article\" \/>\n<meta property=\"og:title\" content=\"Ohrringe Kitty - F\u00fcr Kinder - Glowery\" \/>\n<meta property=\"og:description\" content=\"Diese bezaubernden Ohrringe aus rhodiniertem 925er Silber zeigen ein niedliches Katzenmotiv, das mit Perlmutt und rosa Zirkoniasteinen verziert ist. Sie sind leicht und bequem und eignen sich perfekt f\u00fcr junge Katzenliebhaber. Die Ohrringe messen 13,5 x 9,9 mm f\u00fcr die Katze und 9 x 10,3 mm f\u00fcr die Pfote, was sie zu einem idealen Accessoire f\u00fcr den Alltag macht.  Metall: 925 Sterling-Silber, rhodiniert Stein: Perlmutt, Zirkon Gewicht: 2,62 Gramm Gr\u00f6\u00dfe der Katze: 13,5 x 9,9 mm Gr\u00f6\u00dfe der Pfote: 9 x 10,3 mm Hergestellt in Europa\" \/>\n<meta property=\"og:url\" content=\"https:\/\/glowery.me\/de\/produkt\/ohrringe-kitty-fuer-kinder\/\" \/>\n<meta property=\"og:site_name\" content=\"Glowery\" \/>\n<meta property=\"article:publisher\" content=\"https:\/\/www.facebook.com\/profile.php?id=61575866108739\" \/>\n<meta property=\"og:image\" content=\"https:\/\/glowery.me\/wp-content\/uploads\/2025\/04\/Dondella-laste-925-hobekorvarongad-Kitty-KVO2-1-E-1.jpg\" \/>\n\t<meta property=\"og:image:width\" content=\"1000\" \/>\n\t<meta property=\"og:image:height\" content=\"1400\" \/>\n\t<meta property=\"og:image:type\" content=\"image\/jpeg\" \/>\n<meta name=\"twitter:card\" content=\"summary_large_image\" \/>\n<script type=\"application\/ld+json\" class=\"yoast-schema-graph\">{\"@context\":\"https:\/\/schema.org\",\"@graph\":[{\"@type\":\"WebPage\",\"@id\":\"https:\/\/glowery.me\/de\/produkt\/ohrringe-kitty-fuer-kinder\/\",\"url\":\"https:\/\/glowery.me\/de\/produkt\/ohrringe-kitty-fuer-kinder\/\",\"name\":\"Ohrringe Kitty - F\u00fcr Kinder - Glowery\",\"isPartOf\":{\"@id\":\"https:\/\/glowery.me\/#website\"},\"primaryImageOfPage\":{\"@id\":\"https:\/\/glowery.me\/de\/produkt\/ohrringe-kitty-fuer-kinder\/#primaryimage\"},\"image\":{\"@id\":\"https:\/\/glowery.me\/de\/produkt\/ohrringe-kitty-fuer-kinder\/#primaryimage\"},\"thumbnailUrl\":\"https:\/\/glowery.me\/wp-content\/uploads\/2025\/04\/Dondella-laste-925-hobekorvarongad-Kitty-KVO2-1-E-1.jpg\",\"datePublished\":\"2025-04-26T19:39:00+00:00\",\"breadcrumb\":{\"@id\":\"https:\/\/glowery.me\/de\/produkt\/ohrringe-kitty-fuer-kinder\/#breadcrumb\"},\"inLanguage\":\"de\",\"potentialAction\":[{\"@type\":\"ReadAction\",\"target\":[\"https:\/\/glowery.me\/de\/produkt\/ohrringe-kitty-fuer-kinder\/\"]}]},{\"@type\":\"ImageObject\",\"inLanguage\":\"de\",\"@id\":\"https:\/\/glowery.me\/de\/produkt\/ohrringe-kitty-fuer-kinder\/#primaryimage\",\"url\":\"https:\/\/glowery.me\/wp-content\/uploads\/2025\/04\/Dondella-laste-925-hobekorvarongad-Kitty-KVO2-1-E-1.jpg\",\"contentUrl\":\"https:\/\/glowery.me\/wp-content\/uploads\/2025\/04\/Dondella-laste-925-hobekorvarongad-Kitty-KVO2-1-E-1.jpg\",\"width\":1000,\"height\":1400},{\"@type\":\"BreadcrumbList\",\"@id\":\"https:\/\/glowery.me\/de\/produkt\/ohrringe-kitty-fuer-kinder\/#breadcrumb\",\"itemListElement\":[{\"@type\":\"ListItem\",\"position\":1,\"name\":\"Home\",\"item\":\"https:\/\/glowery.me\/de\/startseite\/\"},{\"@type\":\"ListItem\",\"position\":2,\"name\":\"Shop\",\"item\":\"https:\/\/glowery.me\/de\/shop\/\"},{\"@type\":\"ListItem\",\"position\":3,\"name\":\"Ohrringe Kitty &#8211; F\u00fcr Kinder\"}]},{\"@type\":\"WebSite\",\"@id\":\"https:\/\/glowery.me\/#website\",\"url\":\"https:\/\/glowery.me\/\",\"name\":\"Glowery\",\"description\":\"Stilvolle Essentials \u2013 von zeitlosem Schmuck \u00fcber elegante Taschen und Schuhe bis hin zu ausgew\u00e4hlten Kleidern und nat\u00fcrlicher Kosmetik.\",\"publisher\":{\"@id\":\"https:\/\/glowery.me\/#organization\"},\"potentialAction\":[{\"@type\":\"SearchAction\",\"target\":{\"@type\":\"EntryPoint\",\"urlTemplate\":\"https:\/\/glowery.me\/?s={search_term_string}\"},\"query-input\":{\"@type\":\"PropertyValueSpecification\",\"valueRequired\":true,\"valueName\":\"search_term_string\"}}],\"inLanguage\":\"de\"},{\"@type\":\"Organization\",\"@id\":\"https:\/\/glowery.me\/#organization\",\"name\":\"Glowery\",\"url\":\"https:\/\/glowery.me\/\",\"logo\":{\"@type\":\"ImageObject\",\"inLanguage\":\"de\",\"@id\":\"https:\/\/glowery.me\/#\/schema\/logo\/image\/\",\"url\":\"https:\/\/glowery.me\/wp-content\/uploads\/2025\/05\/Glowery-e1746421067847.png\",\"contentUrl\":\"https:\/\/glowery.me\/wp-content\/uploads\/2025\/05\/Glowery-e1746421067847.png\",\"width\":494,\"height\":146,\"caption\":\"Glowery\"},\"image\":{\"@id\":\"https:\/\/glowery.me\/#\/schema\/logo\/image\/\"},\"sameAs\":[\"https:\/\/www.facebook.com\/profile.php?id=61575866108739\",\"https:\/\/www.instagram.com\/glowery.me\",\"https:\/\/www.tiktok.com\/@glowery.me?_t=ZN-8wLhgUVkGCk&_r=1\"]}]}<\/script>\n<!-- \/ Yoast SEO plugin. -->","yoast_head_json":{"title":"Ohrringe Kitty - F\u00fcr Kinder - Glowery","robots":{"index":"index","follow":"follow","max-snippet":"max-snippet:-1","max-image-preview":"max-image-preview:large","max-video-preview":"max-video-preview:-1"},"canonical":"https:\/\/glowery.me\/de\/produkt\/ohrringe-kitty-fuer-kinder\/","og_locale":"de_DE","og_type":"article","og_title":"Ohrringe Kitty - F\u00fcr Kinder - Glowery","og_description":"Diese bezaubernden Ohrringe aus rhodiniertem 925er Silber zeigen ein niedliches Katzenmotiv, das mit Perlmutt und rosa Zirkoniasteinen verziert ist. Sie sind leicht und bequem und eignen sich perfekt f\u00fcr junge Katzenliebhaber. Die Ohrringe messen 13,5 x 9,9 mm f\u00fcr die Katze und 9 x 10,3 mm f\u00fcr die Pfote, was sie zu einem idealen Accessoire f\u00fcr den Alltag macht.  Metall: 925 Sterling-Silber, rhodiniert Stein: Perlmutt, Zirkon Gewicht: 2,62 Gramm Gr\u00f6\u00dfe der Katze: 13,5 x 9,9 mm Gr\u00f6\u00dfe der Pfote: 9 x 10,3 mm Hergestellt in Europa","og_url":"https:\/\/glowery.me\/de\/produkt\/ohrringe-kitty-fuer-kinder\/","og_site_name":"Glowery","article_publisher":"https:\/\/www.facebook.com\/profile.php?id=61575866108739","og_image":[{"width":1000,"height":1400,"url":"https:\/\/glowery.me\/wp-content\/uploads\/2025\/04\/Dondella-laste-925-hobekorvarongad-Kitty-KVO2-1-E-1.jpg","type":"image\/jpeg"}],"twitter_card":"summary_large_image","schema":{"@context":"https:\/\/schema.org","@graph":[{"@type":"WebPage","@id":"https:\/\/glowery.me\/de\/produkt\/ohrringe-kitty-fuer-kinder\/","url":"https:\/\/glowery.me\/de\/produkt\/ohrringe-kitty-fuer-kinder\/","name":"Ohrringe Kitty - F\u00fcr Kinder - Glowery","isPartOf":{"@id":"https:\/\/glowery.me\/#website"},"primaryImageOfPage":{"@id":"https:\/\/glowery.me\/de\/produkt\/ohrringe-kitty-fuer-kinder\/#primaryimage"},"image":{"@id":"https:\/\/glowery.me\/de\/produkt\/ohrringe-kitty-fuer-kinder\/#primaryimage"},"thumbnailUrl":"https:\/\/glowery.me\/wp-content\/uploads\/2025\/04\/Dondella-laste-925-hobekorvarongad-Kitty-KVO2-1-E-1.jpg","datePublished":"2025-04-26T19:39:00+00:00","breadcrumb":{"@id":"https:\/\/glowery.me\/de\/produkt\/ohrringe-kitty-fuer-kinder\/#breadcrumb"},"inLanguage":"de","potentialAction":[{"@type":"ReadAction","target":["https:\/\/glowery.me\/de\/produkt\/ohrringe-kitty-fuer-kinder\/"]}]},{"@type":"ImageObject","inLanguage":"de","@id":"https:\/\/glowery.me\/de\/produkt\/ohrringe-kitty-fuer-kinder\/#primaryimage","url":"https:\/\/glowery.me\/wp-content\/uploads\/2025\/04\/Dondella-laste-925-hobekorvarongad-Kitty-KVO2-1-E-1.jpg","contentUrl":"https:\/\/glowery.me\/wp-content\/uploads\/2025\/04\/Dondella-laste-925-hobekorvarongad-Kitty-KVO2-1-E-1.jpg","width":1000,"height":1400},{"@type":"BreadcrumbList","@id":"https:\/\/glowery.me\/de\/produkt\/ohrringe-kitty-fuer-kinder\/#breadcrumb","itemListElement":[{"@type":"ListItem","position":1,"name":"Home","item":"https:\/\/glowery.me\/de\/startseite\/"},{"@type":"ListItem","position":2,"name":"Shop","item":"https:\/\/glowery.me\/de\/shop\/"},{"@type":"ListItem","position":3,"name":"Ohrringe Kitty &#8211; F\u00fcr Kinder"}]},{"@type":"WebSite","@id":"https:\/\/glowery.me\/#website","url":"https:\/\/glowery.me\/","name":"Glowery","description":"Stilvolle Essentials \u2013 von zeitlosem Schmuck \u00fcber elegante Taschen und Schuhe bis hin zu ausgew\u00e4hlten Kleidern und nat\u00fcrlicher Kosmetik.","publisher":{"@id":"https:\/\/glowery.me\/#organization"},"potentialAction":[{"@type":"SearchAction","target":{"@type":"EntryPoint","urlTemplate":"https:\/\/glowery.me\/?s={search_term_string}"},"query-input":{"@type":"PropertyValueSpecification","valueRequired":true,"valueName":"search_term_string"}}],"inLanguage":"de"},{"@type":"Organization","@id":"https:\/\/glowery.me\/#organization","name":"Glowery","url":"https:\/\/glowery.me\/","logo":{"@type":"ImageObject","inLanguage":"de","@id":"https:\/\/glowery.me\/#\/schema\/logo\/image\/","url":"https:\/\/glowery.me\/wp-content\/uploads\/2025\/05\/Glowery-e1746421067847.png","contentUrl":"https:\/\/glowery.me\/wp-content\/uploads\/2025\/05\/Glowery-e1746421067847.png","width":494,"height":146,"caption":"Glowery"},"image":{"@id":"https:\/\/glowery.me\/#\/schema\/logo\/image\/"},"sameAs":["https:\/\/www.facebook.com\/profile.php?id=61575866108739","https:\/\/www.instagram.com\/glowery.me","https:\/\/www.tiktok.com\/@glowery.me?_t=ZN-8wLhgUVkGCk&_r=1"]}]}},"jetpack_sharing_enabled":true,"_links":{"self":[{"href":"https:\/\/glowery.me\/de\/wp-json\/wp\/v2\/product\/25843","targetHints":{"allow":["GET"]}}],"collection":[{"href":"https:\/\/glowery.me\/de\/wp-json\/wp\/v2\/product"}],"about":[{"href":"https:\/\/glowery.me\/de\/wp-json\/wp\/v2\/types\/product"}],"replies":[{"embeddable":true,"href":"https:\/\/glowery.me\/de\/wp-json\/wp\/v2\/comments?post=25843"}],"wp:featuredmedia":[{"embeddable":true,"href":"https:\/\/glowery.me\/de\/wp-json\/wp\/v2\/media\/14422"}],"wp:attachment":[{"href":"https:\/\/glowery.me\/de\/wp-json\/wp\/v2\/media?parent=25843"}],"wp:term":[{"taxonomy":"product_brand","embeddable":true,"href":"https:\/\/glowery.me\/de\/wp-json\/wp\/v2\/product_brand?post=25843"},{"taxonomy":"product_cat","embeddable":true,"href":"https:\/\/glowery.me\/de\/wp-json\/wp\/v2\/product_cat?post=25843"},{"taxonomy":"product_tag","embeddable":true,"href":"https:\/\/glowery.me\/de\/wp-json\/wp\/v2\/product_tag?post=25843"}],"curies":[{"name":"wp","href":"https:\/\/api.w.org\/{rel}","templated":true}]}}