{"id":25851,"date":"2025-04-26T19:39:00","date_gmt":"2025-04-26T19:39:00","guid":{"rendered":"https:\/\/glowery.me\/produkt\/diffuser-set-halskette-und-armband-black-lava\/"},"modified":"2025-04-26T19:39:00","modified_gmt":"2025-04-26T19:39:00","slug":"diffuser-set-halskette-und-armband-black-lava","status":"publish","type":"product","link":"https:\/\/glowery.me\/de\/produkt\/diffuser-set-halskette-und-armband-black-lava\/","title":{"rendered":"Diffuser-Set, Halskette und Armband &#8211; Black Lava"},"content":{"rendered":"<p>Dieses auf den Kanarischen Inseln handgefertigte Set besteht aus einer 3-Perlen-Halskette aus Lavastein und einem passenden 1-Perlen-Armband. Beide haben Edelstahlketten mit goldenem Finish. <\/p>\n<p>Die Halskette wird mit einer 45 cm langen Kette und drei 8 mm Lavaperlen geliefert. Das Armband enth\u00e4lt eine einzelne schwarze Lavaperle an einer passenden Edelstahlkette. <\/p>\n<p>Lavasteine sind von Natur aus por\u00f6s und ideal f\u00fcr die Diffusion von \u00e4therischen \u00d6len. Geben Sie einen Tropfen Ihres Lieblingsduftes hinein und genie\u00dfen Sie den ganzen Tag lang das subtile Aroma. <\/p>\n<p>Jede Perle ist einzigartig in Form und Textur, da sie aus nat\u00fcrlichem Vulkangestein hergestellt wird.<\/p>\n<p>Gr\u00f6\u00dfen des Armbands:<\/p>\n<p>XS: 16 cm (6,3 Zoll)<\/p>\n<p>S: 17 cm (6,7 Zoll)<\/p>\n<p>M: 18 cm (7,1 Zoll)<\/p>\n<p>L: 19 cm (7,5 Zoll)<\/p>\n<p>XL: 20 cm (7,8 Zoll)<\/p>\n<p>XXL: 21 cm (8,26 Zoll)<\/p>\n","protected":false},"excerpt":{"rendered":"<p>Dieses auf den Kanarischen Inseln handgefertigte Set besteht aus einer 3-Perlen-Halskette aus Lavastein und einem passenden 1-Perlen-Armband. Beide haben Edelstahlketten mit goldenem Finish. <\/p>\n<p>Die Halskette wird mit einer 45 cm langen Kette und drei 8 mm Lavaperlen geliefert. Das Armband enth\u00e4lt eine einzelne schwarze Lavaperle an einer passenden Edelstahlkette. <\/p>\n<p>Lavasteine sind von Natur aus por\u00f6s und ideal f\u00fcr die Diffusion von \u00e4therischen \u00d6len. F\u00fcgen Sie einen Tropfen Ihres Lieblingsduftes hinzu und genie\u00dfen Sie den ganzen Tag \u00fcber das subtile Aroma. <\/p>\n<p>Jede Perle ist einzigartig in Form und Textur, da sie aus nat\u00fcrlichem Vulkangestein hergestellt wird.<\/p>\n<p>Gr\u00f6\u00dfen des Armbands:<\/p>\n<p>XS: 16 cm (6,3 Zoll)<\/p>\n<p>S: 17 cm (6,7 Zoll)<\/p>\n<p>M: 18 cm (7,1 Zoll)<\/p>\n<p>L: 19 cm (7,5 Zoll)<\/p>\n<p>XL: 20 cm (7,8 Zoll)<\/p>\n<p>XXL: 21 cm (8,26 Zoll)<\/p>\n","protected":false},"featured_media":14887,"comment_status":"open","ping_status":"closed","template":"","meta":[],"product_brand":[],"product_cat":[127,126],"product_tag":[],"class_list":{"0":"post-25851","1":"product","2":"type-product","3":"status-publish","4":"has-post-thumbnail","6":"product_cat-halsketten-de","7":"product_cat-schmuck","9":"first","10":"instock","11":"shipping-taxable","12":"purchasable","13":"product-type-variable"},"yoast_head":"<!-- This site is optimized with the Yoast SEO plugin v25.3 - https:\/\/yoast.com\/wordpress\/plugins\/seo\/ -->\n<title>Diffuser-Set, Halskette und Armband - Black Lava - Glowery<\/title>\n<meta name=\"robots\" content=\"index, follow, max-snippet:-1, max-image-preview:large, max-video-preview:-1\" \/>\n<link rel=\"canonical\" href=\"https:\/\/glowery.me\/de\/produkt\/diffuser-set-halskette-und-armband-black-lava\/\" \/>\n<meta property=\"og:locale\" content=\"de_DE\" \/>\n<meta property=\"og:type\" content=\"article\" \/>\n<meta property=\"og:title\" content=\"Diffuser-Set, Halskette und Armband - Black Lava - Glowery\" \/>\n<meta property=\"og:description\" content=\"Dieses auf den Kanarischen Inseln handgefertigte Set besteht aus einer 3-Perlen-Halskette aus Lavastein und einem passenden 1-Perlen-Armband. Beide haben Edelstahlketten mit goldenem Finish. Die Halskette wird mit einer 45 cm langen Kette und drei 8 mm Lavaperlen geliefert. Das Armband enth\u00e4lt eine einzelne schwarze Lavaperle an einer passenden Edelstahlkette. Lavasteine sind von Natur aus por\u00f6s und ideal f\u00fcr die Diffusion von \u00e4therischen \u00d6len. F\u00fcgen Sie einen Tropfen Ihres Lieblingsduftes hinzu und genie\u00dfen Sie den ganzen Tag \u00fcber das subtile Aroma. Jede Perle ist einzigartig in Form und Textur, da sie aus nat\u00fcrlichem Vulkangestein hergestellt wird.Gr\u00f6\u00dfen des Armbands:XS: 16 cm (6,3 Zoll)S: 17 cm (6,7 Zoll)M: 18 cm (7,1 Zoll)L: 19 cm (7,5 Zoll)XL: 20 cm (7,8 Zoll)XXL: 21 cm (8,26 Zoll)\" \/>\n<meta property=\"og:url\" content=\"https:\/\/glowery.me\/de\/produkt\/diffuser-set-halskette-und-armband-black-lava\/\" \/>\n<meta property=\"og:site_name\" content=\"Glowery\" \/>\n<meta property=\"article:publisher\" content=\"https:\/\/www.facebook.com\/profile.php?id=61575866108739\" \/>\n<meta property=\"og:image\" content=\"https:\/\/glowery.me\/wp-content\/uploads\/2025\/04\/diffuser-set-necklace-and-bracelet-black-lava-29508862.jpg\" \/>\n\t<meta property=\"og:image:width\" content=\"1500\" \/>\n\t<meta property=\"og:image:height\" content=\"1120\" \/>\n\t<meta property=\"og:image:type\" content=\"image\/jpeg\" \/>\n<meta name=\"twitter:card\" content=\"summary_large_image\" \/>\n<meta name=\"twitter:label1\" content=\"Gesch\u00e4tzte Lesezeit\" \/>\n\t<meta name=\"twitter:data1\" content=\"1\u00a0Minute\" \/>\n<script type=\"application\/ld+json\" class=\"yoast-schema-graph\">{\"@context\":\"https:\/\/schema.org\",\"@graph\":[{\"@type\":\"WebPage\",\"@id\":\"https:\/\/glowery.me\/de\/produkt\/diffuser-set-halskette-und-armband-black-lava\/\",\"url\":\"https:\/\/glowery.me\/de\/produkt\/diffuser-set-halskette-und-armband-black-lava\/\",\"name\":\"Diffuser-Set, Halskette und Armband - Black Lava - Glowery\",\"isPartOf\":{\"@id\":\"https:\/\/glowery.me\/#website\"},\"primaryImageOfPage\":{\"@id\":\"https:\/\/glowery.me\/de\/produkt\/diffuser-set-halskette-und-armband-black-lava\/#primaryimage\"},\"image\":{\"@id\":\"https:\/\/glowery.me\/de\/produkt\/diffuser-set-halskette-und-armband-black-lava\/#primaryimage\"},\"thumbnailUrl\":\"https:\/\/glowery.me\/wp-content\/uploads\/2025\/04\/diffuser-set-necklace-and-bracelet-black-lava-29508862.jpg\",\"datePublished\":\"2025-04-26T19:39:00+00:00\",\"breadcrumb\":{\"@id\":\"https:\/\/glowery.me\/de\/produkt\/diffuser-set-halskette-und-armband-black-lava\/#breadcrumb\"},\"inLanguage\":\"de\",\"potentialAction\":[{\"@type\":\"ReadAction\",\"target\":[\"https:\/\/glowery.me\/de\/produkt\/diffuser-set-halskette-und-armband-black-lava\/\"]}]},{\"@type\":\"ImageObject\",\"inLanguage\":\"de\",\"@id\":\"https:\/\/glowery.me\/de\/produkt\/diffuser-set-halskette-und-armband-black-lava\/#primaryimage\",\"url\":\"https:\/\/glowery.me\/wp-content\/uploads\/2025\/04\/diffuser-set-necklace-and-bracelet-black-lava-29508862.jpg\",\"contentUrl\":\"https:\/\/glowery.me\/wp-content\/uploads\/2025\/04\/diffuser-set-necklace-and-bracelet-black-lava-29508862.jpg\",\"width\":1500,\"height\":1120},{\"@type\":\"BreadcrumbList\",\"@id\":\"https:\/\/glowery.me\/de\/produkt\/diffuser-set-halskette-und-armband-black-lava\/#breadcrumb\",\"itemListElement\":[{\"@type\":\"ListItem\",\"position\":1,\"name\":\"Home\",\"item\":\"https:\/\/glowery.me\/de\/startseite\/\"},{\"@type\":\"ListItem\",\"position\":2,\"name\":\"Shop\",\"item\":\"https:\/\/glowery.me\/de\/shop\/\"},{\"@type\":\"ListItem\",\"position\":3,\"name\":\"Diffuser-Set, Halskette und Armband &#8211; Black Lava\"}]},{\"@type\":\"WebSite\",\"@id\":\"https:\/\/glowery.me\/#website\",\"url\":\"https:\/\/glowery.me\/\",\"name\":\"Glowery\",\"description\":\"Stilvolle Essentials \u2013 von zeitlosem Schmuck \u00fcber elegante Taschen und Schuhe bis hin zu ausgew\u00e4hlten Kleidern und nat\u00fcrlicher Kosmetik.\",\"publisher\":{\"@id\":\"https:\/\/glowery.me\/#organization\"},\"potentialAction\":[{\"@type\":\"SearchAction\",\"target\":{\"@type\":\"EntryPoint\",\"urlTemplate\":\"https:\/\/glowery.me\/?s={search_term_string}\"},\"query-input\":{\"@type\":\"PropertyValueSpecification\",\"valueRequired\":true,\"valueName\":\"search_term_string\"}}],\"inLanguage\":\"de\"},{\"@type\":\"Organization\",\"@id\":\"https:\/\/glowery.me\/#organization\",\"name\":\"Glowery\",\"url\":\"https:\/\/glowery.me\/\",\"logo\":{\"@type\":\"ImageObject\",\"inLanguage\":\"de\",\"@id\":\"https:\/\/glowery.me\/#\/schema\/logo\/image\/\",\"url\":\"https:\/\/glowery.me\/wp-content\/uploads\/2025\/05\/Glowery-e1746421067847.png\",\"contentUrl\":\"https:\/\/glowery.me\/wp-content\/uploads\/2025\/05\/Glowery-e1746421067847.png\",\"width\":494,\"height\":146,\"caption\":\"Glowery\"},\"image\":{\"@id\":\"https:\/\/glowery.me\/#\/schema\/logo\/image\/\"},\"sameAs\":[\"https:\/\/www.facebook.com\/profile.php?id=61575866108739\",\"https:\/\/www.instagram.com\/glowery.me\",\"https:\/\/www.tiktok.com\/@glowery.me?_t=ZN-8wLhgUVkGCk&_r=1\"]}]}<\/script>\n<!-- \/ Yoast SEO plugin. -->","yoast_head_json":{"title":"Diffuser-Set, Halskette und Armband - Black Lava - Glowery","robots":{"index":"index","follow":"follow","max-snippet":"max-snippet:-1","max-image-preview":"max-image-preview:large","max-video-preview":"max-video-preview:-1"},"canonical":"https:\/\/glowery.me\/de\/produkt\/diffuser-set-halskette-und-armband-black-lava\/","og_locale":"de_DE","og_type":"article","og_title":"Diffuser-Set, Halskette und Armband - Black Lava - Glowery","og_description":"Dieses auf den Kanarischen Inseln handgefertigte Set besteht aus einer 3-Perlen-Halskette aus Lavastein und einem passenden 1-Perlen-Armband. Beide haben Edelstahlketten mit goldenem Finish. Die Halskette wird mit einer 45 cm langen Kette und drei 8 mm Lavaperlen geliefert. Das Armband enth\u00e4lt eine einzelne schwarze Lavaperle an einer passenden Edelstahlkette. Lavasteine sind von Natur aus por\u00f6s und ideal f\u00fcr die Diffusion von \u00e4therischen \u00d6len. F\u00fcgen Sie einen Tropfen Ihres Lieblingsduftes hinzu und genie\u00dfen Sie den ganzen Tag \u00fcber das subtile Aroma. Jede Perle ist einzigartig in Form und Textur, da sie aus nat\u00fcrlichem Vulkangestein hergestellt wird.Gr\u00f6\u00dfen des Armbands:XS: 16 cm (6,3 Zoll)S: 17 cm (6,7 Zoll)M: 18 cm (7,1 Zoll)L: 19 cm (7,5 Zoll)XL: 20 cm (7,8 Zoll)XXL: 21 cm (8,26 Zoll)","og_url":"https:\/\/glowery.me\/de\/produkt\/diffuser-set-halskette-und-armband-black-lava\/","og_site_name":"Glowery","article_publisher":"https:\/\/www.facebook.com\/profile.php?id=61575866108739","og_image":[{"width":1500,"height":1120,"url":"https:\/\/glowery.me\/wp-content\/uploads\/2025\/04\/diffuser-set-necklace-and-bracelet-black-lava-29508862.jpg","type":"image\/jpeg"}],"twitter_card":"summary_large_image","twitter_misc":{"Gesch\u00e4tzte Lesezeit":"1\u00a0Minute"},"schema":{"@context":"https:\/\/schema.org","@graph":[{"@type":"WebPage","@id":"https:\/\/glowery.me\/de\/produkt\/diffuser-set-halskette-und-armband-black-lava\/","url":"https:\/\/glowery.me\/de\/produkt\/diffuser-set-halskette-und-armband-black-lava\/","name":"Diffuser-Set, Halskette und Armband - Black Lava - Glowery","isPartOf":{"@id":"https:\/\/glowery.me\/#website"},"primaryImageOfPage":{"@id":"https:\/\/glowery.me\/de\/produkt\/diffuser-set-halskette-und-armband-black-lava\/#primaryimage"},"image":{"@id":"https:\/\/glowery.me\/de\/produkt\/diffuser-set-halskette-und-armband-black-lava\/#primaryimage"},"thumbnailUrl":"https:\/\/glowery.me\/wp-content\/uploads\/2025\/04\/diffuser-set-necklace-and-bracelet-black-lava-29508862.jpg","datePublished":"2025-04-26T19:39:00+00:00","breadcrumb":{"@id":"https:\/\/glowery.me\/de\/produkt\/diffuser-set-halskette-und-armband-black-lava\/#breadcrumb"},"inLanguage":"de","potentialAction":[{"@type":"ReadAction","target":["https:\/\/glowery.me\/de\/produkt\/diffuser-set-halskette-und-armband-black-lava\/"]}]},{"@type":"ImageObject","inLanguage":"de","@id":"https:\/\/glowery.me\/de\/produkt\/diffuser-set-halskette-und-armband-black-lava\/#primaryimage","url":"https:\/\/glowery.me\/wp-content\/uploads\/2025\/04\/diffuser-set-necklace-and-bracelet-black-lava-29508862.jpg","contentUrl":"https:\/\/glowery.me\/wp-content\/uploads\/2025\/04\/diffuser-set-necklace-and-bracelet-black-lava-29508862.jpg","width":1500,"height":1120},{"@type":"BreadcrumbList","@id":"https:\/\/glowery.me\/de\/produkt\/diffuser-set-halskette-und-armband-black-lava\/#breadcrumb","itemListElement":[{"@type":"ListItem","position":1,"name":"Home","item":"https:\/\/glowery.me\/de\/startseite\/"},{"@type":"ListItem","position":2,"name":"Shop","item":"https:\/\/glowery.me\/de\/shop\/"},{"@type":"ListItem","position":3,"name":"Diffuser-Set, Halskette und Armband &#8211; Black Lava"}]},{"@type":"WebSite","@id":"https:\/\/glowery.me\/#website","url":"https:\/\/glowery.me\/","name":"Glowery","description":"Stilvolle Essentials \u2013 von zeitlosem Schmuck \u00fcber elegante Taschen und Schuhe bis hin zu ausgew\u00e4hlten Kleidern und nat\u00fcrlicher Kosmetik.","publisher":{"@id":"https:\/\/glowery.me\/#organization"},"potentialAction":[{"@type":"SearchAction","target":{"@type":"EntryPoint","urlTemplate":"https:\/\/glowery.me\/?s={search_term_string}"},"query-input":{"@type":"PropertyValueSpecification","valueRequired":true,"valueName":"search_term_string"}}],"inLanguage":"de"},{"@type":"Organization","@id":"https:\/\/glowery.me\/#organization","name":"Glowery","url":"https:\/\/glowery.me\/","logo":{"@type":"ImageObject","inLanguage":"de","@id":"https:\/\/glowery.me\/#\/schema\/logo\/image\/","url":"https:\/\/glowery.me\/wp-content\/uploads\/2025\/05\/Glowery-e1746421067847.png","contentUrl":"https:\/\/glowery.me\/wp-content\/uploads\/2025\/05\/Glowery-e1746421067847.png","width":494,"height":146,"caption":"Glowery"},"image":{"@id":"https:\/\/glowery.me\/#\/schema\/logo\/image\/"},"sameAs":["https:\/\/www.facebook.com\/profile.php?id=61575866108739","https:\/\/www.instagram.com\/glowery.me","https:\/\/www.tiktok.com\/@glowery.me?_t=ZN-8wLhgUVkGCk&_r=1"]}]}},"jetpack_sharing_enabled":true,"_links":{"self":[{"href":"https:\/\/glowery.me\/de\/wp-json\/wp\/v2\/product\/25851","targetHints":{"allow":["GET"]}}],"collection":[{"href":"https:\/\/glowery.me\/de\/wp-json\/wp\/v2\/product"}],"about":[{"href":"https:\/\/glowery.me\/de\/wp-json\/wp\/v2\/types\/product"}],"replies":[{"embeddable":true,"href":"https:\/\/glowery.me\/de\/wp-json\/wp\/v2\/comments?post=25851"}],"wp:featuredmedia":[{"embeddable":true,"href":"https:\/\/glowery.me\/de\/wp-json\/wp\/v2\/media\/14887"}],"wp:attachment":[{"href":"https:\/\/glowery.me\/de\/wp-json\/wp\/v2\/media?parent=25851"}],"wp:term":[{"taxonomy":"product_brand","embeddable":true,"href":"https:\/\/glowery.me\/de\/wp-json\/wp\/v2\/product_brand?post=25851"},{"taxonomy":"product_cat","embeddable":true,"href":"https:\/\/glowery.me\/de\/wp-json\/wp\/v2\/product_cat?post=25851"},{"taxonomy":"product_tag","embeddable":true,"href":"https:\/\/glowery.me\/de\/wp-json\/wp\/v2\/product_tag?post=25851"}],"curies":[{"name":"wp","href":"https:\/\/api.w.org\/{rel}","templated":true}]}}