{"id":25996,"date":"2025-04-26T19:37:00","date_gmt":"2025-04-26T19:37:00","guid":{"rendered":"https:\/\/glowery.me\/produkt\/doppeltes-wickelarmband-mit-schlitz-silberner-hakenverschluss\/"},"modified":"2025-04-26T19:37:00","modified_gmt":"2025-04-26T19:37:00","slug":"doppeltes-wickelarmband-mit-schlitz-silberner-hakenverschluss","status":"publish","type":"product","link":"https:\/\/glowery.me\/de\/produkt\/doppeltes-wickelarmband-mit-schlitz-silberner-hakenverschluss\/","title":{"rendered":"Doppeltes Wickelarmband mit Schlitz &#8211; Silberner Hakenverschluss"},"content":{"rendered":"<p>Doppelt gewickeltes, geschlitztes Armband mit einem silberfarbenen T-Bar-Haken-Verschluss.<\/p>\n<p>Erh\u00e4ltlich in schwarzem, braunem und wei\u00dfem Leder.<\/p>\n<p>Das verstellbare Armband ist in drei L\u00e4ngen erh\u00e4ltlich:<\/p>\n<p>S 13-16 cm\/ 5-6.3 Zoll<\/p>\n<p>M 16-19 cm\/ 6.3-7.5 Zoll<\/p>\n<p>L 19-23 cm\/ 7,5-9 Zoll<\/p>\n<p>Details:<\/p>\n<ul>\n<li>Breite 0,6 cm x 2 \/ 0,236 Zoll x 2<\/li>\n<li>Dicke des Leders 2 mm \/ 0.079 inches<\/li>\n<li>Material: Echtes Leder<\/li>\n<li>Nickelfreie Metallbeschl\u00e4ge<\/li>\n<li>Handgefertigt in Lettland<\/li>\n<\/ul>\n","protected":false},"excerpt":{"rendered":"<p>Doppelt gewickeltes, geschlitztes Armband mit einem silberfarbenen T-Bar-Haken-Verschluss.<\/p>\n<p>Erh\u00e4ltlich in schwarzem, braunem und wei\u00dfem Leder.<\/p>\n<p>Das verstellbare Armband ist in drei L\u00e4ngen erh\u00e4ltlich:<\/p>\n<p>S 13-16 cm\/ 5-6.3 Zoll<\/p>\n<p>M 16-19 cm\/ 6.3-7.5 Zoll<\/p>\n<p>L 19-23 cm\/ 7,5-9 Zoll<\/p>\n<p>Details:<\/p>\n<ul>\n<li>Breite 0,6 cm x 2 \/ 0,236 Zoll x 2<\/li>\n<li>Dicke des Leders 2 mm \/ 0.079 inches<\/li>\n<li>Material: Echtes Leder<\/li>\n<li>Nickelfreie Metallbeschl\u00e4ge<\/li>\n<li>Handgefertigt in Lettland<\/li>\n<\/ul>\n","protected":false},"featured_media":13399,"comment_status":"open","ping_status":"closed","template":"","meta":[],"product_brand":[],"product_cat":[154,126],"product_tag":[],"class_list":{"0":"post-25996","1":"product","2":"type-product","3":"status-publish","4":"has-post-thumbnail","6":"product_cat-armbander","7":"product_cat-schmuck","9":"first","10":"instock","11":"shipping-taxable","12":"purchasable","13":"product-type-variable"},"yoast_head":"<!-- This site is optimized with the Yoast SEO plugin v25.3 - https:\/\/yoast.com\/wordpress\/plugins\/seo\/ -->\n<title>Doppeltes Wickelarmband mit Schlitz - Silberner Hakenverschluss - Glowery<\/title>\n<meta name=\"robots\" content=\"index, follow, max-snippet:-1, max-image-preview:large, max-video-preview:-1\" \/>\n<link rel=\"canonical\" href=\"https:\/\/glowery.me\/de\/produkt\/doppeltes-wickelarmband-mit-schlitz-silberner-hakenverschluss\/\" \/>\n<meta property=\"og:locale\" content=\"de_DE\" \/>\n<meta property=\"og:type\" content=\"article\" \/>\n<meta property=\"og:title\" content=\"Doppeltes Wickelarmband mit Schlitz - Silberner Hakenverschluss - Glowery\" \/>\n<meta property=\"og:description\" content=\"Doppelt gewickeltes, geschlitztes Armband mit einem silberfarbenen T-Bar-Haken-Verschluss. Erh\u00e4ltlich in schwarzem, braunem und wei\u00dfem Leder. Das verstellbare Armband ist in drei L\u00e4ngen erh\u00e4ltlich: S 13-16 cm\/ 5-6.3 Zoll M 16-19 cm\/ 6.3-7.5 Zoll L 19-23 cm\/ 7,5-9 Zoll Details: Breite 0,6 cm x 2 \/ 0,236 Zoll x 2 Dicke des Leders 2 mm \/ 0.079 inches Material: Echtes Leder Nickelfreie Metallbeschl\u00e4ge Handgefertigt in Lettland\" \/>\n<meta property=\"og:url\" content=\"https:\/\/glowery.me\/de\/produkt\/doppeltes-wickelarmband-mit-schlitz-silberner-hakenverschluss\/\" \/>\n<meta property=\"og:site_name\" content=\"Glowery\" \/>\n<meta property=\"article:publisher\" content=\"https:\/\/www.facebook.com\/profile.php?id=61575866108739\" \/>\n<meta property=\"og:image\" content=\"https:\/\/glowery.me\/wp-content\/uploads\/2025\/04\/e46d50_9703fbe7aa134146be8e5e044c3a32f4mv2.jpg\" \/>\n\t<meta property=\"og:image:width\" content=\"1000\" \/>\n\t<meta property=\"og:image:height\" content=\"1000\" \/>\n\t<meta property=\"og:image:type\" content=\"image\/jpeg\" \/>\n<meta name=\"twitter:card\" content=\"summary_large_image\" \/>\n<script type=\"application\/ld+json\" class=\"yoast-schema-graph\">{\"@context\":\"https:\/\/schema.org\",\"@graph\":[{\"@type\":\"WebPage\",\"@id\":\"https:\/\/glowery.me\/de\/produkt\/doppeltes-wickelarmband-mit-schlitz-silberner-hakenverschluss\/\",\"url\":\"https:\/\/glowery.me\/de\/produkt\/doppeltes-wickelarmband-mit-schlitz-silberner-hakenverschluss\/\",\"name\":\"Doppeltes Wickelarmband mit Schlitz - Silberner Hakenverschluss - Glowery\",\"isPartOf\":{\"@id\":\"https:\/\/glowery.me\/#website\"},\"primaryImageOfPage\":{\"@id\":\"https:\/\/glowery.me\/de\/produkt\/doppeltes-wickelarmband-mit-schlitz-silberner-hakenverschluss\/#primaryimage\"},\"image\":{\"@id\":\"https:\/\/glowery.me\/de\/produkt\/doppeltes-wickelarmband-mit-schlitz-silberner-hakenverschluss\/#primaryimage\"},\"thumbnailUrl\":\"https:\/\/glowery.me\/wp-content\/uploads\/2025\/04\/e46d50_9703fbe7aa134146be8e5e044c3a32f4mv2.jpg\",\"datePublished\":\"2025-04-26T19:37:00+00:00\",\"breadcrumb\":{\"@id\":\"https:\/\/glowery.me\/de\/produkt\/doppeltes-wickelarmband-mit-schlitz-silberner-hakenverschluss\/#breadcrumb\"},\"inLanguage\":\"de\",\"potentialAction\":[{\"@type\":\"ReadAction\",\"target\":[\"https:\/\/glowery.me\/de\/produkt\/doppeltes-wickelarmband-mit-schlitz-silberner-hakenverschluss\/\"]}]},{\"@type\":\"ImageObject\",\"inLanguage\":\"de\",\"@id\":\"https:\/\/glowery.me\/de\/produkt\/doppeltes-wickelarmband-mit-schlitz-silberner-hakenverschluss\/#primaryimage\",\"url\":\"https:\/\/glowery.me\/wp-content\/uploads\/2025\/04\/e46d50_9703fbe7aa134146be8e5e044c3a32f4mv2.jpg\",\"contentUrl\":\"https:\/\/glowery.me\/wp-content\/uploads\/2025\/04\/e46d50_9703fbe7aa134146be8e5e044c3a32f4mv2.jpg\",\"width\":1000,\"height\":1000},{\"@type\":\"BreadcrumbList\",\"@id\":\"https:\/\/glowery.me\/de\/produkt\/doppeltes-wickelarmband-mit-schlitz-silberner-hakenverschluss\/#breadcrumb\",\"itemListElement\":[{\"@type\":\"ListItem\",\"position\":1,\"name\":\"Home\",\"item\":\"https:\/\/glowery.me\/de\/startseite\/\"},{\"@type\":\"ListItem\",\"position\":2,\"name\":\"Shop\",\"item\":\"https:\/\/glowery.me\/de\/shop\/\"},{\"@type\":\"ListItem\",\"position\":3,\"name\":\"Doppeltes Wickelarmband mit Schlitz &#8211; Silberner Hakenverschluss\"}]},{\"@type\":\"WebSite\",\"@id\":\"https:\/\/glowery.me\/#website\",\"url\":\"https:\/\/glowery.me\/\",\"name\":\"Glowery\",\"description\":\"Stilvolle Essentials \u2013 von zeitlosem Schmuck \u00fcber elegante Taschen und Schuhe bis hin zu ausgew\u00e4hlten Kleidern und nat\u00fcrlicher Kosmetik.\",\"publisher\":{\"@id\":\"https:\/\/glowery.me\/#organization\"},\"potentialAction\":[{\"@type\":\"SearchAction\",\"target\":{\"@type\":\"EntryPoint\",\"urlTemplate\":\"https:\/\/glowery.me\/?s={search_term_string}\"},\"query-input\":{\"@type\":\"PropertyValueSpecification\",\"valueRequired\":true,\"valueName\":\"search_term_string\"}}],\"inLanguage\":\"de\"},{\"@type\":\"Organization\",\"@id\":\"https:\/\/glowery.me\/#organization\",\"name\":\"Glowery\",\"url\":\"https:\/\/glowery.me\/\",\"logo\":{\"@type\":\"ImageObject\",\"inLanguage\":\"de\",\"@id\":\"https:\/\/glowery.me\/#\/schema\/logo\/image\/\",\"url\":\"https:\/\/glowery.me\/wp-content\/uploads\/2025\/05\/Glowery-e1746421067847.png\",\"contentUrl\":\"https:\/\/glowery.me\/wp-content\/uploads\/2025\/05\/Glowery-e1746421067847.png\",\"width\":494,\"height\":146,\"caption\":\"Glowery\"},\"image\":{\"@id\":\"https:\/\/glowery.me\/#\/schema\/logo\/image\/\"},\"sameAs\":[\"https:\/\/www.facebook.com\/profile.php?id=61575866108739\",\"https:\/\/www.instagram.com\/glowery.me\",\"https:\/\/www.tiktok.com\/@glowery.me?_t=ZN-8wLhgUVkGCk&_r=1\"]}]}<\/script>\n<!-- \/ Yoast SEO plugin. -->","yoast_head_json":{"title":"Doppeltes Wickelarmband mit Schlitz - Silberner Hakenverschluss - Glowery","robots":{"index":"index","follow":"follow","max-snippet":"max-snippet:-1","max-image-preview":"max-image-preview:large","max-video-preview":"max-video-preview:-1"},"canonical":"https:\/\/glowery.me\/de\/produkt\/doppeltes-wickelarmband-mit-schlitz-silberner-hakenverschluss\/","og_locale":"de_DE","og_type":"article","og_title":"Doppeltes Wickelarmband mit Schlitz - Silberner Hakenverschluss - Glowery","og_description":"Doppelt gewickeltes, geschlitztes Armband mit einem silberfarbenen T-Bar-Haken-Verschluss. Erh\u00e4ltlich in schwarzem, braunem und wei\u00dfem Leder. Das verstellbare Armband ist in drei L\u00e4ngen erh\u00e4ltlich: S 13-16 cm\/ 5-6.3 Zoll M 16-19 cm\/ 6.3-7.5 Zoll L 19-23 cm\/ 7,5-9 Zoll Details: Breite 0,6 cm x 2 \/ 0,236 Zoll x 2 Dicke des Leders 2 mm \/ 0.079 inches Material: Echtes Leder Nickelfreie Metallbeschl\u00e4ge Handgefertigt in Lettland","og_url":"https:\/\/glowery.me\/de\/produkt\/doppeltes-wickelarmband-mit-schlitz-silberner-hakenverschluss\/","og_site_name":"Glowery","article_publisher":"https:\/\/www.facebook.com\/profile.php?id=61575866108739","og_image":[{"width":1000,"height":1000,"url":"https:\/\/glowery.me\/wp-content\/uploads\/2025\/04\/e46d50_9703fbe7aa134146be8e5e044c3a32f4mv2.jpg","type":"image\/jpeg"}],"twitter_card":"summary_large_image","schema":{"@context":"https:\/\/schema.org","@graph":[{"@type":"WebPage","@id":"https:\/\/glowery.me\/de\/produkt\/doppeltes-wickelarmband-mit-schlitz-silberner-hakenverschluss\/","url":"https:\/\/glowery.me\/de\/produkt\/doppeltes-wickelarmband-mit-schlitz-silberner-hakenverschluss\/","name":"Doppeltes Wickelarmband mit Schlitz - Silberner Hakenverschluss - Glowery","isPartOf":{"@id":"https:\/\/glowery.me\/#website"},"primaryImageOfPage":{"@id":"https:\/\/glowery.me\/de\/produkt\/doppeltes-wickelarmband-mit-schlitz-silberner-hakenverschluss\/#primaryimage"},"image":{"@id":"https:\/\/glowery.me\/de\/produkt\/doppeltes-wickelarmband-mit-schlitz-silberner-hakenverschluss\/#primaryimage"},"thumbnailUrl":"https:\/\/glowery.me\/wp-content\/uploads\/2025\/04\/e46d50_9703fbe7aa134146be8e5e044c3a32f4mv2.jpg","datePublished":"2025-04-26T19:37:00+00:00","breadcrumb":{"@id":"https:\/\/glowery.me\/de\/produkt\/doppeltes-wickelarmband-mit-schlitz-silberner-hakenverschluss\/#breadcrumb"},"inLanguage":"de","potentialAction":[{"@type":"ReadAction","target":["https:\/\/glowery.me\/de\/produkt\/doppeltes-wickelarmband-mit-schlitz-silberner-hakenverschluss\/"]}]},{"@type":"ImageObject","inLanguage":"de","@id":"https:\/\/glowery.me\/de\/produkt\/doppeltes-wickelarmband-mit-schlitz-silberner-hakenverschluss\/#primaryimage","url":"https:\/\/glowery.me\/wp-content\/uploads\/2025\/04\/e46d50_9703fbe7aa134146be8e5e044c3a32f4mv2.jpg","contentUrl":"https:\/\/glowery.me\/wp-content\/uploads\/2025\/04\/e46d50_9703fbe7aa134146be8e5e044c3a32f4mv2.jpg","width":1000,"height":1000},{"@type":"BreadcrumbList","@id":"https:\/\/glowery.me\/de\/produkt\/doppeltes-wickelarmband-mit-schlitz-silberner-hakenverschluss\/#breadcrumb","itemListElement":[{"@type":"ListItem","position":1,"name":"Home","item":"https:\/\/glowery.me\/de\/startseite\/"},{"@type":"ListItem","position":2,"name":"Shop","item":"https:\/\/glowery.me\/de\/shop\/"},{"@type":"ListItem","position":3,"name":"Doppeltes Wickelarmband mit Schlitz &#8211; Silberner Hakenverschluss"}]},{"@type":"WebSite","@id":"https:\/\/glowery.me\/#website","url":"https:\/\/glowery.me\/","name":"Glowery","description":"Stilvolle Essentials \u2013 von zeitlosem Schmuck \u00fcber elegante Taschen und Schuhe bis hin zu ausgew\u00e4hlten Kleidern und nat\u00fcrlicher Kosmetik.","publisher":{"@id":"https:\/\/glowery.me\/#organization"},"potentialAction":[{"@type":"SearchAction","target":{"@type":"EntryPoint","urlTemplate":"https:\/\/glowery.me\/?s={search_term_string}"},"query-input":{"@type":"PropertyValueSpecification","valueRequired":true,"valueName":"search_term_string"}}],"inLanguage":"de"},{"@type":"Organization","@id":"https:\/\/glowery.me\/#organization","name":"Glowery","url":"https:\/\/glowery.me\/","logo":{"@type":"ImageObject","inLanguage":"de","@id":"https:\/\/glowery.me\/#\/schema\/logo\/image\/","url":"https:\/\/glowery.me\/wp-content\/uploads\/2025\/05\/Glowery-e1746421067847.png","contentUrl":"https:\/\/glowery.me\/wp-content\/uploads\/2025\/05\/Glowery-e1746421067847.png","width":494,"height":146,"caption":"Glowery"},"image":{"@id":"https:\/\/glowery.me\/#\/schema\/logo\/image\/"},"sameAs":["https:\/\/www.facebook.com\/profile.php?id=61575866108739","https:\/\/www.instagram.com\/glowery.me","https:\/\/www.tiktok.com\/@glowery.me?_t=ZN-8wLhgUVkGCk&_r=1"]}]}},"jetpack_sharing_enabled":true,"_links":{"self":[{"href":"https:\/\/glowery.me\/de\/wp-json\/wp\/v2\/product\/25996","targetHints":{"allow":["GET"]}}],"collection":[{"href":"https:\/\/glowery.me\/de\/wp-json\/wp\/v2\/product"}],"about":[{"href":"https:\/\/glowery.me\/de\/wp-json\/wp\/v2\/types\/product"}],"replies":[{"embeddable":true,"href":"https:\/\/glowery.me\/de\/wp-json\/wp\/v2\/comments?post=25996"}],"wp:featuredmedia":[{"embeddable":true,"href":"https:\/\/glowery.me\/de\/wp-json\/wp\/v2\/media\/13399"}],"wp:attachment":[{"href":"https:\/\/glowery.me\/de\/wp-json\/wp\/v2\/media?parent=25996"}],"wp:term":[{"taxonomy":"product_brand","embeddable":true,"href":"https:\/\/glowery.me\/de\/wp-json\/wp\/v2\/product_brand?post=25996"},{"taxonomy":"product_cat","embeddable":true,"href":"https:\/\/glowery.me\/de\/wp-json\/wp\/v2\/product_cat?post=25996"},{"taxonomy":"product_tag","embeddable":true,"href":"https:\/\/glowery.me\/de\/wp-json\/wp\/v2\/product_tag?post=25996"}],"curies":[{"name":"wp","href":"https:\/\/api.w.org\/{rel}","templated":true}]}}