{"id":26048,"date":"2025-04-26T19:37:00","date_gmt":"2025-04-26T19:37:00","guid":{"rendered":"https:\/\/glowery.me\/produkt\/illumi-ohrstecker-rosegold-und-silber\/"},"modified":"2025-04-26T19:37:00","modified_gmt":"2025-04-26T19:37:00","slug":"illumi-ohrstecker-rosegold-und-silber","status":"publish","type":"product","link":"https:\/\/glowery.me\/de\/produkt\/illumi-ohrstecker-rosegold-und-silber\/","title":{"rendered":"Illumi Ohrstecker &#8211; Ros\u00e9gold und Silber"},"content":{"rendered":"<p>Kaum wahrnehmbare, aber leuchtende <strong>Punktohrringe<\/strong> mit klarem Zirkon und einem <strong>Durchmesser von 4 mm<\/strong>.<br \/>Hergestellt aus 925er Silber, erh\u00e4ltlich in Ros\u00e9gold oder rhodiniert.<\/p>\n<p>Tragen Sie einen oder mehrere auf einmal!<\/p>\n<p><strong>MyaMoon ist eine Schmuckmarke, die in Estland<\/strong> <strong>von einer Mutter und ihrer Tochter<\/strong><strong>gegr\u00fcndet wurde<\/strong>. Ihr Schmuck ist <strong>schlicht und zeitlos<\/strong> und erg\u00e4nzt die Tr\u00e4gerin, anstatt mit ihrem Stil zu konkurrieren. Die St\u00fccke werden aus Sterlingsilber und sorgf\u00e4ltig ausgew\u00e4hlten Edelsteinen gefertigt.  <\/p>\n<ul>\n<li>\n<p>Material: 925 Silber<\/p>\n<\/li>\n<li>\n<p>Durchmesser: 4 mm<\/p>\n<\/li>\n<li>\n<p>Zirkonoptionen: wei\u00df, gr\u00fcn, schwarz und rosa<\/p>\n<\/li>\n<li>\n<p>Entworfen in Estland<\/p>\n<\/li>\n<\/ul>\n<p>\/\/<\/p>\n<p>EST:<\/p>\n<p>Peaaegu m\u00e4rkamatu aga s\u00e4rav 4mm l\u00e4bim\u00f5\u00f5duga t\u00e4pp tsirkooniga!<\/p>\n<p>Valmistatud 925 h\u00f5bedast, valikus roosa kulla v\u00f5i roodiumiga kaetud viimistlus ning valge, roheline, must v\u00f5i roosa tsirkoon.<\/p>\n<p>Kanna \u00fckshaaval v\u00f5i mitut korraga!<\/p>\n","protected":false},"excerpt":{"rendered":"<p>Kaum wahrnehmbare, aber leuchtende <strong>Ohrringe mit 4 mm Durchmesser<\/strong> und klarem Zirkon.<br \/>Hergestellt aus 925er Silber, erh\u00e4ltlich in Ros\u00e9gold oder Rhodium.<\/p>\n<p>Tragen Sie einen oder mehrere auf einmal!<\/p>\n<p><strong>MyaMoon ist eine Schmuckmarke, die in Estland<\/strong> <strong>von einer Mutter und ihrer Tochter<\/strong><strong>gegr\u00fcndet wurde<\/strong>. Ihr Schmuck ist <strong>schlicht und zeitlos<\/strong> und erg\u00e4nzt die Tr\u00e4gerin, anstatt mit ihrem Stil zu konkurrieren. Die St\u00fccke werden aus Sterlingsilber und sorgf\u00e4ltig ausgew\u00e4hlten Edelsteinen gefertigt.  <\/p>\n<ul>\n<li>\n<p>Material: 925 Silber<\/p>\n<\/li>\n<li>\n<p>Durchmesser: 4 mm<\/p>\n<\/li>\n<li>\n<p>Zirkonoptionen: wei\u00df, gr\u00fcn, schwarz und rosa<\/p>\n<\/li>\n<li>\n<p>Entworfen in Estland<\/p>\n<\/li>\n<\/ul>\n<p>\/\/<\/p>\n<p>EST:<\/p>\n<p>Peaaegu m\u00e4rkamatu aga s\u00e4rav 4mm l\u00e4bim\u00f5\u00f5duga t\u00e4pp tsirkooniga!<\/p>\n<p>Valmistatud 925 h\u00f5bedast, valikus roosa kulla v\u00f5i roodiumiga kaetud viimistlus ning valge, roheline, must v\u00f5i roosa tsirkoon.<\/p>\n<p>Kanna \u00fckshaaval v\u00f5i mitut korraga!<\/p>\n","protected":false},"featured_media":13285,"comment_status":"open","ping_status":"closed","template":"","meta":[],"product_brand":[],"product_cat":[128,126],"product_tag":[],"class_list":{"0":"post-26048","1":"product","2":"type-product","3":"status-publish","4":"has-post-thumbnail","6":"product_cat-ohrringe","7":"product_cat-schmuck","9":"first","10":"instock","11":"shipping-taxable","12":"purchasable","13":"product-type-variable"},"yoast_head":"<!-- This site is optimized with the Yoast SEO plugin v25.3 - https:\/\/yoast.com\/wordpress\/plugins\/seo\/ -->\n<title>Illumi Ohrstecker - Ros\u00e9gold und Silber - Glowery<\/title>\n<meta name=\"robots\" content=\"index, follow, max-snippet:-1, max-image-preview:large, max-video-preview:-1\" \/>\n<link rel=\"canonical\" href=\"https:\/\/glowery.me\/de\/produkt\/illumi-ohrstecker-rosegold-und-silber\/\" \/>\n<meta property=\"og:locale\" content=\"de_DE\" \/>\n<meta property=\"og:type\" content=\"article\" \/>\n<meta property=\"og:title\" content=\"Illumi Ohrstecker - Ros\u00e9gold und Silber - Glowery\" \/>\n<meta property=\"og:description\" content=\"Kaum wahrnehmbare, aber leuchtende Ohrringe mit 4 mm Durchmesser und klarem Zirkon.Hergestellt aus 925er Silber, erh\u00e4ltlich in Ros\u00e9gold oder Rhodium.Tragen Sie einen oder mehrere auf einmal!MyaMoon ist eine Schmuckmarke, die in Estland von einer Mutter und ihrer Tochtergegr\u00fcndet wurde. Ihr Schmuck ist schlicht und zeitlos und erg\u00e4nzt die Tr\u00e4gerin, anstatt mit ihrem Stil zu konkurrieren. Die St\u00fccke werden aus Sterlingsilber und sorgf\u00e4ltig ausgew\u00e4hlten Edelsteinen gefertigt. Material: 925 SilberDurchmesser: 4 mmZirkonoptionen: wei\u00df, gr\u00fcn, schwarz und rosaEntworfen in Estland\/\/EST:Peaaegu m\u00e4rkamatu aga s\u00e4rav 4mm l\u00e4bim\u00f5\u00f5duga t\u00e4pp tsirkooniga!Valmistatud 925 h\u00f5bedast, valikus roosa kulla v\u00f5i roodiumiga kaetud viimistlus ning valge, roheline, must v\u00f5i roosa tsirkoon.Kanna \u00fckshaaval v\u00f5i mitut korraga!\" \/>\n<meta property=\"og:url\" content=\"https:\/\/glowery.me\/de\/produkt\/illumi-ohrstecker-rosegold-und-silber\/\" \/>\n<meta property=\"og:site_name\" content=\"Glowery\" \/>\n<meta property=\"article:publisher\" content=\"https:\/\/www.facebook.com\/profile.php?id=61575866108739\" \/>\n<meta property=\"og:image\" content=\"https:\/\/glowery.me\/wp-content\/uploads\/2025\/04\/illumi_whiteZC_silver_myamoon_large.jpg\" \/>\n\t<meta property=\"og:image:width\" content=\"1280\" \/>\n\t<meta property=\"og:image:height\" content=\"1279\" \/>\n\t<meta property=\"og:image:type\" content=\"image\/jpeg\" \/>\n<meta name=\"twitter:card\" content=\"summary_large_image\" \/>\n<meta name=\"twitter:label1\" content=\"Gesch\u00e4tzte Lesezeit\" \/>\n\t<meta name=\"twitter:data1\" content=\"1\u00a0Minute\" \/>\n<script type=\"application\/ld+json\" class=\"yoast-schema-graph\">{\"@context\":\"https:\/\/schema.org\",\"@graph\":[{\"@type\":\"WebPage\",\"@id\":\"https:\/\/glowery.me\/de\/produkt\/illumi-ohrstecker-rosegold-und-silber\/\",\"url\":\"https:\/\/glowery.me\/de\/produkt\/illumi-ohrstecker-rosegold-und-silber\/\",\"name\":\"Illumi Ohrstecker - Ros\u00e9gold und Silber - Glowery\",\"isPartOf\":{\"@id\":\"https:\/\/glowery.me\/#website\"},\"primaryImageOfPage\":{\"@id\":\"https:\/\/glowery.me\/de\/produkt\/illumi-ohrstecker-rosegold-und-silber\/#primaryimage\"},\"image\":{\"@id\":\"https:\/\/glowery.me\/de\/produkt\/illumi-ohrstecker-rosegold-und-silber\/#primaryimage\"},\"thumbnailUrl\":\"https:\/\/glowery.me\/wp-content\/uploads\/2025\/04\/illumi_whiteZC_silver_myamoon_large.jpg\",\"datePublished\":\"2025-04-26T19:37:00+00:00\",\"breadcrumb\":{\"@id\":\"https:\/\/glowery.me\/de\/produkt\/illumi-ohrstecker-rosegold-und-silber\/#breadcrumb\"},\"inLanguage\":\"de\",\"potentialAction\":[{\"@type\":\"ReadAction\",\"target\":[\"https:\/\/glowery.me\/de\/produkt\/illumi-ohrstecker-rosegold-und-silber\/\"]}]},{\"@type\":\"ImageObject\",\"inLanguage\":\"de\",\"@id\":\"https:\/\/glowery.me\/de\/produkt\/illumi-ohrstecker-rosegold-und-silber\/#primaryimage\",\"url\":\"https:\/\/glowery.me\/wp-content\/uploads\/2025\/04\/illumi_whiteZC_silver_myamoon_large.jpg\",\"contentUrl\":\"https:\/\/glowery.me\/wp-content\/uploads\/2025\/04\/illumi_whiteZC_silver_myamoon_large.jpg\",\"width\":1280,\"height\":1279},{\"@type\":\"BreadcrumbList\",\"@id\":\"https:\/\/glowery.me\/de\/produkt\/illumi-ohrstecker-rosegold-und-silber\/#breadcrumb\",\"itemListElement\":[{\"@type\":\"ListItem\",\"position\":1,\"name\":\"Home\",\"item\":\"https:\/\/glowery.me\/de\/startseite\/\"},{\"@type\":\"ListItem\",\"position\":2,\"name\":\"Shop\",\"item\":\"https:\/\/glowery.me\/de\/shop\/\"},{\"@type\":\"ListItem\",\"position\":3,\"name\":\"Illumi Ohrstecker &#8211; Ros\u00e9gold und Silber\"}]},{\"@type\":\"WebSite\",\"@id\":\"https:\/\/glowery.me\/#website\",\"url\":\"https:\/\/glowery.me\/\",\"name\":\"Glowery\",\"description\":\"Stilvolle Essentials \u2013 von zeitlosem Schmuck \u00fcber elegante Taschen und Schuhe bis hin zu ausgew\u00e4hlten Kleidern und nat\u00fcrlicher Kosmetik.\",\"publisher\":{\"@id\":\"https:\/\/glowery.me\/#organization\"},\"potentialAction\":[{\"@type\":\"SearchAction\",\"target\":{\"@type\":\"EntryPoint\",\"urlTemplate\":\"https:\/\/glowery.me\/?s={search_term_string}\"},\"query-input\":{\"@type\":\"PropertyValueSpecification\",\"valueRequired\":true,\"valueName\":\"search_term_string\"}}],\"inLanguage\":\"de\"},{\"@type\":\"Organization\",\"@id\":\"https:\/\/glowery.me\/#organization\",\"name\":\"Glowery\",\"url\":\"https:\/\/glowery.me\/\",\"logo\":{\"@type\":\"ImageObject\",\"inLanguage\":\"de\",\"@id\":\"https:\/\/glowery.me\/#\/schema\/logo\/image\/\",\"url\":\"https:\/\/glowery.me\/wp-content\/uploads\/2025\/05\/Glowery-e1746421067847.png\",\"contentUrl\":\"https:\/\/glowery.me\/wp-content\/uploads\/2025\/05\/Glowery-e1746421067847.png\",\"width\":494,\"height\":146,\"caption\":\"Glowery\"},\"image\":{\"@id\":\"https:\/\/glowery.me\/#\/schema\/logo\/image\/\"},\"sameAs\":[\"https:\/\/www.facebook.com\/profile.php?id=61575866108739\",\"https:\/\/www.instagram.com\/glowery.me\",\"https:\/\/www.tiktok.com\/@glowery.me?_t=ZN-8wLhgUVkGCk&_r=1\"]}]}<\/script>\n<!-- \/ Yoast SEO plugin. -->","yoast_head_json":{"title":"Illumi Ohrstecker - Ros\u00e9gold und Silber - Glowery","robots":{"index":"index","follow":"follow","max-snippet":"max-snippet:-1","max-image-preview":"max-image-preview:large","max-video-preview":"max-video-preview:-1"},"canonical":"https:\/\/glowery.me\/de\/produkt\/illumi-ohrstecker-rosegold-und-silber\/","og_locale":"de_DE","og_type":"article","og_title":"Illumi Ohrstecker - Ros\u00e9gold und Silber - Glowery","og_description":"Kaum wahrnehmbare, aber leuchtende Ohrringe mit 4 mm Durchmesser und klarem Zirkon.Hergestellt aus 925er Silber, erh\u00e4ltlich in Ros\u00e9gold oder Rhodium.Tragen Sie einen oder mehrere auf einmal!MyaMoon ist eine Schmuckmarke, die in Estland von einer Mutter und ihrer Tochtergegr\u00fcndet wurde. Ihr Schmuck ist schlicht und zeitlos und erg\u00e4nzt die Tr\u00e4gerin, anstatt mit ihrem Stil zu konkurrieren. Die St\u00fccke werden aus Sterlingsilber und sorgf\u00e4ltig ausgew\u00e4hlten Edelsteinen gefertigt. Material: 925 SilberDurchmesser: 4 mmZirkonoptionen: wei\u00df, gr\u00fcn, schwarz und rosaEntworfen in Estland\/\/EST:Peaaegu m\u00e4rkamatu aga s\u00e4rav 4mm l\u00e4bim\u00f5\u00f5duga t\u00e4pp tsirkooniga!Valmistatud 925 h\u00f5bedast, valikus roosa kulla v\u00f5i roodiumiga kaetud viimistlus ning valge, roheline, must v\u00f5i roosa tsirkoon.Kanna \u00fckshaaval v\u00f5i mitut korraga!","og_url":"https:\/\/glowery.me\/de\/produkt\/illumi-ohrstecker-rosegold-und-silber\/","og_site_name":"Glowery","article_publisher":"https:\/\/www.facebook.com\/profile.php?id=61575866108739","og_image":[{"width":1280,"height":1279,"url":"https:\/\/glowery.me\/wp-content\/uploads\/2025\/04\/illumi_whiteZC_silver_myamoon_large.jpg","type":"image\/jpeg"}],"twitter_card":"summary_large_image","twitter_misc":{"Gesch\u00e4tzte Lesezeit":"1\u00a0Minute"},"schema":{"@context":"https:\/\/schema.org","@graph":[{"@type":"WebPage","@id":"https:\/\/glowery.me\/de\/produkt\/illumi-ohrstecker-rosegold-und-silber\/","url":"https:\/\/glowery.me\/de\/produkt\/illumi-ohrstecker-rosegold-und-silber\/","name":"Illumi Ohrstecker - Ros\u00e9gold und Silber - Glowery","isPartOf":{"@id":"https:\/\/glowery.me\/#website"},"primaryImageOfPage":{"@id":"https:\/\/glowery.me\/de\/produkt\/illumi-ohrstecker-rosegold-und-silber\/#primaryimage"},"image":{"@id":"https:\/\/glowery.me\/de\/produkt\/illumi-ohrstecker-rosegold-und-silber\/#primaryimage"},"thumbnailUrl":"https:\/\/glowery.me\/wp-content\/uploads\/2025\/04\/illumi_whiteZC_silver_myamoon_large.jpg","datePublished":"2025-04-26T19:37:00+00:00","breadcrumb":{"@id":"https:\/\/glowery.me\/de\/produkt\/illumi-ohrstecker-rosegold-und-silber\/#breadcrumb"},"inLanguage":"de","potentialAction":[{"@type":"ReadAction","target":["https:\/\/glowery.me\/de\/produkt\/illumi-ohrstecker-rosegold-und-silber\/"]}]},{"@type":"ImageObject","inLanguage":"de","@id":"https:\/\/glowery.me\/de\/produkt\/illumi-ohrstecker-rosegold-und-silber\/#primaryimage","url":"https:\/\/glowery.me\/wp-content\/uploads\/2025\/04\/illumi_whiteZC_silver_myamoon_large.jpg","contentUrl":"https:\/\/glowery.me\/wp-content\/uploads\/2025\/04\/illumi_whiteZC_silver_myamoon_large.jpg","width":1280,"height":1279},{"@type":"BreadcrumbList","@id":"https:\/\/glowery.me\/de\/produkt\/illumi-ohrstecker-rosegold-und-silber\/#breadcrumb","itemListElement":[{"@type":"ListItem","position":1,"name":"Home","item":"https:\/\/glowery.me\/de\/startseite\/"},{"@type":"ListItem","position":2,"name":"Shop","item":"https:\/\/glowery.me\/de\/shop\/"},{"@type":"ListItem","position":3,"name":"Illumi Ohrstecker &#8211; Ros\u00e9gold und Silber"}]},{"@type":"WebSite","@id":"https:\/\/glowery.me\/#website","url":"https:\/\/glowery.me\/","name":"Glowery","description":"Stilvolle Essentials \u2013 von zeitlosem Schmuck \u00fcber elegante Taschen und Schuhe bis hin zu ausgew\u00e4hlten Kleidern und nat\u00fcrlicher Kosmetik.","publisher":{"@id":"https:\/\/glowery.me\/#organization"},"potentialAction":[{"@type":"SearchAction","target":{"@type":"EntryPoint","urlTemplate":"https:\/\/glowery.me\/?s={search_term_string}"},"query-input":{"@type":"PropertyValueSpecification","valueRequired":true,"valueName":"search_term_string"}}],"inLanguage":"de"},{"@type":"Organization","@id":"https:\/\/glowery.me\/#organization","name":"Glowery","url":"https:\/\/glowery.me\/","logo":{"@type":"ImageObject","inLanguage":"de","@id":"https:\/\/glowery.me\/#\/schema\/logo\/image\/","url":"https:\/\/glowery.me\/wp-content\/uploads\/2025\/05\/Glowery-e1746421067847.png","contentUrl":"https:\/\/glowery.me\/wp-content\/uploads\/2025\/05\/Glowery-e1746421067847.png","width":494,"height":146,"caption":"Glowery"},"image":{"@id":"https:\/\/glowery.me\/#\/schema\/logo\/image\/"},"sameAs":["https:\/\/www.facebook.com\/profile.php?id=61575866108739","https:\/\/www.instagram.com\/glowery.me","https:\/\/www.tiktok.com\/@glowery.me?_t=ZN-8wLhgUVkGCk&_r=1"]}]}},"jetpack_sharing_enabled":true,"_links":{"self":[{"href":"https:\/\/glowery.me\/de\/wp-json\/wp\/v2\/product\/26048","targetHints":{"allow":["GET"]}}],"collection":[{"href":"https:\/\/glowery.me\/de\/wp-json\/wp\/v2\/product"}],"about":[{"href":"https:\/\/glowery.me\/de\/wp-json\/wp\/v2\/types\/product"}],"replies":[{"embeddable":true,"href":"https:\/\/glowery.me\/de\/wp-json\/wp\/v2\/comments?post=26048"}],"wp:featuredmedia":[{"embeddable":true,"href":"https:\/\/glowery.me\/de\/wp-json\/wp\/v2\/media\/13285"}],"wp:attachment":[{"href":"https:\/\/glowery.me\/de\/wp-json\/wp\/v2\/media?parent=26048"}],"wp:term":[{"taxonomy":"product_brand","embeddable":true,"href":"https:\/\/glowery.me\/de\/wp-json\/wp\/v2\/product_brand?post=26048"},{"taxonomy":"product_cat","embeddable":true,"href":"https:\/\/glowery.me\/de\/wp-json\/wp\/v2\/product_cat?post=26048"},{"taxonomy":"product_tag","embeddable":true,"href":"https:\/\/glowery.me\/de\/wp-json\/wp\/v2\/product_tag?post=26048"}],"curies":[{"name":"wp","href":"https:\/\/api.w.org\/{rel}","templated":true}]}}