{"id":26188,"date":"2025-04-26T19:37:00","date_gmt":"2025-04-26T19:37:00","guid":{"rendered":"https:\/\/glowery.me\/produkt\/stardust-falling-ohrringe-rose-gold-und-silber\/"},"modified":"2025-04-26T19:37:00","modified_gmt":"2025-04-26T19:37:00","slug":"stardust-falling-ohrringe-rose-gold-und-silber","status":"publish","type":"product","link":"https:\/\/glowery.me\/de\/produkt\/stardust-falling-ohrringe-rose-gold-und-silber\/","title":{"rendered":"Stardust Falling Ohrringe &#8211; Rose Gold und Silber"},"content":{"rendered":"<p>Trendige lange Tropfen. Der lange Anh\u00e4nger mit Kette ist abnehmbar und Sie k\u00f6nnen ihn mit den anderen minimalistischen Ohrringen von MyaMoon kombinieren. <\/p>\n<p>Material: Silber 925, die Stardust Kugel hat einen Durchmesser von ca. 4 mm<br \/>L\u00e4nge der Ohrringe ist ca. 6 cm<\/p>\n<p>W\u00e4hlen Sie Ihre Lieblingsbeschichtung &#8211; Ros\u00e9gold, Silber oder schwarzes Rhodium!<\/p>\n<p><strong>MyaMoon ist eine Schmuckmarke, die in Estland<\/strong> <strong>von einer Mutter und ihrer Tochter<\/strong><strong>gegr\u00fcndet wurde<\/strong>. Ihr Schmuck ist <strong>schlicht und zeitlos<\/strong> und erg\u00e4nzt die Tr\u00e4gerin, anstatt mit ihrem Stil zu konkurrieren. Die St\u00fccke werden aus Sterlingsilber und sorgf\u00e4ltig ausgew\u00e4hlten Edelsteinen gefertigt.  <\/p>\n<ul>\n<li>\n<p>Material: 925 Silber<\/p>\n<\/li>\n<li>\n<p>L\u00e4nge 6 cm<\/p>\n<\/li>\n<li>\n<p>Entworfen in Estland<\/p>\n<\/li>\n<\/ul>\n<p>\/\/<\/p>\n<p>EST:<\/p>\n<p>Trendikad pikad h\u00f5bek\u00f5rvar\u00f5ngad.<\/p>\n<p>Ripatsiosa on eemaldatav, seda saab kanda mitmel moel ning kombineerida teiste k\u00f5rvaehetega.<\/p>\n<p>Materjal: h\u00f5be 925, s\u00e4brulise mummu l\u00e4bim\u00f5\u00f5t on 4mm. Kogupikkus ca 60mm <\/p>\n<p>Valikus on roosa kulla, h\u00f5bedase v\u00f5i musta roodiumiga kaetud ehted.<\/p>\n","protected":false},"excerpt":{"rendered":"<p>Trendige lange Tropfen. Der lange Anh\u00e4nger mit Kette ist abnehmbar und Sie k\u00f6nnen ihn mit den anderen minimalistischen Ohrringen von MyaMoon kombinieren. <\/p>\n<p>Material: Silber 925, die Stardust Kugel hat einen Durchmesser von ca. 4 mm<br \/>L\u00e4nge der Ohrringe ist ca. 6 cm<\/p>\n<p>W\u00e4hlen Sie Ihre Lieblingsbeschichtung &#8211; Ros\u00e9gold, Silber oder schwarzes Rhodium!<\/p>\n<p><strong>MyaMoon ist eine Schmuckmarke, die in Estland<\/strong> <strong>von einer Mutter und ihrer Tochter<\/strong><strong>gegr\u00fcndet wurde<\/strong>. Ihr Schmuck ist <strong>schlicht und zeitlos<\/strong> und erg\u00e4nzt die Tr\u00e4gerin, anstatt mit ihrem Stil zu konkurrieren. Die St\u00fccke werden aus Sterlingsilber und sorgf\u00e4ltig ausgew\u00e4hlten Edelsteinen gefertigt.  <\/p>\n<ul>\n<li>\n<p>Material: 925 Silber<\/p>\n<\/li>\n<li>\n<p>L\u00e4nge 6 cm<\/p>\n<\/li>\n<li>\n<p>Entworfen in Estland<\/p>\n<\/li>\n<\/ul>\n<p>\/\/<\/p>\n<p>EST:<\/p>\n<p>Trendikad pikad h\u00f5bek\u00f5rvar\u00f5ngad.<\/p>\n<p>Ripatsiosa on eemaldatav, seda saab kanda mitmel moel ning kombineerida teiste k\u00f5rvaehetega.<\/p>\n<p>Materjal: h\u00f5be 925, s\u00e4brulise mummu l\u00e4bim\u00f5\u00f5t on 4mm. Kogupikkus ca 60mm <\/p>\n<p>Valikus on roosa kulla, h\u00f5bedase v\u00f5i musta roodiumiga kaetud ehted.<\/p>\n","protected":false},"featured_media":13672,"comment_status":"open","ping_status":"closed","template":"","meta":[],"product_brand":[],"product_cat":[128,126],"product_tag":[],"class_list":{"0":"post-26188","1":"product","2":"type-product","3":"status-publish","4":"has-post-thumbnail","6":"product_cat-ohrringe","7":"product_cat-schmuck","9":"first","10":"instock","11":"shipping-taxable","12":"purchasable","13":"product-type-variable"},"yoast_head":"<!-- This site is optimized with the Yoast SEO plugin v25.3 - https:\/\/yoast.com\/wordpress\/plugins\/seo\/ -->\n<title>Stardust Falling Ohrringe - Rose Gold und Silber - Glowery<\/title>\n<meta name=\"robots\" content=\"index, follow, max-snippet:-1, max-image-preview:large, max-video-preview:-1\" \/>\n<link rel=\"canonical\" href=\"https:\/\/glowery.me\/de\/produkt\/stardust-falling-ohrringe-rose-gold-und-silber\/\" \/>\n<meta property=\"og:locale\" content=\"de_DE\" \/>\n<meta property=\"og:type\" content=\"article\" \/>\n<meta property=\"og:title\" content=\"Stardust Falling Ohrringe - Rose Gold und Silber - Glowery\" \/>\n<meta property=\"og:description\" content=\"Trendige lange Tropfen. Der lange Anh\u00e4nger mit Kette ist abnehmbar und Sie k\u00f6nnen ihn mit den anderen minimalistischen Ohrringen von MyaMoon kombinieren. Material: Silber 925, die Stardust Kugel hat einen Durchmesser von ca. 4 mmL\u00e4nge der Ohrringe ist ca. 6 cmW\u00e4hlen Sie Ihre Lieblingsbeschichtung - Ros\u00e9gold, Silber oder schwarzes Rhodium!MyaMoon ist eine Schmuckmarke, die in Estland von einer Mutter und ihrer Tochtergegr\u00fcndet wurde. Ihr Schmuck ist schlicht und zeitlos und erg\u00e4nzt die Tr\u00e4gerin, anstatt mit ihrem Stil zu konkurrieren. Die St\u00fccke werden aus Sterlingsilber und sorgf\u00e4ltig ausgew\u00e4hlten Edelsteinen gefertigt. Material: 925 SilberL\u00e4nge 6 cmEntworfen in Estland\/\/EST:Trendikad pikad h\u00f5bek\u00f5rvar\u00f5ngad.Ripatsiosa on eemaldatav, seda saab kanda mitmel moel ning kombineerida teiste k\u00f5rvaehetega.Materjal: h\u00f5be 925, s\u00e4brulise mummu l\u00e4bim\u00f5\u00f5t on 4mm. Kogupikkus ca 60mm Valikus on roosa kulla, h\u00f5bedase v\u00f5i musta roodiumiga kaetud ehted.\" \/>\n<meta property=\"og:url\" content=\"https:\/\/glowery.me\/de\/produkt\/stardust-falling-ohrringe-rose-gold-und-silber\/\" \/>\n<meta property=\"og:site_name\" content=\"Glowery\" \/>\n<meta property=\"article:publisher\" content=\"https:\/\/www.facebook.com\/profile.php?id=61575866108739\" \/>\n<meta property=\"og:image\" content=\"https:\/\/glowery.me\/wp-content\/uploads\/2025\/04\/Stardustfalling_golden_huge.jpg\" \/>\n\t<meta property=\"og:image:width\" content=\"2048\" \/>\n\t<meta property=\"og:image:height\" content=\"2048\" \/>\n\t<meta property=\"og:image:type\" content=\"image\/jpeg\" \/>\n<meta name=\"twitter:card\" content=\"summary_large_image\" \/>\n<meta name=\"twitter:label1\" content=\"Gesch\u00e4tzte Lesezeit\" \/>\n\t<meta name=\"twitter:data1\" content=\"1\u00a0Minute\" \/>\n<script type=\"application\/ld+json\" class=\"yoast-schema-graph\">{\"@context\":\"https:\/\/schema.org\",\"@graph\":[{\"@type\":\"WebPage\",\"@id\":\"https:\/\/glowery.me\/de\/produkt\/stardust-falling-ohrringe-rose-gold-und-silber\/\",\"url\":\"https:\/\/glowery.me\/de\/produkt\/stardust-falling-ohrringe-rose-gold-und-silber\/\",\"name\":\"Stardust Falling Ohrringe - Rose Gold und Silber - Glowery\",\"isPartOf\":{\"@id\":\"https:\/\/glowery.me\/#website\"},\"primaryImageOfPage\":{\"@id\":\"https:\/\/glowery.me\/de\/produkt\/stardust-falling-ohrringe-rose-gold-und-silber\/#primaryimage\"},\"image\":{\"@id\":\"https:\/\/glowery.me\/de\/produkt\/stardust-falling-ohrringe-rose-gold-und-silber\/#primaryimage\"},\"thumbnailUrl\":\"https:\/\/glowery.me\/wp-content\/uploads\/2025\/04\/Stardustfalling_golden_huge.jpg\",\"datePublished\":\"2025-04-26T19:37:00+00:00\",\"breadcrumb\":{\"@id\":\"https:\/\/glowery.me\/de\/produkt\/stardust-falling-ohrringe-rose-gold-und-silber\/#breadcrumb\"},\"inLanguage\":\"de\",\"potentialAction\":[{\"@type\":\"ReadAction\",\"target\":[\"https:\/\/glowery.me\/de\/produkt\/stardust-falling-ohrringe-rose-gold-und-silber\/\"]}]},{\"@type\":\"ImageObject\",\"inLanguage\":\"de\",\"@id\":\"https:\/\/glowery.me\/de\/produkt\/stardust-falling-ohrringe-rose-gold-und-silber\/#primaryimage\",\"url\":\"https:\/\/glowery.me\/wp-content\/uploads\/2025\/04\/Stardustfalling_golden_huge.jpg\",\"contentUrl\":\"https:\/\/glowery.me\/wp-content\/uploads\/2025\/04\/Stardustfalling_golden_huge.jpg\",\"width\":2048,\"height\":2048},{\"@type\":\"BreadcrumbList\",\"@id\":\"https:\/\/glowery.me\/de\/produkt\/stardust-falling-ohrringe-rose-gold-und-silber\/#breadcrumb\",\"itemListElement\":[{\"@type\":\"ListItem\",\"position\":1,\"name\":\"Home\",\"item\":\"https:\/\/glowery.me\/de\/startseite\/\"},{\"@type\":\"ListItem\",\"position\":2,\"name\":\"Shop\",\"item\":\"https:\/\/glowery.me\/de\/shop\/\"},{\"@type\":\"ListItem\",\"position\":3,\"name\":\"Stardust Falling Ohrringe &#8211; Rose Gold und Silber\"}]},{\"@type\":\"WebSite\",\"@id\":\"https:\/\/glowery.me\/#website\",\"url\":\"https:\/\/glowery.me\/\",\"name\":\"Glowery\",\"description\":\"Stilvolle Essentials \u2013 von zeitlosem Schmuck \u00fcber elegante Taschen und Schuhe bis hin zu ausgew\u00e4hlten Kleidern und nat\u00fcrlicher Kosmetik.\",\"publisher\":{\"@id\":\"https:\/\/glowery.me\/#organization\"},\"potentialAction\":[{\"@type\":\"SearchAction\",\"target\":{\"@type\":\"EntryPoint\",\"urlTemplate\":\"https:\/\/glowery.me\/?s={search_term_string}\"},\"query-input\":{\"@type\":\"PropertyValueSpecification\",\"valueRequired\":true,\"valueName\":\"search_term_string\"}}],\"inLanguage\":\"de\"},{\"@type\":\"Organization\",\"@id\":\"https:\/\/glowery.me\/#organization\",\"name\":\"Glowery\",\"url\":\"https:\/\/glowery.me\/\",\"logo\":{\"@type\":\"ImageObject\",\"inLanguage\":\"de\",\"@id\":\"https:\/\/glowery.me\/#\/schema\/logo\/image\/\",\"url\":\"https:\/\/glowery.me\/wp-content\/uploads\/2025\/05\/Glowery-e1746421067847.png\",\"contentUrl\":\"https:\/\/glowery.me\/wp-content\/uploads\/2025\/05\/Glowery-e1746421067847.png\",\"width\":494,\"height\":146,\"caption\":\"Glowery\"},\"image\":{\"@id\":\"https:\/\/glowery.me\/#\/schema\/logo\/image\/\"},\"sameAs\":[\"https:\/\/www.facebook.com\/profile.php?id=61575866108739\",\"https:\/\/www.instagram.com\/glowery.me\",\"https:\/\/www.tiktok.com\/@glowery.me?_t=ZN-8wLhgUVkGCk&_r=1\"]}]}<\/script>\n<!-- \/ Yoast SEO plugin. -->","yoast_head_json":{"title":"Stardust Falling Ohrringe - Rose Gold und Silber - Glowery","robots":{"index":"index","follow":"follow","max-snippet":"max-snippet:-1","max-image-preview":"max-image-preview:large","max-video-preview":"max-video-preview:-1"},"canonical":"https:\/\/glowery.me\/de\/produkt\/stardust-falling-ohrringe-rose-gold-und-silber\/","og_locale":"de_DE","og_type":"article","og_title":"Stardust Falling Ohrringe - Rose Gold und Silber - Glowery","og_description":"Trendige lange Tropfen. Der lange Anh\u00e4nger mit Kette ist abnehmbar und Sie k\u00f6nnen ihn mit den anderen minimalistischen Ohrringen von MyaMoon kombinieren. Material: Silber 925, die Stardust Kugel hat einen Durchmesser von ca. 4 mmL\u00e4nge der Ohrringe ist ca. 6 cmW\u00e4hlen Sie Ihre Lieblingsbeschichtung - Ros\u00e9gold, Silber oder schwarzes Rhodium!MyaMoon ist eine Schmuckmarke, die in Estland von einer Mutter und ihrer Tochtergegr\u00fcndet wurde. Ihr Schmuck ist schlicht und zeitlos und erg\u00e4nzt die Tr\u00e4gerin, anstatt mit ihrem Stil zu konkurrieren. Die St\u00fccke werden aus Sterlingsilber und sorgf\u00e4ltig ausgew\u00e4hlten Edelsteinen gefertigt. Material: 925 SilberL\u00e4nge 6 cmEntworfen in Estland\/\/EST:Trendikad pikad h\u00f5bek\u00f5rvar\u00f5ngad.Ripatsiosa on eemaldatav, seda saab kanda mitmel moel ning kombineerida teiste k\u00f5rvaehetega.Materjal: h\u00f5be 925, s\u00e4brulise mummu l\u00e4bim\u00f5\u00f5t on 4mm. Kogupikkus ca 60mm Valikus on roosa kulla, h\u00f5bedase v\u00f5i musta roodiumiga kaetud ehted.","og_url":"https:\/\/glowery.me\/de\/produkt\/stardust-falling-ohrringe-rose-gold-und-silber\/","og_site_name":"Glowery","article_publisher":"https:\/\/www.facebook.com\/profile.php?id=61575866108739","og_image":[{"width":2048,"height":2048,"url":"https:\/\/glowery.me\/wp-content\/uploads\/2025\/04\/Stardustfalling_golden_huge.jpg","type":"image\/jpeg"}],"twitter_card":"summary_large_image","twitter_misc":{"Gesch\u00e4tzte Lesezeit":"1\u00a0Minute"},"schema":{"@context":"https:\/\/schema.org","@graph":[{"@type":"WebPage","@id":"https:\/\/glowery.me\/de\/produkt\/stardust-falling-ohrringe-rose-gold-und-silber\/","url":"https:\/\/glowery.me\/de\/produkt\/stardust-falling-ohrringe-rose-gold-und-silber\/","name":"Stardust Falling Ohrringe - Rose Gold und Silber - Glowery","isPartOf":{"@id":"https:\/\/glowery.me\/#website"},"primaryImageOfPage":{"@id":"https:\/\/glowery.me\/de\/produkt\/stardust-falling-ohrringe-rose-gold-und-silber\/#primaryimage"},"image":{"@id":"https:\/\/glowery.me\/de\/produkt\/stardust-falling-ohrringe-rose-gold-und-silber\/#primaryimage"},"thumbnailUrl":"https:\/\/glowery.me\/wp-content\/uploads\/2025\/04\/Stardustfalling_golden_huge.jpg","datePublished":"2025-04-26T19:37:00+00:00","breadcrumb":{"@id":"https:\/\/glowery.me\/de\/produkt\/stardust-falling-ohrringe-rose-gold-und-silber\/#breadcrumb"},"inLanguage":"de","potentialAction":[{"@type":"ReadAction","target":["https:\/\/glowery.me\/de\/produkt\/stardust-falling-ohrringe-rose-gold-und-silber\/"]}]},{"@type":"ImageObject","inLanguage":"de","@id":"https:\/\/glowery.me\/de\/produkt\/stardust-falling-ohrringe-rose-gold-und-silber\/#primaryimage","url":"https:\/\/glowery.me\/wp-content\/uploads\/2025\/04\/Stardustfalling_golden_huge.jpg","contentUrl":"https:\/\/glowery.me\/wp-content\/uploads\/2025\/04\/Stardustfalling_golden_huge.jpg","width":2048,"height":2048},{"@type":"BreadcrumbList","@id":"https:\/\/glowery.me\/de\/produkt\/stardust-falling-ohrringe-rose-gold-und-silber\/#breadcrumb","itemListElement":[{"@type":"ListItem","position":1,"name":"Home","item":"https:\/\/glowery.me\/de\/startseite\/"},{"@type":"ListItem","position":2,"name":"Shop","item":"https:\/\/glowery.me\/de\/shop\/"},{"@type":"ListItem","position":3,"name":"Stardust Falling Ohrringe &#8211; Rose Gold und Silber"}]},{"@type":"WebSite","@id":"https:\/\/glowery.me\/#website","url":"https:\/\/glowery.me\/","name":"Glowery","description":"Stilvolle Essentials \u2013 von zeitlosem Schmuck \u00fcber elegante Taschen und Schuhe bis hin zu ausgew\u00e4hlten Kleidern und nat\u00fcrlicher Kosmetik.","publisher":{"@id":"https:\/\/glowery.me\/#organization"},"potentialAction":[{"@type":"SearchAction","target":{"@type":"EntryPoint","urlTemplate":"https:\/\/glowery.me\/?s={search_term_string}"},"query-input":{"@type":"PropertyValueSpecification","valueRequired":true,"valueName":"search_term_string"}}],"inLanguage":"de"},{"@type":"Organization","@id":"https:\/\/glowery.me\/#organization","name":"Glowery","url":"https:\/\/glowery.me\/","logo":{"@type":"ImageObject","inLanguage":"de","@id":"https:\/\/glowery.me\/#\/schema\/logo\/image\/","url":"https:\/\/glowery.me\/wp-content\/uploads\/2025\/05\/Glowery-e1746421067847.png","contentUrl":"https:\/\/glowery.me\/wp-content\/uploads\/2025\/05\/Glowery-e1746421067847.png","width":494,"height":146,"caption":"Glowery"},"image":{"@id":"https:\/\/glowery.me\/#\/schema\/logo\/image\/"},"sameAs":["https:\/\/www.facebook.com\/profile.php?id=61575866108739","https:\/\/www.instagram.com\/glowery.me","https:\/\/www.tiktok.com\/@glowery.me?_t=ZN-8wLhgUVkGCk&_r=1"]}]}},"jetpack_sharing_enabled":true,"_links":{"self":[{"href":"https:\/\/glowery.me\/de\/wp-json\/wp\/v2\/product\/26188","targetHints":{"allow":["GET"]}}],"collection":[{"href":"https:\/\/glowery.me\/de\/wp-json\/wp\/v2\/product"}],"about":[{"href":"https:\/\/glowery.me\/de\/wp-json\/wp\/v2\/types\/product"}],"replies":[{"embeddable":true,"href":"https:\/\/glowery.me\/de\/wp-json\/wp\/v2\/comments?post=26188"}],"wp:featuredmedia":[{"embeddable":true,"href":"https:\/\/glowery.me\/de\/wp-json\/wp\/v2\/media\/13672"}],"wp:attachment":[{"href":"https:\/\/glowery.me\/de\/wp-json\/wp\/v2\/media?parent=26188"}],"wp:term":[{"taxonomy":"product_brand","embeddable":true,"href":"https:\/\/glowery.me\/de\/wp-json\/wp\/v2\/product_brand?post=26188"},{"taxonomy":"product_cat","embeddable":true,"href":"https:\/\/glowery.me\/de\/wp-json\/wp\/v2\/product_cat?post=26188"},{"taxonomy":"product_tag","embeddable":true,"href":"https:\/\/glowery.me\/de\/wp-json\/wp\/v2\/product_tag?post=26188"}],"curies":[{"name":"wp","href":"https:\/\/api.w.org\/{rel}","templated":true}]}}