{"id":26214,"date":"2025-04-26T19:37:00","date_gmt":"2025-04-26T19:37:00","guid":{"rendered":"https:\/\/glowery.me\/produkt\/ohrringe-spring-vergissmeinnicht\/"},"modified":"2025-04-26T19:37:00","modified_gmt":"2025-04-26T19:37:00","slug":"ohrringe-spring-vergissmeinnicht","status":"publish","type":"product","link":"https:\/\/glowery.me\/de\/produkt\/ohrringe-spring-vergissmeinnicht\/","title":{"rendered":"Ohrringe &#8211; SPRING Vergissmeinnicht"},"content":{"rendered":"<p>Die <strong>Vergissmeinnicht-Ohrringe<\/strong> sind Teil der SPRING Kollektion der Autorin. Die <strong>Schmuckst\u00fccke von Agnes Veski<\/strong> sind von der Natur inspiriert und beinhalten sowohl traditionelle Goldschmiedetechniken als auch unerwartete Metallverarbeitungstechnologien.<\/p>\n<p>Die SPRING Kollektion ist inspiriert von der Frische des Fr\u00fchlings und der bl\u00fchenden Sch\u00f6nheit der Natur. Alle Schmuckst\u00fccke sind handgefertigt aus 925er Silber und werden auf Bestellung gefertigt, mit einer Lieferzeit von bis zu 3 Wochen. <\/p>\n<ul>\n<li>Material: 925 Silber<\/li>\n<li>L\u00e4nge: 0,7 cm<\/li>\n<li>Gewicht: ~0,35 g<\/li>\n<li>Die Ohrringe sind in einer Geschenkbox verpackt.<\/li>\n<li>Handgefertigt in Estland.<\/li>\n<\/ul>\n<p>Lieferzeit (einschlie\u00dflich Produktion): 2-3 Wochen.<\/p>\n<p>\/\/<\/p>\n<p>EST:<\/p>\n<p>Meelespea k\u00f5rvar\u00f5ngad on autori SPRING kollektsioonist. <strong>Agnes Veski Jewellery<\/strong> ehted on inspireeritud loodusest. Autor kasutab nii traditsioonilisi kullassepa v\u00f5tteid kui ka ootamatuid metalli t\u00f6\u00f6tlemise tehnoloogiaid. <\/p>\n<p><strong>SPRING kollektsiooni<\/strong> ehted on inspireeritud kevade v\u00e4rskusest ja t\u00e4rkavast loodusest. K\u00f5ik ehted on k\u00e4sitsi valmistatud h\u00f5bedast. Iga ehe valmib vastavalt tellimusele, tarneaeg on kuni 3 n\u00e4dalat.  <\/p>\n<ul>\n<li>Materjal: h\u00f5be 925<\/li>\n<li>Pikkus: 0,7 cm<\/li>\n<li>Kaal: ~0,35 g<\/li>\n<li>Ehe auf pakitud kinkekarpi<\/li>\n<li>Valmistatud k\u00e4sit\u00f6\u00f6na Eestis<\/li>\n<\/ul>\n<p><em>Tarneaeg (koos valmistamisega): 2-3 n\u00e4dalat<\/em><\/p>\n","protected":false},"excerpt":{"rendered":"<p>Die <strong>Vergissmeinnicht-Ohrringe<\/strong> sind Teil der SPRING Kollektion der Autorin. Die <strong>Schmuckst\u00fccke von Agnes Veski<\/strong> sind von der Natur inspiriert und beinhalten sowohl traditionelle Goldschmiedetechniken als auch unerwartete Metallverarbeitungstechnologien.<\/p>\n<p>Die SPRING Kollektion ist inspiriert von der Frische des Fr\u00fchlings und der bl\u00fchenden Sch\u00f6nheit der Natur. Alle Schmuckst\u00fccke sind handgefertigt aus 925er Silber und werden auf Bestellung gefertigt, mit einer Lieferzeit von bis zu 3 Wochen. <\/p>\n<ul>\n<li>Material: 925 Silber<\/li>\n<li>L\u00e4nge: 0,7 cm<\/li>\n<li>Gewicht: ~0,35 g<\/li>\n<li>Die Ohrringe sind in einer Geschenkbox verpackt.<\/li>\n<li>Handgefertigt in Estland.<\/li>\n<\/ul>\n<p>Lieferzeit (einschlie\u00dflich Produktion): 2-3 Wochen.<\/p>\n<p>\/\/<\/p>\n<p>EST:<\/p>\n<p>Meelespea k\u00f5rvar\u00f5ngad on autori SPRING kollektsioonist. <strong>Agnes Veski Jewellery<\/strong> ehted on inspireeritud loodusest. Autor kasutab nii traditsioonilisi kullassepa v\u00f5tteid kui ka ootamatuid metalli t\u00f6\u00f6tlemise tehnoloogiaid. <\/p>\n<p><strong>SPRING kollektsiooni<\/strong> ehted on inspireeritud kevade v\u00e4rskusest ja t\u00e4rkavast loodusest. K\u00f5ik ehted on k\u00e4sitsi valmistatud h\u00f5bedast. Iga ehe valmib vastavalt tellimusele, tarneaeg on kuni 3 n\u00e4dalat.  <\/p>\n<ul>\n<li>Materjal: h\u00f5be 925<\/li>\n<li>Pikkus: 0,7 cm<\/li>\n<li>Kaal: ~0,35 g<\/li>\n<li>Ehe auf pakitud kinkekarpi<\/li>\n<li>Valmistatud k\u00e4sit\u00f6\u00f6na Eestis<\/li>\n<\/ul>\n<p><em>Tarneaeg (koos valmistamisega): 2-3 n\u00e4dalat<\/em><\/p>\n","protected":false},"featured_media":13651,"comment_status":"open","ping_status":"closed","template":"","meta":[],"product_brand":[],"product_cat":[128,126],"product_tag":[],"class_list":{"0":"post-26214","1":"product","2":"type-product","3":"status-publish","4":"has-post-thumbnail","6":"product_cat-ohrringe","7":"product_cat-schmuck","9":"first","10":"instock","11":"shipping-taxable","12":"purchasable","13":"product-type-variable"},"yoast_head":"<!-- This site is optimized with the Yoast SEO plugin v25.3 - https:\/\/yoast.com\/wordpress\/plugins\/seo\/ -->\n<title>Ohrringe - SPRING Vergissmeinnicht - Glowery<\/title>\n<meta name=\"robots\" content=\"index, follow, max-snippet:-1, max-image-preview:large, max-video-preview:-1\" \/>\n<link rel=\"canonical\" href=\"https:\/\/glowery.me\/de\/produkt\/ohrringe-spring-vergissmeinnicht\/\" \/>\n<meta property=\"og:locale\" content=\"de_DE\" \/>\n<meta property=\"og:type\" content=\"article\" \/>\n<meta property=\"og:title\" content=\"Ohrringe - SPRING Vergissmeinnicht - Glowery\" \/>\n<meta property=\"og:description\" content=\"Die Vergissmeinnicht-Ohrringe sind Teil der SPRING Kollektion der Autorin. Die Schmuckst\u00fccke von Agnes Veski sind von der Natur inspiriert und beinhalten sowohl traditionelle Goldschmiedetechniken als auch unerwartete Metallverarbeitungstechnologien. Die SPRING Kollektion ist inspiriert von der Frische des Fr\u00fchlings und der bl\u00fchenden Sch\u00f6nheit der Natur. Alle Schmuckst\u00fccke sind handgefertigt aus 925er Silber und werden auf Bestellung gefertigt, mit einer Lieferzeit von bis zu 3 Wochen.  Material: 925 Silber L\u00e4nge: 0,7 cm Gewicht: ~0,35 g Die Ohrringe sind in einer Geschenkbox verpackt. Handgefertigt in Estland. Lieferzeit (einschlie\u00dflich Produktion): 2-3 Wochen. \/\/ EST: Meelespea k\u00f5rvar\u00f5ngad on autori SPRING kollektsioonist. Agnes Veski Jewellery ehted on inspireeritud loodusest. Autor kasutab nii traditsioonilisi kullassepa v\u00f5tteid kui ka ootamatuid metalli t\u00f6\u00f6tlemise tehnoloogiaid. SPRING kollektsiooni ehted on inspireeritud kevade v\u00e4rskusest ja t\u00e4rkavast loodusest. K\u00f5ik ehted on k\u00e4sitsi valmistatud h\u00f5bedast. Iga ehe valmib vastavalt tellimusele, tarneaeg on kuni 3 n\u00e4dalat.  Materjal: h\u00f5be 925 Pikkus: 0,7 cm Kaal: ~0,35 g Ehe auf pakitud kinkekarpi Valmistatud k\u00e4sit\u00f6\u00f6na Eestis Tarneaeg (koos valmistamisega): 2-3 n\u00e4dalat\" \/>\n<meta property=\"og:url\" content=\"https:\/\/glowery.me\/de\/produkt\/ohrringe-spring-vergissmeinnicht\/\" \/>\n<meta property=\"og:site_name\" content=\"Glowery\" \/>\n<meta property=\"article:publisher\" content=\"https:\/\/www.facebook.com\/profile.php?id=61575866108739\" \/>\n<meta property=\"og:image\" content=\"https:\/\/glowery.me\/wp-content\/uploads\/2025\/04\/VaikeMeelespeaKorvKuldC.jpg\" \/>\n\t<meta property=\"og:image:width\" content=\"1726\" \/>\n\t<meta property=\"og:image:height\" content=\"1726\" \/>\n\t<meta property=\"og:image:type\" content=\"image\/jpeg\" \/>\n<meta name=\"twitter:card\" content=\"summary_large_image\" \/>\n<meta name=\"twitter:label1\" content=\"Gesch\u00e4tzte Lesezeit\" \/>\n\t<meta name=\"twitter:data1\" content=\"1\u00a0Minute\" \/>\n<script type=\"application\/ld+json\" class=\"yoast-schema-graph\">{\"@context\":\"https:\/\/schema.org\",\"@graph\":[{\"@type\":\"WebPage\",\"@id\":\"https:\/\/glowery.me\/de\/produkt\/ohrringe-spring-vergissmeinnicht\/\",\"url\":\"https:\/\/glowery.me\/de\/produkt\/ohrringe-spring-vergissmeinnicht\/\",\"name\":\"Ohrringe - SPRING Vergissmeinnicht - Glowery\",\"isPartOf\":{\"@id\":\"https:\/\/glowery.me\/#website\"},\"primaryImageOfPage\":{\"@id\":\"https:\/\/glowery.me\/de\/produkt\/ohrringe-spring-vergissmeinnicht\/#primaryimage\"},\"image\":{\"@id\":\"https:\/\/glowery.me\/de\/produkt\/ohrringe-spring-vergissmeinnicht\/#primaryimage\"},\"thumbnailUrl\":\"https:\/\/glowery.me\/wp-content\/uploads\/2025\/04\/VaikeMeelespeaKorvKuldC.jpg\",\"datePublished\":\"2025-04-26T19:37:00+00:00\",\"breadcrumb\":{\"@id\":\"https:\/\/glowery.me\/de\/produkt\/ohrringe-spring-vergissmeinnicht\/#breadcrumb\"},\"inLanguage\":\"de\",\"potentialAction\":[{\"@type\":\"ReadAction\",\"target\":[\"https:\/\/glowery.me\/de\/produkt\/ohrringe-spring-vergissmeinnicht\/\"]}]},{\"@type\":\"ImageObject\",\"inLanguage\":\"de\",\"@id\":\"https:\/\/glowery.me\/de\/produkt\/ohrringe-spring-vergissmeinnicht\/#primaryimage\",\"url\":\"https:\/\/glowery.me\/wp-content\/uploads\/2025\/04\/VaikeMeelespeaKorvKuldC.jpg\",\"contentUrl\":\"https:\/\/glowery.me\/wp-content\/uploads\/2025\/04\/VaikeMeelespeaKorvKuldC.jpg\",\"width\":1726,\"height\":1726},{\"@type\":\"BreadcrumbList\",\"@id\":\"https:\/\/glowery.me\/de\/produkt\/ohrringe-spring-vergissmeinnicht\/#breadcrumb\",\"itemListElement\":[{\"@type\":\"ListItem\",\"position\":1,\"name\":\"Home\",\"item\":\"https:\/\/glowery.me\/de\/startseite\/\"},{\"@type\":\"ListItem\",\"position\":2,\"name\":\"Shop\",\"item\":\"https:\/\/glowery.me\/de\/shop\/\"},{\"@type\":\"ListItem\",\"position\":3,\"name\":\"Ohrringe &#8211; SPRING Vergissmeinnicht\"}]},{\"@type\":\"WebSite\",\"@id\":\"https:\/\/glowery.me\/#website\",\"url\":\"https:\/\/glowery.me\/\",\"name\":\"Glowery\",\"description\":\"Stilvolle Essentials \u2013 von zeitlosem Schmuck \u00fcber elegante Taschen und Schuhe bis hin zu ausgew\u00e4hlten Kleidern und nat\u00fcrlicher Kosmetik.\",\"publisher\":{\"@id\":\"https:\/\/glowery.me\/#organization\"},\"potentialAction\":[{\"@type\":\"SearchAction\",\"target\":{\"@type\":\"EntryPoint\",\"urlTemplate\":\"https:\/\/glowery.me\/?s={search_term_string}\"},\"query-input\":{\"@type\":\"PropertyValueSpecification\",\"valueRequired\":true,\"valueName\":\"search_term_string\"}}],\"inLanguage\":\"de\"},{\"@type\":\"Organization\",\"@id\":\"https:\/\/glowery.me\/#organization\",\"name\":\"Glowery\",\"url\":\"https:\/\/glowery.me\/\",\"logo\":{\"@type\":\"ImageObject\",\"inLanguage\":\"de\",\"@id\":\"https:\/\/glowery.me\/#\/schema\/logo\/image\/\",\"url\":\"https:\/\/glowery.me\/wp-content\/uploads\/2025\/05\/Glowery-e1746421067847.png\",\"contentUrl\":\"https:\/\/glowery.me\/wp-content\/uploads\/2025\/05\/Glowery-e1746421067847.png\",\"width\":494,\"height\":146,\"caption\":\"Glowery\"},\"image\":{\"@id\":\"https:\/\/glowery.me\/#\/schema\/logo\/image\/\"},\"sameAs\":[\"https:\/\/www.facebook.com\/profile.php?id=61575866108739\",\"https:\/\/www.instagram.com\/glowery.me\",\"https:\/\/www.tiktok.com\/@glowery.me?_t=ZN-8wLhgUVkGCk&_r=1\"]}]}<\/script>\n<!-- \/ Yoast SEO plugin. -->","yoast_head_json":{"title":"Ohrringe - SPRING Vergissmeinnicht - Glowery","robots":{"index":"index","follow":"follow","max-snippet":"max-snippet:-1","max-image-preview":"max-image-preview:large","max-video-preview":"max-video-preview:-1"},"canonical":"https:\/\/glowery.me\/de\/produkt\/ohrringe-spring-vergissmeinnicht\/","og_locale":"de_DE","og_type":"article","og_title":"Ohrringe - SPRING Vergissmeinnicht - Glowery","og_description":"Die Vergissmeinnicht-Ohrringe sind Teil der SPRING Kollektion der Autorin. Die Schmuckst\u00fccke von Agnes Veski sind von der Natur inspiriert und beinhalten sowohl traditionelle Goldschmiedetechniken als auch unerwartete Metallverarbeitungstechnologien. Die SPRING Kollektion ist inspiriert von der Frische des Fr\u00fchlings und der bl\u00fchenden Sch\u00f6nheit der Natur. Alle Schmuckst\u00fccke sind handgefertigt aus 925er Silber und werden auf Bestellung gefertigt, mit einer Lieferzeit von bis zu 3 Wochen.  Material: 925 Silber L\u00e4nge: 0,7 cm Gewicht: ~0,35 g Die Ohrringe sind in einer Geschenkbox verpackt. Handgefertigt in Estland. Lieferzeit (einschlie\u00dflich Produktion): 2-3 Wochen. \/\/ EST: Meelespea k\u00f5rvar\u00f5ngad on autori SPRING kollektsioonist. Agnes Veski Jewellery ehted on inspireeritud loodusest. Autor kasutab nii traditsioonilisi kullassepa v\u00f5tteid kui ka ootamatuid metalli t\u00f6\u00f6tlemise tehnoloogiaid. SPRING kollektsiooni ehted on inspireeritud kevade v\u00e4rskusest ja t\u00e4rkavast loodusest. K\u00f5ik ehted on k\u00e4sitsi valmistatud h\u00f5bedast. Iga ehe valmib vastavalt tellimusele, tarneaeg on kuni 3 n\u00e4dalat.  Materjal: h\u00f5be 925 Pikkus: 0,7 cm Kaal: ~0,35 g Ehe auf pakitud kinkekarpi Valmistatud k\u00e4sit\u00f6\u00f6na Eestis Tarneaeg (koos valmistamisega): 2-3 n\u00e4dalat","og_url":"https:\/\/glowery.me\/de\/produkt\/ohrringe-spring-vergissmeinnicht\/","og_site_name":"Glowery","article_publisher":"https:\/\/www.facebook.com\/profile.php?id=61575866108739","og_image":[{"width":1726,"height":1726,"url":"https:\/\/glowery.me\/wp-content\/uploads\/2025\/04\/VaikeMeelespeaKorvKuldC.jpg","type":"image\/jpeg"}],"twitter_card":"summary_large_image","twitter_misc":{"Gesch\u00e4tzte Lesezeit":"1\u00a0Minute"},"schema":{"@context":"https:\/\/schema.org","@graph":[{"@type":"WebPage","@id":"https:\/\/glowery.me\/de\/produkt\/ohrringe-spring-vergissmeinnicht\/","url":"https:\/\/glowery.me\/de\/produkt\/ohrringe-spring-vergissmeinnicht\/","name":"Ohrringe - SPRING Vergissmeinnicht - Glowery","isPartOf":{"@id":"https:\/\/glowery.me\/#website"},"primaryImageOfPage":{"@id":"https:\/\/glowery.me\/de\/produkt\/ohrringe-spring-vergissmeinnicht\/#primaryimage"},"image":{"@id":"https:\/\/glowery.me\/de\/produkt\/ohrringe-spring-vergissmeinnicht\/#primaryimage"},"thumbnailUrl":"https:\/\/glowery.me\/wp-content\/uploads\/2025\/04\/VaikeMeelespeaKorvKuldC.jpg","datePublished":"2025-04-26T19:37:00+00:00","breadcrumb":{"@id":"https:\/\/glowery.me\/de\/produkt\/ohrringe-spring-vergissmeinnicht\/#breadcrumb"},"inLanguage":"de","potentialAction":[{"@type":"ReadAction","target":["https:\/\/glowery.me\/de\/produkt\/ohrringe-spring-vergissmeinnicht\/"]}]},{"@type":"ImageObject","inLanguage":"de","@id":"https:\/\/glowery.me\/de\/produkt\/ohrringe-spring-vergissmeinnicht\/#primaryimage","url":"https:\/\/glowery.me\/wp-content\/uploads\/2025\/04\/VaikeMeelespeaKorvKuldC.jpg","contentUrl":"https:\/\/glowery.me\/wp-content\/uploads\/2025\/04\/VaikeMeelespeaKorvKuldC.jpg","width":1726,"height":1726},{"@type":"BreadcrumbList","@id":"https:\/\/glowery.me\/de\/produkt\/ohrringe-spring-vergissmeinnicht\/#breadcrumb","itemListElement":[{"@type":"ListItem","position":1,"name":"Home","item":"https:\/\/glowery.me\/de\/startseite\/"},{"@type":"ListItem","position":2,"name":"Shop","item":"https:\/\/glowery.me\/de\/shop\/"},{"@type":"ListItem","position":3,"name":"Ohrringe &#8211; SPRING Vergissmeinnicht"}]},{"@type":"WebSite","@id":"https:\/\/glowery.me\/#website","url":"https:\/\/glowery.me\/","name":"Glowery","description":"Stilvolle Essentials \u2013 von zeitlosem Schmuck \u00fcber elegante Taschen und Schuhe bis hin zu ausgew\u00e4hlten Kleidern und nat\u00fcrlicher Kosmetik.","publisher":{"@id":"https:\/\/glowery.me\/#organization"},"potentialAction":[{"@type":"SearchAction","target":{"@type":"EntryPoint","urlTemplate":"https:\/\/glowery.me\/?s={search_term_string}"},"query-input":{"@type":"PropertyValueSpecification","valueRequired":true,"valueName":"search_term_string"}}],"inLanguage":"de"},{"@type":"Organization","@id":"https:\/\/glowery.me\/#organization","name":"Glowery","url":"https:\/\/glowery.me\/","logo":{"@type":"ImageObject","inLanguage":"de","@id":"https:\/\/glowery.me\/#\/schema\/logo\/image\/","url":"https:\/\/glowery.me\/wp-content\/uploads\/2025\/05\/Glowery-e1746421067847.png","contentUrl":"https:\/\/glowery.me\/wp-content\/uploads\/2025\/05\/Glowery-e1746421067847.png","width":494,"height":146,"caption":"Glowery"},"image":{"@id":"https:\/\/glowery.me\/#\/schema\/logo\/image\/"},"sameAs":["https:\/\/www.facebook.com\/profile.php?id=61575866108739","https:\/\/www.instagram.com\/glowery.me","https:\/\/www.tiktok.com\/@glowery.me?_t=ZN-8wLhgUVkGCk&_r=1"]}]}},"jetpack_sharing_enabled":true,"_links":{"self":[{"href":"https:\/\/glowery.me\/de\/wp-json\/wp\/v2\/product\/26214","targetHints":{"allow":["GET"]}}],"collection":[{"href":"https:\/\/glowery.me\/de\/wp-json\/wp\/v2\/product"}],"about":[{"href":"https:\/\/glowery.me\/de\/wp-json\/wp\/v2\/types\/product"}],"replies":[{"embeddable":true,"href":"https:\/\/glowery.me\/de\/wp-json\/wp\/v2\/comments?post=26214"}],"wp:featuredmedia":[{"embeddable":true,"href":"https:\/\/glowery.me\/de\/wp-json\/wp\/v2\/media\/13651"}],"wp:attachment":[{"href":"https:\/\/glowery.me\/de\/wp-json\/wp\/v2\/media?parent=26214"}],"wp:term":[{"taxonomy":"product_brand","embeddable":true,"href":"https:\/\/glowery.me\/de\/wp-json\/wp\/v2\/product_brand?post=26214"},{"taxonomy":"product_cat","embeddable":true,"href":"https:\/\/glowery.me\/de\/wp-json\/wp\/v2\/product_cat?post=26214"},{"taxonomy":"product_tag","embeddable":true,"href":"https:\/\/glowery.me\/de\/wp-json\/wp\/v2\/product_tag?post=26214"}],"curies":[{"name":"wp","href":"https:\/\/api.w.org\/{rel}","templated":true}]}}