{"id":26295,"date":"2025-04-26T19:37:00","date_gmt":"2025-04-26T19:37:00","guid":{"rendered":"https:\/\/glowery.me\/produkt\/armband-folgen-sie-ihren-traeumen\/"},"modified":"2025-04-26T19:37:00","modified_gmt":"2025-04-26T19:37:00","slug":"armband-folgen-sie-ihren-traeumen","status":"publish","type":"product","link":"https:\/\/glowery.me\/de\/produkt\/armband-folgen-sie-ihren-traeumen\/","title":{"rendered":"Armband &#8211; Folgen Sie Ihren Tr\u00e4umen"},"content":{"rendered":"<p><strong>OLLAs Armband &#8222;Folgen Sie Ihren Tr\u00e4umen&#8220;.<\/strong>  Verfolgen Sie Ihre Tr\u00e4ume mit unerbittlicher Leidenschaft, denn sie sind die Leitsterne Ihrer Lebensreise.<\/p>\n<p>Das Armband ist leicht verstellbar, um es gr\u00f6\u00dfer oder kleiner zu machen. Die Armb\u00e4nder sind <strong>langlebig und leicht, so dass Sie sie jeden Tag tragen k\u00f6nnen<\/strong>. Die OLLA-Armb\u00e4nder werden sorgf\u00e4ltig aus Edelstahl und in High-Tech-Verfahren poliert, um Haltbarkeit und lang anhaltendes Aussehen zu gew\u00e4hrleisten. Die Botschaft wird klar und leserlich durch eine Tiefengravur eingraviert. Gut gepflegte Armb\u00e4nder behalten ihren urspr\u00fcnglichen Farbton \u00fcber Jahre hinweg. Vermeiden Sie Feuchtigkeit und den Kontakt mit Kosmetika und Haushaltschemikalien. Reinigen Sie den Schmuck bei Bedarf mit einem Baumwoll- oder Samttuch.     <\/p>\n<ul>\n<li>Breite des Armbands: 3 mm<\/li>\n<li>Erh\u00e4ltlich in: Silber, Ros\u00e9gold, Gold<\/li>\n<\/ul>\n","protected":false},"excerpt":{"rendered":"<p><strong>OLLAs Armband &#8222;Folgen Sie Ihren Tr\u00e4umen&#8220;.<\/strong>  Verfolgen Sie Ihre Tr\u00e4ume mit unerbittlicher Leidenschaft, denn sie sind die Leitsterne Ihrer Lebensreise.<\/p>\n<p>Das Armband ist leicht verstellbar, um es gr\u00f6\u00dfer oder kleiner zu machen. Die Armb\u00e4nder sind <strong>langlebig und leicht, so dass Sie sie jeden Tag tragen k\u00f6nnen<\/strong>. Die OLLA-Armb\u00e4nder werden sorgf\u00e4ltig aus Edelstahl und in High-Tech-Verfahren poliert, um Haltbarkeit und lang anhaltendes Aussehen zu gew\u00e4hrleisten. Die Botschaft wird klar und leserlich durch eine Tiefengravur eingraviert. Gut gepflegte Armb\u00e4nder behalten ihren urspr\u00fcnglichen Farbton \u00fcber Jahre hinweg. Vermeiden Sie Feuchtigkeit und den Kontakt mit Kosmetika und Haushaltschemikalien. Reinigen Sie den Schmuck bei Bedarf mit einem Baumwoll- oder Samttuch.     <\/p>\n<ul>\n<li>Breite des Armbands: 3 mm<\/li>\n<li>Erh\u00e4ltlich in: Silber, Ros\u00e9gold, Gold<\/li>\n<\/ul>\n","protected":false},"featured_media":13405,"comment_status":"open","ping_status":"closed","template":"","meta":[],"product_brand":[],"product_cat":[154,126],"product_tag":[],"class_list":{"0":"post-26295","1":"product","2":"type-product","3":"status-publish","4":"has-post-thumbnail","6":"product_cat-armbander","7":"product_cat-schmuck","9":"first","10":"instock","11":"shipping-taxable","12":"purchasable","13":"product-type-variable"},"yoast_head":"<!-- This site is optimized with the Yoast SEO plugin v25.3 - https:\/\/yoast.com\/wordpress\/plugins\/seo\/ -->\n<title>Armband - Folgen Sie Ihren Tr\u00e4umen - Glowery<\/title>\n<meta name=\"robots\" content=\"index, follow, max-snippet:-1, max-image-preview:large, max-video-preview:-1\" \/>\n<link rel=\"canonical\" href=\"https:\/\/glowery.me\/de\/produkt\/armband-folgen-sie-ihren-traeumen\/\" \/>\n<meta property=\"og:locale\" content=\"de_DE\" \/>\n<meta property=\"og:type\" content=\"article\" \/>\n<meta property=\"og:title\" content=\"Armband - Folgen Sie Ihren Tr\u00e4umen - Glowery\" \/>\n<meta property=\"og:description\" content=\"OLLAs Armband &quot;Folgen Sie Ihren Tr\u00e4umen&quot;. Verfolgen Sie Ihre Tr\u00e4ume mit unerbittlicher Leidenschaft, denn sie sind die Leitsterne Ihrer Lebensreise. Das Armband ist leicht verstellbar, um es gr\u00f6\u00dfer oder kleiner zu machen. Die Armb\u00e4nder sind langlebig und leicht, so dass Sie sie jeden Tag tragen k\u00f6nnen. Die OLLA-Armb\u00e4nder werden sorgf\u00e4ltig aus Edelstahl und in High-Tech-Verfahren poliert, um Haltbarkeit und lang anhaltendes Aussehen zu gew\u00e4hrleisten. Die Botschaft wird klar und leserlich durch eine Tiefengravur eingraviert. Gut gepflegte Armb\u00e4nder behalten ihren urspr\u00fcnglichen Farbton \u00fcber Jahre hinweg. Vermeiden Sie Feuchtigkeit und den Kontakt mit Kosmetika und Haushaltschemikalien. Reinigen Sie den Schmuck bei Bedarf mit einem Baumwoll- oder Samttuch.    Breite des Armbands: 3 mm Erh\u00e4ltlich in: Silber, Ros\u00e9gold, Gold\" \/>\n<meta property=\"og:url\" content=\"https:\/\/glowery.me\/de\/produkt\/armband-folgen-sie-ihren-traeumen\/\" \/>\n<meta property=\"og:site_name\" content=\"Glowery\" \/>\n<meta property=\"article:publisher\" content=\"https:\/\/www.facebook.com\/profile.php?id=61575866108739\" \/>\n<meta property=\"og:image\" content=\"https:\/\/glowery.me\/wp-content\/uploads\/2025\/04\/DSCF8732-1-scaled-1-2.jpg\" \/>\n\t<meta property=\"og:image:width\" content=\"2048\" \/>\n\t<meta property=\"og:image:height\" content=\"2560\" \/>\n\t<meta property=\"og:image:type\" content=\"image\/jpeg\" \/>\n<meta name=\"twitter:card\" content=\"summary_large_image\" \/>\n<meta name=\"twitter:label1\" content=\"Gesch\u00e4tzte Lesezeit\" \/>\n\t<meta name=\"twitter:data1\" content=\"1\u00a0Minute\" \/>\n<script type=\"application\/ld+json\" class=\"yoast-schema-graph\">{\"@context\":\"https:\/\/schema.org\",\"@graph\":[{\"@type\":\"WebPage\",\"@id\":\"https:\/\/glowery.me\/de\/produkt\/armband-folgen-sie-ihren-traeumen\/\",\"url\":\"https:\/\/glowery.me\/de\/produkt\/armband-folgen-sie-ihren-traeumen\/\",\"name\":\"Armband - Folgen Sie Ihren Tr\u00e4umen - Glowery\",\"isPartOf\":{\"@id\":\"https:\/\/glowery.me\/#website\"},\"primaryImageOfPage\":{\"@id\":\"https:\/\/glowery.me\/de\/produkt\/armband-folgen-sie-ihren-traeumen\/#primaryimage\"},\"image\":{\"@id\":\"https:\/\/glowery.me\/de\/produkt\/armband-folgen-sie-ihren-traeumen\/#primaryimage\"},\"thumbnailUrl\":\"https:\/\/glowery.me\/wp-content\/uploads\/2025\/04\/DSCF8732-1-scaled-1-2.jpg\",\"datePublished\":\"2025-04-26T19:37:00+00:00\",\"breadcrumb\":{\"@id\":\"https:\/\/glowery.me\/de\/produkt\/armband-folgen-sie-ihren-traeumen\/#breadcrumb\"},\"inLanguage\":\"de\",\"potentialAction\":[{\"@type\":\"ReadAction\",\"target\":[\"https:\/\/glowery.me\/de\/produkt\/armband-folgen-sie-ihren-traeumen\/\"]}]},{\"@type\":\"ImageObject\",\"inLanguage\":\"de\",\"@id\":\"https:\/\/glowery.me\/de\/produkt\/armband-folgen-sie-ihren-traeumen\/#primaryimage\",\"url\":\"https:\/\/glowery.me\/wp-content\/uploads\/2025\/04\/DSCF8732-1-scaled-1-2.jpg\",\"contentUrl\":\"https:\/\/glowery.me\/wp-content\/uploads\/2025\/04\/DSCF8732-1-scaled-1-2.jpg\",\"width\":2048,\"height\":2560},{\"@type\":\"BreadcrumbList\",\"@id\":\"https:\/\/glowery.me\/de\/produkt\/armband-folgen-sie-ihren-traeumen\/#breadcrumb\",\"itemListElement\":[{\"@type\":\"ListItem\",\"position\":1,\"name\":\"Home\",\"item\":\"https:\/\/glowery.me\/de\/startseite\/\"},{\"@type\":\"ListItem\",\"position\":2,\"name\":\"Shop\",\"item\":\"https:\/\/glowery.me\/de\/shop\/\"},{\"@type\":\"ListItem\",\"position\":3,\"name\":\"Armband &#8211; Folgen Sie Ihren Tr\u00e4umen\"}]},{\"@type\":\"WebSite\",\"@id\":\"https:\/\/glowery.me\/#website\",\"url\":\"https:\/\/glowery.me\/\",\"name\":\"Glowery\",\"description\":\"Stilvolle Essentials \u2013 von zeitlosem Schmuck \u00fcber elegante Taschen und Schuhe bis hin zu ausgew\u00e4hlten Kleidern und nat\u00fcrlicher Kosmetik.\",\"publisher\":{\"@id\":\"https:\/\/glowery.me\/#organization\"},\"potentialAction\":[{\"@type\":\"SearchAction\",\"target\":{\"@type\":\"EntryPoint\",\"urlTemplate\":\"https:\/\/glowery.me\/?s={search_term_string}\"},\"query-input\":{\"@type\":\"PropertyValueSpecification\",\"valueRequired\":true,\"valueName\":\"search_term_string\"}}],\"inLanguage\":\"de\"},{\"@type\":\"Organization\",\"@id\":\"https:\/\/glowery.me\/#organization\",\"name\":\"Glowery\",\"url\":\"https:\/\/glowery.me\/\",\"logo\":{\"@type\":\"ImageObject\",\"inLanguage\":\"de\",\"@id\":\"https:\/\/glowery.me\/#\/schema\/logo\/image\/\",\"url\":\"https:\/\/glowery.me\/wp-content\/uploads\/2025\/05\/Glowery-e1746421067847.png\",\"contentUrl\":\"https:\/\/glowery.me\/wp-content\/uploads\/2025\/05\/Glowery-e1746421067847.png\",\"width\":494,\"height\":146,\"caption\":\"Glowery\"},\"image\":{\"@id\":\"https:\/\/glowery.me\/#\/schema\/logo\/image\/\"},\"sameAs\":[\"https:\/\/www.facebook.com\/profile.php?id=61575866108739\",\"https:\/\/www.instagram.com\/glowery.me\",\"https:\/\/www.tiktok.com\/@glowery.me?_t=ZN-8wLhgUVkGCk&_r=1\"]}]}<\/script>\n<!-- \/ Yoast SEO plugin. -->","yoast_head_json":{"title":"Armband - Folgen Sie Ihren Tr\u00e4umen - Glowery","robots":{"index":"index","follow":"follow","max-snippet":"max-snippet:-1","max-image-preview":"max-image-preview:large","max-video-preview":"max-video-preview:-1"},"canonical":"https:\/\/glowery.me\/de\/produkt\/armband-folgen-sie-ihren-traeumen\/","og_locale":"de_DE","og_type":"article","og_title":"Armband - Folgen Sie Ihren Tr\u00e4umen - Glowery","og_description":"OLLAs Armband \"Folgen Sie Ihren Tr\u00e4umen\". Verfolgen Sie Ihre Tr\u00e4ume mit unerbittlicher Leidenschaft, denn sie sind die Leitsterne Ihrer Lebensreise. Das Armband ist leicht verstellbar, um es gr\u00f6\u00dfer oder kleiner zu machen. Die Armb\u00e4nder sind langlebig und leicht, so dass Sie sie jeden Tag tragen k\u00f6nnen. Die OLLA-Armb\u00e4nder werden sorgf\u00e4ltig aus Edelstahl und in High-Tech-Verfahren poliert, um Haltbarkeit und lang anhaltendes Aussehen zu gew\u00e4hrleisten. Die Botschaft wird klar und leserlich durch eine Tiefengravur eingraviert. Gut gepflegte Armb\u00e4nder behalten ihren urspr\u00fcnglichen Farbton \u00fcber Jahre hinweg. Vermeiden Sie Feuchtigkeit und den Kontakt mit Kosmetika und Haushaltschemikalien. Reinigen Sie den Schmuck bei Bedarf mit einem Baumwoll- oder Samttuch.    Breite des Armbands: 3 mm Erh\u00e4ltlich in: Silber, Ros\u00e9gold, Gold","og_url":"https:\/\/glowery.me\/de\/produkt\/armband-folgen-sie-ihren-traeumen\/","og_site_name":"Glowery","article_publisher":"https:\/\/www.facebook.com\/profile.php?id=61575866108739","og_image":[{"width":2048,"height":2560,"url":"https:\/\/glowery.me\/wp-content\/uploads\/2025\/04\/DSCF8732-1-scaled-1-2.jpg","type":"image\/jpeg"}],"twitter_card":"summary_large_image","twitter_misc":{"Gesch\u00e4tzte Lesezeit":"1\u00a0Minute"},"schema":{"@context":"https:\/\/schema.org","@graph":[{"@type":"WebPage","@id":"https:\/\/glowery.me\/de\/produkt\/armband-folgen-sie-ihren-traeumen\/","url":"https:\/\/glowery.me\/de\/produkt\/armband-folgen-sie-ihren-traeumen\/","name":"Armband - Folgen Sie Ihren Tr\u00e4umen - Glowery","isPartOf":{"@id":"https:\/\/glowery.me\/#website"},"primaryImageOfPage":{"@id":"https:\/\/glowery.me\/de\/produkt\/armband-folgen-sie-ihren-traeumen\/#primaryimage"},"image":{"@id":"https:\/\/glowery.me\/de\/produkt\/armband-folgen-sie-ihren-traeumen\/#primaryimage"},"thumbnailUrl":"https:\/\/glowery.me\/wp-content\/uploads\/2025\/04\/DSCF8732-1-scaled-1-2.jpg","datePublished":"2025-04-26T19:37:00+00:00","breadcrumb":{"@id":"https:\/\/glowery.me\/de\/produkt\/armband-folgen-sie-ihren-traeumen\/#breadcrumb"},"inLanguage":"de","potentialAction":[{"@type":"ReadAction","target":["https:\/\/glowery.me\/de\/produkt\/armband-folgen-sie-ihren-traeumen\/"]}]},{"@type":"ImageObject","inLanguage":"de","@id":"https:\/\/glowery.me\/de\/produkt\/armband-folgen-sie-ihren-traeumen\/#primaryimage","url":"https:\/\/glowery.me\/wp-content\/uploads\/2025\/04\/DSCF8732-1-scaled-1-2.jpg","contentUrl":"https:\/\/glowery.me\/wp-content\/uploads\/2025\/04\/DSCF8732-1-scaled-1-2.jpg","width":2048,"height":2560},{"@type":"BreadcrumbList","@id":"https:\/\/glowery.me\/de\/produkt\/armband-folgen-sie-ihren-traeumen\/#breadcrumb","itemListElement":[{"@type":"ListItem","position":1,"name":"Home","item":"https:\/\/glowery.me\/de\/startseite\/"},{"@type":"ListItem","position":2,"name":"Shop","item":"https:\/\/glowery.me\/de\/shop\/"},{"@type":"ListItem","position":3,"name":"Armband &#8211; Folgen Sie Ihren Tr\u00e4umen"}]},{"@type":"WebSite","@id":"https:\/\/glowery.me\/#website","url":"https:\/\/glowery.me\/","name":"Glowery","description":"Stilvolle Essentials \u2013 von zeitlosem Schmuck \u00fcber elegante Taschen und Schuhe bis hin zu ausgew\u00e4hlten Kleidern und nat\u00fcrlicher Kosmetik.","publisher":{"@id":"https:\/\/glowery.me\/#organization"},"potentialAction":[{"@type":"SearchAction","target":{"@type":"EntryPoint","urlTemplate":"https:\/\/glowery.me\/?s={search_term_string}"},"query-input":{"@type":"PropertyValueSpecification","valueRequired":true,"valueName":"search_term_string"}}],"inLanguage":"de"},{"@type":"Organization","@id":"https:\/\/glowery.me\/#organization","name":"Glowery","url":"https:\/\/glowery.me\/","logo":{"@type":"ImageObject","inLanguage":"de","@id":"https:\/\/glowery.me\/#\/schema\/logo\/image\/","url":"https:\/\/glowery.me\/wp-content\/uploads\/2025\/05\/Glowery-e1746421067847.png","contentUrl":"https:\/\/glowery.me\/wp-content\/uploads\/2025\/05\/Glowery-e1746421067847.png","width":494,"height":146,"caption":"Glowery"},"image":{"@id":"https:\/\/glowery.me\/#\/schema\/logo\/image\/"},"sameAs":["https:\/\/www.facebook.com\/profile.php?id=61575866108739","https:\/\/www.instagram.com\/glowery.me","https:\/\/www.tiktok.com\/@glowery.me?_t=ZN-8wLhgUVkGCk&_r=1"]}]}},"jetpack_sharing_enabled":true,"_links":{"self":[{"href":"https:\/\/glowery.me\/de\/wp-json\/wp\/v2\/product\/26295","targetHints":{"allow":["GET"]}}],"collection":[{"href":"https:\/\/glowery.me\/de\/wp-json\/wp\/v2\/product"}],"about":[{"href":"https:\/\/glowery.me\/de\/wp-json\/wp\/v2\/types\/product"}],"replies":[{"embeddable":true,"href":"https:\/\/glowery.me\/de\/wp-json\/wp\/v2\/comments?post=26295"}],"wp:featuredmedia":[{"embeddable":true,"href":"https:\/\/glowery.me\/de\/wp-json\/wp\/v2\/media\/13405"}],"wp:attachment":[{"href":"https:\/\/glowery.me\/de\/wp-json\/wp\/v2\/media?parent=26295"}],"wp:term":[{"taxonomy":"product_brand","embeddable":true,"href":"https:\/\/glowery.me\/de\/wp-json\/wp\/v2\/product_brand?post=26295"},{"taxonomy":"product_cat","embeddable":true,"href":"https:\/\/glowery.me\/de\/wp-json\/wp\/v2\/product_cat?post=26295"},{"taxonomy":"product_tag","embeddable":true,"href":"https:\/\/glowery.me\/de\/wp-json\/wp\/v2\/product_tag?post=26295"}],"curies":[{"name":"wp","href":"https:\/\/api.w.org\/{rel}","templated":true}]}}