{"id":26308,"date":"2025-04-26T19:37:00","date_gmt":"2025-04-26T19:37:00","guid":{"rendered":"https:\/\/glowery.me\/produkt\/hathor-harmonie-ring-silber\/"},"modified":"2025-04-26T19:37:00","modified_gmt":"2025-04-26T19:37:00","slug":"hathor-harmonie-ring-silber","status":"publish","type":"product","link":"https:\/\/glowery.me\/de\/produkt\/hathor-harmonie-ring-silber\/","title":{"rendered":"Hathor Harmonie Ring &#8211; Silber"},"content":{"rendered":"<p><strong>Verantwortungsvoll hergestellter 3D-gedruckter Ring aus ethischem 925er Silber.<\/strong><\/p>\n<p><strong>Hathor Harmony St\u00fccke erinnern uns daran, uns der VIBRATIONEN bewusster zu werden.<\/strong>  Mit welchen Kl\u00e4ngen, Worten und Musik umgebe ich mich und teile sie auch mit anderen. Was ist der Ton, die Absicht und die Emotionen hinter meinen Worten.   <strong>Schaffe ich HARMONIE mit ihnen oder nicht?  <\/strong>Es erinnert mich daran, jeden Tag zu singen oder zu summen. Musik zu h\u00f6ren, die mich erhebt, ein L\u00e4cheln auf mein Gesicht zaubert und meinen K\u00f6rper in Bewegung bringt. Und wenn n\u00f6tig, in die VIBRATION der Stille zu gehen.  <\/p>\n<p>Im alten \u00c4gypten waren HATHORS G\u00f6ttinnen\/G\u00f6tter der Liebe, der Sch\u00f6nheit, der Musik, des Tanzes, der Fruchtbarkeit, des Friedens und der Harmonie. Die Farbe, die oft mit ihnen assoziiert wurde, war BLAU. <\/p>\n<p>Kriss Eglite, Gr\u00fcnder von NVBK:  <em>Ich habe all diese St\u00fccke kreiert, weil ich sie tragen wollte, um mich an bestimmte Werte zu erinnern und mir meine eigenen Entscheidungen bewusst zu machen. Diese St\u00fccke bedeuten mir viel mehr als nur h\u00fcbscher oder cooler Schmuck &#8211; sie sind Symbole, die ich mit mir trage, sie sind Schwingungen, die ich ausstrahlen und mit denen ich mich umgeben m\u00f6chte. <\/em><\/p>\n<p>Wir verwenden den 3D-Druck, um die Genauigkeit dieses kraftvollen Symbols zu gew\u00e4hrleisten.<\/p>\n<ul>\n<li>Nicht-allergischer Schmuck<\/li>\n<li>Verantwortungsvoll hergestellt<\/li>\n<li>Handgefertigt in Estland<\/li>\n<li>Wird als Geschenk verpackt geliefert<\/li>\n<\/ul>\n<p>&#8222;New Vintage by Kriss&#8220; ist eine Schmuckmarke, die coolen, wundersch\u00f6nen und tragbaren Schmuck kreiert. Das Ziel der Marke ist es, Frauen zu ermutigen, ihr Leben in vollen Z\u00fcgen zu leben, gro\u00dfe Tr\u00e4ume zu haben und mutig zu handeln, die Regeln zu vergessen und ihren eigenen Weg zu gehen. Die Hauptinspiration der Marke ist eine Frau, die Tochter, Mutter, Rockerin, eingefleischte Romantikerin, Weltreisende, ein kleiner Teufel und eine G\u00f6ttin in einem ist &#8211; alles in einem. Diese Halsketten, Ohrringe und Armb\u00e4nder sind f\u00fcr eine Frau gemacht, die Schmuck f\u00fcr sich selbst tr\u00e4gt und die Sch\u00f6nheit der Einfachheit sch\u00e4tzt.   <\/p>\n","protected":false},"excerpt":{"rendered":"<p><strong>Verantwortungsvoll hergestellter 3D-gedruckter Ring aus ethischem 925er Silber.<\/strong><\/p>\n<p><strong>Hathor Harmony St\u00fccke erinnern uns daran, uns der VIBRATIONEN bewusster zu werden.<\/strong>  Mit welchen Kl\u00e4ngen, Worten und Musik umgebe ich mich und teile sie auch mit anderen. Was ist der Ton, die Absicht und die Emotionen hinter meinen Worten.   <strong>Schaffe ich HARMONIE mit ihnen oder nicht?  <\/strong>Es erinnert mich daran, jeden Tag zu singen oder zu summen. Musik zu h\u00f6ren, die mich erhebt, ein L\u00e4cheln auf mein Gesicht zaubert und meinen K\u00f6rper in Bewegung bringt. Und wenn n\u00f6tig, in die VIBRATION der Stille zu gehen.  <\/p>\n<p>Im alten \u00c4gypten waren HATHORS G\u00f6ttinnen\/G\u00f6tter der Liebe, der Sch\u00f6nheit, der Musik, des Tanzes, der Fruchtbarkeit, des Friedens und der Harmonie. Die Farbe, die oft mit ihnen assoziiert wurde, war BLAU. <\/p>\n<p>Kriss Eglite, Gr\u00fcnder von NVBK:  <em>Ich habe all diese St\u00fccke kreiert, weil ich sie tragen wollte, um mich an bestimmte Werte zu erinnern und mir meine eigenen Entscheidungen bewusst zu machen. Diese St\u00fccke bedeuten mir viel mehr als nur h\u00fcbscher oder cooler Schmuck &#8211; sie sind Symbole, die ich mit mir trage, sie sind Schwingungen, die ich ausstrahlen und mit denen ich mich umgeben m\u00f6chte. <\/em><\/p>\n<p>Wir verwenden den 3D-Druck, um die Genauigkeit dieses kraftvollen Symbols zu gew\u00e4hrleisten.<\/p>\n<ul>\n<li>Nicht-allergischer Schmuck<\/li>\n<li>Verantwortungsvoll hergestellt<\/li>\n<li>Handgefertigt in Estland<\/li>\n<li>Wird als Geschenk verpackt geliefert<\/li>\n<\/ul>\n<p>&#8222;New Vintage by Kriss&#8220; ist eine Schmuckmarke, die coolen, wundersch\u00f6nen und tragbaren Schmuck kreiert. Das Ziel der Marke ist es, Frauen zu ermutigen, ihr Leben in vollen Z\u00fcgen zu leben, gro\u00dfe Tr\u00e4ume zu haben und mutig zu handeln, die Regeln zu vergessen und ihren eigenen Weg zu gehen. Die Hauptinspiration der Marke ist eine Frau, die Tochter, Mutter, Rockerin, eingefleischte Romantikerin, Weltreisende, ein kleiner Teufel und eine G\u00f6ttin in einem ist &#8211; alles in einem. Diese Halsketten, Ohrringe und Armb\u00e4nder sind f\u00fcr eine Frau gemacht, die Schmuck f\u00fcr sich selbst tr\u00e4gt und die Sch\u00f6nheit der Einfachheit sch\u00e4tzt.   <\/p>\n","protected":false},"featured_media":13381,"comment_status":"open","ping_status":"closed","template":"","meta":[],"product_brand":[],"product_cat":[148,126],"product_tag":[],"class_list":{"0":"post-26308","1":"product","2":"type-product","3":"status-publish","4":"has-post-thumbnail","6":"product_cat-ringe-de-2","7":"product_cat-schmuck","9":"first","10":"instock","11":"shipping-taxable","12":"purchasable","13":"product-type-simple"},"yoast_head":"<!-- This site is optimized with the Yoast SEO plugin v25.3 - https:\/\/yoast.com\/wordpress\/plugins\/seo\/ -->\n<title>Hathor Harmonie Ring - Silber - Glowery<\/title>\n<meta name=\"robots\" content=\"index, follow, max-snippet:-1, max-image-preview:large, max-video-preview:-1\" \/>\n<link rel=\"canonical\" href=\"https:\/\/glowery.me\/de\/produkt\/hathor-harmonie-ring-silber\/\" \/>\n<meta property=\"og:locale\" content=\"de_DE\" \/>\n<meta property=\"og:type\" content=\"article\" \/>\n<meta property=\"og:title\" content=\"Hathor Harmonie Ring - Silber - Glowery\" \/>\n<meta property=\"og:description\" content=\"Verantwortungsvoll hergestellter 3D-gedruckter Ring aus ethischem 925er Silber. Hathor Harmony St\u00fccke erinnern uns daran, uns der VIBRATIONEN bewusster zu werden. Mit welchen Kl\u00e4ngen, Worten und Musik umgebe ich mich und teile sie auch mit anderen. Was ist der Ton, die Absicht und die Emotionen hinter meinen Worten.  Schaffe ich HARMONIE mit ihnen oder nicht? Es erinnert mich daran, jeden Tag zu singen oder zu summen. Musik zu h\u00f6ren, die mich erhebt, ein L\u00e4cheln auf mein Gesicht zaubert und meinen K\u00f6rper in Bewegung bringt. Und wenn n\u00f6tig, in die VIBRATION der Stille zu gehen.  Im alten \u00c4gypten waren HATHORS G\u00f6ttinnen\/G\u00f6tter der Liebe, der Sch\u00f6nheit, der Musik, des Tanzes, der Fruchtbarkeit, des Friedens und der Harmonie. Die Farbe, die oft mit ihnen assoziiert wurde, war BLAU. Kriss Eglite, Gr\u00fcnder von NVBK: Ich habe all diese St\u00fccke kreiert, weil ich sie tragen wollte, um mich an bestimmte Werte zu erinnern und mir meine eigenen Entscheidungen bewusst zu machen. Diese St\u00fccke bedeuten mir viel mehr als nur h\u00fcbscher oder cooler Schmuck - sie sind Symbole, die ich mit mir trage, sie sind Schwingungen, die ich ausstrahlen und mit denen ich mich umgeben m\u00f6chte. Wir verwenden den 3D-Druck, um die Genauigkeit dieses kraftvollen Symbols zu gew\u00e4hrleisten. Nicht-allergischer Schmuck Verantwortungsvoll hergestellt Handgefertigt in Estland Wird als Geschenk verpackt geliefert &quot;New Vintage by Kriss&quot; ist eine Schmuckmarke, die coolen, wundersch\u00f6nen und tragbaren Schmuck kreiert. Das Ziel der Marke ist es, Frauen zu ermutigen, ihr Leben in vollen Z\u00fcgen zu leben, gro\u00dfe Tr\u00e4ume zu haben und mutig zu handeln, die Regeln zu vergessen und ihren eigenen Weg zu gehen. Die Hauptinspiration der Marke ist eine Frau, die Tochter, Mutter, Rockerin, eingefleischte Romantikerin, Weltreisende, ein kleiner Teufel und eine G\u00f6ttin in einem ist - alles in einem. Diese Halsketten, Ohrringe und Armb\u00e4nder sind f\u00fcr eine Frau gemacht, die Schmuck f\u00fcr sich selbst tr\u00e4gt und die Sch\u00f6nheit der Einfachheit sch\u00e4tzt.\" \/>\n<meta property=\"og:url\" content=\"https:\/\/glowery.me\/de\/produkt\/hathor-harmonie-ring-silber\/\" \/>\n<meta property=\"og:site_name\" content=\"Glowery\" \/>\n<meta property=\"article:publisher\" content=\"https:\/\/www.facebook.com\/profile.php?id=61575866108739\" \/>\n<meta property=\"og:image\" content=\"https:\/\/glowery.me\/wp-content\/uploads\/2025\/04\/web-_35A0512-EditV.jpg\" \/>\n\t<meta property=\"og:image:width\" content=\"1200\" \/>\n\t<meta property=\"og:image:height\" content=\"1800\" \/>\n\t<meta property=\"og:image:type\" content=\"image\/jpeg\" \/>\n<meta name=\"twitter:card\" content=\"summary_large_image\" \/>\n<meta name=\"twitter:label1\" content=\"Gesch\u00e4tzte Lesezeit\" \/>\n\t<meta name=\"twitter:data1\" content=\"2\u00a0Minuten\" \/>\n<script type=\"application\/ld+json\" class=\"yoast-schema-graph\">{\"@context\":\"https:\/\/schema.org\",\"@graph\":[{\"@type\":\"WebPage\",\"@id\":\"https:\/\/glowery.me\/de\/produkt\/hathor-harmonie-ring-silber\/\",\"url\":\"https:\/\/glowery.me\/de\/produkt\/hathor-harmonie-ring-silber\/\",\"name\":\"Hathor Harmonie Ring - Silber - Glowery\",\"isPartOf\":{\"@id\":\"https:\/\/glowery.me\/#website\"},\"primaryImageOfPage\":{\"@id\":\"https:\/\/glowery.me\/de\/produkt\/hathor-harmonie-ring-silber\/#primaryimage\"},\"image\":{\"@id\":\"https:\/\/glowery.me\/de\/produkt\/hathor-harmonie-ring-silber\/#primaryimage\"},\"thumbnailUrl\":\"https:\/\/glowery.me\/wp-content\/uploads\/2025\/04\/web-_35A0512-EditV.jpg\",\"datePublished\":\"2025-04-26T19:37:00+00:00\",\"breadcrumb\":{\"@id\":\"https:\/\/glowery.me\/de\/produkt\/hathor-harmonie-ring-silber\/#breadcrumb\"},\"inLanguage\":\"de\",\"potentialAction\":[{\"@type\":\"ReadAction\",\"target\":[\"https:\/\/glowery.me\/de\/produkt\/hathor-harmonie-ring-silber\/\"]}]},{\"@type\":\"ImageObject\",\"inLanguage\":\"de\",\"@id\":\"https:\/\/glowery.me\/de\/produkt\/hathor-harmonie-ring-silber\/#primaryimage\",\"url\":\"https:\/\/glowery.me\/wp-content\/uploads\/2025\/04\/web-_35A0512-EditV.jpg\",\"contentUrl\":\"https:\/\/glowery.me\/wp-content\/uploads\/2025\/04\/web-_35A0512-EditV.jpg\",\"width\":1200,\"height\":1800},{\"@type\":\"BreadcrumbList\",\"@id\":\"https:\/\/glowery.me\/de\/produkt\/hathor-harmonie-ring-silber\/#breadcrumb\",\"itemListElement\":[{\"@type\":\"ListItem\",\"position\":1,\"name\":\"Home\",\"item\":\"https:\/\/glowery.me\/de\/startseite\/\"},{\"@type\":\"ListItem\",\"position\":2,\"name\":\"Shop\",\"item\":\"https:\/\/glowery.me\/de\/shop\/\"},{\"@type\":\"ListItem\",\"position\":3,\"name\":\"Hathor Harmonie Ring &#8211; Silber\"}]},{\"@type\":\"WebSite\",\"@id\":\"https:\/\/glowery.me\/#website\",\"url\":\"https:\/\/glowery.me\/\",\"name\":\"Glowery\",\"description\":\"Stilvolle Essentials \u2013 von zeitlosem Schmuck \u00fcber elegante Taschen und Schuhe bis hin zu ausgew\u00e4hlten Kleidern und nat\u00fcrlicher Kosmetik.\",\"publisher\":{\"@id\":\"https:\/\/glowery.me\/#organization\"},\"potentialAction\":[{\"@type\":\"SearchAction\",\"target\":{\"@type\":\"EntryPoint\",\"urlTemplate\":\"https:\/\/glowery.me\/?s={search_term_string}\"},\"query-input\":{\"@type\":\"PropertyValueSpecification\",\"valueRequired\":true,\"valueName\":\"search_term_string\"}}],\"inLanguage\":\"de\"},{\"@type\":\"Organization\",\"@id\":\"https:\/\/glowery.me\/#organization\",\"name\":\"Glowery\",\"url\":\"https:\/\/glowery.me\/\",\"logo\":{\"@type\":\"ImageObject\",\"inLanguage\":\"de\",\"@id\":\"https:\/\/glowery.me\/#\/schema\/logo\/image\/\",\"url\":\"https:\/\/glowery.me\/wp-content\/uploads\/2025\/05\/Glowery-e1746421067847.png\",\"contentUrl\":\"https:\/\/glowery.me\/wp-content\/uploads\/2025\/05\/Glowery-e1746421067847.png\",\"width\":494,\"height\":146,\"caption\":\"Glowery\"},\"image\":{\"@id\":\"https:\/\/glowery.me\/#\/schema\/logo\/image\/\"},\"sameAs\":[\"https:\/\/www.facebook.com\/profile.php?id=61575866108739\",\"https:\/\/www.instagram.com\/glowery.me\",\"https:\/\/www.tiktok.com\/@glowery.me?_t=ZN-8wLhgUVkGCk&_r=1\"]}]}<\/script>\n<!-- \/ Yoast SEO plugin. -->","yoast_head_json":{"title":"Hathor Harmonie Ring - Silber - Glowery","robots":{"index":"index","follow":"follow","max-snippet":"max-snippet:-1","max-image-preview":"max-image-preview:large","max-video-preview":"max-video-preview:-1"},"canonical":"https:\/\/glowery.me\/de\/produkt\/hathor-harmonie-ring-silber\/","og_locale":"de_DE","og_type":"article","og_title":"Hathor Harmonie Ring - Silber - Glowery","og_description":"Verantwortungsvoll hergestellter 3D-gedruckter Ring aus ethischem 925er Silber. Hathor Harmony St\u00fccke erinnern uns daran, uns der VIBRATIONEN bewusster zu werden. Mit welchen Kl\u00e4ngen, Worten und Musik umgebe ich mich und teile sie auch mit anderen. Was ist der Ton, die Absicht und die Emotionen hinter meinen Worten.  Schaffe ich HARMONIE mit ihnen oder nicht? Es erinnert mich daran, jeden Tag zu singen oder zu summen. Musik zu h\u00f6ren, die mich erhebt, ein L\u00e4cheln auf mein Gesicht zaubert und meinen K\u00f6rper in Bewegung bringt. Und wenn n\u00f6tig, in die VIBRATION der Stille zu gehen.  Im alten \u00c4gypten waren HATHORS G\u00f6ttinnen\/G\u00f6tter der Liebe, der Sch\u00f6nheit, der Musik, des Tanzes, der Fruchtbarkeit, des Friedens und der Harmonie. Die Farbe, die oft mit ihnen assoziiert wurde, war BLAU. Kriss Eglite, Gr\u00fcnder von NVBK: Ich habe all diese St\u00fccke kreiert, weil ich sie tragen wollte, um mich an bestimmte Werte zu erinnern und mir meine eigenen Entscheidungen bewusst zu machen. Diese St\u00fccke bedeuten mir viel mehr als nur h\u00fcbscher oder cooler Schmuck - sie sind Symbole, die ich mit mir trage, sie sind Schwingungen, die ich ausstrahlen und mit denen ich mich umgeben m\u00f6chte. Wir verwenden den 3D-Druck, um die Genauigkeit dieses kraftvollen Symbols zu gew\u00e4hrleisten. Nicht-allergischer Schmuck Verantwortungsvoll hergestellt Handgefertigt in Estland Wird als Geschenk verpackt geliefert \"New Vintage by Kriss\" ist eine Schmuckmarke, die coolen, wundersch\u00f6nen und tragbaren Schmuck kreiert. Das Ziel der Marke ist es, Frauen zu ermutigen, ihr Leben in vollen Z\u00fcgen zu leben, gro\u00dfe Tr\u00e4ume zu haben und mutig zu handeln, die Regeln zu vergessen und ihren eigenen Weg zu gehen. Die Hauptinspiration der Marke ist eine Frau, die Tochter, Mutter, Rockerin, eingefleischte Romantikerin, Weltreisende, ein kleiner Teufel und eine G\u00f6ttin in einem ist - alles in einem. Diese Halsketten, Ohrringe und Armb\u00e4nder sind f\u00fcr eine Frau gemacht, die Schmuck f\u00fcr sich selbst tr\u00e4gt und die Sch\u00f6nheit der Einfachheit sch\u00e4tzt.","og_url":"https:\/\/glowery.me\/de\/produkt\/hathor-harmonie-ring-silber\/","og_site_name":"Glowery","article_publisher":"https:\/\/www.facebook.com\/profile.php?id=61575866108739","og_image":[{"width":1200,"height":1800,"url":"https:\/\/glowery.me\/wp-content\/uploads\/2025\/04\/web-_35A0512-EditV.jpg","type":"image\/jpeg"}],"twitter_card":"summary_large_image","twitter_misc":{"Gesch\u00e4tzte Lesezeit":"2\u00a0Minuten"},"schema":{"@context":"https:\/\/schema.org","@graph":[{"@type":"WebPage","@id":"https:\/\/glowery.me\/de\/produkt\/hathor-harmonie-ring-silber\/","url":"https:\/\/glowery.me\/de\/produkt\/hathor-harmonie-ring-silber\/","name":"Hathor Harmonie Ring - Silber - Glowery","isPartOf":{"@id":"https:\/\/glowery.me\/#website"},"primaryImageOfPage":{"@id":"https:\/\/glowery.me\/de\/produkt\/hathor-harmonie-ring-silber\/#primaryimage"},"image":{"@id":"https:\/\/glowery.me\/de\/produkt\/hathor-harmonie-ring-silber\/#primaryimage"},"thumbnailUrl":"https:\/\/glowery.me\/wp-content\/uploads\/2025\/04\/web-_35A0512-EditV.jpg","datePublished":"2025-04-26T19:37:00+00:00","breadcrumb":{"@id":"https:\/\/glowery.me\/de\/produkt\/hathor-harmonie-ring-silber\/#breadcrumb"},"inLanguage":"de","potentialAction":[{"@type":"ReadAction","target":["https:\/\/glowery.me\/de\/produkt\/hathor-harmonie-ring-silber\/"]}]},{"@type":"ImageObject","inLanguage":"de","@id":"https:\/\/glowery.me\/de\/produkt\/hathor-harmonie-ring-silber\/#primaryimage","url":"https:\/\/glowery.me\/wp-content\/uploads\/2025\/04\/web-_35A0512-EditV.jpg","contentUrl":"https:\/\/glowery.me\/wp-content\/uploads\/2025\/04\/web-_35A0512-EditV.jpg","width":1200,"height":1800},{"@type":"BreadcrumbList","@id":"https:\/\/glowery.me\/de\/produkt\/hathor-harmonie-ring-silber\/#breadcrumb","itemListElement":[{"@type":"ListItem","position":1,"name":"Home","item":"https:\/\/glowery.me\/de\/startseite\/"},{"@type":"ListItem","position":2,"name":"Shop","item":"https:\/\/glowery.me\/de\/shop\/"},{"@type":"ListItem","position":3,"name":"Hathor Harmonie Ring &#8211; Silber"}]},{"@type":"WebSite","@id":"https:\/\/glowery.me\/#website","url":"https:\/\/glowery.me\/","name":"Glowery","description":"Stilvolle Essentials \u2013 von zeitlosem Schmuck \u00fcber elegante Taschen und Schuhe bis hin zu ausgew\u00e4hlten Kleidern und nat\u00fcrlicher Kosmetik.","publisher":{"@id":"https:\/\/glowery.me\/#organization"},"potentialAction":[{"@type":"SearchAction","target":{"@type":"EntryPoint","urlTemplate":"https:\/\/glowery.me\/?s={search_term_string}"},"query-input":{"@type":"PropertyValueSpecification","valueRequired":true,"valueName":"search_term_string"}}],"inLanguage":"de"},{"@type":"Organization","@id":"https:\/\/glowery.me\/#organization","name":"Glowery","url":"https:\/\/glowery.me\/","logo":{"@type":"ImageObject","inLanguage":"de","@id":"https:\/\/glowery.me\/#\/schema\/logo\/image\/","url":"https:\/\/glowery.me\/wp-content\/uploads\/2025\/05\/Glowery-e1746421067847.png","contentUrl":"https:\/\/glowery.me\/wp-content\/uploads\/2025\/05\/Glowery-e1746421067847.png","width":494,"height":146,"caption":"Glowery"},"image":{"@id":"https:\/\/glowery.me\/#\/schema\/logo\/image\/"},"sameAs":["https:\/\/www.facebook.com\/profile.php?id=61575866108739","https:\/\/www.instagram.com\/glowery.me","https:\/\/www.tiktok.com\/@glowery.me?_t=ZN-8wLhgUVkGCk&_r=1"]}]}},"jetpack_sharing_enabled":true,"_links":{"self":[{"href":"https:\/\/glowery.me\/de\/wp-json\/wp\/v2\/product\/26308","targetHints":{"allow":["GET"]}}],"collection":[{"href":"https:\/\/glowery.me\/de\/wp-json\/wp\/v2\/product"}],"about":[{"href":"https:\/\/glowery.me\/de\/wp-json\/wp\/v2\/types\/product"}],"replies":[{"embeddable":true,"href":"https:\/\/glowery.me\/de\/wp-json\/wp\/v2\/comments?post=26308"}],"wp:featuredmedia":[{"embeddable":true,"href":"https:\/\/glowery.me\/de\/wp-json\/wp\/v2\/media\/13381"}],"wp:attachment":[{"href":"https:\/\/glowery.me\/de\/wp-json\/wp\/v2\/media?parent=26308"}],"wp:term":[{"taxonomy":"product_brand","embeddable":true,"href":"https:\/\/glowery.me\/de\/wp-json\/wp\/v2\/product_brand?post=26308"},{"taxonomy":"product_cat","embeddable":true,"href":"https:\/\/glowery.me\/de\/wp-json\/wp\/v2\/product_cat?post=26308"},{"taxonomy":"product_tag","embeddable":true,"href":"https:\/\/glowery.me\/de\/wp-json\/wp\/v2\/product_tag?post=26308"}],"curies":[{"name":"wp","href":"https:\/\/api.w.org\/{rel}","templated":true}]}}