{"id":26310,"date":"2025-04-26T19:37:00","date_gmt":"2025-04-26T19:37:00","guid":{"rendered":"https:\/\/glowery.me\/produkt\/stirnband-fiona-mit-wabenschleier\/"},"modified":"2025-04-26T19:37:00","modified_gmt":"2025-04-26T19:37:00","slug":"stirnband-fiona-mit-wabenschleier","status":"publish","type":"product","link":"https:\/\/glowery.me\/de\/produkt\/stirnband-fiona-mit-wabenschleier\/","title":{"rendered":"Stirnband Fiona mit Wabenschleier"},"content":{"rendered":"<p>Verleihen Sie Ihrem Look einen eleganten Touch mit unserem Stirnband Fiona. Der Stoff weist ein abstraktes Muster in Grau-, Schwarz- und Silbert\u00f6nen auf, was ein einzigartiges und auff\u00e4lliges Design ergibt. Jedes Stirnband sieht je nach Schnitt des Stoffes etwas anders aus.  <\/p>\n<p>Der wabenf\u00f6rmige Schleier sorgt f\u00fcr eine zarte Note. Der Schleier ist mit silberfarbenen Swarovski-Kristallen verziert, die das Licht wundersch\u00f6n reflektieren. <\/p>\n<p>Am Stirnband sind ein kleines rundes silberfarbenes Metall-Logoschild und ein Namensschild angebracht.<\/p>\n<p>Gewicht: ~60g<\/p>\n<p>Breite: Die Basis des Kopfbandes ist 4 cm breit<\/p>\n<p>Typ: nicht gepolstert, Stirnband mit Schleier.<\/p>\n<p>Das Produkt wird in einer luxuri\u00f6sen Hardcover-Hutschachtel mit eleganter Verpackung geliefert.<\/p>\n<p>Auf Bestellung gefertigt, bitte rechnen Sie mit bis zu 2 Wochen.<\/p>\n<p>** Jedes Produkt wird von Hand gefertigt und unterliegt leichten Abweichungen. Die Produktion beginnt, nachdem die Bestellung bearbeitet wurde. <\/p>\n<p>*** Bitte beachten Sie: Alle Haar-Accessoires sollten in einer Hutschachtel aufbewahrt werden, um sie vor Staub, Feuchtigkeit und Sonnenlicht zu sch\u00fctzen. Die Verwendung von Haarspray, Parf\u00fcm oder Haarpflegeprodukten hinterl\u00e4sst Flecken auf den Oberfl\u00e4chen der Produkte.  Wasser und Feuchtigkeit, Kosmetika, Cremes, Haushaltschemikalien, Parfums und Haarpflegeprodukte k\u00f6nnen zum nat\u00fcrlichen Oxidationsprozess des Haarschmucks beitragen und die Oberfl\u00e4chen der Produkte stumpf machen. Bitte dehnen Sie die Kopfbedeckungen NICHT, sie k\u00f6nnten sich verformen. Mit der richtigen Pflege wird Ihr Haarschmuck jahrelang sch\u00f6n bleiben!  <\/p>\n","protected":false},"excerpt":{"rendered":"<p>Verleihen Sie Ihrem Look einen eleganten Touch mit unserem Stirnband Fiona. Der Stoff weist ein abstraktes Muster in Grau-, Schwarz- und Silbert\u00f6nen auf, was ein einzigartiges und auff\u00e4lliges Design ergibt. Jedes Stirnband sieht je nach Schnitt des Stoffes etwas anders aus.  <\/p>\n<p>Der wabenf\u00f6rmige Schleier sorgt f\u00fcr eine zarte Note. Der Schleier ist mit silberfarbenen Swarovski-Kristallen verziert, die das Licht wundersch\u00f6n reflektieren. <\/p>\n<p>Am Stirnband sind ein kleines rundes silberfarbenes Metall-Logoschild und ein Namensschild angebracht.<\/p>\n<p>Gewicht: ~60g<\/p>\n<p>Breite: Die Basis des Kopfbandes ist 4 cm breit<\/p>\n<p>Typ: nicht gepolstert, Stirnband mit Schleier.<\/p>\n<p>Das Produkt wird in einer luxuri\u00f6sen Hardcover-Hutschachtel mit eleganter Verpackung geliefert.<\/p>\n<p>Auf Bestellung gefertigt, bitte rechnen Sie mit bis zu 2 Wochen.<\/p>\n<p>** Jedes Produkt wird von Hand gefertigt und unterliegt leichten Abweichungen. Die Produktion beginnt, nachdem die Bestellung bearbeitet wurde. <\/p>\n<p>*** Bitte beachten Sie: Alle Haar-Accessoires sollten in einer Hutschachtel aufbewahrt werden, um sie vor Staub, Feuchtigkeit und Sonnenlicht zu sch\u00fctzen. Die Verwendung von Haarspray, Parf\u00fcm oder Haarpflegeprodukten hinterl\u00e4sst Flecken auf den Oberfl\u00e4chen der Produkte.  Wasser und Feuchtigkeit, Kosmetika, Cremes, Haushaltschemikalien, Parfums und Haarpflegeprodukte k\u00f6nnen zum nat\u00fcrlichen Oxidationsprozess des Haarschmucks beitragen und die Oberfl\u00e4chen der Produkte stumpf machen. Bitte dehnen Sie die Kopfbedeckungen NICHT, sie k\u00f6nnten sich verformen. Mit der richtigen Pflege wird Ihr Haarschmuck jahrelang sch\u00f6n bleiben!  <\/p>\n","protected":false},"featured_media":13420,"comment_status":"open","ping_status":"closed","template":"","meta":[],"product_brand":[],"product_cat":[126,159],"product_tag":[],"class_list":{"0":"post-26310","1":"product","2":"type-product","3":"status-publish","4":"has-post-thumbnail","6":"product_cat-schmuck","7":"product_cat-stirnbander-de","9":"first","10":"instock","11":"shipping-taxable","12":"purchasable","13":"product-type-variable"},"yoast_head":"<!-- This site is optimized with the Yoast SEO plugin v25.3 - https:\/\/yoast.com\/wordpress\/plugins\/seo\/ -->\n<title>Stirnband Fiona mit Wabenschleier - Glowery<\/title>\n<meta name=\"robots\" content=\"index, follow, max-snippet:-1, max-image-preview:large, max-video-preview:-1\" \/>\n<link rel=\"canonical\" href=\"https:\/\/glowery.me\/de\/produkt\/stirnband-fiona-mit-wabenschleier\/\" \/>\n<meta property=\"og:locale\" content=\"de_DE\" \/>\n<meta property=\"og:type\" content=\"article\" \/>\n<meta property=\"og:title\" content=\"Stirnband Fiona mit Wabenschleier - Glowery\" \/>\n<meta property=\"og:description\" content=\"Verleihen Sie Ihrem Look einen eleganten Touch mit unserem Stirnband Fiona. Der Stoff weist ein abstraktes Muster in Grau-, Schwarz- und Silbert\u00f6nen auf, was ein einzigartiges und auff\u00e4lliges Design ergibt. Jedes Stirnband sieht je nach Schnitt des Stoffes etwas anders aus.  Der wabenf\u00f6rmige Schleier sorgt f\u00fcr eine zarte Note. Der Schleier ist mit silberfarbenen Swarovski-Kristallen verziert, die das Licht wundersch\u00f6n reflektieren. Am Stirnband sind ein kleines rundes silberfarbenes Metall-Logoschild und ein Namensschild angebracht. Gewicht: ~60g Breite: Die Basis des Kopfbandes ist 4 cm breit Typ: nicht gepolstert, Stirnband mit Schleier. Das Produkt wird in einer luxuri\u00f6sen Hardcover-Hutschachtel mit eleganter Verpackung geliefert. Auf Bestellung gefertigt, bitte rechnen Sie mit bis zu 2 Wochen. ** Jedes Produkt wird von Hand gefertigt und unterliegt leichten Abweichungen. Die Produktion beginnt, nachdem die Bestellung bearbeitet wurde. *** Bitte beachten Sie: Alle Haar-Accessoires sollten in einer Hutschachtel aufbewahrt werden, um sie vor Staub, Feuchtigkeit und Sonnenlicht zu sch\u00fctzen. Die Verwendung von Haarspray, Parf\u00fcm oder Haarpflegeprodukten hinterl\u00e4sst Flecken auf den Oberfl\u00e4chen der Produkte. Wasser und Feuchtigkeit, Kosmetika, Cremes, Haushaltschemikalien, Parfums und Haarpflegeprodukte k\u00f6nnen zum nat\u00fcrlichen Oxidationsprozess des Haarschmucks beitragen und die Oberfl\u00e4chen der Produkte stumpf machen. Bitte dehnen Sie die Kopfbedeckungen NICHT, sie k\u00f6nnten sich verformen. Mit der richtigen Pflege wird Ihr Haarschmuck jahrelang sch\u00f6n bleiben!\" \/>\n<meta property=\"og:url\" content=\"https:\/\/glowery.me\/de\/produkt\/stirnband-fiona-mit-wabenschleier\/\" \/>\n<meta property=\"og:site_name\" content=\"Glowery\" \/>\n<meta property=\"article:publisher\" content=\"https:\/\/www.facebook.com\/profile.php?id=61575866108739\" \/>\n<meta property=\"og:image\" content=\"https:\/\/glowery.me\/wp-content\/uploads\/2025\/04\/custom-resized_37c0bde0-51c5-4225-b252-0b5c523e4328.jpg\" \/>\n\t<meta property=\"og:image:width\" content=\"1365\" \/>\n\t<meta property=\"og:image:height\" content=\"2048\" \/>\n\t<meta property=\"og:image:type\" content=\"image\/jpeg\" \/>\n<meta name=\"twitter:card\" content=\"summary_large_image\" \/>\n<meta name=\"twitter:label1\" content=\"Gesch\u00e4tzte Lesezeit\" \/>\n\t<meta name=\"twitter:data1\" content=\"1\u00a0Minute\" \/>\n<script type=\"application\/ld+json\" class=\"yoast-schema-graph\">{\"@context\":\"https:\/\/schema.org\",\"@graph\":[{\"@type\":\"WebPage\",\"@id\":\"https:\/\/glowery.me\/de\/produkt\/stirnband-fiona-mit-wabenschleier\/\",\"url\":\"https:\/\/glowery.me\/de\/produkt\/stirnband-fiona-mit-wabenschleier\/\",\"name\":\"Stirnband Fiona mit Wabenschleier - Glowery\",\"isPartOf\":{\"@id\":\"https:\/\/glowery.me\/#website\"},\"primaryImageOfPage\":{\"@id\":\"https:\/\/glowery.me\/de\/produkt\/stirnband-fiona-mit-wabenschleier\/#primaryimage\"},\"image\":{\"@id\":\"https:\/\/glowery.me\/de\/produkt\/stirnband-fiona-mit-wabenschleier\/#primaryimage\"},\"thumbnailUrl\":\"https:\/\/glowery.me\/wp-content\/uploads\/2025\/04\/custom-resized_37c0bde0-51c5-4225-b252-0b5c523e4328.jpg\",\"datePublished\":\"2025-04-26T19:37:00+00:00\",\"breadcrumb\":{\"@id\":\"https:\/\/glowery.me\/de\/produkt\/stirnband-fiona-mit-wabenschleier\/#breadcrumb\"},\"inLanguage\":\"de\",\"potentialAction\":[{\"@type\":\"ReadAction\",\"target\":[\"https:\/\/glowery.me\/de\/produkt\/stirnband-fiona-mit-wabenschleier\/\"]}]},{\"@type\":\"ImageObject\",\"inLanguage\":\"de\",\"@id\":\"https:\/\/glowery.me\/de\/produkt\/stirnband-fiona-mit-wabenschleier\/#primaryimage\",\"url\":\"https:\/\/glowery.me\/wp-content\/uploads\/2025\/04\/custom-resized_37c0bde0-51c5-4225-b252-0b5c523e4328.jpg\",\"contentUrl\":\"https:\/\/glowery.me\/wp-content\/uploads\/2025\/04\/custom-resized_37c0bde0-51c5-4225-b252-0b5c523e4328.jpg\",\"width\":1365,\"height\":2048},{\"@type\":\"BreadcrumbList\",\"@id\":\"https:\/\/glowery.me\/de\/produkt\/stirnband-fiona-mit-wabenschleier\/#breadcrumb\",\"itemListElement\":[{\"@type\":\"ListItem\",\"position\":1,\"name\":\"Home\",\"item\":\"https:\/\/glowery.me\/de\/startseite\/\"},{\"@type\":\"ListItem\",\"position\":2,\"name\":\"Shop\",\"item\":\"https:\/\/glowery.me\/de\/shop\/\"},{\"@type\":\"ListItem\",\"position\":3,\"name\":\"Stirnband Fiona mit Wabenschleier\"}]},{\"@type\":\"WebSite\",\"@id\":\"https:\/\/glowery.me\/#website\",\"url\":\"https:\/\/glowery.me\/\",\"name\":\"Glowery\",\"description\":\"Stilvolle Essentials \u2013 von zeitlosem Schmuck \u00fcber elegante Taschen und Schuhe bis hin zu ausgew\u00e4hlten Kleidern und nat\u00fcrlicher Kosmetik.\",\"publisher\":{\"@id\":\"https:\/\/glowery.me\/#organization\"},\"potentialAction\":[{\"@type\":\"SearchAction\",\"target\":{\"@type\":\"EntryPoint\",\"urlTemplate\":\"https:\/\/glowery.me\/?s={search_term_string}\"},\"query-input\":{\"@type\":\"PropertyValueSpecification\",\"valueRequired\":true,\"valueName\":\"search_term_string\"}}],\"inLanguage\":\"de\"},{\"@type\":\"Organization\",\"@id\":\"https:\/\/glowery.me\/#organization\",\"name\":\"Glowery\",\"url\":\"https:\/\/glowery.me\/\",\"logo\":{\"@type\":\"ImageObject\",\"inLanguage\":\"de\",\"@id\":\"https:\/\/glowery.me\/#\/schema\/logo\/image\/\",\"url\":\"https:\/\/glowery.me\/wp-content\/uploads\/2025\/05\/Glowery-e1746421067847.png\",\"contentUrl\":\"https:\/\/glowery.me\/wp-content\/uploads\/2025\/05\/Glowery-e1746421067847.png\",\"width\":494,\"height\":146,\"caption\":\"Glowery\"},\"image\":{\"@id\":\"https:\/\/glowery.me\/#\/schema\/logo\/image\/\"},\"sameAs\":[\"https:\/\/www.facebook.com\/profile.php?id=61575866108739\",\"https:\/\/www.instagram.com\/glowery.me\",\"https:\/\/www.tiktok.com\/@glowery.me?_t=ZN-8wLhgUVkGCk&_r=1\"]}]}<\/script>\n<!-- \/ Yoast SEO plugin. -->","yoast_head_json":{"title":"Stirnband Fiona mit Wabenschleier - Glowery","robots":{"index":"index","follow":"follow","max-snippet":"max-snippet:-1","max-image-preview":"max-image-preview:large","max-video-preview":"max-video-preview:-1"},"canonical":"https:\/\/glowery.me\/de\/produkt\/stirnband-fiona-mit-wabenschleier\/","og_locale":"de_DE","og_type":"article","og_title":"Stirnband Fiona mit Wabenschleier - Glowery","og_description":"Verleihen Sie Ihrem Look einen eleganten Touch mit unserem Stirnband Fiona. Der Stoff weist ein abstraktes Muster in Grau-, Schwarz- und Silbert\u00f6nen auf, was ein einzigartiges und auff\u00e4lliges Design ergibt. Jedes Stirnband sieht je nach Schnitt des Stoffes etwas anders aus.  Der wabenf\u00f6rmige Schleier sorgt f\u00fcr eine zarte Note. Der Schleier ist mit silberfarbenen Swarovski-Kristallen verziert, die das Licht wundersch\u00f6n reflektieren. Am Stirnband sind ein kleines rundes silberfarbenes Metall-Logoschild und ein Namensschild angebracht. Gewicht: ~60g Breite: Die Basis des Kopfbandes ist 4 cm breit Typ: nicht gepolstert, Stirnband mit Schleier. Das Produkt wird in einer luxuri\u00f6sen Hardcover-Hutschachtel mit eleganter Verpackung geliefert. Auf Bestellung gefertigt, bitte rechnen Sie mit bis zu 2 Wochen. ** Jedes Produkt wird von Hand gefertigt und unterliegt leichten Abweichungen. Die Produktion beginnt, nachdem die Bestellung bearbeitet wurde. *** Bitte beachten Sie: Alle Haar-Accessoires sollten in einer Hutschachtel aufbewahrt werden, um sie vor Staub, Feuchtigkeit und Sonnenlicht zu sch\u00fctzen. Die Verwendung von Haarspray, Parf\u00fcm oder Haarpflegeprodukten hinterl\u00e4sst Flecken auf den Oberfl\u00e4chen der Produkte. Wasser und Feuchtigkeit, Kosmetika, Cremes, Haushaltschemikalien, Parfums und Haarpflegeprodukte k\u00f6nnen zum nat\u00fcrlichen Oxidationsprozess des Haarschmucks beitragen und die Oberfl\u00e4chen der Produkte stumpf machen. Bitte dehnen Sie die Kopfbedeckungen NICHT, sie k\u00f6nnten sich verformen. Mit der richtigen Pflege wird Ihr Haarschmuck jahrelang sch\u00f6n bleiben!","og_url":"https:\/\/glowery.me\/de\/produkt\/stirnband-fiona-mit-wabenschleier\/","og_site_name":"Glowery","article_publisher":"https:\/\/www.facebook.com\/profile.php?id=61575866108739","og_image":[{"width":1365,"height":2048,"url":"https:\/\/glowery.me\/wp-content\/uploads\/2025\/04\/custom-resized_37c0bde0-51c5-4225-b252-0b5c523e4328.jpg","type":"image\/jpeg"}],"twitter_card":"summary_large_image","twitter_misc":{"Gesch\u00e4tzte Lesezeit":"1\u00a0Minute"},"schema":{"@context":"https:\/\/schema.org","@graph":[{"@type":"WebPage","@id":"https:\/\/glowery.me\/de\/produkt\/stirnband-fiona-mit-wabenschleier\/","url":"https:\/\/glowery.me\/de\/produkt\/stirnband-fiona-mit-wabenschleier\/","name":"Stirnband Fiona mit Wabenschleier - Glowery","isPartOf":{"@id":"https:\/\/glowery.me\/#website"},"primaryImageOfPage":{"@id":"https:\/\/glowery.me\/de\/produkt\/stirnband-fiona-mit-wabenschleier\/#primaryimage"},"image":{"@id":"https:\/\/glowery.me\/de\/produkt\/stirnband-fiona-mit-wabenschleier\/#primaryimage"},"thumbnailUrl":"https:\/\/glowery.me\/wp-content\/uploads\/2025\/04\/custom-resized_37c0bde0-51c5-4225-b252-0b5c523e4328.jpg","datePublished":"2025-04-26T19:37:00+00:00","breadcrumb":{"@id":"https:\/\/glowery.me\/de\/produkt\/stirnband-fiona-mit-wabenschleier\/#breadcrumb"},"inLanguage":"de","potentialAction":[{"@type":"ReadAction","target":["https:\/\/glowery.me\/de\/produkt\/stirnband-fiona-mit-wabenschleier\/"]}]},{"@type":"ImageObject","inLanguage":"de","@id":"https:\/\/glowery.me\/de\/produkt\/stirnband-fiona-mit-wabenschleier\/#primaryimage","url":"https:\/\/glowery.me\/wp-content\/uploads\/2025\/04\/custom-resized_37c0bde0-51c5-4225-b252-0b5c523e4328.jpg","contentUrl":"https:\/\/glowery.me\/wp-content\/uploads\/2025\/04\/custom-resized_37c0bde0-51c5-4225-b252-0b5c523e4328.jpg","width":1365,"height":2048},{"@type":"BreadcrumbList","@id":"https:\/\/glowery.me\/de\/produkt\/stirnband-fiona-mit-wabenschleier\/#breadcrumb","itemListElement":[{"@type":"ListItem","position":1,"name":"Home","item":"https:\/\/glowery.me\/de\/startseite\/"},{"@type":"ListItem","position":2,"name":"Shop","item":"https:\/\/glowery.me\/de\/shop\/"},{"@type":"ListItem","position":3,"name":"Stirnband Fiona mit Wabenschleier"}]},{"@type":"WebSite","@id":"https:\/\/glowery.me\/#website","url":"https:\/\/glowery.me\/","name":"Glowery","description":"Stilvolle Essentials \u2013 von zeitlosem Schmuck \u00fcber elegante Taschen und Schuhe bis hin zu ausgew\u00e4hlten Kleidern und nat\u00fcrlicher Kosmetik.","publisher":{"@id":"https:\/\/glowery.me\/#organization"},"potentialAction":[{"@type":"SearchAction","target":{"@type":"EntryPoint","urlTemplate":"https:\/\/glowery.me\/?s={search_term_string}"},"query-input":{"@type":"PropertyValueSpecification","valueRequired":true,"valueName":"search_term_string"}}],"inLanguage":"de"},{"@type":"Organization","@id":"https:\/\/glowery.me\/#organization","name":"Glowery","url":"https:\/\/glowery.me\/","logo":{"@type":"ImageObject","inLanguage":"de","@id":"https:\/\/glowery.me\/#\/schema\/logo\/image\/","url":"https:\/\/glowery.me\/wp-content\/uploads\/2025\/05\/Glowery-e1746421067847.png","contentUrl":"https:\/\/glowery.me\/wp-content\/uploads\/2025\/05\/Glowery-e1746421067847.png","width":494,"height":146,"caption":"Glowery"},"image":{"@id":"https:\/\/glowery.me\/#\/schema\/logo\/image\/"},"sameAs":["https:\/\/www.facebook.com\/profile.php?id=61575866108739","https:\/\/www.instagram.com\/glowery.me","https:\/\/www.tiktok.com\/@glowery.me?_t=ZN-8wLhgUVkGCk&_r=1"]}]}},"jetpack_sharing_enabled":true,"_links":{"self":[{"href":"https:\/\/glowery.me\/de\/wp-json\/wp\/v2\/product\/26310","targetHints":{"allow":["GET"]}}],"collection":[{"href":"https:\/\/glowery.me\/de\/wp-json\/wp\/v2\/product"}],"about":[{"href":"https:\/\/glowery.me\/de\/wp-json\/wp\/v2\/types\/product"}],"replies":[{"embeddable":true,"href":"https:\/\/glowery.me\/de\/wp-json\/wp\/v2\/comments?post=26310"}],"wp:featuredmedia":[{"embeddable":true,"href":"https:\/\/glowery.me\/de\/wp-json\/wp\/v2\/media\/13420"}],"wp:attachment":[{"href":"https:\/\/glowery.me\/de\/wp-json\/wp\/v2\/media?parent=26310"}],"wp:term":[{"taxonomy":"product_brand","embeddable":true,"href":"https:\/\/glowery.me\/de\/wp-json\/wp\/v2\/product_brand?post=26310"},{"taxonomy":"product_cat","embeddable":true,"href":"https:\/\/glowery.me\/de\/wp-json\/wp\/v2\/product_cat?post=26310"},{"taxonomy":"product_tag","embeddable":true,"href":"https:\/\/glowery.me\/de\/wp-json\/wp\/v2\/product_tag?post=26310"}],"curies":[{"name":"wp","href":"https:\/\/api.w.org\/{rel}","templated":true}]}}