{"id":26324,"date":"2025-04-26T19:37:00","date_gmt":"2025-04-26T19:37:00","guid":{"rendered":"https:\/\/glowery.me\/produkt\/stirnband-lena-mit-kristallen-perlen-perlenketten-und-pailletten\/"},"modified":"2025-04-26T19:37:00","modified_gmt":"2025-04-26T19:37:00","slug":"stirnband-lena-mit-kristallen-perlen-perlenketten-und-pailletten","status":"publish","type":"product","link":"https:\/\/glowery.me\/de\/produkt\/stirnband-lena-mit-kristallen-perlen-perlenketten-und-pailletten\/","title":{"rendered":"Stirnband Lena mit Kristallen, Perlen, Perlenketten und Pailletten"},"content":{"rendered":"<p>Verleihen Sie Ihrer Frisur einen Hauch von Glamour mit diesem atemberaubenden d\u00fcnnen Stirnband mit Perlen. Das Lena Stirnband ist mit kristallklaren Swarovski-Kristallen, Preciosa-Perlen, gl\u00e4nzenden Perlen in verschiedenen Formen und Pailletten verziert. Die Kristalle sind in goldenen und silbernen Metallfassungen gefasst.  <\/p>\n<p>Am Stirnband ist au\u00dferdem ein kleiner runder silberner Logoanh\u00e4nger angebracht.<\/p>\n<p>Auf Bestellung gefertigt, bitte rechnen Sie mit bis zu 2 Wochen.<\/p>\n<p>Gewicht: ~60g<br \/>Breite: Die Basis des Stirnbandes ist 2 cm breit (mit Perlen)<br \/>Typ: D\u00fcnnes Stirnband<\/p>\n<p>Andere Materialien: Preciosa-Perlen, gl\u00e4nzende Perlen in verschiedenen Formen, gold- und silberfarbene Pailletten, Aurora- und Preciosa-Kristalle.<\/p>\n<p>Das Produkt wird in einer luxuri\u00f6sen Hardcover-Hutschachtel mit eleganter Verpackung geliefert, die sich perfekt zum Verschenken eignet.<\/p>\n<p>** <strong> Jedes<\/strong> Produkt wird von Hand gefertigt und unterliegt leichten Abweichungen. Die Produktion beginnt, nachdem die Bestellung bearbeitet wurde. <\/p>\n<p>*** Bitte beachten Sie: Alle Haar-Accessoires sollten in einer Hutschachtel aufbewahrt werden, um sie vor Staub, Feuchtigkeit und Sonnenlicht zu sch\u00fctzen. Die Verwendung von Haarspray, Parf\u00fcm oder Haarpflegeprodukten hinterl\u00e4sst Flecken auf den Oberfl\u00e4chen der Produkte.  Wasser und Feuchtigkeit, Kosmetika, Cremes, Haushaltschemikalien, Parfums und Haarpflegeprodukte k\u00f6nnen zum nat\u00fcrlichen Oxidationsprozess des Haarschmucks beitragen und die Oberfl\u00e4chen der Produkte stumpf machen. Bitte dehnen Sie die Kopfbedeckungen NICHT, sie k\u00f6nnten sich verformen. Mit der richtigen Pflege wird Ihr Haarschmuck jahrelang sch\u00f6n bleiben!  <\/p>\n","protected":false},"excerpt":{"rendered":"<p>Verleihen Sie Ihrer Frisur einen Hauch von Glamour mit diesem atemberaubenden d\u00fcnnen Stirnband mit Perlen. Das Lena Stirnband ist mit kristallklaren Swarovski-Kristallen, Preciosa-Perlen, gl\u00e4nzenden Perlen in verschiedenen Formen und Pailletten verziert. Die Kristalle sind in goldenen und silbernen Metallfassungen gefasst.  <\/p>\n<p>Am Stirnband ist au\u00dferdem ein kleiner runder silberner Logoanh\u00e4nger angebracht.<\/p>\n<p>Auf Bestellung gefertigt, bitte rechnen Sie mit bis zu 2 Wochen.<\/p>\n<p>Gewicht: ~60g<br \/>Breite: Die Basis des Stirnbandes ist 2 cm breit (mit Perlen)<br \/>Typ: D\u00fcnnes Stirnband<\/p>\n<p>Andere Materialien: Preciosa-Perlen, gl\u00e4nzende Perlen in verschiedenen Formen, gold- und silberfarbene Pailletten, Aurora- und Preciosa-Kristalle.<\/p>\n<p>Das Produkt wird in einer luxuri\u00f6sen Hardcover-Hutschachtel mit eleganter Verpackung geliefert, die sich perfekt zum Verschenken eignet.<\/p>\n<p>** <strong> Jedes<\/strong> Produkt wird von Hand gefertigt und unterliegt leichten Abweichungen. Die Produktion beginnt, nachdem die Bestellung bearbeitet wurde. <\/p>\n<p>*** Bitte beachten Sie: Alle Haar-Accessoires sollten in einer Hutschachtel aufbewahrt werden, um sie vor Staub, Feuchtigkeit und Sonnenlicht zu sch\u00fctzen. Die Verwendung von Haarspray, Parf\u00fcm oder Haarpflegeprodukten hinterl\u00e4sst Flecken auf den Oberfl\u00e4chen der Produkte.  Wasser und Feuchtigkeit, Kosmetika, Cremes, Haushaltschemikalien, Parfums und Haarpflegeprodukte k\u00f6nnen zum nat\u00fcrlichen Oxidationsprozess des Haarschmucks beitragen und die Oberfl\u00e4chen der Produkte stumpf machen. Bitte dehnen Sie die Kopfbedeckungen NICHT, sie k\u00f6nnten sich verformen. Mit der richtigen Pflege wird Ihr Haarschmuck jahrelang sch\u00f6n bleiben!  <\/p>\n","protected":false},"featured_media":13393,"comment_status":"open","ping_status":"closed","template":"","meta":[],"product_brand":[],"product_cat":[126,159],"product_tag":[],"class_list":{"0":"post-26324","1":"product","2":"type-product","3":"status-publish","4":"has-post-thumbnail","6":"product_cat-schmuck","7":"product_cat-stirnbander-de","9":"first","10":"instock","11":"shipping-taxable","12":"purchasable","13":"product-type-variable"},"yoast_head":"<!-- This site is optimized with the Yoast SEO plugin v25.3 - https:\/\/yoast.com\/wordpress\/plugins\/seo\/ -->\n<title>Stirnband Lena mit Kristallen, Perlen, Perlenketten und Pailletten - Glowery<\/title>\n<meta name=\"robots\" content=\"index, follow, max-snippet:-1, max-image-preview:large, max-video-preview:-1\" \/>\n<link rel=\"canonical\" href=\"https:\/\/glowery.me\/de\/produkt\/stirnband-lena-mit-kristallen-perlen-perlenketten-und-pailletten\/\" \/>\n<meta property=\"og:locale\" content=\"de_DE\" \/>\n<meta property=\"og:type\" content=\"article\" \/>\n<meta property=\"og:title\" content=\"Stirnband Lena mit Kristallen, Perlen, Perlenketten und Pailletten - Glowery\" \/>\n<meta property=\"og:description\" content=\"Verleihen Sie Ihrer Frisur einen Hauch von Glamour mit diesem atemberaubenden d\u00fcnnen Stirnband mit Perlen. Das Lena Stirnband ist mit kristallklaren Swarovski-Kristallen, Preciosa-Perlen, gl\u00e4nzenden Perlen in verschiedenen Formen und Pailletten verziert. Die Kristalle sind in goldenen und silbernen Metallfassungen gefasst.  Am Stirnband ist au\u00dferdem ein kleiner runder silberner Logoanh\u00e4nger angebracht. Auf Bestellung gefertigt, bitte rechnen Sie mit bis zu 2 Wochen. Gewicht: ~60gBreite: Die Basis des Stirnbandes ist 2 cm breit (mit Perlen)Typ: D\u00fcnnes Stirnband Andere Materialien: Preciosa-Perlen, gl\u00e4nzende Perlen in verschiedenen Formen, gold- und silberfarbene Pailletten, Aurora- und Preciosa-Kristalle. Das Produkt wird in einer luxuri\u00f6sen Hardcover-Hutschachtel mit eleganter Verpackung geliefert, die sich perfekt zum Verschenken eignet. ** Jedes Produkt wird von Hand gefertigt und unterliegt leichten Abweichungen. Die Produktion beginnt, nachdem die Bestellung bearbeitet wurde. *** Bitte beachten Sie: Alle Haar-Accessoires sollten in einer Hutschachtel aufbewahrt werden, um sie vor Staub, Feuchtigkeit und Sonnenlicht zu sch\u00fctzen. Die Verwendung von Haarspray, Parf\u00fcm oder Haarpflegeprodukten hinterl\u00e4sst Flecken auf den Oberfl\u00e4chen der Produkte. Wasser und Feuchtigkeit, Kosmetika, Cremes, Haushaltschemikalien, Parfums und Haarpflegeprodukte k\u00f6nnen zum nat\u00fcrlichen Oxidationsprozess des Haarschmucks beitragen und die Oberfl\u00e4chen der Produkte stumpf machen. Bitte dehnen Sie die Kopfbedeckungen NICHT, sie k\u00f6nnten sich verformen. Mit der richtigen Pflege wird Ihr Haarschmuck jahrelang sch\u00f6n bleiben!\" \/>\n<meta property=\"og:url\" content=\"https:\/\/glowery.me\/de\/produkt\/stirnband-lena-mit-kristallen-perlen-perlenketten-und-pailletten\/\" \/>\n<meta property=\"og:site_name\" content=\"Glowery\" \/>\n<meta property=\"article:publisher\" content=\"https:\/\/www.facebook.com\/profile.php?id=61575866108739\" \/>\n<meta property=\"og:image\" content=\"https:\/\/glowery.me\/wp-content\/uploads\/2025\/04\/custom-resized_c6dd5775-d589-4b48-9330-201925d94a5d_1080x.jpg\" \/>\n\t<meta property=\"og:image:width\" content=\"1080\" \/>\n\t<meta property=\"og:image:height\" content=\"1620\" \/>\n\t<meta property=\"og:image:type\" content=\"image\/jpeg\" \/>\n<meta name=\"twitter:card\" content=\"summary_large_image\" \/>\n<meta name=\"twitter:label1\" content=\"Gesch\u00e4tzte Lesezeit\" \/>\n\t<meta name=\"twitter:data1\" content=\"1\u00a0Minute\" \/>\n<script type=\"application\/ld+json\" class=\"yoast-schema-graph\">{\"@context\":\"https:\/\/schema.org\",\"@graph\":[{\"@type\":\"WebPage\",\"@id\":\"https:\/\/glowery.me\/de\/produkt\/stirnband-lena-mit-kristallen-perlen-perlenketten-und-pailletten\/\",\"url\":\"https:\/\/glowery.me\/de\/produkt\/stirnband-lena-mit-kristallen-perlen-perlenketten-und-pailletten\/\",\"name\":\"Stirnband Lena mit Kristallen, Perlen, Perlenketten und Pailletten - Glowery\",\"isPartOf\":{\"@id\":\"https:\/\/glowery.me\/#website\"},\"primaryImageOfPage\":{\"@id\":\"https:\/\/glowery.me\/de\/produkt\/stirnband-lena-mit-kristallen-perlen-perlenketten-und-pailletten\/#primaryimage\"},\"image\":{\"@id\":\"https:\/\/glowery.me\/de\/produkt\/stirnband-lena-mit-kristallen-perlen-perlenketten-und-pailletten\/#primaryimage\"},\"thumbnailUrl\":\"https:\/\/glowery.me\/wp-content\/uploads\/2025\/04\/custom-resized_c6dd5775-d589-4b48-9330-201925d94a5d_1080x.jpg\",\"datePublished\":\"2025-04-26T19:37:00+00:00\",\"breadcrumb\":{\"@id\":\"https:\/\/glowery.me\/de\/produkt\/stirnband-lena-mit-kristallen-perlen-perlenketten-und-pailletten\/#breadcrumb\"},\"inLanguage\":\"de\",\"potentialAction\":[{\"@type\":\"ReadAction\",\"target\":[\"https:\/\/glowery.me\/de\/produkt\/stirnband-lena-mit-kristallen-perlen-perlenketten-und-pailletten\/\"]}]},{\"@type\":\"ImageObject\",\"inLanguage\":\"de\",\"@id\":\"https:\/\/glowery.me\/de\/produkt\/stirnband-lena-mit-kristallen-perlen-perlenketten-und-pailletten\/#primaryimage\",\"url\":\"https:\/\/glowery.me\/wp-content\/uploads\/2025\/04\/custom-resized_c6dd5775-d589-4b48-9330-201925d94a5d_1080x.jpg\",\"contentUrl\":\"https:\/\/glowery.me\/wp-content\/uploads\/2025\/04\/custom-resized_c6dd5775-d589-4b48-9330-201925d94a5d_1080x.jpg\",\"width\":1080,\"height\":1620},{\"@type\":\"BreadcrumbList\",\"@id\":\"https:\/\/glowery.me\/de\/produkt\/stirnband-lena-mit-kristallen-perlen-perlenketten-und-pailletten\/#breadcrumb\",\"itemListElement\":[{\"@type\":\"ListItem\",\"position\":1,\"name\":\"Home\",\"item\":\"https:\/\/glowery.me\/de\/startseite\/\"},{\"@type\":\"ListItem\",\"position\":2,\"name\":\"Shop\",\"item\":\"https:\/\/glowery.me\/de\/shop\/\"},{\"@type\":\"ListItem\",\"position\":3,\"name\":\"Stirnband Lena mit Kristallen, Perlen, Perlenketten und Pailletten\"}]},{\"@type\":\"WebSite\",\"@id\":\"https:\/\/glowery.me\/#website\",\"url\":\"https:\/\/glowery.me\/\",\"name\":\"Glowery\",\"description\":\"Stilvolle Essentials \u2013 von zeitlosem Schmuck \u00fcber elegante Taschen und Schuhe bis hin zu ausgew\u00e4hlten Kleidern und nat\u00fcrlicher Kosmetik.\",\"publisher\":{\"@id\":\"https:\/\/glowery.me\/#organization\"},\"potentialAction\":[{\"@type\":\"SearchAction\",\"target\":{\"@type\":\"EntryPoint\",\"urlTemplate\":\"https:\/\/glowery.me\/?s={search_term_string}\"},\"query-input\":{\"@type\":\"PropertyValueSpecification\",\"valueRequired\":true,\"valueName\":\"search_term_string\"}}],\"inLanguage\":\"de\"},{\"@type\":\"Organization\",\"@id\":\"https:\/\/glowery.me\/#organization\",\"name\":\"Glowery\",\"url\":\"https:\/\/glowery.me\/\",\"logo\":{\"@type\":\"ImageObject\",\"inLanguage\":\"de\",\"@id\":\"https:\/\/glowery.me\/#\/schema\/logo\/image\/\",\"url\":\"https:\/\/glowery.me\/wp-content\/uploads\/2025\/05\/Glowery-e1746421067847.png\",\"contentUrl\":\"https:\/\/glowery.me\/wp-content\/uploads\/2025\/05\/Glowery-e1746421067847.png\",\"width\":494,\"height\":146,\"caption\":\"Glowery\"},\"image\":{\"@id\":\"https:\/\/glowery.me\/#\/schema\/logo\/image\/\"},\"sameAs\":[\"https:\/\/www.facebook.com\/profile.php?id=61575866108739\",\"https:\/\/www.instagram.com\/glowery.me\",\"https:\/\/www.tiktok.com\/@glowery.me?_t=ZN-8wLhgUVkGCk&_r=1\"]}]}<\/script>\n<!-- \/ Yoast SEO plugin. -->","yoast_head_json":{"title":"Stirnband Lena mit Kristallen, Perlen, Perlenketten und Pailletten - Glowery","robots":{"index":"index","follow":"follow","max-snippet":"max-snippet:-1","max-image-preview":"max-image-preview:large","max-video-preview":"max-video-preview:-1"},"canonical":"https:\/\/glowery.me\/de\/produkt\/stirnband-lena-mit-kristallen-perlen-perlenketten-und-pailletten\/","og_locale":"de_DE","og_type":"article","og_title":"Stirnband Lena mit Kristallen, Perlen, Perlenketten und Pailletten - Glowery","og_description":"Verleihen Sie Ihrer Frisur einen Hauch von Glamour mit diesem atemberaubenden d\u00fcnnen Stirnband mit Perlen. Das Lena Stirnband ist mit kristallklaren Swarovski-Kristallen, Preciosa-Perlen, gl\u00e4nzenden Perlen in verschiedenen Formen und Pailletten verziert. Die Kristalle sind in goldenen und silbernen Metallfassungen gefasst.  Am Stirnband ist au\u00dferdem ein kleiner runder silberner Logoanh\u00e4nger angebracht. Auf Bestellung gefertigt, bitte rechnen Sie mit bis zu 2 Wochen. Gewicht: ~60gBreite: Die Basis des Stirnbandes ist 2 cm breit (mit Perlen)Typ: D\u00fcnnes Stirnband Andere Materialien: Preciosa-Perlen, gl\u00e4nzende Perlen in verschiedenen Formen, gold- und silberfarbene Pailletten, Aurora- und Preciosa-Kristalle. Das Produkt wird in einer luxuri\u00f6sen Hardcover-Hutschachtel mit eleganter Verpackung geliefert, die sich perfekt zum Verschenken eignet. ** Jedes Produkt wird von Hand gefertigt und unterliegt leichten Abweichungen. Die Produktion beginnt, nachdem die Bestellung bearbeitet wurde. *** Bitte beachten Sie: Alle Haar-Accessoires sollten in einer Hutschachtel aufbewahrt werden, um sie vor Staub, Feuchtigkeit und Sonnenlicht zu sch\u00fctzen. Die Verwendung von Haarspray, Parf\u00fcm oder Haarpflegeprodukten hinterl\u00e4sst Flecken auf den Oberfl\u00e4chen der Produkte. Wasser und Feuchtigkeit, Kosmetika, Cremes, Haushaltschemikalien, Parfums und Haarpflegeprodukte k\u00f6nnen zum nat\u00fcrlichen Oxidationsprozess des Haarschmucks beitragen und die Oberfl\u00e4chen der Produkte stumpf machen. Bitte dehnen Sie die Kopfbedeckungen NICHT, sie k\u00f6nnten sich verformen. Mit der richtigen Pflege wird Ihr Haarschmuck jahrelang sch\u00f6n bleiben!","og_url":"https:\/\/glowery.me\/de\/produkt\/stirnband-lena-mit-kristallen-perlen-perlenketten-und-pailletten\/","og_site_name":"Glowery","article_publisher":"https:\/\/www.facebook.com\/profile.php?id=61575866108739","og_image":[{"width":1080,"height":1620,"url":"https:\/\/glowery.me\/wp-content\/uploads\/2025\/04\/custom-resized_c6dd5775-d589-4b48-9330-201925d94a5d_1080x.jpg","type":"image\/jpeg"}],"twitter_card":"summary_large_image","twitter_misc":{"Gesch\u00e4tzte Lesezeit":"1\u00a0Minute"},"schema":{"@context":"https:\/\/schema.org","@graph":[{"@type":"WebPage","@id":"https:\/\/glowery.me\/de\/produkt\/stirnband-lena-mit-kristallen-perlen-perlenketten-und-pailletten\/","url":"https:\/\/glowery.me\/de\/produkt\/stirnband-lena-mit-kristallen-perlen-perlenketten-und-pailletten\/","name":"Stirnband Lena mit Kristallen, Perlen, Perlenketten und Pailletten - Glowery","isPartOf":{"@id":"https:\/\/glowery.me\/#website"},"primaryImageOfPage":{"@id":"https:\/\/glowery.me\/de\/produkt\/stirnband-lena-mit-kristallen-perlen-perlenketten-und-pailletten\/#primaryimage"},"image":{"@id":"https:\/\/glowery.me\/de\/produkt\/stirnband-lena-mit-kristallen-perlen-perlenketten-und-pailletten\/#primaryimage"},"thumbnailUrl":"https:\/\/glowery.me\/wp-content\/uploads\/2025\/04\/custom-resized_c6dd5775-d589-4b48-9330-201925d94a5d_1080x.jpg","datePublished":"2025-04-26T19:37:00+00:00","breadcrumb":{"@id":"https:\/\/glowery.me\/de\/produkt\/stirnband-lena-mit-kristallen-perlen-perlenketten-und-pailletten\/#breadcrumb"},"inLanguage":"de","potentialAction":[{"@type":"ReadAction","target":["https:\/\/glowery.me\/de\/produkt\/stirnband-lena-mit-kristallen-perlen-perlenketten-und-pailletten\/"]}]},{"@type":"ImageObject","inLanguage":"de","@id":"https:\/\/glowery.me\/de\/produkt\/stirnband-lena-mit-kristallen-perlen-perlenketten-und-pailletten\/#primaryimage","url":"https:\/\/glowery.me\/wp-content\/uploads\/2025\/04\/custom-resized_c6dd5775-d589-4b48-9330-201925d94a5d_1080x.jpg","contentUrl":"https:\/\/glowery.me\/wp-content\/uploads\/2025\/04\/custom-resized_c6dd5775-d589-4b48-9330-201925d94a5d_1080x.jpg","width":1080,"height":1620},{"@type":"BreadcrumbList","@id":"https:\/\/glowery.me\/de\/produkt\/stirnband-lena-mit-kristallen-perlen-perlenketten-und-pailletten\/#breadcrumb","itemListElement":[{"@type":"ListItem","position":1,"name":"Home","item":"https:\/\/glowery.me\/de\/startseite\/"},{"@type":"ListItem","position":2,"name":"Shop","item":"https:\/\/glowery.me\/de\/shop\/"},{"@type":"ListItem","position":3,"name":"Stirnband Lena mit Kristallen, Perlen, Perlenketten und Pailletten"}]},{"@type":"WebSite","@id":"https:\/\/glowery.me\/#website","url":"https:\/\/glowery.me\/","name":"Glowery","description":"Stilvolle Essentials \u2013 von zeitlosem Schmuck \u00fcber elegante Taschen und Schuhe bis hin zu ausgew\u00e4hlten Kleidern und nat\u00fcrlicher Kosmetik.","publisher":{"@id":"https:\/\/glowery.me\/#organization"},"potentialAction":[{"@type":"SearchAction","target":{"@type":"EntryPoint","urlTemplate":"https:\/\/glowery.me\/?s={search_term_string}"},"query-input":{"@type":"PropertyValueSpecification","valueRequired":true,"valueName":"search_term_string"}}],"inLanguage":"de"},{"@type":"Organization","@id":"https:\/\/glowery.me\/#organization","name":"Glowery","url":"https:\/\/glowery.me\/","logo":{"@type":"ImageObject","inLanguage":"de","@id":"https:\/\/glowery.me\/#\/schema\/logo\/image\/","url":"https:\/\/glowery.me\/wp-content\/uploads\/2025\/05\/Glowery-e1746421067847.png","contentUrl":"https:\/\/glowery.me\/wp-content\/uploads\/2025\/05\/Glowery-e1746421067847.png","width":494,"height":146,"caption":"Glowery"},"image":{"@id":"https:\/\/glowery.me\/#\/schema\/logo\/image\/"},"sameAs":["https:\/\/www.facebook.com\/profile.php?id=61575866108739","https:\/\/www.instagram.com\/glowery.me","https:\/\/www.tiktok.com\/@glowery.me?_t=ZN-8wLhgUVkGCk&_r=1"]}]}},"jetpack_sharing_enabled":true,"_links":{"self":[{"href":"https:\/\/glowery.me\/de\/wp-json\/wp\/v2\/product\/26324","targetHints":{"allow":["GET"]}}],"collection":[{"href":"https:\/\/glowery.me\/de\/wp-json\/wp\/v2\/product"}],"about":[{"href":"https:\/\/glowery.me\/de\/wp-json\/wp\/v2\/types\/product"}],"replies":[{"embeddable":true,"href":"https:\/\/glowery.me\/de\/wp-json\/wp\/v2\/comments?post=26324"}],"wp:featuredmedia":[{"embeddable":true,"href":"https:\/\/glowery.me\/de\/wp-json\/wp\/v2\/media\/13393"}],"wp:attachment":[{"href":"https:\/\/glowery.me\/de\/wp-json\/wp\/v2\/media?parent=26324"}],"wp:term":[{"taxonomy":"product_brand","embeddable":true,"href":"https:\/\/glowery.me\/de\/wp-json\/wp\/v2\/product_brand?post=26324"},{"taxonomy":"product_cat","embeddable":true,"href":"https:\/\/glowery.me\/de\/wp-json\/wp\/v2\/product_cat?post=26324"},{"taxonomy":"product_tag","embeddable":true,"href":"https:\/\/glowery.me\/de\/wp-json\/wp\/v2\/product_tag?post=26324"}],"curies":[{"name":"wp","href":"https:\/\/api.w.org\/{rel}","templated":true}]}}