{"id":26457,"date":"2025-04-26T19:36:00","date_gmt":"2025-04-26T19:36:00","guid":{"rendered":"https:\/\/glowery.me\/produkt\/silberbarren-halskette\/"},"modified":"2025-04-26T19:36:00","modified_gmt":"2025-04-26T19:36:00","slug":"silberbarren-halskette","status":"publish","type":"product","link":"https:\/\/glowery.me\/de\/produkt\/silberbarren-halskette\/","title":{"rendered":"Silberbarren-Halskette"},"content":{"rendered":"<p>Die <strong>Silverbar Halskette<\/strong> ist minimalistisch und hat eine verstellbare Kettenl\u00e4nge. Die 80 cm lange Kette kann in verschiedenen L\u00e4ngen getragen werden, z.B. 45 cm, 55 cm, 65 cm und 75 cm, oder doppelt um den Hals als Kropfband. <\/p>\n<p><strong>MyaMoon ist eine Schmuckmarke, die in Estland<\/strong> von einer Mutter und ihrer Tochter <strong>gegr\u00fcndet wurde<\/strong>. Ihr Schmuck ist<strong>schlicht und zeitlos<\/strong> und erg\u00e4nzt die Tr\u00e4gerin, anstatt mit ihrem Stil zu konkurrieren. Die St\u00fccke werden aus Sterlingsilber und sorgf\u00e4ltig ausgew\u00e4hlten Edelsteinen gefertigt.  <\/p>\n<ul>\n<li>\n<p>Material: 925 Silber, rhodiniert<\/p>\n<\/li>\n<li>\n<p>Kettenl\u00e4nge: einstellbar (45 cm &#8211; 75 cm)<\/p>\n<\/li>\n<li>\n<p>Entworfen in Estland<\/p>\n<\/li>\n<\/ul>\n<p>Silber oxidiert leicht und wird stumpf und dunkel. Wenn Sie Ihren Schmuck jedoch gut pflegen, bleibt er jahrelang sch\u00f6n und frisch. Um Silberschmuck zu verwenden und zu pflegen, bewahren Sie ihn an einem trockenen, k\u00fchlen Ort auf, wenn Sie ihn nicht tragen, und vermeiden Sie den Kontakt mit scharfen Chemikalien wie Haushaltsreinigern, Bleichmitteln und Kosmetika. Legen Sie den Schmuck ab, bevor Sie Sport treiben oder Aktivit\u00e4ten nachgehen, die zu Schwei\u00dfbildung oder Besch\u00e4digungen f\u00fchren k\u00f6nnen. Verwenden Sie zur Reinigung des Schmucks ein weiches, trockenes Tuch, um Schmutz und Dreck von der Oberfl\u00e4che zu entfernen.    <\/p>\n","protected":false},"excerpt":{"rendered":"<p>Die <strong>Silverbar Halskette<\/strong> ist minimalistisch und hat eine verstellbare Kettenl\u00e4nge. Die 80 cm lange Kette kann in verschiedenen L\u00e4ngen getragen werden, z.B. 45 cm, 55 cm, 65 cm und 75 cm, oder doppelt um den Hals als Kropfband. <\/p>\n<p><strong>MyaMoon ist eine Schmuckmarke, die in Estland<\/strong> von einer Mutter und ihrer Tochter <strong>gegr\u00fcndet wurde<\/strong>. Ihr Schmuck ist<strong>schlicht und zeitlos<\/strong> und erg\u00e4nzt die Tr\u00e4gerin, anstatt mit ihrem Stil zu konkurrieren. Die St\u00fccke werden aus Sterlingsilber und sorgf\u00e4ltig ausgew\u00e4hlten Edelsteinen gefertigt.  <\/p>\n<ul>\n<li>\n<p>Material: 925 Silber, rhodiniert<\/p>\n<\/li>\n<li>\n<p>Kettenl\u00e4nge: einstellbar (45 cm &#8211; 75 cm)<\/p>\n<\/li>\n<li>\n<p>Entworfen in Estland<\/p>\n<\/li>\n<\/ul>\n<p>Silber oxidiert leicht und wird stumpf und dunkel. Wenn Sie Ihren Schmuck jedoch gut pflegen, bleibt er jahrelang sch\u00f6n und frisch. Um Silberschmuck zu verwenden und zu pflegen, bewahren Sie ihn an einem trockenen, k\u00fchlen Ort auf, wenn Sie ihn nicht tragen, und vermeiden Sie den Kontakt mit scharfen Chemikalien wie Haushaltsreinigern, Bleichmitteln und Kosmetika. Legen Sie den Schmuck ab, bevor Sie Sport treiben oder Aktivit\u00e4ten nachgehen, die zu Schwei\u00dfbildung oder Besch\u00e4digungen f\u00fchren k\u00f6nnen. Verwenden Sie zur Reinigung des Schmucks ein weiches, trockenes Tuch, um Schmutz und Dreck von der Oberfl\u00e4che zu entfernen.    <\/p>\n","protected":false},"featured_media":12553,"comment_status":"open","ping_status":"closed","template":"","meta":[],"product_brand":[],"product_cat":[127,126],"product_tag":[],"class_list":{"0":"post-26457","1":"product","2":"type-product","3":"status-publish","4":"has-post-thumbnail","6":"product_cat-halsketten-de","7":"product_cat-schmuck","9":"first","10":"outofstock","11":"shipping-taxable","12":"purchasable","13":"product-type-simple"},"yoast_head":"<!-- This site is optimized with the Yoast SEO plugin v25.3 - https:\/\/yoast.com\/wordpress\/plugins\/seo\/ -->\n<title>Silberbarren-Halskette - Glowery<\/title>\n<meta name=\"robots\" content=\"index, follow, max-snippet:-1, max-image-preview:large, max-video-preview:-1\" \/>\n<link rel=\"canonical\" href=\"https:\/\/glowery.me\/de\/produkt\/silberbarren-halskette\/\" \/>\n<meta property=\"og:locale\" content=\"de_DE\" \/>\n<meta property=\"og:type\" content=\"article\" \/>\n<meta property=\"og:title\" content=\"Silberbarren-Halskette - Glowery\" \/>\n<meta property=\"og:description\" content=\"Die Silverbar Halskette ist minimalistisch und hat eine verstellbare Kettenl\u00e4nge. Die 80 cm lange Kette kann in verschiedenen L\u00e4ngen getragen werden, z.B. 45 cm, 55 cm, 65 cm und 75 cm, oder doppelt um den Hals als Kropfband. MyaMoon ist eine Schmuckmarke, die in Estland von einer Mutter und ihrer Tochter gegr\u00fcndet wurde. Ihr Schmuck istschlicht und zeitlos und erg\u00e4nzt die Tr\u00e4gerin, anstatt mit ihrem Stil zu konkurrieren. Die St\u00fccke werden aus Sterlingsilber und sorgf\u00e4ltig ausgew\u00e4hlten Edelsteinen gefertigt. Material: 925 Silber, rhodiniertKettenl\u00e4nge: einstellbar (45 cm - 75 cm)Entworfen in EstlandSilber oxidiert leicht und wird stumpf und dunkel. Wenn Sie Ihren Schmuck jedoch gut pflegen, bleibt er jahrelang sch\u00f6n und frisch. Um Silberschmuck zu verwenden und zu pflegen, bewahren Sie ihn an einem trockenen, k\u00fchlen Ort auf, wenn Sie ihn nicht tragen, und vermeiden Sie den Kontakt mit scharfen Chemikalien wie Haushaltsreinigern, Bleichmitteln und Kosmetika. Legen Sie den Schmuck ab, bevor Sie Sport treiben oder Aktivit\u00e4ten nachgehen, die zu Schwei\u00dfbildung oder Besch\u00e4digungen f\u00fchren k\u00f6nnen. Verwenden Sie zur Reinigung des Schmucks ein weiches, trockenes Tuch, um Schmutz und Dreck von der Oberfl\u00e4che zu entfernen.\" \/>\n<meta property=\"og:url\" content=\"https:\/\/glowery.me\/de\/produkt\/silberbarren-halskette\/\" \/>\n<meta property=\"og:site_name\" content=\"Glowery\" \/>\n<meta property=\"article:publisher\" content=\"https:\/\/www.facebook.com\/profile.php?id=61575866108739\" \/>\n<meta property=\"og:image\" content=\"https:\/\/glowery.me\/wp-content\/uploads\/2025\/04\/QBziFBuY.jpeg\" \/>\n\t<meta property=\"og:image:width\" content=\"1199\" \/>\n\t<meta property=\"og:image:height\" content=\"1199\" \/>\n\t<meta property=\"og:image:type\" content=\"image\/jpeg\" \/>\n<meta name=\"twitter:card\" content=\"summary_large_image\" \/>\n<meta name=\"twitter:label1\" content=\"Gesch\u00e4tzte Lesezeit\" \/>\n\t<meta name=\"twitter:data1\" content=\"1\u00a0Minute\" \/>\n<script type=\"application\/ld+json\" class=\"yoast-schema-graph\">{\"@context\":\"https:\/\/schema.org\",\"@graph\":[{\"@type\":\"WebPage\",\"@id\":\"https:\/\/glowery.me\/de\/produkt\/silberbarren-halskette\/\",\"url\":\"https:\/\/glowery.me\/de\/produkt\/silberbarren-halskette\/\",\"name\":\"Silberbarren-Halskette - Glowery\",\"isPartOf\":{\"@id\":\"https:\/\/glowery.me\/#website\"},\"primaryImageOfPage\":{\"@id\":\"https:\/\/glowery.me\/de\/produkt\/silberbarren-halskette\/#primaryimage\"},\"image\":{\"@id\":\"https:\/\/glowery.me\/de\/produkt\/silberbarren-halskette\/#primaryimage\"},\"thumbnailUrl\":\"https:\/\/glowery.me\/wp-content\/uploads\/2025\/04\/QBziFBuY.jpeg\",\"datePublished\":\"2025-04-26T19:36:00+00:00\",\"breadcrumb\":{\"@id\":\"https:\/\/glowery.me\/de\/produkt\/silberbarren-halskette\/#breadcrumb\"},\"inLanguage\":\"de\",\"potentialAction\":[{\"@type\":\"ReadAction\",\"target\":[\"https:\/\/glowery.me\/de\/produkt\/silberbarren-halskette\/\"]}]},{\"@type\":\"ImageObject\",\"inLanguage\":\"de\",\"@id\":\"https:\/\/glowery.me\/de\/produkt\/silberbarren-halskette\/#primaryimage\",\"url\":\"https:\/\/glowery.me\/wp-content\/uploads\/2025\/04\/QBziFBuY.jpeg\",\"contentUrl\":\"https:\/\/glowery.me\/wp-content\/uploads\/2025\/04\/QBziFBuY.jpeg\",\"width\":1199,\"height\":1199},{\"@type\":\"BreadcrumbList\",\"@id\":\"https:\/\/glowery.me\/de\/produkt\/silberbarren-halskette\/#breadcrumb\",\"itemListElement\":[{\"@type\":\"ListItem\",\"position\":1,\"name\":\"Home\",\"item\":\"https:\/\/glowery.me\/de\/startseite\/\"},{\"@type\":\"ListItem\",\"position\":2,\"name\":\"Shop\",\"item\":\"https:\/\/glowery.me\/de\/shop\/\"},{\"@type\":\"ListItem\",\"position\":3,\"name\":\"Silberbarren-Halskette\"}]},{\"@type\":\"WebSite\",\"@id\":\"https:\/\/glowery.me\/#website\",\"url\":\"https:\/\/glowery.me\/\",\"name\":\"Glowery\",\"description\":\"Stilvolle Essentials \u2013 von zeitlosem Schmuck \u00fcber elegante Taschen und Schuhe bis hin zu ausgew\u00e4hlten Kleidern und nat\u00fcrlicher Kosmetik.\",\"publisher\":{\"@id\":\"https:\/\/glowery.me\/#organization\"},\"potentialAction\":[{\"@type\":\"SearchAction\",\"target\":{\"@type\":\"EntryPoint\",\"urlTemplate\":\"https:\/\/glowery.me\/?s={search_term_string}\"},\"query-input\":{\"@type\":\"PropertyValueSpecification\",\"valueRequired\":true,\"valueName\":\"search_term_string\"}}],\"inLanguage\":\"de\"},{\"@type\":\"Organization\",\"@id\":\"https:\/\/glowery.me\/#organization\",\"name\":\"Glowery\",\"url\":\"https:\/\/glowery.me\/\",\"logo\":{\"@type\":\"ImageObject\",\"inLanguage\":\"de\",\"@id\":\"https:\/\/glowery.me\/#\/schema\/logo\/image\/\",\"url\":\"https:\/\/glowery.me\/wp-content\/uploads\/2025\/05\/Glowery-e1746421067847.png\",\"contentUrl\":\"https:\/\/glowery.me\/wp-content\/uploads\/2025\/05\/Glowery-e1746421067847.png\",\"width\":494,\"height\":146,\"caption\":\"Glowery\"},\"image\":{\"@id\":\"https:\/\/glowery.me\/#\/schema\/logo\/image\/\"},\"sameAs\":[\"https:\/\/www.facebook.com\/profile.php?id=61575866108739\",\"https:\/\/www.instagram.com\/glowery.me\",\"https:\/\/www.tiktok.com\/@glowery.me?_t=ZN-8wLhgUVkGCk&_r=1\"]}]}<\/script>\n<!-- \/ Yoast SEO plugin. -->","yoast_head_json":{"title":"Silberbarren-Halskette - Glowery","robots":{"index":"index","follow":"follow","max-snippet":"max-snippet:-1","max-image-preview":"max-image-preview:large","max-video-preview":"max-video-preview:-1"},"canonical":"https:\/\/glowery.me\/de\/produkt\/silberbarren-halskette\/","og_locale":"de_DE","og_type":"article","og_title":"Silberbarren-Halskette - Glowery","og_description":"Die Silverbar Halskette ist minimalistisch und hat eine verstellbare Kettenl\u00e4nge. Die 80 cm lange Kette kann in verschiedenen L\u00e4ngen getragen werden, z.B. 45 cm, 55 cm, 65 cm und 75 cm, oder doppelt um den Hals als Kropfband. MyaMoon ist eine Schmuckmarke, die in Estland von einer Mutter und ihrer Tochter gegr\u00fcndet wurde. Ihr Schmuck istschlicht und zeitlos und erg\u00e4nzt die Tr\u00e4gerin, anstatt mit ihrem Stil zu konkurrieren. Die St\u00fccke werden aus Sterlingsilber und sorgf\u00e4ltig ausgew\u00e4hlten Edelsteinen gefertigt. Material: 925 Silber, rhodiniertKettenl\u00e4nge: einstellbar (45 cm - 75 cm)Entworfen in EstlandSilber oxidiert leicht und wird stumpf und dunkel. Wenn Sie Ihren Schmuck jedoch gut pflegen, bleibt er jahrelang sch\u00f6n und frisch. Um Silberschmuck zu verwenden und zu pflegen, bewahren Sie ihn an einem trockenen, k\u00fchlen Ort auf, wenn Sie ihn nicht tragen, und vermeiden Sie den Kontakt mit scharfen Chemikalien wie Haushaltsreinigern, Bleichmitteln und Kosmetika. Legen Sie den Schmuck ab, bevor Sie Sport treiben oder Aktivit\u00e4ten nachgehen, die zu Schwei\u00dfbildung oder Besch\u00e4digungen f\u00fchren k\u00f6nnen. Verwenden Sie zur Reinigung des Schmucks ein weiches, trockenes Tuch, um Schmutz und Dreck von der Oberfl\u00e4che zu entfernen.","og_url":"https:\/\/glowery.me\/de\/produkt\/silberbarren-halskette\/","og_site_name":"Glowery","article_publisher":"https:\/\/www.facebook.com\/profile.php?id=61575866108739","og_image":[{"width":1199,"height":1199,"url":"https:\/\/glowery.me\/wp-content\/uploads\/2025\/04\/QBziFBuY.jpeg","type":"image\/jpeg"}],"twitter_card":"summary_large_image","twitter_misc":{"Gesch\u00e4tzte Lesezeit":"1\u00a0Minute"},"schema":{"@context":"https:\/\/schema.org","@graph":[{"@type":"WebPage","@id":"https:\/\/glowery.me\/de\/produkt\/silberbarren-halskette\/","url":"https:\/\/glowery.me\/de\/produkt\/silberbarren-halskette\/","name":"Silberbarren-Halskette - Glowery","isPartOf":{"@id":"https:\/\/glowery.me\/#website"},"primaryImageOfPage":{"@id":"https:\/\/glowery.me\/de\/produkt\/silberbarren-halskette\/#primaryimage"},"image":{"@id":"https:\/\/glowery.me\/de\/produkt\/silberbarren-halskette\/#primaryimage"},"thumbnailUrl":"https:\/\/glowery.me\/wp-content\/uploads\/2025\/04\/QBziFBuY.jpeg","datePublished":"2025-04-26T19:36:00+00:00","breadcrumb":{"@id":"https:\/\/glowery.me\/de\/produkt\/silberbarren-halskette\/#breadcrumb"},"inLanguage":"de","potentialAction":[{"@type":"ReadAction","target":["https:\/\/glowery.me\/de\/produkt\/silberbarren-halskette\/"]}]},{"@type":"ImageObject","inLanguage":"de","@id":"https:\/\/glowery.me\/de\/produkt\/silberbarren-halskette\/#primaryimage","url":"https:\/\/glowery.me\/wp-content\/uploads\/2025\/04\/QBziFBuY.jpeg","contentUrl":"https:\/\/glowery.me\/wp-content\/uploads\/2025\/04\/QBziFBuY.jpeg","width":1199,"height":1199},{"@type":"BreadcrumbList","@id":"https:\/\/glowery.me\/de\/produkt\/silberbarren-halskette\/#breadcrumb","itemListElement":[{"@type":"ListItem","position":1,"name":"Home","item":"https:\/\/glowery.me\/de\/startseite\/"},{"@type":"ListItem","position":2,"name":"Shop","item":"https:\/\/glowery.me\/de\/shop\/"},{"@type":"ListItem","position":3,"name":"Silberbarren-Halskette"}]},{"@type":"WebSite","@id":"https:\/\/glowery.me\/#website","url":"https:\/\/glowery.me\/","name":"Glowery","description":"Stilvolle Essentials \u2013 von zeitlosem Schmuck \u00fcber elegante Taschen und Schuhe bis hin zu ausgew\u00e4hlten Kleidern und nat\u00fcrlicher Kosmetik.","publisher":{"@id":"https:\/\/glowery.me\/#organization"},"potentialAction":[{"@type":"SearchAction","target":{"@type":"EntryPoint","urlTemplate":"https:\/\/glowery.me\/?s={search_term_string}"},"query-input":{"@type":"PropertyValueSpecification","valueRequired":true,"valueName":"search_term_string"}}],"inLanguage":"de"},{"@type":"Organization","@id":"https:\/\/glowery.me\/#organization","name":"Glowery","url":"https:\/\/glowery.me\/","logo":{"@type":"ImageObject","inLanguage":"de","@id":"https:\/\/glowery.me\/#\/schema\/logo\/image\/","url":"https:\/\/glowery.me\/wp-content\/uploads\/2025\/05\/Glowery-e1746421067847.png","contentUrl":"https:\/\/glowery.me\/wp-content\/uploads\/2025\/05\/Glowery-e1746421067847.png","width":494,"height":146,"caption":"Glowery"},"image":{"@id":"https:\/\/glowery.me\/#\/schema\/logo\/image\/"},"sameAs":["https:\/\/www.facebook.com\/profile.php?id=61575866108739","https:\/\/www.instagram.com\/glowery.me","https:\/\/www.tiktok.com\/@glowery.me?_t=ZN-8wLhgUVkGCk&_r=1"]}]}},"jetpack_sharing_enabled":true,"_links":{"self":[{"href":"https:\/\/glowery.me\/de\/wp-json\/wp\/v2\/product\/26457","targetHints":{"allow":["GET"]}}],"collection":[{"href":"https:\/\/glowery.me\/de\/wp-json\/wp\/v2\/product"}],"about":[{"href":"https:\/\/glowery.me\/de\/wp-json\/wp\/v2\/types\/product"}],"replies":[{"embeddable":true,"href":"https:\/\/glowery.me\/de\/wp-json\/wp\/v2\/comments?post=26457"}],"wp:featuredmedia":[{"embeddable":true,"href":"https:\/\/glowery.me\/de\/wp-json\/wp\/v2\/media\/12553"}],"wp:attachment":[{"href":"https:\/\/glowery.me\/de\/wp-json\/wp\/v2\/media?parent=26457"}],"wp:term":[{"taxonomy":"product_brand","embeddable":true,"href":"https:\/\/glowery.me\/de\/wp-json\/wp\/v2\/product_brand?post=26457"},{"taxonomy":"product_cat","embeddable":true,"href":"https:\/\/glowery.me\/de\/wp-json\/wp\/v2\/product_cat?post=26457"},{"taxonomy":"product_tag","embeddable":true,"href":"https:\/\/glowery.me\/de\/wp-json\/wp\/v2\/product_tag?post=26457"}],"curies":[{"name":"wp","href":"https:\/\/api.w.org\/{rel}","templated":true}]}}