{"id":26473,"date":"2025-04-26T19:36:00","date_gmt":"2025-04-26T19:36:00","guid":{"rendered":"https:\/\/glowery.me\/produkt\/2-love-and-protect-u-ohrringe\/"},"modified":"2025-04-26T19:36:00","modified_gmt":"2025-04-26T19:36:00","slug":"2-love-and-protect-u-ohrringe","status":"publish","type":"product","link":"https:\/\/glowery.me\/de\/produkt\/2-love-and-protect-u-ohrringe\/","title":{"rendered":"2 Love And Protect U &#8211; Ohrringe"},"content":{"rendered":"<p>Die <strong>2 Love and Protect U<\/strong> Loop-Ohrringe. Dieses Paar bringt eine Botschaft \u00fcber s\u00fc\u00dfe Gespr\u00e4che. Sie fl\u00fcstern in das eine Ohr, wie sehr ich Sie liebe, w\u00e4hrend sie in das andere Ohr sagen, dass ich immer da sein werde, um Sie zu besch\u00fctzen. Mit dem Auge des Schutzes als Anh\u00e4nger haben diese Ohrringe eine \u00fcbernat\u00fcrliche Kraft. Sie reflektieren einen b\u00f6sartigen Blick auf diejenigen, die anderen Schaden zuf\u00fcgen wollen.    <\/p>\n<ul>\n<li>Handgefertigte Keramik-Anh\u00e4nger<\/li>\n<li>Kostbarer 24K Goldglanz<\/li>\n<li>Schleifen und Details aus 24K Gold \u00fcber 925er Sterlingsilber<\/li>\n<li>Swarovski Kristall<\/li>\n<li>Alle Artikel sind einzigartig und k\u00f6nnen leicht von der Abbildung abweichen<\/li>\n<\/ul>\n<p><em>Versand: 3-5 Arbeitstage<\/em><\/p>\n","protected":false},"excerpt":{"rendered":"<p>Die <strong>2 Love and Protect U<\/strong> Loop-Ohrringe. Dieses Paar bringt eine Botschaft \u00fcber s\u00fc\u00dfe Gespr\u00e4che. Sie fl\u00fcstern in das eine Ohr, wie sehr ich Sie liebe, w\u00e4hrend sie in das andere Ohr sagen, dass ich immer da sein werde, um Sie zu besch\u00fctzen. Mit dem Auge des Schutzes bringen diese Ohrringe eine \u00fcbernat\u00fcrliche Kraft mit sich. Sie reflektieren einen b\u00f6sartigen Blick auf diejenigen, die anderen Schaden zuf\u00fcgen wollen.    <\/p>\n<ul>\n<li>Handgefertigte Keramik-Anh\u00e4nger<\/li>\n<li>Kostbarer 24K Goldglanz<\/li>\n<li>Schleifen und Details aus 24K Gold \u00fcber 925er Sterlingsilber<\/li>\n<li>Swarovski Kristall<\/li>\n<li>Alle Artikel sind einzigartig und k\u00f6nnen leicht von der Abbildung abweichen<\/li>\n<\/ul>\n<p><em>Versand: 3-5 Arbeitstage<\/em><\/p>\n","protected":false},"featured_media":12505,"comment_status":"open","ping_status":"closed","template":"","meta":[],"product_brand":[],"product_cat":[128,126],"product_tag":[],"class_list":{"0":"post-26473","1":"product","2":"type-product","3":"status-publish","4":"has-post-thumbnail","6":"product_cat-ohrringe","7":"product_cat-schmuck","9":"first","10":"instock","11":"shipping-taxable","12":"purchasable","13":"product-type-simple"},"yoast_head":"<!-- This site is optimized with the Yoast SEO plugin v25.3 - https:\/\/yoast.com\/wordpress\/plugins\/seo\/ -->\n<title>2 Love And Protect U - Ohrringe - Glowery<\/title>\n<meta name=\"robots\" content=\"index, follow, max-snippet:-1, max-image-preview:large, max-video-preview:-1\" \/>\n<link rel=\"canonical\" href=\"https:\/\/glowery.me\/de\/produkt\/2-love-and-protect-u-ohrringe\/\" \/>\n<meta property=\"og:locale\" content=\"de_DE\" \/>\n<meta property=\"og:type\" content=\"article\" \/>\n<meta property=\"og:title\" content=\"2 Love And Protect U - Ohrringe - Glowery\" \/>\n<meta property=\"og:description\" content=\"Die 2 Love and Protect U Loop-Ohrringe. Dieses Paar bringt eine Botschaft \u00fcber s\u00fc\u00dfe Gespr\u00e4che. Sie fl\u00fcstern in das eine Ohr, wie sehr ich Sie liebe, w\u00e4hrend sie in das andere Ohr sagen, dass ich immer da sein werde, um Sie zu besch\u00fctzen. Mit dem Auge des Schutzes bringen diese Ohrringe eine \u00fcbernat\u00fcrliche Kraft mit sich. Sie reflektieren einen b\u00f6sartigen Blick auf diejenigen, die anderen Schaden zuf\u00fcgen wollen.   Handgefertigte Keramik-Anh\u00e4nger Kostbarer 24K Goldglanz Schleifen und Details aus 24K Gold \u00fcber 925er Sterlingsilber Swarovski Kristall Alle Artikel sind einzigartig und k\u00f6nnen leicht von der Abbildung abweichen Versand: 3-5 Arbeitstage\" \/>\n<meta property=\"og:url\" content=\"https:\/\/glowery.me\/de\/produkt\/2-love-and-protect-u-ohrringe\/\" \/>\n<meta property=\"og:site_name\" content=\"Glowery\" \/>\n<meta property=\"article:publisher\" content=\"https:\/\/www.facebook.com\/profile.php?id=61575866108739\" \/>\n<meta property=\"og:image\" content=\"https:\/\/glowery.me\/wp-content\/uploads\/2025\/04\/M-e1647701021848.jpg\" \/>\n\t<meta property=\"og:image:width\" content=\"1024\" \/>\n\t<meta property=\"og:image:height\" content=\"968\" \/>\n\t<meta property=\"og:image:type\" content=\"image\/jpeg\" \/>\n<meta name=\"twitter:card\" content=\"summary_large_image\" \/>\n<meta name=\"twitter:label1\" content=\"Gesch\u00e4tzte Lesezeit\" \/>\n\t<meta name=\"twitter:data1\" content=\"1\u00a0Minute\" \/>\n<script type=\"application\/ld+json\" class=\"yoast-schema-graph\">{\"@context\":\"https:\/\/schema.org\",\"@graph\":[{\"@type\":\"WebPage\",\"@id\":\"https:\/\/glowery.me\/de\/produkt\/2-love-and-protect-u-ohrringe\/\",\"url\":\"https:\/\/glowery.me\/de\/produkt\/2-love-and-protect-u-ohrringe\/\",\"name\":\"2 Love And Protect U - Ohrringe - Glowery\",\"isPartOf\":{\"@id\":\"https:\/\/glowery.me\/#website\"},\"primaryImageOfPage\":{\"@id\":\"https:\/\/glowery.me\/de\/produkt\/2-love-and-protect-u-ohrringe\/#primaryimage\"},\"image\":{\"@id\":\"https:\/\/glowery.me\/de\/produkt\/2-love-and-protect-u-ohrringe\/#primaryimage\"},\"thumbnailUrl\":\"https:\/\/glowery.me\/wp-content\/uploads\/2025\/04\/M-e1647701021848.jpg\",\"datePublished\":\"2025-04-26T19:36:00+00:00\",\"breadcrumb\":{\"@id\":\"https:\/\/glowery.me\/de\/produkt\/2-love-and-protect-u-ohrringe\/#breadcrumb\"},\"inLanguage\":\"de\",\"potentialAction\":[{\"@type\":\"ReadAction\",\"target\":[\"https:\/\/glowery.me\/de\/produkt\/2-love-and-protect-u-ohrringe\/\"]}]},{\"@type\":\"ImageObject\",\"inLanguage\":\"de\",\"@id\":\"https:\/\/glowery.me\/de\/produkt\/2-love-and-protect-u-ohrringe\/#primaryimage\",\"url\":\"https:\/\/glowery.me\/wp-content\/uploads\/2025\/04\/M-e1647701021848.jpg\",\"contentUrl\":\"https:\/\/glowery.me\/wp-content\/uploads\/2025\/04\/M-e1647701021848.jpg\",\"width\":1024,\"height\":968},{\"@type\":\"BreadcrumbList\",\"@id\":\"https:\/\/glowery.me\/de\/produkt\/2-love-and-protect-u-ohrringe\/#breadcrumb\",\"itemListElement\":[{\"@type\":\"ListItem\",\"position\":1,\"name\":\"Home\",\"item\":\"https:\/\/glowery.me\/de\/startseite\/\"},{\"@type\":\"ListItem\",\"position\":2,\"name\":\"Shop\",\"item\":\"https:\/\/glowery.me\/de\/shop\/\"},{\"@type\":\"ListItem\",\"position\":3,\"name\":\"2 Love And Protect U &#8211; Ohrringe\"}]},{\"@type\":\"WebSite\",\"@id\":\"https:\/\/glowery.me\/#website\",\"url\":\"https:\/\/glowery.me\/\",\"name\":\"Glowery\",\"description\":\"Stilvolle Essentials \u2013 von zeitlosem Schmuck \u00fcber elegante Taschen und Schuhe bis hin zu ausgew\u00e4hlten Kleidern und nat\u00fcrlicher Kosmetik.\",\"publisher\":{\"@id\":\"https:\/\/glowery.me\/#organization\"},\"potentialAction\":[{\"@type\":\"SearchAction\",\"target\":{\"@type\":\"EntryPoint\",\"urlTemplate\":\"https:\/\/glowery.me\/?s={search_term_string}\"},\"query-input\":{\"@type\":\"PropertyValueSpecification\",\"valueRequired\":true,\"valueName\":\"search_term_string\"}}],\"inLanguage\":\"de\"},{\"@type\":\"Organization\",\"@id\":\"https:\/\/glowery.me\/#organization\",\"name\":\"Glowery\",\"url\":\"https:\/\/glowery.me\/\",\"logo\":{\"@type\":\"ImageObject\",\"inLanguage\":\"de\",\"@id\":\"https:\/\/glowery.me\/#\/schema\/logo\/image\/\",\"url\":\"https:\/\/glowery.me\/wp-content\/uploads\/2025\/05\/Glowery-e1746421067847.png\",\"contentUrl\":\"https:\/\/glowery.me\/wp-content\/uploads\/2025\/05\/Glowery-e1746421067847.png\",\"width\":494,\"height\":146,\"caption\":\"Glowery\"},\"image\":{\"@id\":\"https:\/\/glowery.me\/#\/schema\/logo\/image\/\"},\"sameAs\":[\"https:\/\/www.facebook.com\/profile.php?id=61575866108739\",\"https:\/\/www.instagram.com\/glowery.me\",\"https:\/\/www.tiktok.com\/@glowery.me?_t=ZN-8wLhgUVkGCk&_r=1\"]}]}<\/script>\n<!-- \/ Yoast SEO plugin. -->","yoast_head_json":{"title":"2 Love And Protect U - Ohrringe - Glowery","robots":{"index":"index","follow":"follow","max-snippet":"max-snippet:-1","max-image-preview":"max-image-preview:large","max-video-preview":"max-video-preview:-1"},"canonical":"https:\/\/glowery.me\/de\/produkt\/2-love-and-protect-u-ohrringe\/","og_locale":"de_DE","og_type":"article","og_title":"2 Love And Protect U - Ohrringe - Glowery","og_description":"Die 2 Love and Protect U Loop-Ohrringe. Dieses Paar bringt eine Botschaft \u00fcber s\u00fc\u00dfe Gespr\u00e4che. Sie fl\u00fcstern in das eine Ohr, wie sehr ich Sie liebe, w\u00e4hrend sie in das andere Ohr sagen, dass ich immer da sein werde, um Sie zu besch\u00fctzen. Mit dem Auge des Schutzes bringen diese Ohrringe eine \u00fcbernat\u00fcrliche Kraft mit sich. Sie reflektieren einen b\u00f6sartigen Blick auf diejenigen, die anderen Schaden zuf\u00fcgen wollen.   Handgefertigte Keramik-Anh\u00e4nger Kostbarer 24K Goldglanz Schleifen und Details aus 24K Gold \u00fcber 925er Sterlingsilber Swarovski Kristall Alle Artikel sind einzigartig und k\u00f6nnen leicht von der Abbildung abweichen Versand: 3-5 Arbeitstage","og_url":"https:\/\/glowery.me\/de\/produkt\/2-love-and-protect-u-ohrringe\/","og_site_name":"Glowery","article_publisher":"https:\/\/www.facebook.com\/profile.php?id=61575866108739","og_image":[{"width":1024,"height":968,"url":"https:\/\/glowery.me\/wp-content\/uploads\/2025\/04\/M-e1647701021848.jpg","type":"image\/jpeg"}],"twitter_card":"summary_large_image","twitter_misc":{"Gesch\u00e4tzte Lesezeit":"1\u00a0Minute"},"schema":{"@context":"https:\/\/schema.org","@graph":[{"@type":"WebPage","@id":"https:\/\/glowery.me\/de\/produkt\/2-love-and-protect-u-ohrringe\/","url":"https:\/\/glowery.me\/de\/produkt\/2-love-and-protect-u-ohrringe\/","name":"2 Love And Protect U - Ohrringe - Glowery","isPartOf":{"@id":"https:\/\/glowery.me\/#website"},"primaryImageOfPage":{"@id":"https:\/\/glowery.me\/de\/produkt\/2-love-and-protect-u-ohrringe\/#primaryimage"},"image":{"@id":"https:\/\/glowery.me\/de\/produkt\/2-love-and-protect-u-ohrringe\/#primaryimage"},"thumbnailUrl":"https:\/\/glowery.me\/wp-content\/uploads\/2025\/04\/M-e1647701021848.jpg","datePublished":"2025-04-26T19:36:00+00:00","breadcrumb":{"@id":"https:\/\/glowery.me\/de\/produkt\/2-love-and-protect-u-ohrringe\/#breadcrumb"},"inLanguage":"de","potentialAction":[{"@type":"ReadAction","target":["https:\/\/glowery.me\/de\/produkt\/2-love-and-protect-u-ohrringe\/"]}]},{"@type":"ImageObject","inLanguage":"de","@id":"https:\/\/glowery.me\/de\/produkt\/2-love-and-protect-u-ohrringe\/#primaryimage","url":"https:\/\/glowery.me\/wp-content\/uploads\/2025\/04\/M-e1647701021848.jpg","contentUrl":"https:\/\/glowery.me\/wp-content\/uploads\/2025\/04\/M-e1647701021848.jpg","width":1024,"height":968},{"@type":"BreadcrumbList","@id":"https:\/\/glowery.me\/de\/produkt\/2-love-and-protect-u-ohrringe\/#breadcrumb","itemListElement":[{"@type":"ListItem","position":1,"name":"Home","item":"https:\/\/glowery.me\/de\/startseite\/"},{"@type":"ListItem","position":2,"name":"Shop","item":"https:\/\/glowery.me\/de\/shop\/"},{"@type":"ListItem","position":3,"name":"2 Love And Protect U &#8211; Ohrringe"}]},{"@type":"WebSite","@id":"https:\/\/glowery.me\/#website","url":"https:\/\/glowery.me\/","name":"Glowery","description":"Stilvolle Essentials \u2013 von zeitlosem Schmuck \u00fcber elegante Taschen und Schuhe bis hin zu ausgew\u00e4hlten Kleidern und nat\u00fcrlicher Kosmetik.","publisher":{"@id":"https:\/\/glowery.me\/#organization"},"potentialAction":[{"@type":"SearchAction","target":{"@type":"EntryPoint","urlTemplate":"https:\/\/glowery.me\/?s={search_term_string}"},"query-input":{"@type":"PropertyValueSpecification","valueRequired":true,"valueName":"search_term_string"}}],"inLanguage":"de"},{"@type":"Organization","@id":"https:\/\/glowery.me\/#organization","name":"Glowery","url":"https:\/\/glowery.me\/","logo":{"@type":"ImageObject","inLanguage":"de","@id":"https:\/\/glowery.me\/#\/schema\/logo\/image\/","url":"https:\/\/glowery.me\/wp-content\/uploads\/2025\/05\/Glowery-e1746421067847.png","contentUrl":"https:\/\/glowery.me\/wp-content\/uploads\/2025\/05\/Glowery-e1746421067847.png","width":494,"height":146,"caption":"Glowery"},"image":{"@id":"https:\/\/glowery.me\/#\/schema\/logo\/image\/"},"sameAs":["https:\/\/www.facebook.com\/profile.php?id=61575866108739","https:\/\/www.instagram.com\/glowery.me","https:\/\/www.tiktok.com\/@glowery.me?_t=ZN-8wLhgUVkGCk&_r=1"]}]}},"jetpack_sharing_enabled":true,"_links":{"self":[{"href":"https:\/\/glowery.me\/de\/wp-json\/wp\/v2\/product\/26473","targetHints":{"allow":["GET"]}}],"collection":[{"href":"https:\/\/glowery.me\/de\/wp-json\/wp\/v2\/product"}],"about":[{"href":"https:\/\/glowery.me\/de\/wp-json\/wp\/v2\/types\/product"}],"replies":[{"embeddable":true,"href":"https:\/\/glowery.me\/de\/wp-json\/wp\/v2\/comments?post=26473"}],"wp:featuredmedia":[{"embeddable":true,"href":"https:\/\/glowery.me\/de\/wp-json\/wp\/v2\/media\/12505"}],"wp:attachment":[{"href":"https:\/\/glowery.me\/de\/wp-json\/wp\/v2\/media?parent=26473"}],"wp:term":[{"taxonomy":"product_brand","embeddable":true,"href":"https:\/\/glowery.me\/de\/wp-json\/wp\/v2\/product_brand?post=26473"},{"taxonomy":"product_cat","embeddable":true,"href":"https:\/\/glowery.me\/de\/wp-json\/wp\/v2\/product_cat?post=26473"},{"taxonomy":"product_tag","embeddable":true,"href":"https:\/\/glowery.me\/de\/wp-json\/wp\/v2\/product_tag?post=26473"}],"curies":[{"name":"wp","href":"https:\/\/api.w.org\/{rel}","templated":true}]}}