{"id":26516,"date":"2025-04-26T19:36:00","date_gmt":"2025-04-26T19:36:00","guid":{"rendered":"https:\/\/glowery.me\/produkt\/woody-armband-thermo-birke\/"},"modified":"2025-04-26T19:36:00","modified_gmt":"2025-04-26T19:36:00","slug":"woody-armband-thermo-birke","status":"publish","type":"product","link":"https:\/\/glowery.me\/de\/produkt\/woody-armband-thermo-birke\/","title":{"rendered":"Woody Armband &#8211; Thermo-Birke"},"content":{"rendered":"<p>Die Kombination von Formen, neuen Technologien und unkonventionellen Materialien verleiht dem Schmuck von Lentsius einen hohen visuellen Stil und Individualit\u00e4t. Das Upcycling von industriellen \u00dcberbleibseln schafft ein perfektes Gleichgewicht f\u00fcr Menschen, die die Natur und den funktionalen skandinavischen Stil sch\u00e4tzen. <\/p>\n<p>Lentsius ist eine nachhaltige Schmuckmarke, die von der Designerin Kairi Lentsius und ihrem Vater Mart, einem Handwerker, gegr\u00fcndet wurde. Die Marke konzentriert sich auf das Upcycling von industriellen Metall- und Holzabf\u00e4llen und kreiert zeitlose St\u00fccke aus einem einzigen Material. Kairi ist Absolventin der Pallas University und der Swedish School of Textiles und arbeitet auch als Modedozentin. Ihre Arbeiten wurden bei verschiedenen Designwettbewerben ausgezeichnet und auf gro\u00dfen Modewochen pr\u00e4sentiert. Alle Lentsius-Schmuckst\u00fccke werden in Tartu, Estland, handgefertigt.    <\/p>\n<p>Material: w\u00e4rmebehandeltes Birkenfurnier<br \/>Umfang: S ~19.5 cm, M ~19.9 cm, L ~20.5 cm<br \/>Breite: 3,8 cm<br \/>Gewicht: 7 &#8211; 9 g<br \/>Verpackung: Papier-Geschenkbox<\/p>\n","protected":false},"excerpt":{"rendered":"<p>Die Kombination von Formen, neuen Technologien und unkonventionellen Materialien verleiht dem Schmuck von Lentsius einen hohen visuellen Stil und Individualit\u00e4t. Das Upcycling von industriellen \u00dcberbleibseln schafft ein perfektes Gleichgewicht f\u00fcr Menschen, die die Natur und den funktionalen skandinavischen Stil sch\u00e4tzen. <\/p>\n<p>Lentsius ist eine nachhaltige Schmuckmarke, die von der Designerin Kairi Lentsius und ihrem Vater Mart, einem Handwerker, gegr\u00fcndet wurde. Die Marke konzentriert sich auf das Upcycling von industriellen Metall- und Holzabf\u00e4llen und kreiert zeitlose St\u00fccke aus einem einzigen Material. Kairi ist Absolventin der Pallas University und der Swedish School of Textiles und arbeitet auch als Modedozentin. Ihre Arbeiten wurden bei verschiedenen Designwettbewerben ausgezeichnet und auf gro\u00dfen Modewochen pr\u00e4sentiert. Alle Lentsius-Schmuckst\u00fccke werden in Tartu, Estland, handgefertigt.    <\/p>\n<p>Material: w\u00e4rmebehandeltes Birkenfurnier<br \/>Umfang: S ~19.5 cm, M ~19.9 cm, L ~20.5 cm<br \/>Breite: 3,8 cm<br \/>Gewicht: 7 &#8211; 9 g<br \/>Verpackung: Papier-Geschenkbox<\/p>\n","protected":false},"featured_media":13147,"comment_status":"open","ping_status":"closed","template":"","meta":[],"product_brand":[],"product_cat":[154,126],"product_tag":[],"class_list":{"0":"post-26516","1":"product","2":"type-product","3":"status-publish","4":"has-post-thumbnail","6":"product_cat-armbander","7":"product_cat-schmuck","9":"first","10":"instock","11":"shipping-taxable","12":"purchasable","13":"product-type-variable"},"yoast_head":"<!-- This site is optimized with the Yoast SEO plugin v25.3 - https:\/\/yoast.com\/wordpress\/plugins\/seo\/ -->\n<title>Woody Armband - Thermo-Birke - Glowery<\/title>\n<meta name=\"robots\" content=\"index, follow, max-snippet:-1, max-image-preview:large, max-video-preview:-1\" \/>\n<link rel=\"canonical\" href=\"https:\/\/glowery.me\/de\/produkt\/woody-armband-thermo-birke\/\" \/>\n<meta property=\"og:locale\" content=\"de_DE\" \/>\n<meta property=\"og:type\" content=\"article\" \/>\n<meta property=\"og:title\" content=\"Woody Armband - Thermo-Birke - Glowery\" \/>\n<meta property=\"og:description\" content=\"Die Kombination von Formen, neuen Technologien und unkonventionellen Materialien verleiht dem Schmuck von Lentsius einen hohen visuellen Stil und Individualit\u00e4t. Das Upcycling von industriellen \u00dcberbleibseln schafft ein perfektes Gleichgewicht f\u00fcr Menschen, die die Natur und den funktionalen skandinavischen Stil sch\u00e4tzen. Lentsius ist eine nachhaltige Schmuckmarke, die von der Designerin Kairi Lentsius und ihrem Vater Mart, einem Handwerker, gegr\u00fcndet wurde. Die Marke konzentriert sich auf das Upcycling von industriellen Metall- und Holzabf\u00e4llen und kreiert zeitlose St\u00fccke aus einem einzigen Material. Kairi ist Absolventin der Pallas University und der Swedish School of Textiles und arbeitet auch als Modedozentin. Ihre Arbeiten wurden bei verschiedenen Designwettbewerben ausgezeichnet und auf gro\u00dfen Modewochen pr\u00e4sentiert. Alle Lentsius-Schmuckst\u00fccke werden in Tartu, Estland, handgefertigt.   Material: w\u00e4rmebehandeltes BirkenfurnierUmfang: S ~19.5 cm, M ~19.9 cm, L ~20.5 cmBreite: 3,8 cmGewicht: 7 - 9 gVerpackung: Papier-Geschenkbox\" \/>\n<meta property=\"og:url\" content=\"https:\/\/glowery.me\/de\/produkt\/woody-armband-thermo-birke\/\" \/>\n<meta property=\"og:site_name\" content=\"Glowery\" \/>\n<meta property=\"article:publisher\" content=\"https:\/\/www.facebook.com\/profile.php?id=61575866108739\" \/>\n<meta property=\"og:image\" content=\"https:\/\/glowery.me\/wp-content\/uploads\/2025\/04\/Faili-Woody-bracelet_thermo-birch_.jpg-koopia.jpg\" \/>\n\t<meta property=\"og:image:width\" content=\"2000\" \/>\n\t<meta property=\"og:image:height\" content=\"2000\" \/>\n\t<meta property=\"og:image:type\" content=\"image\/jpeg\" \/>\n<meta name=\"twitter:card\" content=\"summary_large_image\" \/>\n<meta name=\"twitter:label1\" content=\"Gesch\u00e4tzte Lesezeit\" \/>\n\t<meta name=\"twitter:data1\" content=\"1\u00a0Minute\" \/>\n<script type=\"application\/ld+json\" class=\"yoast-schema-graph\">{\"@context\":\"https:\/\/schema.org\",\"@graph\":[{\"@type\":\"WebPage\",\"@id\":\"https:\/\/glowery.me\/de\/produkt\/woody-armband-thermo-birke\/\",\"url\":\"https:\/\/glowery.me\/de\/produkt\/woody-armband-thermo-birke\/\",\"name\":\"Woody Armband - Thermo-Birke - Glowery\",\"isPartOf\":{\"@id\":\"https:\/\/glowery.me\/#website\"},\"primaryImageOfPage\":{\"@id\":\"https:\/\/glowery.me\/de\/produkt\/woody-armband-thermo-birke\/#primaryimage\"},\"image\":{\"@id\":\"https:\/\/glowery.me\/de\/produkt\/woody-armband-thermo-birke\/#primaryimage\"},\"thumbnailUrl\":\"https:\/\/glowery.me\/wp-content\/uploads\/2025\/04\/Faili-Woody-bracelet_thermo-birch_.jpg-koopia.jpg\",\"datePublished\":\"2025-04-26T19:36:00+00:00\",\"breadcrumb\":{\"@id\":\"https:\/\/glowery.me\/de\/produkt\/woody-armband-thermo-birke\/#breadcrumb\"},\"inLanguage\":\"de\",\"potentialAction\":[{\"@type\":\"ReadAction\",\"target\":[\"https:\/\/glowery.me\/de\/produkt\/woody-armband-thermo-birke\/\"]}]},{\"@type\":\"ImageObject\",\"inLanguage\":\"de\",\"@id\":\"https:\/\/glowery.me\/de\/produkt\/woody-armband-thermo-birke\/#primaryimage\",\"url\":\"https:\/\/glowery.me\/wp-content\/uploads\/2025\/04\/Faili-Woody-bracelet_thermo-birch_.jpg-koopia.jpg\",\"contentUrl\":\"https:\/\/glowery.me\/wp-content\/uploads\/2025\/04\/Faili-Woody-bracelet_thermo-birch_.jpg-koopia.jpg\",\"width\":2000,\"height\":2000},{\"@type\":\"BreadcrumbList\",\"@id\":\"https:\/\/glowery.me\/de\/produkt\/woody-armband-thermo-birke\/#breadcrumb\",\"itemListElement\":[{\"@type\":\"ListItem\",\"position\":1,\"name\":\"Home\",\"item\":\"https:\/\/glowery.me\/de\/startseite\/\"},{\"@type\":\"ListItem\",\"position\":2,\"name\":\"Shop\",\"item\":\"https:\/\/glowery.me\/de\/shop\/\"},{\"@type\":\"ListItem\",\"position\":3,\"name\":\"Woody Armband &#8211; Thermo-Birke\"}]},{\"@type\":\"WebSite\",\"@id\":\"https:\/\/glowery.me\/#website\",\"url\":\"https:\/\/glowery.me\/\",\"name\":\"Glowery\",\"description\":\"Stilvolle Essentials \u2013 von zeitlosem Schmuck \u00fcber elegante Taschen und Schuhe bis hin zu ausgew\u00e4hlten Kleidern und nat\u00fcrlicher Kosmetik.\",\"publisher\":{\"@id\":\"https:\/\/glowery.me\/#organization\"},\"potentialAction\":[{\"@type\":\"SearchAction\",\"target\":{\"@type\":\"EntryPoint\",\"urlTemplate\":\"https:\/\/glowery.me\/?s={search_term_string}\"},\"query-input\":{\"@type\":\"PropertyValueSpecification\",\"valueRequired\":true,\"valueName\":\"search_term_string\"}}],\"inLanguage\":\"de\"},{\"@type\":\"Organization\",\"@id\":\"https:\/\/glowery.me\/#organization\",\"name\":\"Glowery\",\"url\":\"https:\/\/glowery.me\/\",\"logo\":{\"@type\":\"ImageObject\",\"inLanguage\":\"de\",\"@id\":\"https:\/\/glowery.me\/#\/schema\/logo\/image\/\",\"url\":\"https:\/\/glowery.me\/wp-content\/uploads\/2025\/05\/Glowery-e1746421067847.png\",\"contentUrl\":\"https:\/\/glowery.me\/wp-content\/uploads\/2025\/05\/Glowery-e1746421067847.png\",\"width\":494,\"height\":146,\"caption\":\"Glowery\"},\"image\":{\"@id\":\"https:\/\/glowery.me\/#\/schema\/logo\/image\/\"},\"sameAs\":[\"https:\/\/www.facebook.com\/profile.php?id=61575866108739\",\"https:\/\/www.instagram.com\/glowery.me\",\"https:\/\/www.tiktok.com\/@glowery.me?_t=ZN-8wLhgUVkGCk&_r=1\"]}]}<\/script>\n<!-- \/ Yoast SEO plugin. -->","yoast_head_json":{"title":"Woody Armband - Thermo-Birke - Glowery","robots":{"index":"index","follow":"follow","max-snippet":"max-snippet:-1","max-image-preview":"max-image-preview:large","max-video-preview":"max-video-preview:-1"},"canonical":"https:\/\/glowery.me\/de\/produkt\/woody-armband-thermo-birke\/","og_locale":"de_DE","og_type":"article","og_title":"Woody Armband - Thermo-Birke - Glowery","og_description":"Die Kombination von Formen, neuen Technologien und unkonventionellen Materialien verleiht dem Schmuck von Lentsius einen hohen visuellen Stil und Individualit\u00e4t. Das Upcycling von industriellen \u00dcberbleibseln schafft ein perfektes Gleichgewicht f\u00fcr Menschen, die die Natur und den funktionalen skandinavischen Stil sch\u00e4tzen. Lentsius ist eine nachhaltige Schmuckmarke, die von der Designerin Kairi Lentsius und ihrem Vater Mart, einem Handwerker, gegr\u00fcndet wurde. Die Marke konzentriert sich auf das Upcycling von industriellen Metall- und Holzabf\u00e4llen und kreiert zeitlose St\u00fccke aus einem einzigen Material. Kairi ist Absolventin der Pallas University und der Swedish School of Textiles und arbeitet auch als Modedozentin. Ihre Arbeiten wurden bei verschiedenen Designwettbewerben ausgezeichnet und auf gro\u00dfen Modewochen pr\u00e4sentiert. Alle Lentsius-Schmuckst\u00fccke werden in Tartu, Estland, handgefertigt.   Material: w\u00e4rmebehandeltes BirkenfurnierUmfang: S ~19.5 cm, M ~19.9 cm, L ~20.5 cmBreite: 3,8 cmGewicht: 7 - 9 gVerpackung: Papier-Geschenkbox","og_url":"https:\/\/glowery.me\/de\/produkt\/woody-armband-thermo-birke\/","og_site_name":"Glowery","article_publisher":"https:\/\/www.facebook.com\/profile.php?id=61575866108739","og_image":[{"width":2000,"height":2000,"url":"https:\/\/glowery.me\/wp-content\/uploads\/2025\/04\/Faili-Woody-bracelet_thermo-birch_.jpg-koopia.jpg","type":"image\/jpeg"}],"twitter_card":"summary_large_image","twitter_misc":{"Gesch\u00e4tzte Lesezeit":"1\u00a0Minute"},"schema":{"@context":"https:\/\/schema.org","@graph":[{"@type":"WebPage","@id":"https:\/\/glowery.me\/de\/produkt\/woody-armband-thermo-birke\/","url":"https:\/\/glowery.me\/de\/produkt\/woody-armband-thermo-birke\/","name":"Woody Armband - Thermo-Birke - Glowery","isPartOf":{"@id":"https:\/\/glowery.me\/#website"},"primaryImageOfPage":{"@id":"https:\/\/glowery.me\/de\/produkt\/woody-armband-thermo-birke\/#primaryimage"},"image":{"@id":"https:\/\/glowery.me\/de\/produkt\/woody-armband-thermo-birke\/#primaryimage"},"thumbnailUrl":"https:\/\/glowery.me\/wp-content\/uploads\/2025\/04\/Faili-Woody-bracelet_thermo-birch_.jpg-koopia.jpg","datePublished":"2025-04-26T19:36:00+00:00","breadcrumb":{"@id":"https:\/\/glowery.me\/de\/produkt\/woody-armband-thermo-birke\/#breadcrumb"},"inLanguage":"de","potentialAction":[{"@type":"ReadAction","target":["https:\/\/glowery.me\/de\/produkt\/woody-armband-thermo-birke\/"]}]},{"@type":"ImageObject","inLanguage":"de","@id":"https:\/\/glowery.me\/de\/produkt\/woody-armband-thermo-birke\/#primaryimage","url":"https:\/\/glowery.me\/wp-content\/uploads\/2025\/04\/Faili-Woody-bracelet_thermo-birch_.jpg-koopia.jpg","contentUrl":"https:\/\/glowery.me\/wp-content\/uploads\/2025\/04\/Faili-Woody-bracelet_thermo-birch_.jpg-koopia.jpg","width":2000,"height":2000},{"@type":"BreadcrumbList","@id":"https:\/\/glowery.me\/de\/produkt\/woody-armband-thermo-birke\/#breadcrumb","itemListElement":[{"@type":"ListItem","position":1,"name":"Home","item":"https:\/\/glowery.me\/de\/startseite\/"},{"@type":"ListItem","position":2,"name":"Shop","item":"https:\/\/glowery.me\/de\/shop\/"},{"@type":"ListItem","position":3,"name":"Woody Armband &#8211; Thermo-Birke"}]},{"@type":"WebSite","@id":"https:\/\/glowery.me\/#website","url":"https:\/\/glowery.me\/","name":"Glowery","description":"Stilvolle Essentials \u2013 von zeitlosem Schmuck \u00fcber elegante Taschen und Schuhe bis hin zu ausgew\u00e4hlten Kleidern und nat\u00fcrlicher Kosmetik.","publisher":{"@id":"https:\/\/glowery.me\/#organization"},"potentialAction":[{"@type":"SearchAction","target":{"@type":"EntryPoint","urlTemplate":"https:\/\/glowery.me\/?s={search_term_string}"},"query-input":{"@type":"PropertyValueSpecification","valueRequired":true,"valueName":"search_term_string"}}],"inLanguage":"de"},{"@type":"Organization","@id":"https:\/\/glowery.me\/#organization","name":"Glowery","url":"https:\/\/glowery.me\/","logo":{"@type":"ImageObject","inLanguage":"de","@id":"https:\/\/glowery.me\/#\/schema\/logo\/image\/","url":"https:\/\/glowery.me\/wp-content\/uploads\/2025\/05\/Glowery-e1746421067847.png","contentUrl":"https:\/\/glowery.me\/wp-content\/uploads\/2025\/05\/Glowery-e1746421067847.png","width":494,"height":146,"caption":"Glowery"},"image":{"@id":"https:\/\/glowery.me\/#\/schema\/logo\/image\/"},"sameAs":["https:\/\/www.facebook.com\/profile.php?id=61575866108739","https:\/\/www.instagram.com\/glowery.me","https:\/\/www.tiktok.com\/@glowery.me?_t=ZN-8wLhgUVkGCk&_r=1"]}]}},"jetpack_sharing_enabled":true,"_links":{"self":[{"href":"https:\/\/glowery.me\/de\/wp-json\/wp\/v2\/product\/26516","targetHints":{"allow":["GET"]}}],"collection":[{"href":"https:\/\/glowery.me\/de\/wp-json\/wp\/v2\/product"}],"about":[{"href":"https:\/\/glowery.me\/de\/wp-json\/wp\/v2\/types\/product"}],"replies":[{"embeddable":true,"href":"https:\/\/glowery.me\/de\/wp-json\/wp\/v2\/comments?post=26516"}],"wp:featuredmedia":[{"embeddable":true,"href":"https:\/\/glowery.me\/de\/wp-json\/wp\/v2\/media\/13147"}],"wp:attachment":[{"href":"https:\/\/glowery.me\/de\/wp-json\/wp\/v2\/media?parent=26516"}],"wp:term":[{"taxonomy":"product_brand","embeddable":true,"href":"https:\/\/glowery.me\/de\/wp-json\/wp\/v2\/product_brand?post=26516"},{"taxonomy":"product_cat","embeddable":true,"href":"https:\/\/glowery.me\/de\/wp-json\/wp\/v2\/product_cat?post=26516"},{"taxonomy":"product_tag","embeddable":true,"href":"https:\/\/glowery.me\/de\/wp-json\/wp\/v2\/product_tag?post=26516"}],"curies":[{"name":"wp","href":"https:\/\/api.w.org\/{rel}","templated":true}]}}