{"id":26519,"date":"2025-04-26T19:36:00","date_gmt":"2025-04-26T19:36:00","guid":{"rendered":"https:\/\/glowery.me\/produkt\/metropolitanische-halskette\/"},"modified":"2025-04-26T19:36:00","modified_gmt":"2025-04-26T19:36:00","slug":"metropolitanische-halskette","status":"publish","type":"product","link":"https:\/\/glowery.me\/de\/produkt\/metropolitanische-halskette\/","title":{"rendered":"Metropolitanische Halskette"},"content":{"rendered":"<p>Die <strong>Metropolitan-Halskette<\/strong> ist von der Atmosph\u00e4re der Stadt inspiriert. Die Schmuckst\u00fccke der Metropolitan-Kollektion haben reine, aber reiche Formen, dezente Texturen und klare Akzente, die ein begehrenswertes und luxuri\u00f6ses, aber dennoch l\u00e4ssiges Gef\u00fchl vermitteln. <\/p>\n<p><strong>MyaMoon ist eine Schmuckmarke, die in Estland<\/strong> von einer Mutter und ihrer Tochter <strong>gegr\u00fcndet wurde<\/strong>. Ihr Schmuck ist<strong>schlicht und zeitlos<\/strong> und erg\u00e4nzt die Tr\u00e4gerin, anstatt mit ihrem Stil zu konkurrieren. Die St\u00fccke werden aus Sterlingsilber und sorgf\u00e4ltig ausgew\u00e4hlten Edelsteinen gefertigt.  <\/p>\n<ul>\n<li>\n<p>Material: 925 Silber, rhodiniert<\/p>\n<\/li>\n<li>\n<p>L\u00e4nge der Kette: 45 cm<\/p>\n<\/li>\n<li>\n<p>Entworfen in Estland<\/p>\n<\/li>\n<\/ul>\n<p>Silber oxidiert leicht und wird stumpf und dunkel. Wenn Sie Ihren Schmuck jedoch gut pflegen, bleibt er jahrelang sch\u00f6n und frisch. Um Silberschmuck zu verwenden und zu pflegen, bewahren Sie ihn an einem trockenen, k\u00fchlen Ort auf, wenn Sie ihn nicht tragen, und vermeiden Sie den Kontakt mit scharfen Chemikalien wie Haushaltsreinigern, Bleichmitteln und Kosmetika. Legen Sie den Schmuck ab, bevor Sie Sport treiben oder Aktivit\u00e4ten nachgehen, die zu Schwei\u00dfbildung oder Besch\u00e4digungen f\u00fchren k\u00f6nnen. Verwenden Sie zur Reinigung des Schmucks ein weiches, trockenes Tuch, um Schmutz und Dreck von der Oberfl\u00e4che zu entfernen.    <\/p>\n<p>\/\/<\/p>\n<p>EST:<\/p>\n<p>Suurlinlikust meeleolust inspireeritud Metropolitani kollektsiooni ehted on saanud lihtsa, kuid rikkaliku vormi. Harjatud pinna tekstuur ja puhtad aktsendid loovad ihaldusv\u00e4\u00e4rse ja luksusliku ehte, mis sobib h\u00e4sti nii argip\u00e4eva kui erilisse hetke. <\/p>\n<p>1,5mm topeltkee pikkus on 45cm ja seda t\u00e4iendab 10cm pikkune logoga ripats.<br \/>Kaelakee on valmistatud 925 h\u00f5bedast ja kaetud roodiumikihiga.<\/p>\n","protected":false},"excerpt":{"rendered":"<p>Die <strong>Metropolitan-Halskette<\/strong> ist von der Atmosph\u00e4re der Stadt inspiriert. Die Schmuckst\u00fccke der Metropolitan-Kollektion haben reine, aber reiche Formen, dezente Texturen und klare Akzente, die ein begehrenswertes und luxuri\u00f6ses, aber dennoch l\u00e4ssiges Gef\u00fchl vermitteln. <\/p>\n<p><strong>MyaMoon ist eine Schmuckmarke, die in Estland<\/strong> von einer Mutter und ihrer Tochter <strong>gegr\u00fcndet wurde<\/strong>. Ihr Schmuck ist<strong>schlicht und zeitlos<\/strong> und erg\u00e4nzt die Tr\u00e4gerin, anstatt mit ihrem Stil zu konkurrieren. Die St\u00fccke werden aus Sterlingsilber und sorgf\u00e4ltig ausgew\u00e4hlten Edelsteinen gefertigt.  <\/p>\n<ul>\n<li>\n<p>Material: 925 Silber, rhodiniert<\/p>\n<\/li>\n<li>\n<p>L\u00e4nge der Kette: 45 cm<\/p>\n<\/li>\n<li>\n<p>Entworfen in Estland<\/p>\n<\/li>\n<\/ul>\n<p>Silber oxidiert leicht und wird stumpf und dunkel. Wenn Sie Ihren Schmuck jedoch gut pflegen, bleibt er jahrelang sch\u00f6n und frisch. Um Silberschmuck zu verwenden und zu pflegen, bewahren Sie ihn an einem trockenen, k\u00fchlen Ort auf, wenn Sie ihn nicht tragen, und vermeiden Sie den Kontakt mit scharfen Chemikalien wie Haushaltsreinigern, Bleichmitteln und Kosmetika. Legen Sie den Schmuck ab, bevor Sie Sport treiben oder Aktivit\u00e4ten nachgehen, die zu Schwei\u00dfbildung oder Besch\u00e4digungen f\u00fchren k\u00f6nnen. Verwenden Sie zur Reinigung des Schmucks ein weiches, trockenes Tuch, um Schmutz und Dreck von der Oberfl\u00e4che zu entfernen.    <\/p>\n<p>\/\/<\/p>\n<p>EST:<\/p>\n<p>Suurlinlikust meeleolust inspireeritud Metropolitani kollektsiooni ehted on saanud lihtsa, kuid rikkaliku vormi. Harjatud pinna tekstuur ja puhtad aktsendid loovad ihaldusv\u00e4\u00e4rse ja luksusliku ehte, mis sobib h\u00e4sti nii argip\u00e4eva kui erilisse hetke. <\/p>\n<p>1,5mm topeltkee pikkus on 45cm ja seda t\u00e4iendab 10cm pikkune logoga ripats.<br \/>Kaelakee on valmistatud 925 h\u00f5bedast ja kaetud roodiumikihiga.<\/p>\n","protected":false},"featured_media":12277,"comment_status":"open","ping_status":"closed","template":"","meta":[],"product_brand":[],"product_cat":[127,126],"product_tag":[],"class_list":{"0":"post-26519","1":"product","2":"type-product","3":"status-publish","4":"has-post-thumbnail","6":"product_cat-halsketten-de","7":"product_cat-schmuck","9":"first","10":"outofstock","11":"shipping-taxable","12":"purchasable","13":"product-type-simple"},"yoast_head":"<!-- This site is optimized with the Yoast SEO plugin v25.3 - https:\/\/yoast.com\/wordpress\/plugins\/seo\/ -->\n<title>Metropolitanische Halskette - Glowery<\/title>\n<meta name=\"robots\" content=\"index, follow, max-snippet:-1, max-image-preview:large, max-video-preview:-1\" \/>\n<link rel=\"canonical\" href=\"https:\/\/glowery.me\/de\/produkt\/metropolitanische-halskette\/\" \/>\n<meta property=\"og:locale\" content=\"de_DE\" \/>\n<meta property=\"og:type\" content=\"article\" \/>\n<meta property=\"og:title\" content=\"Metropolitanische Halskette - Glowery\" \/>\n<meta property=\"og:description\" content=\"Die Metropolitan-Halskette ist von der Atmosph\u00e4re der Stadt inspiriert. Die Schmuckst\u00fccke der Metropolitan-Kollektion haben reine, aber reiche Formen, dezente Texturen und klare Akzente, die ein begehrenswertes und luxuri\u00f6ses, aber dennoch l\u00e4ssiges Gef\u00fchl vermitteln. MyaMoon ist eine Schmuckmarke, die in Estland von einer Mutter und ihrer Tochter gegr\u00fcndet wurde. Ihr Schmuck istschlicht und zeitlos und erg\u00e4nzt die Tr\u00e4gerin, anstatt mit ihrem Stil zu konkurrieren. Die St\u00fccke werden aus Sterlingsilber und sorgf\u00e4ltig ausgew\u00e4hlten Edelsteinen gefertigt. Material: 925 Silber, rhodiniertL\u00e4nge der Kette: 45 cmEntworfen in EstlandSilber oxidiert leicht und wird stumpf und dunkel. Wenn Sie Ihren Schmuck jedoch gut pflegen, bleibt er jahrelang sch\u00f6n und frisch. Um Silberschmuck zu verwenden und zu pflegen, bewahren Sie ihn an einem trockenen, k\u00fchlen Ort auf, wenn Sie ihn nicht tragen, und vermeiden Sie den Kontakt mit scharfen Chemikalien wie Haushaltsreinigern, Bleichmitteln und Kosmetika. Legen Sie den Schmuck ab, bevor Sie Sport treiben oder Aktivit\u00e4ten nachgehen, die zu Schwei\u00dfbildung oder Besch\u00e4digungen f\u00fchren k\u00f6nnen. Verwenden Sie zur Reinigung des Schmucks ein weiches, trockenes Tuch, um Schmutz und Dreck von der Oberfl\u00e4che zu entfernen.  \/\/EST:Suurlinlikust meeleolust inspireeritud Metropolitani kollektsiooni ehted on saanud lihtsa, kuid rikkaliku vormi. Harjatud pinna tekstuur ja puhtad aktsendid loovad ihaldusv\u00e4\u00e4rse ja luksusliku ehte, mis sobib h\u00e4sti nii argip\u00e4eva kui erilisse hetke. 1,5mm topeltkee pikkus on 45cm ja seda t\u00e4iendab 10cm pikkune logoga ripats.Kaelakee on valmistatud 925 h\u00f5bedast ja kaetud roodiumikihiga.\" \/>\n<meta property=\"og:url\" content=\"https:\/\/glowery.me\/de\/produkt\/metropolitanische-halskette\/\" \/>\n<meta property=\"og:site_name\" content=\"Glowery\" \/>\n<meta property=\"article:publisher\" content=\"https:\/\/www.facebook.com\/profile.php?id=61575866108739\" \/>\n<meta property=\"og:image\" content=\"https:\/\/glowery.me\/wp-content\/uploads\/2025\/04\/81qcy8iE.jpeg\" \/>\n\t<meta property=\"og:image:width\" content=\"1968\" \/>\n\t<meta property=\"og:image:height\" content=\"1968\" \/>\n\t<meta property=\"og:image:type\" content=\"image\/jpeg\" \/>\n<meta name=\"twitter:card\" content=\"summary_large_image\" \/>\n<meta name=\"twitter:label1\" content=\"Gesch\u00e4tzte Lesezeit\" \/>\n\t<meta name=\"twitter:data1\" content=\"1\u00a0Minute\" \/>\n<script type=\"application\/ld+json\" class=\"yoast-schema-graph\">{\"@context\":\"https:\/\/schema.org\",\"@graph\":[{\"@type\":\"WebPage\",\"@id\":\"https:\/\/glowery.me\/de\/produkt\/metropolitanische-halskette\/\",\"url\":\"https:\/\/glowery.me\/de\/produkt\/metropolitanische-halskette\/\",\"name\":\"Metropolitanische Halskette - Glowery\",\"isPartOf\":{\"@id\":\"https:\/\/glowery.me\/#website\"},\"primaryImageOfPage\":{\"@id\":\"https:\/\/glowery.me\/de\/produkt\/metropolitanische-halskette\/#primaryimage\"},\"image\":{\"@id\":\"https:\/\/glowery.me\/de\/produkt\/metropolitanische-halskette\/#primaryimage\"},\"thumbnailUrl\":\"https:\/\/glowery.me\/wp-content\/uploads\/2025\/04\/81qcy8iE.jpeg\",\"datePublished\":\"2025-04-26T19:36:00+00:00\",\"breadcrumb\":{\"@id\":\"https:\/\/glowery.me\/de\/produkt\/metropolitanische-halskette\/#breadcrumb\"},\"inLanguage\":\"de\",\"potentialAction\":[{\"@type\":\"ReadAction\",\"target\":[\"https:\/\/glowery.me\/de\/produkt\/metropolitanische-halskette\/\"]}]},{\"@type\":\"ImageObject\",\"inLanguage\":\"de\",\"@id\":\"https:\/\/glowery.me\/de\/produkt\/metropolitanische-halskette\/#primaryimage\",\"url\":\"https:\/\/glowery.me\/wp-content\/uploads\/2025\/04\/81qcy8iE.jpeg\",\"contentUrl\":\"https:\/\/glowery.me\/wp-content\/uploads\/2025\/04\/81qcy8iE.jpeg\",\"width\":1968,\"height\":1968},{\"@type\":\"BreadcrumbList\",\"@id\":\"https:\/\/glowery.me\/de\/produkt\/metropolitanische-halskette\/#breadcrumb\",\"itemListElement\":[{\"@type\":\"ListItem\",\"position\":1,\"name\":\"Home\",\"item\":\"https:\/\/glowery.me\/de\/startseite\/\"},{\"@type\":\"ListItem\",\"position\":2,\"name\":\"Shop\",\"item\":\"https:\/\/glowery.me\/de\/shop\/\"},{\"@type\":\"ListItem\",\"position\":3,\"name\":\"Metropolitanische Halskette\"}]},{\"@type\":\"WebSite\",\"@id\":\"https:\/\/glowery.me\/#website\",\"url\":\"https:\/\/glowery.me\/\",\"name\":\"Glowery\",\"description\":\"Stilvolle Essentials \u2013 von zeitlosem Schmuck \u00fcber elegante Taschen und Schuhe bis hin zu ausgew\u00e4hlten Kleidern und nat\u00fcrlicher Kosmetik.\",\"publisher\":{\"@id\":\"https:\/\/glowery.me\/#organization\"},\"potentialAction\":[{\"@type\":\"SearchAction\",\"target\":{\"@type\":\"EntryPoint\",\"urlTemplate\":\"https:\/\/glowery.me\/?s={search_term_string}\"},\"query-input\":{\"@type\":\"PropertyValueSpecification\",\"valueRequired\":true,\"valueName\":\"search_term_string\"}}],\"inLanguage\":\"de\"},{\"@type\":\"Organization\",\"@id\":\"https:\/\/glowery.me\/#organization\",\"name\":\"Glowery\",\"url\":\"https:\/\/glowery.me\/\",\"logo\":{\"@type\":\"ImageObject\",\"inLanguage\":\"de\",\"@id\":\"https:\/\/glowery.me\/#\/schema\/logo\/image\/\",\"url\":\"https:\/\/glowery.me\/wp-content\/uploads\/2025\/05\/Glowery-e1746421067847.png\",\"contentUrl\":\"https:\/\/glowery.me\/wp-content\/uploads\/2025\/05\/Glowery-e1746421067847.png\",\"width\":494,\"height\":146,\"caption\":\"Glowery\"},\"image\":{\"@id\":\"https:\/\/glowery.me\/#\/schema\/logo\/image\/\"},\"sameAs\":[\"https:\/\/www.facebook.com\/profile.php?id=61575866108739\",\"https:\/\/www.instagram.com\/glowery.me\",\"https:\/\/www.tiktok.com\/@glowery.me?_t=ZN-8wLhgUVkGCk&_r=1\"]}]}<\/script>\n<!-- \/ Yoast SEO plugin. -->","yoast_head_json":{"title":"Metropolitanische Halskette - Glowery","robots":{"index":"index","follow":"follow","max-snippet":"max-snippet:-1","max-image-preview":"max-image-preview:large","max-video-preview":"max-video-preview:-1"},"canonical":"https:\/\/glowery.me\/de\/produkt\/metropolitanische-halskette\/","og_locale":"de_DE","og_type":"article","og_title":"Metropolitanische Halskette - Glowery","og_description":"Die Metropolitan-Halskette ist von der Atmosph\u00e4re der Stadt inspiriert. Die Schmuckst\u00fccke der Metropolitan-Kollektion haben reine, aber reiche Formen, dezente Texturen und klare Akzente, die ein begehrenswertes und luxuri\u00f6ses, aber dennoch l\u00e4ssiges Gef\u00fchl vermitteln. MyaMoon ist eine Schmuckmarke, die in Estland von einer Mutter und ihrer Tochter gegr\u00fcndet wurde. Ihr Schmuck istschlicht und zeitlos und erg\u00e4nzt die Tr\u00e4gerin, anstatt mit ihrem Stil zu konkurrieren. Die St\u00fccke werden aus Sterlingsilber und sorgf\u00e4ltig ausgew\u00e4hlten Edelsteinen gefertigt. Material: 925 Silber, rhodiniertL\u00e4nge der Kette: 45 cmEntworfen in EstlandSilber oxidiert leicht und wird stumpf und dunkel. Wenn Sie Ihren Schmuck jedoch gut pflegen, bleibt er jahrelang sch\u00f6n und frisch. Um Silberschmuck zu verwenden und zu pflegen, bewahren Sie ihn an einem trockenen, k\u00fchlen Ort auf, wenn Sie ihn nicht tragen, und vermeiden Sie den Kontakt mit scharfen Chemikalien wie Haushaltsreinigern, Bleichmitteln und Kosmetika. Legen Sie den Schmuck ab, bevor Sie Sport treiben oder Aktivit\u00e4ten nachgehen, die zu Schwei\u00dfbildung oder Besch\u00e4digungen f\u00fchren k\u00f6nnen. Verwenden Sie zur Reinigung des Schmucks ein weiches, trockenes Tuch, um Schmutz und Dreck von der Oberfl\u00e4che zu entfernen.  \/\/EST:Suurlinlikust meeleolust inspireeritud Metropolitani kollektsiooni ehted on saanud lihtsa, kuid rikkaliku vormi. Harjatud pinna tekstuur ja puhtad aktsendid loovad ihaldusv\u00e4\u00e4rse ja luksusliku ehte, mis sobib h\u00e4sti nii argip\u00e4eva kui erilisse hetke. 1,5mm topeltkee pikkus on 45cm ja seda t\u00e4iendab 10cm pikkune logoga ripats.Kaelakee on valmistatud 925 h\u00f5bedast ja kaetud roodiumikihiga.","og_url":"https:\/\/glowery.me\/de\/produkt\/metropolitanische-halskette\/","og_site_name":"Glowery","article_publisher":"https:\/\/www.facebook.com\/profile.php?id=61575866108739","og_image":[{"width":1968,"height":1968,"url":"https:\/\/glowery.me\/wp-content\/uploads\/2025\/04\/81qcy8iE.jpeg","type":"image\/jpeg"}],"twitter_card":"summary_large_image","twitter_misc":{"Gesch\u00e4tzte Lesezeit":"1\u00a0Minute"},"schema":{"@context":"https:\/\/schema.org","@graph":[{"@type":"WebPage","@id":"https:\/\/glowery.me\/de\/produkt\/metropolitanische-halskette\/","url":"https:\/\/glowery.me\/de\/produkt\/metropolitanische-halskette\/","name":"Metropolitanische Halskette - Glowery","isPartOf":{"@id":"https:\/\/glowery.me\/#website"},"primaryImageOfPage":{"@id":"https:\/\/glowery.me\/de\/produkt\/metropolitanische-halskette\/#primaryimage"},"image":{"@id":"https:\/\/glowery.me\/de\/produkt\/metropolitanische-halskette\/#primaryimage"},"thumbnailUrl":"https:\/\/glowery.me\/wp-content\/uploads\/2025\/04\/81qcy8iE.jpeg","datePublished":"2025-04-26T19:36:00+00:00","breadcrumb":{"@id":"https:\/\/glowery.me\/de\/produkt\/metropolitanische-halskette\/#breadcrumb"},"inLanguage":"de","potentialAction":[{"@type":"ReadAction","target":["https:\/\/glowery.me\/de\/produkt\/metropolitanische-halskette\/"]}]},{"@type":"ImageObject","inLanguage":"de","@id":"https:\/\/glowery.me\/de\/produkt\/metropolitanische-halskette\/#primaryimage","url":"https:\/\/glowery.me\/wp-content\/uploads\/2025\/04\/81qcy8iE.jpeg","contentUrl":"https:\/\/glowery.me\/wp-content\/uploads\/2025\/04\/81qcy8iE.jpeg","width":1968,"height":1968},{"@type":"BreadcrumbList","@id":"https:\/\/glowery.me\/de\/produkt\/metropolitanische-halskette\/#breadcrumb","itemListElement":[{"@type":"ListItem","position":1,"name":"Home","item":"https:\/\/glowery.me\/de\/startseite\/"},{"@type":"ListItem","position":2,"name":"Shop","item":"https:\/\/glowery.me\/de\/shop\/"},{"@type":"ListItem","position":3,"name":"Metropolitanische Halskette"}]},{"@type":"WebSite","@id":"https:\/\/glowery.me\/#website","url":"https:\/\/glowery.me\/","name":"Glowery","description":"Stilvolle Essentials \u2013 von zeitlosem Schmuck \u00fcber elegante Taschen und Schuhe bis hin zu ausgew\u00e4hlten Kleidern und nat\u00fcrlicher Kosmetik.","publisher":{"@id":"https:\/\/glowery.me\/#organization"},"potentialAction":[{"@type":"SearchAction","target":{"@type":"EntryPoint","urlTemplate":"https:\/\/glowery.me\/?s={search_term_string}"},"query-input":{"@type":"PropertyValueSpecification","valueRequired":true,"valueName":"search_term_string"}}],"inLanguage":"de"},{"@type":"Organization","@id":"https:\/\/glowery.me\/#organization","name":"Glowery","url":"https:\/\/glowery.me\/","logo":{"@type":"ImageObject","inLanguage":"de","@id":"https:\/\/glowery.me\/#\/schema\/logo\/image\/","url":"https:\/\/glowery.me\/wp-content\/uploads\/2025\/05\/Glowery-e1746421067847.png","contentUrl":"https:\/\/glowery.me\/wp-content\/uploads\/2025\/05\/Glowery-e1746421067847.png","width":494,"height":146,"caption":"Glowery"},"image":{"@id":"https:\/\/glowery.me\/#\/schema\/logo\/image\/"},"sameAs":["https:\/\/www.facebook.com\/profile.php?id=61575866108739","https:\/\/www.instagram.com\/glowery.me","https:\/\/www.tiktok.com\/@glowery.me?_t=ZN-8wLhgUVkGCk&_r=1"]}]}},"jetpack_sharing_enabled":true,"_links":{"self":[{"href":"https:\/\/glowery.me\/de\/wp-json\/wp\/v2\/product\/26519","targetHints":{"allow":["GET"]}}],"collection":[{"href":"https:\/\/glowery.me\/de\/wp-json\/wp\/v2\/product"}],"about":[{"href":"https:\/\/glowery.me\/de\/wp-json\/wp\/v2\/types\/product"}],"replies":[{"embeddable":true,"href":"https:\/\/glowery.me\/de\/wp-json\/wp\/v2\/comments?post=26519"}],"wp:featuredmedia":[{"embeddable":true,"href":"https:\/\/glowery.me\/de\/wp-json\/wp\/v2\/media\/12277"}],"wp:attachment":[{"href":"https:\/\/glowery.me\/de\/wp-json\/wp\/v2\/media?parent=26519"}],"wp:term":[{"taxonomy":"product_brand","embeddable":true,"href":"https:\/\/glowery.me\/de\/wp-json\/wp\/v2\/product_brand?post=26519"},{"taxonomy":"product_cat","embeddable":true,"href":"https:\/\/glowery.me\/de\/wp-json\/wp\/v2\/product_cat?post=26519"},{"taxonomy":"product_tag","embeddable":true,"href":"https:\/\/glowery.me\/de\/wp-json\/wp\/v2\/product_tag?post=26519"}],"curies":[{"name":"wp","href":"https:\/\/api.w.org\/{rel}","templated":true}]}}