{"id":26606,"date":"2025-04-26T19:36:00","date_gmt":"2025-04-26T19:36:00","guid":{"rendered":"https:\/\/glowery.me\/produkt\/alas-upcycled-ohrringe\/"},"modified":"2025-04-26T19:36:00","modified_gmt":"2025-04-26T19:36:00","slug":"alas-upcycled-ohrringe","status":"publish","type":"product","link":"https:\/\/glowery.me\/de\/produkt\/alas-upcycled-ohrringe\/","title":{"rendered":"Alas Upcycled Ohrringe"},"content":{"rendered":"<p>Die Ohrringe von Alas, entworfen von der preisgekr\u00f6nten estnischen Designerin Kairi Lentsius, werden von ihrem Vater Mart in Tartu handgefertigt. Diese Ohrringe werden aus \u00fcbersch\u00fcssigem Edelstahl aus der Metallindustrie recycelt. Edelstahl ist ein hypoallergenes und pflegeleichtes Material, das sich f\u00fcr den t\u00e4glichen Gebrauch eignet.  <\/p>\n<p>Material: 1 mm starker Edelstahl<br \/>Verarbeitung: Polierte Oberfl\u00e4che, in der Mitte gebogen<br \/>Abmessungen: 17 x 7 mm<br \/>Gewicht: 1,4 g<br \/>Verpackung: Geschenkbox mit \u00d6ko-Samtfutter<\/p>\n","protected":false},"excerpt":{"rendered":"<p>Die von der preisgekr\u00f6nten estnischen Designerin Kairi Lentsius entworfenen Alas Ohrringe werden in Tartu von ihrem Vater Mart handgefertigt. Diese Ohrringe werden aus \u00fcbersch\u00fcssigem Edelstahl aus der Metallindustrie recycelt. Edelstahl ist ein hypoallergenes und pflegeleichtes Material, das sich f\u00fcr den t\u00e4glichen Gebrauch eignet.  <\/p>\n<p>Material: 1 mm starker Edelstahl<br \/>Verarbeitung: Polierte Oberfl\u00e4che, in der Mitte gebogen<br \/>Abmessungen: 17 x 7 mm<br \/>Gewicht: 1,4 g<br \/>Verpackung: Geschenkbox mit \u00d6ko-Samtfutter<\/p>\n","protected":false},"featured_media":12721,"comment_status":"open","ping_status":"closed","template":"","meta":[],"product_brand":[],"product_cat":[128,126],"product_tag":[],"class_list":{"0":"post-26606","1":"product","2":"type-product","3":"status-publish","4":"has-post-thumbnail","6":"product_cat-ohrringe","7":"product_cat-schmuck","9":"first","10":"instock","11":"shipping-taxable","12":"purchasable","13":"product-type-simple"},"yoast_head":"<!-- This site is optimized with the Yoast SEO plugin v25.3 - https:\/\/yoast.com\/wordpress\/plugins\/seo\/ -->\n<title>Alas Upcycled Ohrringe - Glowery<\/title>\n<meta name=\"robots\" content=\"index, follow, max-snippet:-1, max-image-preview:large, max-video-preview:-1\" \/>\n<link rel=\"canonical\" href=\"https:\/\/glowery.me\/de\/produkt\/alas-upcycled-ohrringe\/\" \/>\n<meta property=\"og:locale\" content=\"de_DE\" \/>\n<meta property=\"og:type\" content=\"article\" \/>\n<meta property=\"og:title\" content=\"Alas Upcycled Ohrringe - Glowery\" \/>\n<meta property=\"og:description\" content=\"Die von der preisgekr\u00f6nten estnischen Designerin Kairi Lentsius entworfenen Alas Ohrringe werden in Tartu von ihrem Vater Mart handgefertigt. Diese Ohrringe werden aus \u00fcbersch\u00fcssigem Edelstahl aus der Metallindustrie recycelt. Edelstahl ist ein hypoallergenes und pflegeleichtes Material, das sich f\u00fcr den t\u00e4glichen Gebrauch eignet.  Material: 1 mm starker EdelstahlVerarbeitung: Polierte Oberfl\u00e4che, in der Mitte gebogenAbmessungen: 17 x 7 mmGewicht: 1,4 gVerpackung: Geschenkbox mit \u00d6ko-Samtfutter\" \/>\n<meta property=\"og:url\" content=\"https:\/\/glowery.me\/de\/produkt\/alas-upcycled-ohrringe\/\" \/>\n<meta property=\"og:site_name\" content=\"Glowery\" \/>\n<meta property=\"article:publisher\" content=\"https:\/\/www.facebook.com\/profile.php?id=61575866108739\" \/>\n<meta property=\"og:image\" content=\"https:\/\/glowery.me\/wp-content\/uploads\/2025\/04\/Faili-Alas-earrings_3.jpg-koopia-scaled-1.jpg\" \/>\n\t<meta property=\"og:image:width\" content=\"1707\" \/>\n\t<meta property=\"og:image:height\" content=\"2560\" \/>\n\t<meta property=\"og:image:type\" content=\"image\/jpeg\" \/>\n<meta name=\"twitter:card\" content=\"summary_large_image\" \/>\n<script type=\"application\/ld+json\" class=\"yoast-schema-graph\">{\"@context\":\"https:\/\/schema.org\",\"@graph\":[{\"@type\":\"WebPage\",\"@id\":\"https:\/\/glowery.me\/de\/produkt\/alas-upcycled-ohrringe\/\",\"url\":\"https:\/\/glowery.me\/de\/produkt\/alas-upcycled-ohrringe\/\",\"name\":\"Alas Upcycled Ohrringe - Glowery\",\"isPartOf\":{\"@id\":\"https:\/\/glowery.me\/#website\"},\"primaryImageOfPage\":{\"@id\":\"https:\/\/glowery.me\/de\/produkt\/alas-upcycled-ohrringe\/#primaryimage\"},\"image\":{\"@id\":\"https:\/\/glowery.me\/de\/produkt\/alas-upcycled-ohrringe\/#primaryimage\"},\"thumbnailUrl\":\"https:\/\/glowery.me\/wp-content\/uploads\/2025\/04\/Faili-Alas-earrings_3.jpg-koopia-scaled-1.jpg\",\"datePublished\":\"2025-04-26T19:36:00+00:00\",\"breadcrumb\":{\"@id\":\"https:\/\/glowery.me\/de\/produkt\/alas-upcycled-ohrringe\/#breadcrumb\"},\"inLanguage\":\"de\",\"potentialAction\":[{\"@type\":\"ReadAction\",\"target\":[\"https:\/\/glowery.me\/de\/produkt\/alas-upcycled-ohrringe\/\"]}]},{\"@type\":\"ImageObject\",\"inLanguage\":\"de\",\"@id\":\"https:\/\/glowery.me\/de\/produkt\/alas-upcycled-ohrringe\/#primaryimage\",\"url\":\"https:\/\/glowery.me\/wp-content\/uploads\/2025\/04\/Faili-Alas-earrings_3.jpg-koopia-scaled-1.jpg\",\"contentUrl\":\"https:\/\/glowery.me\/wp-content\/uploads\/2025\/04\/Faili-Alas-earrings_3.jpg-koopia-scaled-1.jpg\",\"width\":1707,\"height\":2560},{\"@type\":\"BreadcrumbList\",\"@id\":\"https:\/\/glowery.me\/de\/produkt\/alas-upcycled-ohrringe\/#breadcrumb\",\"itemListElement\":[{\"@type\":\"ListItem\",\"position\":1,\"name\":\"Home\",\"item\":\"https:\/\/glowery.me\/de\/startseite\/\"},{\"@type\":\"ListItem\",\"position\":2,\"name\":\"Shop\",\"item\":\"https:\/\/glowery.me\/de\/shop\/\"},{\"@type\":\"ListItem\",\"position\":3,\"name\":\"Alas Upcycled Ohrringe\"}]},{\"@type\":\"WebSite\",\"@id\":\"https:\/\/glowery.me\/#website\",\"url\":\"https:\/\/glowery.me\/\",\"name\":\"Glowery\",\"description\":\"Stilvolle Essentials \u2013 von zeitlosem Schmuck \u00fcber elegante Taschen und Schuhe bis hin zu ausgew\u00e4hlten Kleidern und nat\u00fcrlicher Kosmetik.\",\"publisher\":{\"@id\":\"https:\/\/glowery.me\/#organization\"},\"potentialAction\":[{\"@type\":\"SearchAction\",\"target\":{\"@type\":\"EntryPoint\",\"urlTemplate\":\"https:\/\/glowery.me\/?s={search_term_string}\"},\"query-input\":{\"@type\":\"PropertyValueSpecification\",\"valueRequired\":true,\"valueName\":\"search_term_string\"}}],\"inLanguage\":\"de\"},{\"@type\":\"Organization\",\"@id\":\"https:\/\/glowery.me\/#organization\",\"name\":\"Glowery\",\"url\":\"https:\/\/glowery.me\/\",\"logo\":{\"@type\":\"ImageObject\",\"inLanguage\":\"de\",\"@id\":\"https:\/\/glowery.me\/#\/schema\/logo\/image\/\",\"url\":\"https:\/\/glowery.me\/wp-content\/uploads\/2025\/05\/Glowery-e1746421067847.png\",\"contentUrl\":\"https:\/\/glowery.me\/wp-content\/uploads\/2025\/05\/Glowery-e1746421067847.png\",\"width\":494,\"height\":146,\"caption\":\"Glowery\"},\"image\":{\"@id\":\"https:\/\/glowery.me\/#\/schema\/logo\/image\/\"},\"sameAs\":[\"https:\/\/www.facebook.com\/profile.php?id=61575866108739\",\"https:\/\/www.instagram.com\/glowery.me\",\"https:\/\/www.tiktok.com\/@glowery.me?_t=ZN-8wLhgUVkGCk&_r=1\"]}]}<\/script>\n<!-- \/ Yoast SEO plugin. -->","yoast_head_json":{"title":"Alas Upcycled Ohrringe - Glowery","robots":{"index":"index","follow":"follow","max-snippet":"max-snippet:-1","max-image-preview":"max-image-preview:large","max-video-preview":"max-video-preview:-1"},"canonical":"https:\/\/glowery.me\/de\/produkt\/alas-upcycled-ohrringe\/","og_locale":"de_DE","og_type":"article","og_title":"Alas Upcycled Ohrringe - Glowery","og_description":"Die von der preisgekr\u00f6nten estnischen Designerin Kairi Lentsius entworfenen Alas Ohrringe werden in Tartu von ihrem Vater Mart handgefertigt. Diese Ohrringe werden aus \u00fcbersch\u00fcssigem Edelstahl aus der Metallindustrie recycelt. Edelstahl ist ein hypoallergenes und pflegeleichtes Material, das sich f\u00fcr den t\u00e4glichen Gebrauch eignet.  Material: 1 mm starker EdelstahlVerarbeitung: Polierte Oberfl\u00e4che, in der Mitte gebogenAbmessungen: 17 x 7 mmGewicht: 1,4 gVerpackung: Geschenkbox mit \u00d6ko-Samtfutter","og_url":"https:\/\/glowery.me\/de\/produkt\/alas-upcycled-ohrringe\/","og_site_name":"Glowery","article_publisher":"https:\/\/www.facebook.com\/profile.php?id=61575866108739","og_image":[{"width":1707,"height":2560,"url":"https:\/\/glowery.me\/wp-content\/uploads\/2025\/04\/Faili-Alas-earrings_3.jpg-koopia-scaled-1.jpg","type":"image\/jpeg"}],"twitter_card":"summary_large_image","schema":{"@context":"https:\/\/schema.org","@graph":[{"@type":"WebPage","@id":"https:\/\/glowery.me\/de\/produkt\/alas-upcycled-ohrringe\/","url":"https:\/\/glowery.me\/de\/produkt\/alas-upcycled-ohrringe\/","name":"Alas Upcycled Ohrringe - Glowery","isPartOf":{"@id":"https:\/\/glowery.me\/#website"},"primaryImageOfPage":{"@id":"https:\/\/glowery.me\/de\/produkt\/alas-upcycled-ohrringe\/#primaryimage"},"image":{"@id":"https:\/\/glowery.me\/de\/produkt\/alas-upcycled-ohrringe\/#primaryimage"},"thumbnailUrl":"https:\/\/glowery.me\/wp-content\/uploads\/2025\/04\/Faili-Alas-earrings_3.jpg-koopia-scaled-1.jpg","datePublished":"2025-04-26T19:36:00+00:00","breadcrumb":{"@id":"https:\/\/glowery.me\/de\/produkt\/alas-upcycled-ohrringe\/#breadcrumb"},"inLanguage":"de","potentialAction":[{"@type":"ReadAction","target":["https:\/\/glowery.me\/de\/produkt\/alas-upcycled-ohrringe\/"]}]},{"@type":"ImageObject","inLanguage":"de","@id":"https:\/\/glowery.me\/de\/produkt\/alas-upcycled-ohrringe\/#primaryimage","url":"https:\/\/glowery.me\/wp-content\/uploads\/2025\/04\/Faili-Alas-earrings_3.jpg-koopia-scaled-1.jpg","contentUrl":"https:\/\/glowery.me\/wp-content\/uploads\/2025\/04\/Faili-Alas-earrings_3.jpg-koopia-scaled-1.jpg","width":1707,"height":2560},{"@type":"BreadcrumbList","@id":"https:\/\/glowery.me\/de\/produkt\/alas-upcycled-ohrringe\/#breadcrumb","itemListElement":[{"@type":"ListItem","position":1,"name":"Home","item":"https:\/\/glowery.me\/de\/startseite\/"},{"@type":"ListItem","position":2,"name":"Shop","item":"https:\/\/glowery.me\/de\/shop\/"},{"@type":"ListItem","position":3,"name":"Alas Upcycled Ohrringe"}]},{"@type":"WebSite","@id":"https:\/\/glowery.me\/#website","url":"https:\/\/glowery.me\/","name":"Glowery","description":"Stilvolle Essentials \u2013 von zeitlosem Schmuck \u00fcber elegante Taschen und Schuhe bis hin zu ausgew\u00e4hlten Kleidern und nat\u00fcrlicher Kosmetik.","publisher":{"@id":"https:\/\/glowery.me\/#organization"},"potentialAction":[{"@type":"SearchAction","target":{"@type":"EntryPoint","urlTemplate":"https:\/\/glowery.me\/?s={search_term_string}"},"query-input":{"@type":"PropertyValueSpecification","valueRequired":true,"valueName":"search_term_string"}}],"inLanguage":"de"},{"@type":"Organization","@id":"https:\/\/glowery.me\/#organization","name":"Glowery","url":"https:\/\/glowery.me\/","logo":{"@type":"ImageObject","inLanguage":"de","@id":"https:\/\/glowery.me\/#\/schema\/logo\/image\/","url":"https:\/\/glowery.me\/wp-content\/uploads\/2025\/05\/Glowery-e1746421067847.png","contentUrl":"https:\/\/glowery.me\/wp-content\/uploads\/2025\/05\/Glowery-e1746421067847.png","width":494,"height":146,"caption":"Glowery"},"image":{"@id":"https:\/\/glowery.me\/#\/schema\/logo\/image\/"},"sameAs":["https:\/\/www.facebook.com\/profile.php?id=61575866108739","https:\/\/www.instagram.com\/glowery.me","https:\/\/www.tiktok.com\/@glowery.me?_t=ZN-8wLhgUVkGCk&_r=1"]}]}},"jetpack_sharing_enabled":true,"_links":{"self":[{"href":"https:\/\/glowery.me\/de\/wp-json\/wp\/v2\/product\/26606","targetHints":{"allow":["GET"]}}],"collection":[{"href":"https:\/\/glowery.me\/de\/wp-json\/wp\/v2\/product"}],"about":[{"href":"https:\/\/glowery.me\/de\/wp-json\/wp\/v2\/types\/product"}],"replies":[{"embeddable":true,"href":"https:\/\/glowery.me\/de\/wp-json\/wp\/v2\/comments?post=26606"}],"wp:featuredmedia":[{"embeddable":true,"href":"https:\/\/glowery.me\/de\/wp-json\/wp\/v2\/media\/12721"}],"wp:attachment":[{"href":"https:\/\/glowery.me\/de\/wp-json\/wp\/v2\/media?parent=26606"}],"wp:term":[{"taxonomy":"product_brand","embeddable":true,"href":"https:\/\/glowery.me\/de\/wp-json\/wp\/v2\/product_brand?post=26606"},{"taxonomy":"product_cat","embeddable":true,"href":"https:\/\/glowery.me\/de\/wp-json\/wp\/v2\/product_cat?post=26606"},{"taxonomy":"product_tag","embeddable":true,"href":"https:\/\/glowery.me\/de\/wp-json\/wp\/v2\/product_tag?post=26606"}],"curies":[{"name":"wp","href":"https:\/\/api.w.org\/{rel}","templated":true}]}}