{"id":26649,"date":"2025-04-26T19:36:00","date_gmt":"2025-04-26T19:36:00","guid":{"rendered":"https:\/\/glowery.me\/produkt\/metropolitan-rebel-ohrringe\/"},"modified":"2025-04-26T19:36:00","modified_gmt":"2025-04-26T19:36:00","slug":"metropolitan-rebel-ohrringe","status":"publish","type":"product","link":"https:\/\/glowery.me\/de\/produkt\/metropolitan-rebel-ohrringe\/","title":{"rendered":"Metropolitan Rebel Ohrringe"},"content":{"rendered":"<p>Inspiriert von der gro\u00dfst\u00e4dtischen Stimmung, sind <strong>die Rebel Ohrringe der Metropolitan Kollektion<\/strong> von schlichtem und trendigem Design. Die geb\u00fcrstete Oberfl\u00e4chentextur und die reinen Akzente schaffen ein begehrenswertes und luxuri\u00f6ses Schmuckst\u00fcck, das gut zu jedem Tag und zu unvergesslichen Momenten passt. Entworfen in Estland, Europa. Hergestellt aus 925er Silber.   <\/p>\n<p>Die Metropolitan Rebel Silberketten-Ohrringe haben eine auff\u00e4llige Gr\u00f6\u00dfe: 22mm + 28mm. Erh\u00e4ltlich in rhodinierter oder ros\u00e9vergoldeter Ausf\u00fchrung. <\/p>\n<p><strong>MyaMoon ist eine Schmuckmarke, die<\/strong> von einer Mutter und ihrer Tochter <strong>in Estland gegr\u00fcndet wurde<\/strong>. Ihr Schmuck ist <strong>schlicht und zeitlos<\/strong> und erg\u00e4nzt die Tr\u00e4gerin, anstatt mit ihrem Stil zu konkurrieren. Die St\u00fccke werden aus Sterlingsilber und sorgf\u00e4ltig ausgew\u00e4hlten Edelsteinen gefertigt.  <\/p>\n<ul>\n<li>\n<p>Material: 925 Silber<\/p>\n<\/li>\n<li>\n<p>Veredelung: Silber rhodiniert oder ros\u00e9vergoldet<\/p>\n<\/li>\n<li>\n<p>Abmessungen: 22mm + 28mm<\/p>\n<\/li>\n<li>\n<p>Entworfen in Estland<\/p>\n<\/li>\n<\/ul>\n<p>\/\/<\/p>\n<p>EST:<\/p>\n<p>Suurlinlikust meeleolust inspireeritud Metropolitani kollektsiooni ehted on lihtsa ja trendika vormiga. Harjatud pinna tekstuur ja puhtad aktsendid loovad ihaldusv\u00e4\u00e4rse ja luksusliku ehte, mis sobib h\u00e4sti nii argip\u00e4eva kui erilisse hetke. <\/p>\n<p>Metropolitan Rebel h\u00f5bedast ahelk\u00f5rvar\u00f5ngad on silmapaistvas m\u00f5\u00f5dus: 22mm + 28mm<\/p>\n<p>Valikus h\u00f5bedane roodiumiga v\u00f5i roosa kullaga kaetud viimistlus<\/p>\n<p>&nbsp;<\/p>\n<p>Versand innerhalb der EU: 4-8 Arbeitstage<\/p>\n","protected":false},"excerpt":{"rendered":"<p>Inspiriert von der gro\u00dfst\u00e4dtischen Stimmung, sind <strong>die Rebel Ohrringe der Metropolitan Kollektion<\/strong> von schlichtem und trendigem Design. Die geb\u00fcrstete Oberfl\u00e4chentextur und die reinen Akzente schaffen ein begehrenswertes und luxuri\u00f6ses Schmuckst\u00fcck, das gut zu jedem Tag und zu unvergesslichen Momenten passt. Entworfen in Estland, Europa. Hergestellt aus 925er Silber.   <\/p>\n<p>Die Metropolitan Rebel Silberketten-Ohrringe haben eine auff\u00e4llige Gr\u00f6\u00dfe: 22mm + 28mm. Erh\u00e4ltlich in rhodinierter oder ros\u00e9vergoldeter Ausf\u00fchrung. <\/p>\n<p><strong>MyaMoon ist eine Schmuckmarke, die<\/strong> von einer Mutter und ihrer Tochter <strong>in Estland gegr\u00fcndet wurde<\/strong>. Ihr Schmuck ist <strong>schlicht und zeitlos<\/strong> und erg\u00e4nzt die Tr\u00e4gerin, anstatt mit ihrem Stil zu konkurrieren. Die St\u00fccke werden aus Sterlingsilber und sorgf\u00e4ltig ausgew\u00e4hlten Edelsteinen gefertigt.  <\/p>\n<ul>\n<li>\n<p>Material: 925 Silber<\/p>\n<\/li>\n<li>\n<p>Veredelung: Silber rhodiniert oder ros\u00e9vergoldet<\/p>\n<\/li>\n<li>\n<p>Abmessungen: 22mm + 28mm<\/p>\n<\/li>\n<li>\n<p>Entworfen in Estland<\/p>\n<\/li>\n<\/ul>\n<p>\/\/<\/p>\n<p>EST:<\/p>\n<p>Suurlinlikust meeleolust inspireeritud Metropolitani kollektsiooni ehted on lihtsa ja trendika vormiga. Harjatud pinna tekstuur ja puhtad aktsendid loovad ihaldusv\u00e4\u00e4rse ja luksusliku ehte, mis sobib h\u00e4sti nii argip\u00e4eva kui erilisse hetke. <\/p>\n<p>Metropolitan Rebel h\u00f5bedast ahelk\u00f5rvar\u00f5ngad on silmapaistvas m\u00f5\u00f5dus: 22mm + 28mm<\/p>\n<p>Valikus h\u00f5bedane roodiumiga v\u00f5i roosa kullaga kaetud viimistlus<\/p>\n<p>&nbsp;<\/p>\n<p>Versand innerhalb der EU: 4-8 Arbeitstage<\/p>\n","protected":false},"featured_media":12979,"comment_status":"open","ping_status":"closed","template":"","meta":[],"product_brand":[],"product_cat":[128,126],"product_tag":[],"class_list":{"0":"post-26649","1":"product","2":"type-product","3":"status-publish","4":"has-post-thumbnail","6":"product_cat-ohrringe","7":"product_cat-schmuck","9":"first","10":"instock","11":"shipping-taxable","12":"purchasable","13":"product-type-variable"},"yoast_head":"<!-- This site is optimized with the Yoast SEO plugin v25.3 - https:\/\/yoast.com\/wordpress\/plugins\/seo\/ -->\n<title>Metropolitan Rebel Ohrringe - Glowery<\/title>\n<meta name=\"robots\" content=\"index, follow, max-snippet:-1, max-image-preview:large, max-video-preview:-1\" \/>\n<link rel=\"canonical\" href=\"https:\/\/glowery.me\/de\/produkt\/metropolitan-rebel-ohrringe\/\" \/>\n<meta property=\"og:locale\" content=\"de_DE\" \/>\n<meta property=\"og:type\" content=\"article\" \/>\n<meta property=\"og:title\" content=\"Metropolitan Rebel Ohrringe - Glowery\" \/>\n<meta property=\"og:description\" content=\"Inspiriert von der gro\u00dfst\u00e4dtischen Stimmung, sind die Rebel Ohrringe der Metropolitan Kollektion von schlichtem und trendigem Design. Die geb\u00fcrstete Oberfl\u00e4chentextur und die reinen Akzente schaffen ein begehrenswertes und luxuri\u00f6ses Schmuckst\u00fcck, das gut zu jedem Tag und zu unvergesslichen Momenten passt. Entworfen in Estland, Europa. Hergestellt aus 925er Silber.  Die Metropolitan Rebel Silberketten-Ohrringe haben eine auff\u00e4llige Gr\u00f6\u00dfe: 22mm + 28mm. Erh\u00e4ltlich in rhodinierter oder ros\u00e9vergoldeter Ausf\u00fchrung. MyaMoon ist eine Schmuckmarke, die von einer Mutter und ihrer Tochter in Estland gegr\u00fcndet wurde. Ihr Schmuck ist schlicht und zeitlos und erg\u00e4nzt die Tr\u00e4gerin, anstatt mit ihrem Stil zu konkurrieren. Die St\u00fccke werden aus Sterlingsilber und sorgf\u00e4ltig ausgew\u00e4hlten Edelsteinen gefertigt. Material: 925 SilberVeredelung: Silber rhodiniert oder ros\u00e9vergoldetAbmessungen: 22mm + 28mmEntworfen in Estland\/\/EST:Suurlinlikust meeleolust inspireeritud Metropolitani kollektsiooni ehted on lihtsa ja trendika vormiga. Harjatud pinna tekstuur ja puhtad aktsendid loovad ihaldusv\u00e4\u00e4rse ja luksusliku ehte, mis sobib h\u00e4sti nii argip\u00e4eva kui erilisse hetke. Metropolitan Rebel h\u00f5bedast ahelk\u00f5rvar\u00f5ngad on silmapaistvas m\u00f5\u00f5dus: 22mm + 28mmValikus h\u00f5bedane roodiumiga v\u00f5i roosa kullaga kaetud viimistlus&nbsp;Versand innerhalb der EU: 4-8 Arbeitstage\" \/>\n<meta property=\"og:url\" content=\"https:\/\/glowery.me\/de\/produkt\/metropolitan-rebel-ohrringe\/\" \/>\n<meta property=\"og:site_name\" content=\"Glowery\" \/>\n<meta property=\"article:publisher\" content=\"https:\/\/www.facebook.com\/profile.php?id=61575866108739\" \/>\n<meta property=\"og:image\" content=\"https:\/\/glowery.me\/wp-content\/uploads\/2025\/04\/met_rebel_golden_myamoon_large-1.jpg\" \/>\n\t<meta property=\"og:image:width\" content=\"1280\" \/>\n\t<meta property=\"og:image:height\" content=\"1280\" \/>\n\t<meta property=\"og:image:type\" content=\"image\/jpeg\" \/>\n<meta name=\"twitter:card\" content=\"summary_large_image\" \/>\n<meta name=\"twitter:label1\" content=\"Gesch\u00e4tzte Lesezeit\" \/>\n\t<meta name=\"twitter:data1\" content=\"1\u00a0Minute\" \/>\n<script type=\"application\/ld+json\" class=\"yoast-schema-graph\">{\"@context\":\"https:\/\/schema.org\",\"@graph\":[{\"@type\":\"WebPage\",\"@id\":\"https:\/\/glowery.me\/de\/produkt\/metropolitan-rebel-ohrringe\/\",\"url\":\"https:\/\/glowery.me\/de\/produkt\/metropolitan-rebel-ohrringe\/\",\"name\":\"Metropolitan Rebel Ohrringe - Glowery\",\"isPartOf\":{\"@id\":\"https:\/\/glowery.me\/#website\"},\"primaryImageOfPage\":{\"@id\":\"https:\/\/glowery.me\/de\/produkt\/metropolitan-rebel-ohrringe\/#primaryimage\"},\"image\":{\"@id\":\"https:\/\/glowery.me\/de\/produkt\/metropolitan-rebel-ohrringe\/#primaryimage\"},\"thumbnailUrl\":\"https:\/\/glowery.me\/wp-content\/uploads\/2025\/04\/met_rebel_golden_myamoon_large-1.jpg\",\"datePublished\":\"2025-04-26T19:36:00+00:00\",\"breadcrumb\":{\"@id\":\"https:\/\/glowery.me\/de\/produkt\/metropolitan-rebel-ohrringe\/#breadcrumb\"},\"inLanguage\":\"de\",\"potentialAction\":[{\"@type\":\"ReadAction\",\"target\":[\"https:\/\/glowery.me\/de\/produkt\/metropolitan-rebel-ohrringe\/\"]}]},{\"@type\":\"ImageObject\",\"inLanguage\":\"de\",\"@id\":\"https:\/\/glowery.me\/de\/produkt\/metropolitan-rebel-ohrringe\/#primaryimage\",\"url\":\"https:\/\/glowery.me\/wp-content\/uploads\/2025\/04\/met_rebel_golden_myamoon_large-1.jpg\",\"contentUrl\":\"https:\/\/glowery.me\/wp-content\/uploads\/2025\/04\/met_rebel_golden_myamoon_large-1.jpg\",\"width\":1280,\"height\":1280},{\"@type\":\"BreadcrumbList\",\"@id\":\"https:\/\/glowery.me\/de\/produkt\/metropolitan-rebel-ohrringe\/#breadcrumb\",\"itemListElement\":[{\"@type\":\"ListItem\",\"position\":1,\"name\":\"Home\",\"item\":\"https:\/\/glowery.me\/de\/startseite\/\"},{\"@type\":\"ListItem\",\"position\":2,\"name\":\"Shop\",\"item\":\"https:\/\/glowery.me\/de\/shop\/\"},{\"@type\":\"ListItem\",\"position\":3,\"name\":\"Metropolitan Rebel Ohrringe\"}]},{\"@type\":\"WebSite\",\"@id\":\"https:\/\/glowery.me\/#website\",\"url\":\"https:\/\/glowery.me\/\",\"name\":\"Glowery\",\"description\":\"Stilvolle Essentials \u2013 von zeitlosem Schmuck \u00fcber elegante Taschen und Schuhe bis hin zu ausgew\u00e4hlten Kleidern und nat\u00fcrlicher Kosmetik.\",\"publisher\":{\"@id\":\"https:\/\/glowery.me\/#organization\"},\"potentialAction\":[{\"@type\":\"SearchAction\",\"target\":{\"@type\":\"EntryPoint\",\"urlTemplate\":\"https:\/\/glowery.me\/?s={search_term_string}\"},\"query-input\":{\"@type\":\"PropertyValueSpecification\",\"valueRequired\":true,\"valueName\":\"search_term_string\"}}],\"inLanguage\":\"de\"},{\"@type\":\"Organization\",\"@id\":\"https:\/\/glowery.me\/#organization\",\"name\":\"Glowery\",\"url\":\"https:\/\/glowery.me\/\",\"logo\":{\"@type\":\"ImageObject\",\"inLanguage\":\"de\",\"@id\":\"https:\/\/glowery.me\/#\/schema\/logo\/image\/\",\"url\":\"https:\/\/glowery.me\/wp-content\/uploads\/2025\/05\/Glowery-e1746421067847.png\",\"contentUrl\":\"https:\/\/glowery.me\/wp-content\/uploads\/2025\/05\/Glowery-e1746421067847.png\",\"width\":494,\"height\":146,\"caption\":\"Glowery\"},\"image\":{\"@id\":\"https:\/\/glowery.me\/#\/schema\/logo\/image\/\"},\"sameAs\":[\"https:\/\/www.facebook.com\/profile.php?id=61575866108739\",\"https:\/\/www.instagram.com\/glowery.me\",\"https:\/\/www.tiktok.com\/@glowery.me?_t=ZN-8wLhgUVkGCk&_r=1\"]}]}<\/script>\n<!-- \/ Yoast SEO plugin. -->","yoast_head_json":{"title":"Metropolitan Rebel Ohrringe - Glowery","robots":{"index":"index","follow":"follow","max-snippet":"max-snippet:-1","max-image-preview":"max-image-preview:large","max-video-preview":"max-video-preview:-1"},"canonical":"https:\/\/glowery.me\/de\/produkt\/metropolitan-rebel-ohrringe\/","og_locale":"de_DE","og_type":"article","og_title":"Metropolitan Rebel Ohrringe - Glowery","og_description":"Inspiriert von der gro\u00dfst\u00e4dtischen Stimmung, sind die Rebel Ohrringe der Metropolitan Kollektion von schlichtem und trendigem Design. Die geb\u00fcrstete Oberfl\u00e4chentextur und die reinen Akzente schaffen ein begehrenswertes und luxuri\u00f6ses Schmuckst\u00fcck, das gut zu jedem Tag und zu unvergesslichen Momenten passt. Entworfen in Estland, Europa. Hergestellt aus 925er Silber.  Die Metropolitan Rebel Silberketten-Ohrringe haben eine auff\u00e4llige Gr\u00f6\u00dfe: 22mm + 28mm. Erh\u00e4ltlich in rhodinierter oder ros\u00e9vergoldeter Ausf\u00fchrung. MyaMoon ist eine Schmuckmarke, die von einer Mutter und ihrer Tochter in Estland gegr\u00fcndet wurde. Ihr Schmuck ist schlicht und zeitlos und erg\u00e4nzt die Tr\u00e4gerin, anstatt mit ihrem Stil zu konkurrieren. Die St\u00fccke werden aus Sterlingsilber und sorgf\u00e4ltig ausgew\u00e4hlten Edelsteinen gefertigt. Material: 925 SilberVeredelung: Silber rhodiniert oder ros\u00e9vergoldetAbmessungen: 22mm + 28mmEntworfen in Estland\/\/EST:Suurlinlikust meeleolust inspireeritud Metropolitani kollektsiooni ehted on lihtsa ja trendika vormiga. Harjatud pinna tekstuur ja puhtad aktsendid loovad ihaldusv\u00e4\u00e4rse ja luksusliku ehte, mis sobib h\u00e4sti nii argip\u00e4eva kui erilisse hetke. Metropolitan Rebel h\u00f5bedast ahelk\u00f5rvar\u00f5ngad on silmapaistvas m\u00f5\u00f5dus: 22mm + 28mmValikus h\u00f5bedane roodiumiga v\u00f5i roosa kullaga kaetud viimistlus&nbsp;Versand innerhalb der EU: 4-8 Arbeitstage","og_url":"https:\/\/glowery.me\/de\/produkt\/metropolitan-rebel-ohrringe\/","og_site_name":"Glowery","article_publisher":"https:\/\/www.facebook.com\/profile.php?id=61575866108739","og_image":[{"width":1280,"height":1280,"url":"https:\/\/glowery.me\/wp-content\/uploads\/2025\/04\/met_rebel_golden_myamoon_large-1.jpg","type":"image\/jpeg"}],"twitter_card":"summary_large_image","twitter_misc":{"Gesch\u00e4tzte Lesezeit":"1\u00a0Minute"},"schema":{"@context":"https:\/\/schema.org","@graph":[{"@type":"WebPage","@id":"https:\/\/glowery.me\/de\/produkt\/metropolitan-rebel-ohrringe\/","url":"https:\/\/glowery.me\/de\/produkt\/metropolitan-rebel-ohrringe\/","name":"Metropolitan Rebel Ohrringe - Glowery","isPartOf":{"@id":"https:\/\/glowery.me\/#website"},"primaryImageOfPage":{"@id":"https:\/\/glowery.me\/de\/produkt\/metropolitan-rebel-ohrringe\/#primaryimage"},"image":{"@id":"https:\/\/glowery.me\/de\/produkt\/metropolitan-rebel-ohrringe\/#primaryimage"},"thumbnailUrl":"https:\/\/glowery.me\/wp-content\/uploads\/2025\/04\/met_rebel_golden_myamoon_large-1.jpg","datePublished":"2025-04-26T19:36:00+00:00","breadcrumb":{"@id":"https:\/\/glowery.me\/de\/produkt\/metropolitan-rebel-ohrringe\/#breadcrumb"},"inLanguage":"de","potentialAction":[{"@type":"ReadAction","target":["https:\/\/glowery.me\/de\/produkt\/metropolitan-rebel-ohrringe\/"]}]},{"@type":"ImageObject","inLanguage":"de","@id":"https:\/\/glowery.me\/de\/produkt\/metropolitan-rebel-ohrringe\/#primaryimage","url":"https:\/\/glowery.me\/wp-content\/uploads\/2025\/04\/met_rebel_golden_myamoon_large-1.jpg","contentUrl":"https:\/\/glowery.me\/wp-content\/uploads\/2025\/04\/met_rebel_golden_myamoon_large-1.jpg","width":1280,"height":1280},{"@type":"BreadcrumbList","@id":"https:\/\/glowery.me\/de\/produkt\/metropolitan-rebel-ohrringe\/#breadcrumb","itemListElement":[{"@type":"ListItem","position":1,"name":"Home","item":"https:\/\/glowery.me\/de\/startseite\/"},{"@type":"ListItem","position":2,"name":"Shop","item":"https:\/\/glowery.me\/de\/shop\/"},{"@type":"ListItem","position":3,"name":"Metropolitan Rebel Ohrringe"}]},{"@type":"WebSite","@id":"https:\/\/glowery.me\/#website","url":"https:\/\/glowery.me\/","name":"Glowery","description":"Stilvolle Essentials \u2013 von zeitlosem Schmuck \u00fcber elegante Taschen und Schuhe bis hin zu ausgew\u00e4hlten Kleidern und nat\u00fcrlicher Kosmetik.","publisher":{"@id":"https:\/\/glowery.me\/#organization"},"potentialAction":[{"@type":"SearchAction","target":{"@type":"EntryPoint","urlTemplate":"https:\/\/glowery.me\/?s={search_term_string}"},"query-input":{"@type":"PropertyValueSpecification","valueRequired":true,"valueName":"search_term_string"}}],"inLanguage":"de"},{"@type":"Organization","@id":"https:\/\/glowery.me\/#organization","name":"Glowery","url":"https:\/\/glowery.me\/","logo":{"@type":"ImageObject","inLanguage":"de","@id":"https:\/\/glowery.me\/#\/schema\/logo\/image\/","url":"https:\/\/glowery.me\/wp-content\/uploads\/2025\/05\/Glowery-e1746421067847.png","contentUrl":"https:\/\/glowery.me\/wp-content\/uploads\/2025\/05\/Glowery-e1746421067847.png","width":494,"height":146,"caption":"Glowery"},"image":{"@id":"https:\/\/glowery.me\/#\/schema\/logo\/image\/"},"sameAs":["https:\/\/www.facebook.com\/profile.php?id=61575866108739","https:\/\/www.instagram.com\/glowery.me","https:\/\/www.tiktok.com\/@glowery.me?_t=ZN-8wLhgUVkGCk&_r=1"]}]}},"jetpack_sharing_enabled":true,"_links":{"self":[{"href":"https:\/\/glowery.me\/de\/wp-json\/wp\/v2\/product\/26649","targetHints":{"allow":["GET"]}}],"collection":[{"href":"https:\/\/glowery.me\/de\/wp-json\/wp\/v2\/product"}],"about":[{"href":"https:\/\/glowery.me\/de\/wp-json\/wp\/v2\/types\/product"}],"replies":[{"embeddable":true,"href":"https:\/\/glowery.me\/de\/wp-json\/wp\/v2\/comments?post=26649"}],"wp:featuredmedia":[{"embeddable":true,"href":"https:\/\/glowery.me\/de\/wp-json\/wp\/v2\/media\/12979"}],"wp:attachment":[{"href":"https:\/\/glowery.me\/de\/wp-json\/wp\/v2\/media?parent=26649"}],"wp:term":[{"taxonomy":"product_brand","embeddable":true,"href":"https:\/\/glowery.me\/de\/wp-json\/wp\/v2\/product_brand?post=26649"},{"taxonomy":"product_cat","embeddable":true,"href":"https:\/\/glowery.me\/de\/wp-json\/wp\/v2\/product_cat?post=26649"},{"taxonomy":"product_tag","embeddable":true,"href":"https:\/\/glowery.me\/de\/wp-json\/wp\/v2\/product_tag?post=26649"}],"curies":[{"name":"wp","href":"https:\/\/api.w.org\/{rel}","templated":true}]}}