{"id":26688,"date":"2025-04-26T19:36:00","date_gmt":"2025-04-26T19:36:00","guid":{"rendered":"https:\/\/glowery.me\/produkt\/luftiges-puenktchen-kropfband\/"},"modified":"2025-04-26T19:36:00","modified_gmt":"2025-04-26T19:36:00","slug":"luftiges-puenktchen-kropfband","status":"publish","type":"product","link":"https:\/\/glowery.me\/de\/produkt\/luftiges-puenktchen-kropfband\/","title":{"rendered":"Luftiges P\u00fcnktchen Kropfband"},"content":{"rendered":"<p>Das <strong>Airy Dots<\/strong> <strong>Kropfband<\/strong>. Kettenschmuck ist ein Must-Have in der Kollektion jeder Frau. Tragen Sie ihn allein oder kombinieren Sie ihn mit anderen, um Ihren gew\u00fcnschten Look zu erzielen.    &nbsp;Die Kette ist 45 cm lang, mit einem Markenlogo versehen und hat einen kleinen runden Verschluss. Sie ist aus Silber gefertigt und zum Schutz vor Kratzern und Oxidation mit Rhodium und Ros\u00e9gold beschichtet. <\/p>\n<p><strong>MyaMoon ist eine Schmuckmarke, die in Estland<\/strong> von einer Mutter und ihrer Tochter <strong>gegr\u00fcndet wurde<\/strong>. Ihr Schmuck ist<strong>schlicht und zeitlos<\/strong> und erg\u00e4nzt die Tr\u00e4gerin, anstatt mit ihrem Stil zu konkurrieren. Die St\u00fccke werden aus Sterlingsilber und sorgf\u00e4ltig ausgew\u00e4hlten Edelsteinen gefertigt.  <\/p>\n<ul>\n<li>\n<p>Material: 925 Silber, rhodiniert und ros\u00e9vergoldet<\/p>\n<\/li>\n<li>\n<p>L\u00e4nge der Kette: 45 cm<\/p>\n<\/li>\n<li>\n<p>Entworfen in Estland<\/p>\n<\/li>\n<\/ul>\n<p>Silber oxidiert leicht und wird stumpf und dunkel. Wenn Sie Ihren Schmuck jedoch gut pflegen, bleibt er jahrelang sch\u00f6n und frisch. Um Silberschmuck zu verwenden und zu pflegen, bewahren Sie ihn an einem trockenen, k\u00fchlen Ort auf, wenn Sie ihn nicht tragen, und vermeiden Sie den Kontakt mit scharfen Chemikalien wie Haushaltsreinigern, Bleichmitteln und Kosmetika. Legen Sie den Schmuck ab, bevor Sie Sport treiben oder Aktivit\u00e4ten nachgehen, die zu Schwei\u00dfbildung oder Besch\u00e4digungen f\u00fchren k\u00f6nnen. Verwenden Sie zur Reinigung des Schmucks ein weiches, trockenes Tuch, um Schmutz und Dreck von der Oberfl\u00e4che zu entfernen.    <\/p>\n<p>\/\/<\/p>\n<p>EST:<\/p>\n<p>Choker-kee kolme eri v\u00e4rvi \u00f5hulise harjatud pinnaga rullidega, l\u00e4bi mille jookseb 45cm pikkune choker-kee.<\/p>\n<p>Keti kinnitust kaunistab MyaMoon logotag.<br \/>Kee on valmistatud 925 standardprooviga h\u00f5bedast, ning kaetud h\u00f5bedase ja musta roodiumi ning roosa kullaga, mis kaitsevad ehet kriimustuste ja oks\u00fcdeerumise eest.<\/p>\n","protected":false},"excerpt":{"rendered":"<p>Das <strong>Airy Dots<\/strong> <strong>Kropfband<\/strong>. Kettenschmuck ist ein Must-Have in der Kollektion jeder Frau. Tragen Sie ihn allein oder kombinieren Sie ihn mit anderen, um Ihren gew\u00fcnschten Look zu erzielen.    &nbsp;Die Kette ist 45 cm lang, mit einem Markenlogo versehen und hat einen kleinen runden Verschluss. Sie ist aus Silber gefertigt und mit Rhodium und Ros\u00e9gold beschichtet, um sie vor Kratzern und Oxidation zu sch\u00fctzen. <\/p>\n<p><strong>MyaMoon ist eine Schmuckmarke, die in Estland<\/strong> von einer Mutter und ihrer Tochter <strong>gegr\u00fcndet wurde<\/strong>. Ihr Schmuck ist<strong>schlicht und zeitlos<\/strong> und erg\u00e4nzt die Tr\u00e4gerin, anstatt mit ihrem Stil zu konkurrieren. Die St\u00fccke werden aus Sterlingsilber und sorgf\u00e4ltig ausgew\u00e4hlten Edelsteinen gefertigt.  <\/p>\n<ul>\n<li>\n<p>Material: 925 Silber, rhodiniert und ros\u00e9vergoldet<\/p>\n<\/li>\n<li>\n<p>L\u00e4nge der Kette: 45 cm<\/p>\n<\/li>\n<li>\n<p>Entworfen in Estland<\/p>\n<\/li>\n<\/ul>\n<p>Silber oxidiert leicht und wird stumpf und dunkel. Wenn Sie Ihren Schmuck jedoch gut pflegen, bleibt er jahrelang sch\u00f6n und frisch. Um Silberschmuck zu verwenden und zu pflegen, bewahren Sie ihn an einem trockenen, k\u00fchlen Ort auf, wenn Sie ihn nicht tragen, und vermeiden Sie den Kontakt mit scharfen Chemikalien wie Haushaltsreinigern, Bleichmitteln und Kosmetika. Legen Sie den Schmuck ab, bevor Sie Sport treiben oder Aktivit\u00e4ten nachgehen, die zu Schwei\u00dfbildung oder Besch\u00e4digungen f\u00fchren k\u00f6nnen. Verwenden Sie zur Reinigung des Schmucks ein weiches, trockenes Tuch, um Schmutz und Dreck von der Oberfl\u00e4che zu entfernen.    <\/p>\n<p>\/\/<\/p>\n<p>EST:<\/p>\n<p>Choker-kee kolme eri v\u00e4rvi \u00f5hulise harjatud pinnaga rullidega, l\u00e4bi mille jookseb 45cm pikkune choker-kee.<\/p>\n<p>Keti kinnitust kaunistab MyaMoon logotag.<br \/>Kee on valmistatud 925 standardprooviga h\u00f5bedast, ning kaetud h\u00f5bedase ja musta roodiumi ning roosa kullaga, mis kaitsevad ehet kriimustuste ja oks\u00fcdeerumise eest.<\/p>\n","protected":false},"featured_media":12586,"comment_status":"open","ping_status":"closed","template":"","meta":[],"product_brand":[],"product_cat":[127,126],"product_tag":[],"class_list":{"0":"post-26688","1":"product","2":"type-product","3":"status-publish","4":"has-post-thumbnail","6":"product_cat-halsketten-de","7":"product_cat-schmuck","9":"first","10":"outofstock","11":"shipping-taxable","12":"purchasable","13":"product-type-simple"},"yoast_head":"<!-- This site is optimized with the Yoast SEO plugin v25.3 - https:\/\/yoast.com\/wordpress\/plugins\/seo\/ -->\n<title>Luftiges P\u00fcnktchen Kropfband - Glowery<\/title>\n<meta name=\"robots\" content=\"index, follow, max-snippet:-1, max-image-preview:large, max-video-preview:-1\" \/>\n<link rel=\"canonical\" href=\"https:\/\/glowery.me\/de\/produkt\/luftiges-puenktchen-kropfband\/\" \/>\n<meta property=\"og:locale\" content=\"de_DE\" \/>\n<meta property=\"og:type\" content=\"article\" \/>\n<meta property=\"og:title\" content=\"Luftiges P\u00fcnktchen Kropfband - Glowery\" \/>\n<meta property=\"og:description\" content=\"Das Airy Dots Kropfband. Kettenschmuck ist ein Must-Have in der Kollektion jeder Frau. Tragen Sie ihn allein oder kombinieren Sie ihn mit anderen, um Ihren gew\u00fcnschten Look zu erzielen.  &nbsp;Die Kette ist 45 cm lang, mit einem Markenlogo versehen und hat einen kleinen runden Verschluss. Sie ist aus Silber gefertigt und mit Rhodium und Ros\u00e9gold beschichtet, um sie vor Kratzern und Oxidation zu sch\u00fctzen. MyaMoon ist eine Schmuckmarke, die in Estland von einer Mutter und ihrer Tochter gegr\u00fcndet wurde. Ihr Schmuck istschlicht und zeitlos und erg\u00e4nzt die Tr\u00e4gerin, anstatt mit ihrem Stil zu konkurrieren. Die St\u00fccke werden aus Sterlingsilber und sorgf\u00e4ltig ausgew\u00e4hlten Edelsteinen gefertigt. Material: 925 Silber, rhodiniert und ros\u00e9vergoldetL\u00e4nge der Kette: 45 cmEntworfen in EstlandSilber oxidiert leicht und wird stumpf und dunkel. Wenn Sie Ihren Schmuck jedoch gut pflegen, bleibt er jahrelang sch\u00f6n und frisch. Um Silberschmuck zu verwenden und zu pflegen, bewahren Sie ihn an einem trockenen, k\u00fchlen Ort auf, wenn Sie ihn nicht tragen, und vermeiden Sie den Kontakt mit scharfen Chemikalien wie Haushaltsreinigern, Bleichmitteln und Kosmetika. Legen Sie den Schmuck ab, bevor Sie Sport treiben oder Aktivit\u00e4ten nachgehen, die zu Schwei\u00dfbildung oder Besch\u00e4digungen f\u00fchren k\u00f6nnen. Verwenden Sie zur Reinigung des Schmucks ein weiches, trockenes Tuch, um Schmutz und Dreck von der Oberfl\u00e4che zu entfernen.  \/\/EST:Choker-kee kolme eri v\u00e4rvi \u00f5hulise harjatud pinnaga rullidega, l\u00e4bi mille jookseb 45cm pikkune choker-kee.Keti kinnitust kaunistab MyaMoon logotag.Kee on valmistatud 925 standardprooviga h\u00f5bedast, ning kaetud h\u00f5bedase ja musta roodiumi ning roosa kullaga, mis kaitsevad ehet kriimustuste ja oks\u00fcdeerumise eest.\" \/>\n<meta property=\"og:url\" content=\"https:\/\/glowery.me\/de\/produkt\/luftiges-puenktchen-kropfband\/\" \/>\n<meta property=\"og:site_name\" content=\"Glowery\" \/>\n<meta property=\"article:publisher\" content=\"https:\/\/www.facebook.com\/profile.php?id=61575866108739\" \/>\n<meta property=\"og:image\" content=\"https:\/\/glowery.me\/wp-content\/uploads\/2025\/04\/QBziFBuY-1.jpeg\" \/>\n\t<meta property=\"og:image:width\" content=\"1199\" \/>\n\t<meta property=\"og:image:height\" content=\"1199\" \/>\n\t<meta property=\"og:image:type\" content=\"image\/jpeg\" \/>\n<meta name=\"twitter:card\" content=\"summary_large_image\" \/>\n<meta name=\"twitter:label1\" content=\"Gesch\u00e4tzte Lesezeit\" \/>\n\t<meta name=\"twitter:data1\" content=\"1\u00a0Minute\" \/>\n<script type=\"application\/ld+json\" class=\"yoast-schema-graph\">{\"@context\":\"https:\/\/schema.org\",\"@graph\":[{\"@type\":\"WebPage\",\"@id\":\"https:\/\/glowery.me\/de\/produkt\/luftiges-puenktchen-kropfband\/\",\"url\":\"https:\/\/glowery.me\/de\/produkt\/luftiges-puenktchen-kropfband\/\",\"name\":\"Luftiges P\u00fcnktchen Kropfband - Glowery\",\"isPartOf\":{\"@id\":\"https:\/\/glowery.me\/#website\"},\"primaryImageOfPage\":{\"@id\":\"https:\/\/glowery.me\/de\/produkt\/luftiges-puenktchen-kropfband\/#primaryimage\"},\"image\":{\"@id\":\"https:\/\/glowery.me\/de\/produkt\/luftiges-puenktchen-kropfband\/#primaryimage\"},\"thumbnailUrl\":\"https:\/\/glowery.me\/wp-content\/uploads\/2025\/04\/QBziFBuY-1.jpeg\",\"datePublished\":\"2025-04-26T19:36:00+00:00\",\"breadcrumb\":{\"@id\":\"https:\/\/glowery.me\/de\/produkt\/luftiges-puenktchen-kropfband\/#breadcrumb\"},\"inLanguage\":\"de\",\"potentialAction\":[{\"@type\":\"ReadAction\",\"target\":[\"https:\/\/glowery.me\/de\/produkt\/luftiges-puenktchen-kropfband\/\"]}]},{\"@type\":\"ImageObject\",\"inLanguage\":\"de\",\"@id\":\"https:\/\/glowery.me\/de\/produkt\/luftiges-puenktchen-kropfband\/#primaryimage\",\"url\":\"https:\/\/glowery.me\/wp-content\/uploads\/2025\/04\/QBziFBuY-1.jpeg\",\"contentUrl\":\"https:\/\/glowery.me\/wp-content\/uploads\/2025\/04\/QBziFBuY-1.jpeg\",\"width\":1199,\"height\":1199},{\"@type\":\"BreadcrumbList\",\"@id\":\"https:\/\/glowery.me\/de\/produkt\/luftiges-puenktchen-kropfband\/#breadcrumb\",\"itemListElement\":[{\"@type\":\"ListItem\",\"position\":1,\"name\":\"Home\",\"item\":\"https:\/\/glowery.me\/de\/startseite\/\"},{\"@type\":\"ListItem\",\"position\":2,\"name\":\"Shop\",\"item\":\"https:\/\/glowery.me\/de\/shop\/\"},{\"@type\":\"ListItem\",\"position\":3,\"name\":\"Luftiges P\u00fcnktchen Kropfband\"}]},{\"@type\":\"WebSite\",\"@id\":\"https:\/\/glowery.me\/#website\",\"url\":\"https:\/\/glowery.me\/\",\"name\":\"Glowery\",\"description\":\"Stilvolle Essentials \u2013 von zeitlosem Schmuck \u00fcber elegante Taschen und Schuhe bis hin zu ausgew\u00e4hlten Kleidern und nat\u00fcrlicher Kosmetik.\",\"publisher\":{\"@id\":\"https:\/\/glowery.me\/#organization\"},\"potentialAction\":[{\"@type\":\"SearchAction\",\"target\":{\"@type\":\"EntryPoint\",\"urlTemplate\":\"https:\/\/glowery.me\/?s={search_term_string}\"},\"query-input\":{\"@type\":\"PropertyValueSpecification\",\"valueRequired\":true,\"valueName\":\"search_term_string\"}}],\"inLanguage\":\"de\"},{\"@type\":\"Organization\",\"@id\":\"https:\/\/glowery.me\/#organization\",\"name\":\"Glowery\",\"url\":\"https:\/\/glowery.me\/\",\"logo\":{\"@type\":\"ImageObject\",\"inLanguage\":\"de\",\"@id\":\"https:\/\/glowery.me\/#\/schema\/logo\/image\/\",\"url\":\"https:\/\/glowery.me\/wp-content\/uploads\/2025\/05\/Glowery-e1746421067847.png\",\"contentUrl\":\"https:\/\/glowery.me\/wp-content\/uploads\/2025\/05\/Glowery-e1746421067847.png\",\"width\":494,\"height\":146,\"caption\":\"Glowery\"},\"image\":{\"@id\":\"https:\/\/glowery.me\/#\/schema\/logo\/image\/\"},\"sameAs\":[\"https:\/\/www.facebook.com\/profile.php?id=61575866108739\",\"https:\/\/www.instagram.com\/glowery.me\",\"https:\/\/www.tiktok.com\/@glowery.me?_t=ZN-8wLhgUVkGCk&_r=1\"]}]}<\/script>\n<!-- \/ Yoast SEO plugin. -->","yoast_head_json":{"title":"Luftiges P\u00fcnktchen Kropfband - Glowery","robots":{"index":"index","follow":"follow","max-snippet":"max-snippet:-1","max-image-preview":"max-image-preview:large","max-video-preview":"max-video-preview:-1"},"canonical":"https:\/\/glowery.me\/de\/produkt\/luftiges-puenktchen-kropfband\/","og_locale":"de_DE","og_type":"article","og_title":"Luftiges P\u00fcnktchen Kropfband - Glowery","og_description":"Das Airy Dots Kropfband. Kettenschmuck ist ein Must-Have in der Kollektion jeder Frau. Tragen Sie ihn allein oder kombinieren Sie ihn mit anderen, um Ihren gew\u00fcnschten Look zu erzielen.  &nbsp;Die Kette ist 45 cm lang, mit einem Markenlogo versehen und hat einen kleinen runden Verschluss. Sie ist aus Silber gefertigt und mit Rhodium und Ros\u00e9gold beschichtet, um sie vor Kratzern und Oxidation zu sch\u00fctzen. MyaMoon ist eine Schmuckmarke, die in Estland von einer Mutter und ihrer Tochter gegr\u00fcndet wurde. Ihr Schmuck istschlicht und zeitlos und erg\u00e4nzt die Tr\u00e4gerin, anstatt mit ihrem Stil zu konkurrieren. Die St\u00fccke werden aus Sterlingsilber und sorgf\u00e4ltig ausgew\u00e4hlten Edelsteinen gefertigt. Material: 925 Silber, rhodiniert und ros\u00e9vergoldetL\u00e4nge der Kette: 45 cmEntworfen in EstlandSilber oxidiert leicht und wird stumpf und dunkel. Wenn Sie Ihren Schmuck jedoch gut pflegen, bleibt er jahrelang sch\u00f6n und frisch. Um Silberschmuck zu verwenden und zu pflegen, bewahren Sie ihn an einem trockenen, k\u00fchlen Ort auf, wenn Sie ihn nicht tragen, und vermeiden Sie den Kontakt mit scharfen Chemikalien wie Haushaltsreinigern, Bleichmitteln und Kosmetika. Legen Sie den Schmuck ab, bevor Sie Sport treiben oder Aktivit\u00e4ten nachgehen, die zu Schwei\u00dfbildung oder Besch\u00e4digungen f\u00fchren k\u00f6nnen. Verwenden Sie zur Reinigung des Schmucks ein weiches, trockenes Tuch, um Schmutz und Dreck von der Oberfl\u00e4che zu entfernen.  \/\/EST:Choker-kee kolme eri v\u00e4rvi \u00f5hulise harjatud pinnaga rullidega, l\u00e4bi mille jookseb 45cm pikkune choker-kee.Keti kinnitust kaunistab MyaMoon logotag.Kee on valmistatud 925 standardprooviga h\u00f5bedast, ning kaetud h\u00f5bedase ja musta roodiumi ning roosa kullaga, mis kaitsevad ehet kriimustuste ja oks\u00fcdeerumise eest.","og_url":"https:\/\/glowery.me\/de\/produkt\/luftiges-puenktchen-kropfband\/","og_site_name":"Glowery","article_publisher":"https:\/\/www.facebook.com\/profile.php?id=61575866108739","og_image":[{"width":1199,"height":1199,"url":"https:\/\/glowery.me\/wp-content\/uploads\/2025\/04\/QBziFBuY-1.jpeg","type":"image\/jpeg"}],"twitter_card":"summary_large_image","twitter_misc":{"Gesch\u00e4tzte Lesezeit":"1\u00a0Minute"},"schema":{"@context":"https:\/\/schema.org","@graph":[{"@type":"WebPage","@id":"https:\/\/glowery.me\/de\/produkt\/luftiges-puenktchen-kropfband\/","url":"https:\/\/glowery.me\/de\/produkt\/luftiges-puenktchen-kropfband\/","name":"Luftiges P\u00fcnktchen Kropfband - Glowery","isPartOf":{"@id":"https:\/\/glowery.me\/#website"},"primaryImageOfPage":{"@id":"https:\/\/glowery.me\/de\/produkt\/luftiges-puenktchen-kropfband\/#primaryimage"},"image":{"@id":"https:\/\/glowery.me\/de\/produkt\/luftiges-puenktchen-kropfband\/#primaryimage"},"thumbnailUrl":"https:\/\/glowery.me\/wp-content\/uploads\/2025\/04\/QBziFBuY-1.jpeg","datePublished":"2025-04-26T19:36:00+00:00","breadcrumb":{"@id":"https:\/\/glowery.me\/de\/produkt\/luftiges-puenktchen-kropfband\/#breadcrumb"},"inLanguage":"de","potentialAction":[{"@type":"ReadAction","target":["https:\/\/glowery.me\/de\/produkt\/luftiges-puenktchen-kropfband\/"]}]},{"@type":"ImageObject","inLanguage":"de","@id":"https:\/\/glowery.me\/de\/produkt\/luftiges-puenktchen-kropfband\/#primaryimage","url":"https:\/\/glowery.me\/wp-content\/uploads\/2025\/04\/QBziFBuY-1.jpeg","contentUrl":"https:\/\/glowery.me\/wp-content\/uploads\/2025\/04\/QBziFBuY-1.jpeg","width":1199,"height":1199},{"@type":"BreadcrumbList","@id":"https:\/\/glowery.me\/de\/produkt\/luftiges-puenktchen-kropfband\/#breadcrumb","itemListElement":[{"@type":"ListItem","position":1,"name":"Home","item":"https:\/\/glowery.me\/de\/startseite\/"},{"@type":"ListItem","position":2,"name":"Shop","item":"https:\/\/glowery.me\/de\/shop\/"},{"@type":"ListItem","position":3,"name":"Luftiges P\u00fcnktchen Kropfband"}]},{"@type":"WebSite","@id":"https:\/\/glowery.me\/#website","url":"https:\/\/glowery.me\/","name":"Glowery","description":"Stilvolle Essentials \u2013 von zeitlosem Schmuck \u00fcber elegante Taschen und Schuhe bis hin zu ausgew\u00e4hlten Kleidern und nat\u00fcrlicher Kosmetik.","publisher":{"@id":"https:\/\/glowery.me\/#organization"},"potentialAction":[{"@type":"SearchAction","target":{"@type":"EntryPoint","urlTemplate":"https:\/\/glowery.me\/?s={search_term_string}"},"query-input":{"@type":"PropertyValueSpecification","valueRequired":true,"valueName":"search_term_string"}}],"inLanguage":"de"},{"@type":"Organization","@id":"https:\/\/glowery.me\/#organization","name":"Glowery","url":"https:\/\/glowery.me\/","logo":{"@type":"ImageObject","inLanguage":"de","@id":"https:\/\/glowery.me\/#\/schema\/logo\/image\/","url":"https:\/\/glowery.me\/wp-content\/uploads\/2025\/05\/Glowery-e1746421067847.png","contentUrl":"https:\/\/glowery.me\/wp-content\/uploads\/2025\/05\/Glowery-e1746421067847.png","width":494,"height":146,"caption":"Glowery"},"image":{"@id":"https:\/\/glowery.me\/#\/schema\/logo\/image\/"},"sameAs":["https:\/\/www.facebook.com\/profile.php?id=61575866108739","https:\/\/www.instagram.com\/glowery.me","https:\/\/www.tiktok.com\/@glowery.me?_t=ZN-8wLhgUVkGCk&_r=1"]}]}},"jetpack_sharing_enabled":true,"_links":{"self":[{"href":"https:\/\/glowery.me\/de\/wp-json\/wp\/v2\/product\/26688","targetHints":{"allow":["GET"]}}],"collection":[{"href":"https:\/\/glowery.me\/de\/wp-json\/wp\/v2\/product"}],"about":[{"href":"https:\/\/glowery.me\/de\/wp-json\/wp\/v2\/types\/product"}],"replies":[{"embeddable":true,"href":"https:\/\/glowery.me\/de\/wp-json\/wp\/v2\/comments?post=26688"}],"wp:featuredmedia":[{"embeddable":true,"href":"https:\/\/glowery.me\/de\/wp-json\/wp\/v2\/media\/12586"}],"wp:attachment":[{"href":"https:\/\/glowery.me\/de\/wp-json\/wp\/v2\/media?parent=26688"}],"wp:term":[{"taxonomy":"product_brand","embeddable":true,"href":"https:\/\/glowery.me\/de\/wp-json\/wp\/v2\/product_brand?post=26688"},{"taxonomy":"product_cat","embeddable":true,"href":"https:\/\/glowery.me\/de\/wp-json\/wp\/v2\/product_cat?post=26688"},{"taxonomy":"product_tag","embeddable":true,"href":"https:\/\/glowery.me\/de\/wp-json\/wp\/v2\/product_tag?post=26688"}],"curies":[{"name":"wp","href":"https:\/\/api.w.org\/{rel}","templated":true}]}}