{"id":26726,"date":"2025-04-26T19:36:00","date_gmt":"2025-04-26T19:36:00","guid":{"rendered":"https:\/\/glowery.me\/produkt\/armband-fuer-ihn-einfach-das-beste\/"},"modified":"2025-04-26T19:36:00","modified_gmt":"2025-04-26T19:36:00","slug":"armband-fuer-ihn-einfach-das-beste","status":"publish","type":"product","link":"https:\/\/glowery.me\/de\/produkt\/armband-fuer-ihn-einfach-das-beste\/","title":{"rendered":"Armband f\u00fcr Ihn &#8211; Einfach das Beste"},"content":{"rendered":"<p><strong>Das Armband &#8222;Simply The Best&#8220; von OLLA f\u00fcr ihn.<\/strong>  Die OLLA Herrenarmb\u00e4nder sind f\u00fcr alle M\u00e4nner geeignet. Das Armband kann leicht gebogen werden, um es gr\u00f6\u00dfer oder kleiner zu machen, und sie sind haltbar und leicht, so dass Sie sie jeden Tag tragen k\u00f6nnen. Die Armb\u00e4nder von Olla werden sorgf\u00e4ltig aus rostfreiem Metall poliert und technologisch verarbeitet, um eine lange Haltbarkeit und ein lang anhaltendes Aussehen zu gew\u00e4hrleisten. Die tief eingravierte Botschaft ist klar und deutlich zu lesen. Gut gepflegte Armb\u00e4nder behalten ihren urspr\u00fcnglichen Farbton \u00fcber Jahre hinweg. Vermeiden Sie Feuchtigkeit und den Kontakt mit Kosmetika und Haushaltschemikalien. Reinigen Sie den Schmuck bei Bedarf mit einem Baumwoll- oder Samttuch.      <\/p>\n<ul>\n<li>Die Breite des Armbands betr\u00e4gt 6 mm<\/li>\n<li>Erh\u00e4ltlich in mattem Schwarz<\/li>\n<\/ul>\n","protected":false},"excerpt":{"rendered":"<p><strong>Das Armband &#8222;Simply The Best&#8220; von OLLA f\u00fcr ihn.<\/strong>  Die OLLA Herrenarmb\u00e4nder sind f\u00fcr alle M\u00e4nner geeignet. Das Armband kann leicht gebogen werden, um es gr\u00f6\u00dfer oder kleiner zu machen, und sie sind haltbar und leicht, so dass Sie sie jeden Tag tragen k\u00f6nnen. Die Armb\u00e4nder von Olla werden sorgf\u00e4ltig aus rostfreiem Metall poliert und technologisch verarbeitet, um eine lange Haltbarkeit und ein lang anhaltendes Aussehen zu gew\u00e4hrleisten. Die tief eingravierte Botschaft ist klar und deutlich zu lesen. Gut gepflegte Armb\u00e4nder behalten ihren urspr\u00fcnglichen Farbton \u00fcber Jahre hinweg. Vermeiden Sie Feuchtigkeit und den Kontakt mit Kosmetika und Haushaltschemikalien. Reinigen Sie den Schmuck bei Bedarf mit einem Baumwoll- oder Samttuch.      <\/p>\n<ul>\n<li>Die Breite des Armbands betr\u00e4gt 6 mm<\/li>\n<li>Erh\u00e4ltlich in mattem Schwarz<\/li>\n<\/ul>\n","protected":false},"featured_media":12376,"comment_status":"open","ping_status":"closed","template":"","meta":[],"product_brand":[],"product_cat":[154,126],"product_tag":[],"class_list":{"0":"post-26726","1":"product","2":"type-product","3":"status-publish","4":"has-post-thumbnail","6":"product_cat-armbander","7":"product_cat-schmuck","9":"first","10":"instock","11":"shipping-taxable","12":"purchasable","13":"product-type-variable"},"yoast_head":"<!-- This site is optimized with the Yoast SEO plugin v25.3 - https:\/\/yoast.com\/wordpress\/plugins\/seo\/ -->\n<title>Armband f\u00fcr Ihn - Einfach das Beste - Glowery<\/title>\n<meta name=\"robots\" content=\"index, follow, max-snippet:-1, max-image-preview:large, max-video-preview:-1\" \/>\n<link rel=\"canonical\" href=\"https:\/\/glowery.me\/de\/produkt\/armband-fuer-ihn-einfach-das-beste\/\" \/>\n<meta property=\"og:locale\" content=\"de_DE\" \/>\n<meta property=\"og:type\" content=\"article\" \/>\n<meta property=\"og:title\" content=\"Armband f\u00fcr Ihn - Einfach das Beste - Glowery\" \/>\n<meta property=\"og:description\" content=\"Das Armband &quot;Simply The Best&quot; von OLLA f\u00fcr ihn. Die OLLA Herrenarmb\u00e4nder sind f\u00fcr alle M\u00e4nner geeignet. Das Armband kann leicht gebogen werden, um es gr\u00f6\u00dfer oder kleiner zu machen, und sie sind haltbar und leicht, so dass Sie sie jeden Tag tragen k\u00f6nnen. Die Armb\u00e4nder von Olla werden sorgf\u00e4ltig aus rostfreiem Metall poliert und technologisch verarbeitet, um eine lange Haltbarkeit und ein lang anhaltendes Aussehen zu gew\u00e4hrleisten. Die tief eingravierte Botschaft ist klar und deutlich zu lesen. Gut gepflegte Armb\u00e4nder behalten ihren urspr\u00fcnglichen Farbton \u00fcber Jahre hinweg. Vermeiden Sie Feuchtigkeit und den Kontakt mit Kosmetika und Haushaltschemikalien. Reinigen Sie den Schmuck bei Bedarf mit einem Baumwoll- oder Samttuch.    Die Breite des Armbands betr\u00e4gt 6 mm Erh\u00e4ltlich in mattem Schwarz\" \/>\n<meta property=\"og:url\" content=\"https:\/\/glowery.me\/de\/produkt\/armband-fuer-ihn-einfach-das-beste\/\" \/>\n<meta property=\"og:site_name\" content=\"Glowery\" \/>\n<meta property=\"article:publisher\" content=\"https:\/\/www.facebook.com\/profile.php?id=61575866108739\" \/>\n<meta property=\"og:image\" content=\"https:\/\/glowery.me\/wp-content\/uploads\/2025\/04\/SIMPLY-THE-BEST_meeste.jpg\" \/>\n\t<meta property=\"og:image:width\" content=\"1800\" \/>\n\t<meta property=\"og:image:height\" content=\"1800\" \/>\n\t<meta property=\"og:image:type\" content=\"image\/jpeg\" \/>\n<meta name=\"twitter:card\" content=\"summary_large_image\" \/>\n<meta name=\"twitter:label1\" content=\"Gesch\u00e4tzte Lesezeit\" \/>\n\t<meta name=\"twitter:data1\" content=\"1\u00a0Minute\" \/>\n<script type=\"application\/ld+json\" class=\"yoast-schema-graph\">{\"@context\":\"https:\/\/schema.org\",\"@graph\":[{\"@type\":\"WebPage\",\"@id\":\"https:\/\/glowery.me\/de\/produkt\/armband-fuer-ihn-einfach-das-beste\/\",\"url\":\"https:\/\/glowery.me\/de\/produkt\/armband-fuer-ihn-einfach-das-beste\/\",\"name\":\"Armband f\u00fcr Ihn - Einfach das Beste - Glowery\",\"isPartOf\":{\"@id\":\"https:\/\/glowery.me\/#website\"},\"primaryImageOfPage\":{\"@id\":\"https:\/\/glowery.me\/de\/produkt\/armband-fuer-ihn-einfach-das-beste\/#primaryimage\"},\"image\":{\"@id\":\"https:\/\/glowery.me\/de\/produkt\/armband-fuer-ihn-einfach-das-beste\/#primaryimage\"},\"thumbnailUrl\":\"https:\/\/glowery.me\/wp-content\/uploads\/2025\/04\/SIMPLY-THE-BEST_meeste.jpg\",\"datePublished\":\"2025-04-26T19:36:00+00:00\",\"breadcrumb\":{\"@id\":\"https:\/\/glowery.me\/de\/produkt\/armband-fuer-ihn-einfach-das-beste\/#breadcrumb\"},\"inLanguage\":\"de\",\"potentialAction\":[{\"@type\":\"ReadAction\",\"target\":[\"https:\/\/glowery.me\/de\/produkt\/armband-fuer-ihn-einfach-das-beste\/\"]}]},{\"@type\":\"ImageObject\",\"inLanguage\":\"de\",\"@id\":\"https:\/\/glowery.me\/de\/produkt\/armband-fuer-ihn-einfach-das-beste\/#primaryimage\",\"url\":\"https:\/\/glowery.me\/wp-content\/uploads\/2025\/04\/SIMPLY-THE-BEST_meeste.jpg\",\"contentUrl\":\"https:\/\/glowery.me\/wp-content\/uploads\/2025\/04\/SIMPLY-THE-BEST_meeste.jpg\",\"width\":1800,\"height\":1800},{\"@type\":\"BreadcrumbList\",\"@id\":\"https:\/\/glowery.me\/de\/produkt\/armband-fuer-ihn-einfach-das-beste\/#breadcrumb\",\"itemListElement\":[{\"@type\":\"ListItem\",\"position\":1,\"name\":\"Home\",\"item\":\"https:\/\/glowery.me\/de\/startseite\/\"},{\"@type\":\"ListItem\",\"position\":2,\"name\":\"Shop\",\"item\":\"https:\/\/glowery.me\/de\/shop\/\"},{\"@type\":\"ListItem\",\"position\":3,\"name\":\"Armband f\u00fcr Ihn &#8211; Einfach das Beste\"}]},{\"@type\":\"WebSite\",\"@id\":\"https:\/\/glowery.me\/#website\",\"url\":\"https:\/\/glowery.me\/\",\"name\":\"Glowery\",\"description\":\"Stilvolle Essentials \u2013 von zeitlosem Schmuck \u00fcber elegante Taschen und Schuhe bis hin zu ausgew\u00e4hlten Kleidern und nat\u00fcrlicher Kosmetik.\",\"publisher\":{\"@id\":\"https:\/\/glowery.me\/#organization\"},\"potentialAction\":[{\"@type\":\"SearchAction\",\"target\":{\"@type\":\"EntryPoint\",\"urlTemplate\":\"https:\/\/glowery.me\/?s={search_term_string}\"},\"query-input\":{\"@type\":\"PropertyValueSpecification\",\"valueRequired\":true,\"valueName\":\"search_term_string\"}}],\"inLanguage\":\"de\"},{\"@type\":\"Organization\",\"@id\":\"https:\/\/glowery.me\/#organization\",\"name\":\"Glowery\",\"url\":\"https:\/\/glowery.me\/\",\"logo\":{\"@type\":\"ImageObject\",\"inLanguage\":\"de\",\"@id\":\"https:\/\/glowery.me\/#\/schema\/logo\/image\/\",\"url\":\"https:\/\/glowery.me\/wp-content\/uploads\/2025\/05\/Glowery-e1746421067847.png\",\"contentUrl\":\"https:\/\/glowery.me\/wp-content\/uploads\/2025\/05\/Glowery-e1746421067847.png\",\"width\":494,\"height\":146,\"caption\":\"Glowery\"},\"image\":{\"@id\":\"https:\/\/glowery.me\/#\/schema\/logo\/image\/\"},\"sameAs\":[\"https:\/\/www.facebook.com\/profile.php?id=61575866108739\",\"https:\/\/www.instagram.com\/glowery.me\",\"https:\/\/www.tiktok.com\/@glowery.me?_t=ZN-8wLhgUVkGCk&_r=1\"]}]}<\/script>\n<!-- \/ Yoast SEO plugin. -->","yoast_head_json":{"title":"Armband f\u00fcr Ihn - Einfach das Beste - Glowery","robots":{"index":"index","follow":"follow","max-snippet":"max-snippet:-1","max-image-preview":"max-image-preview:large","max-video-preview":"max-video-preview:-1"},"canonical":"https:\/\/glowery.me\/de\/produkt\/armband-fuer-ihn-einfach-das-beste\/","og_locale":"de_DE","og_type":"article","og_title":"Armband f\u00fcr Ihn - Einfach das Beste - Glowery","og_description":"Das Armband \"Simply The Best\" von OLLA f\u00fcr ihn. Die OLLA Herrenarmb\u00e4nder sind f\u00fcr alle M\u00e4nner geeignet. Das Armband kann leicht gebogen werden, um es gr\u00f6\u00dfer oder kleiner zu machen, und sie sind haltbar und leicht, so dass Sie sie jeden Tag tragen k\u00f6nnen. Die Armb\u00e4nder von Olla werden sorgf\u00e4ltig aus rostfreiem Metall poliert und technologisch verarbeitet, um eine lange Haltbarkeit und ein lang anhaltendes Aussehen zu gew\u00e4hrleisten. Die tief eingravierte Botschaft ist klar und deutlich zu lesen. Gut gepflegte Armb\u00e4nder behalten ihren urspr\u00fcnglichen Farbton \u00fcber Jahre hinweg. Vermeiden Sie Feuchtigkeit und den Kontakt mit Kosmetika und Haushaltschemikalien. Reinigen Sie den Schmuck bei Bedarf mit einem Baumwoll- oder Samttuch.    Die Breite des Armbands betr\u00e4gt 6 mm Erh\u00e4ltlich in mattem Schwarz","og_url":"https:\/\/glowery.me\/de\/produkt\/armband-fuer-ihn-einfach-das-beste\/","og_site_name":"Glowery","article_publisher":"https:\/\/www.facebook.com\/profile.php?id=61575866108739","og_image":[{"width":1800,"height":1800,"url":"https:\/\/glowery.me\/wp-content\/uploads\/2025\/04\/SIMPLY-THE-BEST_meeste.jpg","type":"image\/jpeg"}],"twitter_card":"summary_large_image","twitter_misc":{"Gesch\u00e4tzte Lesezeit":"1\u00a0Minute"},"schema":{"@context":"https:\/\/schema.org","@graph":[{"@type":"WebPage","@id":"https:\/\/glowery.me\/de\/produkt\/armband-fuer-ihn-einfach-das-beste\/","url":"https:\/\/glowery.me\/de\/produkt\/armband-fuer-ihn-einfach-das-beste\/","name":"Armband f\u00fcr Ihn - Einfach das Beste - Glowery","isPartOf":{"@id":"https:\/\/glowery.me\/#website"},"primaryImageOfPage":{"@id":"https:\/\/glowery.me\/de\/produkt\/armband-fuer-ihn-einfach-das-beste\/#primaryimage"},"image":{"@id":"https:\/\/glowery.me\/de\/produkt\/armband-fuer-ihn-einfach-das-beste\/#primaryimage"},"thumbnailUrl":"https:\/\/glowery.me\/wp-content\/uploads\/2025\/04\/SIMPLY-THE-BEST_meeste.jpg","datePublished":"2025-04-26T19:36:00+00:00","breadcrumb":{"@id":"https:\/\/glowery.me\/de\/produkt\/armband-fuer-ihn-einfach-das-beste\/#breadcrumb"},"inLanguage":"de","potentialAction":[{"@type":"ReadAction","target":["https:\/\/glowery.me\/de\/produkt\/armband-fuer-ihn-einfach-das-beste\/"]}]},{"@type":"ImageObject","inLanguage":"de","@id":"https:\/\/glowery.me\/de\/produkt\/armband-fuer-ihn-einfach-das-beste\/#primaryimage","url":"https:\/\/glowery.me\/wp-content\/uploads\/2025\/04\/SIMPLY-THE-BEST_meeste.jpg","contentUrl":"https:\/\/glowery.me\/wp-content\/uploads\/2025\/04\/SIMPLY-THE-BEST_meeste.jpg","width":1800,"height":1800},{"@type":"BreadcrumbList","@id":"https:\/\/glowery.me\/de\/produkt\/armband-fuer-ihn-einfach-das-beste\/#breadcrumb","itemListElement":[{"@type":"ListItem","position":1,"name":"Home","item":"https:\/\/glowery.me\/de\/startseite\/"},{"@type":"ListItem","position":2,"name":"Shop","item":"https:\/\/glowery.me\/de\/shop\/"},{"@type":"ListItem","position":3,"name":"Armband f\u00fcr Ihn &#8211; Einfach das Beste"}]},{"@type":"WebSite","@id":"https:\/\/glowery.me\/#website","url":"https:\/\/glowery.me\/","name":"Glowery","description":"Stilvolle Essentials \u2013 von zeitlosem Schmuck \u00fcber elegante Taschen und Schuhe bis hin zu ausgew\u00e4hlten Kleidern und nat\u00fcrlicher Kosmetik.","publisher":{"@id":"https:\/\/glowery.me\/#organization"},"potentialAction":[{"@type":"SearchAction","target":{"@type":"EntryPoint","urlTemplate":"https:\/\/glowery.me\/?s={search_term_string}"},"query-input":{"@type":"PropertyValueSpecification","valueRequired":true,"valueName":"search_term_string"}}],"inLanguage":"de"},{"@type":"Organization","@id":"https:\/\/glowery.me\/#organization","name":"Glowery","url":"https:\/\/glowery.me\/","logo":{"@type":"ImageObject","inLanguage":"de","@id":"https:\/\/glowery.me\/#\/schema\/logo\/image\/","url":"https:\/\/glowery.me\/wp-content\/uploads\/2025\/05\/Glowery-e1746421067847.png","contentUrl":"https:\/\/glowery.me\/wp-content\/uploads\/2025\/05\/Glowery-e1746421067847.png","width":494,"height":146,"caption":"Glowery"},"image":{"@id":"https:\/\/glowery.me\/#\/schema\/logo\/image\/"},"sameAs":["https:\/\/www.facebook.com\/profile.php?id=61575866108739","https:\/\/www.instagram.com\/glowery.me","https:\/\/www.tiktok.com\/@glowery.me?_t=ZN-8wLhgUVkGCk&_r=1"]}]}},"jetpack_sharing_enabled":true,"_links":{"self":[{"href":"https:\/\/glowery.me\/de\/wp-json\/wp\/v2\/product\/26726","targetHints":{"allow":["GET"]}}],"collection":[{"href":"https:\/\/glowery.me\/de\/wp-json\/wp\/v2\/product"}],"about":[{"href":"https:\/\/glowery.me\/de\/wp-json\/wp\/v2\/types\/product"}],"replies":[{"embeddable":true,"href":"https:\/\/glowery.me\/de\/wp-json\/wp\/v2\/comments?post=26726"}],"wp:featuredmedia":[{"embeddable":true,"href":"https:\/\/glowery.me\/de\/wp-json\/wp\/v2\/media\/12376"}],"wp:attachment":[{"href":"https:\/\/glowery.me\/de\/wp-json\/wp\/v2\/media?parent=26726"}],"wp:term":[{"taxonomy":"product_brand","embeddable":true,"href":"https:\/\/glowery.me\/de\/wp-json\/wp\/v2\/product_brand?post=26726"},{"taxonomy":"product_cat","embeddable":true,"href":"https:\/\/glowery.me\/de\/wp-json\/wp\/v2\/product_cat?post=26726"},{"taxonomy":"product_tag","embeddable":true,"href":"https:\/\/glowery.me\/de\/wp-json\/wp\/v2\/product_tag?post=26726"}],"curies":[{"name":"wp","href":"https:\/\/api.w.org\/{rel}","templated":true}]}}