{"id":26755,"date":"2025-04-26T19:35:00","date_gmt":"2025-04-26T19:35:00","guid":{"rendered":"https:\/\/glowery.me\/produkt\/armband-fuer-ihn-believe\/"},"modified":"2025-04-26T19:35:00","modified_gmt":"2025-04-26T19:35:00","slug":"armband-fuer-ihn-believe","status":"publish","type":"product","link":"https:\/\/glowery.me\/de\/produkt\/armband-fuer-ihn-believe\/","title":{"rendered":"Armband f\u00fcr Ihn &#8211; Believe"},"content":{"rendered":"<p>Die OLLA Herrenarmb\u00e4nder sind f\u00fcr alle M\u00e4nner geeignet. Das Armband kann durch leichtes Biegen an die Gr\u00f6\u00dfe angepasst werden. Sie sind langlebig und leicht, was sie perfekt f\u00fcr den Alltag macht. OLLA Armb\u00e4nder werden aus sorgf\u00e4ltig poliertem Edelstahl hergestellt und mit fortschrittlicher Technologie behandelt, um Haltbarkeit und ein lang anhaltendes Aussehen zu gew\u00e4hrleisten. Die tief eingravierte Botschaft ist klar und einfach zu lesen. Bei richtiger Pflege behalten die Armb\u00e4nder ihre urspr\u00fcngliche Oberfl\u00e4che \u00fcber Jahre hinweg. Vermeiden Sie Feuchtigkeit, Kosmetika und Haushaltschemikalien. Reinigen Sie sie bei Bedarf mit einem Baumwoll- oder Samttuch.       <\/p>\n<ul>\n<li>\n<p>Breite: 6mm<\/p>\n<\/li>\n<li>\n<p>Erh\u00e4ltlich in Silber<\/p>\n<\/li>\n<\/ul>\n","protected":false},"excerpt":{"rendered":"<p>Die OLLA Herrenarmb\u00e4nder sind f\u00fcr alle M\u00e4nner geeignet. Das Armband kann durch leichtes Biegen an die Gr\u00f6\u00dfe angepasst werden. Sie sind langlebig und leicht, was sie perfekt f\u00fcr den Alltag macht. OLLA Armb\u00e4nder werden aus sorgf\u00e4ltig poliertem Edelstahl hergestellt und mit fortschrittlicher Technologie behandelt, um Haltbarkeit und ein lang anhaltendes Aussehen zu gew\u00e4hrleisten. Die tief eingravierte Botschaft ist klar und einfach zu lesen. Bei richtiger Pflege behalten die Armb\u00e4nder ihre urspr\u00fcngliche Oberfl\u00e4che \u00fcber Jahre hinweg. Vermeiden Sie Feuchtigkeit, Kosmetika und Haushaltschemikalien. Reinigen Sie sie bei Bedarf mit einem Baumwoll- oder Samttuch.       <\/p>\n<ul>\n<li>\n<p>Breite: 6mm<\/p>\n<\/li>\n<li>\n<p>Erh\u00e4ltlich in Silber<\/p>\n<\/li>\n<\/ul>\n","protected":false},"featured_media":12283,"comment_status":"open","ping_status":"closed","template":"","meta":[],"product_brand":[],"product_cat":[154,126],"product_tag":[],"class_list":{"0":"post-26755","1":"product","2":"type-product","3":"status-publish","4":"has-post-thumbnail","6":"product_cat-armbander","7":"product_cat-schmuck","9":"first","10":"instock","11":"shipping-taxable","12":"purchasable","13":"product-type-variable"},"yoast_head":"<!-- This site is optimized with the Yoast SEO plugin v25.3 - https:\/\/yoast.com\/wordpress\/plugins\/seo\/ -->\n<title>Armband f\u00fcr Ihn - Believe - Glowery<\/title>\n<meta name=\"robots\" content=\"index, follow, max-snippet:-1, max-image-preview:large, max-video-preview:-1\" \/>\n<link rel=\"canonical\" href=\"https:\/\/glowery.me\/de\/produkt\/armband-fuer-ihn-believe\/\" \/>\n<meta property=\"og:locale\" content=\"de_DE\" \/>\n<meta property=\"og:type\" content=\"article\" \/>\n<meta property=\"og:title\" content=\"Armband f\u00fcr Ihn - Believe - Glowery\" \/>\n<meta property=\"og:description\" content=\"Die OLLA Herrenarmb\u00e4nder sind f\u00fcr alle M\u00e4nner geeignet. Das Armband kann durch leichtes Biegen an die Gr\u00f6\u00dfe angepasst werden. Sie sind langlebig und leicht, was sie perfekt f\u00fcr den Alltag macht. OLLA Armb\u00e4nder werden aus sorgf\u00e4ltig poliertem Edelstahl hergestellt und mit fortschrittlicher Technologie behandelt, um Haltbarkeit und ein lang anhaltendes Aussehen zu gew\u00e4hrleisten. Die tief eingravierte Botschaft ist klar und einfach zu lesen. Bei richtiger Pflege behalten die Armb\u00e4nder ihre urspr\u00fcngliche Oberfl\u00e4che \u00fcber Jahre hinweg. Vermeiden Sie Feuchtigkeit, Kosmetika und Haushaltschemikalien. Reinigen Sie sie bei Bedarf mit einem Baumwoll- oder Samttuch.    Breite: 6mmErh\u00e4ltlich in Silber\" \/>\n<meta property=\"og:url\" content=\"https:\/\/glowery.me\/de\/produkt\/armband-fuer-ihn-believe\/\" \/>\n<meta property=\"og:site_name\" content=\"Glowery\" \/>\n<meta property=\"article:publisher\" content=\"https:\/\/www.facebook.com\/profile.php?id=61575866108739\" \/>\n<meta property=\"og:image\" content=\"https:\/\/glowery.me\/wp-content\/uploads\/2025\/04\/believe_mees.jpg\" \/>\n\t<meta property=\"og:image:width\" content=\"822\" \/>\n\t<meta property=\"og:image:height\" content=\"822\" \/>\n\t<meta property=\"og:image:type\" content=\"image\/jpeg\" \/>\n<meta name=\"twitter:card\" content=\"summary_large_image\" \/>\n<meta name=\"twitter:label1\" content=\"Gesch\u00e4tzte Lesezeit\" \/>\n\t<meta name=\"twitter:data1\" content=\"1\u00a0Minute\" \/>\n<script type=\"application\/ld+json\" class=\"yoast-schema-graph\">{\"@context\":\"https:\/\/schema.org\",\"@graph\":[{\"@type\":\"WebPage\",\"@id\":\"https:\/\/glowery.me\/de\/produkt\/armband-fuer-ihn-believe\/\",\"url\":\"https:\/\/glowery.me\/de\/produkt\/armband-fuer-ihn-believe\/\",\"name\":\"Armband f\u00fcr Ihn - Believe - Glowery\",\"isPartOf\":{\"@id\":\"https:\/\/glowery.me\/#website\"},\"primaryImageOfPage\":{\"@id\":\"https:\/\/glowery.me\/de\/produkt\/armband-fuer-ihn-believe\/#primaryimage\"},\"image\":{\"@id\":\"https:\/\/glowery.me\/de\/produkt\/armband-fuer-ihn-believe\/#primaryimage\"},\"thumbnailUrl\":\"https:\/\/glowery.me\/wp-content\/uploads\/2025\/04\/believe_mees.jpg\",\"datePublished\":\"2025-04-26T19:35:00+00:00\",\"breadcrumb\":{\"@id\":\"https:\/\/glowery.me\/de\/produkt\/armband-fuer-ihn-believe\/#breadcrumb\"},\"inLanguage\":\"de\",\"potentialAction\":[{\"@type\":\"ReadAction\",\"target\":[\"https:\/\/glowery.me\/de\/produkt\/armband-fuer-ihn-believe\/\"]}]},{\"@type\":\"ImageObject\",\"inLanguage\":\"de\",\"@id\":\"https:\/\/glowery.me\/de\/produkt\/armband-fuer-ihn-believe\/#primaryimage\",\"url\":\"https:\/\/glowery.me\/wp-content\/uploads\/2025\/04\/believe_mees.jpg\",\"contentUrl\":\"https:\/\/glowery.me\/wp-content\/uploads\/2025\/04\/believe_mees.jpg\",\"width\":822,\"height\":822},{\"@type\":\"BreadcrumbList\",\"@id\":\"https:\/\/glowery.me\/de\/produkt\/armband-fuer-ihn-believe\/#breadcrumb\",\"itemListElement\":[{\"@type\":\"ListItem\",\"position\":1,\"name\":\"Home\",\"item\":\"https:\/\/glowery.me\/de\/startseite\/\"},{\"@type\":\"ListItem\",\"position\":2,\"name\":\"Shop\",\"item\":\"https:\/\/glowery.me\/de\/shop\/\"},{\"@type\":\"ListItem\",\"position\":3,\"name\":\"Armband f\u00fcr Ihn &#8211; Believe\"}]},{\"@type\":\"WebSite\",\"@id\":\"https:\/\/glowery.me\/#website\",\"url\":\"https:\/\/glowery.me\/\",\"name\":\"Glowery\",\"description\":\"Stilvolle Essentials \u2013 von zeitlosem Schmuck \u00fcber elegante Taschen und Schuhe bis hin zu ausgew\u00e4hlten Kleidern und nat\u00fcrlicher Kosmetik.\",\"publisher\":{\"@id\":\"https:\/\/glowery.me\/#organization\"},\"potentialAction\":[{\"@type\":\"SearchAction\",\"target\":{\"@type\":\"EntryPoint\",\"urlTemplate\":\"https:\/\/glowery.me\/?s={search_term_string}\"},\"query-input\":{\"@type\":\"PropertyValueSpecification\",\"valueRequired\":true,\"valueName\":\"search_term_string\"}}],\"inLanguage\":\"de\"},{\"@type\":\"Organization\",\"@id\":\"https:\/\/glowery.me\/#organization\",\"name\":\"Glowery\",\"url\":\"https:\/\/glowery.me\/\",\"logo\":{\"@type\":\"ImageObject\",\"inLanguage\":\"de\",\"@id\":\"https:\/\/glowery.me\/#\/schema\/logo\/image\/\",\"url\":\"https:\/\/glowery.me\/wp-content\/uploads\/2025\/05\/Glowery-e1746421067847.png\",\"contentUrl\":\"https:\/\/glowery.me\/wp-content\/uploads\/2025\/05\/Glowery-e1746421067847.png\",\"width\":494,\"height\":146,\"caption\":\"Glowery\"},\"image\":{\"@id\":\"https:\/\/glowery.me\/#\/schema\/logo\/image\/\"},\"sameAs\":[\"https:\/\/www.facebook.com\/profile.php?id=61575866108739\",\"https:\/\/www.instagram.com\/glowery.me\",\"https:\/\/www.tiktok.com\/@glowery.me?_t=ZN-8wLhgUVkGCk&_r=1\"]}]}<\/script>\n<!-- \/ Yoast SEO plugin. -->","yoast_head_json":{"title":"Armband f\u00fcr Ihn - Believe - Glowery","robots":{"index":"index","follow":"follow","max-snippet":"max-snippet:-1","max-image-preview":"max-image-preview:large","max-video-preview":"max-video-preview:-1"},"canonical":"https:\/\/glowery.me\/de\/produkt\/armband-fuer-ihn-believe\/","og_locale":"de_DE","og_type":"article","og_title":"Armband f\u00fcr Ihn - Believe - Glowery","og_description":"Die OLLA Herrenarmb\u00e4nder sind f\u00fcr alle M\u00e4nner geeignet. Das Armband kann durch leichtes Biegen an die Gr\u00f6\u00dfe angepasst werden. Sie sind langlebig und leicht, was sie perfekt f\u00fcr den Alltag macht. OLLA Armb\u00e4nder werden aus sorgf\u00e4ltig poliertem Edelstahl hergestellt und mit fortschrittlicher Technologie behandelt, um Haltbarkeit und ein lang anhaltendes Aussehen zu gew\u00e4hrleisten. Die tief eingravierte Botschaft ist klar und einfach zu lesen. Bei richtiger Pflege behalten die Armb\u00e4nder ihre urspr\u00fcngliche Oberfl\u00e4che \u00fcber Jahre hinweg. Vermeiden Sie Feuchtigkeit, Kosmetika und Haushaltschemikalien. Reinigen Sie sie bei Bedarf mit einem Baumwoll- oder Samttuch.    Breite: 6mmErh\u00e4ltlich in Silber","og_url":"https:\/\/glowery.me\/de\/produkt\/armband-fuer-ihn-believe\/","og_site_name":"Glowery","article_publisher":"https:\/\/www.facebook.com\/profile.php?id=61575866108739","og_image":[{"width":822,"height":822,"url":"https:\/\/glowery.me\/wp-content\/uploads\/2025\/04\/believe_mees.jpg","type":"image\/jpeg"}],"twitter_card":"summary_large_image","twitter_misc":{"Gesch\u00e4tzte Lesezeit":"1\u00a0Minute"},"schema":{"@context":"https:\/\/schema.org","@graph":[{"@type":"WebPage","@id":"https:\/\/glowery.me\/de\/produkt\/armband-fuer-ihn-believe\/","url":"https:\/\/glowery.me\/de\/produkt\/armband-fuer-ihn-believe\/","name":"Armband f\u00fcr Ihn - Believe - Glowery","isPartOf":{"@id":"https:\/\/glowery.me\/#website"},"primaryImageOfPage":{"@id":"https:\/\/glowery.me\/de\/produkt\/armband-fuer-ihn-believe\/#primaryimage"},"image":{"@id":"https:\/\/glowery.me\/de\/produkt\/armband-fuer-ihn-believe\/#primaryimage"},"thumbnailUrl":"https:\/\/glowery.me\/wp-content\/uploads\/2025\/04\/believe_mees.jpg","datePublished":"2025-04-26T19:35:00+00:00","breadcrumb":{"@id":"https:\/\/glowery.me\/de\/produkt\/armband-fuer-ihn-believe\/#breadcrumb"},"inLanguage":"de","potentialAction":[{"@type":"ReadAction","target":["https:\/\/glowery.me\/de\/produkt\/armband-fuer-ihn-believe\/"]}]},{"@type":"ImageObject","inLanguage":"de","@id":"https:\/\/glowery.me\/de\/produkt\/armband-fuer-ihn-believe\/#primaryimage","url":"https:\/\/glowery.me\/wp-content\/uploads\/2025\/04\/believe_mees.jpg","contentUrl":"https:\/\/glowery.me\/wp-content\/uploads\/2025\/04\/believe_mees.jpg","width":822,"height":822},{"@type":"BreadcrumbList","@id":"https:\/\/glowery.me\/de\/produkt\/armband-fuer-ihn-believe\/#breadcrumb","itemListElement":[{"@type":"ListItem","position":1,"name":"Home","item":"https:\/\/glowery.me\/de\/startseite\/"},{"@type":"ListItem","position":2,"name":"Shop","item":"https:\/\/glowery.me\/de\/shop\/"},{"@type":"ListItem","position":3,"name":"Armband f\u00fcr Ihn &#8211; Believe"}]},{"@type":"WebSite","@id":"https:\/\/glowery.me\/#website","url":"https:\/\/glowery.me\/","name":"Glowery","description":"Stilvolle Essentials \u2013 von zeitlosem Schmuck \u00fcber elegante Taschen und Schuhe bis hin zu ausgew\u00e4hlten Kleidern und nat\u00fcrlicher Kosmetik.","publisher":{"@id":"https:\/\/glowery.me\/#organization"},"potentialAction":[{"@type":"SearchAction","target":{"@type":"EntryPoint","urlTemplate":"https:\/\/glowery.me\/?s={search_term_string}"},"query-input":{"@type":"PropertyValueSpecification","valueRequired":true,"valueName":"search_term_string"}}],"inLanguage":"de"},{"@type":"Organization","@id":"https:\/\/glowery.me\/#organization","name":"Glowery","url":"https:\/\/glowery.me\/","logo":{"@type":"ImageObject","inLanguage":"de","@id":"https:\/\/glowery.me\/#\/schema\/logo\/image\/","url":"https:\/\/glowery.me\/wp-content\/uploads\/2025\/05\/Glowery-e1746421067847.png","contentUrl":"https:\/\/glowery.me\/wp-content\/uploads\/2025\/05\/Glowery-e1746421067847.png","width":494,"height":146,"caption":"Glowery"},"image":{"@id":"https:\/\/glowery.me\/#\/schema\/logo\/image\/"},"sameAs":["https:\/\/www.facebook.com\/profile.php?id=61575866108739","https:\/\/www.instagram.com\/glowery.me","https:\/\/www.tiktok.com\/@glowery.me?_t=ZN-8wLhgUVkGCk&_r=1"]}]}},"jetpack_sharing_enabled":true,"_links":{"self":[{"href":"https:\/\/glowery.me\/de\/wp-json\/wp\/v2\/product\/26755","targetHints":{"allow":["GET"]}}],"collection":[{"href":"https:\/\/glowery.me\/de\/wp-json\/wp\/v2\/product"}],"about":[{"href":"https:\/\/glowery.me\/de\/wp-json\/wp\/v2\/types\/product"}],"replies":[{"embeddable":true,"href":"https:\/\/glowery.me\/de\/wp-json\/wp\/v2\/comments?post=26755"}],"wp:featuredmedia":[{"embeddable":true,"href":"https:\/\/glowery.me\/de\/wp-json\/wp\/v2\/media\/12283"}],"wp:attachment":[{"href":"https:\/\/glowery.me\/de\/wp-json\/wp\/v2\/media?parent=26755"}],"wp:term":[{"taxonomy":"product_brand","embeddable":true,"href":"https:\/\/glowery.me\/de\/wp-json\/wp\/v2\/product_brand?post=26755"},{"taxonomy":"product_cat","embeddable":true,"href":"https:\/\/glowery.me\/de\/wp-json\/wp\/v2\/product_cat?post=26755"},{"taxonomy":"product_tag","embeddable":true,"href":"https:\/\/glowery.me\/de\/wp-json\/wp\/v2\/product_tag?post=26755"}],"curies":[{"name":"wp","href":"https:\/\/api.w.org\/{rel}","templated":true}]}}