{"id":26757,"date":"2025-04-26T19:35:00","date_gmt":"2025-04-26T19:35:00","guid":{"rendered":"https:\/\/glowery.me\/produkt\/banana-love-ohrringe\/"},"modified":"2025-04-26T19:35:00","modified_gmt":"2025-04-26T19:35:00","slug":"banana-love-ohrringe","status":"publish","type":"product","link":"https:\/\/glowery.me\/de\/produkt\/banana-love-ohrringe\/","title":{"rendered":"Banana Love &#8211; Ohrringe"},"content":{"rendered":"<p><strong>Banana Love<\/strong> Ohrringe von <strong>SCULP Jewelry<\/strong>. Seien Sie fr\u00f6hlich, seien Sie beliebt und seien Sie Teil des k\u00f6niglichen Trios. Eine der beliebtesten Fr\u00fcchte hat eine interessante Geschichte hinter sich. In Tamil Nadu, einem Bundesstaat im S\u00fcdosten Indiens, geh\u00f6rt die Banane zusammen mit der Mango und der Jackfrucht zu den Mukkani, den drei k\u00f6niglichen Fr\u00fcchten.   <\/p>\n<ul>\n<li>Handgefertigter Keramik-Ohrring<\/li>\n<li>Details aus 24K Gold und 925er Sterlingsilber<\/li>\n<li>Alle Artikel sind einzigartig und k\u00f6nnen leicht von der Abbildung abweichen<\/li>\n<\/ul>\n<p><em>Versand: 3-5 Arbeitstage<\/em><\/p>\n","protected":false},"excerpt":{"rendered":"<p><strong>Banana Love<\/strong> Ohrringe von <strong>SCULP Jewelry<\/strong>. Seien Sie fr\u00f6hlich, seien Sie beliebt und seien Sie Teil des k\u00f6niglichen Trios. Eine der beliebtesten Fr\u00fcchte hat eine interessante Geschichte hinter sich. In Tamil Nadu, einem Bundesstaat im S\u00fcdosten Indiens, geh\u00f6rt die Banane zusammen mit der Mango und der Jackfrucht zu den Mukkani, den drei k\u00f6niglichen Fr\u00fcchten.   <\/p>\n<ul>\n<li>Handgefertigter Keramik-Ohrring<\/li>\n<li>Details aus 24K Gold und 925er Sterlingsilber<\/li>\n<li>Alle Artikel sind einzigartig und k\u00f6nnen leicht von der Abbildung abweichen<\/li>\n<\/ul>\n<p><em>Versand: 3-5 Arbeitstage<\/em><\/p>\n","protected":false},"featured_media":12271,"comment_status":"open","ping_status":"closed","template":"","meta":[],"product_brand":[],"product_cat":[128,126],"product_tag":[],"class_list":{"0":"post-26757","1":"product","2":"type-product","3":"status-publish","4":"has-post-thumbnail","6":"product_cat-ohrringe","7":"product_cat-schmuck","9":"first","10":"instock","11":"shipping-taxable","12":"purchasable","13":"product-type-simple"},"yoast_head":"<!-- This site is optimized with the Yoast SEO plugin v25.3 - https:\/\/yoast.com\/wordpress\/plugins\/seo\/ -->\n<title>Banana Love - Ohrringe - Glowery<\/title>\n<meta name=\"robots\" content=\"index, follow, max-snippet:-1, max-image-preview:large, max-video-preview:-1\" \/>\n<link rel=\"canonical\" href=\"https:\/\/glowery.me\/de\/produkt\/banana-love-ohrringe\/\" \/>\n<meta property=\"og:locale\" content=\"de_DE\" \/>\n<meta property=\"og:type\" content=\"article\" \/>\n<meta property=\"og:title\" content=\"Banana Love - Ohrringe - Glowery\" \/>\n<meta property=\"og:description\" content=\"Banana Love Ohrringe von SCULP Jewelry. Seien Sie fr\u00f6hlich, seien Sie beliebt und seien Sie Teil des k\u00f6niglichen Trios. Eine der beliebtesten Fr\u00fcchte hat eine interessante Geschichte hinter sich. In Tamil Nadu, einem Bundesstaat im S\u00fcdosten Indiens, geh\u00f6rt die Banane zusammen mit der Mango und der Jackfrucht zu den Mukkani, den drei k\u00f6niglichen Fr\u00fcchten.   Handgefertigter Keramik-Ohrring Details aus 24K Gold und 925er Sterlingsilber Alle Artikel sind einzigartig und k\u00f6nnen leicht von der Abbildung abweichen Versand: 3-5 Arbeitstage\" \/>\n<meta property=\"og:url\" content=\"https:\/\/glowery.me\/de\/produkt\/banana-love-ohrringe\/\" \/>\n<meta property=\"og:site_name\" content=\"Glowery\" \/>\n<meta property=\"article:publisher\" content=\"https:\/\/www.facebook.com\/profile.php?id=61575866108739\" \/>\n<meta property=\"og:image\" content=\"https:\/\/glowery.me\/wp-content\/uploads\/2025\/04\/banana-love-earrings-111-1024x968.jpg\" \/>\n\t<meta property=\"og:image:width\" content=\"1024\" \/>\n\t<meta property=\"og:image:height\" content=\"968\" \/>\n\t<meta property=\"og:image:type\" content=\"image\/jpeg\" \/>\n<meta name=\"twitter:card\" content=\"summary_large_image\" \/>\n<script type=\"application\/ld+json\" class=\"yoast-schema-graph\">{\"@context\":\"https:\/\/schema.org\",\"@graph\":[{\"@type\":\"WebPage\",\"@id\":\"https:\/\/glowery.me\/de\/produkt\/banana-love-ohrringe\/\",\"url\":\"https:\/\/glowery.me\/de\/produkt\/banana-love-ohrringe\/\",\"name\":\"Banana Love - Ohrringe - Glowery\",\"isPartOf\":{\"@id\":\"https:\/\/glowery.me\/#website\"},\"primaryImageOfPage\":{\"@id\":\"https:\/\/glowery.me\/de\/produkt\/banana-love-ohrringe\/#primaryimage\"},\"image\":{\"@id\":\"https:\/\/glowery.me\/de\/produkt\/banana-love-ohrringe\/#primaryimage\"},\"thumbnailUrl\":\"https:\/\/glowery.me\/wp-content\/uploads\/2025\/04\/banana-love-earrings-111.jpg\",\"datePublished\":\"2025-04-26T19:35:00+00:00\",\"breadcrumb\":{\"@id\":\"https:\/\/glowery.me\/de\/produkt\/banana-love-ohrringe\/#breadcrumb\"},\"inLanguage\":\"de\",\"potentialAction\":[{\"@type\":\"ReadAction\",\"target\":[\"https:\/\/glowery.me\/de\/produkt\/banana-love-ohrringe\/\"]}]},{\"@type\":\"ImageObject\",\"inLanguage\":\"de\",\"@id\":\"https:\/\/glowery.me\/de\/produkt\/banana-love-ohrringe\/#primaryimage\",\"url\":\"https:\/\/glowery.me\/wp-content\/uploads\/2025\/04\/banana-love-earrings-111.jpg\",\"contentUrl\":\"https:\/\/glowery.me\/wp-content\/uploads\/2025\/04\/banana-love-earrings-111.jpg\",\"width\":2305,\"height\":2180},{\"@type\":\"BreadcrumbList\",\"@id\":\"https:\/\/glowery.me\/de\/produkt\/banana-love-ohrringe\/#breadcrumb\",\"itemListElement\":[{\"@type\":\"ListItem\",\"position\":1,\"name\":\"Home\",\"item\":\"https:\/\/glowery.me\/de\/startseite\/\"},{\"@type\":\"ListItem\",\"position\":2,\"name\":\"Shop\",\"item\":\"https:\/\/glowery.me\/de\/shop\/\"},{\"@type\":\"ListItem\",\"position\":3,\"name\":\"Banana Love &#8211; Ohrringe\"}]},{\"@type\":\"WebSite\",\"@id\":\"https:\/\/glowery.me\/#website\",\"url\":\"https:\/\/glowery.me\/\",\"name\":\"Glowery\",\"description\":\"Stilvolle Essentials \u2013 von zeitlosem Schmuck \u00fcber elegante Taschen und Schuhe bis hin zu ausgew\u00e4hlten Kleidern und nat\u00fcrlicher Kosmetik.\",\"publisher\":{\"@id\":\"https:\/\/glowery.me\/#organization\"},\"potentialAction\":[{\"@type\":\"SearchAction\",\"target\":{\"@type\":\"EntryPoint\",\"urlTemplate\":\"https:\/\/glowery.me\/?s={search_term_string}\"},\"query-input\":{\"@type\":\"PropertyValueSpecification\",\"valueRequired\":true,\"valueName\":\"search_term_string\"}}],\"inLanguage\":\"de\"},{\"@type\":\"Organization\",\"@id\":\"https:\/\/glowery.me\/#organization\",\"name\":\"Glowery\",\"url\":\"https:\/\/glowery.me\/\",\"logo\":{\"@type\":\"ImageObject\",\"inLanguage\":\"de\",\"@id\":\"https:\/\/glowery.me\/#\/schema\/logo\/image\/\",\"url\":\"https:\/\/glowery.me\/wp-content\/uploads\/2025\/05\/Glowery-e1746421067847.png\",\"contentUrl\":\"https:\/\/glowery.me\/wp-content\/uploads\/2025\/05\/Glowery-e1746421067847.png\",\"width\":494,\"height\":146,\"caption\":\"Glowery\"},\"image\":{\"@id\":\"https:\/\/glowery.me\/#\/schema\/logo\/image\/\"},\"sameAs\":[\"https:\/\/www.facebook.com\/profile.php?id=61575866108739\",\"https:\/\/www.instagram.com\/glowery.me\",\"https:\/\/www.tiktok.com\/@glowery.me?_t=ZN-8wLhgUVkGCk&_r=1\"]}]}<\/script>\n<!-- \/ Yoast SEO plugin. -->","yoast_head_json":{"title":"Banana Love - Ohrringe - Glowery","robots":{"index":"index","follow":"follow","max-snippet":"max-snippet:-1","max-image-preview":"max-image-preview:large","max-video-preview":"max-video-preview:-1"},"canonical":"https:\/\/glowery.me\/de\/produkt\/banana-love-ohrringe\/","og_locale":"de_DE","og_type":"article","og_title":"Banana Love - Ohrringe - Glowery","og_description":"Banana Love Ohrringe von SCULP Jewelry. Seien Sie fr\u00f6hlich, seien Sie beliebt und seien Sie Teil des k\u00f6niglichen Trios. Eine der beliebtesten Fr\u00fcchte hat eine interessante Geschichte hinter sich. In Tamil Nadu, einem Bundesstaat im S\u00fcdosten Indiens, geh\u00f6rt die Banane zusammen mit der Mango und der Jackfrucht zu den Mukkani, den drei k\u00f6niglichen Fr\u00fcchten.   Handgefertigter Keramik-Ohrring Details aus 24K Gold und 925er Sterlingsilber Alle Artikel sind einzigartig und k\u00f6nnen leicht von der Abbildung abweichen Versand: 3-5 Arbeitstage","og_url":"https:\/\/glowery.me\/de\/produkt\/banana-love-ohrringe\/","og_site_name":"Glowery","article_publisher":"https:\/\/www.facebook.com\/profile.php?id=61575866108739","og_image":[{"width":1024,"height":968,"url":"https:\/\/glowery.me\/wp-content\/uploads\/2025\/04\/banana-love-earrings-111-1024x968.jpg","type":"image\/jpeg"}],"twitter_card":"summary_large_image","schema":{"@context":"https:\/\/schema.org","@graph":[{"@type":"WebPage","@id":"https:\/\/glowery.me\/de\/produkt\/banana-love-ohrringe\/","url":"https:\/\/glowery.me\/de\/produkt\/banana-love-ohrringe\/","name":"Banana Love - Ohrringe - Glowery","isPartOf":{"@id":"https:\/\/glowery.me\/#website"},"primaryImageOfPage":{"@id":"https:\/\/glowery.me\/de\/produkt\/banana-love-ohrringe\/#primaryimage"},"image":{"@id":"https:\/\/glowery.me\/de\/produkt\/banana-love-ohrringe\/#primaryimage"},"thumbnailUrl":"https:\/\/glowery.me\/wp-content\/uploads\/2025\/04\/banana-love-earrings-111.jpg","datePublished":"2025-04-26T19:35:00+00:00","breadcrumb":{"@id":"https:\/\/glowery.me\/de\/produkt\/banana-love-ohrringe\/#breadcrumb"},"inLanguage":"de","potentialAction":[{"@type":"ReadAction","target":["https:\/\/glowery.me\/de\/produkt\/banana-love-ohrringe\/"]}]},{"@type":"ImageObject","inLanguage":"de","@id":"https:\/\/glowery.me\/de\/produkt\/banana-love-ohrringe\/#primaryimage","url":"https:\/\/glowery.me\/wp-content\/uploads\/2025\/04\/banana-love-earrings-111.jpg","contentUrl":"https:\/\/glowery.me\/wp-content\/uploads\/2025\/04\/banana-love-earrings-111.jpg","width":2305,"height":2180},{"@type":"BreadcrumbList","@id":"https:\/\/glowery.me\/de\/produkt\/banana-love-ohrringe\/#breadcrumb","itemListElement":[{"@type":"ListItem","position":1,"name":"Home","item":"https:\/\/glowery.me\/de\/startseite\/"},{"@type":"ListItem","position":2,"name":"Shop","item":"https:\/\/glowery.me\/de\/shop\/"},{"@type":"ListItem","position":3,"name":"Banana Love &#8211; Ohrringe"}]},{"@type":"WebSite","@id":"https:\/\/glowery.me\/#website","url":"https:\/\/glowery.me\/","name":"Glowery","description":"Stilvolle Essentials \u2013 von zeitlosem Schmuck \u00fcber elegante Taschen und Schuhe bis hin zu ausgew\u00e4hlten Kleidern und nat\u00fcrlicher Kosmetik.","publisher":{"@id":"https:\/\/glowery.me\/#organization"},"potentialAction":[{"@type":"SearchAction","target":{"@type":"EntryPoint","urlTemplate":"https:\/\/glowery.me\/?s={search_term_string}"},"query-input":{"@type":"PropertyValueSpecification","valueRequired":true,"valueName":"search_term_string"}}],"inLanguage":"de"},{"@type":"Organization","@id":"https:\/\/glowery.me\/#organization","name":"Glowery","url":"https:\/\/glowery.me\/","logo":{"@type":"ImageObject","inLanguage":"de","@id":"https:\/\/glowery.me\/#\/schema\/logo\/image\/","url":"https:\/\/glowery.me\/wp-content\/uploads\/2025\/05\/Glowery-e1746421067847.png","contentUrl":"https:\/\/glowery.me\/wp-content\/uploads\/2025\/05\/Glowery-e1746421067847.png","width":494,"height":146,"caption":"Glowery"},"image":{"@id":"https:\/\/glowery.me\/#\/schema\/logo\/image\/"},"sameAs":["https:\/\/www.facebook.com\/profile.php?id=61575866108739","https:\/\/www.instagram.com\/glowery.me","https:\/\/www.tiktok.com\/@glowery.me?_t=ZN-8wLhgUVkGCk&_r=1"]}]}},"jetpack_sharing_enabled":true,"_links":{"self":[{"href":"https:\/\/glowery.me\/de\/wp-json\/wp\/v2\/product\/26757","targetHints":{"allow":["GET"]}}],"collection":[{"href":"https:\/\/glowery.me\/de\/wp-json\/wp\/v2\/product"}],"about":[{"href":"https:\/\/glowery.me\/de\/wp-json\/wp\/v2\/types\/product"}],"replies":[{"embeddable":true,"href":"https:\/\/glowery.me\/de\/wp-json\/wp\/v2\/comments?post=26757"}],"wp:featuredmedia":[{"embeddable":true,"href":"https:\/\/glowery.me\/de\/wp-json\/wp\/v2\/media\/12271"}],"wp:attachment":[{"href":"https:\/\/glowery.me\/de\/wp-json\/wp\/v2\/media?parent=26757"}],"wp:term":[{"taxonomy":"product_brand","embeddable":true,"href":"https:\/\/glowery.me\/de\/wp-json\/wp\/v2\/product_brand?post=26757"},{"taxonomy":"product_cat","embeddable":true,"href":"https:\/\/glowery.me\/de\/wp-json\/wp\/v2\/product_cat?post=26757"},{"taxonomy":"product_tag","embeddable":true,"href":"https:\/\/glowery.me\/de\/wp-json\/wp\/v2\/product_tag?post=26757"}],"curies":[{"name":"wp","href":"https:\/\/api.w.org\/{rel}","templated":true}]}}