{"id":26815,"date":"2025-04-26T19:36:00","date_gmt":"2025-04-26T19:36:00","guid":{"rendered":"https:\/\/glowery.me\/produkt\/arm-your-arm-lederarmband-x3\/"},"modified":"2025-04-26T19:36:00","modified_gmt":"2025-04-26T19:36:00","slug":"arm-your-arm-lederarmband-x3","status":"publish","type":"product","link":"https:\/\/glowery.me\/de\/produkt\/arm-your-arm-lederarmband-x3\/","title":{"rendered":"Arm Your Arm Lederarmband x3"},"content":{"rendered":"<p>Statten Sie Ihren Arm mit diesem schlichten und doch ausdrucksstarken Lederarmband aus. Es wird zweimal um Ihr Handgelenk gelegt und kann mit einem einfachen Schraubknopf geschlossen werden. Das <strong>Arm Your Arm x3 Armband <\/strong>wird in verantwortungsvoller Handarbeit von der bekannten estnischen Marke <strong>Stella Soomlais<\/strong> hergestellt. Das Armband besteht aus verantwortungsbewusst pflanzlich gegerbtem Leder, das sch\u00f6n altert.  <\/p>\n<p><strong>Stella Soomlais:<\/strong> Wir haben gro\u00dfen Respekt vor den Materialien, die wir verwenden. Unsere Entw\u00fcrfe sind so gestaltet, dass die Schnittreste so gering wie m\u00f6glich sind. Bis jetzt haben wir die Reste auf nur 2-4% reduziert. Unser Ziel ist es, in den n\u00e4chsten Jahren Null Abfall zu erreichen. Die Taschendesigns folgen unserem kreisf\u00f6rmigen Konzept, das wir Round 2 nennen. Es erm\u00f6glicht uns, dem Produkt und dem Material eine m\u00f6glichst lange Lebensdauer zu geben. Aus diesem Grund ist unser Taschendesign minimalistisch und ohne Dekor &#8211; alle Details haben eine Funktion. Da wir hochwertiges, naturbelassenes Leder verwenden, wird das Dekor durch das Material selbst erzeugt &#8211; mit der Zeit wird es eine tolle Patina bekommen und seine Geschichte erz\u00e4hlen. Auswechselbare Teile erm\u00f6glichen eine einfache Wartung und Nachpflege. Das Face-Lifting gebrauchter Produkte ist einfach und erm\u00f6glicht es uns, aufgefrischte Taschen in die n\u00e4chsten Runden der Nutzung zu schicken. Die gro\u00dffl\u00e4chige Materialoberfl\u00e4che ohne N\u00e4hte erm\u00f6glicht bei Bedarf auch eine Umgestaltung (z.B. wenn Flecken und Kratzer auftreten, ist es m\u00f6glich, eine Tasche hinzuzuf\u00fcgen usw.) oder etwas v\u00f6llig Neues aus dem gebrauchten Material zu schaffen.          <\/p>\n<ul>\n<li>Hergestellt aus pflanzlich gegerbtem Leder<\/li>\n<li>Breite 1-1,5 cm<\/li>\n<li>Handgefertigt in Estland, Europa<\/li>\n<\/ul>\n<p>Versand: 5-10 Arbeitstage. Jeder Artikel wird auf Bestellung gefertigt. <\/p>\n<p><strong>Erforderlicher Mindestverkaufspreis: 30\u20ac<\/strong><\/p>\n","protected":false},"excerpt":{"rendered":"<p>Statten Sie Ihren Arm mit diesem schlichten und doch ausdrucksstarken Lederarmband aus. Es wird zweimal um Ihr Handgelenk gelegt und kann mit einem einfachen Schraubknopf geschlossen werden. Das <strong>Arm Your Arm x3 Armband <\/strong>wird in verantwortungsvoller Handarbeit von der bekannten estnischen Marke <strong>Stella Soomlais<\/strong> hergestellt. Das Armband besteht aus verantwortungsbewusst pflanzlich gegerbtem Leder, das sch\u00f6n altert.  <\/p>\n<p><strong>Stella Soomlais:<\/strong> Wir haben gro\u00dfen Respekt vor den Materialien, die wir verwenden. Unsere Entw\u00fcrfe sind so gestaltet, dass die Schnittreste so gering wie m\u00f6glich sind. Bis jetzt haben wir die Reste auf nur 2-4% reduziert. Unser Ziel ist es, in den n\u00e4chsten Jahren Null Abfall zu erreichen. Die Taschendesigns folgen unserem kreisf\u00f6rmigen Konzept, das wir Round 2 nennen. Es erm\u00f6glicht uns, dem Produkt und dem Material eine m\u00f6glichst lange Lebensdauer zu geben. Aus diesem Grund ist unser Taschendesign minimalistisch und ohne Dekor &#8211; alle Details haben eine Funktion. Da wir hochwertiges, naturbelassenes Leder verwenden, wird das Dekor durch das Material selbst erzeugt &#8211; mit der Zeit wird es eine tolle Patina bekommen und seine Geschichte erz\u00e4hlen. Auswechselbare Teile erm\u00f6glichen eine einfache Wartung und Nachpflege. Das Face-Lifting gebrauchter Produkte ist einfach und erm\u00f6glicht es uns, aufgefrischte Taschen in die n\u00e4chsten Runden der Nutzung zu schicken. Die gro\u00dffl\u00e4chige Materialoberfl\u00e4che ohne N\u00e4hte erm\u00f6glicht bei Bedarf auch eine Umgestaltung (z.B. wenn Flecken und Kratzer auftreten, ist es m\u00f6glich, eine Tasche hinzuzuf\u00fcgen usw.) oder etwas v\u00f6llig Neues aus dem gebrauchten Material zu schaffen.          <\/p>\n<ul>\n<li>Hergestellt aus pflanzlich gegerbtem Leder<\/li>\n<li>Breite 1-1,5 cm<\/li>\n<li>Handgefertigt in Estland, Europa<\/li>\n<\/ul>\n<p>Versand: 5-10 Arbeitstage. Jeder Artikel wird auf Bestellung gefertigt. <\/p>\n<p><strong>Erforderlicher Mindestverkaufspreis: 30\u20ac<\/strong><\/p>\n","protected":false},"featured_media":13036,"comment_status":"open","ping_status":"closed","template":"","meta":[],"product_brand":[],"product_cat":[154,126],"product_tag":[],"class_list":{"0":"post-26815","1":"product","2":"type-product","3":"status-publish","4":"has-post-thumbnail","6":"product_cat-armbander","7":"product_cat-schmuck","9":"first","10":"instock","11":"shipping-taxable","12":"purchasable","13":"product-type-variable"},"yoast_head":"<!-- This site is optimized with the Yoast SEO plugin v25.3 - https:\/\/yoast.com\/wordpress\/plugins\/seo\/ -->\n<title>Arm Your Arm Lederarmband x3 - Glowery<\/title>\n<meta name=\"robots\" content=\"index, follow, max-snippet:-1, max-image-preview:large, max-video-preview:-1\" \/>\n<link rel=\"canonical\" href=\"https:\/\/glowery.me\/de\/produkt\/arm-your-arm-lederarmband-x3\/\" \/>\n<meta property=\"og:locale\" content=\"de_DE\" \/>\n<meta property=\"og:type\" content=\"article\" \/>\n<meta property=\"og:title\" content=\"Arm Your Arm Lederarmband x3 - Glowery\" \/>\n<meta property=\"og:description\" content=\"Statten Sie Ihren Arm mit diesem schlichten und doch ausdrucksstarken Lederarmband aus. Es wird zweimal um Ihr Handgelenk gelegt und kann mit einem einfachen Schraubknopf geschlossen werden. Das Arm Your Arm x3 Armband wird in verantwortungsvoller Handarbeit von der bekannten estnischen Marke Stella Soomlais hergestellt. Das Armband besteht aus verantwortungsbewusst pflanzlich gegerbtem Leder, das sch\u00f6n altert.  Stella Soomlais: Wir haben gro\u00dfen Respekt vor den Materialien, die wir verwenden. Unsere Entw\u00fcrfe sind so gestaltet, dass die Schnittreste so gering wie m\u00f6glich sind. Bis jetzt haben wir die Reste auf nur 2-4% reduziert. Unser Ziel ist es, in den n\u00e4chsten Jahren Null Abfall zu erreichen. Die Taschendesigns folgen unserem kreisf\u00f6rmigen Konzept, das wir Round 2 nennen. Es erm\u00f6glicht uns, dem Produkt und dem Material eine m\u00f6glichst lange Lebensdauer zu geben. Aus diesem Grund ist unser Taschendesign minimalistisch und ohne Dekor - alle Details haben eine Funktion. Da wir hochwertiges, naturbelassenes Leder verwenden, wird das Dekor durch das Material selbst erzeugt - mit der Zeit wird es eine tolle Patina bekommen und seine Geschichte erz\u00e4hlen. Auswechselbare Teile erm\u00f6glichen eine einfache Wartung und Nachpflege. Das Face-Lifting gebrauchter Produkte ist einfach und erm\u00f6glicht es uns, aufgefrischte Taschen in die n\u00e4chsten Runden der Nutzung zu schicken. Die gro\u00dffl\u00e4chige Materialoberfl\u00e4che ohne N\u00e4hte erm\u00f6glicht bei Bedarf auch eine Umgestaltung (z.B. wenn Flecken und Kratzer auftreten, ist es m\u00f6glich, eine Tasche hinzuzuf\u00fcgen usw.) oder etwas v\u00f6llig Neues aus dem gebrauchten Material zu schaffen.      Hergestellt aus pflanzlich gegerbtem Leder Breite 1-1,5 cm Handgefertigt in Estland, Europa Versand: 5-10 Arbeitstage. Jeder Artikel wird auf Bestellung gefertigt. Erforderlicher Mindestverkaufspreis: 30\u20ac\" \/>\n<meta property=\"og:url\" content=\"https:\/\/glowery.me\/de\/produkt\/arm-your-arm-lederarmband-x3\/\" \/>\n<meta property=\"og:site_name\" content=\"Glowery\" \/>\n<meta property=\"article:publisher\" content=\"https:\/\/www.facebook.com\/profile.php?id=61575866108739\" \/>\n<meta property=\"og:image\" content=\"https:\/\/glowery.me\/wp-content\/uploads\/2025\/04\/nahast-kaepael-stella-soomlais-m3.jpg\" \/>\n\t<meta property=\"og:image:width\" content=\"655\" \/>\n\t<meta property=\"og:image:height\" content=\"900\" \/>\n\t<meta property=\"og:image:type\" content=\"image\/jpeg\" \/>\n<meta name=\"twitter:card\" content=\"summary_large_image\" \/>\n<meta name=\"twitter:label1\" content=\"Gesch\u00e4tzte Lesezeit\" \/>\n\t<meta name=\"twitter:data1\" content=\"1\u00a0Minute\" \/>\n<script type=\"application\/ld+json\" class=\"yoast-schema-graph\">{\"@context\":\"https:\/\/schema.org\",\"@graph\":[{\"@type\":\"WebPage\",\"@id\":\"https:\/\/glowery.me\/de\/produkt\/arm-your-arm-lederarmband-x3\/\",\"url\":\"https:\/\/glowery.me\/de\/produkt\/arm-your-arm-lederarmband-x3\/\",\"name\":\"Arm Your Arm Lederarmband x3 - Glowery\",\"isPartOf\":{\"@id\":\"https:\/\/glowery.me\/#website\"},\"primaryImageOfPage\":{\"@id\":\"https:\/\/glowery.me\/de\/produkt\/arm-your-arm-lederarmband-x3\/#primaryimage\"},\"image\":{\"@id\":\"https:\/\/glowery.me\/de\/produkt\/arm-your-arm-lederarmband-x3\/#primaryimage\"},\"thumbnailUrl\":\"https:\/\/glowery.me\/wp-content\/uploads\/2025\/04\/nahast-kaepael-stella-soomlais-m3.jpg\",\"datePublished\":\"2025-04-26T19:36:00+00:00\",\"breadcrumb\":{\"@id\":\"https:\/\/glowery.me\/de\/produkt\/arm-your-arm-lederarmband-x3\/#breadcrumb\"},\"inLanguage\":\"de\",\"potentialAction\":[{\"@type\":\"ReadAction\",\"target\":[\"https:\/\/glowery.me\/de\/produkt\/arm-your-arm-lederarmband-x3\/\"]}]},{\"@type\":\"ImageObject\",\"inLanguage\":\"de\",\"@id\":\"https:\/\/glowery.me\/de\/produkt\/arm-your-arm-lederarmband-x3\/#primaryimage\",\"url\":\"https:\/\/glowery.me\/wp-content\/uploads\/2025\/04\/nahast-kaepael-stella-soomlais-m3.jpg\",\"contentUrl\":\"https:\/\/glowery.me\/wp-content\/uploads\/2025\/04\/nahast-kaepael-stella-soomlais-m3.jpg\",\"width\":655,\"height\":900},{\"@type\":\"BreadcrumbList\",\"@id\":\"https:\/\/glowery.me\/de\/produkt\/arm-your-arm-lederarmband-x3\/#breadcrumb\",\"itemListElement\":[{\"@type\":\"ListItem\",\"position\":1,\"name\":\"Home\",\"item\":\"https:\/\/glowery.me\/de\/startseite\/\"},{\"@type\":\"ListItem\",\"position\":2,\"name\":\"Shop\",\"item\":\"https:\/\/glowery.me\/de\/shop\/\"},{\"@type\":\"ListItem\",\"position\":3,\"name\":\"Arm Your Arm Lederarmband x3\"}]},{\"@type\":\"WebSite\",\"@id\":\"https:\/\/glowery.me\/#website\",\"url\":\"https:\/\/glowery.me\/\",\"name\":\"Glowery\",\"description\":\"Stilvolle Essentials \u2013 von zeitlosem Schmuck \u00fcber elegante Taschen und Schuhe bis hin zu ausgew\u00e4hlten Kleidern und nat\u00fcrlicher Kosmetik.\",\"publisher\":{\"@id\":\"https:\/\/glowery.me\/#organization\"},\"potentialAction\":[{\"@type\":\"SearchAction\",\"target\":{\"@type\":\"EntryPoint\",\"urlTemplate\":\"https:\/\/glowery.me\/?s={search_term_string}\"},\"query-input\":{\"@type\":\"PropertyValueSpecification\",\"valueRequired\":true,\"valueName\":\"search_term_string\"}}],\"inLanguage\":\"de\"},{\"@type\":\"Organization\",\"@id\":\"https:\/\/glowery.me\/#organization\",\"name\":\"Glowery\",\"url\":\"https:\/\/glowery.me\/\",\"logo\":{\"@type\":\"ImageObject\",\"inLanguage\":\"de\",\"@id\":\"https:\/\/glowery.me\/#\/schema\/logo\/image\/\",\"url\":\"https:\/\/glowery.me\/wp-content\/uploads\/2025\/05\/Glowery-e1746421067847.png\",\"contentUrl\":\"https:\/\/glowery.me\/wp-content\/uploads\/2025\/05\/Glowery-e1746421067847.png\",\"width\":494,\"height\":146,\"caption\":\"Glowery\"},\"image\":{\"@id\":\"https:\/\/glowery.me\/#\/schema\/logo\/image\/\"},\"sameAs\":[\"https:\/\/www.facebook.com\/profile.php?id=61575866108739\",\"https:\/\/www.instagram.com\/glowery.me\",\"https:\/\/www.tiktok.com\/@glowery.me?_t=ZN-8wLhgUVkGCk&_r=1\"]}]}<\/script>\n<!-- \/ Yoast SEO plugin. -->","yoast_head_json":{"title":"Arm Your Arm Lederarmband x3 - Glowery","robots":{"index":"index","follow":"follow","max-snippet":"max-snippet:-1","max-image-preview":"max-image-preview:large","max-video-preview":"max-video-preview:-1"},"canonical":"https:\/\/glowery.me\/de\/produkt\/arm-your-arm-lederarmband-x3\/","og_locale":"de_DE","og_type":"article","og_title":"Arm Your Arm Lederarmband x3 - Glowery","og_description":"Statten Sie Ihren Arm mit diesem schlichten und doch ausdrucksstarken Lederarmband aus. Es wird zweimal um Ihr Handgelenk gelegt und kann mit einem einfachen Schraubknopf geschlossen werden. Das Arm Your Arm x3 Armband wird in verantwortungsvoller Handarbeit von der bekannten estnischen Marke Stella Soomlais hergestellt. Das Armband besteht aus verantwortungsbewusst pflanzlich gegerbtem Leder, das sch\u00f6n altert.  Stella Soomlais: Wir haben gro\u00dfen Respekt vor den Materialien, die wir verwenden. Unsere Entw\u00fcrfe sind so gestaltet, dass die Schnittreste so gering wie m\u00f6glich sind. Bis jetzt haben wir die Reste auf nur 2-4% reduziert. Unser Ziel ist es, in den n\u00e4chsten Jahren Null Abfall zu erreichen. Die Taschendesigns folgen unserem kreisf\u00f6rmigen Konzept, das wir Round 2 nennen. Es erm\u00f6glicht uns, dem Produkt und dem Material eine m\u00f6glichst lange Lebensdauer zu geben. Aus diesem Grund ist unser Taschendesign minimalistisch und ohne Dekor - alle Details haben eine Funktion. Da wir hochwertiges, naturbelassenes Leder verwenden, wird das Dekor durch das Material selbst erzeugt - mit der Zeit wird es eine tolle Patina bekommen und seine Geschichte erz\u00e4hlen. Auswechselbare Teile erm\u00f6glichen eine einfache Wartung und Nachpflege. Das Face-Lifting gebrauchter Produkte ist einfach und erm\u00f6glicht es uns, aufgefrischte Taschen in die n\u00e4chsten Runden der Nutzung zu schicken. Die gro\u00dffl\u00e4chige Materialoberfl\u00e4che ohne N\u00e4hte erm\u00f6glicht bei Bedarf auch eine Umgestaltung (z.B. wenn Flecken und Kratzer auftreten, ist es m\u00f6glich, eine Tasche hinzuzuf\u00fcgen usw.) oder etwas v\u00f6llig Neues aus dem gebrauchten Material zu schaffen.      Hergestellt aus pflanzlich gegerbtem Leder Breite 1-1,5 cm Handgefertigt in Estland, Europa Versand: 5-10 Arbeitstage. Jeder Artikel wird auf Bestellung gefertigt. Erforderlicher Mindestverkaufspreis: 30\u20ac","og_url":"https:\/\/glowery.me\/de\/produkt\/arm-your-arm-lederarmband-x3\/","og_site_name":"Glowery","article_publisher":"https:\/\/www.facebook.com\/profile.php?id=61575866108739","og_image":[{"width":655,"height":900,"url":"https:\/\/glowery.me\/wp-content\/uploads\/2025\/04\/nahast-kaepael-stella-soomlais-m3.jpg","type":"image\/jpeg"}],"twitter_card":"summary_large_image","twitter_misc":{"Gesch\u00e4tzte Lesezeit":"1\u00a0Minute"},"schema":{"@context":"https:\/\/schema.org","@graph":[{"@type":"WebPage","@id":"https:\/\/glowery.me\/de\/produkt\/arm-your-arm-lederarmband-x3\/","url":"https:\/\/glowery.me\/de\/produkt\/arm-your-arm-lederarmband-x3\/","name":"Arm Your Arm Lederarmband x3 - Glowery","isPartOf":{"@id":"https:\/\/glowery.me\/#website"},"primaryImageOfPage":{"@id":"https:\/\/glowery.me\/de\/produkt\/arm-your-arm-lederarmband-x3\/#primaryimage"},"image":{"@id":"https:\/\/glowery.me\/de\/produkt\/arm-your-arm-lederarmband-x3\/#primaryimage"},"thumbnailUrl":"https:\/\/glowery.me\/wp-content\/uploads\/2025\/04\/nahast-kaepael-stella-soomlais-m3.jpg","datePublished":"2025-04-26T19:36:00+00:00","breadcrumb":{"@id":"https:\/\/glowery.me\/de\/produkt\/arm-your-arm-lederarmband-x3\/#breadcrumb"},"inLanguage":"de","potentialAction":[{"@type":"ReadAction","target":["https:\/\/glowery.me\/de\/produkt\/arm-your-arm-lederarmband-x3\/"]}]},{"@type":"ImageObject","inLanguage":"de","@id":"https:\/\/glowery.me\/de\/produkt\/arm-your-arm-lederarmband-x3\/#primaryimage","url":"https:\/\/glowery.me\/wp-content\/uploads\/2025\/04\/nahast-kaepael-stella-soomlais-m3.jpg","contentUrl":"https:\/\/glowery.me\/wp-content\/uploads\/2025\/04\/nahast-kaepael-stella-soomlais-m3.jpg","width":655,"height":900},{"@type":"BreadcrumbList","@id":"https:\/\/glowery.me\/de\/produkt\/arm-your-arm-lederarmband-x3\/#breadcrumb","itemListElement":[{"@type":"ListItem","position":1,"name":"Home","item":"https:\/\/glowery.me\/de\/startseite\/"},{"@type":"ListItem","position":2,"name":"Shop","item":"https:\/\/glowery.me\/de\/shop\/"},{"@type":"ListItem","position":3,"name":"Arm Your Arm Lederarmband x3"}]},{"@type":"WebSite","@id":"https:\/\/glowery.me\/#website","url":"https:\/\/glowery.me\/","name":"Glowery","description":"Stilvolle Essentials \u2013 von zeitlosem Schmuck \u00fcber elegante Taschen und Schuhe bis hin zu ausgew\u00e4hlten Kleidern und nat\u00fcrlicher Kosmetik.","publisher":{"@id":"https:\/\/glowery.me\/#organization"},"potentialAction":[{"@type":"SearchAction","target":{"@type":"EntryPoint","urlTemplate":"https:\/\/glowery.me\/?s={search_term_string}"},"query-input":{"@type":"PropertyValueSpecification","valueRequired":true,"valueName":"search_term_string"}}],"inLanguage":"de"},{"@type":"Organization","@id":"https:\/\/glowery.me\/#organization","name":"Glowery","url":"https:\/\/glowery.me\/","logo":{"@type":"ImageObject","inLanguage":"de","@id":"https:\/\/glowery.me\/#\/schema\/logo\/image\/","url":"https:\/\/glowery.me\/wp-content\/uploads\/2025\/05\/Glowery-e1746421067847.png","contentUrl":"https:\/\/glowery.me\/wp-content\/uploads\/2025\/05\/Glowery-e1746421067847.png","width":494,"height":146,"caption":"Glowery"},"image":{"@id":"https:\/\/glowery.me\/#\/schema\/logo\/image\/"},"sameAs":["https:\/\/www.facebook.com\/profile.php?id=61575866108739","https:\/\/www.instagram.com\/glowery.me","https:\/\/www.tiktok.com\/@glowery.me?_t=ZN-8wLhgUVkGCk&_r=1"]}]}},"jetpack_sharing_enabled":true,"_links":{"self":[{"href":"https:\/\/glowery.me\/de\/wp-json\/wp\/v2\/product\/26815","targetHints":{"allow":["GET"]}}],"collection":[{"href":"https:\/\/glowery.me\/de\/wp-json\/wp\/v2\/product"}],"about":[{"href":"https:\/\/glowery.me\/de\/wp-json\/wp\/v2\/types\/product"}],"replies":[{"embeddable":true,"href":"https:\/\/glowery.me\/de\/wp-json\/wp\/v2\/comments?post=26815"}],"wp:featuredmedia":[{"embeddable":true,"href":"https:\/\/glowery.me\/de\/wp-json\/wp\/v2\/media\/13036"}],"wp:attachment":[{"href":"https:\/\/glowery.me\/de\/wp-json\/wp\/v2\/media?parent=26815"}],"wp:term":[{"taxonomy":"product_brand","embeddable":true,"href":"https:\/\/glowery.me\/de\/wp-json\/wp\/v2\/product_brand?post=26815"},{"taxonomy":"product_cat","embeddable":true,"href":"https:\/\/glowery.me\/de\/wp-json\/wp\/v2\/product_cat?post=26815"},{"taxonomy":"product_tag","embeddable":true,"href":"https:\/\/glowery.me\/de\/wp-json\/wp\/v2\/product_tag?post=26815"}],"curies":[{"name":"wp","href":"https:\/\/api.w.org\/{rel}","templated":true}]}}