{"id":27092,"date":"2025-04-24T23:13:00","date_gmt":"2025-04-24T23:13:00","guid":{"rendered":"https:\/\/glowery.me\/produkt\/admiral-anker-silber-und-flaches-lederarmband-coal-black\/"},"modified":"2025-04-24T23:13:00","modified_gmt":"2025-04-24T23:13:00","slug":"admiral-anker-silber-und-flaches-lederarmband-coal-black","status":"publish","type":"product","link":"https:\/\/glowery.me\/de\/produkt\/admiral-anker-silber-und-flaches-lederarmband-coal-black\/","title":{"rendered":"Admiral Anker Silber und flaches Lederarmband &#8211; Coal Black"},"content":{"rendered":"<p>Das Coal Black Admiral Anchor Armband aus Silber und flachem Leder wurde komplett in Gro\u00dfbritannien entworfen und in Handarbeit gefertigt. Dieses Armband von ANCHOR &amp; CREW kombiniert britische Handwerkskunst mit einem anspruchsvollen, modern-minimalistischen Stil: <\/p>\n<ul>\n<li>\n<p>Echtes und nat\u00fcrliches Leder in quadratischer Form, mit zwei unterschiedlich strukturierten Seiten: 1. Glatt + flach, 2. gekr\u00e4uselt + faserig (GB)  <\/p>\n<\/li>\n<li>\n<p>Anker aus massivem .925 Sterlingsilber (GB)&nbsp;<\/p>\n<\/li>\n<li>\n<p>Handgefertigt in Gro\u00dfbritannien<\/p>\n<\/li>\n<li>\n<p>Garantie: 1 Jahr Markengarantie<\/p>\n<\/li>\n<li>\n<p>Transparenz: Ethische Lieferkette<\/p>\n<\/li>\n<\/ul>\n<p>Gr\u00f6\u00dfe: Dieses Armband ist eine Einheitsgr\u00f6\u00dfe. Das Leder kann je nach Gr\u00f6\u00dfe Ihres Handgelenks erweitert oder verengt werden. Um das Armband an oder von Ihrem Handgelenk zu nehmen, schieben Sie einfach den einen verstellbaren Knoten um das Leder, um die Schlaufe zu verkleinern oder zu vergr\u00f6\u00dfern. Wenn Sie die Schlaufe einmal eingestellt haben, behalten Sie die Schlaufengr\u00f6\u00dfe bei und tragen sie weiter, indem Sie den Verschluss einfach aus der Schlaufe aushaken. <\/p>\n","protected":false},"excerpt":{"rendered":"<p>Das Coal Black Admiral Anchor Armband aus Silber und flachem Leder wurde komplett in Gro\u00dfbritannien entworfen und in Handarbeit gefertigt. Dieses Armband von ANCHOR &amp; CREW kombiniert britische Handwerkskunst mit einem anspruchsvollen, modern-minimalistischen Stil: <\/p>\n<ul>\n<li>\n<p>Echtes und nat\u00fcrliches Leder in quadratischer Form, mit zwei unterschiedlich strukturierten Seiten: 1. Glatt + flach, 2. gekr\u00e4uselt + faserig (GB)  <\/p>\n<\/li>\n<li>\n<p>Anker aus massivem .925 Sterlingsilber (GB)&nbsp;<\/p>\n<\/li>\n<li>\n<p>Handgefertigt in Gro\u00dfbritannien<\/p>\n<\/li>\n<li>\n<p>Garantie: 1 Jahr Markengarantie<\/p>\n<\/li>\n<li>\n<p>Transparenz: Ethische Lieferkette<\/p>\n<\/li>\n<\/ul>\n<p>Gr\u00f6\u00dfe: Dieses Armband ist eine Einheitsgr\u00f6\u00dfe. Das Leder kann je nach Gr\u00f6\u00dfe Ihres Handgelenks erweitert oder verengt werden. Um das Armband an oder von Ihrem Handgelenk zu nehmen, schieben Sie einfach den einen verstellbaren Knoten um das Leder, um die Schlaufe zu verkleinern oder zu vergr\u00f6\u00dfern. Wenn Sie die Schlaufe einmal eingestellt haben, behalten Sie die Schlaufengr\u00f6\u00dfe bei und tragen sie weiter, indem Sie den Verschluss einfach aus der Schlaufe aushaken. <\/p>\n","protected":false},"featured_media":12082,"comment_status":"open","ping_status":"closed","template":"","meta":[],"product_brand":[],"product_cat":[154,126],"product_tag":[],"class_list":{"0":"post-27092","1":"product","2":"type-product","3":"status-publish","4":"has-post-thumbnail","6":"product_cat-armbander","7":"product_cat-schmuck","9":"first","10":"instock","11":"shipping-taxable","12":"purchasable","13":"product-type-simple"},"yoast_head":"<!-- This site is optimized with the Yoast SEO plugin v25.3 - https:\/\/yoast.com\/wordpress\/plugins\/seo\/ -->\n<title>Admiral Anker Silber und flaches Lederarmband - Coal Black - Glowery<\/title>\n<meta name=\"robots\" content=\"index, follow, max-snippet:-1, max-image-preview:large, max-video-preview:-1\" \/>\n<link rel=\"canonical\" href=\"https:\/\/glowery.me\/de\/produkt\/admiral-anker-silber-und-flaches-lederarmband-coal-black\/\" \/>\n<meta property=\"og:locale\" content=\"de_DE\" \/>\n<meta property=\"og:type\" content=\"article\" \/>\n<meta property=\"og:title\" content=\"Admiral Anker Silber und flaches Lederarmband - Coal Black - Glowery\" \/>\n<meta property=\"og:description\" content=\"Das Coal Black Admiral Anchor Armband aus Silber und flachem Leder wurde komplett in Gro\u00dfbritannien entworfen und in Handarbeit gefertigt. Dieses Armband von ANCHOR &amp; CREW kombiniert britische Handwerkskunst mit einem anspruchsvollen, modern-minimalistischen Stil: Echtes und nat\u00fcrliches Leder in quadratischer Form, mit zwei unterschiedlich strukturierten Seiten: 1. Glatt + flach, 2. gekr\u00e4uselt + faserig (GB) Anker aus massivem .925 Sterlingsilber (GB)&nbsp;Handgefertigt in Gro\u00dfbritannienGarantie: 1 Jahr MarkengarantieTransparenz: Ethische LieferketteGr\u00f6\u00dfe: Dieses Armband ist eine Einheitsgr\u00f6\u00dfe. Das Leder kann je nach Gr\u00f6\u00dfe Ihres Handgelenks erweitert oder verengt werden. Um das Armband an oder von Ihrem Handgelenk zu nehmen, schieben Sie einfach den einen verstellbaren Knoten um das Leder, um die Schlaufe zu verkleinern oder zu vergr\u00f6\u00dfern. Wenn Sie die Schlaufe einmal eingestellt haben, behalten Sie die Schlaufengr\u00f6\u00dfe bei und tragen sie weiter, indem Sie den Verschluss einfach aus der Schlaufe aushaken.\" \/>\n<meta property=\"og:url\" content=\"https:\/\/glowery.me\/de\/produkt\/admiral-anker-silber-und-flaches-lederarmband-coal-black\/\" \/>\n<meta property=\"og:site_name\" content=\"Glowery\" \/>\n<meta property=\"article:publisher\" content=\"https:\/\/www.facebook.com\/profile.php?id=61575866108739\" \/>\n<meta property=\"og:image\" content=\"https:\/\/glowery.me\/wp-content\/uploads\/2025\/04\/admiral-anchor-silver-and-flat-leather-bracelet-coal-black-2759cd37.jpg\" \/>\n\t<meta property=\"og:image:width\" content=\"2000\" \/>\n\t<meta property=\"og:image:height\" content=\"2000\" \/>\n\t<meta property=\"og:image:type\" content=\"image\/jpeg\" \/>\n<meta name=\"twitter:card\" content=\"summary_large_image\" \/>\n<meta name=\"twitter:label1\" content=\"Gesch\u00e4tzte Lesezeit\" \/>\n\t<meta name=\"twitter:data1\" content=\"1\u00a0Minute\" \/>\n<script type=\"application\/ld+json\" class=\"yoast-schema-graph\">{\"@context\":\"https:\/\/schema.org\",\"@graph\":[{\"@type\":\"WebPage\",\"@id\":\"https:\/\/glowery.me\/de\/produkt\/admiral-anker-silber-und-flaches-lederarmband-coal-black\/\",\"url\":\"https:\/\/glowery.me\/de\/produkt\/admiral-anker-silber-und-flaches-lederarmband-coal-black\/\",\"name\":\"Admiral Anker Silber und flaches Lederarmband - Coal Black - Glowery\",\"isPartOf\":{\"@id\":\"https:\/\/glowery.me\/#website\"},\"primaryImageOfPage\":{\"@id\":\"https:\/\/glowery.me\/de\/produkt\/admiral-anker-silber-und-flaches-lederarmband-coal-black\/#primaryimage\"},\"image\":{\"@id\":\"https:\/\/glowery.me\/de\/produkt\/admiral-anker-silber-und-flaches-lederarmband-coal-black\/#primaryimage\"},\"thumbnailUrl\":\"https:\/\/glowery.me\/wp-content\/uploads\/2025\/04\/admiral-anchor-silver-and-flat-leather-bracelet-coal-black-2759cd37.jpg\",\"datePublished\":\"2025-04-24T23:13:00+00:00\",\"breadcrumb\":{\"@id\":\"https:\/\/glowery.me\/de\/produkt\/admiral-anker-silber-und-flaches-lederarmband-coal-black\/#breadcrumb\"},\"inLanguage\":\"de\",\"potentialAction\":[{\"@type\":\"ReadAction\",\"target\":[\"https:\/\/glowery.me\/de\/produkt\/admiral-anker-silber-und-flaches-lederarmband-coal-black\/\"]}]},{\"@type\":\"ImageObject\",\"inLanguage\":\"de\",\"@id\":\"https:\/\/glowery.me\/de\/produkt\/admiral-anker-silber-und-flaches-lederarmband-coal-black\/#primaryimage\",\"url\":\"https:\/\/glowery.me\/wp-content\/uploads\/2025\/04\/admiral-anchor-silver-and-flat-leather-bracelet-coal-black-2759cd37.jpg\",\"contentUrl\":\"https:\/\/glowery.me\/wp-content\/uploads\/2025\/04\/admiral-anchor-silver-and-flat-leather-bracelet-coal-black-2759cd37.jpg\",\"width\":2000,\"height\":2000},{\"@type\":\"BreadcrumbList\",\"@id\":\"https:\/\/glowery.me\/de\/produkt\/admiral-anker-silber-und-flaches-lederarmband-coal-black\/#breadcrumb\",\"itemListElement\":[{\"@type\":\"ListItem\",\"position\":1,\"name\":\"Home\",\"item\":\"https:\/\/glowery.me\/de\/startseite\/\"},{\"@type\":\"ListItem\",\"position\":2,\"name\":\"Shop\",\"item\":\"https:\/\/glowery.me\/de\/shop\/\"},{\"@type\":\"ListItem\",\"position\":3,\"name\":\"Admiral Anker Silber und flaches Lederarmband &#8211; Coal Black\"}]},{\"@type\":\"WebSite\",\"@id\":\"https:\/\/glowery.me\/#website\",\"url\":\"https:\/\/glowery.me\/\",\"name\":\"Glowery\",\"description\":\"Stilvolle Essentials \u2013 von zeitlosem Schmuck \u00fcber elegante Taschen und Schuhe bis hin zu ausgew\u00e4hlten Kleidern und nat\u00fcrlicher Kosmetik.\",\"publisher\":{\"@id\":\"https:\/\/glowery.me\/#organization\"},\"potentialAction\":[{\"@type\":\"SearchAction\",\"target\":{\"@type\":\"EntryPoint\",\"urlTemplate\":\"https:\/\/glowery.me\/?s={search_term_string}\"},\"query-input\":{\"@type\":\"PropertyValueSpecification\",\"valueRequired\":true,\"valueName\":\"search_term_string\"}}],\"inLanguage\":\"de\"},{\"@type\":\"Organization\",\"@id\":\"https:\/\/glowery.me\/#organization\",\"name\":\"Glowery\",\"url\":\"https:\/\/glowery.me\/\",\"logo\":{\"@type\":\"ImageObject\",\"inLanguage\":\"de\",\"@id\":\"https:\/\/glowery.me\/#\/schema\/logo\/image\/\",\"url\":\"https:\/\/glowery.me\/wp-content\/uploads\/2025\/05\/Glowery-e1746421067847.png\",\"contentUrl\":\"https:\/\/glowery.me\/wp-content\/uploads\/2025\/05\/Glowery-e1746421067847.png\",\"width\":494,\"height\":146,\"caption\":\"Glowery\"},\"image\":{\"@id\":\"https:\/\/glowery.me\/#\/schema\/logo\/image\/\"},\"sameAs\":[\"https:\/\/www.facebook.com\/profile.php?id=61575866108739\",\"https:\/\/www.instagram.com\/glowery.me\",\"https:\/\/www.tiktok.com\/@glowery.me?_t=ZN-8wLhgUVkGCk&_r=1\"]}]}<\/script>\n<!-- \/ Yoast SEO plugin. -->","yoast_head_json":{"title":"Admiral Anker Silber und flaches Lederarmband - Coal Black - Glowery","robots":{"index":"index","follow":"follow","max-snippet":"max-snippet:-1","max-image-preview":"max-image-preview:large","max-video-preview":"max-video-preview:-1"},"canonical":"https:\/\/glowery.me\/de\/produkt\/admiral-anker-silber-und-flaches-lederarmband-coal-black\/","og_locale":"de_DE","og_type":"article","og_title":"Admiral Anker Silber und flaches Lederarmband - Coal Black - Glowery","og_description":"Das Coal Black Admiral Anchor Armband aus Silber und flachem Leder wurde komplett in Gro\u00dfbritannien entworfen und in Handarbeit gefertigt. Dieses Armband von ANCHOR &amp; CREW kombiniert britische Handwerkskunst mit einem anspruchsvollen, modern-minimalistischen Stil: Echtes und nat\u00fcrliches Leder in quadratischer Form, mit zwei unterschiedlich strukturierten Seiten: 1. Glatt + flach, 2. gekr\u00e4uselt + faserig (GB) Anker aus massivem .925 Sterlingsilber (GB)&nbsp;Handgefertigt in Gro\u00dfbritannienGarantie: 1 Jahr MarkengarantieTransparenz: Ethische LieferketteGr\u00f6\u00dfe: Dieses Armband ist eine Einheitsgr\u00f6\u00dfe. Das Leder kann je nach Gr\u00f6\u00dfe Ihres Handgelenks erweitert oder verengt werden. Um das Armband an oder von Ihrem Handgelenk zu nehmen, schieben Sie einfach den einen verstellbaren Knoten um das Leder, um die Schlaufe zu verkleinern oder zu vergr\u00f6\u00dfern. Wenn Sie die Schlaufe einmal eingestellt haben, behalten Sie die Schlaufengr\u00f6\u00dfe bei und tragen sie weiter, indem Sie den Verschluss einfach aus der Schlaufe aushaken.","og_url":"https:\/\/glowery.me\/de\/produkt\/admiral-anker-silber-und-flaches-lederarmband-coal-black\/","og_site_name":"Glowery","article_publisher":"https:\/\/www.facebook.com\/profile.php?id=61575866108739","og_image":[{"width":2000,"height":2000,"url":"https:\/\/glowery.me\/wp-content\/uploads\/2025\/04\/admiral-anchor-silver-and-flat-leather-bracelet-coal-black-2759cd37.jpg","type":"image\/jpeg"}],"twitter_card":"summary_large_image","twitter_misc":{"Gesch\u00e4tzte Lesezeit":"1\u00a0Minute"},"schema":{"@context":"https:\/\/schema.org","@graph":[{"@type":"WebPage","@id":"https:\/\/glowery.me\/de\/produkt\/admiral-anker-silber-und-flaches-lederarmband-coal-black\/","url":"https:\/\/glowery.me\/de\/produkt\/admiral-anker-silber-und-flaches-lederarmband-coal-black\/","name":"Admiral Anker Silber und flaches Lederarmband - Coal Black - Glowery","isPartOf":{"@id":"https:\/\/glowery.me\/#website"},"primaryImageOfPage":{"@id":"https:\/\/glowery.me\/de\/produkt\/admiral-anker-silber-und-flaches-lederarmband-coal-black\/#primaryimage"},"image":{"@id":"https:\/\/glowery.me\/de\/produkt\/admiral-anker-silber-und-flaches-lederarmband-coal-black\/#primaryimage"},"thumbnailUrl":"https:\/\/glowery.me\/wp-content\/uploads\/2025\/04\/admiral-anchor-silver-and-flat-leather-bracelet-coal-black-2759cd37.jpg","datePublished":"2025-04-24T23:13:00+00:00","breadcrumb":{"@id":"https:\/\/glowery.me\/de\/produkt\/admiral-anker-silber-und-flaches-lederarmband-coal-black\/#breadcrumb"},"inLanguage":"de","potentialAction":[{"@type":"ReadAction","target":["https:\/\/glowery.me\/de\/produkt\/admiral-anker-silber-und-flaches-lederarmband-coal-black\/"]}]},{"@type":"ImageObject","inLanguage":"de","@id":"https:\/\/glowery.me\/de\/produkt\/admiral-anker-silber-und-flaches-lederarmband-coal-black\/#primaryimage","url":"https:\/\/glowery.me\/wp-content\/uploads\/2025\/04\/admiral-anchor-silver-and-flat-leather-bracelet-coal-black-2759cd37.jpg","contentUrl":"https:\/\/glowery.me\/wp-content\/uploads\/2025\/04\/admiral-anchor-silver-and-flat-leather-bracelet-coal-black-2759cd37.jpg","width":2000,"height":2000},{"@type":"BreadcrumbList","@id":"https:\/\/glowery.me\/de\/produkt\/admiral-anker-silber-und-flaches-lederarmband-coal-black\/#breadcrumb","itemListElement":[{"@type":"ListItem","position":1,"name":"Home","item":"https:\/\/glowery.me\/de\/startseite\/"},{"@type":"ListItem","position":2,"name":"Shop","item":"https:\/\/glowery.me\/de\/shop\/"},{"@type":"ListItem","position":3,"name":"Admiral Anker Silber und flaches Lederarmband &#8211; Coal Black"}]},{"@type":"WebSite","@id":"https:\/\/glowery.me\/#website","url":"https:\/\/glowery.me\/","name":"Glowery","description":"Stilvolle Essentials \u2013 von zeitlosem Schmuck \u00fcber elegante Taschen und Schuhe bis hin zu ausgew\u00e4hlten Kleidern und nat\u00fcrlicher Kosmetik.","publisher":{"@id":"https:\/\/glowery.me\/#organization"},"potentialAction":[{"@type":"SearchAction","target":{"@type":"EntryPoint","urlTemplate":"https:\/\/glowery.me\/?s={search_term_string}"},"query-input":{"@type":"PropertyValueSpecification","valueRequired":true,"valueName":"search_term_string"}}],"inLanguage":"de"},{"@type":"Organization","@id":"https:\/\/glowery.me\/#organization","name":"Glowery","url":"https:\/\/glowery.me\/","logo":{"@type":"ImageObject","inLanguage":"de","@id":"https:\/\/glowery.me\/#\/schema\/logo\/image\/","url":"https:\/\/glowery.me\/wp-content\/uploads\/2025\/05\/Glowery-e1746421067847.png","contentUrl":"https:\/\/glowery.me\/wp-content\/uploads\/2025\/05\/Glowery-e1746421067847.png","width":494,"height":146,"caption":"Glowery"},"image":{"@id":"https:\/\/glowery.me\/#\/schema\/logo\/image\/"},"sameAs":["https:\/\/www.facebook.com\/profile.php?id=61575866108739","https:\/\/www.instagram.com\/glowery.me","https:\/\/www.tiktok.com\/@glowery.me?_t=ZN-8wLhgUVkGCk&_r=1"]}]}},"jetpack_sharing_enabled":true,"_links":{"self":[{"href":"https:\/\/glowery.me\/de\/wp-json\/wp\/v2\/product\/27092","targetHints":{"allow":["GET"]}}],"collection":[{"href":"https:\/\/glowery.me\/de\/wp-json\/wp\/v2\/product"}],"about":[{"href":"https:\/\/glowery.me\/de\/wp-json\/wp\/v2\/types\/product"}],"replies":[{"embeddable":true,"href":"https:\/\/glowery.me\/de\/wp-json\/wp\/v2\/comments?post=27092"}],"wp:featuredmedia":[{"embeddable":true,"href":"https:\/\/glowery.me\/de\/wp-json\/wp\/v2\/media\/12082"}],"wp:attachment":[{"href":"https:\/\/glowery.me\/de\/wp-json\/wp\/v2\/media?parent=27092"}],"wp:term":[{"taxonomy":"product_brand","embeddable":true,"href":"https:\/\/glowery.me\/de\/wp-json\/wp\/v2\/product_brand?post=27092"},{"taxonomy":"product_cat","embeddable":true,"href":"https:\/\/glowery.me\/de\/wp-json\/wp\/v2\/product_cat?post=27092"},{"taxonomy":"product_tag","embeddable":true,"href":"https:\/\/glowery.me\/de\/wp-json\/wp\/v2\/product_tag?post=27092"}],"curies":[{"name":"wp","href":"https:\/\/api.w.org\/{rel}","templated":true}]}}