{"id":27238,"date":"2025-04-24T23:12:00","date_gmt":"2025-04-24T23:12:00","guid":{"rendered":"https:\/\/glowery.me\/produkt\/edward-silber-und-seil-skinny-armband-marineblau\/"},"modified":"2025-04-24T23:12:00","modified_gmt":"2025-04-24T23:12:00","slug":"edward-silber-und-seil-skinny-armband-marineblau","status":"publish","type":"product","link":"https:\/\/glowery.me\/de\/produkt\/edward-silber-und-seil-skinny-armband-marineblau\/","title":{"rendered":"Edward Silber und Seil SKINNY Armband &#8211; Marineblau"},"content":{"rendered":"<p>Das Edward Silber- und Seilarmband SKINNY wurde komplett in Gro\u00dfbritannien entworfen und in Handarbeit gefertigt. Dieses Armband von ANCHOR &amp; CREW kombiniert britische Handwerkskunst mit einem anspruchsvollen, modern-minimalistischen Stil: <\/p>\n<ul>\n<li>\n<p>Polyester- und Nylonseil mit einem Durchmesser von 2 mm in Marinequalit\u00e4t (GB)&nbsp;<\/p>\n<\/li>\n<li>\n<p>Sichere Schlie\u00dfe aus massivem .925 Sterlingsilber in Form einer Mini-Platte (GB)&nbsp;<\/p>\n<\/li>\n<li>\n<p>Handgefertigt in Gro\u00dfbritannien<\/p>\n<\/li>\n<li>\n<p>Garantie: 1 Jahr Markengarantie<\/p>\n<\/li>\n<li>\n<p>Transparenz: Ethische Lieferkette<\/p>\n<\/li>\n<\/ul>\n<p>Dieses Armband hat eine Einheitsgr\u00f6\u00dfe, denn das Seil l\u00e4sst sich je nach Gr\u00f6\u00dfe Ihres Handgelenks verl\u00e4ngern oder straffen. Um das Armband an oder von Ihrem Handgelenk zu nehmen, schieben Sie es einfach \u00fcber Ihre Hand, nachdem Sie die beiden Seiten des Armbands auseinandergezogen haben, und ziehen es bei Bedarf mit den beiden baumelnden Enden fest. <\/p>\n","protected":false},"excerpt":{"rendered":"<p>Das Edward Silber- und Seilarmband SKINNY wurde komplett in Gro\u00dfbritannien entworfen und in Handarbeit gefertigt. Dieses Armband von ANCHOR &amp; CREW kombiniert britische Handwerkskunst mit einem anspruchsvollen, modern-minimalistischen Stil: <\/p>\n<ul>\n<li>\n<p>Polyester- und Nylonseil mit einem Durchmesser von 2 mm in Marinequalit\u00e4t (GB)&nbsp;<\/p>\n<\/li>\n<li>\n<p>Sichere Schlie\u00dfe aus massivem .925 Sterlingsilber in Form einer Mini-Platte (GB)&nbsp;<\/p>\n<\/li>\n<li>\n<p>Handgefertigt in Gro\u00dfbritannien<\/p>\n<\/li>\n<li>\n<p>Garantie: 1 Jahr Markengarantie<\/p>\n<\/li>\n<li>\n<p>Transparenz: Ethische Lieferkette<\/p>\n<\/li>\n<\/ul>\n<p>Dieses Armband hat eine Einheitsgr\u00f6\u00dfe, denn das Seil l\u00e4sst sich je nach Gr\u00f6\u00dfe Ihres Handgelenks verl\u00e4ngern oder straffen. Um das Armband an oder von Ihrem Handgelenk zu nehmen, schieben Sie es einfach \u00fcber Ihre Hand, nachdem Sie die beiden Seiten des Armbands auseinandergezogen haben, und ziehen es bei Bedarf mit den beiden baumelnden Enden fest. <\/p>\n","protected":false},"featured_media":11992,"comment_status":"open","ping_status":"closed","template":"","meta":[],"product_brand":[],"product_cat":[154,126],"product_tag":[],"class_list":{"0":"post-27238","1":"product","2":"type-product","3":"status-publish","4":"has-post-thumbnail","6":"product_cat-armbander","7":"product_cat-schmuck","9":"first","10":"instock","11":"shipping-taxable","12":"purchasable","13":"product-type-simple"},"yoast_head":"<!-- This site is optimized with the Yoast SEO plugin v25.3 - https:\/\/yoast.com\/wordpress\/plugins\/seo\/ -->\n<title>Edward Silber und Seil SKINNY Armband - Marineblau - Glowery<\/title>\n<meta name=\"robots\" content=\"index, follow, max-snippet:-1, max-image-preview:large, max-video-preview:-1\" \/>\n<link rel=\"canonical\" href=\"https:\/\/glowery.me\/de\/produkt\/edward-silber-und-seil-skinny-armband-marineblau\/\" \/>\n<meta property=\"og:locale\" content=\"de_DE\" \/>\n<meta property=\"og:type\" content=\"article\" \/>\n<meta property=\"og:title\" content=\"Edward Silber und Seil SKINNY Armband - Marineblau - Glowery\" \/>\n<meta property=\"og:description\" content=\"Das Edward Silber- und Seilarmband SKINNY wurde komplett in Gro\u00dfbritannien entworfen und in Handarbeit gefertigt. Dieses Armband von ANCHOR &amp; CREW kombiniert britische Handwerkskunst mit einem anspruchsvollen, modern-minimalistischen Stil: Polyester- und Nylonseil mit einem Durchmesser von 2 mm in Marinequalit\u00e4t (GB)&nbsp;Sichere Schlie\u00dfe aus massivem .925 Sterlingsilber in Form einer Mini-Platte (GB)&nbsp;Handgefertigt in Gro\u00dfbritannienGarantie: 1 Jahr MarkengarantieTransparenz: Ethische LieferketteDieses Armband hat eine Einheitsgr\u00f6\u00dfe, denn das Seil l\u00e4sst sich je nach Gr\u00f6\u00dfe Ihres Handgelenks verl\u00e4ngern oder straffen. Um das Armband an oder von Ihrem Handgelenk zu nehmen, schieben Sie es einfach \u00fcber Ihre Hand, nachdem Sie die beiden Seiten des Armbands auseinandergezogen haben, und ziehen es bei Bedarf mit den beiden baumelnden Enden fest.\" \/>\n<meta property=\"og:url\" content=\"https:\/\/glowery.me\/de\/produkt\/edward-silber-und-seil-skinny-armband-marineblau\/\" \/>\n<meta property=\"og:site_name\" content=\"Glowery\" \/>\n<meta property=\"article:publisher\" content=\"https:\/\/www.facebook.com\/profile.php?id=61575866108739\" \/>\n<meta property=\"og:image\" content=\"https:\/\/glowery.me\/wp-content\/uploads\/2025\/04\/edward-silver-and-rope-skinny-bracelet-classic-grey-duplicate-b07c8277.jpg\" \/>\n\t<meta property=\"og:image:width\" content=\"2000\" \/>\n\t<meta property=\"og:image:height\" content=\"2000\" \/>\n\t<meta property=\"og:image:type\" content=\"image\/jpeg\" \/>\n<meta name=\"twitter:card\" content=\"summary_large_image\" \/>\n<meta name=\"twitter:label1\" content=\"Gesch\u00e4tzte Lesezeit\" \/>\n\t<meta name=\"twitter:data1\" content=\"1\u00a0Minute\" \/>\n<script type=\"application\/ld+json\" class=\"yoast-schema-graph\">{\"@context\":\"https:\/\/schema.org\",\"@graph\":[{\"@type\":\"WebPage\",\"@id\":\"https:\/\/glowery.me\/de\/produkt\/edward-silber-und-seil-skinny-armband-marineblau\/\",\"url\":\"https:\/\/glowery.me\/de\/produkt\/edward-silber-und-seil-skinny-armband-marineblau\/\",\"name\":\"Edward Silber und Seil SKINNY Armband - Marineblau - Glowery\",\"isPartOf\":{\"@id\":\"https:\/\/glowery.me\/#website\"},\"primaryImageOfPage\":{\"@id\":\"https:\/\/glowery.me\/de\/produkt\/edward-silber-und-seil-skinny-armband-marineblau\/#primaryimage\"},\"image\":{\"@id\":\"https:\/\/glowery.me\/de\/produkt\/edward-silber-und-seil-skinny-armband-marineblau\/#primaryimage\"},\"thumbnailUrl\":\"https:\/\/glowery.me\/wp-content\/uploads\/2025\/04\/edward-silver-and-rope-skinny-bracelet-classic-grey-duplicate-b07c8277.jpg\",\"datePublished\":\"2025-04-24T23:12:00+00:00\",\"breadcrumb\":{\"@id\":\"https:\/\/glowery.me\/de\/produkt\/edward-silber-und-seil-skinny-armband-marineblau\/#breadcrumb\"},\"inLanguage\":\"de\",\"potentialAction\":[{\"@type\":\"ReadAction\",\"target\":[\"https:\/\/glowery.me\/de\/produkt\/edward-silber-und-seil-skinny-armband-marineblau\/\"]}]},{\"@type\":\"ImageObject\",\"inLanguage\":\"de\",\"@id\":\"https:\/\/glowery.me\/de\/produkt\/edward-silber-und-seil-skinny-armband-marineblau\/#primaryimage\",\"url\":\"https:\/\/glowery.me\/wp-content\/uploads\/2025\/04\/edward-silver-and-rope-skinny-bracelet-classic-grey-duplicate-b07c8277.jpg\",\"contentUrl\":\"https:\/\/glowery.me\/wp-content\/uploads\/2025\/04\/edward-silver-and-rope-skinny-bracelet-classic-grey-duplicate-b07c8277.jpg\",\"width\":2000,\"height\":2000},{\"@type\":\"BreadcrumbList\",\"@id\":\"https:\/\/glowery.me\/de\/produkt\/edward-silber-und-seil-skinny-armband-marineblau\/#breadcrumb\",\"itemListElement\":[{\"@type\":\"ListItem\",\"position\":1,\"name\":\"Home\",\"item\":\"https:\/\/glowery.me\/de\/startseite\/\"},{\"@type\":\"ListItem\",\"position\":2,\"name\":\"Shop\",\"item\":\"https:\/\/glowery.me\/de\/shop\/\"},{\"@type\":\"ListItem\",\"position\":3,\"name\":\"Edward Silber und Seil SKINNY Armband &#8211; Marineblau\"}]},{\"@type\":\"WebSite\",\"@id\":\"https:\/\/glowery.me\/#website\",\"url\":\"https:\/\/glowery.me\/\",\"name\":\"Glowery\",\"description\":\"Stilvolle Essentials \u2013 von zeitlosem Schmuck \u00fcber elegante Taschen und Schuhe bis hin zu ausgew\u00e4hlten Kleidern und nat\u00fcrlicher Kosmetik.\",\"publisher\":{\"@id\":\"https:\/\/glowery.me\/#organization\"},\"potentialAction\":[{\"@type\":\"SearchAction\",\"target\":{\"@type\":\"EntryPoint\",\"urlTemplate\":\"https:\/\/glowery.me\/?s={search_term_string}\"},\"query-input\":{\"@type\":\"PropertyValueSpecification\",\"valueRequired\":true,\"valueName\":\"search_term_string\"}}],\"inLanguage\":\"de\"},{\"@type\":\"Organization\",\"@id\":\"https:\/\/glowery.me\/#organization\",\"name\":\"Glowery\",\"url\":\"https:\/\/glowery.me\/\",\"logo\":{\"@type\":\"ImageObject\",\"inLanguage\":\"de\",\"@id\":\"https:\/\/glowery.me\/#\/schema\/logo\/image\/\",\"url\":\"https:\/\/glowery.me\/wp-content\/uploads\/2025\/05\/Glowery-e1746421067847.png\",\"contentUrl\":\"https:\/\/glowery.me\/wp-content\/uploads\/2025\/05\/Glowery-e1746421067847.png\",\"width\":494,\"height\":146,\"caption\":\"Glowery\"},\"image\":{\"@id\":\"https:\/\/glowery.me\/#\/schema\/logo\/image\/\"},\"sameAs\":[\"https:\/\/www.facebook.com\/profile.php?id=61575866108739\",\"https:\/\/www.instagram.com\/glowery.me\",\"https:\/\/www.tiktok.com\/@glowery.me?_t=ZN-8wLhgUVkGCk&_r=1\"]}]}<\/script>\n<!-- \/ Yoast SEO plugin. -->","yoast_head_json":{"title":"Edward Silber und Seil SKINNY Armband - Marineblau - Glowery","robots":{"index":"index","follow":"follow","max-snippet":"max-snippet:-1","max-image-preview":"max-image-preview:large","max-video-preview":"max-video-preview:-1"},"canonical":"https:\/\/glowery.me\/de\/produkt\/edward-silber-und-seil-skinny-armband-marineblau\/","og_locale":"de_DE","og_type":"article","og_title":"Edward Silber und Seil SKINNY Armband - Marineblau - Glowery","og_description":"Das Edward Silber- und Seilarmband SKINNY wurde komplett in Gro\u00dfbritannien entworfen und in Handarbeit gefertigt. Dieses Armband von ANCHOR &amp; CREW kombiniert britische Handwerkskunst mit einem anspruchsvollen, modern-minimalistischen Stil: Polyester- und Nylonseil mit einem Durchmesser von 2 mm in Marinequalit\u00e4t (GB)&nbsp;Sichere Schlie\u00dfe aus massivem .925 Sterlingsilber in Form einer Mini-Platte (GB)&nbsp;Handgefertigt in Gro\u00dfbritannienGarantie: 1 Jahr MarkengarantieTransparenz: Ethische LieferketteDieses Armband hat eine Einheitsgr\u00f6\u00dfe, denn das Seil l\u00e4sst sich je nach Gr\u00f6\u00dfe Ihres Handgelenks verl\u00e4ngern oder straffen. Um das Armband an oder von Ihrem Handgelenk zu nehmen, schieben Sie es einfach \u00fcber Ihre Hand, nachdem Sie die beiden Seiten des Armbands auseinandergezogen haben, und ziehen es bei Bedarf mit den beiden baumelnden Enden fest.","og_url":"https:\/\/glowery.me\/de\/produkt\/edward-silber-und-seil-skinny-armband-marineblau\/","og_site_name":"Glowery","article_publisher":"https:\/\/www.facebook.com\/profile.php?id=61575866108739","og_image":[{"width":2000,"height":2000,"url":"https:\/\/glowery.me\/wp-content\/uploads\/2025\/04\/edward-silver-and-rope-skinny-bracelet-classic-grey-duplicate-b07c8277.jpg","type":"image\/jpeg"}],"twitter_card":"summary_large_image","twitter_misc":{"Gesch\u00e4tzte Lesezeit":"1\u00a0Minute"},"schema":{"@context":"https:\/\/schema.org","@graph":[{"@type":"WebPage","@id":"https:\/\/glowery.me\/de\/produkt\/edward-silber-und-seil-skinny-armband-marineblau\/","url":"https:\/\/glowery.me\/de\/produkt\/edward-silber-und-seil-skinny-armband-marineblau\/","name":"Edward Silber und Seil SKINNY Armband - Marineblau - Glowery","isPartOf":{"@id":"https:\/\/glowery.me\/#website"},"primaryImageOfPage":{"@id":"https:\/\/glowery.me\/de\/produkt\/edward-silber-und-seil-skinny-armband-marineblau\/#primaryimage"},"image":{"@id":"https:\/\/glowery.me\/de\/produkt\/edward-silber-und-seil-skinny-armband-marineblau\/#primaryimage"},"thumbnailUrl":"https:\/\/glowery.me\/wp-content\/uploads\/2025\/04\/edward-silver-and-rope-skinny-bracelet-classic-grey-duplicate-b07c8277.jpg","datePublished":"2025-04-24T23:12:00+00:00","breadcrumb":{"@id":"https:\/\/glowery.me\/de\/produkt\/edward-silber-und-seil-skinny-armband-marineblau\/#breadcrumb"},"inLanguage":"de","potentialAction":[{"@type":"ReadAction","target":["https:\/\/glowery.me\/de\/produkt\/edward-silber-und-seil-skinny-armband-marineblau\/"]}]},{"@type":"ImageObject","inLanguage":"de","@id":"https:\/\/glowery.me\/de\/produkt\/edward-silber-und-seil-skinny-armband-marineblau\/#primaryimage","url":"https:\/\/glowery.me\/wp-content\/uploads\/2025\/04\/edward-silver-and-rope-skinny-bracelet-classic-grey-duplicate-b07c8277.jpg","contentUrl":"https:\/\/glowery.me\/wp-content\/uploads\/2025\/04\/edward-silver-and-rope-skinny-bracelet-classic-grey-duplicate-b07c8277.jpg","width":2000,"height":2000},{"@type":"BreadcrumbList","@id":"https:\/\/glowery.me\/de\/produkt\/edward-silber-und-seil-skinny-armband-marineblau\/#breadcrumb","itemListElement":[{"@type":"ListItem","position":1,"name":"Home","item":"https:\/\/glowery.me\/de\/startseite\/"},{"@type":"ListItem","position":2,"name":"Shop","item":"https:\/\/glowery.me\/de\/shop\/"},{"@type":"ListItem","position":3,"name":"Edward Silber und Seil SKINNY Armband &#8211; Marineblau"}]},{"@type":"WebSite","@id":"https:\/\/glowery.me\/#website","url":"https:\/\/glowery.me\/","name":"Glowery","description":"Stilvolle Essentials \u2013 von zeitlosem Schmuck \u00fcber elegante Taschen und Schuhe bis hin zu ausgew\u00e4hlten Kleidern und nat\u00fcrlicher Kosmetik.","publisher":{"@id":"https:\/\/glowery.me\/#organization"},"potentialAction":[{"@type":"SearchAction","target":{"@type":"EntryPoint","urlTemplate":"https:\/\/glowery.me\/?s={search_term_string}"},"query-input":{"@type":"PropertyValueSpecification","valueRequired":true,"valueName":"search_term_string"}}],"inLanguage":"de"},{"@type":"Organization","@id":"https:\/\/glowery.me\/#organization","name":"Glowery","url":"https:\/\/glowery.me\/","logo":{"@type":"ImageObject","inLanguage":"de","@id":"https:\/\/glowery.me\/#\/schema\/logo\/image\/","url":"https:\/\/glowery.me\/wp-content\/uploads\/2025\/05\/Glowery-e1746421067847.png","contentUrl":"https:\/\/glowery.me\/wp-content\/uploads\/2025\/05\/Glowery-e1746421067847.png","width":494,"height":146,"caption":"Glowery"},"image":{"@id":"https:\/\/glowery.me\/#\/schema\/logo\/image\/"},"sameAs":["https:\/\/www.facebook.com\/profile.php?id=61575866108739","https:\/\/www.instagram.com\/glowery.me","https:\/\/www.tiktok.com\/@glowery.me?_t=ZN-8wLhgUVkGCk&_r=1"]}]}},"jetpack_sharing_enabled":true,"_links":{"self":[{"href":"https:\/\/glowery.me\/de\/wp-json\/wp\/v2\/product\/27238","targetHints":{"allow":["GET"]}}],"collection":[{"href":"https:\/\/glowery.me\/de\/wp-json\/wp\/v2\/product"}],"about":[{"href":"https:\/\/glowery.me\/de\/wp-json\/wp\/v2\/types\/product"}],"replies":[{"embeddable":true,"href":"https:\/\/glowery.me\/de\/wp-json\/wp\/v2\/comments?post=27238"}],"wp:featuredmedia":[{"embeddable":true,"href":"https:\/\/glowery.me\/de\/wp-json\/wp\/v2\/media\/11992"}],"wp:attachment":[{"href":"https:\/\/glowery.me\/de\/wp-json\/wp\/v2\/media?parent=27238"}],"wp:term":[{"taxonomy":"product_brand","embeddable":true,"href":"https:\/\/glowery.me\/de\/wp-json\/wp\/v2\/product_brand?post=27238"},{"taxonomy":"product_cat","embeddable":true,"href":"https:\/\/glowery.me\/de\/wp-json\/wp\/v2\/product_cat?post=27238"},{"taxonomy":"product_tag","embeddable":true,"href":"https:\/\/glowery.me\/de\/wp-json\/wp\/v2\/product_tag?post=27238"}],"curies":[{"name":"wp","href":"https:\/\/api.w.org\/{rel}","templated":true}]}}